{"id":8,"date":"2012-11-19T15:56:50","date_gmt":"2012-11-19T14:56:50","guid":{"rendered":"http:\/\/wp.kristdemokraterna.se\/linkoping\/?page_id=8"},"modified":"2023-01-16T14:02:19","modified_gmt":"2023-01-16T13:02:19","slug":"kontakta-oss","status":"publish","type":"page","link":"https:\/\/wp.kristdemokraterna.se\/linkoping\/kontakta-oss\/","title":{"rendered":"Kontakta oss"},"content":{"rendered":"<p><img loading=\"lazy\" decoding=\"async\" class=\"alignnone wp-image-1851 size-full\" src=\"https:\/\/wp.kristdemokraterna.se\/linkoping\/files\/2021\/08\/stadshuset_3.jpg\" alt=\"stadshuset\" width=\"1600\" height=\"1068\" srcset=\"https:\/\/wp.kristdemokraterna.se\/linkoping\/files\/2021\/08\/stadshuset_3.jpg 1600w, https:\/\/wp.kristdemokraterna.se\/linkoping\/files\/2021\/08\/stadshuset_3-300x200.jpg 300w, https:\/\/wp.kristdemokraterna.se\/linkoping\/files\/2021\/08\/stadshuset_3-540x360.jpg 540w, https:\/\/wp.kristdemokraterna.se\/linkoping\/files\/2021\/08\/stadshuset_3-768x513.jpg 768w, https:\/\/wp.kristdemokraterna.se\/linkoping\/files\/2021\/08\/stadshuset_3-1536x1025.jpg 1536w, https:\/\/wp.kristdemokraterna.se\/linkoping\/files\/2021\/08\/stadshuset_3-370x247.jpg 370w, https:\/\/wp.kristdemokraterna.se\/linkoping\/files\/2021\/08\/stadshuset_3-770x514.jpg 770w, https:\/\/wp.kristdemokraterna.se\/linkoping\/files\/2021\/08\/stadshuset_3-450x300.jpg 450w, https:\/\/wp.kristdemokraterna.se\/linkoping\/files\/2021\/08\/stadshuset_3-280x187.jpg 280w, https:\/\/wp.kristdemokraterna.se\/linkoping\/files\/2021\/08\/stadshuset_3-340x227.jpg 340w, https:\/\/wp.kristdemokraterna.se\/linkoping\/files\/2021\/08\/stadshuset_3-200x134.jpg 200w, https:\/\/wp.kristdemokraterna.se\/linkoping\/files\/2021\/08\/stadshuset_3-84x56.jpg 84w\" sizes=\"auto, (max-width: 1600px) 100vw, 1600px\" \/><\/p>\n<p><strong>I Stadshuset kan du tr\u00e4ffa Kristdemokraternas gruppledare eller politiska sekreterare. Det \u00e4r b\u00e4st att kontakta oss per telefon eller e-post i f\u00f6rv\u00e4g f\u00f6r att best\u00e4mma tid f\u00f6r bes\u00f6k.<\/strong><\/p>\n<p><strong>Gruppledare <\/strong><br \/>\nLiselotte Fager<br \/>\n<a href=\"mailto:liselotte.fager@linkoping.se\">e-post<\/a><\/p>\n<p><strong>Politisk sekreterare <\/strong><br \/>\nAnne Westin<br \/>\nTfn: 070-214 26 52<br \/>\n<a href=\"mailto:anne.westin@linkoping.se\">e-post<\/a><\/p>\n<p><strong>Stadshuset<\/strong><br \/>\nAdress: Storgatan 43<br \/>\n582 23 Link\u00f6ping<br \/>\n<a href=\"https:\/\/goo.gl\/maps\/N5hntMeWEQN5ZmG29\">karta<\/a><\/p>\n<p>E-post: <a href=\"mailto:linkoping@kristdemokraterna.se\">linkoping@kristdemokraterna.se<\/a><br \/>\nBankgiro 822-3851<\/p>\n<p>F\u00f6lj oss p\u00e5:\u00a0<a href=\"https:\/\/sv-se.facebook.com\/kdlinkoping\/\" target=\"_blank\" rel=\"noopener noreferrer\">Facebook<\/a><\/p>\n","protected":false},"excerpt":{"rendered":"<p>I Stadshuset kan du tr\u00e4ffa Kristdemokraternas gruppledare eller politiska sekreterare. Det \u00e4r b\u00e4st att kontakta oss per telefon eller e-post i f\u00f6rv\u00e4g f\u00f6r att best\u00e4mma tid f\u00f6r bes\u00f6k. Gruppledare Liselotte Fager e-post Politisk sekreterare Anne Westin Tfn: 070-214 26 52 e-post Stadshuset Adress: Storgatan 43 582 23 Link\u00f6ping karta E-post: linkoping@kristdemokraterna.se Bankgiro 822-3851 F\u00f6lj oss <a class=\"read-more-link\" href=\"https:\/\/wp.kristdemokraterna.se\/linkoping\/kontakta-oss\/\">Read More<\/a><\/p>\n","protected":false},"author":410,"featured_media":0,"parent":0,"menu_order":7,"comment_status":"closed","ping_status":"closed","template":"","meta":{"_acf_changed":false,"footnotes":""},"class_list":["post-8","page","type-page","status-publish","hentry"],"acf":[],"yoast_head":"<!-- This site is optimized with the Yoast SEO plugin v27.3 - https:\/\/yoast.com\/product\/yoast-seo-wordpress\/ -->\n<title>Kontakta oss - Kristdemokraterna i Link\u00f6ping<\/title>\n<meta name=\"robots\" content=\"index, follow, max-snippet:-1, max-image-preview:large, max-video-preview:-1\" \/>\n<link rel=\"canonical\" href=\"https:\/\/wp.kristdemokraterna.se\/linkoping\/kontakta-oss\/\" \/>\n<meta property=\"og:locale\" content=\"sv_SE\" \/>\n<meta property=\"og:type\" content=\"article\" \/>\n<meta property=\"og:title\" content=\"Kontakta oss - Kristdemokraterna i Link\u00f6ping\" \/>\n<meta property=\"og:description\" content=\"I Stadshuset kan du tr\u00e4ffa Kristdemokraternas gruppledare eller politiska sekreterare. Det \u00e4r b\u00e4st att kontakta oss per telefon eller e-post i f\u00f6rv\u00e4g f\u00f6r att best\u00e4mma tid f\u00f6r bes\u00f6k. Gruppledare Liselotte Fager e-post Politisk sekreterare Anne Westin Tfn: 070-214 26 52 e-post Stadshuset Adress: Storgatan 43 582 23 Link\u00f6ping karta E-post: linkoping@kristdemokraterna.se Bankgiro 822-3851 F\u00f6lj oss Read More\" \/>\n<meta property=\"og:url\" content=\"https:\/\/wp.kristdemokraterna.se\/linkoping\/kontakta-oss\/\" \/>\n<meta property=\"og:site_name\" content=\"Kristdemokraterna i Link\u00f6ping\" \/>\n<meta property=\"article:modified_time\" content=\"2023-01-16T13:02:19+00:00\" \/>\n<meta property=\"og:image\" content=\"http:\/\/wp.kristdemokraterna.se\/linkoping\/files\/2021\/08\/stadshuset_3.jpg\" \/>\n<meta name=\"twitter:card\" content=\"summary_large_image\" \/>\n<meta name=\"twitter:label1\" content=\"Ber\u00e4knad l\u00e4stid\" \/>\n\t<meta name=\"twitter:data1\" content=\"1 minut\" \/>\n<script type=\"application\/ld+json\" class=\"yoast-schema-graph\">{\"@context\":\"https:\\\/\\\/schema.org\",\"@graph\":[{\"@type\":\"WebPage\",\"@id\":\"https:\\\/\\\/wp.kristdemokraterna.se\\\/linkoping\\\/kontakta-oss\\\/\",\"url\":\"https:\\\/\\\/wp.kristdemokraterna.se\\\/linkoping\\\/kontakta-oss\\\/\",\"name\":\"Kontakta oss - Kristdemokraterna i Link\u00f6ping\",\"isPartOf\":{\"@id\":\"https:\\\/\\\/wp.kristdemokraterna.se\\\/linkoping\\\/#website\"},\"primaryImageOfPage\":{\"@id\":\"https:\\\/\\\/wp.kristdemokraterna.se\\\/linkoping\\\/kontakta-oss\\\/#primaryimage\"},\"image\":{\"@id\":\"https:\\\/\\\/wp.kristdemokraterna.se\\\/linkoping\\\/kontakta-oss\\\/#primaryimage\"},\"thumbnailUrl\":\"http:\\\/\\\/wp.kristdemokraterna.se\\\/linkoping\\\/files\\\/2021\\\/08\\\/stadshuset_3.jpg\",\"datePublished\":\"2012-11-19T14:56:50+00:00\",\"dateModified\":\"2023-01-16T13:02:19+00:00\",\"breadcrumb\":{\"@id\":\"https:\\\/\\\/wp.kristdemokraterna.se\\\/linkoping\\\/kontakta-oss\\\/#breadcrumb\"},\"inLanguage\":\"sv-SE\",\"potentialAction\":[{\"@type\":\"ReadAction\",\"target\":[\"https:\\\/\\\/wp.kristdemokraterna.se\\\/linkoping\\\/kontakta-oss\\\/\"]}]},{\"@type\":\"ImageObject\",\"inLanguage\":\"sv-SE\",\"@id\":\"https:\\\/\\\/wp.kristdemokraterna.se\\\/linkoping\\\/kontakta-oss\\\/#primaryimage\",\"url\":\"http:\\\/\\\/wp.kristdemokraterna.se\\\/linkoping\\\/files\\\/2021\\\/08\\\/stadshuset_3.jpg\",\"contentUrl\":\"http:\\\/\\\/wp.kristdemokraterna.se\\\/linkoping\\\/files\\\/2021\\\/08\\\/stadshuset_3.jpg\"},{\"@type\":\"BreadcrumbList\",\"@id\":\"https:\\\/\\\/wp.kristdemokraterna.se\\\/linkoping\\\/kontakta-oss\\\/#breadcrumb\",\"itemListElement\":[{\"@type\":\"ListItem\",\"position\":1,\"name\":\"Hem\",\"item\":\"https:\\\/\\\/wp.kristdemokraterna.se\\\/linkoping\\\/\"},{\"@type\":\"ListItem\",\"position\":2,\"name\":\"Kontakta oss\"}]},{\"@type\":\"WebSite\",\"@id\":\"https:\\\/\\\/wp.kristdemokraterna.se\\\/linkoping\\\/#website\",\"url\":\"https:\\\/\\\/wp.kristdemokraterna.se\\\/linkoping\\\/\",\"name\":\"Kristdemokraterna i Link\u00f6ping\",\"description\":\"\",\"inLanguage\":\"sv-SE\"}]}<\/script>\n<!-- \/ Yoast SEO plugin. -->","yoast_head_json":{"title":"Kontakta oss - Kristdemokraterna i Link\u00f6ping","robots":{"index":"index","follow":"follow","max-snippet":"max-snippet:-1","max-image-preview":"max-image-preview:large","max-video-preview":"max-video-preview:-1"},"canonical":"https:\/\/wp.kristdemokraterna.se\/linkoping\/kontakta-oss\/","og_locale":"sv_SE","og_type":"article","og_title":"Kontakta oss - Kristdemokraterna i Link\u00f6ping","og_description":"I Stadshuset kan du tr\u00e4ffa Kristdemokraternas gruppledare eller politiska sekreterare. Det \u00e4r b\u00e4st att kontakta oss per telefon eller e-post i f\u00f6rv\u00e4g f\u00f6r att best\u00e4mma tid f\u00f6r bes\u00f6k. Gruppledare Liselotte Fager e-post Politisk sekreterare Anne Westin Tfn: 070-214 26 52 e-post Stadshuset Adress: Storgatan 43 582 23 Link\u00f6ping karta E-post: linkoping@kristdemokraterna.se Bankgiro 822-3851 F\u00f6lj oss Read More","og_url":"https:\/\/wp.kristdemokraterna.se\/linkoping\/kontakta-oss\/","og_site_name":"Kristdemokraterna i Link\u00f6ping","article_modified_time":"2023-01-16T13:02:19+00:00","og_image":[{"url":"http:\/\/wp.kristdemokraterna.se\/linkoping\/files\/2021\/08\/stadshuset_3.jpg","type":"","width":"","height":""}],"twitter_card":"summary_large_image","twitter_misc":{"Ber\u00e4knad l\u00e4stid":"1 minut"},"schema":{"@context":"https:\/\/schema.org","@graph":[{"@type":"WebPage","@id":"https:\/\/wp.kristdemokraterna.se\/linkoping\/kontakta-oss\/","url":"https:\/\/wp.kristdemokraterna.se\/linkoping\/kontakta-oss\/","name":"Kontakta oss - Kristdemokraterna i Link\u00f6ping","isPartOf":{"@id":"https:\/\/wp.kristdemokraterna.se\/linkoping\/#website"},"primaryImageOfPage":{"@id":"https:\/\/wp.kristdemokraterna.se\/linkoping\/kontakta-oss\/#primaryimage"},"image":{"@id":"https:\/\/wp.kristdemokraterna.se\/linkoping\/kontakta-oss\/#primaryimage"},"thumbnailUrl":"http:\/\/wp.kristdemokraterna.se\/linkoping\/files\/2021\/08\/stadshuset_3.jpg","datePublished":"2012-11-19T14:56:50+00:00","dateModified":"2023-01-16T13:02:19+00:00","breadcrumb":{"@id":"https:\/\/wp.kristdemokraterna.se\/linkoping\/kontakta-oss\/#breadcrumb"},"inLanguage":"sv-SE","potentialAction":[{"@type":"ReadAction","target":["https:\/\/wp.kristdemokraterna.se\/linkoping\/kontakta-oss\/"]}]},{"@type":"ImageObject","inLanguage":"sv-SE","@id":"https:\/\/wp.kristdemokraterna.se\/linkoping\/kontakta-oss\/#primaryimage","url":"http:\/\/wp.kristdemokraterna.se\/linkoping\/files\/2021\/08\/stadshuset_3.jpg","contentUrl":"http:\/\/wp.kristdemokraterna.se\/linkoping\/files\/2021\/08\/stadshuset_3.jpg"},{"@type":"BreadcrumbList","@id":"https:\/\/wp.kristdemokraterna.se\/linkoping\/kontakta-oss\/#breadcrumb","itemListElement":[{"@type":"ListItem","position":1,"name":"Hem","item":"https:\/\/wp.kristdemokraterna.se\/linkoping\/"},{"@type":"ListItem","position":2,"name":"Kontakta oss"}]},{"@type":"WebSite","@id":"https:\/\/wp.kristdemokraterna.se\/linkoping\/#website","url":"https:\/\/wp.kristdemokraterna.se\/linkoping\/","name":"Kristdemokraterna i Link\u00f6ping","description":"","inLanguage":"sv-SE"}]}},"_links":{"self":[{"href":"https:\/\/wp.kristdemokraterna.se\/linkoping\/wp-json\/wp\/v2\/pages\/8","targetHints":{"allow":["GET"]}}],"collection":[{"href":"https:\/\/wp.kristdemokraterna.se\/linkoping\/wp-json\/wp\/v2\/pages"}],"about":[{"href":"https:\/\/wp.kristdemokraterna.se\/linkoping\/wp-json\/wp\/v2\/types\/page"}],"author":[{"embeddable":true,"href":"https:\/\/wp.kristdemokraterna.se\/linkoping\/wp-json\/wp\/v2\/users\/410"}],"replies":[{"embeddable":true,"href":"https:\/\/wp.kristdemokraterna.se\/linkoping\/wp-json\/wp\/v2\/comments?post=8"}],"version-history":[{"count":84,"href":"https:\/\/wp.kristdemokraterna.se\/linkoping\/wp-json\/wp\/v2\/pages\/8\/revisions"}],"predecessor-version":[{"id":2607,"href":"https:\/\/wp.kristdemokraterna.se\/linkoping\/wp-json\/wp\/v2\/pages\/8\/revisions\/2607"}],"wp:attachment":[{"href":"https:\/\/wp.kristdemokraterna.se\/linkoping\/wp-json\/wp\/v2\/media?parent=8"}],"curies":[{"name":"wp","href":"https:\/\/api.w.org\/{rel}","templated":true}]}}