{"id":36,"date":"2013-02-04T16:17:50","date_gmt":"2013-02-04T15:17:50","guid":{"rendered":"http:\/\/wp.kristdemokraterna.se\/ljungby\/?page_id=36"},"modified":"2022-08-10T13:43:05","modified_gmt":"2022-08-10T11:43:05","slug":"om-oss","status":"publish","type":"page","link":"https:\/\/wp.kristdemokraterna.se\/ljungby\/kristdemokraterna-i-ljungby\/om-oss\/","title":{"rendered":"Styrelse"},"content":{"rendered":"<div>\n<h1>KD \u2013 f\u00f6r ett friare och varmare samh\u00e4lle<\/h1>\n<p>V\u00e5rt\u00a0m\u00e5l \u00e4r ett samh\u00e4lle d\u00e4r friheten att forma sitt eget liv g\u00e5r hand i hand med ansvaret f\u00f6r sin medm\u00e4nniska. Vi vill bygga ett samh\u00e4lle som h\u00e5ller samman. Ingen ska h\u00e5llas tillbaka och ingen ska l\u00e4mnas efter.<\/p>\n<\/div>\n<div><\/div>\n<div><strong>Styrelse KD Ljungby 2022<\/strong><\/div>\n<p>Lennart Olsson &#8211; Ordf.<\/p>\n<p>Rut Bj\u00f6rkstr\u00f6m &#8211; Vice\u00a0Ordf.<\/p>\n<p>Bengt Carlsson &#8211; Ledamot<\/p>\n<p>Thommy Rosberg &#8211; Ledamot<\/p>\n<p>Emil Torstensson \u00a0&#8211; Ledamot<\/p>\n<p>Martin Anderberg &#8211; Suppleant<\/p>\n<p>Christer Holmstr\u00f6m &#8211; Suppleant<\/p>\n<hr \/>\n<p>&nbsp;<\/p>\n","protected":false},"excerpt":{"rendered":"<p>KD \u2013 f\u00f6r ett friare och varmare samh\u00e4lle V\u00e5rt\u00a0m\u00e5l \u00e4r ett samh\u00e4lle d\u00e4r friheten att forma sitt eget liv g\u00e5r hand i hand med ansvaret f\u00f6r sin medm\u00e4nniska. Vi vill bygga ett samh\u00e4lle som h\u00e5ller samman. Ingen ska h\u00e5llas tillbaka och ingen ska l\u00e4mnas efter. Styrelse KD Ljungby 2022 Lennart Olsson &#8211; Ordf. Rut Bj\u00f6rkstr\u00f6m <a class=\"read-more-link\" href=\"https:\/\/wp.kristdemokraterna.se\/ljungby\/kristdemokraterna-i-ljungby\/om-oss\/\">Read More<\/a><\/p>\n","protected":false},"author":434,"featured_media":0,"parent":687,"menu_order":3,"comment_status":"closed","ping_status":"closed","template":"page.php","meta":{"_acf_changed":false,"footnotes":""},"class_list":["post-36","page","type-page","status-publish","hentry"],"acf":[],"yoast_head":"<!-- This site is optimized with the Yoast SEO plugin v27.3 - https:\/\/yoast.com\/product\/yoast-seo-wordpress\/ -->\n<title>Styrelse - Kristdemokraterna Ljungby<\/title>\n<meta name=\"robots\" content=\"index, follow, max-snippet:-1, max-image-preview:large, max-video-preview:-1\" \/>\n<link rel=\"canonical\" href=\"https:\/\/wp.kristdemokraterna.se\/ljungby\/kristdemokraterna-i-ljungby\/om-oss\/\" \/>\n<meta property=\"og:locale\" content=\"sv_SE\" \/>\n<meta property=\"og:type\" content=\"article\" \/>\n<meta property=\"og:title\" content=\"Styrelse - Kristdemokraterna Ljungby\" \/>\n<meta property=\"og:description\" content=\"KD \u2013 f\u00f6r ett friare och varmare samh\u00e4lle V\u00e5rt\u00a0m\u00e5l \u00e4r ett samh\u00e4lle d\u00e4r friheten att forma sitt eget liv g\u00e5r hand i hand med ansvaret f\u00f6r sin medm\u00e4nniska. Vi vill bygga ett samh\u00e4lle som h\u00e5ller samman. Ingen ska h\u00e5llas tillbaka och ingen ska l\u00e4mnas efter. Styrelse KD Ljungby 2022 Lennart Olsson &#8211; Ordf. Rut Bj\u00f6rkstr\u00f6m Read More\" \/>\n<meta property=\"og:url\" content=\"https:\/\/wp.kristdemokraterna.se\/ljungby\/kristdemokraterna-i-ljungby\/om-oss\/\" \/>\n<meta property=\"og:site_name\" content=\"Kristdemokraterna Ljungby\" \/>\n<meta property=\"article:modified_time\" content=\"2022-08-10T11:43:05+00:00\" \/>\n<meta name=\"twitter:card\" content=\"summary_large_image\" \/>\n<script type=\"application\/ld+json\" class=\"yoast-schema-graph\">{\"@context\":\"https:\\\/\\\/schema.org\",\"@graph\":[{\"@type\":\"WebPage\",\"@id\":\"https:\\\/\\\/wp.kristdemokraterna.se\\\/ljungby\\\/kristdemokraterna-i-ljungby\\\/om-oss\\\/\",\"url\":\"https:\\\/\\\/wp.kristdemokraterna.se\\\/ljungby\\\/kristdemokraterna-i-ljungby\\\/om-oss\\\/\",\"name\":\"Styrelse - Kristdemokraterna Ljungby\",\"isPartOf\":{\"@id\":\"https:\\\/\\\/wp.kristdemokraterna.se\\\/ljungby\\\/#website\"},\"datePublished\":\"2013-02-04T15:17:50+00:00\",\"dateModified\":\"2022-08-10T11:43:05+00:00\",\"breadcrumb\":{\"@id\":\"https:\\\/\\\/wp.kristdemokraterna.se\\\/ljungby\\\/kristdemokraterna-i-ljungby\\\/om-oss\\\/#breadcrumb\"},\"inLanguage\":\"sv-SE\",\"potentialAction\":[{\"@type\":\"ReadAction\",\"target\":[\"https:\\\/\\\/wp.kristdemokraterna.se\\\/ljungby\\\/kristdemokraterna-i-ljungby\\\/om-oss\\\/\"]}]},{\"@type\":\"BreadcrumbList\",\"@id\":\"https:\\\/\\\/wp.kristdemokraterna.se\\\/ljungby\\\/kristdemokraterna-i-ljungby\\\/om-oss\\\/#breadcrumb\",\"itemListElement\":[{\"@type\":\"ListItem\",\"position\":1,\"name\":\"Hem\",\"item\":\"https:\\\/\\\/wp.kristdemokraterna.se\\\/ljungby\\\/\"},{\"@type\":\"ListItem\",\"position\":2,\"name\":\"Kristdemokraterna i Ljungby\",\"item\":\"https:\\\/\\\/wp.kristdemokraterna.se\\\/ljungby\\\/\"},{\"@type\":\"ListItem\",\"position\":3,\"name\":\"Styrelse\"}]},{\"@type\":\"WebSite\",\"@id\":\"https:\\\/\\\/wp.kristdemokraterna.se\\\/ljungby\\\/#website\",\"url\":\"https:\\\/\\\/wp.kristdemokraterna.se\\\/ljungby\\\/\",\"name\":\"Kristdemokraterna Ljungby\",\"description\":\"\",\"inLanguage\":\"sv-SE\"}]}<\/script>\n<!-- \/ Yoast SEO plugin. -->","yoast_head_json":{"title":"Styrelse - Kristdemokraterna Ljungby","robots":{"index":"index","follow":"follow","max-snippet":"max-snippet:-1","max-image-preview":"max-image-preview:large","max-video-preview":"max-video-preview:-1"},"canonical":"https:\/\/wp.kristdemokraterna.se\/ljungby\/kristdemokraterna-i-ljungby\/om-oss\/","og_locale":"sv_SE","og_type":"article","og_title":"Styrelse - Kristdemokraterna Ljungby","og_description":"KD \u2013 f\u00f6r ett friare och varmare samh\u00e4lle V\u00e5rt\u00a0m\u00e5l \u00e4r ett samh\u00e4lle d\u00e4r friheten att forma sitt eget liv g\u00e5r hand i hand med ansvaret f\u00f6r sin medm\u00e4nniska. Vi vill bygga ett samh\u00e4lle som h\u00e5ller samman. Ingen ska h\u00e5llas tillbaka och ingen ska l\u00e4mnas efter. Styrelse KD Ljungby 2022 Lennart Olsson &#8211; Ordf. Rut Bj\u00f6rkstr\u00f6m Read More","og_url":"https:\/\/wp.kristdemokraterna.se\/ljungby\/kristdemokraterna-i-ljungby\/om-oss\/","og_site_name":"Kristdemokraterna Ljungby","article_modified_time":"2022-08-10T11:43:05+00:00","twitter_card":"summary_large_image","schema":{"@context":"https:\/\/schema.org","@graph":[{"@type":"WebPage","@id":"https:\/\/wp.kristdemokraterna.se\/ljungby\/kristdemokraterna-i-ljungby\/om-oss\/","url":"https:\/\/wp.kristdemokraterna.se\/ljungby\/kristdemokraterna-i-ljungby\/om-oss\/","name":"Styrelse - Kristdemokraterna Ljungby","isPartOf":{"@id":"https:\/\/wp.kristdemokraterna.se\/ljungby\/#website"},"datePublished":"2013-02-04T15:17:50+00:00","dateModified":"2022-08-10T11:43:05+00:00","breadcrumb":{"@id":"https:\/\/wp.kristdemokraterna.se\/ljungby\/kristdemokraterna-i-ljungby\/om-oss\/#breadcrumb"},"inLanguage":"sv-SE","potentialAction":[{"@type":"ReadAction","target":["https:\/\/wp.kristdemokraterna.se\/ljungby\/kristdemokraterna-i-ljungby\/om-oss\/"]}]},{"@type":"BreadcrumbList","@id":"https:\/\/wp.kristdemokraterna.se\/ljungby\/kristdemokraterna-i-ljungby\/om-oss\/#breadcrumb","itemListElement":[{"@type":"ListItem","position":1,"name":"Hem","item":"https:\/\/wp.kristdemokraterna.se\/ljungby\/"},{"@type":"ListItem","position":2,"name":"Kristdemokraterna i Ljungby","item":"https:\/\/wp.kristdemokraterna.se\/ljungby\/"},{"@type":"ListItem","position":3,"name":"Styrelse"}]},{"@type":"WebSite","@id":"https:\/\/wp.kristdemokraterna.se\/ljungby\/#website","url":"https:\/\/wp.kristdemokraterna.se\/ljungby\/","name":"Kristdemokraterna Ljungby","description":"","inLanguage":"sv-SE"}]}},"_links":{"self":[{"href":"https:\/\/wp.kristdemokraterna.se\/ljungby\/wp-json\/wp\/v2\/pages\/36","targetHints":{"allow":["GET"]}}],"collection":[{"href":"https:\/\/wp.kristdemokraterna.se\/ljungby\/wp-json\/wp\/v2\/pages"}],"about":[{"href":"https:\/\/wp.kristdemokraterna.se\/ljungby\/wp-json\/wp\/v2\/types\/page"}],"author":[{"embeddable":true,"href":"https:\/\/wp.kristdemokraterna.se\/ljungby\/wp-json\/wp\/v2\/users\/434"}],"replies":[{"embeddable":true,"href":"https:\/\/wp.kristdemokraterna.se\/ljungby\/wp-json\/wp\/v2\/comments?post=36"}],"version-history":[{"count":13,"href":"https:\/\/wp.kristdemokraterna.se\/ljungby\/wp-json\/wp\/v2\/pages\/36\/revisions"}],"predecessor-version":[{"id":1152,"href":"https:\/\/wp.kristdemokraterna.se\/ljungby\/wp-json\/wp\/v2\/pages\/36\/revisions\/1152"}],"up":[{"embeddable":true,"href":"https:\/\/wp.kristdemokraterna.se\/ljungby\/wp-json\/wp\/v2\/pages\/687"}],"wp:attachment":[{"href":"https:\/\/wp.kristdemokraterna.se\/ljungby\/wp-json\/wp\/v2\/media?parent=36"}],"curies":[{"name":"wp","href":"https:\/\/api.w.org\/{rel}","templated":true}]}}