{"id":368,"date":"2017-12-04T16:44:15","date_gmt":"2017-12-04T15:44:15","guid":{"rendered":"http:\/\/wp.kristdemokraterna.se\/lomma\/?page_id=368"},"modified":"2025-01-22T07:29:52","modified_gmt":"2025-01-22T06:29:52","slug":"om-kristdemokraterna","status":"publish","type":"page","link":"https:\/\/wp.kristdemokraterna.se\/lomma\/textsida-fullbredd\/om-kristdemokraterna\/","title":{"rendered":"Om Kristdemokraterna"},"content":{"rendered":"<p>\u2013 Kristdemokraterna i Sverige bildades 1964.<br \/>\n\u2013 Alf Svensson var partiledare mellan \u00e5ren 1973-2004.<br \/>\n\u2013 G\u00f6ran H\u00e4gglund valdes till partiledare 3 april 2004. I januari 2015 meddelade han sin avg\u00e5ng.<br \/>\n\u2013 Ebba Busch valdes till partiledare den 25 april 2015.<br \/>\n\u2013 I det senaste riksdagsvalet fick vi 4,6 % av r\u00f6sterna.<\/p>\n<p>Kristdemokraterna (KD) kom in i Riksdagen f\u00f6r f\u00f6rsta g\u00e5ngen 1985. D\u00e5 var partiledaren Alf Svensson ensam riksdagsledamot f\u00f6r Kristdemokraterna. 1991 \u2013 1994 satt KD i regeringen tillsammans med Moderaterna, Folkpartiet och Centern. Mandatperioderna 2006-2010 och 2010-2014 hade KD regeringsmakten tillsammans med Moderaterna, Folkpartiet och Centern under namnet Alliansen. Under den mandatperiodien var G\u00f6ran H\u00e4gglund socialminister med ansvar f\u00f6r bland annat familjepolitik. Maria Larsson \u00e4ldre- och folkh\u00e4lsominister och Stefan Attefall Civil- och bostadsminister.<\/p>\n<p>I valet 2022 bildade Kristdemokraterna tillsammans med Moderaterna och Liberalerna regering med st\u00f6d av Sverigedemokraterna. KD har i den nuvarande regeringen sex statsr\u00e5d, n\u00e4mligen:<\/p>\n<p><strong>\u2013 Ebba Busch<\/strong>: <em>N\u00e4rings- och energiminister, chef f\u00f6r Energi, klimat och n\u00e4ringslivsdepartementet samt vice statsminister<br \/>\n<\/em><strong>\u2013 Acko Ankarberg Johansson<\/strong>: <em>Sjukv\u00e5rdsminister, Socialdepartementet<br \/>\n\u2013 <\/em><strong>Andreas Carlson<\/strong>: <em>Infrastruktur- och bostadsminister, Landsbygds- och infrastrukturdepartementet<br \/>\n\u2013 <\/em><strong>Jakob Forssmed<\/strong>: <em>Socialminister, folkh\u00e4lsa, idrott och civilsamh\u00e4lle, chef f\u00f6r Socialdepartementet<br \/>\n\u2013 <\/em><strong>Peter Kullgren<\/strong>: <em>Landsbygdsminister inkl jordbruk, skog och jakt, chef f\u00f6r Landsbygds och infrastrukturdepartementet<br \/>\n\u2013 <\/em><strong>Erik Slottner<\/strong>: <em>Civilminister och digitalisering, Finansdepartementet<\/em><\/p>\n<p>KD \u00e4r representerat i EU-parlamentet av <span class=\"sln-member-name\"><a href=\"https:\/\/www.europarl.europa.eu\/meps\/sv\/257089\/ALICE_TEODORESCU+MAWE\/home\">Alice Teodorescu M\u00e5we<\/a>.<\/span><\/p>\n","protected":false},"excerpt":{"rendered":"<p>\u2013 Kristdemokraterna i Sverige bildades 1964. \u2013 Alf Svensson var partiledare mellan \u00e5ren 1973-2004. \u2013 G\u00f6ran H\u00e4gglund valdes till partiledare 3 april 2004. I januari 2015 meddelade han sin avg\u00e5ng. \u2013 Ebba Busch valdes till partiledare den 25 april 2015. \u2013 I det senaste riksdagsvalet fick vi 4,6 % av r\u00f6sterna. Kristdemokraterna (KD) kom in <a class=\"read-more-link\" href=\"https:\/\/wp.kristdemokraterna.se\/lomma\/textsida-fullbredd\/om-kristdemokraterna\/\">L\u00e4s mer<\/a><\/p>\n","protected":false},"author":732,"featured_media":0,"parent":272,"menu_order":0,"comment_status":"closed","ping_status":"closed","template":"page.php","meta":{"_acf_changed":false,"footnotes":""},"class_list":["post-368","page","type-page","status-publish","hentry"],"acf":[],"yoast_head":"<!-- This site is optimized with the Yoast SEO plugin v27.3 - https:\/\/yoast.com\/product\/yoast-seo-wordpress\/ -->\n<title>Om Kristdemokraterna - Kristdemokraterna | Lomma<\/title>\n<meta name=\"description\" content=\"Om Kristdemokraterna: Vi bildades 1964 och sedan dess har det varit en h\u00e4rlig resa med b\u00e5de Alf Svensson, Alliansen och Ebba.\" \/>\n<meta name=\"robots\" content=\"index, follow, max-snippet:-1, max-image-preview:large, max-video-preview:-1\" \/>\n<link rel=\"canonical\" href=\"https:\/\/wp.kristdemokraterna.se\/lomma\/textsida-fullbredd\/om-kristdemokraterna\/\" \/>\n<meta property=\"og:locale\" content=\"sv_SE\" \/>\n<meta property=\"og:type\" content=\"article\" \/>\n<meta property=\"og:title\" content=\"Om Kristdemokraterna - Kristdemokraterna | Lomma\" \/>\n<meta property=\"og:description\" content=\"Om Kristdemokraterna: Vi bildades 1964 och sedan dess har det varit en h\u00e4rlig resa med b\u00e5de Alf Svensson, Alliansen och Ebba.\" \/>\n<meta property=\"og:url\" content=\"https:\/\/wp.kristdemokraterna.se\/lomma\/textsida-fullbredd\/om-kristdemokraterna\/\" \/>\n<meta property=\"og:site_name\" content=\"Kristdemokraterna | Lomma\" \/>\n<meta property=\"article:modified_time\" content=\"2025-01-22T06:29:52+00:00\" \/>\n<meta name=\"twitter:card\" content=\"summary_large_image\" \/>\n<meta name=\"twitter:label1\" content=\"Ber\u00e4knad l\u00e4stid\" \/>\n\t<meta name=\"twitter:data1\" content=\"2 minuter\" \/>\n<script type=\"application\/ld+json\" class=\"yoast-schema-graph\">{\"@context\":\"https:\\\/\\\/schema.org\",\"@graph\":[{\"@type\":\"WebPage\",\"@id\":\"https:\\\/\\\/wp.kristdemokraterna.se\\\/lomma\\\/textsida-fullbredd\\\/om-kristdemokraterna\\\/\",\"url\":\"https:\\\/\\\/wp.kristdemokraterna.se\\\/lomma\\\/textsida-fullbredd\\\/om-kristdemokraterna\\\/\",\"name\":\"Om Kristdemokraterna - Kristdemokraterna | Lomma\",\"isPartOf\":{\"@id\":\"https:\\\/\\\/wp.kristdemokraterna.se\\\/lomma\\\/#website\"},\"datePublished\":\"2017-12-04T15:44:15+00:00\",\"dateModified\":\"2025-01-22T06:29:52+00:00\",\"description\":\"Om Kristdemokraterna: Vi bildades 1964 och sedan dess har det varit en h\u00e4rlig resa med b\u00e5de Alf Svensson, Alliansen och Ebba.\",\"breadcrumb\":{\"@id\":\"https:\\\/\\\/wp.kristdemokraterna.se\\\/lomma\\\/textsida-fullbredd\\\/om-kristdemokraterna\\\/#breadcrumb\"},\"inLanguage\":\"sv-SE\",\"potentialAction\":[{\"@type\":\"ReadAction\",\"target\":[\"https:\\\/\\\/wp.kristdemokraterna.se\\\/lomma\\\/textsida-fullbredd\\\/om-kristdemokraterna\\\/\"]}]},{\"@type\":\"BreadcrumbList\",\"@id\":\"https:\\\/\\\/wp.kristdemokraterna.se\\\/lomma\\\/textsida-fullbredd\\\/om-kristdemokraterna\\\/#breadcrumb\",\"itemListElement\":[{\"@type\":\"ListItem\",\"position\":1,\"name\":\"Hem\",\"item\":\"https:\\\/\\\/wp.kristdemokraterna.se\\\/lomma\\\/\"},{\"@type\":\"ListItem\",\"position\":2,\"name\":\"Ideologi: Vad vi st\u00e5r f\u00f6r!\",\"item\":\"https:\\\/\\\/wp.kristdemokraterna.se\\\/lomma\\\/textsida-fullbredd\\\/\"},{\"@type\":\"ListItem\",\"position\":3,\"name\":\"Om Kristdemokraterna\"}]},{\"@type\":\"WebSite\",\"@id\":\"https:\\\/\\\/wp.kristdemokraterna.se\\\/lomma\\\/#website\",\"url\":\"https:\\\/\\\/wp.kristdemokraterna.se\\\/lomma\\\/\",\"name\":\"Kristdemokraterna | Lomma\",\"description\":\"Vi vill att hela Lomma\\\/Bj\u00e4rred ska frodas\",\"inLanguage\":\"sv-SE\"}]}<\/script>\n<!-- \/ Yoast SEO plugin. -->","yoast_head_json":{"title":"Om Kristdemokraterna - Kristdemokraterna | Lomma","description":"Om Kristdemokraterna: Vi bildades 1964 och sedan dess har det varit en h\u00e4rlig resa med b\u00e5de Alf Svensson, Alliansen och Ebba.","robots":{"index":"index","follow":"follow","max-snippet":"max-snippet:-1","max-image-preview":"max-image-preview:large","max-video-preview":"max-video-preview:-1"},"canonical":"https:\/\/wp.kristdemokraterna.se\/lomma\/textsida-fullbredd\/om-kristdemokraterna\/","og_locale":"sv_SE","og_type":"article","og_title":"Om Kristdemokraterna - Kristdemokraterna | Lomma","og_description":"Om Kristdemokraterna: Vi bildades 1964 och sedan dess har det varit en h\u00e4rlig resa med b\u00e5de Alf Svensson, Alliansen och Ebba.","og_url":"https:\/\/wp.kristdemokraterna.se\/lomma\/textsida-fullbredd\/om-kristdemokraterna\/","og_site_name":"Kristdemokraterna | Lomma","article_modified_time":"2025-01-22T06:29:52+00:00","twitter_card":"summary_large_image","twitter_misc":{"Ber\u00e4knad l\u00e4stid":"2 minuter"},"schema":{"@context":"https:\/\/schema.org","@graph":[{"@type":"WebPage","@id":"https:\/\/wp.kristdemokraterna.se\/lomma\/textsida-fullbredd\/om-kristdemokraterna\/","url":"https:\/\/wp.kristdemokraterna.se\/lomma\/textsida-fullbredd\/om-kristdemokraterna\/","name":"Om Kristdemokraterna - Kristdemokraterna | Lomma","isPartOf":{"@id":"https:\/\/wp.kristdemokraterna.se\/lomma\/#website"},"datePublished":"2017-12-04T15:44:15+00:00","dateModified":"2025-01-22T06:29:52+00:00","description":"Om Kristdemokraterna: Vi bildades 1964 och sedan dess har det varit en h\u00e4rlig resa med b\u00e5de Alf Svensson, Alliansen och Ebba.","breadcrumb":{"@id":"https:\/\/wp.kristdemokraterna.se\/lomma\/textsida-fullbredd\/om-kristdemokraterna\/#breadcrumb"},"inLanguage":"sv-SE","potentialAction":[{"@type":"ReadAction","target":["https:\/\/wp.kristdemokraterna.se\/lomma\/textsida-fullbredd\/om-kristdemokraterna\/"]}]},{"@type":"BreadcrumbList","@id":"https:\/\/wp.kristdemokraterna.se\/lomma\/textsida-fullbredd\/om-kristdemokraterna\/#breadcrumb","itemListElement":[{"@type":"ListItem","position":1,"name":"Hem","item":"https:\/\/wp.kristdemokraterna.se\/lomma\/"},{"@type":"ListItem","position":2,"name":"Ideologi: Vad vi st\u00e5r f\u00f6r!","item":"https:\/\/wp.kristdemokraterna.se\/lomma\/textsida-fullbredd\/"},{"@type":"ListItem","position":3,"name":"Om Kristdemokraterna"}]},{"@type":"WebSite","@id":"https:\/\/wp.kristdemokraterna.se\/lomma\/#website","url":"https:\/\/wp.kristdemokraterna.se\/lomma\/","name":"Kristdemokraterna | Lomma","description":"Vi vill att hela Lomma\/Bj\u00e4rred ska frodas","inLanguage":"sv-SE"}]}},"_links":{"self":[{"href":"https:\/\/wp.kristdemokraterna.se\/lomma\/wp-json\/wp\/v2\/pages\/368","targetHints":{"allow":["GET"]}}],"collection":[{"href":"https:\/\/wp.kristdemokraterna.se\/lomma\/wp-json\/wp\/v2\/pages"}],"about":[{"href":"https:\/\/wp.kristdemokraterna.se\/lomma\/wp-json\/wp\/v2\/types\/page"}],"author":[{"embeddable":true,"href":"https:\/\/wp.kristdemokraterna.se\/lomma\/wp-json\/wp\/v2\/users\/732"}],"replies":[{"embeddable":true,"href":"https:\/\/wp.kristdemokraterna.se\/lomma\/wp-json\/wp\/v2\/comments?post=368"}],"version-history":[{"count":11,"href":"https:\/\/wp.kristdemokraterna.se\/lomma\/wp-json\/wp\/v2\/pages\/368\/revisions"}],"predecessor-version":[{"id":649,"href":"https:\/\/wp.kristdemokraterna.se\/lomma\/wp-json\/wp\/v2\/pages\/368\/revisions\/649"}],"up":[{"embeddable":true,"href":"https:\/\/wp.kristdemokraterna.se\/lomma\/wp-json\/wp\/v2\/pages\/272"}],"wp:attachment":[{"href":"https:\/\/wp.kristdemokraterna.se\/lomma\/wp-json\/wp\/v2\/media?parent=368"}],"curies":[{"name":"wp","href":"https:\/\/api.w.org\/{rel}","templated":true}]}}