{"id":375,"date":"2017-12-04T16:48:06","date_gmt":"2017-12-04T15:48:06","guid":{"rendered":"http:\/\/wp.kristdemokraterna.se\/lomma\/?page_id=375"},"modified":"2024-03-22T09:14:09","modified_gmt":"2024-03-22T08:14:09","slug":"var-politik-i-landstinget","status":"publish","type":"page","link":"https:\/\/wp.kristdemokraterna.se\/lomma\/textsida-fullbredd\/var-politik-i-landstinget\/","title":{"rendered":"V\u00e5r politik i Landstinget"},"content":{"rendered":"<p>Kristdemokraterna \u00e4r representerade i <a href=\"https:\/\/www.skane.se\/\">Region Sk\u00e5ne<\/a>. Se vad vi verkar f\u00f6r nedan.<\/p>\n<p><strong>En god \u00e4ldreomsorg<\/strong><br \/>\n\u00c4ldre personer ska f\u00e5 leva ett v\u00e4rdigt liv och k\u00e4nna v\u00e4lbefinnande. Vi m\u00e5ste v\u00e4rna deras r\u00e4tt att best\u00e4mma \u00f6ver sitt eget liv s\u00e5 l\u00e5ngt det \u00e4r m\u00f6jligt. De har erfarenhet och kunskap som ska tas tillvara.<\/p>\n<p>Vi vill:<\/p>\n<p>\u2013 \u00d6ka \u00e4ldres sj\u00e4lvbest\u00e4mmande genom att ge personer \u00f6ver 85 \u00e5r r\u00e4tt till \u00e4ldreboende utan bist\u00e5ndsbed\u00f6mning och inf\u00f6ra r\u00e4tt att v\u00e4lja \u00e4ldreomsorg var man \u00e4n bor i landet.<br \/>\n\u2013 Utveckla kvaliteten i \u00e4ldreomsorgen bland annat genom att f\u00f6rb\u00e4ttra maten och m\u00e5ltidssituationen inom \u00e4ldreomsorgen.<br \/>\n\u2013 Forts\u00e4tta s\u00e4nka skatten f\u00f6r pension\u00e4rer n\u00e4r ekonomin till\u00e5ter.<\/p>\n<p><strong>God och likv\u00e4rdig v\u00e5rd i hela Sverige<br \/>\n<\/strong>Den som \u00e4r sjuk har r\u00e4tt till god sjukv\u00e5rd, var man \u00e4n bor i landet.\u00a0V\u00e5rden m\u00e5ste utg\u00e5 fr\u00e5n m\u00e4nniskors olika behov och erfarenheter.<\/p>\n<p>Vi vill:<\/p>\n<p>\u2013 Att staten tar \u00f6ver ansvaret f\u00f6r sjukhusv\u00e5rden s\u00e5 att varje patient f\u00e5r en god och j\u00e4mlik v\u00e5rd.<br \/>\n\u2013 Korta v\u00e5rdk\u00f6erna generellt och inr\u00e4tta en v\u00e5rdplatsgaranti. Vi vill ocks\u00e5 s\u00e4rskilt satsa 500 miljoner per \u00e5r p\u00e5 f\u00f6rb\u00e4ttrad cancerv\u00e5rd.<br \/>\n\u2013 F\u00f6rb\u00e4ttra ungas psykiska h\u00e4lsa genom att satsa p\u00e5 elevh\u00e4lsov\u00e5rden, \u00f6ka st\u00f6det till ton\u00e5rsf\u00f6r\u00e4ldrar och korta k\u00f6erna till barn- och ungdomspsykiatrin.<\/p>\n<p><strong>En v\u00e4lfungerande och solidarisk kollektivtrafik<\/strong><\/p>\n<p>\u2013 Vi vill verka f\u00f6r en kollektivtrafik som inkluderar b\u00e5de studenter, seniorer och landsbygden.<br \/>\n\u2013 Kristdemokraterna har under l\u00e4ngre tid verkat f\u00f6r att en rabatt f\u00f6r seniorer (i linje med den f\u00f6r studenter) ska utredas och samordnas med de seniorrabatter och fria seniorresor som erbjuds av en del sk\u00e5nska kommuner. Denna utredning blir under verksamhets\u00e5ret 2023 verklighet.<br \/>\n\u2013 Anropsstyrd trafik \u00e4r vitalt f\u00f6r effektiv och h\u00e5llbar kollektivtrafik d\u00e4r det inte \u00e4r h\u00e5llbart att bedriva traditionell kollektivtrafik. Vi vill verka f\u00f6r fortsatt och utbyggd satsning p\u00e5 kollektivtrafik p\u00e5 landsbygden.<\/p>\n","protected":false},"excerpt":{"rendered":"<p>Kristdemokraterna \u00e4r representerade i Region Sk\u00e5ne. Se vad vi verkar f\u00f6r nedan. En god \u00e4ldreomsorg \u00c4ldre personer ska f\u00e5 leva ett v\u00e4rdigt liv och k\u00e4nna v\u00e4lbefinnande. Vi m\u00e5ste v\u00e4rna deras r\u00e4tt att best\u00e4mma \u00f6ver sitt eget liv s\u00e5 l\u00e5ngt det \u00e4r m\u00f6jligt. De har erfarenhet och kunskap som ska tas tillvara. Vi vill: \u2013 \u00d6ka <a class=\"read-more-link\" href=\"https:\/\/wp.kristdemokraterna.se\/lomma\/textsida-fullbredd\/var-politik-i-landstinget\/\">L\u00e4s mer<\/a><\/p>\n","protected":false},"author":732,"featured_media":0,"parent":272,"menu_order":0,"comment_status":"closed","ping_status":"closed","template":"page.php","meta":{"_acf_changed":false,"footnotes":""},"class_list":["post-375","page","type-page","status-publish","hentry"],"acf":[],"yoast_head":"<!-- This site is optimized with the Yoast SEO plugin v27.3 - https:\/\/yoast.com\/product\/yoast-seo-wordpress\/ -->\n<title>V\u00e5r politik i Landstinget - Kristdemokraterna | Lomma<\/title>\n<meta name=\"description\" content=\"V\u00e5r politik i landstinget bygger p\u00e5 en god v\u00e5rd f\u00f6r \u00e4ldre och en allm\u00e4n v\u00e5rd som \u00e4r b\u00e5de h\u00f6gklassig och likv\u00e4rdig.\" \/>\n<meta name=\"robots\" content=\"index, follow, max-snippet:-1, max-image-preview:large, max-video-preview:-1\" \/>\n<link rel=\"canonical\" href=\"https:\/\/wp.kristdemokraterna.se\/lomma\/textsida-fullbredd\/var-politik-i-landstinget\/\" \/>\n<meta property=\"og:locale\" content=\"sv_SE\" \/>\n<meta property=\"og:type\" content=\"article\" \/>\n<meta property=\"og:title\" content=\"V\u00e5r politik i Landstinget - Kristdemokraterna | Lomma\" \/>\n<meta property=\"og:description\" content=\"V\u00e5r politik i landstinget bygger p\u00e5 en god v\u00e5rd f\u00f6r \u00e4ldre och en allm\u00e4n v\u00e5rd som \u00e4r b\u00e5de h\u00f6gklassig och likv\u00e4rdig.\" \/>\n<meta property=\"og:url\" content=\"https:\/\/wp.kristdemokraterna.se\/lomma\/textsida-fullbredd\/var-politik-i-landstinget\/\" \/>\n<meta property=\"og:site_name\" content=\"Kristdemokraterna | Lomma\" \/>\n<meta property=\"article:modified_time\" content=\"2024-03-22T08:14:09+00:00\" \/>\n<meta name=\"twitter:card\" content=\"summary_large_image\" \/>\n<meta name=\"twitter:label1\" content=\"Ber\u00e4knad l\u00e4stid\" \/>\n\t<meta name=\"twitter:data1\" content=\"2 minuter\" \/>\n<script type=\"application\/ld+json\" class=\"yoast-schema-graph\">{\"@context\":\"https:\\\/\\\/schema.org\",\"@graph\":[{\"@type\":\"WebPage\",\"@id\":\"https:\\\/\\\/wp.kristdemokraterna.se\\\/lomma\\\/textsida-fullbredd\\\/var-politik-i-landstinget\\\/\",\"url\":\"https:\\\/\\\/wp.kristdemokraterna.se\\\/lomma\\\/textsida-fullbredd\\\/var-politik-i-landstinget\\\/\",\"name\":\"V\u00e5r politik i Landstinget - Kristdemokraterna | Lomma\",\"isPartOf\":{\"@id\":\"https:\\\/\\\/wp.kristdemokraterna.se\\\/lomma\\\/#website\"},\"datePublished\":\"2017-12-04T15:48:06+00:00\",\"dateModified\":\"2024-03-22T08:14:09+00:00\",\"description\":\"V\u00e5r politik i landstinget bygger p\u00e5 en god v\u00e5rd f\u00f6r \u00e4ldre och en allm\u00e4n v\u00e5rd som \u00e4r b\u00e5de h\u00f6gklassig och likv\u00e4rdig.\",\"breadcrumb\":{\"@id\":\"https:\\\/\\\/wp.kristdemokraterna.se\\\/lomma\\\/textsida-fullbredd\\\/var-politik-i-landstinget\\\/#breadcrumb\"},\"inLanguage\":\"sv-SE\",\"potentialAction\":[{\"@type\":\"ReadAction\",\"target\":[\"https:\\\/\\\/wp.kristdemokraterna.se\\\/lomma\\\/textsida-fullbredd\\\/var-politik-i-landstinget\\\/\"]}]},{\"@type\":\"BreadcrumbList\",\"@id\":\"https:\\\/\\\/wp.kristdemokraterna.se\\\/lomma\\\/textsida-fullbredd\\\/var-politik-i-landstinget\\\/#breadcrumb\",\"itemListElement\":[{\"@type\":\"ListItem\",\"position\":1,\"name\":\"Hem\",\"item\":\"https:\\\/\\\/wp.kristdemokraterna.se\\\/lomma\\\/\"},{\"@type\":\"ListItem\",\"position\":2,\"name\":\"Ideologi: Vad vi st\u00e5r f\u00f6r!\",\"item\":\"https:\\\/\\\/wp.kristdemokraterna.se\\\/lomma\\\/textsida-fullbredd\\\/\"},{\"@type\":\"ListItem\",\"position\":3,\"name\":\"V\u00e5r politik i Landstinget\"}]},{\"@type\":\"WebSite\",\"@id\":\"https:\\\/\\\/wp.kristdemokraterna.se\\\/lomma\\\/#website\",\"url\":\"https:\\\/\\\/wp.kristdemokraterna.se\\\/lomma\\\/\",\"name\":\"Kristdemokraterna | Lomma\",\"description\":\"Vi vill att hela Lomma\\\/Bj\u00e4rred ska frodas\",\"inLanguage\":\"sv-SE\"}]}<\/script>\n<!-- \/ Yoast SEO plugin. -->","yoast_head_json":{"title":"V\u00e5r politik i Landstinget - Kristdemokraterna | Lomma","description":"V\u00e5r politik i landstinget bygger p\u00e5 en god v\u00e5rd f\u00f6r \u00e4ldre och en allm\u00e4n v\u00e5rd som \u00e4r b\u00e5de h\u00f6gklassig och likv\u00e4rdig.","robots":{"index":"index","follow":"follow","max-snippet":"max-snippet:-1","max-image-preview":"max-image-preview:large","max-video-preview":"max-video-preview:-1"},"canonical":"https:\/\/wp.kristdemokraterna.se\/lomma\/textsida-fullbredd\/var-politik-i-landstinget\/","og_locale":"sv_SE","og_type":"article","og_title":"V\u00e5r politik i Landstinget - Kristdemokraterna | Lomma","og_description":"V\u00e5r politik i landstinget bygger p\u00e5 en god v\u00e5rd f\u00f6r \u00e4ldre och en allm\u00e4n v\u00e5rd som \u00e4r b\u00e5de h\u00f6gklassig och likv\u00e4rdig.","og_url":"https:\/\/wp.kristdemokraterna.se\/lomma\/textsida-fullbredd\/var-politik-i-landstinget\/","og_site_name":"Kristdemokraterna | Lomma","article_modified_time":"2024-03-22T08:14:09+00:00","twitter_card":"summary_large_image","twitter_misc":{"Ber\u00e4knad l\u00e4stid":"2 minuter"},"schema":{"@context":"https:\/\/schema.org","@graph":[{"@type":"WebPage","@id":"https:\/\/wp.kristdemokraterna.se\/lomma\/textsida-fullbredd\/var-politik-i-landstinget\/","url":"https:\/\/wp.kristdemokraterna.se\/lomma\/textsida-fullbredd\/var-politik-i-landstinget\/","name":"V\u00e5r politik i Landstinget - Kristdemokraterna | Lomma","isPartOf":{"@id":"https:\/\/wp.kristdemokraterna.se\/lomma\/#website"},"datePublished":"2017-12-04T15:48:06+00:00","dateModified":"2024-03-22T08:14:09+00:00","description":"V\u00e5r politik i landstinget bygger p\u00e5 en god v\u00e5rd f\u00f6r \u00e4ldre och en allm\u00e4n v\u00e5rd som \u00e4r b\u00e5de h\u00f6gklassig och likv\u00e4rdig.","breadcrumb":{"@id":"https:\/\/wp.kristdemokraterna.se\/lomma\/textsida-fullbredd\/var-politik-i-landstinget\/#breadcrumb"},"inLanguage":"sv-SE","potentialAction":[{"@type":"ReadAction","target":["https:\/\/wp.kristdemokraterna.se\/lomma\/textsida-fullbredd\/var-politik-i-landstinget\/"]}]},{"@type":"BreadcrumbList","@id":"https:\/\/wp.kristdemokraterna.se\/lomma\/textsida-fullbredd\/var-politik-i-landstinget\/#breadcrumb","itemListElement":[{"@type":"ListItem","position":1,"name":"Hem","item":"https:\/\/wp.kristdemokraterna.se\/lomma\/"},{"@type":"ListItem","position":2,"name":"Ideologi: Vad vi st\u00e5r f\u00f6r!","item":"https:\/\/wp.kristdemokraterna.se\/lomma\/textsida-fullbredd\/"},{"@type":"ListItem","position":3,"name":"V\u00e5r politik i Landstinget"}]},{"@type":"WebSite","@id":"https:\/\/wp.kristdemokraterna.se\/lomma\/#website","url":"https:\/\/wp.kristdemokraterna.se\/lomma\/","name":"Kristdemokraterna | Lomma","description":"Vi vill att hela Lomma\/Bj\u00e4rred ska frodas","inLanguage":"sv-SE"}]}},"_links":{"self":[{"href":"https:\/\/wp.kristdemokraterna.se\/lomma\/wp-json\/wp\/v2\/pages\/375","targetHints":{"allow":["GET"]}}],"collection":[{"href":"https:\/\/wp.kristdemokraterna.se\/lomma\/wp-json\/wp\/v2\/pages"}],"about":[{"href":"https:\/\/wp.kristdemokraterna.se\/lomma\/wp-json\/wp\/v2\/types\/page"}],"author":[{"embeddable":true,"href":"https:\/\/wp.kristdemokraterna.se\/lomma\/wp-json\/wp\/v2\/users\/732"}],"replies":[{"embeddable":true,"href":"https:\/\/wp.kristdemokraterna.se\/lomma\/wp-json\/wp\/v2\/comments?post=375"}],"version-history":[{"count":5,"href":"https:\/\/wp.kristdemokraterna.se\/lomma\/wp-json\/wp\/v2\/pages\/375\/revisions"}],"predecessor-version":[{"id":624,"href":"https:\/\/wp.kristdemokraterna.se\/lomma\/wp-json\/wp\/v2\/pages\/375\/revisions\/624"}],"up":[{"embeddable":true,"href":"https:\/\/wp.kristdemokraterna.se\/lomma\/wp-json\/wp\/v2\/pages\/272"}],"wp:attachment":[{"href":"https:\/\/wp.kristdemokraterna.se\/lomma\/wp-json\/wp\/v2\/media?parent=375"}],"curies":[{"name":"wp","href":"https:\/\/api.w.org\/{rel}","templated":true}]}}