{"id":528,"date":"2012-04-03T13:37:02","date_gmt":"2012-04-03T13:37:02","guid":{"rendered":"http:\/\/wpskane.kristdemokraterna.se\/lomma\/?page_id=13"},"modified":"2025-02-18T20:48:12","modified_gmt":"2025-02-18T19:48:12","slug":"fortroendevalda","status":"publish","type":"page","link":"https:\/\/wp.kristdemokraterna.se\/lomma\/lomma\/fortroendevalda\/","title":{"rendered":"F\u00f6rtroendevalda i KD Lomma\/Bj\u00e4rred"},"content":{"rendered":"<p>H\u00e4r \u00e4r v\u00e5ra f\u00f6rtroendevalda i KD Lomma\/Bj\u00e4rred.<\/p>\n<p>&nbsp;<\/p>\n<p><a href=\"https:\/\/lomma.se\/kommun-och-politik\/kommunens-organisation\/kommunfullmaktige\/fortroendevalda-kommunfullmaktige.html\"><strong>Kommunfullm\u00e4ktige<\/strong><\/a><\/p>\n<p><strong>Ordinarie<\/strong>: Martin Uncyk<\/p>\n<p><em>Ers\u00e4ttare<\/em>: Christer Philipson, Michelle Vithal Bergstr\u00f6m<\/p>\n<p>&nbsp;<\/p>\n<p><a href=\"https:\/\/lomma.tromanpublik.se\/organisation\/5aa646a5-3198-49ce-9aad-89808c52dbc7\"><strong>Kommunstyrelsen<\/strong><\/a><\/p>\n<p><em>Ers\u00e4ttare<\/em>: Martin Uncyk<\/p>\n<p>&nbsp;<\/p>\n<p><a href=\"https:\/\/lomma.tromanpublik.se\/organisation\/873cdf2b-7221-44f4-9a65-1157e5cf1052\"><strong>Barn och utbildningsn\u00e4mnden<\/strong><\/a><\/p>\n<p><em>Ordinarie<\/em>: Michelle Vithal Bergstr\u00f6m<\/p>\n<p>&nbsp;<\/p>\n<p><a href=\"https:\/\/lomma.tromanpublik.se\/organisation\/93b19b78-6f0b-492e-b9d2-43ec5574d057\"><strong>Samh\u00e4llsbyggnadsn\u00e4mnden<\/strong><\/a><\/p>\n<p><em>Ers\u00e4ttare<\/em>: Martin Uncyk<\/p>\n<p>&nbsp;<\/p>\n<p><a href=\"https:\/\/lomma.se\/kommun-och-politik\/kommunens-organisation\/forvaltningar-och-namnder\/namnder\/socialnamnden\/fortroendevalda-socialnamnden.html\"><strong>Socialn\u00e4mnden<\/strong><\/a><\/p>\n<p><em>Ordinarie<\/em>: Christer Philipson<\/p>\n<p>&nbsp;<\/p>\n<p><a href=\"https:\/\/lomma.tromanpublik.se\/organisation\/31e6352c-eb91-4fde-bec7-19386dd17a8a\"><strong>Valn\u00e4mnden<\/strong><\/a><\/p>\n<p><em>Ers\u00e4ttare<\/em>: Christian Idstr\u00f6m<\/p>\n<p>&nbsp;<\/p>\n<h2>\u00d6vriga<\/h2>\n<p><a href=\"https:\/\/lomma.tromanpublik.se\/organisation\/b66bcfc9-df2f-49f3-beb1-df7a3b4c2ed3\"><strong>Kommunala valberedningen<\/strong><\/a><\/p>\n<p><em>Ers\u00e4ttare<\/em>: Martin Uncyk<\/p>\n<p>&nbsp;<\/p>\n<p><a href=\"https:\/\/lomma.tromanpublik.se\/organisation\/176d1723-db12-49f2-8a07-7ccaf8f79050\"><strong>Planeringsgruppen<\/strong><\/a><\/p>\n<p><em>Ers\u00e4ttare<\/em>: Martin Uncyk<\/p>\n","protected":false},"excerpt":{"rendered":"<p>H\u00e4r \u00e4r v\u00e5ra f\u00f6rtroendevalda i KD Lomma\/Bj\u00e4rred. &nbsp; Kommunfullm\u00e4ktige Ordinarie: Martin Uncyk Ers\u00e4ttare: Christer Philipson, Michelle Vithal Bergstr\u00f6m &nbsp; Kommunstyrelsen Ers\u00e4ttare: Martin Uncyk &nbsp; Barn och utbildningsn\u00e4mnden Ordinarie: Michelle Vithal Bergstr\u00f6m &nbsp; Samh\u00e4llsbyggnadsn\u00e4mnden Ers\u00e4ttare: Martin Uncyk &nbsp; Socialn\u00e4mnden Ordinarie: Christer Philipson &nbsp; Valn\u00e4mnden Ers\u00e4ttare: Christian Idstr\u00f6m &nbsp; \u00d6vriga Kommunala valberedningen Ers\u00e4ttare: Martin Uncyk &nbsp; Planeringsgruppen <a class=\"read-more-link\" href=\"https:\/\/wp.kristdemokraterna.se\/lomma\/lomma\/fortroendevalda\/\">L\u00e4s mer<\/a><\/p>\n","protected":false},"author":444,"featured_media":0,"parent":17,"menu_order":0,"comment_status":"closed","ping_status":"closed","template":"","meta":{"_acf_changed":false,"footnotes":""},"class_list":["post-528","page","type-page","status-publish","hentry"],"acf":[],"yoast_head":"<!-- This site is optimized with the Yoast SEO plugin v27.4 - https:\/\/yoast.com\/product\/yoast-seo-wordpress\/ -->\n<title>F\u00f6rtroendevalda i KD Lomma\/Bj\u00e4rred - Kristdemokraterna | Lomma<\/title>\n<meta name=\"description\" content=\"M\u00f6t v\u00e5ra f\u00f6rtroendevalda i KD Lomma\/Bj\u00e4rred: kommunfullm\u00e4ktige, socialn\u00e4mnden, samh\u00e4llsbyggnadsn\u00e4mnden och kommunstyrelsen.\" \/>\n<meta name=\"robots\" content=\"index, follow, max-snippet:-1, max-image-preview:large, max-video-preview:-1\" \/>\n<link rel=\"canonical\" href=\"https:\/\/wp.kristdemokraterna.se\/lomma\/lomma\/fortroendevalda\/\" \/>\n<meta property=\"og:locale\" content=\"sv_SE\" \/>\n<meta property=\"og:type\" content=\"article\" \/>\n<meta property=\"og:title\" content=\"F\u00f6rtroendevalda i KD Lomma\/Bj\u00e4rred - Kristdemokraterna | Lomma\" \/>\n<meta property=\"og:description\" content=\"M\u00f6t v\u00e5ra f\u00f6rtroendevalda i KD Lomma\/Bj\u00e4rred: kommunfullm\u00e4ktige, socialn\u00e4mnden, samh\u00e4llsbyggnadsn\u00e4mnden och kommunstyrelsen.\" \/>\n<meta property=\"og:url\" content=\"https:\/\/wp.kristdemokraterna.se\/lomma\/lomma\/fortroendevalda\/\" \/>\n<meta property=\"og:site_name\" content=\"Kristdemokraterna | Lomma\" \/>\n<meta property=\"article:modified_time\" content=\"2025-02-18T19:48:12+00:00\" \/>\n<meta name=\"twitter:card\" content=\"summary_large_image\" \/>\n<meta name=\"twitter:label1\" content=\"Ber\u00e4knad l\u00e4stid\" \/>\n\t<meta name=\"twitter:data1\" content=\"1 minut\" \/>\n<script type=\"application\/ld+json\" class=\"yoast-schema-graph\">{\"@context\":\"https:\\\/\\\/schema.org\",\"@graph\":[{\"@type\":\"WebPage\",\"@id\":\"https:\\\/\\\/wp.kristdemokraterna.se\\\/lomma\\\/lomma\\\/fortroendevalda\\\/\",\"url\":\"https:\\\/\\\/wp.kristdemokraterna.se\\\/lomma\\\/lomma\\\/fortroendevalda\\\/\",\"name\":\"F\u00f6rtroendevalda i KD Lomma\\\/Bj\u00e4rred - Kristdemokraterna | Lomma\",\"isPartOf\":{\"@id\":\"https:\\\/\\\/wp.kristdemokraterna.se\\\/lomma\\\/#website\"},\"datePublished\":\"2012-04-03T13:37:02+00:00\",\"dateModified\":\"2025-02-18T19:48:12+00:00\",\"description\":\"M\u00f6t v\u00e5ra f\u00f6rtroendevalda i KD Lomma\\\/Bj\u00e4rred: kommunfullm\u00e4ktige, socialn\u00e4mnden, samh\u00e4llsbyggnadsn\u00e4mnden och kommunstyrelsen.\",\"breadcrumb\":{\"@id\":\"https:\\\/\\\/wp.kristdemokraterna.se\\\/lomma\\\/lomma\\\/fortroendevalda\\\/#breadcrumb\"},\"inLanguage\":\"sv-SE\",\"potentialAction\":[{\"@type\":\"ReadAction\",\"target\":[\"https:\\\/\\\/wp.kristdemokraterna.se\\\/lomma\\\/lomma\\\/fortroendevalda\\\/\"]}]},{\"@type\":\"BreadcrumbList\",\"@id\":\"https:\\\/\\\/wp.kristdemokraterna.se\\\/lomma\\\/lomma\\\/fortroendevalda\\\/#breadcrumb\",\"itemListElement\":[{\"@type\":\"ListItem\",\"position\":1,\"name\":\"Hem\",\"item\":\"https:\\\/\\\/wp.kristdemokraterna.se\\\/lomma\\\/\"},{\"@type\":\"ListItem\",\"position\":2,\"name\":\"Kristdemokraterna i Lomma\\\/Bj\u00e4rred\",\"item\":\"https:\\\/\\\/wp.kristdemokraterna.se\\\/lomma\\\/\"},{\"@type\":\"ListItem\",\"position\":3,\"name\":\"F\u00f6rtroendevalda i KD Lomma\\\/Bj\u00e4rred\"}]},{\"@type\":\"WebSite\",\"@id\":\"https:\\\/\\\/wp.kristdemokraterna.se\\\/lomma\\\/#website\",\"url\":\"https:\\\/\\\/wp.kristdemokraterna.se\\\/lomma\\\/\",\"name\":\"Kristdemokraterna | Lomma\",\"description\":\"Vi vill att hela Lomma\\\/Bj\u00e4rred ska frodas\",\"inLanguage\":\"sv-SE\"}]}<\/script>\n<!-- \/ Yoast SEO plugin. -->","yoast_head_json":{"title":"F\u00f6rtroendevalda i KD Lomma\/Bj\u00e4rred - Kristdemokraterna | Lomma","description":"M\u00f6t v\u00e5ra f\u00f6rtroendevalda i KD Lomma\/Bj\u00e4rred: kommunfullm\u00e4ktige, socialn\u00e4mnden, samh\u00e4llsbyggnadsn\u00e4mnden och kommunstyrelsen.","robots":{"index":"index","follow":"follow","max-snippet":"max-snippet:-1","max-image-preview":"max-image-preview:large","max-video-preview":"max-video-preview:-1"},"canonical":"https:\/\/wp.kristdemokraterna.se\/lomma\/lomma\/fortroendevalda\/","og_locale":"sv_SE","og_type":"article","og_title":"F\u00f6rtroendevalda i KD Lomma\/Bj\u00e4rred - Kristdemokraterna | Lomma","og_description":"M\u00f6t v\u00e5ra f\u00f6rtroendevalda i KD Lomma\/Bj\u00e4rred: kommunfullm\u00e4ktige, socialn\u00e4mnden, samh\u00e4llsbyggnadsn\u00e4mnden och kommunstyrelsen.","og_url":"https:\/\/wp.kristdemokraterna.se\/lomma\/lomma\/fortroendevalda\/","og_site_name":"Kristdemokraterna | Lomma","article_modified_time":"2025-02-18T19:48:12+00:00","twitter_card":"summary_large_image","twitter_misc":{"Ber\u00e4knad l\u00e4stid":"1 minut"},"schema":{"@context":"https:\/\/schema.org","@graph":[{"@type":"WebPage","@id":"https:\/\/wp.kristdemokraterna.se\/lomma\/lomma\/fortroendevalda\/","url":"https:\/\/wp.kristdemokraterna.se\/lomma\/lomma\/fortroendevalda\/","name":"F\u00f6rtroendevalda i KD Lomma\/Bj\u00e4rred - Kristdemokraterna | Lomma","isPartOf":{"@id":"https:\/\/wp.kristdemokraterna.se\/lomma\/#website"},"datePublished":"2012-04-03T13:37:02+00:00","dateModified":"2025-02-18T19:48:12+00:00","description":"M\u00f6t v\u00e5ra f\u00f6rtroendevalda i KD Lomma\/Bj\u00e4rred: kommunfullm\u00e4ktige, socialn\u00e4mnden, samh\u00e4llsbyggnadsn\u00e4mnden och kommunstyrelsen.","breadcrumb":{"@id":"https:\/\/wp.kristdemokraterna.se\/lomma\/lomma\/fortroendevalda\/#breadcrumb"},"inLanguage":"sv-SE","potentialAction":[{"@type":"ReadAction","target":["https:\/\/wp.kristdemokraterna.se\/lomma\/lomma\/fortroendevalda\/"]}]},{"@type":"BreadcrumbList","@id":"https:\/\/wp.kristdemokraterna.se\/lomma\/lomma\/fortroendevalda\/#breadcrumb","itemListElement":[{"@type":"ListItem","position":1,"name":"Hem","item":"https:\/\/wp.kristdemokraterna.se\/lomma\/"},{"@type":"ListItem","position":2,"name":"Kristdemokraterna i Lomma\/Bj\u00e4rred","item":"https:\/\/wp.kristdemokraterna.se\/lomma\/"},{"@type":"ListItem","position":3,"name":"F\u00f6rtroendevalda i KD Lomma\/Bj\u00e4rred"}]},{"@type":"WebSite","@id":"https:\/\/wp.kristdemokraterna.se\/lomma\/#website","url":"https:\/\/wp.kristdemokraterna.se\/lomma\/","name":"Kristdemokraterna | Lomma","description":"Vi vill att hela Lomma\/Bj\u00e4rred ska frodas","inLanguage":"sv-SE"}]}},"_links":{"self":[{"href":"https:\/\/wp.kristdemokraterna.se\/lomma\/wp-json\/wp\/v2\/pages\/528","targetHints":{"allow":["GET"]}}],"collection":[{"href":"https:\/\/wp.kristdemokraterna.se\/lomma\/wp-json\/wp\/v2\/pages"}],"about":[{"href":"https:\/\/wp.kristdemokraterna.se\/lomma\/wp-json\/wp\/v2\/types\/page"}],"author":[{"embeddable":true,"href":"https:\/\/wp.kristdemokraterna.se\/lomma\/wp-json\/wp\/v2\/users\/444"}],"replies":[{"embeddable":true,"href":"https:\/\/wp.kristdemokraterna.se\/lomma\/wp-json\/wp\/v2\/comments?post=528"}],"version-history":[{"count":14,"href":"https:\/\/wp.kristdemokraterna.se\/lomma\/wp-json\/wp\/v2\/pages\/528\/revisions"}],"predecessor-version":[{"id":659,"href":"https:\/\/wp.kristdemokraterna.se\/lomma\/wp-json\/wp\/v2\/pages\/528\/revisions\/659"}],"up":[{"embeddable":true,"href":"https:\/\/wp.kristdemokraterna.se\/lomma\/wp-json\/wp\/v2\/pages\/17"}],"wp:attachment":[{"href":"https:\/\/wp.kristdemokraterna.se\/lomma\/wp-json\/wp\/v2\/media?parent=528"}],"curies":[{"name":"wp","href":"https:\/\/api.w.org\/{rel}","templated":true}]}}