{"id":601,"date":"2024-03-22T07:59:29","date_gmt":"2024-03-22T06:59:29","guid":{"rendered":"https:\/\/wp.kristdemokraterna.se\/lomma\/?page_id=601"},"modified":"2024-03-22T09:15:31","modified_gmt":"2024-03-22T08:15:31","slug":"din-rost","status":"publish","type":"page","link":"https:\/\/wp.kristdemokraterna.se\/lomma\/din-rost\/","title":{"rendered":"Din r\u00f6st"},"content":{"rendered":"<p>V\u00e5rt existensber\u00e4ttigande som parti \u00e4r att v\u00e4rna en ideologisk utg\u00e5ngspunkt i ett praktiskt politiskt arbete med medborgares f\u00f6rtroende. Lokalt vill vi verka f\u00f6r att hela Lomma\/Bj\u00e4rred ska blomstra.<\/p>\n<p>\u2013 Vi vill g\u00e4rna h\u00f6ra vad du har att s\u00e4ga om KD Lomma\/Bj\u00e4rred, eller vad du har att s\u00e4ga om Lomma kommun. Vi vill verka f\u00f6r en mer medm\u00e4nsklig och god kommun d\u00e4r alla delar blomstrar. Vi inser ocks\u00e5 att vi inte har alla svaren. <a href=\"https:\/\/wp.kristdemokraterna.se\/lomma\/din-rost\/vi-varnar-din-rost-som-kommuninvanare\/\">Vi vill lyssna p\u00e5 dig<\/a>.<br \/>\n\u2013 Vi beh\u00f6ver fler medlemmar f\u00f6r att kunna g\u00f6ra din r\u00f6st h\u00f6rd. Kanske \u00e4r du en av dem? L\u00e4s mer om <a href=\"https:\/\/wp.kristdemokraterna.se\/lomma\/din-rost\/bli-medlem\/\">vad det inneb\u00e4r att vara medlem<\/a>.<br \/>\n\u2013 Vi beh\u00f6ver fler p\u00e5 d\u00e4ck! \u00d6nskar du som (potentiell) medlem engagera dig i KD eller kommunen? L\u00e4s mer om <a href=\"https:\/\/wp.kristdemokraterna.se\/lomma\/din-rost\/engagera-dig-i-kd-lomma-bjarred\/\">att engera sig i KD Lomma\/Bj\u00e4rred<\/a>.<\/p>\n<p>&nbsp;<\/p>\n","protected":false},"excerpt":{"rendered":"<p>V\u00e5rt existensber\u00e4ttigande som parti \u00e4r att v\u00e4rna en ideologisk utg\u00e5ngspunkt i ett praktiskt politiskt arbete med medborgares f\u00f6rtroende. Lokalt vill vi verka f\u00f6r att hela Lomma\/Bj\u00e4rred ska blomstra. \u2013 Vi vill g\u00e4rna h\u00f6ra vad du har att s\u00e4ga om KD Lomma\/Bj\u00e4rred, eller vad du har att s\u00e4ga om Lomma kommun. Vi vill verka f\u00f6r en <a class=\"read-more-link\" href=\"https:\/\/wp.kristdemokraterna.se\/lomma\/din-rost\/\">L\u00e4s mer<\/a><\/p>\n","protected":false},"author":1041,"featured_media":0,"parent":0,"menu_order":0,"comment_status":"closed","ping_status":"closed","template":"","meta":{"_acf_changed":false,"footnotes":""},"class_list":["post-601","page","type-page","status-publish","hentry"],"acf":[],"yoast_head":"<!-- This site is optimized with the Yoast SEO plugin v27.4 - https:\/\/yoast.com\/product\/yoast-seo-wordpress\/ -->\n<title>Din r\u00f6st - Kristdemokraterna | Lomma<\/title>\n<meta name=\"robots\" content=\"index, follow, max-snippet:-1, max-image-preview:large, max-video-preview:-1\" \/>\n<link rel=\"canonical\" href=\"https:\/\/wp.kristdemokraterna.se\/lomma\/din-rost\/\" \/>\n<meta property=\"og:locale\" content=\"sv_SE\" \/>\n<meta property=\"og:type\" content=\"article\" \/>\n<meta property=\"og:title\" content=\"Din r\u00f6st - Kristdemokraterna | Lomma\" \/>\n<meta property=\"og:description\" content=\"V\u00e5rt existensber\u00e4ttigande som parti \u00e4r att v\u00e4rna en ideologisk utg\u00e5ngspunkt i ett praktiskt politiskt arbete med medborgares f\u00f6rtroende. Lokalt vill vi verka f\u00f6r att hela Lomma\/Bj\u00e4rred ska blomstra. \u2013 Vi vill g\u00e4rna h\u00f6ra vad du har att s\u00e4ga om KD Lomma\/Bj\u00e4rred, eller vad du har att s\u00e4ga om Lomma kommun. Vi vill verka f\u00f6r en L\u00e4s mer\" \/>\n<meta property=\"og:url\" content=\"https:\/\/wp.kristdemokraterna.se\/lomma\/din-rost\/\" \/>\n<meta property=\"og:site_name\" content=\"Kristdemokraterna | Lomma\" \/>\n<meta property=\"article:modified_time\" content=\"2024-03-22T08:15:31+00:00\" \/>\n<meta name=\"twitter:card\" content=\"summary_large_image\" \/>\n<meta name=\"twitter:label1\" content=\"Ber\u00e4knad l\u00e4stid\" \/>\n\t<meta name=\"twitter:data1\" content=\"1 minut\" \/>\n<script type=\"application\/ld+json\" class=\"yoast-schema-graph\">{\"@context\":\"https:\\\/\\\/schema.org\",\"@graph\":[{\"@type\":\"WebPage\",\"@id\":\"https:\\\/\\\/wp.kristdemokraterna.se\\\/lomma\\\/din-rost\\\/\",\"url\":\"https:\\\/\\\/wp.kristdemokraterna.se\\\/lomma\\\/din-rost\\\/\",\"name\":\"Din r\u00f6st - Kristdemokraterna | Lomma\",\"isPartOf\":{\"@id\":\"https:\\\/\\\/wp.kristdemokraterna.se\\\/lomma\\\/#website\"},\"datePublished\":\"2024-03-22T06:59:29+00:00\",\"dateModified\":\"2024-03-22T08:15:31+00:00\",\"breadcrumb\":{\"@id\":\"https:\\\/\\\/wp.kristdemokraterna.se\\\/lomma\\\/din-rost\\\/#breadcrumb\"},\"inLanguage\":\"sv-SE\",\"potentialAction\":[{\"@type\":\"ReadAction\",\"target\":[\"https:\\\/\\\/wp.kristdemokraterna.se\\\/lomma\\\/din-rost\\\/\"]}]},{\"@type\":\"BreadcrumbList\",\"@id\":\"https:\\\/\\\/wp.kristdemokraterna.se\\\/lomma\\\/din-rost\\\/#breadcrumb\",\"itemListElement\":[{\"@type\":\"ListItem\",\"position\":1,\"name\":\"Hem\",\"item\":\"https:\\\/\\\/wp.kristdemokraterna.se\\\/lomma\\\/\"},{\"@type\":\"ListItem\",\"position\":2,\"name\":\"Din r\u00f6st\"}]},{\"@type\":\"WebSite\",\"@id\":\"https:\\\/\\\/wp.kristdemokraterna.se\\\/lomma\\\/#website\",\"url\":\"https:\\\/\\\/wp.kristdemokraterna.se\\\/lomma\\\/\",\"name\":\"Kristdemokraterna | Lomma\",\"description\":\"Vi vill att hela Lomma\\\/Bj\u00e4rred ska frodas\",\"inLanguage\":\"sv-SE\"}]}<\/script>\n<!-- \/ Yoast SEO plugin. -->","yoast_head_json":{"title":"Din r\u00f6st - Kristdemokraterna | Lomma","robots":{"index":"index","follow":"follow","max-snippet":"max-snippet:-1","max-image-preview":"max-image-preview:large","max-video-preview":"max-video-preview:-1"},"canonical":"https:\/\/wp.kristdemokraterna.se\/lomma\/din-rost\/","og_locale":"sv_SE","og_type":"article","og_title":"Din r\u00f6st - Kristdemokraterna | Lomma","og_description":"V\u00e5rt existensber\u00e4ttigande som parti \u00e4r att v\u00e4rna en ideologisk utg\u00e5ngspunkt i ett praktiskt politiskt arbete med medborgares f\u00f6rtroende. Lokalt vill vi verka f\u00f6r att hela Lomma\/Bj\u00e4rred ska blomstra. \u2013 Vi vill g\u00e4rna h\u00f6ra vad du har att s\u00e4ga om KD Lomma\/Bj\u00e4rred, eller vad du har att s\u00e4ga om Lomma kommun. Vi vill verka f\u00f6r en L\u00e4s mer","og_url":"https:\/\/wp.kristdemokraterna.se\/lomma\/din-rost\/","og_site_name":"Kristdemokraterna | Lomma","article_modified_time":"2024-03-22T08:15:31+00:00","twitter_card":"summary_large_image","twitter_misc":{"Ber\u00e4knad l\u00e4stid":"1 minut"},"schema":{"@context":"https:\/\/schema.org","@graph":[{"@type":"WebPage","@id":"https:\/\/wp.kristdemokraterna.se\/lomma\/din-rost\/","url":"https:\/\/wp.kristdemokraterna.se\/lomma\/din-rost\/","name":"Din r\u00f6st - Kristdemokraterna | Lomma","isPartOf":{"@id":"https:\/\/wp.kristdemokraterna.se\/lomma\/#website"},"datePublished":"2024-03-22T06:59:29+00:00","dateModified":"2024-03-22T08:15:31+00:00","breadcrumb":{"@id":"https:\/\/wp.kristdemokraterna.se\/lomma\/din-rost\/#breadcrumb"},"inLanguage":"sv-SE","potentialAction":[{"@type":"ReadAction","target":["https:\/\/wp.kristdemokraterna.se\/lomma\/din-rost\/"]}]},{"@type":"BreadcrumbList","@id":"https:\/\/wp.kristdemokraterna.se\/lomma\/din-rost\/#breadcrumb","itemListElement":[{"@type":"ListItem","position":1,"name":"Hem","item":"https:\/\/wp.kristdemokraterna.se\/lomma\/"},{"@type":"ListItem","position":2,"name":"Din r\u00f6st"}]},{"@type":"WebSite","@id":"https:\/\/wp.kristdemokraterna.se\/lomma\/#website","url":"https:\/\/wp.kristdemokraterna.se\/lomma\/","name":"Kristdemokraterna | Lomma","description":"Vi vill att hela Lomma\/Bj\u00e4rred ska frodas","inLanguage":"sv-SE"}]}},"_links":{"self":[{"href":"https:\/\/wp.kristdemokraterna.se\/lomma\/wp-json\/wp\/v2\/pages\/601","targetHints":{"allow":["GET"]}}],"collection":[{"href":"https:\/\/wp.kristdemokraterna.se\/lomma\/wp-json\/wp\/v2\/pages"}],"about":[{"href":"https:\/\/wp.kristdemokraterna.se\/lomma\/wp-json\/wp\/v2\/types\/page"}],"author":[{"embeddable":true,"href":"https:\/\/wp.kristdemokraterna.se\/lomma\/wp-json\/wp\/v2\/users\/1041"}],"replies":[{"embeddable":true,"href":"https:\/\/wp.kristdemokraterna.se\/lomma\/wp-json\/wp\/v2\/comments?post=601"}],"version-history":[{"count":5,"href":"https:\/\/wp.kristdemokraterna.se\/lomma\/wp-json\/wp\/v2\/pages\/601\/revisions"}],"predecessor-version":[{"id":626,"href":"https:\/\/wp.kristdemokraterna.se\/lomma\/wp-json\/wp\/v2\/pages\/601\/revisions\/626"}],"wp:attachment":[{"href":"https:\/\/wp.kristdemokraterna.se\/lomma\/wp-json\/wp\/v2\/media?parent=601"}],"curies":[{"name":"wp","href":"https:\/\/api.w.org\/{rel}","templated":true}]}}