{"id":605,"date":"2024-03-22T08:11:53","date_gmt":"2024-03-22T07:11:53","guid":{"rendered":"https:\/\/wp.kristdemokraterna.se\/lomma\/?page_id=605"},"modified":"2024-03-22T08:36:26","modified_gmt":"2024-03-22T07:36:26","slug":"vi-varnar-din-rost-som-kommuninvanare","status":"publish","type":"page","link":"https:\/\/wp.kristdemokraterna.se\/lomma\/din-rost\/vi-varnar-din-rost-som-kommuninvanare\/","title":{"rendered":"Vi v\u00e4rnar din r\u00f6st som kommuninv\u00e5nare"},"content":{"rendered":"<p>Hej kommuninv\u00e5nare!<\/p>\n<p>Vi \u00f6nskar v\u00e4rna de r\u00f6ster som lagts f\u00f6r KDs r\u00e4kning i Lomma kommun. Vi vill \u00e4n mer v\u00e4rna en kommun d\u00e4r alla kommunens delar blomstrar. S\u00e5 vare sig du r\u00f6stat p\u00e5 oss eller inte vill vi lyssna!<\/p>\n<p>Om du har specifika fr\u00e5gor du vill dryfta kan du g\u00f6ra det med v\u00e5ra f\u00f6rtroendevalda i de relevanta n\u00e4mnderna. Se <a href=\"https:\/\/wp.kristdemokraterna.se\/lomma\/lomma\/fortroendevalda\/\">KD Lomma\/Bj\u00e4rreds f\u00f6rtroendevalda<\/a>. Du kan \u00e4ven <a href=\"https:\/\/wp.kristdemokraterna.se\/lomma\/lomma\/kontakta-oss\/\">kontakta ordf\u00f6randen eller vice ordf\u00f6randen<\/a>.<\/p>\n<p>Din r\u00f6st g\u00f6r sig \u00e4n b\u00e4ttre h\u00f6rd om du v\u00e4ljer att <a href=\"https:\/\/wp.kristdemokraterna.se\/lomma\/din-rost\/bli-medlem\/\">bli medlem<\/a> och kanske dessutom <a href=\"https:\/\/wp.kristdemokraterna.se\/lomma\/din-rost\/engagera-dig-i-kd-lomma-bjarred\/\">engagera dig aktivt i KD Lomma\/Bj\u00e4rred<\/a>.<\/p>\n<p>&nbsp;<\/p>\n<p>&nbsp;<\/p>\n","protected":false},"excerpt":{"rendered":"<p>Hej kommuninv\u00e5nare! Vi \u00f6nskar v\u00e4rna de r\u00f6ster som lagts f\u00f6r KDs r\u00e4kning i Lomma kommun. Vi vill \u00e4n mer v\u00e4rna en kommun d\u00e4r alla kommunens delar blomstrar. S\u00e5 vare sig du r\u00f6stat p\u00e5 oss eller inte vill vi lyssna! Om du har specifika fr\u00e5gor du vill dryfta kan du g\u00f6ra det med v\u00e5ra f\u00f6rtroendevalda i <a class=\"read-more-link\" href=\"https:\/\/wp.kristdemokraterna.se\/lomma\/din-rost\/vi-varnar-din-rost-som-kommuninvanare\/\">L\u00e4s mer<\/a><\/p>\n","protected":false},"author":1041,"featured_media":0,"parent":601,"menu_order":0,"comment_status":"closed","ping_status":"closed","template":"","meta":{"_acf_changed":false,"footnotes":""},"class_list":["post-605","page","type-page","status-publish","hentry"],"acf":[],"yoast_head":"<!-- This site is optimized with the Yoast SEO plugin v27.5 - https:\/\/yoast.com\/product\/yoast-seo-wordpress\/ -->\n<title>Vi v\u00e4rnar din r\u00f6st som kommuninv\u00e5nare - Kristdemokraterna | Lomma<\/title>\n<meta name=\"robots\" content=\"index, follow, max-snippet:-1, max-image-preview:large, max-video-preview:-1\" \/>\n<link rel=\"canonical\" href=\"https:\/\/wp.kristdemokraterna.se\/lomma\/din-rost\/vi-varnar-din-rost-som-kommuninvanare\/\" \/>\n<meta property=\"og:locale\" content=\"sv_SE\" \/>\n<meta property=\"og:type\" content=\"article\" \/>\n<meta property=\"og:title\" content=\"Vi v\u00e4rnar din r\u00f6st som kommuninv\u00e5nare - Kristdemokraterna | Lomma\" \/>\n<meta property=\"og:description\" content=\"Hej kommuninv\u00e5nare! Vi \u00f6nskar v\u00e4rna de r\u00f6ster som lagts f\u00f6r KDs r\u00e4kning i Lomma kommun. Vi vill \u00e4n mer v\u00e4rna en kommun d\u00e4r alla kommunens delar blomstrar. S\u00e5 vare sig du r\u00f6stat p\u00e5 oss eller inte vill vi lyssna! Om du har specifika fr\u00e5gor du vill dryfta kan du g\u00f6ra det med v\u00e5ra f\u00f6rtroendevalda i L\u00e4s mer\" \/>\n<meta property=\"og:url\" content=\"https:\/\/wp.kristdemokraterna.se\/lomma\/din-rost\/vi-varnar-din-rost-som-kommuninvanare\/\" \/>\n<meta property=\"og:site_name\" content=\"Kristdemokraterna | Lomma\" \/>\n<meta property=\"article:modified_time\" content=\"2024-03-22T07:36:26+00:00\" \/>\n<meta name=\"twitter:card\" content=\"summary_large_image\" \/>\n<meta name=\"twitter:label1\" content=\"Ber\u00e4knad l\u00e4stid\" \/>\n\t<meta name=\"twitter:data1\" content=\"1 minut\" \/>\n<script type=\"application\/ld+json\" class=\"yoast-schema-graph\">{\"@context\":\"https:\\\/\\\/schema.org\",\"@graph\":[{\"@type\":\"WebPage\",\"@id\":\"https:\\\/\\\/wp.kristdemokraterna.se\\\/lomma\\\/din-rost\\\/vi-varnar-din-rost-som-kommuninvanare\\\/\",\"url\":\"https:\\\/\\\/wp.kristdemokraterna.se\\\/lomma\\\/din-rost\\\/vi-varnar-din-rost-som-kommuninvanare\\\/\",\"name\":\"Vi v\u00e4rnar din r\u00f6st som kommuninv\u00e5nare - Kristdemokraterna | Lomma\",\"isPartOf\":{\"@id\":\"https:\\\/\\\/wp.kristdemokraterna.se\\\/lomma\\\/#website\"},\"datePublished\":\"2024-03-22T07:11:53+00:00\",\"dateModified\":\"2024-03-22T07:36:26+00:00\",\"breadcrumb\":{\"@id\":\"https:\\\/\\\/wp.kristdemokraterna.se\\\/lomma\\\/din-rost\\\/vi-varnar-din-rost-som-kommuninvanare\\\/#breadcrumb\"},\"inLanguage\":\"sv-SE\",\"potentialAction\":[{\"@type\":\"ReadAction\",\"target\":[\"https:\\\/\\\/wp.kristdemokraterna.se\\\/lomma\\\/din-rost\\\/vi-varnar-din-rost-som-kommuninvanare\\\/\"]}]},{\"@type\":\"BreadcrumbList\",\"@id\":\"https:\\\/\\\/wp.kristdemokraterna.se\\\/lomma\\\/din-rost\\\/vi-varnar-din-rost-som-kommuninvanare\\\/#breadcrumb\",\"itemListElement\":[{\"@type\":\"ListItem\",\"position\":1,\"name\":\"Hem\",\"item\":\"https:\\\/\\\/wp.kristdemokraterna.se\\\/lomma\\\/\"},{\"@type\":\"ListItem\",\"position\":2,\"name\":\"Din r\u00f6st\",\"item\":\"https:\\\/\\\/wp.kristdemokraterna.se\\\/lomma\\\/din-rost\\\/\"},{\"@type\":\"ListItem\",\"position\":3,\"name\":\"Vi v\u00e4rnar din r\u00f6st som kommuninv\u00e5nare\"}]},{\"@type\":\"WebSite\",\"@id\":\"https:\\\/\\\/wp.kristdemokraterna.se\\\/lomma\\\/#website\",\"url\":\"https:\\\/\\\/wp.kristdemokraterna.se\\\/lomma\\\/\",\"name\":\"Kristdemokraterna | Lomma\",\"description\":\"Vi vill att hela Lomma\\\/Bj\u00e4rred ska frodas\",\"inLanguage\":\"sv-SE\"}]}<\/script>\n<!-- \/ Yoast SEO plugin. -->","yoast_head_json":{"title":"Vi v\u00e4rnar din r\u00f6st som kommuninv\u00e5nare - Kristdemokraterna | Lomma","robots":{"index":"index","follow":"follow","max-snippet":"max-snippet:-1","max-image-preview":"max-image-preview:large","max-video-preview":"max-video-preview:-1"},"canonical":"https:\/\/wp.kristdemokraterna.se\/lomma\/din-rost\/vi-varnar-din-rost-som-kommuninvanare\/","og_locale":"sv_SE","og_type":"article","og_title":"Vi v\u00e4rnar din r\u00f6st som kommuninv\u00e5nare - Kristdemokraterna | Lomma","og_description":"Hej kommuninv\u00e5nare! Vi \u00f6nskar v\u00e4rna de r\u00f6ster som lagts f\u00f6r KDs r\u00e4kning i Lomma kommun. Vi vill \u00e4n mer v\u00e4rna en kommun d\u00e4r alla kommunens delar blomstrar. S\u00e5 vare sig du r\u00f6stat p\u00e5 oss eller inte vill vi lyssna! Om du har specifika fr\u00e5gor du vill dryfta kan du g\u00f6ra det med v\u00e5ra f\u00f6rtroendevalda i L\u00e4s mer","og_url":"https:\/\/wp.kristdemokraterna.se\/lomma\/din-rost\/vi-varnar-din-rost-som-kommuninvanare\/","og_site_name":"Kristdemokraterna | Lomma","article_modified_time":"2024-03-22T07:36:26+00:00","twitter_card":"summary_large_image","twitter_misc":{"Ber\u00e4knad l\u00e4stid":"1 minut"},"schema":{"@context":"https:\/\/schema.org","@graph":[{"@type":"WebPage","@id":"https:\/\/wp.kristdemokraterna.se\/lomma\/din-rost\/vi-varnar-din-rost-som-kommuninvanare\/","url":"https:\/\/wp.kristdemokraterna.se\/lomma\/din-rost\/vi-varnar-din-rost-som-kommuninvanare\/","name":"Vi v\u00e4rnar din r\u00f6st som kommuninv\u00e5nare - Kristdemokraterna | Lomma","isPartOf":{"@id":"https:\/\/wp.kristdemokraterna.se\/lomma\/#website"},"datePublished":"2024-03-22T07:11:53+00:00","dateModified":"2024-03-22T07:36:26+00:00","breadcrumb":{"@id":"https:\/\/wp.kristdemokraterna.se\/lomma\/din-rost\/vi-varnar-din-rost-som-kommuninvanare\/#breadcrumb"},"inLanguage":"sv-SE","potentialAction":[{"@type":"ReadAction","target":["https:\/\/wp.kristdemokraterna.se\/lomma\/din-rost\/vi-varnar-din-rost-som-kommuninvanare\/"]}]},{"@type":"BreadcrumbList","@id":"https:\/\/wp.kristdemokraterna.se\/lomma\/din-rost\/vi-varnar-din-rost-som-kommuninvanare\/#breadcrumb","itemListElement":[{"@type":"ListItem","position":1,"name":"Hem","item":"https:\/\/wp.kristdemokraterna.se\/lomma\/"},{"@type":"ListItem","position":2,"name":"Din r\u00f6st","item":"https:\/\/wp.kristdemokraterna.se\/lomma\/din-rost\/"},{"@type":"ListItem","position":3,"name":"Vi v\u00e4rnar din r\u00f6st som kommuninv\u00e5nare"}]},{"@type":"WebSite","@id":"https:\/\/wp.kristdemokraterna.se\/lomma\/#website","url":"https:\/\/wp.kristdemokraterna.se\/lomma\/","name":"Kristdemokraterna | Lomma","description":"Vi vill att hela Lomma\/Bj\u00e4rred ska frodas","inLanguage":"sv-SE"}]}},"_links":{"self":[{"href":"https:\/\/wp.kristdemokraterna.se\/lomma\/wp-json\/wp\/v2\/pages\/605","targetHints":{"allow":["GET"]}}],"collection":[{"href":"https:\/\/wp.kristdemokraterna.se\/lomma\/wp-json\/wp\/v2\/pages"}],"about":[{"href":"https:\/\/wp.kristdemokraterna.se\/lomma\/wp-json\/wp\/v2\/types\/page"}],"author":[{"embeddable":true,"href":"https:\/\/wp.kristdemokraterna.se\/lomma\/wp-json\/wp\/v2\/users\/1041"}],"replies":[{"embeddable":true,"href":"https:\/\/wp.kristdemokraterna.se\/lomma\/wp-json\/wp\/v2\/comments?post=605"}],"version-history":[{"count":3,"href":"https:\/\/wp.kristdemokraterna.se\/lomma\/wp-json\/wp\/v2\/pages\/605\/revisions"}],"predecessor-version":[{"id":615,"href":"https:\/\/wp.kristdemokraterna.se\/lomma\/wp-json\/wp\/v2\/pages\/605\/revisions\/615"}],"up":[{"embeddable":true,"href":"https:\/\/wp.kristdemokraterna.se\/lomma\/wp-json\/wp\/v2\/pages\/601"}],"wp:attachment":[{"href":"https:\/\/wp.kristdemokraterna.se\/lomma\/wp-json\/wp\/v2\/media?parent=605"}],"curies":[{"name":"wp","href":"https:\/\/api.w.org\/{rel}","templated":true}]}}