{"id":607,"date":"2024-03-22T08:20:26","date_gmt":"2024-03-22T07:20:26","guid":{"rendered":"https:\/\/wp.kristdemokraterna.se\/lomma\/?page_id=607"},"modified":"2024-03-22T08:35:05","modified_gmt":"2024-03-22T07:35:05","slug":"bli-medlem","status":"publish","type":"page","link":"https:\/\/wp.kristdemokraterna.se\/lomma\/din-rost\/bli-medlem\/","title":{"rendered":"Bli medlem"},"content":{"rendered":"<p>Hej!<\/p>\n<p>F\u00f6r att kunna driva v\u00e5ra fr\u00e5gor och v\u00e5r ideologi i hela Lomma kommun beh\u00f6ver vi fler medlemmar. Det ger en tyngd till det vi tycker, ger oss m\u00f6jlighet att f\u00e5 input fr\u00e5n fler &#8211; och du f\u00e5r en st\u00f6rre chans att p\u00e5verka f\u00f6r ett b\u00e4ttre Lomma\/Bj\u00e4rred.<\/p>\n<p>Du kan ans\u00f6ka om att bli medlem <a href=\"https:\/\/kristdemokraterna.se\/engagera-dig\/bli-medlem\">h\u00e4r<\/a>. Det kan vara gott att f\u00f6rst ha satt dig in lite l\u00e4tt i v\u00e5r <a href=\"https:\/\/wp.kristdemokraterna.se\/lomma\/textsida-fullbredd\/\">ideologi<\/a> och kanske <a href=\"https:\/\/wp.kristdemokraterna.se\/lomma\/lomma\/kontakta-oss\/\">h\u00f6rt av dig till oss<\/a>, s\u00e5 att vi vet hur vi b\u00e4st kan ta emot dig i partiet.<\/p>\n<p>I KD Lomma\/Bj\u00e4rred verkar vi mot samma m\u00e5l \u00e4ven om vi ibland har olika \u00e5sikter bland medlemmarna. Det \u00e4r en del av den politiska processen! S\u00e5 dina chanser att f\u00f6rverkliga dina ideer och kunna verka f\u00f6r en b\u00e4ttre kommun inom KD Lomma\/Bj\u00e4rred \u00f6kar om du <a href=\"https:\/\/wp.kristdemokraterna.se\/lomma\/din-rost\/engagera-dig-i-kd-lomma-bjarred\/\">engerar dig aktivt<\/a> efter att du blivit medlem. Men det \u00e4r givetvis inget krav.<\/p>\n<p>Din KD-resa kan b\u00f6rja <a href=\"https:\/\/kristdemokraterna.se\/engagera-dig\/bli-medlem\">redan nu<\/a>.<\/p>\n","protected":false},"excerpt":{"rendered":"<p>Hej! F\u00f6r att kunna driva v\u00e5ra fr\u00e5gor och v\u00e5r ideologi i hela Lomma kommun beh\u00f6ver vi fler medlemmar. Det ger en tyngd till det vi tycker, ger oss m\u00f6jlighet att f\u00e5 input fr\u00e5n fler &#8211; och du f\u00e5r en st\u00f6rre chans att p\u00e5verka f\u00f6r ett b\u00e4ttre Lomma\/Bj\u00e4rred. Du kan ans\u00f6ka om att bli medlem h\u00e4r. <a class=\"read-more-link\" href=\"https:\/\/wp.kristdemokraterna.se\/lomma\/din-rost\/bli-medlem\/\">L\u00e4s mer<\/a><\/p>\n","protected":false},"author":1041,"featured_media":0,"parent":601,"menu_order":0,"comment_status":"closed","ping_status":"closed","template":"","meta":{"_acf_changed":false,"footnotes":""},"class_list":["post-607","page","type-page","status-publish","hentry"],"acf":[],"yoast_head":"<!-- This site is optimized with the Yoast SEO plugin v27.5 - https:\/\/yoast.com\/product\/yoast-seo-wordpress\/ -->\n<title>Bli medlem - Kristdemokraterna | Lomma<\/title>\n<meta name=\"robots\" content=\"index, follow, max-snippet:-1, max-image-preview:large, max-video-preview:-1\" \/>\n<link rel=\"canonical\" href=\"https:\/\/wp.kristdemokraterna.se\/lomma\/din-rost\/bli-medlem\/\" \/>\n<meta property=\"og:locale\" content=\"sv_SE\" \/>\n<meta property=\"og:type\" content=\"article\" \/>\n<meta property=\"og:title\" content=\"Bli medlem - Kristdemokraterna | Lomma\" \/>\n<meta property=\"og:description\" content=\"Hej! F\u00f6r att kunna driva v\u00e5ra fr\u00e5gor och v\u00e5r ideologi i hela Lomma kommun beh\u00f6ver vi fler medlemmar. Det ger en tyngd till det vi tycker, ger oss m\u00f6jlighet att f\u00e5 input fr\u00e5n fler &#8211; och du f\u00e5r en st\u00f6rre chans att p\u00e5verka f\u00f6r ett b\u00e4ttre Lomma\/Bj\u00e4rred. Du kan ans\u00f6ka om att bli medlem h\u00e4r. L\u00e4s mer\" \/>\n<meta property=\"og:url\" content=\"https:\/\/wp.kristdemokraterna.se\/lomma\/din-rost\/bli-medlem\/\" \/>\n<meta property=\"og:site_name\" content=\"Kristdemokraterna | Lomma\" \/>\n<meta property=\"article:modified_time\" content=\"2024-03-22T07:35:05+00:00\" \/>\n<meta name=\"twitter:card\" content=\"summary_large_image\" \/>\n<meta name=\"twitter:label1\" content=\"Ber\u00e4knad l\u00e4stid\" \/>\n\t<meta name=\"twitter:data1\" content=\"1 minut\" \/>\n<script type=\"application\/ld+json\" class=\"yoast-schema-graph\">{\"@context\":\"https:\\\/\\\/schema.org\",\"@graph\":[{\"@type\":\"WebPage\",\"@id\":\"https:\\\/\\\/wp.kristdemokraterna.se\\\/lomma\\\/din-rost\\\/bli-medlem\\\/\",\"url\":\"https:\\\/\\\/wp.kristdemokraterna.se\\\/lomma\\\/din-rost\\\/bli-medlem\\\/\",\"name\":\"Bli medlem - Kristdemokraterna | Lomma\",\"isPartOf\":{\"@id\":\"https:\\\/\\\/wp.kristdemokraterna.se\\\/lomma\\\/#website\"},\"datePublished\":\"2024-03-22T07:20:26+00:00\",\"dateModified\":\"2024-03-22T07:35:05+00:00\",\"breadcrumb\":{\"@id\":\"https:\\\/\\\/wp.kristdemokraterna.se\\\/lomma\\\/din-rost\\\/bli-medlem\\\/#breadcrumb\"},\"inLanguage\":\"sv-SE\",\"potentialAction\":[{\"@type\":\"ReadAction\",\"target\":[\"https:\\\/\\\/wp.kristdemokraterna.se\\\/lomma\\\/din-rost\\\/bli-medlem\\\/\"]}]},{\"@type\":\"BreadcrumbList\",\"@id\":\"https:\\\/\\\/wp.kristdemokraterna.se\\\/lomma\\\/din-rost\\\/bli-medlem\\\/#breadcrumb\",\"itemListElement\":[{\"@type\":\"ListItem\",\"position\":1,\"name\":\"Hem\",\"item\":\"https:\\\/\\\/wp.kristdemokraterna.se\\\/lomma\\\/\"},{\"@type\":\"ListItem\",\"position\":2,\"name\":\"Din r\u00f6st\",\"item\":\"https:\\\/\\\/wp.kristdemokraterna.se\\\/lomma\\\/din-rost\\\/\"},{\"@type\":\"ListItem\",\"position\":3,\"name\":\"Bli medlem\"}]},{\"@type\":\"WebSite\",\"@id\":\"https:\\\/\\\/wp.kristdemokraterna.se\\\/lomma\\\/#website\",\"url\":\"https:\\\/\\\/wp.kristdemokraterna.se\\\/lomma\\\/\",\"name\":\"Kristdemokraterna | Lomma\",\"description\":\"Vi vill att hela Lomma\\\/Bj\u00e4rred ska frodas\",\"inLanguage\":\"sv-SE\"}]}<\/script>\n<!-- \/ Yoast SEO plugin. -->","yoast_head_json":{"title":"Bli medlem - Kristdemokraterna | Lomma","robots":{"index":"index","follow":"follow","max-snippet":"max-snippet:-1","max-image-preview":"max-image-preview:large","max-video-preview":"max-video-preview:-1"},"canonical":"https:\/\/wp.kristdemokraterna.se\/lomma\/din-rost\/bli-medlem\/","og_locale":"sv_SE","og_type":"article","og_title":"Bli medlem - Kristdemokraterna | Lomma","og_description":"Hej! F\u00f6r att kunna driva v\u00e5ra fr\u00e5gor och v\u00e5r ideologi i hela Lomma kommun beh\u00f6ver vi fler medlemmar. Det ger en tyngd till det vi tycker, ger oss m\u00f6jlighet att f\u00e5 input fr\u00e5n fler &#8211; och du f\u00e5r en st\u00f6rre chans att p\u00e5verka f\u00f6r ett b\u00e4ttre Lomma\/Bj\u00e4rred. Du kan ans\u00f6ka om att bli medlem h\u00e4r. L\u00e4s mer","og_url":"https:\/\/wp.kristdemokraterna.se\/lomma\/din-rost\/bli-medlem\/","og_site_name":"Kristdemokraterna | Lomma","article_modified_time":"2024-03-22T07:35:05+00:00","twitter_card":"summary_large_image","twitter_misc":{"Ber\u00e4knad l\u00e4stid":"1 minut"},"schema":{"@context":"https:\/\/schema.org","@graph":[{"@type":"WebPage","@id":"https:\/\/wp.kristdemokraterna.se\/lomma\/din-rost\/bli-medlem\/","url":"https:\/\/wp.kristdemokraterna.se\/lomma\/din-rost\/bli-medlem\/","name":"Bli medlem - Kristdemokraterna | Lomma","isPartOf":{"@id":"https:\/\/wp.kristdemokraterna.se\/lomma\/#website"},"datePublished":"2024-03-22T07:20:26+00:00","dateModified":"2024-03-22T07:35:05+00:00","breadcrumb":{"@id":"https:\/\/wp.kristdemokraterna.se\/lomma\/din-rost\/bli-medlem\/#breadcrumb"},"inLanguage":"sv-SE","potentialAction":[{"@type":"ReadAction","target":["https:\/\/wp.kristdemokraterna.se\/lomma\/din-rost\/bli-medlem\/"]}]},{"@type":"BreadcrumbList","@id":"https:\/\/wp.kristdemokraterna.se\/lomma\/din-rost\/bli-medlem\/#breadcrumb","itemListElement":[{"@type":"ListItem","position":1,"name":"Hem","item":"https:\/\/wp.kristdemokraterna.se\/lomma\/"},{"@type":"ListItem","position":2,"name":"Din r\u00f6st","item":"https:\/\/wp.kristdemokraterna.se\/lomma\/din-rost\/"},{"@type":"ListItem","position":3,"name":"Bli medlem"}]},{"@type":"WebSite","@id":"https:\/\/wp.kristdemokraterna.se\/lomma\/#website","url":"https:\/\/wp.kristdemokraterna.se\/lomma\/","name":"Kristdemokraterna | Lomma","description":"Vi vill att hela Lomma\/Bj\u00e4rred ska frodas","inLanguage":"sv-SE"}]}},"_links":{"self":[{"href":"https:\/\/wp.kristdemokraterna.se\/lomma\/wp-json\/wp\/v2\/pages\/607","targetHints":{"allow":["GET"]}}],"collection":[{"href":"https:\/\/wp.kristdemokraterna.se\/lomma\/wp-json\/wp\/v2\/pages"}],"about":[{"href":"https:\/\/wp.kristdemokraterna.se\/lomma\/wp-json\/wp\/v2\/types\/page"}],"author":[{"embeddable":true,"href":"https:\/\/wp.kristdemokraterna.se\/lomma\/wp-json\/wp\/v2\/users\/1041"}],"replies":[{"embeddable":true,"href":"https:\/\/wp.kristdemokraterna.se\/lomma\/wp-json\/wp\/v2\/comments?post=607"}],"version-history":[{"count":3,"href":"https:\/\/wp.kristdemokraterna.se\/lomma\/wp-json\/wp\/v2\/pages\/607\/revisions"}],"predecessor-version":[{"id":613,"href":"https:\/\/wp.kristdemokraterna.se\/lomma\/wp-json\/wp\/v2\/pages\/607\/revisions\/613"}],"up":[{"embeddable":true,"href":"https:\/\/wp.kristdemokraterna.se\/lomma\/wp-json\/wp\/v2\/pages\/601"}],"wp:attachment":[{"href":"https:\/\/wp.kristdemokraterna.se\/lomma\/wp-json\/wp\/v2\/media?parent=607"}],"curies":[{"name":"wp","href":"https:\/\/api.w.org\/{rel}","templated":true}]}}