{"id":609,"date":"2024-03-22T08:31:59","date_gmt":"2024-03-22T07:31:59","guid":{"rendered":"https:\/\/wp.kristdemokraterna.se\/lomma\/?page_id=609"},"modified":"2024-03-22T09:15:49","modified_gmt":"2024-03-22T08:15:49","slug":"engagera-dig-i-kd-lomma-bjarred","status":"publish","type":"page","link":"https:\/\/wp.kristdemokraterna.se\/lomma\/din-rost\/engagera-dig-i-kd-lomma-bjarred\/","title":{"rendered":"Engagera dig i KD Lomma\/Bj\u00e4rred"},"content":{"rendered":"<p>KD Lomma\/Bj\u00e4rred beh\u00f6ver fler medlemmar som engagerar sig b\u00e5de internt i Lomma\/Bj\u00e4rred och f\u00f6r KDs sak i kommunen. Du kan engagera dig i styrelse eller arbetsgrupper i det lokala partiet, genom att st\u00e5 p\u00e5 valbar plats, delta i eller driva kampanjandet inf\u00f6r eller mellan val, och\/eller som ledamot eller ers\u00e4ttare i kommunens n\u00e4mnder.<\/p>\n<p>\u00c4r du medlem <a href=\"https:\/\/wp.kristdemokraterna.se\/lomma\/din-rost\/bli-medlem\/\">eller kan t\u00e4nkas bli<\/a>? <a href=\"https:\/\/wp.kristdemokraterna.se\/lomma\/lomma\/kontakta-oss\/\">Kontakta<\/a> d\u00e5 g\u00e4rna oss i KD Lomma\/Bj\u00e4rred s\u00e5 kan vi diskutera hur just du skulle kunna engagera dig p\u00e5 dina villkor.<\/p>\n<p>Om du vill engagera dig inom KD Lomma\/Bj\u00e4rred som t.ex. ledamot eller ers\u00e4ttare i styrelsen s\u00e5 kan du \u00e4ven kontakta valberedningen:<\/p>\n<p>\u2013 BG Svensson, +46706982021<br \/>\n\u2013 Hemming Svensson, +46700952050<\/p>\n<p>Vi ser fram emot att ha dig med!<\/p>\n","protected":false},"excerpt":{"rendered":"<p>KD Lomma\/Bj\u00e4rred beh\u00f6ver fler medlemmar som engagerar sig b\u00e5de internt i Lomma\/Bj\u00e4rred och f\u00f6r KDs sak i kommunen. Du kan engagera dig i styrelse eller arbetsgrupper i det lokala partiet, genom att st\u00e5 p\u00e5 valbar plats, delta i eller driva kampanjandet inf\u00f6r eller mellan val, och\/eller som ledamot eller ers\u00e4ttare i kommunens n\u00e4mnder. \u00c4r du <a class=\"read-more-link\" href=\"https:\/\/wp.kristdemokraterna.se\/lomma\/din-rost\/engagera-dig-i-kd-lomma-bjarred\/\">L\u00e4s mer<\/a><\/p>\n","protected":false},"author":1041,"featured_media":0,"parent":601,"menu_order":0,"comment_status":"closed","ping_status":"closed","template":"","meta":{"_acf_changed":false,"footnotes":""},"class_list":["post-609","page","type-page","status-publish","hentry"],"acf":[],"yoast_head":"<!-- This site is optimized with the Yoast SEO plugin v27.4 - https:\/\/yoast.com\/product\/yoast-seo-wordpress\/ -->\n<title>Engagera dig i KD Lomma\/Bj\u00e4rred - Kristdemokraterna | Lomma<\/title>\n<meta name=\"robots\" content=\"index, follow, max-snippet:-1, max-image-preview:large, max-video-preview:-1\" \/>\n<link rel=\"canonical\" href=\"https:\/\/wp.kristdemokraterna.se\/lomma\/din-rost\/engagera-dig-i-kd-lomma-bjarred\/\" \/>\n<meta property=\"og:locale\" content=\"sv_SE\" \/>\n<meta property=\"og:type\" content=\"article\" \/>\n<meta property=\"og:title\" content=\"Engagera dig i KD Lomma\/Bj\u00e4rred - Kristdemokraterna | Lomma\" \/>\n<meta property=\"og:description\" content=\"KD Lomma\/Bj\u00e4rred beh\u00f6ver fler medlemmar som engagerar sig b\u00e5de internt i Lomma\/Bj\u00e4rred och f\u00f6r KDs sak i kommunen. Du kan engagera dig i styrelse eller arbetsgrupper i det lokala partiet, genom att st\u00e5 p\u00e5 valbar plats, delta i eller driva kampanjandet inf\u00f6r eller mellan val, och\/eller som ledamot eller ers\u00e4ttare i kommunens n\u00e4mnder. \u00c4r du L\u00e4s mer\" \/>\n<meta property=\"og:url\" content=\"https:\/\/wp.kristdemokraterna.se\/lomma\/din-rost\/engagera-dig-i-kd-lomma-bjarred\/\" \/>\n<meta property=\"og:site_name\" content=\"Kristdemokraterna | Lomma\" \/>\n<meta property=\"article:modified_time\" content=\"2024-03-22T08:15:49+00:00\" \/>\n<meta name=\"twitter:card\" content=\"summary_large_image\" \/>\n<meta name=\"twitter:label1\" content=\"Ber\u00e4knad l\u00e4stid\" \/>\n\t<meta name=\"twitter:data1\" content=\"1 minut\" \/>\n<script type=\"application\/ld+json\" class=\"yoast-schema-graph\">{\"@context\":\"https:\\\/\\\/schema.org\",\"@graph\":[{\"@type\":\"WebPage\",\"@id\":\"https:\\\/\\\/wp.kristdemokraterna.se\\\/lomma\\\/din-rost\\\/engagera-dig-i-kd-lomma-bjarred\\\/\",\"url\":\"https:\\\/\\\/wp.kristdemokraterna.se\\\/lomma\\\/din-rost\\\/engagera-dig-i-kd-lomma-bjarred\\\/\",\"name\":\"Engagera dig i KD Lomma\\\/Bj\u00e4rred - Kristdemokraterna | Lomma\",\"isPartOf\":{\"@id\":\"https:\\\/\\\/wp.kristdemokraterna.se\\\/lomma\\\/#website\"},\"datePublished\":\"2024-03-22T07:31:59+00:00\",\"dateModified\":\"2024-03-22T08:15:49+00:00\",\"breadcrumb\":{\"@id\":\"https:\\\/\\\/wp.kristdemokraterna.se\\\/lomma\\\/din-rost\\\/engagera-dig-i-kd-lomma-bjarred\\\/#breadcrumb\"},\"inLanguage\":\"sv-SE\",\"potentialAction\":[{\"@type\":\"ReadAction\",\"target\":[\"https:\\\/\\\/wp.kristdemokraterna.se\\\/lomma\\\/din-rost\\\/engagera-dig-i-kd-lomma-bjarred\\\/\"]}]},{\"@type\":\"BreadcrumbList\",\"@id\":\"https:\\\/\\\/wp.kristdemokraterna.se\\\/lomma\\\/din-rost\\\/engagera-dig-i-kd-lomma-bjarred\\\/#breadcrumb\",\"itemListElement\":[{\"@type\":\"ListItem\",\"position\":1,\"name\":\"Hem\",\"item\":\"https:\\\/\\\/wp.kristdemokraterna.se\\\/lomma\\\/\"},{\"@type\":\"ListItem\",\"position\":2,\"name\":\"Din r\u00f6st\",\"item\":\"https:\\\/\\\/wp.kristdemokraterna.se\\\/lomma\\\/din-rost\\\/\"},{\"@type\":\"ListItem\",\"position\":3,\"name\":\"Engagera dig i KD Lomma\\\/Bj\u00e4rred\"}]},{\"@type\":\"WebSite\",\"@id\":\"https:\\\/\\\/wp.kristdemokraterna.se\\\/lomma\\\/#website\",\"url\":\"https:\\\/\\\/wp.kristdemokraterna.se\\\/lomma\\\/\",\"name\":\"Kristdemokraterna | Lomma\",\"description\":\"Vi vill att hela Lomma\\\/Bj\u00e4rred ska frodas\",\"inLanguage\":\"sv-SE\"}]}<\/script>\n<!-- \/ Yoast SEO plugin. -->","yoast_head_json":{"title":"Engagera dig i KD Lomma\/Bj\u00e4rred - Kristdemokraterna | Lomma","robots":{"index":"index","follow":"follow","max-snippet":"max-snippet:-1","max-image-preview":"max-image-preview:large","max-video-preview":"max-video-preview:-1"},"canonical":"https:\/\/wp.kristdemokraterna.se\/lomma\/din-rost\/engagera-dig-i-kd-lomma-bjarred\/","og_locale":"sv_SE","og_type":"article","og_title":"Engagera dig i KD Lomma\/Bj\u00e4rred - Kristdemokraterna | Lomma","og_description":"KD Lomma\/Bj\u00e4rred beh\u00f6ver fler medlemmar som engagerar sig b\u00e5de internt i Lomma\/Bj\u00e4rred och f\u00f6r KDs sak i kommunen. Du kan engagera dig i styrelse eller arbetsgrupper i det lokala partiet, genom att st\u00e5 p\u00e5 valbar plats, delta i eller driva kampanjandet inf\u00f6r eller mellan val, och\/eller som ledamot eller ers\u00e4ttare i kommunens n\u00e4mnder. \u00c4r du L\u00e4s mer","og_url":"https:\/\/wp.kristdemokraterna.se\/lomma\/din-rost\/engagera-dig-i-kd-lomma-bjarred\/","og_site_name":"Kristdemokraterna | Lomma","article_modified_time":"2024-03-22T08:15:49+00:00","twitter_card":"summary_large_image","twitter_misc":{"Ber\u00e4knad l\u00e4stid":"1 minut"},"schema":{"@context":"https:\/\/schema.org","@graph":[{"@type":"WebPage","@id":"https:\/\/wp.kristdemokraterna.se\/lomma\/din-rost\/engagera-dig-i-kd-lomma-bjarred\/","url":"https:\/\/wp.kristdemokraterna.se\/lomma\/din-rost\/engagera-dig-i-kd-lomma-bjarred\/","name":"Engagera dig i KD Lomma\/Bj\u00e4rred - Kristdemokraterna | Lomma","isPartOf":{"@id":"https:\/\/wp.kristdemokraterna.se\/lomma\/#website"},"datePublished":"2024-03-22T07:31:59+00:00","dateModified":"2024-03-22T08:15:49+00:00","breadcrumb":{"@id":"https:\/\/wp.kristdemokraterna.se\/lomma\/din-rost\/engagera-dig-i-kd-lomma-bjarred\/#breadcrumb"},"inLanguage":"sv-SE","potentialAction":[{"@type":"ReadAction","target":["https:\/\/wp.kristdemokraterna.se\/lomma\/din-rost\/engagera-dig-i-kd-lomma-bjarred\/"]}]},{"@type":"BreadcrumbList","@id":"https:\/\/wp.kristdemokraterna.se\/lomma\/din-rost\/engagera-dig-i-kd-lomma-bjarred\/#breadcrumb","itemListElement":[{"@type":"ListItem","position":1,"name":"Hem","item":"https:\/\/wp.kristdemokraterna.se\/lomma\/"},{"@type":"ListItem","position":2,"name":"Din r\u00f6st","item":"https:\/\/wp.kristdemokraterna.se\/lomma\/din-rost\/"},{"@type":"ListItem","position":3,"name":"Engagera dig i KD Lomma\/Bj\u00e4rred"}]},{"@type":"WebSite","@id":"https:\/\/wp.kristdemokraterna.se\/lomma\/#website","url":"https:\/\/wp.kristdemokraterna.se\/lomma\/","name":"Kristdemokraterna | Lomma","description":"Vi vill att hela Lomma\/Bj\u00e4rred ska frodas","inLanguage":"sv-SE"}]}},"_links":{"self":[{"href":"https:\/\/wp.kristdemokraterna.se\/lomma\/wp-json\/wp\/v2\/pages\/609","targetHints":{"allow":["GET"]}}],"collection":[{"href":"https:\/\/wp.kristdemokraterna.se\/lomma\/wp-json\/wp\/v2\/pages"}],"about":[{"href":"https:\/\/wp.kristdemokraterna.se\/lomma\/wp-json\/wp\/v2\/types\/page"}],"author":[{"embeddable":true,"href":"https:\/\/wp.kristdemokraterna.se\/lomma\/wp-json\/wp\/v2\/users\/1041"}],"replies":[{"embeddable":true,"href":"https:\/\/wp.kristdemokraterna.se\/lomma\/wp-json\/wp\/v2\/comments?post=609"}],"version-history":[{"count":3,"href":"https:\/\/wp.kristdemokraterna.se\/lomma\/wp-json\/wp\/v2\/pages\/609\/revisions"}],"predecessor-version":[{"id":627,"href":"https:\/\/wp.kristdemokraterna.se\/lomma\/wp-json\/wp\/v2\/pages\/609\/revisions\/627"}],"up":[{"embeddable":true,"href":"https:\/\/wp.kristdemokraterna.se\/lomma\/wp-json\/wp\/v2\/pages\/601"}],"wp:attachment":[{"href":"https:\/\/wp.kristdemokraterna.se\/lomma\/wp-json\/wp\/v2\/media?parent=609"}],"curies":[{"name":"wp","href":"https:\/\/api.w.org\/{rel}","templated":true}]}}