{"id":2171,"date":"2022-01-10T00:58:53","date_gmt":"2022-01-09T23:58:53","guid":{"rendered":"https:\/\/wp.kristdemokraterna.se\/lund\/?page_id=2171"},"modified":"2025-11-09T23:08:13","modified_gmt":"2025-11-09T22:08:13","slug":"johanna-rosen","status":"publish","type":"page","link":"https:\/\/wp.kristdemokraterna.se\/lund\/johanna-rosen\/","title":{"rendered":"Johanna Ros\u00e9n"},"content":{"rendered":"<h3><a href=\"http:\/\/wp.kristdemokraterna.se\/lund\/files\/2023\/06\/johannaz-scaled-1-e1743414288984.jpg\"><img loading=\"lazy\" decoding=\"async\" class=\"alignnone size-medium wp-image-3508\" src=\"http:\/\/wp.kristdemokraterna.se\/lund\/files\/2023\/06\/johannaz-scaled-1-e1743414288984-300x267.jpg\" alt=\"\" width=\"300\" height=\"267\" srcset=\"https:\/\/wp.kristdemokraterna.se\/lund\/files\/2023\/06\/johannaz-scaled-1-e1743414288984-300x267.jpg 300w, https:\/\/wp.kristdemokraterna.se\/lund\/files\/2023\/06\/johannaz-scaled-1-e1743414288984-1024x912.jpg 1024w, https:\/\/wp.kristdemokraterna.se\/lund\/files\/2023\/06\/johannaz-scaled-1-e1743414288984-768x684.jpg 768w, https:\/\/wp.kristdemokraterna.se\/lund\/files\/2023\/06\/johannaz-scaled-1-e1743414288984-1536x1368.jpg 1536w, https:\/\/wp.kristdemokraterna.se\/lund\/files\/2023\/06\/johannaz-scaled-1-e1743414288984-225x200.jpg 225w, https:\/\/wp.kristdemokraterna.se\/lund\/files\/2023\/06\/johannaz-scaled-1-e1743414288984-370x329.jpg 370w, https:\/\/wp.kristdemokraterna.se\/lund\/files\/2023\/06\/johannaz-scaled-1-e1743414288984-770x686.jpg 770w, https:\/\/wp.kristdemokraterna.se\/lund\/files\/2023\/06\/johannaz-scaled-1-e1743414288984-450x401.jpg 450w, https:\/\/wp.kristdemokraterna.se\/lund\/files\/2023\/06\/johannaz-scaled-1-e1743414288984-280x249.jpg 280w, https:\/\/wp.kristdemokraterna.se\/lund\/files\/2023\/06\/johannaz-scaled-1-e1743414288984-340x303.jpg 340w, https:\/\/wp.kristdemokraterna.se\/lund\/files\/2023\/06\/johannaz-scaled-1-e1743414288984-200x178.jpg 200w, https:\/\/wp.kristdemokraterna.se\/lund\/files\/2023\/06\/johannaz-scaled-1-e1743414288984-63x56.jpg 63w, https:\/\/wp.kristdemokraterna.se\/lund\/files\/2023\/06\/johannaz-scaled-1-e1743414288984.jpg 1707w\" sizes=\"auto, (max-width: 300px) 100vw, 300px\" \/><\/a><\/h3>\n<h3>Johanna Ros\u00e9n \u00e4r Civilekonom och Master of\u00a0 educational science\u00a0 och F\u00f6retagsekonomi.<\/h3>\n<h3>Hon f\u00f6rel\u00e4ser och utbildar ocks\u00e5 inom f\u00f6retagande.<\/h3>\n<p>&nbsp;<\/p>\n","protected":false},"excerpt":{"rendered":"<p>Johanna Ros\u00e9n \u00e4r Civilekonom och Master of\u00a0 educational science\u00a0 och F\u00f6retagsekonomi. Hon f\u00f6rel\u00e4ser och utbildar ocks\u00e5 inom f\u00f6retagande. &nbsp;<\/p>\n","protected":false},"author":444,"featured_media":0,"parent":0,"menu_order":23,"comment_status":"closed","ping_status":"closed","template":"","meta":{"_acf_changed":false,"footnotes":""},"class_list":["post-2171","page","type-page","status-publish","hentry"],"acf":[],"yoast_head":"<!-- This site is optimized with the Yoast SEO plugin v27.4 - https:\/\/yoast.com\/product\/yoast-seo-wordpress\/ -->\n<title>Johanna Ros\u00e9n - Kristdemokraterna | Lund<\/title>\n<meta name=\"description\" content=\"Johanna Ros\u00e9n Johanna Ros\u00e9n\" \/>\n<meta name=\"robots\" content=\"index, follow, max-snippet:-1, max-image-preview:large, max-video-preview:-1\" \/>\n<link rel=\"canonical\" href=\"https:\/\/wp.kristdemokraterna.se\/lund\/johanna-rosen\/\" \/>\n<meta property=\"og:locale\" content=\"sv_SE\" \/>\n<meta property=\"og:type\" content=\"article\" \/>\n<meta property=\"og:title\" content=\"Johanna Ros\u00e9n - Kristdemokraterna | Lund\" \/>\n<meta property=\"og:description\" content=\"Johanna Ros\u00e9n Johanna Ros\u00e9n\" \/>\n<meta property=\"og:url\" content=\"https:\/\/wp.kristdemokraterna.se\/lund\/johanna-rosen\/\" \/>\n<meta property=\"og:site_name\" content=\"Kristdemokraterna | Lund\" \/>\n<meta property=\"article:modified_time\" content=\"2025-11-09T22:08:13+00:00\" \/>\n<meta property=\"og:image\" content=\"https:\/\/wp.kristdemokraterna.se\/lund\/files\/2023\/06\/johannaz-scaled-1-e1743414288984.jpg\" \/>\n\t<meta property=\"og:image:width\" content=\"1707\" \/>\n\t<meta property=\"og:image:height\" content=\"1520\" \/>\n\t<meta property=\"og:image:type\" content=\"image\/jpeg\" \/>\n<meta name=\"twitter:card\" content=\"summary_large_image\" \/>\n<meta name=\"twitter:label1\" content=\"Ber\u00e4knad l\u00e4stid\" \/>\n\t<meta name=\"twitter:data1\" content=\"1 minut\" \/>\n<script type=\"application\/ld+json\" class=\"yoast-schema-graph\">{\"@context\":\"https:\\\/\\\/schema.org\",\"@graph\":[{\"@type\":\"WebPage\",\"@id\":\"https:\\\/\\\/wp.kristdemokraterna.se\\\/lund\\\/johanna-rosen\\\/\",\"url\":\"https:\\\/\\\/wp.kristdemokraterna.se\\\/lund\\\/johanna-rosen\\\/\",\"name\":\"Johanna Ros\u00e9n - Kristdemokraterna | Lund\",\"isPartOf\":{\"@id\":\"https:\\\/\\\/wp.kristdemokraterna.se\\\/lund\\\/#website\"},\"primaryImageOfPage\":{\"@id\":\"https:\\\/\\\/wp.kristdemokraterna.se\\\/lund\\\/johanna-rosen\\\/#primaryimage\"},\"image\":{\"@id\":\"https:\\\/\\\/wp.kristdemokraterna.se\\\/lund\\\/johanna-rosen\\\/#primaryimage\"},\"thumbnailUrl\":\"http:\\\/\\\/wp.kristdemokraterna.se\\\/lund\\\/files\\\/2023\\\/06\\\/johannaz-scaled-1-e1743414288984-300x267.jpg\",\"datePublished\":\"2022-01-09T23:58:53+00:00\",\"dateModified\":\"2025-11-09T22:08:13+00:00\",\"description\":\"Johanna Ros\u00e9n Johanna Ros\u00e9n\",\"breadcrumb\":{\"@id\":\"https:\\\/\\\/wp.kristdemokraterna.se\\\/lund\\\/johanna-rosen\\\/#breadcrumb\"},\"inLanguage\":\"sv-SE\",\"potentialAction\":[{\"@type\":\"ReadAction\",\"target\":[\"https:\\\/\\\/wp.kristdemokraterna.se\\\/lund\\\/johanna-rosen\\\/\"]}]},{\"@type\":\"ImageObject\",\"inLanguage\":\"sv-SE\",\"@id\":\"https:\\\/\\\/wp.kristdemokraterna.se\\\/lund\\\/johanna-rosen\\\/#primaryimage\",\"url\":\"https:\\\/\\\/wp.kristdemokraterna.se\\\/lund\\\/files\\\/2023\\\/06\\\/johannaz-scaled-1-e1743414288984.jpg\",\"contentUrl\":\"https:\\\/\\\/wp.kristdemokraterna.se\\\/lund\\\/files\\\/2023\\\/06\\\/johannaz-scaled-1-e1743414288984.jpg\",\"width\":1707,\"height\":1520},{\"@type\":\"BreadcrumbList\",\"@id\":\"https:\\\/\\\/wp.kristdemokraterna.se\\\/lund\\\/johanna-rosen\\\/#breadcrumb\",\"itemListElement\":[{\"@type\":\"ListItem\",\"position\":1,\"name\":\"Hem\",\"item\":\"https:\\\/\\\/wp.kristdemokraterna.se\\\/lund\\\/\"},{\"@type\":\"ListItem\",\"position\":2,\"name\":\"Johanna Ros\u00e9n\"}]},{\"@type\":\"WebSite\",\"@id\":\"https:\\\/\\\/wp.kristdemokraterna.se\\\/lund\\\/#website\",\"url\":\"https:\\\/\\\/wp.kristdemokraterna.se\\\/lund\\\/\",\"name\":\"Kristdemokraterna | Lund\",\"description\":\"\",\"inLanguage\":\"sv-SE\"}]}<\/script>\n<!-- \/ Yoast SEO plugin. -->","yoast_head_json":{"title":"Johanna Ros\u00e9n - Kristdemokraterna | Lund","description":"Johanna Ros\u00e9n Johanna Ros\u00e9n","robots":{"index":"index","follow":"follow","max-snippet":"max-snippet:-1","max-image-preview":"max-image-preview:large","max-video-preview":"max-video-preview:-1"},"canonical":"https:\/\/wp.kristdemokraterna.se\/lund\/johanna-rosen\/","og_locale":"sv_SE","og_type":"article","og_title":"Johanna Ros\u00e9n - Kristdemokraterna | Lund","og_description":"Johanna Ros\u00e9n Johanna Ros\u00e9n","og_url":"https:\/\/wp.kristdemokraterna.se\/lund\/johanna-rosen\/","og_site_name":"Kristdemokraterna | Lund","article_modified_time":"2025-11-09T22:08:13+00:00","og_image":[{"width":1707,"height":1520,"url":"https:\/\/wp.kristdemokraterna.se\/lund\/files\/2023\/06\/johannaz-scaled-1-e1743414288984.jpg","type":"image\/jpeg"}],"twitter_card":"summary_large_image","twitter_misc":{"Ber\u00e4knad l\u00e4stid":"1 minut"},"schema":{"@context":"https:\/\/schema.org","@graph":[{"@type":"WebPage","@id":"https:\/\/wp.kristdemokraterna.se\/lund\/johanna-rosen\/","url":"https:\/\/wp.kristdemokraterna.se\/lund\/johanna-rosen\/","name":"Johanna Ros\u00e9n - Kristdemokraterna | Lund","isPartOf":{"@id":"https:\/\/wp.kristdemokraterna.se\/lund\/#website"},"primaryImageOfPage":{"@id":"https:\/\/wp.kristdemokraterna.se\/lund\/johanna-rosen\/#primaryimage"},"image":{"@id":"https:\/\/wp.kristdemokraterna.se\/lund\/johanna-rosen\/#primaryimage"},"thumbnailUrl":"http:\/\/wp.kristdemokraterna.se\/lund\/files\/2023\/06\/johannaz-scaled-1-e1743414288984-300x267.jpg","datePublished":"2022-01-09T23:58:53+00:00","dateModified":"2025-11-09T22:08:13+00:00","description":"Johanna Ros\u00e9n Johanna Ros\u00e9n","breadcrumb":{"@id":"https:\/\/wp.kristdemokraterna.se\/lund\/johanna-rosen\/#breadcrumb"},"inLanguage":"sv-SE","potentialAction":[{"@type":"ReadAction","target":["https:\/\/wp.kristdemokraterna.se\/lund\/johanna-rosen\/"]}]},{"@type":"ImageObject","inLanguage":"sv-SE","@id":"https:\/\/wp.kristdemokraterna.se\/lund\/johanna-rosen\/#primaryimage","url":"https:\/\/wp.kristdemokraterna.se\/lund\/files\/2023\/06\/johannaz-scaled-1-e1743414288984.jpg","contentUrl":"https:\/\/wp.kristdemokraterna.se\/lund\/files\/2023\/06\/johannaz-scaled-1-e1743414288984.jpg","width":1707,"height":1520},{"@type":"BreadcrumbList","@id":"https:\/\/wp.kristdemokraterna.se\/lund\/johanna-rosen\/#breadcrumb","itemListElement":[{"@type":"ListItem","position":1,"name":"Hem","item":"https:\/\/wp.kristdemokraterna.se\/lund\/"},{"@type":"ListItem","position":2,"name":"Johanna Ros\u00e9n"}]},{"@type":"WebSite","@id":"https:\/\/wp.kristdemokraterna.se\/lund\/#website","url":"https:\/\/wp.kristdemokraterna.se\/lund\/","name":"Kristdemokraterna | Lund","description":"","inLanguage":"sv-SE"}]}},"_links":{"self":[{"href":"https:\/\/wp.kristdemokraterna.se\/lund\/wp-json\/wp\/v2\/pages\/2171","targetHints":{"allow":["GET"]}}],"collection":[{"href":"https:\/\/wp.kristdemokraterna.se\/lund\/wp-json\/wp\/v2\/pages"}],"about":[{"href":"https:\/\/wp.kristdemokraterna.se\/lund\/wp-json\/wp\/v2\/types\/page"}],"author":[{"embeddable":true,"href":"https:\/\/wp.kristdemokraterna.se\/lund\/wp-json\/wp\/v2\/users\/444"}],"replies":[{"embeddable":true,"href":"https:\/\/wp.kristdemokraterna.se\/lund\/wp-json\/wp\/v2\/comments?post=2171"}],"version-history":[{"count":4,"href":"https:\/\/wp.kristdemokraterna.se\/lund\/wp-json\/wp\/v2\/pages\/2171\/revisions"}],"predecessor-version":[{"id":4739,"href":"https:\/\/wp.kristdemokraterna.se\/lund\/wp-json\/wp\/v2\/pages\/2171\/revisions\/4739"}],"wp:attachment":[{"href":"https:\/\/wp.kristdemokraterna.se\/lund\/wp-json\/wp\/v2\/media?parent=2171"}],"curies":[{"name":"wp","href":"https:\/\/api.w.org\/{rel}","templated":true}]}}