{"id":2188,"date":"2022-01-05T12:21:18","date_gmt":"2022-01-05T11:21:18","guid":{"rendered":"https:\/\/wp.kristdemokraterna.se\/lund\/?page_id=2188"},"modified":"2022-01-05T12:21:18","modified_gmt":"2022-01-05T11:21:18","slug":"kelemoa-kebbede","status":"publish","type":"page","link":"https:\/\/wp.kristdemokraterna.se\/lund\/kelemoa-kebbede\/","title":{"rendered":"Kelemua Kebede"},"content":{"rendered":"<p>&nbsp;<\/p>\n<div id=\"attachment_2153\" style=\"width: 211px\" class=\"wp-caption alignnone\"><a href=\"http:\/\/wp.kristdemokraterna.se\/lund2\/files\/2022\/01\/kelemoa.png\"><img loading=\"lazy\" decoding=\"async\" aria-describedby=\"caption-attachment-2153\" class=\"wp-image-2153 size-medium\" src=\"http:\/\/wp.kristdemokraterna.se\/lund2\/files\/2022\/01\/kelemoa-201x300.png\" alt=\"\" width=\"201\" height=\"300\" srcset=\"https:\/\/wp.kristdemokraterna.se\/lund\/files\/2022\/01\/kelemoa-201x300.png 201w, https:\/\/wp.kristdemokraterna.se\/lund\/files\/2022\/01\/kelemoa-134x200.png 134w, https:\/\/wp.kristdemokraterna.se\/lund\/files\/2022\/01\/kelemoa-269x402.png 269w, https:\/\/wp.kristdemokraterna.se\/lund\/files\/2022\/01\/kelemoa-37x56.png 37w, https:\/\/wp.kristdemokraterna.se\/lund\/files\/2022\/01\/kelemoa.png 340w\" sizes=\"auto, (max-width: 201px) 100vw, 201px\" \/><\/a><p id=\"caption-attachment-2153\" class=\"wp-caption-text\">Kelemua Kebede<\/p><\/div>\n<p><strong>tfn:\u00a0 0728729387<\/strong><\/p>\n<p><strong>email: <a href=\"mailto:kelemua.kebede@lund.se\">kelemua.kebede@lund.se<\/a><\/strong><\/p>\n<p>&nbsp;<\/p>\n<p><i>Jag \u00e4r politiskt aktiv sedan m\u00e5nga \u00e5r, och har uppdrag som N\u00e4mndeman i Tingsr\u00e4tt och F\u00f6rvaltningsr\u00e4tt. Innan pensioneringen arbetade med skolm\u00e5ltider p\u00e5 skolor i Lund. <\/i><\/p>\n<p><i>B\u00e5de i skolan och under mitt uppdrag har jag blivit medveten om den enorma betydelsen en framg\u00e5ngsrik integrationspolitik har f\u00f6r att en individ inte ska hamna utanf\u00f6r samh\u00e4llsgemenskapen. Mitt fokus \u00e4r d\u00e4rf\u00f6r integration, och speciellt flickors och kvinnors situation.<\/i><\/p>\n<ul>\n<li><b>Alla ska k\u00e4nna sig som en del av det svenska samh\u00e4llet.<\/b><b> D\u00e5 \u00e4r det viktigt med spr\u00e5ket. SFI m\u00e5ste f\u00e5 mer resurser, b\u00e5de ekonomiska och personella. L\u00e4rarna m\u00e5ste ha b\u00e4ttre pedagogisk utbildning. <\/b><\/li>\n<li><b>Att snabbt komma in p\u00e5 arbetsmarknaden \u00e4r ett villkor f\u00f6r egen f\u00f6rs\u00f6rjning men ocks\u00e5 f\u00f6r sj\u00e4lvk\u00e4nsla och oberoende.<\/b><\/li>\n<li><b>Jag vill ha fler svenska fadderfamiljer som st\u00f6d f\u00f6r den nyanl\u00e4nda familjen.<\/b><\/li>\n<li><b>Flyktingf\u00f6rl\u00e4ggningar \u00e4r inget hem. Det \u00e4r viktigt f\u00f6r nyanl\u00e4nda att snabbt slussas ut till den vanliga bostadsmarknaden.<\/b><\/li>\n<\/ul>\n<p><!--more--><\/p>\n","protected":false},"excerpt":{"rendered":"<p>&nbsp; tfn:\u00a0 0728729387 email: kelemua.kebede@lund.se &nbsp; Jag \u00e4r politiskt aktiv sedan m\u00e5nga \u00e5r, och har uppdrag som N\u00e4mndeman i Tingsr\u00e4tt och F\u00f6rvaltningsr\u00e4tt. Innan pensioneringen arbetade med skolm\u00e5ltider p\u00e5 skolor i Lund. B\u00e5de i skolan och under mitt uppdrag har jag blivit medveten om den enorma betydelsen en framg\u00e5ngsrik integrationspolitik har f\u00f6r att en individ inte <a class=\"read-more-link\" href=\"https:\/\/wp.kristdemokraterna.se\/lund\/kelemoa-kebbede\/\">L\u00e4s mer<\/a><\/p>\n","protected":false},"author":444,"featured_media":0,"parent":0,"menu_order":25,"comment_status":"closed","ping_status":"closed","template":"","meta":{"_acf_changed":false,"footnotes":""},"class_list":["post-2188","page","type-page","status-publish","hentry"],"acf":[],"yoast_head":"<!-- This site is optimized with the Yoast SEO plugin v27.4 - https:\/\/yoast.com\/product\/yoast-seo-wordpress\/ -->\n<title>Kelemua Kebede - Kristdemokraterna | Lund<\/title>\n<meta name=\"robots\" content=\"index, follow, max-snippet:-1, max-image-preview:large, max-video-preview:-1\" \/>\n<link rel=\"canonical\" href=\"https:\/\/wp.kristdemokraterna.se\/lund\/kelemoa-kebbede\/\" \/>\n<meta property=\"og:locale\" content=\"sv_SE\" \/>\n<meta property=\"og:type\" content=\"article\" \/>\n<meta property=\"og:title\" content=\"Kelemua Kebede - Kristdemokraterna | Lund\" \/>\n<meta property=\"og:description\" content=\"&nbsp; tfn:\u00a0 0728729387 email: kelemua.kebede@lund.se &nbsp; Jag \u00e4r politiskt aktiv sedan m\u00e5nga \u00e5r, och har uppdrag som N\u00e4mndeman i Tingsr\u00e4tt och F\u00f6rvaltningsr\u00e4tt. Innan pensioneringen arbetade med skolm\u00e5ltider p\u00e5 skolor i Lund. B\u00e5de i skolan och under mitt uppdrag har jag blivit medveten om den enorma betydelsen en framg\u00e5ngsrik integrationspolitik har f\u00f6r att en individ inte L\u00e4s mer\" \/>\n<meta property=\"og:url\" content=\"https:\/\/wp.kristdemokraterna.se\/lund\/kelemoa-kebbede\/\" \/>\n<meta property=\"og:site_name\" content=\"Kristdemokraterna | Lund\" \/>\n<meta property=\"og:image\" content=\"http:\/\/wp.kristdemokraterna.se\/lund2\/files\/2022\/01\/kelemoa-201x300.png\" \/>\n<meta name=\"twitter:card\" content=\"summary_large_image\" \/>\n<meta name=\"twitter:label1\" content=\"Ber\u00e4knad l\u00e4stid\" \/>\n\t<meta name=\"twitter:data1\" content=\"1 minut\" \/>\n<script type=\"application\/ld+json\" class=\"yoast-schema-graph\">{\"@context\":\"https:\\\/\\\/schema.org\",\"@graph\":[{\"@type\":\"WebPage\",\"@id\":\"https:\\\/\\\/wp.kristdemokraterna.se\\\/lund\\\/kelemoa-kebbede\\\/\",\"url\":\"https:\\\/\\\/wp.kristdemokraterna.se\\\/lund\\\/kelemoa-kebbede\\\/\",\"name\":\"Kelemua Kebede - Kristdemokraterna | Lund\",\"isPartOf\":{\"@id\":\"https:\\\/\\\/wp.kristdemokraterna.se\\\/lund\\\/#website\"},\"primaryImageOfPage\":{\"@id\":\"https:\\\/\\\/wp.kristdemokraterna.se\\\/lund\\\/kelemoa-kebbede\\\/#primaryimage\"},\"image\":{\"@id\":\"https:\\\/\\\/wp.kristdemokraterna.se\\\/lund\\\/kelemoa-kebbede\\\/#primaryimage\"},\"thumbnailUrl\":\"http:\\\/\\\/wp.kristdemokraterna.se\\\/lund2\\\/files\\\/2022\\\/01\\\/kelemoa-201x300.png\",\"datePublished\":\"2022-01-05T11:21:18+00:00\",\"breadcrumb\":{\"@id\":\"https:\\\/\\\/wp.kristdemokraterna.se\\\/lund\\\/kelemoa-kebbede\\\/#breadcrumb\"},\"inLanguage\":\"sv-SE\",\"potentialAction\":[{\"@type\":\"ReadAction\",\"target\":[\"https:\\\/\\\/wp.kristdemokraterna.se\\\/lund\\\/kelemoa-kebbede\\\/\"]}]},{\"@type\":\"ImageObject\",\"inLanguage\":\"sv-SE\",\"@id\":\"https:\\\/\\\/wp.kristdemokraterna.se\\\/lund\\\/kelemoa-kebbede\\\/#primaryimage\",\"url\":\"http:\\\/\\\/wp.kristdemokraterna.se\\\/lund2\\\/files\\\/2022\\\/01\\\/kelemoa-201x300.png\",\"contentUrl\":\"http:\\\/\\\/wp.kristdemokraterna.se\\\/lund2\\\/files\\\/2022\\\/01\\\/kelemoa-201x300.png\"},{\"@type\":\"BreadcrumbList\",\"@id\":\"https:\\\/\\\/wp.kristdemokraterna.se\\\/lund\\\/kelemoa-kebbede\\\/#breadcrumb\",\"itemListElement\":[{\"@type\":\"ListItem\",\"position\":1,\"name\":\"Hem\",\"item\":\"https:\\\/\\\/wp.kristdemokraterna.se\\\/lund\\\/\"},{\"@type\":\"ListItem\",\"position\":2,\"name\":\"Kelemua Kebede\"}]},{\"@type\":\"WebSite\",\"@id\":\"https:\\\/\\\/wp.kristdemokraterna.se\\\/lund\\\/#website\",\"url\":\"https:\\\/\\\/wp.kristdemokraterna.se\\\/lund\\\/\",\"name\":\"Kristdemokraterna | Lund\",\"description\":\"\",\"inLanguage\":\"sv-SE\"}]}<\/script>\n<!-- \/ Yoast SEO plugin. -->","yoast_head_json":{"title":"Kelemua Kebede - Kristdemokraterna | Lund","robots":{"index":"index","follow":"follow","max-snippet":"max-snippet:-1","max-image-preview":"max-image-preview:large","max-video-preview":"max-video-preview:-1"},"canonical":"https:\/\/wp.kristdemokraterna.se\/lund\/kelemoa-kebbede\/","og_locale":"sv_SE","og_type":"article","og_title":"Kelemua Kebede - Kristdemokraterna | Lund","og_description":"&nbsp; tfn:\u00a0 0728729387 email: kelemua.kebede@lund.se &nbsp; Jag \u00e4r politiskt aktiv sedan m\u00e5nga \u00e5r, och har uppdrag som N\u00e4mndeman i Tingsr\u00e4tt och F\u00f6rvaltningsr\u00e4tt. Innan pensioneringen arbetade med skolm\u00e5ltider p\u00e5 skolor i Lund. B\u00e5de i skolan och under mitt uppdrag har jag blivit medveten om den enorma betydelsen en framg\u00e5ngsrik integrationspolitik har f\u00f6r att en individ inte L\u00e4s mer","og_url":"https:\/\/wp.kristdemokraterna.se\/lund\/kelemoa-kebbede\/","og_site_name":"Kristdemokraterna | Lund","og_image":[{"url":"http:\/\/wp.kristdemokraterna.se\/lund2\/files\/2022\/01\/kelemoa-201x300.png","type":"","width":"","height":""}],"twitter_card":"summary_large_image","twitter_misc":{"Ber\u00e4knad l\u00e4stid":"1 minut"},"schema":{"@context":"https:\/\/schema.org","@graph":[{"@type":"WebPage","@id":"https:\/\/wp.kristdemokraterna.se\/lund\/kelemoa-kebbede\/","url":"https:\/\/wp.kristdemokraterna.se\/lund\/kelemoa-kebbede\/","name":"Kelemua Kebede - Kristdemokraterna | Lund","isPartOf":{"@id":"https:\/\/wp.kristdemokraterna.se\/lund\/#website"},"primaryImageOfPage":{"@id":"https:\/\/wp.kristdemokraterna.se\/lund\/kelemoa-kebbede\/#primaryimage"},"image":{"@id":"https:\/\/wp.kristdemokraterna.se\/lund\/kelemoa-kebbede\/#primaryimage"},"thumbnailUrl":"http:\/\/wp.kristdemokraterna.se\/lund2\/files\/2022\/01\/kelemoa-201x300.png","datePublished":"2022-01-05T11:21:18+00:00","breadcrumb":{"@id":"https:\/\/wp.kristdemokraterna.se\/lund\/kelemoa-kebbede\/#breadcrumb"},"inLanguage":"sv-SE","potentialAction":[{"@type":"ReadAction","target":["https:\/\/wp.kristdemokraterna.se\/lund\/kelemoa-kebbede\/"]}]},{"@type":"ImageObject","inLanguage":"sv-SE","@id":"https:\/\/wp.kristdemokraterna.se\/lund\/kelemoa-kebbede\/#primaryimage","url":"http:\/\/wp.kristdemokraterna.se\/lund2\/files\/2022\/01\/kelemoa-201x300.png","contentUrl":"http:\/\/wp.kristdemokraterna.se\/lund2\/files\/2022\/01\/kelemoa-201x300.png"},{"@type":"BreadcrumbList","@id":"https:\/\/wp.kristdemokraterna.se\/lund\/kelemoa-kebbede\/#breadcrumb","itemListElement":[{"@type":"ListItem","position":1,"name":"Hem","item":"https:\/\/wp.kristdemokraterna.se\/lund\/"},{"@type":"ListItem","position":2,"name":"Kelemua Kebede"}]},{"@type":"WebSite","@id":"https:\/\/wp.kristdemokraterna.se\/lund\/#website","url":"https:\/\/wp.kristdemokraterna.se\/lund\/","name":"Kristdemokraterna | Lund","description":"","inLanguage":"sv-SE"}]}},"_links":{"self":[{"href":"https:\/\/wp.kristdemokraterna.se\/lund\/wp-json\/wp\/v2\/pages\/2188","targetHints":{"allow":["GET"]}}],"collection":[{"href":"https:\/\/wp.kristdemokraterna.se\/lund\/wp-json\/wp\/v2\/pages"}],"about":[{"href":"https:\/\/wp.kristdemokraterna.se\/lund\/wp-json\/wp\/v2\/types\/page"}],"author":[{"embeddable":true,"href":"https:\/\/wp.kristdemokraterna.se\/lund\/wp-json\/wp\/v2\/users\/444"}],"replies":[{"embeddable":true,"href":"https:\/\/wp.kristdemokraterna.se\/lund\/wp-json\/wp\/v2\/comments?post=2188"}],"version-history":[{"count":0,"href":"https:\/\/wp.kristdemokraterna.se\/lund\/wp-json\/wp\/v2\/pages\/2188\/revisions"}],"wp:attachment":[{"href":"https:\/\/wp.kristdemokraterna.se\/lund\/wp-json\/wp\/v2\/media?parent=2188"}],"curies":[{"name":"wp","href":"https:\/\/api.w.org\/{rel}","templated":true}]}}