{"id":2373,"date":"2022-01-10T10:24:36","date_gmt":"2022-01-10T09:24:36","guid":{"rendered":"https:\/\/wp.kristdemokraterna.se\/lund\/?page_id=2373"},"modified":"2025-03-31T13:09:03","modified_gmt":"2025-03-31T11:09:03","slug":"politiker-i-namnder-och-styrelser","status":"publish","type":"page","link":"https:\/\/wp.kristdemokraterna.se\/lund\/textsida-med-vanster-sidebar\/politiker-i-namnder-och-styrelser\/","title":{"rendered":"Politiker i n\u00e4mnder och styrelser"},"content":{"rendered":"<p><strong>Kommunalr\u00e5d <\/strong><a href=\"https:\/\/wp.kristdemokraterna.se\/lund\/hedvig-akesson\/\">Hedvig \u00c5kesson<\/a><\/p>\n<p><strong>Kommunstyrelsen\u00a0 <\/strong><a href=\"https:\/\/wp.kristdemokraterna.se\/lund\/hedvig-akesson\/\">Hedvig \u00c5kesson<\/a>, ledamot<\/p>\n<p><a href=\"http:\/\/wp.kristdemokraterna.se\/lund\/gunnar-bradvik-2\/\">Gunnar Br\u00e5dvik<\/a> ers<\/p>\n<p><strong>KSAU\u00a0 <\/strong><a href=\"https:\/\/wp.kristdemokraterna.se\/lund\/hedvig-akesson\/\">Hedvig \u00c5kesson<\/a>, ers<\/p>\n<p><strong>Kommunstyrelsens Demkokratiberedning\u00a0 <\/strong><a href=\"https:\/\/wp.kristdemokraterna.se\/lund\/agneta-lindskog\/\">Agneta Lindskog<\/a>, led<\/p>\n<p><a href=\"https:\/\/wp.kristdemokraterna.se\/lund\/johanna-rosen\/\">Johanna Ros\u00e9n<\/a> ers<\/p>\n<p><strong>Kommunstyrelsens valberedning\u00a0 <\/strong><a href=\"https:\/\/wp.kristdemokraterna.se\/lund\/agneta-lindskog\/\">Agneta Lindskog\u00a0<\/a>led<\/p>\n<p><a href=\"https:\/\/wp.kristdemokraterna.se\/lund\/johanna-rosen\/\">Johanna Ros\u00e9n<\/a> , ers<\/p>\n<p><strong>Arbetsmarknads- och Socialn\u00e4mnden\u00a0 <\/strong><a href=\"https:\/\/wp.kristdemokraterna.se\/lund\/agneta-lindskog\/\">Agneta Lindskog<\/a>, led<\/p>\n<p><a href=\"http:\/\/wp.kristdemokraterna.se\/lund\/kelemoa-kebbede\/\">Kelemua Kebede<\/a>, ers<\/p>\n<p><strong>Barn och skoln\u00e4mnden\u00a0<\/strong> <a href=\"http:\/\/wp.kristdemokraterna.se\/lund\/elias-b-johansson-2\/\">Elias B.Johansson<\/a>. led<\/p>\n<p><strong>Byggnadsn\u00e4mnden\u00a0 <\/strong><a href=\"http:\/\/wp.kristdemokraterna.se\/lund\/gustaf-hamilton\/\">Gustaf Hamilton<\/a>, led<\/p>\n<p><strong>Krisn\u00e4mnden <\/strong><a href=\"https:\/\/wp.kristdemokraterna.se\/lund\/hedvig-akesson\/\">Hedvig \u00c5kesson<\/a>, ers<\/p>\n<p><strong> Kultur- och Fritidsn\u00e4mnden\u00a0 <\/strong><a href=\"http:\/\/wp.kristdemokraterna.se\/lund\/gunnar-bradvik-2\/\">Gunnar Br\u00e5dvik<\/a><a href=\"https:\/\/wp.kristdemokraterna.se\/lund\/sofia-hallonqvist\/\">,<\/a> led<\/p>\n<p><strong>Milj\u00f6n\u00e4mnden <\/strong><a href=\"http:\/\/wp.kristdemokraterna.se\/lund\/johanna-rosen\/\">Johanna Ros\u00e9n<\/a> vise ordf<\/p>\n<p><strong>Renh\u00e5llningsstyrelsen\u00a0 <\/strong><a href=\"http:\/\/wp.kristdemokraterna.se\/lund\/2402-2\/\">Torsten Czernyson<\/a>, vice ordf<\/p>\n<p><strong>Tekniska n\u00e4mnden\u00a0 <\/strong><a href=\"https:\/\/wp.kristdemokraterna.se\/lund\/gunnar-linde\/\">Gunnar Linde<\/a>, led<\/p>\n<p><strong>Utbildningsn\u00e4mnden\u00a0 \u00a0<\/strong> <a href=\"https:\/\/wp.kristdemokraterna.se\/lund\/ronny-johannessen\/\">Ronny Johannessen<\/a>, vice ordf\u00f6rande<\/p>\n<p><strong>Valn\u00e4mnden\u00a0 <\/strong><a href=\"https:\/\/wp.kristdemokraterna.se\/lund\/jens-persson\/\">Jens Persson<\/a>\u00a0 ledamot<\/p>\n<p><strong>V\u00e5rd och omsorgsn\u00e4mnden\u00a0 <\/strong><a href=\"https:\/\/wp.kristdemokraterna.se\/lund\/dan-backman\/\">Dan Backman<\/a>, led<\/p>\n<p><a href=\"http:\/\/wp.kristdemokraterna.se\/lund\/ljiljana-lipovac\/\">Ljiljana Lipovac<\/a>, ers<\/p>\n<p><strong>\u00d6verf\u00f6rmyndarn\u00e4mnden f\u00f6r Lunds och Esl\u00f6vs kommuner:\u00a0 <\/strong><a href=\"http:\/\/wp.kristdemokraterna.se\/lund\/paula-bon\/\">Paula\u00a0 Bon<\/a>, led<\/p>\n<p>&nbsp;<\/p>\n<p><strong>Kommunrevisionen\u00a0 <\/strong>Edvin Sj\u00f6strand led<\/p>\n<p>&nbsp;<\/p>\n<p><strong>Habostyrelsen\u00a0 <\/strong><a href=\"https:\/\/wp.kristdemokraterna.se\/lund\/erik-golovtchenko-2\/\">Eric Golovtchenko<\/a>, ers<\/p>\n<p><strong>Habostiftelsen\u00a0<\/strong> <a href=\"https:\/\/wp.kristdemokraterna.se\/lund\/2402-2\/\">Torsten Czernyson<\/a>, ers<\/p>\n<p><strong>LKF\u00a0 <\/strong><a href=\"http:\/\/wp.kristdemokraterna.se\/lund\/erik-golovtchenko\/\">Erik Golovtchenko<\/a>, ers<\/p>\n<p>&nbsp;<\/p>\n<div><\/div>\n<p>&nbsp;<\/p>\n<p>&nbsp;<\/p>\n<p>&nbsp;<\/p>\n<p>&nbsp;<\/p>\n<p>&nbsp;<\/p>\n<p>&nbsp;<\/p>\n<p>&nbsp;<\/p>\n<p>&nbsp;<\/p>\n<p>&nbsp;<\/p>\n<p>&nbsp;<\/p>\n<p>&nbsp;<\/p>\n<p>&nbsp;<\/p>\n","protected":false},"excerpt":{"rendered":"<p>Kommunalr\u00e5d Hedvig \u00c5kesson Kommunstyrelsen\u00a0 Hedvig \u00c5kesson, ledamot Gunnar Br\u00e5dvik ers KSAU\u00a0 Hedvig \u00c5kesson, ers Kommunstyrelsens Demkokratiberedning\u00a0 Agneta Lindskog, led Johanna Ros\u00e9n ers Kommunstyrelsens valberedning\u00a0 Agneta Lindskog\u00a0led Johanna Ros\u00e9n , ers Arbetsmarknads- och Socialn\u00e4mnden\u00a0 Agneta Lindskog, led Kelemua Kebede, ers Barn och skoln\u00e4mnden\u00a0 Elias B.Johansson. led Byggnadsn\u00e4mnden\u00a0 Gustaf Hamilton, led Krisn\u00e4mnden Hedvig \u00c5kesson, ers Kultur- och <a class=\"read-more-link\" href=\"https:\/\/wp.kristdemokraterna.se\/lund\/textsida-med-vanster-sidebar\/politiker-i-namnder-och-styrelser\/\">L\u00e4s mer<\/a><\/p>\n","protected":false},"author":444,"featured_media":0,"parent":269,"menu_order":4,"comment_status":"closed","ping_status":"closed","template":"page.php","meta":{"_acf_changed":false,"footnotes":""},"class_list":["post-2373","page","type-page","status-publish","hentry"],"acf":[],"yoast_head":"<!-- This site is optimized with the Yoast SEO plugin v27.4 - https:\/\/yoast.com\/product\/yoast-seo-wordpress\/ -->\n<title>Politiker i n\u00e4mnder och styrelser - Kristdemokraterna | Lund<\/title>\n<meta name=\"robots\" content=\"index, follow, max-snippet:-1, max-image-preview:large, max-video-preview:-1\" \/>\n<link rel=\"canonical\" href=\"https:\/\/wp.kristdemokraterna.se\/lund\/textsida-med-vanster-sidebar\/politiker-i-namnder-och-styrelser\/\" \/>\n<meta property=\"og:locale\" content=\"sv_SE\" \/>\n<meta property=\"og:type\" content=\"article\" \/>\n<meta property=\"og:title\" content=\"Politiker i n\u00e4mnder och styrelser - Kristdemokraterna | Lund\" \/>\n<meta property=\"og:description\" content=\"Kommunalr\u00e5d Hedvig \u00c5kesson Kommunstyrelsen\u00a0 Hedvig \u00c5kesson, ledamot Gunnar Br\u00e5dvik ers KSAU\u00a0 Hedvig \u00c5kesson, ers Kommunstyrelsens Demkokratiberedning\u00a0 Agneta Lindskog, led Johanna Ros\u00e9n ers Kommunstyrelsens valberedning\u00a0 Agneta Lindskog\u00a0led Johanna Ros\u00e9n , ers Arbetsmarknads- och Socialn\u00e4mnden\u00a0 Agneta Lindskog, led Kelemua Kebede, ers Barn och skoln\u00e4mnden\u00a0 Elias B.Johansson. led Byggnadsn\u00e4mnden\u00a0 Gustaf Hamilton, led Krisn\u00e4mnden Hedvig \u00c5kesson, ers Kultur- och L\u00e4s mer\" \/>\n<meta property=\"og:url\" content=\"https:\/\/wp.kristdemokraterna.se\/lund\/textsida-med-vanster-sidebar\/politiker-i-namnder-och-styrelser\/\" \/>\n<meta property=\"og:site_name\" content=\"Kristdemokraterna | Lund\" \/>\n<meta property=\"article:modified_time\" content=\"2025-03-31T11:09:03+00:00\" \/>\n<meta name=\"twitter:card\" content=\"summary_large_image\" \/>\n<meta name=\"twitter:label1\" content=\"Ber\u00e4knad l\u00e4stid\" \/>\n\t<meta name=\"twitter:data1\" content=\"1 minut\" \/>\n<script type=\"application\/ld+json\" class=\"yoast-schema-graph\">{\"@context\":\"https:\\\/\\\/schema.org\",\"@graph\":[{\"@type\":\"WebPage\",\"@id\":\"https:\\\/\\\/wp.kristdemokraterna.se\\\/lund\\\/textsida-med-vanster-sidebar\\\/politiker-i-namnder-och-styrelser\\\/\",\"url\":\"https:\\\/\\\/wp.kristdemokraterna.se\\\/lund\\\/textsida-med-vanster-sidebar\\\/politiker-i-namnder-och-styrelser\\\/\",\"name\":\"Politiker i n\u00e4mnder och styrelser - Kristdemokraterna | Lund\",\"isPartOf\":{\"@id\":\"https:\\\/\\\/wp.kristdemokraterna.se\\\/lund\\\/#website\"},\"datePublished\":\"2022-01-10T09:24:36+00:00\",\"dateModified\":\"2025-03-31T11:09:03+00:00\",\"breadcrumb\":{\"@id\":\"https:\\\/\\\/wp.kristdemokraterna.se\\\/lund\\\/textsida-med-vanster-sidebar\\\/politiker-i-namnder-och-styrelser\\\/#breadcrumb\"},\"inLanguage\":\"sv-SE\",\"potentialAction\":[{\"@type\":\"ReadAction\",\"target\":[\"https:\\\/\\\/wp.kristdemokraterna.se\\\/lund\\\/textsida-med-vanster-sidebar\\\/politiker-i-namnder-och-styrelser\\\/\"]}]},{\"@type\":\"BreadcrumbList\",\"@id\":\"https:\\\/\\\/wp.kristdemokraterna.se\\\/lund\\\/textsida-med-vanster-sidebar\\\/politiker-i-namnder-och-styrelser\\\/#breadcrumb\",\"itemListElement\":[{\"@type\":\"ListItem\",\"position\":1,\"name\":\"Hem\",\"item\":\"https:\\\/\\\/wp.kristdemokraterna.se\\\/lund\\\/\"},{\"@type\":\"ListItem\",\"position\":2,\"name\":\"V\u00e5r partiavdelning\",\"item\":\"https:\\\/\\\/wp.kristdemokraterna.se\\\/lund\\\/textsida-med-vanster-sidebar\\\/\"},{\"@type\":\"ListItem\",\"position\":3,\"name\":\"Politiker i n\u00e4mnder och styrelser\"}]},{\"@type\":\"WebSite\",\"@id\":\"https:\\\/\\\/wp.kristdemokraterna.se\\\/lund\\\/#website\",\"url\":\"https:\\\/\\\/wp.kristdemokraterna.se\\\/lund\\\/\",\"name\":\"Kristdemokraterna | Lund\",\"description\":\"\",\"inLanguage\":\"sv-SE\"}]}<\/script>\n<!-- \/ Yoast SEO plugin. -->","yoast_head_json":{"title":"Politiker i n\u00e4mnder och styrelser - Kristdemokraterna | Lund","robots":{"index":"index","follow":"follow","max-snippet":"max-snippet:-1","max-image-preview":"max-image-preview:large","max-video-preview":"max-video-preview:-1"},"canonical":"https:\/\/wp.kristdemokraterna.se\/lund\/textsida-med-vanster-sidebar\/politiker-i-namnder-och-styrelser\/","og_locale":"sv_SE","og_type":"article","og_title":"Politiker i n\u00e4mnder och styrelser - Kristdemokraterna | Lund","og_description":"Kommunalr\u00e5d Hedvig \u00c5kesson Kommunstyrelsen\u00a0 Hedvig \u00c5kesson, ledamot Gunnar Br\u00e5dvik ers KSAU\u00a0 Hedvig \u00c5kesson, ers Kommunstyrelsens Demkokratiberedning\u00a0 Agneta Lindskog, led Johanna Ros\u00e9n ers Kommunstyrelsens valberedning\u00a0 Agneta Lindskog\u00a0led Johanna Ros\u00e9n , ers Arbetsmarknads- och Socialn\u00e4mnden\u00a0 Agneta Lindskog, led Kelemua Kebede, ers Barn och skoln\u00e4mnden\u00a0 Elias B.Johansson. led Byggnadsn\u00e4mnden\u00a0 Gustaf Hamilton, led Krisn\u00e4mnden Hedvig \u00c5kesson, ers Kultur- och L\u00e4s mer","og_url":"https:\/\/wp.kristdemokraterna.se\/lund\/textsida-med-vanster-sidebar\/politiker-i-namnder-och-styrelser\/","og_site_name":"Kristdemokraterna | Lund","article_modified_time":"2025-03-31T11:09:03+00:00","twitter_card":"summary_large_image","twitter_misc":{"Ber\u00e4knad l\u00e4stid":"1 minut"},"schema":{"@context":"https:\/\/schema.org","@graph":[{"@type":"WebPage","@id":"https:\/\/wp.kristdemokraterna.se\/lund\/textsida-med-vanster-sidebar\/politiker-i-namnder-och-styrelser\/","url":"https:\/\/wp.kristdemokraterna.se\/lund\/textsida-med-vanster-sidebar\/politiker-i-namnder-och-styrelser\/","name":"Politiker i n\u00e4mnder och styrelser - Kristdemokraterna | Lund","isPartOf":{"@id":"https:\/\/wp.kristdemokraterna.se\/lund\/#website"},"datePublished":"2022-01-10T09:24:36+00:00","dateModified":"2025-03-31T11:09:03+00:00","breadcrumb":{"@id":"https:\/\/wp.kristdemokraterna.se\/lund\/textsida-med-vanster-sidebar\/politiker-i-namnder-och-styrelser\/#breadcrumb"},"inLanguage":"sv-SE","potentialAction":[{"@type":"ReadAction","target":["https:\/\/wp.kristdemokraterna.se\/lund\/textsida-med-vanster-sidebar\/politiker-i-namnder-och-styrelser\/"]}]},{"@type":"BreadcrumbList","@id":"https:\/\/wp.kristdemokraterna.se\/lund\/textsida-med-vanster-sidebar\/politiker-i-namnder-och-styrelser\/#breadcrumb","itemListElement":[{"@type":"ListItem","position":1,"name":"Hem","item":"https:\/\/wp.kristdemokraterna.se\/lund\/"},{"@type":"ListItem","position":2,"name":"V\u00e5r partiavdelning","item":"https:\/\/wp.kristdemokraterna.se\/lund\/textsida-med-vanster-sidebar\/"},{"@type":"ListItem","position":3,"name":"Politiker i n\u00e4mnder och styrelser"}]},{"@type":"WebSite","@id":"https:\/\/wp.kristdemokraterna.se\/lund\/#website","url":"https:\/\/wp.kristdemokraterna.se\/lund\/","name":"Kristdemokraterna | Lund","description":"","inLanguage":"sv-SE"}]}},"_links":{"self":[{"href":"https:\/\/wp.kristdemokraterna.se\/lund\/wp-json\/wp\/v2\/pages\/2373","targetHints":{"allow":["GET"]}}],"collection":[{"href":"https:\/\/wp.kristdemokraterna.se\/lund\/wp-json\/wp\/v2\/pages"}],"about":[{"href":"https:\/\/wp.kristdemokraterna.se\/lund\/wp-json\/wp\/v2\/types\/page"}],"author":[{"embeddable":true,"href":"https:\/\/wp.kristdemokraterna.se\/lund\/wp-json\/wp\/v2\/users\/444"}],"replies":[{"embeddable":true,"href":"https:\/\/wp.kristdemokraterna.se\/lund\/wp-json\/wp\/v2\/comments?post=2373"}],"version-history":[{"count":1,"href":"https:\/\/wp.kristdemokraterna.se\/lund\/wp-json\/wp\/v2\/pages\/2373\/revisions"}],"predecessor-version":[{"id":4383,"href":"https:\/\/wp.kristdemokraterna.se\/lund\/wp-json\/wp\/v2\/pages\/2373\/revisions\/4383"}],"up":[{"embeddable":true,"href":"https:\/\/wp.kristdemokraterna.se\/lund\/wp-json\/wp\/v2\/pages\/269"}],"wp:attachment":[{"href":"https:\/\/wp.kristdemokraterna.se\/lund\/wp-json\/wp\/v2\/media?parent=2373"}],"curies":[{"name":"wp","href":"https:\/\/api.w.org\/{rel}","templated":true}]}}