{"id":2566,"date":"2022-01-22T14:16:36","date_gmt":"2022-01-22T13:16:36","guid":{"rendered":"https:\/\/wp.kristdemokraterna.se\/lund\/?page_id=2566"},"modified":"2025-12-19T13:22:31","modified_gmt":"2025-12-19T12:22:31","slug":"agneta-lindskog","status":"publish","type":"page","link":"https:\/\/wp.kristdemokraterna.se\/lund\/agneta-lindskog\/","title":{"rendered":"Agneta Lindskog"},"content":{"rendered":"<p><a href=\"http:\/\/wp.kristdemokraterna.se\/lund\/files\/2022\/12\/agneta-kf.jpg\"><img loading=\"lazy\" decoding=\"async\" class=\"alignnone size-full wp-image-3169\" src=\"http:\/\/wp.kristdemokraterna.se\/lund\/files\/2022\/12\/agneta-kf.jpg\" alt=\"\" width=\"150\" height=\"200\" srcset=\"https:\/\/wp.kristdemokraterna.se\/lund\/files\/2022\/12\/agneta-kf.jpg 150w, https:\/\/wp.kristdemokraterna.se\/lund\/files\/2022\/12\/agneta-kf-42x56.jpg 42w\" sizes=\"auto, (max-width: 150px) 100vw, 150px\" \/><\/a><\/p>\n<p>&nbsp;<\/p>\n<p><b>PRESS<\/b><\/p>\n<p><strong>Sydsvenskan<\/strong><\/p>\n<h3><a href=\"https:\/\/www.sydsvenskan.se\/lund\/kd-profilen-alla-bussarna-maste-tillbaka-till-stadskarnan\/\">Alla bussarna m\u00e5ste tillbaka till stadsk\u00e4rnan<\/a><\/h3>\n<h3><a href=\"https:\/\/www.sydsvenskan.se\/opinion\/aktuella-fragor\/lund-har-nu-majoritet-for-att-backa-in-i-framtiden\/\">Lund backar in i framtiden<\/a><\/h3>\n<p><strong>Kristianstadsbladet<\/strong><\/p>\n<h3><a href=\"https:\/\/www.kristianstadsbladet.se\/debatt\/kris-i-forlossningsvarden\/\">Kris i f\u00f6rlossningsv\u00e5rden<\/a><\/h3>\n<h3><a href=\"https:\/\/www.kristianstadsbladet.se\/debatt\/har-skane-och-sverige-rad-med-socialdemokratin\/\">Har Sk\u00e5ne och Sverige r\u00e5d med Socialdemokratin<\/a><\/h3>\n<h3><a href=\"https:\/\/www.kristianstadsbladet.se\/nyheter\/sjukvards-personal-kan-fa-id-kort\/\">Personal kan f\u00e5 ID kort<\/a><\/h3>\n<h3>Omn\u00e4mnande: <a href=\"https:\/\/www.kristianstadsbladet.se\/nyheter\/tjansteman-ska-inte-styra\/\">Tj\u00e4nstem\u00e4n ska inte styra<\/a><\/h3>\n<p><strong>Dagens Medicin<\/strong><\/p>\n<h3><a href=\"https:\/\/www.dagensmedicin.se\/opinion\/debatt\/ge-gront-ljus-for-vaccination-mot-cancer\/\">Ge gr\u00f6nt ljus f\u00f6r vaccination mot cancer<\/a><\/h3>\n<p>&nbsp;<\/p>\n<p>&nbsp;<\/p>\n<p>&nbsp;<\/p>\n","protected":false},"excerpt":{"rendered":"<p>&nbsp; PRESS Sydsvenskan Alla bussarna m\u00e5ste tillbaka till stadsk\u00e4rnan Lund backar in i framtiden Kristianstadsbladet Kris i f\u00f6rlossningsv\u00e5rden Har Sk\u00e5ne och Sverige r\u00e5d med Socialdemokratin Personal kan f\u00e5 ID kort Omn\u00e4mnande: Tj\u00e4nstem\u00e4n ska inte styra Dagens Medicin Ge gr\u00f6nt ljus f\u00f6r vaccination mot cancer &nbsp; &nbsp; &nbsp;<\/p>\n","protected":false},"author":444,"featured_media":0,"parent":0,"menu_order":8,"comment_status":"closed","ping_status":"closed","template":"","meta":{"_acf_changed":false,"footnotes":""},"class_list":["post-2566","page","type-page","status-publish","hentry"],"acf":[],"yoast_head":"<!-- This site is optimized with the Yoast SEO plugin v27.4 - https:\/\/yoast.com\/product\/yoast-seo-wordpress\/ -->\n<title>Agneta Lindskog - Kristdemokraterna | Lund<\/title>\n<meta name=\"robots\" content=\"index, follow, max-snippet:-1, max-image-preview:large, max-video-preview:-1\" \/>\n<link rel=\"canonical\" href=\"https:\/\/wp.kristdemokraterna.se\/lund\/agneta-lindskog\/\" \/>\n<meta property=\"og:locale\" content=\"sv_SE\" \/>\n<meta property=\"og:type\" content=\"article\" \/>\n<meta property=\"og:title\" content=\"Agneta Lindskog - Kristdemokraterna | Lund\" \/>\n<meta property=\"og:description\" content=\"&nbsp; PRESS Sydsvenskan Alla bussarna m\u00e5ste tillbaka till stadsk\u00e4rnan Lund backar in i framtiden Kristianstadsbladet Kris i f\u00f6rlossningsv\u00e5rden Har Sk\u00e5ne och Sverige r\u00e5d med Socialdemokratin Personal kan f\u00e5 ID kort Omn\u00e4mnande: Tj\u00e4nstem\u00e4n ska inte styra Dagens Medicin Ge gr\u00f6nt ljus f\u00f6r vaccination mot cancer &nbsp; &nbsp; &nbsp;\" \/>\n<meta property=\"og:url\" content=\"https:\/\/wp.kristdemokraterna.se\/lund\/agneta-lindskog\/\" \/>\n<meta property=\"og:site_name\" content=\"Kristdemokraterna | Lund\" \/>\n<meta property=\"article:modified_time\" content=\"2025-12-19T12:22:31+00:00\" \/>\n<meta property=\"og:image\" content=\"https:\/\/wp.kristdemokraterna.se\/lund\/files\/2022\/12\/agneta-kf.jpg\" \/>\n\t<meta property=\"og:image:width\" content=\"150\" \/>\n\t<meta property=\"og:image:height\" content=\"200\" \/>\n\t<meta property=\"og:image:type\" content=\"image\/jpeg\" \/>\n<meta name=\"twitter:card\" content=\"summary_large_image\" \/>\n<meta name=\"twitter:label1\" content=\"Ber\u00e4knad l\u00e4stid\" \/>\n\t<meta name=\"twitter:data1\" content=\"1 minut\" \/>\n<script type=\"application\/ld+json\" class=\"yoast-schema-graph\">{\"@context\":\"https:\\\/\\\/schema.org\",\"@graph\":[{\"@type\":\"WebPage\",\"@id\":\"https:\\\/\\\/wp.kristdemokraterna.se\\\/lund\\\/agneta-lindskog\\\/\",\"url\":\"https:\\\/\\\/wp.kristdemokraterna.se\\\/lund\\\/agneta-lindskog\\\/\",\"name\":\"Agneta Lindskog - Kristdemokraterna | Lund\",\"isPartOf\":{\"@id\":\"https:\\\/\\\/wp.kristdemokraterna.se\\\/lund\\\/#website\"},\"primaryImageOfPage\":{\"@id\":\"https:\\\/\\\/wp.kristdemokraterna.se\\\/lund\\\/agneta-lindskog\\\/#primaryimage\"},\"image\":{\"@id\":\"https:\\\/\\\/wp.kristdemokraterna.se\\\/lund\\\/agneta-lindskog\\\/#primaryimage\"},\"thumbnailUrl\":\"http:\\\/\\\/wp.kristdemokraterna.se\\\/lund\\\/files\\\/2022\\\/12\\\/agneta-kf.jpg\",\"datePublished\":\"2022-01-22T13:16:36+00:00\",\"dateModified\":\"2025-12-19T12:22:31+00:00\",\"breadcrumb\":{\"@id\":\"https:\\\/\\\/wp.kristdemokraterna.se\\\/lund\\\/agneta-lindskog\\\/#breadcrumb\"},\"inLanguage\":\"sv-SE\",\"potentialAction\":[{\"@type\":\"ReadAction\",\"target\":[\"https:\\\/\\\/wp.kristdemokraterna.se\\\/lund\\\/agneta-lindskog\\\/\"]}]},{\"@type\":\"ImageObject\",\"inLanguage\":\"sv-SE\",\"@id\":\"https:\\\/\\\/wp.kristdemokraterna.se\\\/lund\\\/agneta-lindskog\\\/#primaryimage\",\"url\":\"http:\\\/\\\/wp.kristdemokraterna.se\\\/lund\\\/files\\\/2022\\\/12\\\/agneta-kf.jpg\",\"contentUrl\":\"http:\\\/\\\/wp.kristdemokraterna.se\\\/lund\\\/files\\\/2022\\\/12\\\/agneta-kf.jpg\"},{\"@type\":\"BreadcrumbList\",\"@id\":\"https:\\\/\\\/wp.kristdemokraterna.se\\\/lund\\\/agneta-lindskog\\\/#breadcrumb\",\"itemListElement\":[{\"@type\":\"ListItem\",\"position\":1,\"name\":\"Hem\",\"item\":\"https:\\\/\\\/wp.kristdemokraterna.se\\\/lund\\\/\"},{\"@type\":\"ListItem\",\"position\":2,\"name\":\"Agneta Lindskog\"}]},{\"@type\":\"WebSite\",\"@id\":\"https:\\\/\\\/wp.kristdemokraterna.se\\\/lund\\\/#website\",\"url\":\"https:\\\/\\\/wp.kristdemokraterna.se\\\/lund\\\/\",\"name\":\"Kristdemokraterna | Lund\",\"description\":\"\",\"inLanguage\":\"sv-SE\"}]}<\/script>\n<!-- \/ Yoast SEO plugin. -->","yoast_head_json":{"title":"Agneta Lindskog - Kristdemokraterna | Lund","robots":{"index":"index","follow":"follow","max-snippet":"max-snippet:-1","max-image-preview":"max-image-preview:large","max-video-preview":"max-video-preview:-1"},"canonical":"https:\/\/wp.kristdemokraterna.se\/lund\/agneta-lindskog\/","og_locale":"sv_SE","og_type":"article","og_title":"Agneta Lindskog - Kristdemokraterna | Lund","og_description":"&nbsp; PRESS Sydsvenskan Alla bussarna m\u00e5ste tillbaka till stadsk\u00e4rnan Lund backar in i framtiden Kristianstadsbladet Kris i f\u00f6rlossningsv\u00e5rden Har Sk\u00e5ne och Sverige r\u00e5d med Socialdemokratin Personal kan f\u00e5 ID kort Omn\u00e4mnande: Tj\u00e4nstem\u00e4n ska inte styra Dagens Medicin Ge gr\u00f6nt ljus f\u00f6r vaccination mot cancer &nbsp; &nbsp; &nbsp;","og_url":"https:\/\/wp.kristdemokraterna.se\/lund\/agneta-lindskog\/","og_site_name":"Kristdemokraterna | Lund","article_modified_time":"2025-12-19T12:22:31+00:00","og_image":[{"width":150,"height":200,"url":"https:\/\/wp.kristdemokraterna.se\/lund\/files\/2022\/12\/agneta-kf.jpg","type":"image\/jpeg"}],"twitter_card":"summary_large_image","twitter_misc":{"Ber\u00e4knad l\u00e4stid":"1 minut"},"schema":{"@context":"https:\/\/schema.org","@graph":[{"@type":"WebPage","@id":"https:\/\/wp.kristdemokraterna.se\/lund\/agneta-lindskog\/","url":"https:\/\/wp.kristdemokraterna.se\/lund\/agneta-lindskog\/","name":"Agneta Lindskog - Kristdemokraterna | Lund","isPartOf":{"@id":"https:\/\/wp.kristdemokraterna.se\/lund\/#website"},"primaryImageOfPage":{"@id":"https:\/\/wp.kristdemokraterna.se\/lund\/agneta-lindskog\/#primaryimage"},"image":{"@id":"https:\/\/wp.kristdemokraterna.se\/lund\/agneta-lindskog\/#primaryimage"},"thumbnailUrl":"http:\/\/wp.kristdemokraterna.se\/lund\/files\/2022\/12\/agneta-kf.jpg","datePublished":"2022-01-22T13:16:36+00:00","dateModified":"2025-12-19T12:22:31+00:00","breadcrumb":{"@id":"https:\/\/wp.kristdemokraterna.se\/lund\/agneta-lindskog\/#breadcrumb"},"inLanguage":"sv-SE","potentialAction":[{"@type":"ReadAction","target":["https:\/\/wp.kristdemokraterna.se\/lund\/agneta-lindskog\/"]}]},{"@type":"ImageObject","inLanguage":"sv-SE","@id":"https:\/\/wp.kristdemokraterna.se\/lund\/agneta-lindskog\/#primaryimage","url":"http:\/\/wp.kristdemokraterna.se\/lund\/files\/2022\/12\/agneta-kf.jpg","contentUrl":"http:\/\/wp.kristdemokraterna.se\/lund\/files\/2022\/12\/agneta-kf.jpg"},{"@type":"BreadcrumbList","@id":"https:\/\/wp.kristdemokraterna.se\/lund\/agneta-lindskog\/#breadcrumb","itemListElement":[{"@type":"ListItem","position":1,"name":"Hem","item":"https:\/\/wp.kristdemokraterna.se\/lund\/"},{"@type":"ListItem","position":2,"name":"Agneta Lindskog"}]},{"@type":"WebSite","@id":"https:\/\/wp.kristdemokraterna.se\/lund\/#website","url":"https:\/\/wp.kristdemokraterna.se\/lund\/","name":"Kristdemokraterna | Lund","description":"","inLanguage":"sv-SE"}]}},"_links":{"self":[{"href":"https:\/\/wp.kristdemokraterna.se\/lund\/wp-json\/wp\/v2\/pages\/2566","targetHints":{"allow":["GET"]}}],"collection":[{"href":"https:\/\/wp.kristdemokraterna.se\/lund\/wp-json\/wp\/v2\/pages"}],"about":[{"href":"https:\/\/wp.kristdemokraterna.se\/lund\/wp-json\/wp\/v2\/types\/page"}],"author":[{"embeddable":true,"href":"https:\/\/wp.kristdemokraterna.se\/lund\/wp-json\/wp\/v2\/users\/444"}],"replies":[{"embeddable":true,"href":"https:\/\/wp.kristdemokraterna.se\/lund\/wp-json\/wp\/v2\/comments?post=2566"}],"version-history":[{"count":11,"href":"https:\/\/wp.kristdemokraterna.se\/lund\/wp-json\/wp\/v2\/pages\/2566\/revisions"}],"predecessor-version":[{"id":4773,"href":"https:\/\/wp.kristdemokraterna.se\/lund\/wp-json\/wp\/v2\/pages\/2566\/revisions\/4773"}],"wp:attachment":[{"href":"https:\/\/wp.kristdemokraterna.se\/lund\/wp-json\/wp\/v2\/media?parent=2566"}],"curies":[{"name":"wp","href":"https:\/\/api.w.org\/{rel}","templated":true}]}}