{"id":265,"date":"2017-11-29T16:47:40","date_gmt":"2017-11-29T15:47:40","guid":{"rendered":"http:\/\/wp.kristdemokraterna.se\/lund2\/?page_id=265"},"modified":"2026-02-16T23:54:08","modified_gmt":"2026-02-16T22:54:08","slug":"startsida","status":"publish","type":"page","link":"https:\/\/wp.kristdemokraterna.se\/lund\/","title":{"rendered":"Startsida"},"content":{"rendered":"<p>Jag \u00e4r ordf\u00f6rande f\u00f6r Kristdemokraterna i Lund. Det \u00e4r ett f\u00f6rtroende som f\u00f6rpliktigar. Att f\u00e5 vara en del av den kristdemokratiska folkr\u00f6relsen \u00e4r fantastiskt. Att dessutom v\u00e4ljas till ordf\u00f6rande f\u00f6r KD Lund, samma \u00e5r som v\u00e5rt parti firar 60 \u00e5r k\u00e4nns extra roligt.<\/p>\n<p>Lund \u00e4r en fantastisk stad. H\u00e4r finns n\u00e5got f\u00f6r alla. Jag \u00e4r glad och stolt att vara med och bidra till Lunds utveckling tillsammans med mina fantastiska partikamrater som representerar partiet i kommunens olika n\u00e4mnder. M\u00e4nniskor som p\u00e5 sin fritid l\u00e4ser handlingar, g\u00e5r p\u00e5 sammantr\u00e4den och m\u00f6ten f\u00f6r att vara med och utveckla den staden vi alla \u00e4lskar, och g\u00f6ra den lite mer Kristdemokratisk. Det \u00e4r ni och v\u00e5ra medlemmar som \u00e4r partiets ryggrad.<\/p>\n<p><a href=\"https:\/\/wp.kristdemokraterna.se\/lund\/textsida-med-vanster-sidebar\/ordforande-har-ordet-2\/\">L\u00e4s mer!<\/a><\/p>\n<p><!--more--><\/p>\n\n","protected":false},"excerpt":{"rendered":"<p>Jag \u00e4r ordf\u00f6rande f\u00f6r Kristdemokraterna i Lund. Det \u00e4r ett f\u00f6rtroende som f\u00f6rpliktigar. Att f\u00e5 vara en del av den kristdemokratiska folkr\u00f6relsen \u00e4r fantastiskt. Att dessutom v\u00e4ljas till ordf\u00f6rande f\u00f6r KD Lund, samma \u00e5r som v\u00e5rt parti firar 60 \u00e5r k\u00e4nns extra roligt. Lund \u00e4r en fantastisk stad. H\u00e4r finns n\u00e5got f\u00f6r alla. Jag \u00e4r <a class=\"read-more-link\" href=\"https:\/\/wp.kristdemokraterna.se\/lund\/\">L\u00e4s mer<\/a><\/p>\n","protected":false},"author":880,"featured_media":0,"parent":0,"menu_order":0,"comment_status":"closed","ping_status":"closed","template":"index.php","meta":{"_acf_changed":false,"footnotes":""},"class_list":["post-265","page","type-page","status-publish","hentry"],"acf":[],"yoast_head":"<!-- This site is optimized with the Yoast SEO plugin v27.3 - https:\/\/yoast.com\/product\/yoast-seo-wordpress\/ -->\n<title>Startsida - Kristdemokraterna | Lund<\/title>\n<meta name=\"robots\" content=\"index, follow, max-snippet:-1, max-image-preview:large, max-video-preview:-1\" \/>\n<link rel=\"canonical\" href=\"https:\/\/wp.kristdemokraterna.se\/lund\/\" \/>\n<meta property=\"og:locale\" content=\"sv_SE\" \/>\n<meta property=\"og:type\" content=\"article\" \/>\n<meta property=\"og:title\" content=\"Startsida - Kristdemokraterna | Lund\" \/>\n<meta property=\"og:description\" content=\"Jag \u00e4r ordf\u00f6rande f\u00f6r Kristdemokraterna i Lund. Det \u00e4r ett f\u00f6rtroende som f\u00f6rpliktigar. Att f\u00e5 vara en del av den kristdemokratiska folkr\u00f6relsen \u00e4r fantastiskt. Att dessutom v\u00e4ljas till ordf\u00f6rande f\u00f6r KD Lund, samma \u00e5r som v\u00e5rt parti firar 60 \u00e5r k\u00e4nns extra roligt. Lund \u00e4r en fantastisk stad. H\u00e4r finns n\u00e5got f\u00f6r alla. Jag \u00e4r L\u00e4s mer\" \/>\n<meta property=\"og:url\" content=\"https:\/\/wp.kristdemokraterna.se\/lund\/\" \/>\n<meta property=\"og:site_name\" content=\"Kristdemokraterna | Lund\" \/>\n<meta property=\"article:modified_time\" content=\"2026-02-16T22:54:08+00:00\" \/>\n<meta name=\"twitter:card\" content=\"summary_large_image\" \/>\n<meta name=\"twitter:label1\" content=\"Ber\u00e4knad l\u00e4stid\" \/>\n\t<meta name=\"twitter:data1\" content=\"1 minut\" \/>\n<script type=\"application\/ld+json\" class=\"yoast-schema-graph\">{\"@context\":\"https:\\\/\\\/schema.org\",\"@graph\":[{\"@type\":\"WebPage\",\"@id\":\"https:\\\/\\\/wp.kristdemokraterna.se\\\/lund\\\/\",\"url\":\"https:\\\/\\\/wp.kristdemokraterna.se\\\/lund\\\/\",\"name\":\"Startsida - Kristdemokraterna | Lund\",\"isPartOf\":{\"@id\":\"https:\\\/\\\/wp.kristdemokraterna.se\\\/lund\\\/#website\"},\"datePublished\":\"2017-11-29T15:47:40+00:00\",\"dateModified\":\"2026-02-16T22:54:08+00:00\",\"breadcrumb\":{\"@id\":\"https:\\\/\\\/wp.kristdemokraterna.se\\\/lund\\\/#breadcrumb\"},\"inLanguage\":\"sv-SE\",\"potentialAction\":[{\"@type\":\"ReadAction\",\"target\":[\"https:\\\/\\\/wp.kristdemokraterna.se\\\/lund\\\/\"]}]},{\"@type\":\"BreadcrumbList\",\"@id\":\"https:\\\/\\\/wp.kristdemokraterna.se\\\/lund\\\/#breadcrumb\",\"itemListElement\":[{\"@type\":\"ListItem\",\"position\":1,\"name\":\"Hem\",\"item\":\"https:\\\/\\\/wp.kristdemokraterna.se\\\/lund\\\/\"},{\"@type\":\"ListItem\",\"position\":2,\"name\":\"Startsida\"}]},{\"@type\":\"WebSite\",\"@id\":\"https:\\\/\\\/wp.kristdemokraterna.se\\\/lund\\\/#website\",\"url\":\"https:\\\/\\\/wp.kristdemokraterna.se\\\/lund\\\/\",\"name\":\"Kristdemokraterna | Lund\",\"description\":\"\",\"inLanguage\":\"sv-SE\"}]}<\/script>\n<!-- \/ Yoast SEO plugin. -->","yoast_head_json":{"title":"Startsida - Kristdemokraterna | Lund","robots":{"index":"index","follow":"follow","max-snippet":"max-snippet:-1","max-image-preview":"max-image-preview:large","max-video-preview":"max-video-preview:-1"},"canonical":"https:\/\/wp.kristdemokraterna.se\/lund\/","og_locale":"sv_SE","og_type":"article","og_title":"Startsida - Kristdemokraterna | Lund","og_description":"Jag \u00e4r ordf\u00f6rande f\u00f6r Kristdemokraterna i Lund. Det \u00e4r ett f\u00f6rtroende som f\u00f6rpliktigar. Att f\u00e5 vara en del av den kristdemokratiska folkr\u00f6relsen \u00e4r fantastiskt. Att dessutom v\u00e4ljas till ordf\u00f6rande f\u00f6r KD Lund, samma \u00e5r som v\u00e5rt parti firar 60 \u00e5r k\u00e4nns extra roligt. Lund \u00e4r en fantastisk stad. H\u00e4r finns n\u00e5got f\u00f6r alla. Jag \u00e4r L\u00e4s mer","og_url":"https:\/\/wp.kristdemokraterna.se\/lund\/","og_site_name":"Kristdemokraterna | Lund","article_modified_time":"2026-02-16T22:54:08+00:00","twitter_card":"summary_large_image","twitter_misc":{"Ber\u00e4knad l\u00e4stid":"1 minut"},"schema":{"@context":"https:\/\/schema.org","@graph":[{"@type":"WebPage","@id":"https:\/\/wp.kristdemokraterna.se\/lund\/","url":"https:\/\/wp.kristdemokraterna.se\/lund\/","name":"Startsida - Kristdemokraterna | Lund","isPartOf":{"@id":"https:\/\/wp.kristdemokraterna.se\/lund\/#website"},"datePublished":"2017-11-29T15:47:40+00:00","dateModified":"2026-02-16T22:54:08+00:00","breadcrumb":{"@id":"https:\/\/wp.kristdemokraterna.se\/lund\/#breadcrumb"},"inLanguage":"sv-SE","potentialAction":[{"@type":"ReadAction","target":["https:\/\/wp.kristdemokraterna.se\/lund\/"]}]},{"@type":"BreadcrumbList","@id":"https:\/\/wp.kristdemokraterna.se\/lund\/#breadcrumb","itemListElement":[{"@type":"ListItem","position":1,"name":"Hem","item":"https:\/\/wp.kristdemokraterna.se\/lund\/"},{"@type":"ListItem","position":2,"name":"Startsida"}]},{"@type":"WebSite","@id":"https:\/\/wp.kristdemokraterna.se\/lund\/#website","url":"https:\/\/wp.kristdemokraterna.se\/lund\/","name":"Kristdemokraterna | Lund","description":"","inLanguage":"sv-SE"}]}},"_links":{"self":[{"href":"https:\/\/wp.kristdemokraterna.se\/lund\/wp-json\/wp\/v2\/pages\/265","targetHints":{"allow":["GET"]}}],"collection":[{"href":"https:\/\/wp.kristdemokraterna.se\/lund\/wp-json\/wp\/v2\/pages"}],"about":[{"href":"https:\/\/wp.kristdemokraterna.se\/lund\/wp-json\/wp\/v2\/types\/page"}],"author":[{"embeddable":true,"href":"https:\/\/wp.kristdemokraterna.se\/lund\/wp-json\/wp\/v2\/users\/880"}],"replies":[{"embeddable":true,"href":"https:\/\/wp.kristdemokraterna.se\/lund\/wp-json\/wp\/v2\/comments?post=265"}],"version-history":[{"count":116,"href":"https:\/\/wp.kristdemokraterna.se\/lund\/wp-json\/wp\/v2\/pages\/265\/revisions"}],"predecessor-version":[{"id":4795,"href":"https:\/\/wp.kristdemokraterna.se\/lund\/wp-json\/wp\/v2\/pages\/265\/revisions\/4795"}],"wp:attachment":[{"href":"https:\/\/wp.kristdemokraterna.se\/lund\/wp-json\/wp\/v2\/media?parent=265"}],"curies":[{"name":"wp","href":"https:\/\/api.w.org\/{rel}","templated":true}]}}