{"id":2930,"date":"2022-07-05T20:01:05","date_gmt":"2022-07-05T18:01:05","guid":{"rendered":"https:\/\/wp.kristdemokraterna.se\/lund\/?page_id=2930"},"modified":"2022-07-05T20:01:05","modified_gmt":"2022-07-05T18:01:05","slug":"gymnasieskolan","status":"publish","type":"page","link":"https:\/\/wp.kristdemokraterna.se\/lund\/gymnasieskolan\/","title":{"rendered":"Gymnasieskolan"},"content":{"rendered":"<p>&nbsp;<\/p>\n<h2 style=\"text-align: center\"><b>Gymnasieskola<\/b><\/h2>\n<p><em>Gymnasieskolans huvuduppgift \u00e4r att f\u00f6rmedla kunskap, att stimulera elevernas intellektuella utveckling och att f\u00f6rbereda unga f\u00f6r h\u00f6gre studier eller ett direkt intr\u00e4de i arbetslivet. Gymnasieskolan ska ocks\u00e5 f\u00f6ra vidare en bildningstradition och v\u00e4cka insikt om kunskapens inneboende v\u00e4rde.<\/em><\/p>\n<p>&nbsp;<\/p>\n<ul>\n<li style=\"font-weight: 400\"><strong>Ett n\u00e4ra samarbete ska finnas mellan skolan och det lokala n\u00e4ringslivet, exempelvis vad g\u00e4ller l\u00e4rlingsutbildningar.\u00a0<\/strong><\/li>\n<li style=\"font-weight: 400\"><strong>Elever i gymnasieskolan ska ges m\u00f6jlighet att l\u00e4sa universitetskurser.\u00a0<\/strong><\/li>\n<li style=\"font-weight: 400\"><strong>Alla elever ska ges m\u00f6jlighet att \u00e5terkommande tr\u00e4ffa en utbildad studie- och yrkesv\u00e4gledare f\u00f6r att kunna g\u00f6ra v\u00e4lgrundade val.\u00a0<\/strong><\/li>\n<li style=\"font-weight: 400\"><strong>Varje gymnasieskola ska ha ett ansvar att snabbt och aktivt f\u00f6lja upp de elever som har h\u00f6g fr\u00e5nvaro.<\/strong><\/li>\n<li style=\"font-weight: 400\"><strong>Gymnasies\u00e4rskolan ska verka f\u00f6r att de elever som har intresse och m\u00f6jlighet ska erbjudas praktik och l\u00e4rlingsplatser.\u00a0<\/strong><\/li>\n<li style=\"font-weight: 400\"><strong>Gymnasieskolan ska som helhet uppmuntra ideellt engagemang i f\u00f6reningar, idrottsorganisationer och liknande.\u00a0<\/strong><\/li>\n<\/ul>\n<ul>\n<li style=\"font-weight: 400\"><\/li>\n<\/ul>\n","protected":false},"excerpt":{"rendered":"<p>&nbsp; Gymnasieskola Gymnasieskolans huvuduppgift \u00e4r att f\u00f6rmedla kunskap, att stimulera elevernas intellektuella utveckling och att f\u00f6rbereda unga f\u00f6r h\u00f6gre studier eller ett direkt intr\u00e4de i arbetslivet. Gymnasieskolan ska ocks\u00e5 f\u00f6ra vidare en bildningstradition och v\u00e4cka insikt om kunskapens inneboende v\u00e4rde. &nbsp; Ett n\u00e4ra samarbete ska finnas mellan skolan och det lokala n\u00e4ringslivet, exempelvis vad g\u00e4ller <a class=\"read-more-link\" href=\"https:\/\/wp.kristdemokraterna.se\/lund\/gymnasieskolan\/\">L\u00e4s mer<\/a><\/p>\n","protected":false},"author":444,"featured_media":0,"parent":0,"menu_order":0,"comment_status":"closed","ping_status":"closed","template":"","meta":{"_acf_changed":false,"footnotes":""},"class_list":["post-2930","page","type-page","status-publish","hentry"],"acf":[],"yoast_head":"<!-- This site is optimized with the Yoast SEO plugin v27.3 - https:\/\/yoast.com\/product\/yoast-seo-wordpress\/ -->\n<title>Gymnasieskolan - Kristdemokraterna | Lund<\/title>\n<meta name=\"robots\" content=\"index, follow, max-snippet:-1, max-image-preview:large, max-video-preview:-1\" \/>\n<link rel=\"canonical\" href=\"https:\/\/wp.kristdemokraterna.se\/lund\/gymnasieskolan\/\" \/>\n<meta property=\"og:locale\" content=\"sv_SE\" \/>\n<meta property=\"og:type\" content=\"article\" \/>\n<meta property=\"og:title\" content=\"Gymnasieskolan - Kristdemokraterna | Lund\" \/>\n<meta property=\"og:description\" content=\"&nbsp; Gymnasieskola Gymnasieskolans huvuduppgift \u00e4r att f\u00f6rmedla kunskap, att stimulera elevernas intellektuella utveckling och att f\u00f6rbereda unga f\u00f6r h\u00f6gre studier eller ett direkt intr\u00e4de i arbetslivet. Gymnasieskolan ska ocks\u00e5 f\u00f6ra vidare en bildningstradition och v\u00e4cka insikt om kunskapens inneboende v\u00e4rde. &nbsp; Ett n\u00e4ra samarbete ska finnas mellan skolan och det lokala n\u00e4ringslivet, exempelvis vad g\u00e4ller L\u00e4s mer\" \/>\n<meta property=\"og:url\" content=\"https:\/\/wp.kristdemokraterna.se\/lund\/gymnasieskolan\/\" \/>\n<meta property=\"og:site_name\" content=\"Kristdemokraterna | Lund\" \/>\n<meta name=\"twitter:card\" content=\"summary_large_image\" \/>\n<meta name=\"twitter:label1\" content=\"Ber\u00e4knad l\u00e4stid\" \/>\n\t<meta name=\"twitter:data1\" content=\"1 minut\" \/>\n<script type=\"application\/ld+json\" class=\"yoast-schema-graph\">{\"@context\":\"https:\\\/\\\/schema.org\",\"@graph\":[{\"@type\":\"WebPage\",\"@id\":\"https:\\\/\\\/wp.kristdemokraterna.se\\\/lund\\\/gymnasieskolan\\\/\",\"url\":\"https:\\\/\\\/wp.kristdemokraterna.se\\\/lund\\\/gymnasieskolan\\\/\",\"name\":\"Gymnasieskolan - Kristdemokraterna | Lund\",\"isPartOf\":{\"@id\":\"https:\\\/\\\/wp.kristdemokraterna.se\\\/lund\\\/#website\"},\"datePublished\":\"2022-07-05T18:01:05+00:00\",\"breadcrumb\":{\"@id\":\"https:\\\/\\\/wp.kristdemokraterna.se\\\/lund\\\/gymnasieskolan\\\/#breadcrumb\"},\"inLanguage\":\"sv-SE\",\"potentialAction\":[{\"@type\":\"ReadAction\",\"target\":[\"https:\\\/\\\/wp.kristdemokraterna.se\\\/lund\\\/gymnasieskolan\\\/\"]}]},{\"@type\":\"BreadcrumbList\",\"@id\":\"https:\\\/\\\/wp.kristdemokraterna.se\\\/lund\\\/gymnasieskolan\\\/#breadcrumb\",\"itemListElement\":[{\"@type\":\"ListItem\",\"position\":1,\"name\":\"Hem\",\"item\":\"https:\\\/\\\/wp.kristdemokraterna.se\\\/lund\\\/\"},{\"@type\":\"ListItem\",\"position\":2,\"name\":\"Gymnasieskolan\"}]},{\"@type\":\"WebSite\",\"@id\":\"https:\\\/\\\/wp.kristdemokraterna.se\\\/lund\\\/#website\",\"url\":\"https:\\\/\\\/wp.kristdemokraterna.se\\\/lund\\\/\",\"name\":\"Kristdemokraterna | Lund\",\"description\":\"\",\"inLanguage\":\"sv-SE\"}]}<\/script>\n<!-- \/ Yoast SEO plugin. -->","yoast_head_json":{"title":"Gymnasieskolan - Kristdemokraterna | Lund","robots":{"index":"index","follow":"follow","max-snippet":"max-snippet:-1","max-image-preview":"max-image-preview:large","max-video-preview":"max-video-preview:-1"},"canonical":"https:\/\/wp.kristdemokraterna.se\/lund\/gymnasieskolan\/","og_locale":"sv_SE","og_type":"article","og_title":"Gymnasieskolan - Kristdemokraterna | Lund","og_description":"&nbsp; Gymnasieskola Gymnasieskolans huvuduppgift \u00e4r att f\u00f6rmedla kunskap, att stimulera elevernas intellektuella utveckling och att f\u00f6rbereda unga f\u00f6r h\u00f6gre studier eller ett direkt intr\u00e4de i arbetslivet. Gymnasieskolan ska ocks\u00e5 f\u00f6ra vidare en bildningstradition och v\u00e4cka insikt om kunskapens inneboende v\u00e4rde. &nbsp; Ett n\u00e4ra samarbete ska finnas mellan skolan och det lokala n\u00e4ringslivet, exempelvis vad g\u00e4ller L\u00e4s mer","og_url":"https:\/\/wp.kristdemokraterna.se\/lund\/gymnasieskolan\/","og_site_name":"Kristdemokraterna | Lund","twitter_card":"summary_large_image","twitter_misc":{"Ber\u00e4knad l\u00e4stid":"1 minut"},"schema":{"@context":"https:\/\/schema.org","@graph":[{"@type":"WebPage","@id":"https:\/\/wp.kristdemokraterna.se\/lund\/gymnasieskolan\/","url":"https:\/\/wp.kristdemokraterna.se\/lund\/gymnasieskolan\/","name":"Gymnasieskolan - Kristdemokraterna | Lund","isPartOf":{"@id":"https:\/\/wp.kristdemokraterna.se\/lund\/#website"},"datePublished":"2022-07-05T18:01:05+00:00","breadcrumb":{"@id":"https:\/\/wp.kristdemokraterna.se\/lund\/gymnasieskolan\/#breadcrumb"},"inLanguage":"sv-SE","potentialAction":[{"@type":"ReadAction","target":["https:\/\/wp.kristdemokraterna.se\/lund\/gymnasieskolan\/"]}]},{"@type":"BreadcrumbList","@id":"https:\/\/wp.kristdemokraterna.se\/lund\/gymnasieskolan\/#breadcrumb","itemListElement":[{"@type":"ListItem","position":1,"name":"Hem","item":"https:\/\/wp.kristdemokraterna.se\/lund\/"},{"@type":"ListItem","position":2,"name":"Gymnasieskolan"}]},{"@type":"WebSite","@id":"https:\/\/wp.kristdemokraterna.se\/lund\/#website","url":"https:\/\/wp.kristdemokraterna.se\/lund\/","name":"Kristdemokraterna | Lund","description":"","inLanguage":"sv-SE"}]}},"_links":{"self":[{"href":"https:\/\/wp.kristdemokraterna.se\/lund\/wp-json\/wp\/v2\/pages\/2930","targetHints":{"allow":["GET"]}}],"collection":[{"href":"https:\/\/wp.kristdemokraterna.se\/lund\/wp-json\/wp\/v2\/pages"}],"about":[{"href":"https:\/\/wp.kristdemokraterna.se\/lund\/wp-json\/wp\/v2\/types\/page"}],"author":[{"embeddable":true,"href":"https:\/\/wp.kristdemokraterna.se\/lund\/wp-json\/wp\/v2\/users\/444"}],"replies":[{"embeddable":true,"href":"https:\/\/wp.kristdemokraterna.se\/lund\/wp-json\/wp\/v2\/comments?post=2930"}],"version-history":[{"count":0,"href":"https:\/\/wp.kristdemokraterna.se\/lund\/wp-json\/wp\/v2\/pages\/2930\/revisions"}],"wp:attachment":[{"href":"https:\/\/wp.kristdemokraterna.se\/lund\/wp-json\/wp\/v2\/media?parent=2930"}],"curies":[{"name":"wp","href":"https:\/\/api.w.org\/{rel}","templated":true}]}}