{"id":2943,"date":"2022-07-05T20:11:29","date_gmt":"2022-07-05T18:11:29","guid":{"rendered":"https:\/\/wp.kristdemokraterna.se\/lund\/?page_id=2943"},"modified":"2022-07-05T20:11:29","modified_gmt":"2022-07-05T18:11:29","slug":"krisberedskap","status":"publish","type":"page","link":"https:\/\/wp.kristdemokraterna.se\/lund\/krisberedskap\/","title":{"rendered":"Krisberedskap"},"content":{"rendered":"<p style=\"text-align: center\"><a href=\"http:\/\/wp.kristdemokraterna.se\/lund2\/files\/2022\/05\/281504171_538619451263474_1593932347984699802_n.jpg\"><img loading=\"lazy\" decoding=\"async\" class=\"alignnone size-medium wp-image-2794\" src=\"http:\/\/wp.kristdemokraterna.se\/lund2\/files\/2022\/05\/281504171_538619451263474_1593932347984699802_n-300x259.jpg\" alt=\"\" width=\"300\" height=\"259\" srcset=\"https:\/\/wp.kristdemokraterna.se\/lund\/files\/2022\/05\/281504171_538619451263474_1593932347984699802_n-300x259.jpg 300w, https:\/\/wp.kristdemokraterna.se\/lund\/files\/2022\/05\/281504171_538619451263474_1593932347984699802_n-1024x885.jpg 1024w, https:\/\/wp.kristdemokraterna.se\/lund\/files\/2022\/05\/281504171_538619451263474_1593932347984699802_n-768x664.jpg 768w, https:\/\/wp.kristdemokraterna.se\/lund\/files\/2022\/05\/281504171_538619451263474_1593932347984699802_n-1536x1327.jpg 1536w, https:\/\/wp.kristdemokraterna.se\/lund\/files\/2022\/05\/281504171_538619451263474_1593932347984699802_n-2048x1770.jpg 2048w, https:\/\/wp.kristdemokraterna.se\/lund\/files\/2022\/05\/281504171_538619451263474_1593932347984699802_n-231x200.jpg 231w, https:\/\/wp.kristdemokraterna.se\/lund\/files\/2022\/05\/281504171_538619451263474_1593932347984699802_n-370x320.jpg 370w, https:\/\/wp.kristdemokraterna.se\/lund\/files\/2022\/05\/281504171_538619451263474_1593932347984699802_n-770x665.jpg 770w, https:\/\/wp.kristdemokraterna.se\/lund\/files\/2022\/05\/281504171_538619451263474_1593932347984699802_n-450x389.jpg 450w, https:\/\/wp.kristdemokraterna.se\/lund\/files\/2022\/05\/281504171_538619451263474_1593932347984699802_n-280x242.jpg 280w, https:\/\/wp.kristdemokraterna.se\/lund\/files\/2022\/05\/281504171_538619451263474_1593932347984699802_n-340x294.jpg 340w, https:\/\/wp.kristdemokraterna.se\/lund\/files\/2022\/05\/281504171_538619451263474_1593932347984699802_n-200x173.jpg 200w, https:\/\/wp.kristdemokraterna.se\/lund\/files\/2022\/05\/281504171_538619451263474_1593932347984699802_n-65x56.jpg 65w\" sizes=\"auto, (max-width: 300px) 100vw, 300px\" \/><\/a><\/p>\n<h2 style=\"text-align: center\">Krisberedskap<\/h2>\n<p><span style=\"font-weight: 400\">Lunds kommun ska planera f\u00f6r en \u00f6kad robusthet f\u00f6r att klara sv\u00e5rare p\u00e5frestningar. Pandemin och det f\u00f6rs\u00e4mrade s\u00e4kerhetsl\u00e4get i v\u00e5r omv\u00e4rld har aktualiserat behoven f\u00f6r kommunen att i h\u00f6gre grad planera f\u00f6r of\u00f6rutsedda och omfattande h\u00e4ndelser som riskerar att p\u00e5verka kommunens k\u00e4rnfunktioner negativt. Lunds kommun har identifierat en rad behov f\u00f6r att st\u00e4rka krisberedskapen i sin krisberedskapsplan. Vi Kristdemokrater anser att det ligger i det kommunala k\u00e4rnuppdraget att garantera kommunal beredskap. Exempelvis finns enligt kommunens beredskapsplan inga kommunala beredskapslager f\u00f6r livsmedel uppr\u00e4ttade. Allvarliga h\u00e4ndelser kan vara f\u00f6rutsedda eller of\u00f6rutsedda.<\/span><\/p>\n<p>&nbsp;<\/p>\n<ul>\n<li style=\"font-weight: 400\"><span style=\"font-weight: 400\"><strong>Kommunens f\u00f6rm\u00e5ga att klara p\u00e5frestningar avseende k\u00e4rnfunktioner ska st\u00e4rkas f\u00f6r att bygga robusthet.<\/strong><\/span><\/li>\n<li style=\"font-weight: 400\"><strong>Kommunala beredskapslager ska \u00e5teruppbyggas.<\/strong><\/li>\n<li style=\"font-weight: 400\"><strong>Den kommunala krisberedskapsplanen ska tillf\u00f6ras medel f\u00f6r att realiseras.<\/strong><\/li>\n<li style=\"font-weight: 400\"><strong>Livsmedelsf\u00f6rs\u00f6jningen till f\u00f6rskolor, skolor, \u00e4ldreboenden och andra kommunala verksamheter ska garanteras i kris. Detta b\u00f6r ske i samr\u00e5d med Myndigheten f\u00f6r Samh\u00e4llsskydd och Beredskap.<\/strong><\/li>\n<li style=\"font-weight: 400\"><strong>En kommunal krisfond f\u00f6r att hantera utgifter kopplade till of\u00f6rutsedda allvarliga h\u00e4ndelser ska uppr\u00e4ttas.<\/strong><\/li>\n<li style=\"font-weight: 400\"><strong>Utrustning f\u00f6r n\u00f6dhj\u00e4lp, s\u00e5som f\u00f6r vatten och elf\u00f6rs\u00f6rjning, ska k\u00f6pas in.<\/strong><\/li>\n<li style=\"font-weight: 400\"><strong>\u00c4ldreomsorgens och hemtj\u00e4nstens m\u00f6jlighet att n\u00e5 alla beh\u00f6vande Lundabor vid exempelvis sn\u00f6stormar och \u00f6versv\u00e4mningar ska st\u00e4rkas.<\/strong><\/li>\n<li style=\"font-weight: 400\"><strong>Kommunala medarbetare ska erbjudas f\u00f6ruts\u00e4ttningar f\u00f6r engagemang i totalf\u00f6rsvarets frivilligorganisationer.<\/strong><\/li>\n<li style=\"font-weight: 400\"><strong>Skolornas m\u00f6jlighet att erbjuda undervisning av h\u00f6g kvalitet p\u00e5 distans ska st\u00e4rkas.<\/strong><\/li>\n<li style=\"font-weight: 400\"><strong>F\u00f6rm\u00e5gan f\u00f6r kommunen att m\u00f6ta \u00f6kade cyberhot och cyberangrepp ska st\u00e4rkas.<\/strong><\/li>\n<li style=\"font-weight: 400\"><strong>Kommunens anknytning till F\u00f6rsvarsmaktens verksamhet i Sk\u00e5ne s\u00e5som P7, Milit\u00e4rregionen och frivilligf\u00f6rsvaret ska \u00f6ka.<\/strong><\/li>\n<li style=\"font-weight: 400\"><strong>Ekonomiska f\u00f6ruts\u00e4ttningar f\u00f6r krishanterings\u00f6vningar av nyckelpersonal i kommunala befattningar ska genomf\u00f6ras.<\/strong><\/li>\n<\/ul>\n<p>&nbsp;<\/p>\n<p>&nbsp;<\/p>\n<p>&nbsp;<\/p>\n<p>&nbsp;<\/p>\n<p>&nbsp;<\/p>\n<p>&nbsp;<\/p>\n<p>&nbsp;<\/p>\n","protected":false},"excerpt":{"rendered":"<p>Krisberedskap Lunds kommun ska planera f\u00f6r en \u00f6kad robusthet f\u00f6r att klara sv\u00e5rare p\u00e5frestningar. Pandemin och det f\u00f6rs\u00e4mrade s\u00e4kerhetsl\u00e4get i v\u00e5r omv\u00e4rld har aktualiserat behoven f\u00f6r kommunen att i h\u00f6gre grad planera f\u00f6r of\u00f6rutsedda och omfattande h\u00e4ndelser som riskerar att p\u00e5verka kommunens k\u00e4rnfunktioner negativt. Lunds kommun har identifierat en rad behov f\u00f6r att st\u00e4rka krisberedskapen <a class=\"read-more-link\" href=\"https:\/\/wp.kristdemokraterna.se\/lund\/krisberedskap\/\">L\u00e4s mer<\/a><\/p>\n","protected":false},"author":444,"featured_media":0,"parent":0,"menu_order":0,"comment_status":"closed","ping_status":"closed","template":"","meta":{"_acf_changed":false,"footnotes":""},"class_list":["post-2943","page","type-page","status-publish","hentry"],"acf":[],"yoast_head":"<!-- This site is optimized with the Yoast SEO plugin v27.4 - https:\/\/yoast.com\/product\/yoast-seo-wordpress\/ -->\n<title>Krisberedskap - Kristdemokraterna | Lund<\/title>\n<meta name=\"robots\" content=\"index, follow, max-snippet:-1, max-image-preview:large, max-video-preview:-1\" \/>\n<link rel=\"canonical\" href=\"https:\/\/wp.kristdemokraterna.se\/lund\/krisberedskap\/\" \/>\n<meta property=\"og:locale\" content=\"sv_SE\" \/>\n<meta property=\"og:type\" content=\"article\" \/>\n<meta property=\"og:title\" content=\"Krisberedskap - Kristdemokraterna | Lund\" \/>\n<meta property=\"og:description\" content=\"Krisberedskap Lunds kommun ska planera f\u00f6r en \u00f6kad robusthet f\u00f6r att klara sv\u00e5rare p\u00e5frestningar. Pandemin och det f\u00f6rs\u00e4mrade s\u00e4kerhetsl\u00e4get i v\u00e5r omv\u00e4rld har aktualiserat behoven f\u00f6r kommunen att i h\u00f6gre grad planera f\u00f6r of\u00f6rutsedda och omfattande h\u00e4ndelser som riskerar att p\u00e5verka kommunens k\u00e4rnfunktioner negativt. Lunds kommun har identifierat en rad behov f\u00f6r att st\u00e4rka krisberedskapen L\u00e4s mer\" \/>\n<meta property=\"og:url\" content=\"https:\/\/wp.kristdemokraterna.se\/lund\/krisberedskap\/\" \/>\n<meta property=\"og:site_name\" content=\"Kristdemokraterna | Lund\" \/>\n<meta property=\"og:image\" content=\"http:\/\/wp.kristdemokraterna.se\/lund2\/files\/2022\/05\/281504171_538619451263474_1593932347984699802_n-300x259.jpg\" \/>\n<meta name=\"twitter:card\" content=\"summary_large_image\" \/>\n<meta name=\"twitter:label1\" content=\"Ber\u00e4knad l\u00e4stid\" \/>\n\t<meta name=\"twitter:data1\" content=\"2 minuter\" \/>\n<script type=\"application\/ld+json\" class=\"yoast-schema-graph\">{\"@context\":\"https:\\\/\\\/schema.org\",\"@graph\":[{\"@type\":\"WebPage\",\"@id\":\"https:\\\/\\\/wp.kristdemokraterna.se\\\/lund\\\/krisberedskap\\\/\",\"url\":\"https:\\\/\\\/wp.kristdemokraterna.se\\\/lund\\\/krisberedskap\\\/\",\"name\":\"Krisberedskap - Kristdemokraterna | Lund\",\"isPartOf\":{\"@id\":\"https:\\\/\\\/wp.kristdemokraterna.se\\\/lund\\\/#website\"},\"primaryImageOfPage\":{\"@id\":\"https:\\\/\\\/wp.kristdemokraterna.se\\\/lund\\\/krisberedskap\\\/#primaryimage\"},\"image\":{\"@id\":\"https:\\\/\\\/wp.kristdemokraterna.se\\\/lund\\\/krisberedskap\\\/#primaryimage\"},\"thumbnailUrl\":\"http:\\\/\\\/wp.kristdemokraterna.se\\\/lund2\\\/files\\\/2022\\\/05\\\/281504171_538619451263474_1593932347984699802_n-300x259.jpg\",\"datePublished\":\"2022-07-05T18:11:29+00:00\",\"breadcrumb\":{\"@id\":\"https:\\\/\\\/wp.kristdemokraterna.se\\\/lund\\\/krisberedskap\\\/#breadcrumb\"},\"inLanguage\":\"sv-SE\",\"potentialAction\":[{\"@type\":\"ReadAction\",\"target\":[\"https:\\\/\\\/wp.kristdemokraterna.se\\\/lund\\\/krisberedskap\\\/\"]}]},{\"@type\":\"ImageObject\",\"inLanguage\":\"sv-SE\",\"@id\":\"https:\\\/\\\/wp.kristdemokraterna.se\\\/lund\\\/krisberedskap\\\/#primaryimage\",\"url\":\"http:\\\/\\\/wp.kristdemokraterna.se\\\/lund2\\\/files\\\/2022\\\/05\\\/281504171_538619451263474_1593932347984699802_n-300x259.jpg\",\"contentUrl\":\"http:\\\/\\\/wp.kristdemokraterna.se\\\/lund2\\\/files\\\/2022\\\/05\\\/281504171_538619451263474_1593932347984699802_n-300x259.jpg\"},{\"@type\":\"BreadcrumbList\",\"@id\":\"https:\\\/\\\/wp.kristdemokraterna.se\\\/lund\\\/krisberedskap\\\/#breadcrumb\",\"itemListElement\":[{\"@type\":\"ListItem\",\"position\":1,\"name\":\"Hem\",\"item\":\"https:\\\/\\\/wp.kristdemokraterna.se\\\/lund\\\/\"},{\"@type\":\"ListItem\",\"position\":2,\"name\":\"Krisberedskap\"}]},{\"@type\":\"WebSite\",\"@id\":\"https:\\\/\\\/wp.kristdemokraterna.se\\\/lund\\\/#website\",\"url\":\"https:\\\/\\\/wp.kristdemokraterna.se\\\/lund\\\/\",\"name\":\"Kristdemokraterna | Lund\",\"description\":\"\",\"inLanguage\":\"sv-SE\"}]}<\/script>\n<!-- \/ Yoast SEO plugin. -->","yoast_head_json":{"title":"Krisberedskap - Kristdemokraterna | Lund","robots":{"index":"index","follow":"follow","max-snippet":"max-snippet:-1","max-image-preview":"max-image-preview:large","max-video-preview":"max-video-preview:-1"},"canonical":"https:\/\/wp.kristdemokraterna.se\/lund\/krisberedskap\/","og_locale":"sv_SE","og_type":"article","og_title":"Krisberedskap - Kristdemokraterna | Lund","og_description":"Krisberedskap Lunds kommun ska planera f\u00f6r en \u00f6kad robusthet f\u00f6r att klara sv\u00e5rare p\u00e5frestningar. Pandemin och det f\u00f6rs\u00e4mrade s\u00e4kerhetsl\u00e4get i v\u00e5r omv\u00e4rld har aktualiserat behoven f\u00f6r kommunen att i h\u00f6gre grad planera f\u00f6r of\u00f6rutsedda och omfattande h\u00e4ndelser som riskerar att p\u00e5verka kommunens k\u00e4rnfunktioner negativt. Lunds kommun har identifierat en rad behov f\u00f6r att st\u00e4rka krisberedskapen L\u00e4s mer","og_url":"https:\/\/wp.kristdemokraterna.se\/lund\/krisberedskap\/","og_site_name":"Kristdemokraterna | Lund","og_image":[{"url":"http:\/\/wp.kristdemokraterna.se\/lund2\/files\/2022\/05\/281504171_538619451263474_1593932347984699802_n-300x259.jpg","type":"","width":"","height":""}],"twitter_card":"summary_large_image","twitter_misc":{"Ber\u00e4knad l\u00e4stid":"2 minuter"},"schema":{"@context":"https:\/\/schema.org","@graph":[{"@type":"WebPage","@id":"https:\/\/wp.kristdemokraterna.se\/lund\/krisberedskap\/","url":"https:\/\/wp.kristdemokraterna.se\/lund\/krisberedskap\/","name":"Krisberedskap - Kristdemokraterna | Lund","isPartOf":{"@id":"https:\/\/wp.kristdemokraterna.se\/lund\/#website"},"primaryImageOfPage":{"@id":"https:\/\/wp.kristdemokraterna.se\/lund\/krisberedskap\/#primaryimage"},"image":{"@id":"https:\/\/wp.kristdemokraterna.se\/lund\/krisberedskap\/#primaryimage"},"thumbnailUrl":"http:\/\/wp.kristdemokraterna.se\/lund2\/files\/2022\/05\/281504171_538619451263474_1593932347984699802_n-300x259.jpg","datePublished":"2022-07-05T18:11:29+00:00","breadcrumb":{"@id":"https:\/\/wp.kristdemokraterna.se\/lund\/krisberedskap\/#breadcrumb"},"inLanguage":"sv-SE","potentialAction":[{"@type":"ReadAction","target":["https:\/\/wp.kristdemokraterna.se\/lund\/krisberedskap\/"]}]},{"@type":"ImageObject","inLanguage":"sv-SE","@id":"https:\/\/wp.kristdemokraterna.se\/lund\/krisberedskap\/#primaryimage","url":"http:\/\/wp.kristdemokraterna.se\/lund2\/files\/2022\/05\/281504171_538619451263474_1593932347984699802_n-300x259.jpg","contentUrl":"http:\/\/wp.kristdemokraterna.se\/lund2\/files\/2022\/05\/281504171_538619451263474_1593932347984699802_n-300x259.jpg"},{"@type":"BreadcrumbList","@id":"https:\/\/wp.kristdemokraterna.se\/lund\/krisberedskap\/#breadcrumb","itemListElement":[{"@type":"ListItem","position":1,"name":"Hem","item":"https:\/\/wp.kristdemokraterna.se\/lund\/"},{"@type":"ListItem","position":2,"name":"Krisberedskap"}]},{"@type":"WebSite","@id":"https:\/\/wp.kristdemokraterna.se\/lund\/#website","url":"https:\/\/wp.kristdemokraterna.se\/lund\/","name":"Kristdemokraterna | Lund","description":"","inLanguage":"sv-SE"}]}},"_links":{"self":[{"href":"https:\/\/wp.kristdemokraterna.se\/lund\/wp-json\/wp\/v2\/pages\/2943","targetHints":{"allow":["GET"]}}],"collection":[{"href":"https:\/\/wp.kristdemokraterna.se\/lund\/wp-json\/wp\/v2\/pages"}],"about":[{"href":"https:\/\/wp.kristdemokraterna.se\/lund\/wp-json\/wp\/v2\/types\/page"}],"author":[{"embeddable":true,"href":"https:\/\/wp.kristdemokraterna.se\/lund\/wp-json\/wp\/v2\/users\/444"}],"replies":[{"embeddable":true,"href":"https:\/\/wp.kristdemokraterna.se\/lund\/wp-json\/wp\/v2\/comments?post=2943"}],"version-history":[{"count":0,"href":"https:\/\/wp.kristdemokraterna.se\/lund\/wp-json\/wp\/v2\/pages\/2943\/revisions"}],"wp:attachment":[{"href":"https:\/\/wp.kristdemokraterna.se\/lund\/wp-json\/wp\/v2\/media?parent=2943"}],"curies":[{"name":"wp","href":"https:\/\/api.w.org\/{rel}","templated":true}]}}