{"id":2948,"date":"2022-07-05T20:09:36","date_gmt":"2022-07-05T18:09:36","guid":{"rendered":"https:\/\/wp.kristdemokraterna.se\/lund\/?page_id=2948"},"modified":"2022-07-05T20:09:36","modified_gmt":"2022-07-05T18:09:36","slug":"integration","status":"publish","type":"page","link":"https:\/\/wp.kristdemokraterna.se\/lund\/integration\/","title":{"rendered":"Integration"},"content":{"rendered":"<h2 style=\"text-align: center\">Integration<\/h2>\n<p>I en fungerande samh\u00e4llsgemenskap k\u00e4nner medborgare delaktighet, tillit till varann och tar ansvar f\u00f6r det gemensamma samh\u00e4llet. Vid en misslyckad integration skapas ett hot mot<br \/>\nsamh\u00e4llsgemenskapen. H\u00e4r st\u00e4lls krav p\u00e5 oss som bor h\u00e4r sedan l\u00e4nge att vara inkluderande men ocks\u00e5 p\u00e5 dem som kommer hit att anstr\u00e4nga sig f\u00f6r att bli en del av sitt nya land och acceptera<br \/>\ngrundl\u00e4ggande v\u00e4rderingar som v\u00e5rt samh\u00e4lle vilar p\u00e5. <span style=\"font-weight: 400\"> Att bygga parallellsamh\u00e4llen \u00e4r inte ett alternativ.\u00a0<\/span><\/p>\n<p>Lund f\u00f6r en framg\u00e5ngsrik integrationspolitik.\u00a0 \u00a0Av tradition har Lundaborna h\u00f6g tolerans och \u00e4r vana vid m\u00e4nniskor fr\u00e5n andra kulturer genom v\u00e5rt Univeritet och\u00a0 v\u00e5r Universitetssjukhus. d\u00e4r m\u00e5nga medborgare med invandrarbakgrund\u00a0 arbetat sedan decennier tillbaka. Genom Comung och det nya arbetsmarknadsuppdrag som kummunen gett fr.a. Socialn\u00e4mnden, arbetar vi aktivt med att f\u00e5 personer som st\u00e5r l\u00e5ngt ifr\u00e5n arbetsmarknaden\u00a0 till ett liv med sj\u00e4lvf\u00f6rs\u00f6rjning. Vi har lyckats bra och f\u00f6r n\u00e4rvarande\u00a0 visar Lunds kommun upp anm\u00e4rkningsv\u00e4rt l\u00e5ga siffror f\u00f6r arbetsl\u00f6shet bland ungdomar. N\u00e4ringslivet tar ocks\u00e5 en aktiv roll. Nyanl\u00e4nda f\u00e5r information om det nya samh\u00e4llet de kommer till, och ett projekt har p\u00e5b\u00f6rjats om s\u00e4rskilt f\u00f6r\u00e4ldrast\u00f6d.<\/p>\n<p><span style=\"font-weight: 400\">N\u00e4r m\u00e5nga invandrare kommer till ett land under kort tid s\u00e4tts samh\u00e4llsgemenskapen p\u00e5 prov. Att de som kommer hit snabbt l\u00e4r sig spr\u00e5ket och kommer i egenf\u00f6rs\u00f6rjning \u00e4r avg\u00f6rande.\u00a0 Om vi inte lyckas med integrationen kommer problemen att f\u00f6rdjupas. <\/span><\/p>\n<ul>\n<li><strong>SFI-undervisning ska kunna kombineras med arbetslivspraktik. Inf\u00f6r snabbsp\u00e5r till bristyrken.<\/strong><\/li>\n<li><strong>Lunds kommun ska leva upp till kravet p\u00e5 max tre m\u00e5naders v\u00e4ntetid till SFI.<\/strong><\/li>\n<li><strong>\u00a0SFI ska erbjudas \u00e4ven under f\u00f6r\u00e4ldraledighet.<\/strong><\/li>\n<li><strong>Lovskola ska erbjudas alla elever som inte n\u00e5r m\u00e5len i svenska som andraspr\u00e5k.<\/strong><\/li>\n<li><strong>Det lokala n\u00e4ringslivet ska uppmuntras att delta i mentorskapsprogram f\u00f6r invandrare som vill <\/strong><strong>starta eget.<\/strong><\/li>\n<li><strong>G\u00f6r samh\u00e4llsorienteringen obligatorisk som del av SFI. Genomg\u00e5ngen av samh\u00e4llsorientering f\u00f6r nyanl\u00e4nda ska vara f\u00f6ruts\u00e4ttning f\u00f6r f\u00f6rs\u00f6rjningsst\u00f6d.<\/strong><\/li>\n<li><strong>F\u00f6rs\u00f6rjningsst\u00f6d ska kombineras med aktivitetskrav.<\/strong><\/li>\n<li><strong>Samh\u00e4llsorienteringen ska inneh\u00e5lla undervisning om v\u00e4rderingar, lag och r\u00e4tt <\/strong><strong>j\u00e4mst\u00e4lldhet och sociala och etiska koder i Sverige.<\/strong><\/li>\n<li><strong>Socialtj\u00e4nstens hederssamordnare ska fortl\u00f6pande\u00a0 utbilda\u00a0 personal inom f\u00f6rskola, skola\u00a0 i att kunna uppt\u00e4cka och <\/strong><strong>bem\u00f6ta hedersproblematik.<\/strong><\/li>\n<li style=\"font-weight: 400\"><strong>Trakasserier fr\u00e5n s\u00e5 kallade \u201creligi\u00f6sa sedlighetspoliser\u201d ska polisanm\u00e4las om det f\u00f6rekommer<\/strong><\/li>\n<\/ul>\n","protected":false},"excerpt":{"rendered":"<p>Integration I en fungerande samh\u00e4llsgemenskap k\u00e4nner medborgare delaktighet, tillit till varann och tar ansvar f\u00f6r det gemensamma samh\u00e4llet. Vid en misslyckad integration skapas ett hot mot samh\u00e4llsgemenskapen. H\u00e4r st\u00e4lls krav p\u00e5 oss som bor h\u00e4r sedan l\u00e4nge att vara inkluderande men ocks\u00e5 p\u00e5 dem som kommer hit att anstr\u00e4nga sig f\u00f6r att bli en del <a class=\"read-more-link\" href=\"https:\/\/wp.kristdemokraterna.se\/lund\/integration\/\">L\u00e4s mer<\/a><\/p>\n","protected":false},"author":444,"featured_media":0,"parent":0,"menu_order":0,"comment_status":"closed","ping_status":"closed","template":"","meta":{"_acf_changed":false,"footnotes":""},"class_list":["post-2948","page","type-page","status-publish","hentry"],"acf":[],"yoast_head":"<!-- This site is optimized with the Yoast SEO plugin v27.4 - https:\/\/yoast.com\/product\/yoast-seo-wordpress\/ -->\n<title>Integration - Kristdemokraterna | Lund<\/title>\n<meta name=\"robots\" content=\"index, follow, max-snippet:-1, max-image-preview:large, max-video-preview:-1\" \/>\n<link rel=\"canonical\" href=\"https:\/\/wp.kristdemokraterna.se\/lund\/integration\/\" \/>\n<meta property=\"og:locale\" content=\"sv_SE\" \/>\n<meta property=\"og:type\" content=\"article\" \/>\n<meta property=\"og:title\" content=\"Integration - Kristdemokraterna | Lund\" \/>\n<meta property=\"og:description\" content=\"Integration I en fungerande samh\u00e4llsgemenskap k\u00e4nner medborgare delaktighet, tillit till varann och tar ansvar f\u00f6r det gemensamma samh\u00e4llet. Vid en misslyckad integration skapas ett hot mot samh\u00e4llsgemenskapen. H\u00e4r st\u00e4lls krav p\u00e5 oss som bor h\u00e4r sedan l\u00e4nge att vara inkluderande men ocks\u00e5 p\u00e5 dem som kommer hit att anstr\u00e4nga sig f\u00f6r att bli en del L\u00e4s mer\" \/>\n<meta property=\"og:url\" content=\"https:\/\/wp.kristdemokraterna.se\/lund\/integration\/\" \/>\n<meta property=\"og:site_name\" content=\"Kristdemokraterna | Lund\" \/>\n<meta name=\"twitter:card\" content=\"summary_large_image\" \/>\n<meta name=\"twitter:label1\" content=\"Ber\u00e4knad l\u00e4stid\" \/>\n\t<meta name=\"twitter:data1\" content=\"2 minuter\" \/>\n<script type=\"application\/ld+json\" class=\"yoast-schema-graph\">{\"@context\":\"https:\\\/\\\/schema.org\",\"@graph\":[{\"@type\":\"WebPage\",\"@id\":\"https:\\\/\\\/wp.kristdemokraterna.se\\\/lund\\\/integration\\\/\",\"url\":\"https:\\\/\\\/wp.kristdemokraterna.se\\\/lund\\\/integration\\\/\",\"name\":\"Integration - Kristdemokraterna | Lund\",\"isPartOf\":{\"@id\":\"https:\\\/\\\/wp.kristdemokraterna.se\\\/lund\\\/#website\"},\"datePublished\":\"2022-07-05T18:09:36+00:00\",\"breadcrumb\":{\"@id\":\"https:\\\/\\\/wp.kristdemokraterna.se\\\/lund\\\/integration\\\/#breadcrumb\"},\"inLanguage\":\"sv-SE\",\"potentialAction\":[{\"@type\":\"ReadAction\",\"target\":[\"https:\\\/\\\/wp.kristdemokraterna.se\\\/lund\\\/integration\\\/\"]}]},{\"@type\":\"BreadcrumbList\",\"@id\":\"https:\\\/\\\/wp.kristdemokraterna.se\\\/lund\\\/integration\\\/#breadcrumb\",\"itemListElement\":[{\"@type\":\"ListItem\",\"position\":1,\"name\":\"Hem\",\"item\":\"https:\\\/\\\/wp.kristdemokraterna.se\\\/lund\\\/\"},{\"@type\":\"ListItem\",\"position\":2,\"name\":\"Integration\"}]},{\"@type\":\"WebSite\",\"@id\":\"https:\\\/\\\/wp.kristdemokraterna.se\\\/lund\\\/#website\",\"url\":\"https:\\\/\\\/wp.kristdemokraterna.se\\\/lund\\\/\",\"name\":\"Kristdemokraterna | Lund\",\"description\":\"\",\"inLanguage\":\"sv-SE\"}]}<\/script>\n<!-- \/ Yoast SEO plugin. -->","yoast_head_json":{"title":"Integration - Kristdemokraterna | Lund","robots":{"index":"index","follow":"follow","max-snippet":"max-snippet:-1","max-image-preview":"max-image-preview:large","max-video-preview":"max-video-preview:-1"},"canonical":"https:\/\/wp.kristdemokraterna.se\/lund\/integration\/","og_locale":"sv_SE","og_type":"article","og_title":"Integration - Kristdemokraterna | Lund","og_description":"Integration I en fungerande samh\u00e4llsgemenskap k\u00e4nner medborgare delaktighet, tillit till varann och tar ansvar f\u00f6r det gemensamma samh\u00e4llet. Vid en misslyckad integration skapas ett hot mot samh\u00e4llsgemenskapen. H\u00e4r st\u00e4lls krav p\u00e5 oss som bor h\u00e4r sedan l\u00e4nge att vara inkluderande men ocks\u00e5 p\u00e5 dem som kommer hit att anstr\u00e4nga sig f\u00f6r att bli en del L\u00e4s mer","og_url":"https:\/\/wp.kristdemokraterna.se\/lund\/integration\/","og_site_name":"Kristdemokraterna | Lund","twitter_card":"summary_large_image","twitter_misc":{"Ber\u00e4knad l\u00e4stid":"2 minuter"},"schema":{"@context":"https:\/\/schema.org","@graph":[{"@type":"WebPage","@id":"https:\/\/wp.kristdemokraterna.se\/lund\/integration\/","url":"https:\/\/wp.kristdemokraterna.se\/lund\/integration\/","name":"Integration - Kristdemokraterna | Lund","isPartOf":{"@id":"https:\/\/wp.kristdemokraterna.se\/lund\/#website"},"datePublished":"2022-07-05T18:09:36+00:00","breadcrumb":{"@id":"https:\/\/wp.kristdemokraterna.se\/lund\/integration\/#breadcrumb"},"inLanguage":"sv-SE","potentialAction":[{"@type":"ReadAction","target":["https:\/\/wp.kristdemokraterna.se\/lund\/integration\/"]}]},{"@type":"BreadcrumbList","@id":"https:\/\/wp.kristdemokraterna.se\/lund\/integration\/#breadcrumb","itemListElement":[{"@type":"ListItem","position":1,"name":"Hem","item":"https:\/\/wp.kristdemokraterna.se\/lund\/"},{"@type":"ListItem","position":2,"name":"Integration"}]},{"@type":"WebSite","@id":"https:\/\/wp.kristdemokraterna.se\/lund\/#website","url":"https:\/\/wp.kristdemokraterna.se\/lund\/","name":"Kristdemokraterna | Lund","description":"","inLanguage":"sv-SE"}]}},"_links":{"self":[{"href":"https:\/\/wp.kristdemokraterna.se\/lund\/wp-json\/wp\/v2\/pages\/2948","targetHints":{"allow":["GET"]}}],"collection":[{"href":"https:\/\/wp.kristdemokraterna.se\/lund\/wp-json\/wp\/v2\/pages"}],"about":[{"href":"https:\/\/wp.kristdemokraterna.se\/lund\/wp-json\/wp\/v2\/types\/page"}],"author":[{"embeddable":true,"href":"https:\/\/wp.kristdemokraterna.se\/lund\/wp-json\/wp\/v2\/users\/444"}],"replies":[{"embeddable":true,"href":"https:\/\/wp.kristdemokraterna.se\/lund\/wp-json\/wp\/v2\/comments?post=2948"}],"version-history":[{"count":0,"href":"https:\/\/wp.kristdemokraterna.se\/lund\/wp-json\/wp\/v2\/pages\/2948\/revisions"}],"wp:attachment":[{"href":"https:\/\/wp.kristdemokraterna.se\/lund\/wp-json\/wp\/v2\/media?parent=2948"}],"curies":[{"name":"wp","href":"https:\/\/api.w.org\/{rel}","templated":true}]}}