{"id":2954,"date":"2022-07-05T20:08:52","date_gmt":"2022-07-05T18:08:52","guid":{"rendered":"https:\/\/wp.kristdemokraterna.se\/lund\/?page_id=2954"},"modified":"2022-07-05T20:08:52","modified_gmt":"2022-07-05T18:08:52","slug":"trygghet","status":"publish","type":"page","link":"https:\/\/wp.kristdemokraterna.se\/lund\/trygghet\/","title":{"rendered":"Trygghet"},"content":{"rendered":"<h3 style=\"text-align: center\"><b>Trygghet\u00a0<\/b><\/h3>\n<p><span style=\"font-weight: 400\">I Lunds kommun ska alla medborgare k\u00e4nna sig trygga. Trygghet \u00e4r ett brett begrepp och innefattar m\u00e5nga perspektiv. N\u00e4r det kommer till att skapa trygghet handlar det om allt ifr\u00e5n naturliga m\u00f6tesplatser, hur vi arbetar med ljuss\u00e4ttning till hur vi bek\u00e4mpar organiserad brottslighet. I grunden handlar det dock om att vi vill ha ett samh\u00e4lle d\u00e4r medborgarna k\u00e4nner tillit; tillit till varann och tillit till samh\u00e4llets institutioner. H\u00e4r spelar civilsamh\u00e4llet en betydelsefull roll. I f\u00f6reningsengagemang fostras vi till tillit, ansvarstagande och civilkurage.\u00a0<\/span><\/p>\n<p>&nbsp;<\/p>\n<ul>\n<li style=\"font-weight: 400\"><strong>St\u00f6dcentrum f\u00f6r brottsoffer ska fortsatt finnas.<\/strong><\/li>\n<li style=\"font-weight: 400\"><strong>Avhopparjourer ska utvecklas, f\u00f6r personer som vill l\u00e4mna sitt kriminella liv bakom sig.<\/strong><\/li>\n<li style=\"font-weight: 400\"><strong>Klotter ska omedelbart avl\u00e4gsnas f\u00f6r att \u00f6ka upplevelsen av trygghet.\u00a0<\/strong><\/li>\n<li style=\"font-weight: 400\"><strong>Arbetet med sociala insatsgrupper ska fortsatt st\u00f6djas.<\/strong><\/li>\n<li style=\"font-weight: 400\"><strong>Samarbetet mellan skola och polis ska utvecklas, med specifik polis knuten till varje skola som eleverna k\u00e4nner igen.<\/strong><\/li>\n<li><strong>Elsparkcykeluthyrning ska f\u00f6rbjudas i Lunds centrum d\u00e4r framkomligheten hotas.<\/strong><\/li>\n<li style=\"font-weight: 400\"><strong>Sociala insatsgruppen och BR\u00c5 ska kunna samarbeta med andra myndigheter f\u00f6r att tillsammans kunna motverka organiserad brottslighet.<\/strong><\/li>\n<li style=\"font-weight: 400\"><strong>Dialog ska fortsatt f\u00f6ras mellan kommunen och polisen med syfte att komma fram till s\u00e5 kallade medborgarl\u00f6ften som en del i det brottsf\u00f6rebyggande och trygghetsskapande arbetet.<\/strong><\/li>\n<li style=\"font-weight: 400\"><strong>Belysningen p\u00e5 m\u00f6rka platser ska f\u00f6rb\u00e4ttras.\u00a0<\/strong><\/li>\n<li style=\"font-weight: 400\"><strong>Kommunen ska n\u00e4ra arbeta med universitet f\u00f6r att g\u00f6ra universitetsomr\u00e5det och Lundag\u00e5rd tryggare p\u00e5 kv\u00e4llar och n\u00e4tter.\u00a0<\/strong><\/li>\n<li style=\"font-weight: 400\"><strong>Ut\u00f6ka kamera\u00f6vervakningen i Lund och \u00f6vriga t\u00e4torter i kommunen.<\/strong><\/li>\n<li style=\"font-weight: 400\"><strong>R\u00f6j sly vid otrygga g\u00e5ngstr\u00e5k i kommunen<\/strong><\/li>\n<\/ul>\n<ul>\n<li><strong>Polisens kontroller med narkotikahundar p\u00e5 gymnasieskolor ska uppmuntras.\u00a0<\/strong><\/li>\n<\/ul>\n<p>&nbsp;<\/p>\n<p>&nbsp;<\/p>\n","protected":false},"excerpt":{"rendered":"<p>Trygghet\u00a0 I Lunds kommun ska alla medborgare k\u00e4nna sig trygga. Trygghet \u00e4r ett brett begrepp och innefattar m\u00e5nga perspektiv. N\u00e4r det kommer till att skapa trygghet handlar det om allt ifr\u00e5n naturliga m\u00f6tesplatser, hur vi arbetar med ljuss\u00e4ttning till hur vi bek\u00e4mpar organiserad brottslighet. I grunden handlar det dock om att vi vill ha ett <a class=\"read-more-link\" href=\"https:\/\/wp.kristdemokraterna.se\/lund\/trygghet\/\">L\u00e4s mer<\/a><\/p>\n","protected":false},"author":444,"featured_media":0,"parent":0,"menu_order":0,"comment_status":"closed","ping_status":"closed","template":"","meta":{"_acf_changed":false,"footnotes":""},"class_list":["post-2954","page","type-page","status-publish","hentry"],"acf":[],"yoast_head":"<!-- This site is optimized with the Yoast SEO plugin v27.4 - https:\/\/yoast.com\/product\/yoast-seo-wordpress\/ -->\n<title>Trygghet - Kristdemokraterna | Lund<\/title>\n<meta name=\"robots\" content=\"index, follow, max-snippet:-1, max-image-preview:large, max-video-preview:-1\" \/>\n<link rel=\"canonical\" href=\"https:\/\/wp.kristdemokraterna.se\/lund\/trygghet\/\" \/>\n<meta property=\"og:locale\" content=\"sv_SE\" \/>\n<meta property=\"og:type\" content=\"article\" \/>\n<meta property=\"og:title\" content=\"Trygghet - Kristdemokraterna | Lund\" \/>\n<meta property=\"og:description\" content=\"Trygghet\u00a0 I Lunds kommun ska alla medborgare k\u00e4nna sig trygga. Trygghet \u00e4r ett brett begrepp och innefattar m\u00e5nga perspektiv. N\u00e4r det kommer till att skapa trygghet handlar det om allt ifr\u00e5n naturliga m\u00f6tesplatser, hur vi arbetar med ljuss\u00e4ttning till hur vi bek\u00e4mpar organiserad brottslighet. I grunden handlar det dock om att vi vill ha ett L\u00e4s mer\" \/>\n<meta property=\"og:url\" content=\"https:\/\/wp.kristdemokraterna.se\/lund\/trygghet\/\" \/>\n<meta property=\"og:site_name\" content=\"Kristdemokraterna | Lund\" \/>\n<meta name=\"twitter:card\" content=\"summary_large_image\" \/>\n<meta name=\"twitter:label1\" content=\"Ber\u00e4knad l\u00e4stid\" \/>\n\t<meta name=\"twitter:data1\" content=\"2 minuter\" \/>\n<script type=\"application\/ld+json\" class=\"yoast-schema-graph\">{\"@context\":\"https:\\\/\\\/schema.org\",\"@graph\":[{\"@type\":\"WebPage\",\"@id\":\"https:\\\/\\\/wp.kristdemokraterna.se\\\/lund\\\/trygghet\\\/\",\"url\":\"https:\\\/\\\/wp.kristdemokraterna.se\\\/lund\\\/trygghet\\\/\",\"name\":\"Trygghet - Kristdemokraterna | Lund\",\"isPartOf\":{\"@id\":\"https:\\\/\\\/wp.kristdemokraterna.se\\\/lund\\\/#website\"},\"datePublished\":\"2022-07-05T18:08:52+00:00\",\"breadcrumb\":{\"@id\":\"https:\\\/\\\/wp.kristdemokraterna.se\\\/lund\\\/trygghet\\\/#breadcrumb\"},\"inLanguage\":\"sv-SE\",\"potentialAction\":[{\"@type\":\"ReadAction\",\"target\":[\"https:\\\/\\\/wp.kristdemokraterna.se\\\/lund\\\/trygghet\\\/\"]}]},{\"@type\":\"BreadcrumbList\",\"@id\":\"https:\\\/\\\/wp.kristdemokraterna.se\\\/lund\\\/trygghet\\\/#breadcrumb\",\"itemListElement\":[{\"@type\":\"ListItem\",\"position\":1,\"name\":\"Hem\",\"item\":\"https:\\\/\\\/wp.kristdemokraterna.se\\\/lund\\\/\"},{\"@type\":\"ListItem\",\"position\":2,\"name\":\"Trygghet\"}]},{\"@type\":\"WebSite\",\"@id\":\"https:\\\/\\\/wp.kristdemokraterna.se\\\/lund\\\/#website\",\"url\":\"https:\\\/\\\/wp.kristdemokraterna.se\\\/lund\\\/\",\"name\":\"Kristdemokraterna | Lund\",\"description\":\"\",\"inLanguage\":\"sv-SE\"}]}<\/script>\n<!-- \/ Yoast SEO plugin. -->","yoast_head_json":{"title":"Trygghet - Kristdemokraterna | Lund","robots":{"index":"index","follow":"follow","max-snippet":"max-snippet:-1","max-image-preview":"max-image-preview:large","max-video-preview":"max-video-preview:-1"},"canonical":"https:\/\/wp.kristdemokraterna.se\/lund\/trygghet\/","og_locale":"sv_SE","og_type":"article","og_title":"Trygghet - Kristdemokraterna | Lund","og_description":"Trygghet\u00a0 I Lunds kommun ska alla medborgare k\u00e4nna sig trygga. Trygghet \u00e4r ett brett begrepp och innefattar m\u00e5nga perspektiv. N\u00e4r det kommer till att skapa trygghet handlar det om allt ifr\u00e5n naturliga m\u00f6tesplatser, hur vi arbetar med ljuss\u00e4ttning till hur vi bek\u00e4mpar organiserad brottslighet. I grunden handlar det dock om att vi vill ha ett L\u00e4s mer","og_url":"https:\/\/wp.kristdemokraterna.se\/lund\/trygghet\/","og_site_name":"Kristdemokraterna | Lund","twitter_card":"summary_large_image","twitter_misc":{"Ber\u00e4knad l\u00e4stid":"2 minuter"},"schema":{"@context":"https:\/\/schema.org","@graph":[{"@type":"WebPage","@id":"https:\/\/wp.kristdemokraterna.se\/lund\/trygghet\/","url":"https:\/\/wp.kristdemokraterna.se\/lund\/trygghet\/","name":"Trygghet - Kristdemokraterna | Lund","isPartOf":{"@id":"https:\/\/wp.kristdemokraterna.se\/lund\/#website"},"datePublished":"2022-07-05T18:08:52+00:00","breadcrumb":{"@id":"https:\/\/wp.kristdemokraterna.se\/lund\/trygghet\/#breadcrumb"},"inLanguage":"sv-SE","potentialAction":[{"@type":"ReadAction","target":["https:\/\/wp.kristdemokraterna.se\/lund\/trygghet\/"]}]},{"@type":"BreadcrumbList","@id":"https:\/\/wp.kristdemokraterna.se\/lund\/trygghet\/#breadcrumb","itemListElement":[{"@type":"ListItem","position":1,"name":"Hem","item":"https:\/\/wp.kristdemokraterna.se\/lund\/"},{"@type":"ListItem","position":2,"name":"Trygghet"}]},{"@type":"WebSite","@id":"https:\/\/wp.kristdemokraterna.se\/lund\/#website","url":"https:\/\/wp.kristdemokraterna.se\/lund\/","name":"Kristdemokraterna | Lund","description":"","inLanguage":"sv-SE"}]}},"_links":{"self":[{"href":"https:\/\/wp.kristdemokraterna.se\/lund\/wp-json\/wp\/v2\/pages\/2954","targetHints":{"allow":["GET"]}}],"collection":[{"href":"https:\/\/wp.kristdemokraterna.se\/lund\/wp-json\/wp\/v2\/pages"}],"about":[{"href":"https:\/\/wp.kristdemokraterna.se\/lund\/wp-json\/wp\/v2\/types\/page"}],"author":[{"embeddable":true,"href":"https:\/\/wp.kristdemokraterna.se\/lund\/wp-json\/wp\/v2\/users\/444"}],"replies":[{"embeddable":true,"href":"https:\/\/wp.kristdemokraterna.se\/lund\/wp-json\/wp\/v2\/comments?post=2954"}],"version-history":[{"count":0,"href":"https:\/\/wp.kristdemokraterna.se\/lund\/wp-json\/wp\/v2\/pages\/2954\/revisions"}],"wp:attachment":[{"href":"https:\/\/wp.kristdemokraterna.se\/lund\/wp-json\/wp\/v2\/media?parent=2954"}],"curies":[{"name":"wp","href":"https:\/\/api.w.org\/{rel}","templated":true}]}}