{"id":2957,"date":"2022-07-05T19:59:59","date_gmt":"2022-07-05T17:59:59","guid":{"rendered":"https:\/\/wp.kristdemokraterna.se\/lund\/?page_id=2957"},"modified":"2022-07-05T19:59:59","modified_gmt":"2022-07-05T17:59:59","slug":"kultur-och-fritid","status":"publish","type":"page","link":"https:\/\/wp.kristdemokraterna.se\/lund\/kultur-och-fritid\/","title":{"rendered":"Kultur och fritid"},"content":{"rendered":"<h2><\/h2>\n<h2 style=\"text-align: center\"><strong>Kultur och fritid<\/strong><\/h2>\n<p><em>&#8221; <strong>Kultur och media<\/strong> Att v\u00e4rna om m\u00e4nniskans inre liv \u00e4r lika sj\u00e4lvklart f\u00f6r Kristdemokraterna som att garantera hennes materiella behov. Politikens uppgift \u00e4r inte att styra kulturen utan att ge den m\u00f6jlighet att v\u00e4xa fritt, b\u00e5de p\u00e5 amat\u00f6rniv\u00e5 och p\u00e5 professionell niv\u00e5. Vi vill bevara det materiella och immateriella kulturarvet, verka f\u00f6r mer kulturverksamhet i skolan och st\u00e4rka det civila samh\u00e4llet \u2013 till exempel f\u00f6reningar, organisationer och trossamfund.&#8221;<\/em><\/p>\n<p>Ett rikt utbud av kultur, fritidsaktiviteter och friluftsliv bidrar till ett samh\u00e4lle d\u00e4r det \u00e4r gott att leva.Detta har en stor betydelse n\u00e4r det kommer till skapandet av en attraktiv kommun. Det offentliga ska\u00a0 i samverkan med civilsamh\u00e4lle och n\u00e4ringsliv skapa f\u00f6ruts\u00e4ttningar f\u00f6r medborgare att kunna ta del av ett rikt och varierande kultur-,fritids- och friluftsliv. Det \u00e4r viktigt att kommunen inte konkurerar ut\u00a0 andra akt\u00f6rer med skattesubventionerad verksamhet., d\u00e4remot kan man genom inf\u00f6randet av musikcheck, kulturcheck etc st\u00f6dja kommuninnev\u00e5narnas behov av kultur s\u00e5 att\u00a0 alla f\u00e5r samma m\u00f6jligheter.<\/p>\n<h3 style=\"text-align: center\"><strong>Idrott<\/strong><\/h3>\n<p>M\u00f6jlihet till att ut\u00f6va idrott alltifr\u00e5n breddidrott f\u00f6r barn\u00a0 till elitidrott f\u00f6r unga\u00a0 i h\u00f6gre ton\u00e5ren\u00a0 ska finnas i kommunen. Fysisk aktivitet som grundl\u00e4gges tidigt ger ocks\u00e5 gl\u00e4dje och h\u00e4lsa i vuxenlivet n\u00e4r man forts\u00e4tter med fysisk aktivitet.\u00a0 Idrott \u00e4r integrationsfr\u00e4mjande.\u00a0\u00a0Idrott ska vara inkluderande och f\u00f6lja intentioner b\u00e5de i barnkonventionen och i samh\u00e4llets demokratiska v\u00e4rderingar.<\/p>\n<ul>\n<li><strong>Flick och pojkidrott ska tilldelas lika resurser, b\u00e5de vid breddidrotter och vid elitidrott.<\/strong><\/li>\n<li><strong>Personer med fuktionsneds\u00e4ttningar ska f\u00e5 riktade satsningar betr\u00e4ffande\u00a0 idrott och fysisk akti<\/strong><strong>vitet.<\/strong><\/li>\n<li><strong>Hormonst\u00f6rande plastgr\u00e4smattor b\u00f6r succesivt ers\u00e4ttas med h\u00e5llbara gr\u00e4smattor p\u00e5 fotbollsplaner. Biokol och andra nyare tekniker kommer allt mer i bruk och b\u00f6r anv\u00e4ndas.<\/strong><\/li>\n<li><strong>Gratis parkering i anslutning till idrottsplatser f\u00f6r idrottsledare.<\/strong><\/li>\n<\/ul>\n<p>&nbsp;<\/p>\n<h3 style=\"text-align: center\"><strong>Fritid<\/strong><\/h3>\n<p>Utbudet av rekreationsomr\u00e5den i Lunds kommun \u00e4r stort. Vi har Gr\u00f6nomr\u00e5den, parkanl\u00e4ggningar, promenadstr\u00e5k, cykelv\u00e4gar , naturreservat och s\u00e5 har vi skrylleg\u00e5rden. Utanf\u00f6r staden fins rikligt med natur av alla slag.\u00a0 Satsningen p\u00e5 Sommarlund och Lov i Lund\u00a0 st\u00f6der vi helhj\u00e4rta, det g\u00f6rt att fritidsaktiviteter finns tillg\u00e4ngliga \u00e5ret om, och har en f\u00f6rebyggande inbverkan p\u00e5 fr.a. barn och unga.<\/p>\n<p style=\"text-align: center\"><a href=\"http:\/\/wp.kristdemokraterna.se\/lund2\/files\/2022\/06\/20210709_173433-scaled-1.jpg\"><img loading=\"lazy\" decoding=\"async\" class=\"alignnone size-medium wp-image-2839\" src=\"http:\/\/wp.kristdemokraterna.se\/lund\/files\/2022\/06\/20210709_173433-225x300.jpg\" alt=\"\" width=\"225\" height=\"300\" \/><\/a><\/p>\n<p>&nbsp;<\/p>\n<p>Pndemin visade vilken enorm betydelse kulturen har f\u00f6r m\u00e4nniskors v\u00e4lbefinnande. Vi fick ocks\u00e5 se hur artister p\u00e5 alla s\u00e4tt f\u00f6rs\u00f6kte ta m\u00e4nniskor igenom krisen enom att l\u00e4gga upp sina framtr\u00e4danden p\u00e5 n\u00e4tet.<\/p>\n<ul>\n<li><strong>Musikchecken ska vidareutvecklas. Privata akt\u00f6rer ska vara konkurensneutrala med Kulturskolan<\/strong><\/li>\n<\/ul>\n<p>&nbsp;<\/p>\n<p><b>KRISTDEMOKRATERNA ANSER ATT\u2026<\/b><\/p>\n<ul>\n<li style=\"font-weight: 400\"><strong>Ideella organisationer och f\u00f6reningar ska ha en betydande roll i att bedriva kultur- och fritidsverksamhet.\u00a0<\/strong><\/li>\n<li style=\"font-weight: 400\"><strong>St\u00f6det till ideella organisationer ska utformas s\u00e5 att det inte inskr\u00e4nker organisationernas sj\u00e4lvbest\u00e4mmande.\u00a0<\/strong><\/li>\n<li style=\"font-weight: 400\"><strong>Personer med funktionsneds\u00e4ttning ska ha en sj\u00e4lvklart tillg\u00e5ng till kultur- och fritidsutbud.\u00a0<\/strong><\/li>\n<li style=\"font-weight: 400\"><strong>Kommunala anl\u00e4ggningar s\u00e5som idrottshallar och skolor ska vara tillg\u00e4ngliga f\u00f6r f\u00f6reningslivet.<\/strong><\/li>\n<li style=\"font-weight: 400\"><strong>F\u00f6reningar ska erbjudas att sj\u00e4lva driva anl\u00e4ggningar d\u00e4r s\u00e5 \u00e4r m\u00f6jligt.\u00a0<\/strong><\/li>\n<li style=\"font-weight: 400\"><strong>Kommunen ska i samverkan sl\u00e5 vakt om, bevara och tillg\u00e4ngligg\u00f6ra det lokala och regionala kulturarvet.\u00a0<\/strong><\/li>\n<li style=\"font-weight: 400\"><strong>F\u00f6reningslivet ska st\u00e4rkas i kommunen.\u00a0<\/strong><\/li>\n<li style=\"font-weight: 400\"><strong>Fritidsbanken ska fortsatt st\u00f6ttas.<\/strong><\/li>\n<li style=\"font-weight: 400\"><strong>Stoppa bygget av F\u00e4ladslyktan. F\u00f6r\u00e4ldrar ska veta att barnen \u00e4r trygga i skolan, och att de som inte h\u00f6r hemma d\u00e4r som elever eller skolpersonal ska kunna avvisas fr\u00e5n omr\u00e5det.<\/strong><\/li>\n<\/ul>\n","protected":false},"excerpt":{"rendered":"<p>Kultur och fritid &#8221; Kultur och media Att v\u00e4rna om m\u00e4nniskans inre liv \u00e4r lika sj\u00e4lvklart f\u00f6r Kristdemokraterna som att garantera hennes materiella behov. Politikens uppgift \u00e4r inte att styra kulturen utan att ge den m\u00f6jlighet att v\u00e4xa fritt, b\u00e5de p\u00e5 amat\u00f6rniv\u00e5 och p\u00e5 professionell niv\u00e5. Vi vill bevara det materiella och immateriella kulturarvet, verka <a class=\"read-more-link\" href=\"https:\/\/wp.kristdemokraterna.se\/lund\/kultur-och-fritid\/\">L\u00e4s mer<\/a><\/p>\n","protected":false},"author":444,"featured_media":0,"parent":0,"menu_order":0,"comment_status":"closed","ping_status":"closed","template":"","meta":{"_acf_changed":false,"footnotes":""},"class_list":["post-2957","page","type-page","status-publish","hentry"],"acf":[],"yoast_head":"<!-- This site is optimized with the Yoast SEO plugin v27.4 - https:\/\/yoast.com\/product\/yoast-seo-wordpress\/ -->\n<title>Kultur och fritid - Kristdemokraterna | Lund<\/title>\n<meta name=\"robots\" content=\"index, follow, max-snippet:-1, max-image-preview:large, max-video-preview:-1\" \/>\n<link rel=\"canonical\" href=\"https:\/\/wp.kristdemokraterna.se\/lund\/kultur-och-fritid\/\" \/>\n<meta property=\"og:locale\" content=\"sv_SE\" \/>\n<meta property=\"og:type\" content=\"article\" \/>\n<meta property=\"og:title\" content=\"Kultur och fritid - Kristdemokraterna | Lund\" \/>\n<meta property=\"og:description\" content=\"Kultur och fritid &#8221; Kultur och media Att v\u00e4rna om m\u00e4nniskans inre liv \u00e4r lika sj\u00e4lvklart f\u00f6r Kristdemokraterna som att garantera hennes materiella behov. Politikens uppgift \u00e4r inte att styra kulturen utan att ge den m\u00f6jlighet att v\u00e4xa fritt, b\u00e5de p\u00e5 amat\u00f6rniv\u00e5 och p\u00e5 professionell niv\u00e5. Vi vill bevara det materiella och immateriella kulturarvet, verka L\u00e4s mer\" \/>\n<meta property=\"og:url\" content=\"https:\/\/wp.kristdemokraterna.se\/lund\/kultur-och-fritid\/\" \/>\n<meta property=\"og:site_name\" content=\"Kristdemokraterna | Lund\" \/>\n<meta property=\"og:image\" content=\"http:\/\/wp.kristdemokraterna.se\/lund\/files\/2022\/06\/20210709_173433-225x300.jpg\" \/>\n<meta name=\"twitter:card\" content=\"summary_large_image\" \/>\n<meta name=\"twitter:label1\" content=\"Ber\u00e4knad l\u00e4stid\" \/>\n\t<meta name=\"twitter:data1\" content=\"3 minuter\" \/>\n<script type=\"application\/ld+json\" class=\"yoast-schema-graph\">{\"@context\":\"https:\\\/\\\/schema.org\",\"@graph\":[{\"@type\":\"WebPage\",\"@id\":\"https:\\\/\\\/wp.kristdemokraterna.se\\\/lund\\\/kultur-och-fritid\\\/\",\"url\":\"https:\\\/\\\/wp.kristdemokraterna.se\\\/lund\\\/kultur-och-fritid\\\/\",\"name\":\"Kultur och fritid - Kristdemokraterna | Lund\",\"isPartOf\":{\"@id\":\"https:\\\/\\\/wp.kristdemokraterna.se\\\/lund\\\/#website\"},\"primaryImageOfPage\":{\"@id\":\"https:\\\/\\\/wp.kristdemokraterna.se\\\/lund\\\/kultur-och-fritid\\\/#primaryimage\"},\"image\":{\"@id\":\"https:\\\/\\\/wp.kristdemokraterna.se\\\/lund\\\/kultur-och-fritid\\\/#primaryimage\"},\"thumbnailUrl\":\"http:\\\/\\\/wp.kristdemokraterna.se\\\/lund\\\/files\\\/2022\\\/06\\\/20210709_173433-225x300.jpg\",\"datePublished\":\"2022-07-05T17:59:59+00:00\",\"breadcrumb\":{\"@id\":\"https:\\\/\\\/wp.kristdemokraterna.se\\\/lund\\\/kultur-och-fritid\\\/#breadcrumb\"},\"inLanguage\":\"sv-SE\",\"potentialAction\":[{\"@type\":\"ReadAction\",\"target\":[\"https:\\\/\\\/wp.kristdemokraterna.se\\\/lund\\\/kultur-och-fritid\\\/\"]}]},{\"@type\":\"ImageObject\",\"inLanguage\":\"sv-SE\",\"@id\":\"https:\\\/\\\/wp.kristdemokraterna.se\\\/lund\\\/kultur-och-fritid\\\/#primaryimage\",\"url\":\"http:\\\/\\\/wp.kristdemokraterna.se\\\/lund\\\/files\\\/2022\\\/06\\\/20210709_173433-225x300.jpg\",\"contentUrl\":\"http:\\\/\\\/wp.kristdemokraterna.se\\\/lund\\\/files\\\/2022\\\/06\\\/20210709_173433-225x300.jpg\"},{\"@type\":\"BreadcrumbList\",\"@id\":\"https:\\\/\\\/wp.kristdemokraterna.se\\\/lund\\\/kultur-och-fritid\\\/#breadcrumb\",\"itemListElement\":[{\"@type\":\"ListItem\",\"position\":1,\"name\":\"Hem\",\"item\":\"https:\\\/\\\/wp.kristdemokraterna.se\\\/lund\\\/\"},{\"@type\":\"ListItem\",\"position\":2,\"name\":\"Kultur och fritid\"}]},{\"@type\":\"WebSite\",\"@id\":\"https:\\\/\\\/wp.kristdemokraterna.se\\\/lund\\\/#website\",\"url\":\"https:\\\/\\\/wp.kristdemokraterna.se\\\/lund\\\/\",\"name\":\"Kristdemokraterna | Lund\",\"description\":\"\",\"inLanguage\":\"sv-SE\"}]}<\/script>\n<!-- \/ Yoast SEO plugin. -->","yoast_head_json":{"title":"Kultur och fritid - Kristdemokraterna | Lund","robots":{"index":"index","follow":"follow","max-snippet":"max-snippet:-1","max-image-preview":"max-image-preview:large","max-video-preview":"max-video-preview:-1"},"canonical":"https:\/\/wp.kristdemokraterna.se\/lund\/kultur-och-fritid\/","og_locale":"sv_SE","og_type":"article","og_title":"Kultur och fritid - Kristdemokraterna | Lund","og_description":"Kultur och fritid &#8221; Kultur och media Att v\u00e4rna om m\u00e4nniskans inre liv \u00e4r lika sj\u00e4lvklart f\u00f6r Kristdemokraterna som att garantera hennes materiella behov. Politikens uppgift \u00e4r inte att styra kulturen utan att ge den m\u00f6jlighet att v\u00e4xa fritt, b\u00e5de p\u00e5 amat\u00f6rniv\u00e5 och p\u00e5 professionell niv\u00e5. Vi vill bevara det materiella och immateriella kulturarvet, verka L\u00e4s mer","og_url":"https:\/\/wp.kristdemokraterna.se\/lund\/kultur-och-fritid\/","og_site_name":"Kristdemokraterna | Lund","og_image":[{"url":"http:\/\/wp.kristdemokraterna.se\/lund\/files\/2022\/06\/20210709_173433-225x300.jpg","type":"","width":"","height":""}],"twitter_card":"summary_large_image","twitter_misc":{"Ber\u00e4knad l\u00e4stid":"3 minuter"},"schema":{"@context":"https:\/\/schema.org","@graph":[{"@type":"WebPage","@id":"https:\/\/wp.kristdemokraterna.se\/lund\/kultur-och-fritid\/","url":"https:\/\/wp.kristdemokraterna.se\/lund\/kultur-och-fritid\/","name":"Kultur och fritid - Kristdemokraterna | Lund","isPartOf":{"@id":"https:\/\/wp.kristdemokraterna.se\/lund\/#website"},"primaryImageOfPage":{"@id":"https:\/\/wp.kristdemokraterna.se\/lund\/kultur-och-fritid\/#primaryimage"},"image":{"@id":"https:\/\/wp.kristdemokraterna.se\/lund\/kultur-och-fritid\/#primaryimage"},"thumbnailUrl":"http:\/\/wp.kristdemokraterna.se\/lund\/files\/2022\/06\/20210709_173433-225x300.jpg","datePublished":"2022-07-05T17:59:59+00:00","breadcrumb":{"@id":"https:\/\/wp.kristdemokraterna.se\/lund\/kultur-och-fritid\/#breadcrumb"},"inLanguage":"sv-SE","potentialAction":[{"@type":"ReadAction","target":["https:\/\/wp.kristdemokraterna.se\/lund\/kultur-och-fritid\/"]}]},{"@type":"ImageObject","inLanguage":"sv-SE","@id":"https:\/\/wp.kristdemokraterna.se\/lund\/kultur-och-fritid\/#primaryimage","url":"http:\/\/wp.kristdemokraterna.se\/lund\/files\/2022\/06\/20210709_173433-225x300.jpg","contentUrl":"http:\/\/wp.kristdemokraterna.se\/lund\/files\/2022\/06\/20210709_173433-225x300.jpg"},{"@type":"BreadcrumbList","@id":"https:\/\/wp.kristdemokraterna.se\/lund\/kultur-och-fritid\/#breadcrumb","itemListElement":[{"@type":"ListItem","position":1,"name":"Hem","item":"https:\/\/wp.kristdemokraterna.se\/lund\/"},{"@type":"ListItem","position":2,"name":"Kultur och fritid"}]},{"@type":"WebSite","@id":"https:\/\/wp.kristdemokraterna.se\/lund\/#website","url":"https:\/\/wp.kristdemokraterna.se\/lund\/","name":"Kristdemokraterna | Lund","description":"","inLanguage":"sv-SE"}]}},"_links":{"self":[{"href":"https:\/\/wp.kristdemokraterna.se\/lund\/wp-json\/wp\/v2\/pages\/2957","targetHints":{"allow":["GET"]}}],"collection":[{"href":"https:\/\/wp.kristdemokraterna.se\/lund\/wp-json\/wp\/v2\/pages"}],"about":[{"href":"https:\/\/wp.kristdemokraterna.se\/lund\/wp-json\/wp\/v2\/types\/page"}],"author":[{"embeddable":true,"href":"https:\/\/wp.kristdemokraterna.se\/lund\/wp-json\/wp\/v2\/users\/444"}],"replies":[{"embeddable":true,"href":"https:\/\/wp.kristdemokraterna.se\/lund\/wp-json\/wp\/v2\/comments?post=2957"}],"version-history":[{"count":0,"href":"https:\/\/wp.kristdemokraterna.se\/lund\/wp-json\/wp\/v2\/pages\/2957\/revisions"}],"wp:attachment":[{"href":"https:\/\/wp.kristdemokraterna.se\/lund\/wp-json\/wp\/v2\/media?parent=2957"}],"curies":[{"name":"wp","href":"https:\/\/api.w.org\/{rel}","templated":true}]}}