{"id":2973,"date":"2022-07-05T20:01:51","date_gmt":"2022-07-05T18:01:51","guid":{"rendered":"https:\/\/wp.kristdemokraterna.se\/lund\/?page_id=2973"},"modified":"2022-07-05T20:01:51","modified_gmt":"2022-07-05T18:01:51","slug":"jobb-och-foretagande","status":"publish","type":"page","link":"https:\/\/wp.kristdemokraterna.se\/lund\/jobb-och-foretagande\/","title":{"rendered":"Jobb och f\u00f6retagande"},"content":{"rendered":"<h2 style=\"text-align: left\">Jobb och f\u00f6retagande<\/h2>\n<p><a href=\"http:\/\/wp.kristdemokraterna.se\/lund2\/files\/2022\/01\/j-r-andel-av-skatteintakter.jpg\"><img loading=\"lazy\" decoding=\"async\" class=\"alignnone wp-image-2361 size-large\" src=\"http:\/\/wp.kristdemokraterna.se\/lund2\/files\/2022\/01\/j-r-andel-av-skatteintakter-1024x534.jpg\" alt=\"\" width=\"1024\" height=\"534\" srcset=\"https:\/\/wp.kristdemokraterna.se\/lund\/files\/2022\/01\/j-r-andel-av-skatteintakter-1024x534.jpg 1024w, https:\/\/wp.kristdemokraterna.se\/lund\/files\/2022\/01\/j-r-andel-av-skatteintakter-300x156.jpg 300w, https:\/\/wp.kristdemokraterna.se\/lund\/files\/2022\/01\/j-r-andel-av-skatteintakter-768x400.jpg 768w, https:\/\/wp.kristdemokraterna.se\/lund\/files\/2022\/01\/j-r-andel-av-skatteintakter-370x193.jpg 370w, https:\/\/wp.kristdemokraterna.se\/lund\/files\/2022\/01\/j-r-andel-av-skatteintakter-770x401.jpg 770w, https:\/\/wp.kristdemokraterna.se\/lund\/files\/2022\/01\/j-r-andel-av-skatteintakter-450x235.jpg 450w, https:\/\/wp.kristdemokraterna.se\/lund\/files\/2022\/01\/j-r-andel-av-skatteintakter-280x146.jpg 280w, https:\/\/wp.kristdemokraterna.se\/lund\/files\/2022\/01\/j-r-andel-av-skatteintakter-340x177.jpg 340w, https:\/\/wp.kristdemokraterna.se\/lund\/files\/2022\/01\/j-r-andel-av-skatteintakter-200x104.jpg 200w, https:\/\/wp.kristdemokraterna.se\/lund\/files\/2022\/01\/j-r-andel-av-skatteintakter-107x56.jpg 107w, https:\/\/wp.kristdemokraterna.se\/lund\/files\/2022\/01\/j-r-andel-av-skatteintakter.jpg 1527w\" sizes=\"auto, (max-width: 1024px) 100vw, 1024px\" \/><\/a><\/p>\n<p>Politikers m\u00f6jlighet att skapa jobb \u00e4r\u00a0 begr\u00e4nsade till offentlig sektor, men vi kan bidra till att det blir l\u00e4ttare att driva f\u00f6retag. Visste du att <strong>4 av 5 jobb skapas i sm\u00e5- och medelstora f\u00f6retag<\/strong>? Vi vill att det ska vara enkelt att vara f\u00f6retagare i Lund.<\/p>\n<p><span style=\"font-weight: 400\">Ett sunt f\u00f6retagarklimat ger grunden f\u00f6r ett dynamiskt sm\u00e5f\u00f6retagande d\u00e4r enskilda m\u00e4nniskors id\u00e9er, kreativitet och entrepren\u00f6rskap f\u00f6r m\u00f6jlighet att blomma ut. Ett konkurrenskraftigt och sunt f\u00f6retagarklimat \u00e4r grunden f\u00f6r en god v\u00e4lf\u00e4rd i Lunds kommun. En kommun eller region med v\u00e4lm\u00e5ende och framg\u00e5ngsrika f\u00f6retag har l\u00e4gre arbetsl\u00f6shet, h\u00f6gre tillv\u00e4xt och b\u00e4ttre f\u00f6ruts\u00e4ttningar att finansiera v\u00e4lf\u00e4rden. Vi vet att 4 av 5 jobb skapas i skapas i sm\u00e5 och medelstora f\u00f6retag. Att f\u00f6rb\u00e4ttra attityderna till f\u00f6retagande och underl\u00e4tta f\u00f6r nyf\u00f6retagande och<br \/>\nf\u00f6retagande\u00a0 en mycket angel\u00e4gen politisk fr\u00e5ga.<\/span><\/p>\n<p>&nbsp;<\/p>\n<ul>\n<li><strong>F\u00f6renkla regelverket f\u00f6r f\u00f6retagare.<\/strong><\/li>\n<li><strong>F\u00f6retagens regelb\u00f6rda och administrativa kostnader m\u00e5ste s\u00e4nkas. Genom att samordna kommunens myndighetskontroller, protokoll och fakturering minskar vi sammantaget f\u00f6retagarens kostnader f\u00f6r hanteringen av myndighetskontroll.<\/strong><\/li>\n<li><strong>Inf\u00f6ra startpaket f\u00f6r nyetablerade f\u00f6retagare och entrepren\u00f6rer, sk\u00a0 &#8221;one <\/strong><strong>stop shop&#8221;. <\/strong><strong>Vi vill locka nyetablerade f\u00f6retag till Lund och nya entrepren\u00f6rer. Med v\u00e5rt<\/strong><br \/>\n<strong>startpaket informerar vi om lokaler\/mark f\u00f6r etablering, presenterar skolor, <\/strong><strong>skapar kontakt f\u00f6r mentorer och n\u00e4tverk, f\u00f6retagaren lotsas in i Lunds <\/strong><strong>n\u00e4ringsliv och dess m\u00f6jligheter.<\/strong><\/li>\n<li><strong>St\u00f6tta ungt f\u00f6retagande. Vi ska st\u00f6dja gymnasieskolors UF-f\u00f6retagande och hj\u00e4lpa till att lyfta fram elevers UF-f\u00f6retag p\u00e5 allm\u00e4nna platser i det offentliga rummet.<\/strong><\/li>\n<li><strong>Gymnasieelever ska erbjudas att bli \u201csommarlovsentrepren\u00f6rer\u201d.\u00a0<\/strong><\/li>\n<li style=\"font-weight: 400\"><strong>Medel ska avs\u00e4ttas f\u00f6r att st\u00f6dja ideella sektorns m\u00f6jlighet till socialt f\u00f6retagande och d\u00e5 s\u00e4rskilt utf\u00f6rare av v\u00e4lf\u00e4rdstj\u00e4nster.\u00a0<\/strong><\/li>\n<li style=\"font-weight: 400\"><strong>Kommunen ska i samverkan med n\u00e4ringslivet intensifiera arbetet f\u00f6r att fler personer l\u00e5ngt fr\u00e5n arbetsmarknaden ska kunna f\u00e5 praktikplats.<\/strong><\/li>\n<li style=\"font-weight: 400\"><strong>Kommunen ska f\u00f6reg\u00e5 med gott exempel n\u00e4r det kommer till att anst\u00e4lla personer med n\u00e5gon form av arbetshinder.<\/strong><\/li>\n<li style=\"font-weight: 400\"><strong>Vi vill verka f\u00f6r att E6 och E22 ut\u00f6kas till sexfilig motorv\u00e4g mellan Lund och Malm\u00f6.<\/strong><\/li>\n<li style=\"font-weight: 400\"><strong>Nyf\u00f6retagarcentrum ska fortsatt st\u00f6ttas.<\/strong><\/li>\n<\/ul>\n<p>&nbsp;<\/p>\n<p>&nbsp;<\/p>\n","protected":false},"excerpt":{"rendered":"<p>Jobb och f\u00f6retagande Politikers m\u00f6jlighet att skapa jobb \u00e4r\u00a0 begr\u00e4nsade till offentlig sektor, men vi kan bidra till att det blir l\u00e4ttare att driva f\u00f6retag. Visste du att 4 av 5 jobb skapas i sm\u00e5- och medelstora f\u00f6retag? Vi vill att det ska vara enkelt att vara f\u00f6retagare i Lund. Ett sunt f\u00f6retagarklimat ger grunden <a class=\"read-more-link\" href=\"https:\/\/wp.kristdemokraterna.se\/lund\/jobb-och-foretagande\/\">L\u00e4s mer<\/a><\/p>\n","protected":false},"author":444,"featured_media":0,"parent":0,"menu_order":0,"comment_status":"closed","ping_status":"closed","template":"","meta":{"_acf_changed":false,"footnotes":""},"class_list":["post-2973","page","type-page","status-publish","hentry"],"acf":[],"yoast_head":"<!-- This site is optimized with the Yoast SEO plugin v27.4 - https:\/\/yoast.com\/product\/yoast-seo-wordpress\/ -->\n<title>Jobb och f\u00f6retagande - Kristdemokraterna | Lund<\/title>\n<meta name=\"robots\" content=\"index, follow, max-snippet:-1, max-image-preview:large, max-video-preview:-1\" \/>\n<link rel=\"canonical\" href=\"https:\/\/wp.kristdemokraterna.se\/lund\/jobb-och-foretagande\/\" \/>\n<meta property=\"og:locale\" content=\"sv_SE\" \/>\n<meta property=\"og:type\" content=\"article\" \/>\n<meta property=\"og:title\" content=\"Jobb och f\u00f6retagande - Kristdemokraterna | Lund\" \/>\n<meta property=\"og:description\" content=\"Jobb och f\u00f6retagande Politikers m\u00f6jlighet att skapa jobb \u00e4r\u00a0 begr\u00e4nsade till offentlig sektor, men vi kan bidra till att det blir l\u00e4ttare att driva f\u00f6retag. Visste du att 4 av 5 jobb skapas i sm\u00e5- och medelstora f\u00f6retag? Vi vill att det ska vara enkelt att vara f\u00f6retagare i Lund. Ett sunt f\u00f6retagarklimat ger grunden L\u00e4s mer\" \/>\n<meta property=\"og:url\" content=\"https:\/\/wp.kristdemokraterna.se\/lund\/jobb-och-foretagande\/\" \/>\n<meta property=\"og:site_name\" content=\"Kristdemokraterna | Lund\" \/>\n<meta property=\"og:image\" content=\"http:\/\/wp.kristdemokraterna.se\/lund2\/files\/2022\/01\/j-r-andel-av-skatteintakter-1024x534.jpg\" \/>\n<meta name=\"twitter:card\" content=\"summary_large_image\" \/>\n<meta name=\"twitter:label1\" content=\"Ber\u00e4knad l\u00e4stid\" \/>\n\t<meta name=\"twitter:data1\" content=\"2 minuter\" \/>\n<script type=\"application\/ld+json\" class=\"yoast-schema-graph\">{\"@context\":\"https:\\\/\\\/schema.org\",\"@graph\":[{\"@type\":\"WebPage\",\"@id\":\"https:\\\/\\\/wp.kristdemokraterna.se\\\/lund\\\/jobb-och-foretagande\\\/\",\"url\":\"https:\\\/\\\/wp.kristdemokraterna.se\\\/lund\\\/jobb-och-foretagande\\\/\",\"name\":\"Jobb och f\u00f6retagande - Kristdemokraterna | Lund\",\"isPartOf\":{\"@id\":\"https:\\\/\\\/wp.kristdemokraterna.se\\\/lund\\\/#website\"},\"primaryImageOfPage\":{\"@id\":\"https:\\\/\\\/wp.kristdemokraterna.se\\\/lund\\\/jobb-och-foretagande\\\/#primaryimage\"},\"image\":{\"@id\":\"https:\\\/\\\/wp.kristdemokraterna.se\\\/lund\\\/jobb-och-foretagande\\\/#primaryimage\"},\"thumbnailUrl\":\"http:\\\/\\\/wp.kristdemokraterna.se\\\/lund2\\\/files\\\/2022\\\/01\\\/j-r-andel-av-skatteintakter-1024x534.jpg\",\"datePublished\":\"2022-07-05T18:01:51+00:00\",\"breadcrumb\":{\"@id\":\"https:\\\/\\\/wp.kristdemokraterna.se\\\/lund\\\/jobb-och-foretagande\\\/#breadcrumb\"},\"inLanguage\":\"sv-SE\",\"potentialAction\":[{\"@type\":\"ReadAction\",\"target\":[\"https:\\\/\\\/wp.kristdemokraterna.se\\\/lund\\\/jobb-och-foretagande\\\/\"]}]},{\"@type\":\"ImageObject\",\"inLanguage\":\"sv-SE\",\"@id\":\"https:\\\/\\\/wp.kristdemokraterna.se\\\/lund\\\/jobb-och-foretagande\\\/#primaryimage\",\"url\":\"http:\\\/\\\/wp.kristdemokraterna.se\\\/lund2\\\/files\\\/2022\\\/01\\\/j-r-andel-av-skatteintakter-1024x534.jpg\",\"contentUrl\":\"http:\\\/\\\/wp.kristdemokraterna.se\\\/lund2\\\/files\\\/2022\\\/01\\\/j-r-andel-av-skatteintakter-1024x534.jpg\"},{\"@type\":\"BreadcrumbList\",\"@id\":\"https:\\\/\\\/wp.kristdemokraterna.se\\\/lund\\\/jobb-och-foretagande\\\/#breadcrumb\",\"itemListElement\":[{\"@type\":\"ListItem\",\"position\":1,\"name\":\"Hem\",\"item\":\"https:\\\/\\\/wp.kristdemokraterna.se\\\/lund\\\/\"},{\"@type\":\"ListItem\",\"position\":2,\"name\":\"Jobb och f\u00f6retagande\"}]},{\"@type\":\"WebSite\",\"@id\":\"https:\\\/\\\/wp.kristdemokraterna.se\\\/lund\\\/#website\",\"url\":\"https:\\\/\\\/wp.kristdemokraterna.se\\\/lund\\\/\",\"name\":\"Kristdemokraterna | Lund\",\"description\":\"\",\"inLanguage\":\"sv-SE\"}]}<\/script>\n<!-- \/ Yoast SEO plugin. -->","yoast_head_json":{"title":"Jobb och f\u00f6retagande - Kristdemokraterna | Lund","robots":{"index":"index","follow":"follow","max-snippet":"max-snippet:-1","max-image-preview":"max-image-preview:large","max-video-preview":"max-video-preview:-1"},"canonical":"https:\/\/wp.kristdemokraterna.se\/lund\/jobb-och-foretagande\/","og_locale":"sv_SE","og_type":"article","og_title":"Jobb och f\u00f6retagande - Kristdemokraterna | Lund","og_description":"Jobb och f\u00f6retagande Politikers m\u00f6jlighet att skapa jobb \u00e4r\u00a0 begr\u00e4nsade till offentlig sektor, men vi kan bidra till att det blir l\u00e4ttare att driva f\u00f6retag. Visste du att 4 av 5 jobb skapas i sm\u00e5- och medelstora f\u00f6retag? Vi vill att det ska vara enkelt att vara f\u00f6retagare i Lund. Ett sunt f\u00f6retagarklimat ger grunden L\u00e4s mer","og_url":"https:\/\/wp.kristdemokraterna.se\/lund\/jobb-och-foretagande\/","og_site_name":"Kristdemokraterna | Lund","og_image":[{"url":"http:\/\/wp.kristdemokraterna.se\/lund2\/files\/2022\/01\/j-r-andel-av-skatteintakter-1024x534.jpg","type":"","width":"","height":""}],"twitter_card":"summary_large_image","twitter_misc":{"Ber\u00e4knad l\u00e4stid":"2 minuter"},"schema":{"@context":"https:\/\/schema.org","@graph":[{"@type":"WebPage","@id":"https:\/\/wp.kristdemokraterna.se\/lund\/jobb-och-foretagande\/","url":"https:\/\/wp.kristdemokraterna.se\/lund\/jobb-och-foretagande\/","name":"Jobb och f\u00f6retagande - Kristdemokraterna | Lund","isPartOf":{"@id":"https:\/\/wp.kristdemokraterna.se\/lund\/#website"},"primaryImageOfPage":{"@id":"https:\/\/wp.kristdemokraterna.se\/lund\/jobb-och-foretagande\/#primaryimage"},"image":{"@id":"https:\/\/wp.kristdemokraterna.se\/lund\/jobb-och-foretagande\/#primaryimage"},"thumbnailUrl":"http:\/\/wp.kristdemokraterna.se\/lund2\/files\/2022\/01\/j-r-andel-av-skatteintakter-1024x534.jpg","datePublished":"2022-07-05T18:01:51+00:00","breadcrumb":{"@id":"https:\/\/wp.kristdemokraterna.se\/lund\/jobb-och-foretagande\/#breadcrumb"},"inLanguage":"sv-SE","potentialAction":[{"@type":"ReadAction","target":["https:\/\/wp.kristdemokraterna.se\/lund\/jobb-och-foretagande\/"]}]},{"@type":"ImageObject","inLanguage":"sv-SE","@id":"https:\/\/wp.kristdemokraterna.se\/lund\/jobb-och-foretagande\/#primaryimage","url":"http:\/\/wp.kristdemokraterna.se\/lund2\/files\/2022\/01\/j-r-andel-av-skatteintakter-1024x534.jpg","contentUrl":"http:\/\/wp.kristdemokraterna.se\/lund2\/files\/2022\/01\/j-r-andel-av-skatteintakter-1024x534.jpg"},{"@type":"BreadcrumbList","@id":"https:\/\/wp.kristdemokraterna.se\/lund\/jobb-och-foretagande\/#breadcrumb","itemListElement":[{"@type":"ListItem","position":1,"name":"Hem","item":"https:\/\/wp.kristdemokraterna.se\/lund\/"},{"@type":"ListItem","position":2,"name":"Jobb och f\u00f6retagande"}]},{"@type":"WebSite","@id":"https:\/\/wp.kristdemokraterna.se\/lund\/#website","url":"https:\/\/wp.kristdemokraterna.se\/lund\/","name":"Kristdemokraterna | Lund","description":"","inLanguage":"sv-SE"}]}},"_links":{"self":[{"href":"https:\/\/wp.kristdemokraterna.se\/lund\/wp-json\/wp\/v2\/pages\/2973","targetHints":{"allow":["GET"]}}],"collection":[{"href":"https:\/\/wp.kristdemokraterna.se\/lund\/wp-json\/wp\/v2\/pages"}],"about":[{"href":"https:\/\/wp.kristdemokraterna.se\/lund\/wp-json\/wp\/v2\/types\/page"}],"author":[{"embeddable":true,"href":"https:\/\/wp.kristdemokraterna.se\/lund\/wp-json\/wp\/v2\/users\/444"}],"replies":[{"embeddable":true,"href":"https:\/\/wp.kristdemokraterna.se\/lund\/wp-json\/wp\/v2\/comments?post=2973"}],"version-history":[{"count":0,"href":"https:\/\/wp.kristdemokraterna.se\/lund\/wp-json\/wp\/v2\/pages\/2973\/revisions"}],"wp:attachment":[{"href":"https:\/\/wp.kristdemokraterna.se\/lund\/wp-json\/wp\/v2\/media?parent=2973"}],"curies":[{"name":"wp","href":"https:\/\/api.w.org\/{rel}","templated":true}]}}