{"id":2987,"date":"2022-07-05T20:05:51","date_gmt":"2022-07-05T18:05:51","guid":{"rendered":"https:\/\/wp.kristdemokraterna.se\/lund\/?page_id=2987"},"modified":"2025-04-27T00:18:20","modified_gmt":"2025-04-26T22:18:20","slug":"stadsplanering","status":"publish","type":"page","link":"https:\/\/wp.kristdemokraterna.se\/lund\/kommunpolititiskt-program\/stadsplanering\/","title":{"rendered":"Stadsplanering och stadsarkitektur"},"content":{"rendered":"<h2><\/h2>\n<h2 style=\"text-align: left\">Stadsplanering<\/h2>\n<div id=\"attachment_3042\" style=\"width: 1034px\" class=\"wp-caption alignnone\"><a href=\"http:\/\/wp.kristdemokraterna.se\/lund2\/files\/2022\/07\/bostadsplanering1.jpeg\"><img loading=\"lazy\" decoding=\"async\" aria-describedby=\"caption-attachment-3042\" class=\"wp-image-3042 size-large\" src=\"http:\/\/wp.kristdemokraterna.se\/lund\/files\/2022\/07\/bostadsplanering1-1024x576.jpeg\" alt=\"\" width=\"1024\" height=\"576\" srcset=\"https:\/\/wp.kristdemokraterna.se\/lund\/files\/2022\/07\/bostadsplanering1-1024x576.jpeg 1024w, https:\/\/wp.kristdemokraterna.se\/lund\/files\/2022\/07\/bostadsplanering1-300x169.jpeg 300w, https:\/\/wp.kristdemokraterna.se\/lund\/files\/2022\/07\/bostadsplanering1-768x432.jpeg 768w, https:\/\/wp.kristdemokraterna.se\/lund\/files\/2022\/07\/bostadsplanering1-1536x864.jpeg 1536w, https:\/\/wp.kristdemokraterna.se\/lund\/files\/2022\/07\/bostadsplanering1-356x200.jpeg 356w, https:\/\/wp.kristdemokraterna.se\/lund\/files\/2022\/07\/bostadsplanering1-370x208.jpeg 370w, https:\/\/wp.kristdemokraterna.se\/lund\/files\/2022\/07\/bostadsplanering1-770x433.jpeg 770w, https:\/\/wp.kristdemokraterna.se\/lund\/files\/2022\/07\/bostadsplanering1-450x253.jpeg 450w, https:\/\/wp.kristdemokraterna.se\/lund\/files\/2022\/07\/bostadsplanering1-280x158.jpeg 280w, https:\/\/wp.kristdemokraterna.se\/lund\/files\/2022\/07\/bostadsplanering1-340x191.jpeg 340w, https:\/\/wp.kristdemokraterna.se\/lund\/files\/2022\/07\/bostadsplanering1-200x113.jpeg 200w, https:\/\/wp.kristdemokraterna.se\/lund\/files\/2022\/07\/bostadsplanering1-100x56.jpeg 100w, https:\/\/wp.kristdemokraterna.se\/lund\/files\/2022\/07\/bostadsplanering1.jpeg 2048w\" sizes=\"auto, (max-width: 1024px) 100vw, 1024px\" \/><\/a><p id=\"caption-attachment-3042\" class=\"wp-caption-text\">Utsikt fr\u00e5n en LKF l\u00e4genhet. Utsikt mot hyresl\u00e4genheter, bostadsr\u00e4tter och villor. Blandad bebyggelse motverkar sociala problem och bostadssegregation och ger den b\u00e4sta boendemilj\u00f6n<\/p><\/div>\n<p>&nbsp;<\/p>\n<p><span style=\"font-weight: 400\">Lund\u00a0 fanns redan p\u00e5 medeltiden. Staden var b\u00e5de ett centrum f\u00f6r handel och ett religi\u00f6st centrum runt Domkyrkan. Mycket av den gamla staden finns kvar idag. Lunds stadsk\u00e4rna ger staden dess speciella atmosf\u00e4r som vi kristdemokrater \u00e4r mycket m\u00e5na om att bevara. Vill man ha kvar den speciella Lundaatmosf\u00e4ren f\u00e5r man vara mycket varsam med den nya arkitekturen. Sm\u00e5skaligheten \u00e4r viktig i stadsk\u00e4rnan, ny arkitektur m\u00e5ste harmoniseras med resterande byggnader, annars kan det som k\u00e4nnetecknar Lund snabbt f\u00f6rsvinna. Vi var emot utformningen av Galten och vi r\u00f6stade ocks\u00e5 mot den t\u00e4nkta kongressanl\u00e4ggningen vid stationen, som hade \u00f6verskuggat b\u00e5de Grand Hotell och Klosterkyrkan.<\/span><\/p>\n<p>&nbsp;<\/p>\n<p><span style=\"font-weight: 400\">Stadsk\u00e4rnan \u00e4r inte det enda centrumet i staden. Universitetssjukhuset, Universitetet,\u00a0 Ideon, Brunnsh\u00f6g, de nya anl\u00e4ggningarna ESS och Max \u00e4r exempel p\u00e5 andra centra.\u00a0 De olika\u00a0 stadsdelarna har alla sin egen karakt\u00e4r\u00a0 H\u00e4r kan man bygga nytt och modernt, f\u00f6rutsatt att man bevarar gr\u00f6nomr\u00e5den som \u00e4r viktiga f\u00f6r att g\u00f6ra en stad attraktiv. Lund ska v\u00e4xa och ibland m\u00e5ste det ske p\u00e5 h\u00f6jden, men endast i omr\u00e5den d\u00e4r det passar in i omgivningarna.<\/span><\/p>\n<p>&nbsp;<\/p>\n<p><span style=\"font-weight: 400\">T\u00e4torterna (eller \u201dbyarna\u201d) i Lunds kommun har ocks\u00e5 en karakt\u00e4r som \u00e4r v\u00e4rd att bevara.\u00a0 Vi vill inte att bykarakt\u00e4ren ska f\u00f6rsvinna d\u00e4r t\u00e4tort m\u00f6ter landsbygd. Fr\u00e5ga lokalbefolkningen vad man vill bevara n\u00e4r byarna v\u00e4xer, och anpassa byggandet efter karakt\u00e4ren av byn<\/span><\/p>\n<p><span style=\"font-weight: 400\">I hela kommunen \u00e4r det viktigt att ha lika proportioner mellan hyresl\u00e4genheter, bostadsr\u00e4tter och villor. En blandad bebyggelse motverkar bostadssegregation<\/span><\/p>\n<p><span style=\"font-weight: 400\">Vi ser fram emot f\u00f6rslaget fr\u00e5n regeringen att kartl\u00e4gga den mark som kr\u00e4vs f\u00f6r landets livsmedelsf\u00f6rs\u00f6rjning. En f\u00f6ljd av Ukrainakriget \u00e4r att vi skulle kunna b\u00e5de vara del i Sveriges livsmedelsf\u00f6rs\u00f6rjning, och samtidigt \u00f6ka exporten av \u00f6verskottet fr\u00e5n \u00e5kermarken.<\/span><\/p>\n<p>&nbsp;<\/p>\n<p><span style=\"font-weight: 400\">KRISTDEMOKRATERNA ANSER ATT;<\/span><\/p>\n<ul>\n<li style=\"font-weight: 400\"><strong>Inv\u00e5narna skall engageras i byggandet f\u00f6r att k\u00e4nna delaktighet i kommunens utveckling.<\/strong><\/li>\n<li style=\"font-weight: 400\"><strong>Vid planering av stadsmilj\u00f6er\/bostadsmilj\u00f6er, skall s\u00e4rskild omsorg, i ett tidigt skede, l\u00e4ggas p\u00e5 att g\u00f6ra kollektivtrafik tillg\u00e4nglig.<\/strong><\/li>\n<li style=\"font-weight: 400\"><strong>Arkitektoniska, kulturella och estetiska v\u00e4rden skall v\u00e4ga tungt.<\/strong><\/li>\n<li style=\"font-weight: 400\"><strong>Kulturbyggnader ska v\u00e4rnas.<\/strong><\/li>\n<li style=\"font-weight: 400\"><strong>Trygghetsbeskrivningar skall finnas med i utformningen av detaljplanerna.<\/strong><\/li>\n<li style=\"font-weight: 400\"><strong>Nya gr\u00f6nytor skall vara \u201dsmarta\u201d och ge skugga, samla upp \u00f6verfl\u00f6digt regnvatten samt berika insektslivet.<\/strong><\/li>\n<li style=\"font-weight: 400\"><strong>Kommunen skall f\u00f6renkla och f\u00f6rtydliga planeringsprocessen och ge klara besked inom fastst\u00e4llda svarstider.<\/strong><\/li>\n<li style=\"font-weight: 400\"><strong>Kristdemokraterna kommer att arbeta f\u00f6r att reformera strandskyddet.<\/strong><\/li>\n<li style=\"font-weight: 400\"><strong>Fler friliggande hus, villor och sm\u00e5hus ska byggas.\u00a0<\/strong><\/li>\n<li style=\"font-weight: 400\"><strong>Det ska bli fler fribyggartomter.<\/strong><\/li>\n<li style=\"font-weight: 400\"><strong>Skapa tr\u00e4dg\u00e5rdsst\u00e4der.<\/strong><\/li>\n<li style=\"font-weight: 400\"><strong>Fler ska ha m\u00f6jlighet att \u00e4ga sitt boende; fler bostadsr\u00e4tter i kommunen.<\/strong><\/li>\n<li style=\"font-weight: 400\"><strong>Gr\u00f6nytorna ska v\u00e4rnas.<\/strong><\/li>\n<\/ul>\n","protected":false},"excerpt":{"rendered":"<p>Stadsplanering &nbsp; Lund\u00a0 fanns redan p\u00e5 medeltiden. Staden var b\u00e5de ett centrum f\u00f6r handel och ett religi\u00f6st centrum runt Domkyrkan. Mycket av den gamla staden finns kvar idag. Lunds stadsk\u00e4rna ger staden dess speciella atmosf\u00e4r som vi kristdemokrater \u00e4r mycket m\u00e5na om att bevara. Vill man ha kvar den speciella Lundaatmosf\u00e4ren f\u00e5r man vara mycket <a class=\"read-more-link\" href=\"https:\/\/wp.kristdemokraterna.se\/lund\/kommunpolititiskt-program\/stadsplanering\/\">L\u00e4s mer<\/a><\/p>\n","protected":false},"author":444,"featured_media":0,"parent":4572,"menu_order":0,"comment_status":"closed","ping_status":"closed","template":"","meta":{"_acf_changed":false,"footnotes":""},"class_list":["post-2987","page","type-page","status-publish","hentry"],"acf":[],"yoast_head":"<!-- This site is optimized with the Yoast SEO plugin v27.4 - https:\/\/yoast.com\/product\/yoast-seo-wordpress\/ -->\n<title>Stadsplanering och stadsarkitektur - Kristdemokraterna | Lund<\/title>\n<meta name=\"robots\" content=\"index, follow, max-snippet:-1, max-image-preview:large, max-video-preview:-1\" \/>\n<link rel=\"canonical\" href=\"https:\/\/wp.kristdemokraterna.se\/lund\/kommunpolititiskt-program\/stadsplanering\/\" \/>\n<meta property=\"og:locale\" content=\"sv_SE\" \/>\n<meta property=\"og:type\" content=\"article\" \/>\n<meta property=\"og:title\" content=\"Stadsplanering och stadsarkitektur - Kristdemokraterna | Lund\" \/>\n<meta property=\"og:description\" content=\"Stadsplanering &nbsp; Lund\u00a0 fanns redan p\u00e5 medeltiden. Staden var b\u00e5de ett centrum f\u00f6r handel och ett religi\u00f6st centrum runt Domkyrkan. Mycket av den gamla staden finns kvar idag. Lunds stadsk\u00e4rna ger staden dess speciella atmosf\u00e4r som vi kristdemokrater \u00e4r mycket m\u00e5na om att bevara. Vill man ha kvar den speciella Lundaatmosf\u00e4ren f\u00e5r man vara mycket L\u00e4s mer\" \/>\n<meta property=\"og:url\" content=\"https:\/\/wp.kristdemokraterna.se\/lund\/kommunpolititiskt-program\/stadsplanering\/\" \/>\n<meta property=\"og:site_name\" content=\"Kristdemokraterna | Lund\" \/>\n<meta property=\"article:modified_time\" content=\"2025-04-26T22:18:20+00:00\" \/>\n<meta property=\"og:image\" content=\"https:\/\/wp.kristdemokraterna.se\/lund\/files\/2022\/07\/bostadsplanering1.jpeg\" \/>\n\t<meta property=\"og:image:width\" content=\"2048\" \/>\n\t<meta property=\"og:image:height\" content=\"1152\" \/>\n\t<meta property=\"og:image:type\" content=\"image\/jpeg\" \/>\n<meta name=\"twitter:card\" content=\"summary_large_image\" \/>\n<meta name=\"twitter:label1\" content=\"Ber\u00e4knad l\u00e4stid\" \/>\n\t<meta name=\"twitter:data1\" content=\"3 minuter\" \/>\n<script type=\"application\/ld+json\" class=\"yoast-schema-graph\">{\"@context\":\"https:\\\/\\\/schema.org\",\"@graph\":[{\"@type\":\"WebPage\",\"@id\":\"https:\\\/\\\/wp.kristdemokraterna.se\\\/lund\\\/kommunpolititiskt-program\\\/stadsplanering\\\/\",\"url\":\"https:\\\/\\\/wp.kristdemokraterna.se\\\/lund\\\/kommunpolititiskt-program\\\/stadsplanering\\\/\",\"name\":\"Stadsplanering och stadsarkitektur - Kristdemokraterna | Lund\",\"isPartOf\":{\"@id\":\"https:\\\/\\\/wp.kristdemokraterna.se\\\/lund\\\/#website\"},\"primaryImageOfPage\":{\"@id\":\"https:\\\/\\\/wp.kristdemokraterna.se\\\/lund\\\/kommunpolititiskt-program\\\/stadsplanering\\\/#primaryimage\"},\"image\":{\"@id\":\"https:\\\/\\\/wp.kristdemokraterna.se\\\/lund\\\/kommunpolititiskt-program\\\/stadsplanering\\\/#primaryimage\"},\"thumbnailUrl\":\"http:\\\/\\\/wp.kristdemokraterna.se\\\/lund\\\/files\\\/2022\\\/07\\\/bostadsplanering1-1024x576.jpeg\",\"datePublished\":\"2022-07-05T18:05:51+00:00\",\"dateModified\":\"2025-04-26T22:18:20+00:00\",\"breadcrumb\":{\"@id\":\"https:\\\/\\\/wp.kristdemokraterna.se\\\/lund\\\/kommunpolititiskt-program\\\/stadsplanering\\\/#breadcrumb\"},\"inLanguage\":\"sv-SE\",\"potentialAction\":[{\"@type\":\"ReadAction\",\"target\":[\"https:\\\/\\\/wp.kristdemokraterna.se\\\/lund\\\/kommunpolititiskt-program\\\/stadsplanering\\\/\"]}]},{\"@type\":\"ImageObject\",\"inLanguage\":\"sv-SE\",\"@id\":\"https:\\\/\\\/wp.kristdemokraterna.se\\\/lund\\\/kommunpolititiskt-program\\\/stadsplanering\\\/#primaryimage\",\"url\":\"http:\\\/\\\/wp.kristdemokraterna.se\\\/lund\\\/files\\\/2022\\\/07\\\/bostadsplanering1-1024x576.jpeg\",\"contentUrl\":\"http:\\\/\\\/wp.kristdemokraterna.se\\\/lund\\\/files\\\/2022\\\/07\\\/bostadsplanering1-1024x576.jpeg\"},{\"@type\":\"BreadcrumbList\",\"@id\":\"https:\\\/\\\/wp.kristdemokraterna.se\\\/lund\\\/kommunpolititiskt-program\\\/stadsplanering\\\/#breadcrumb\",\"itemListElement\":[{\"@type\":\"ListItem\",\"position\":1,\"name\":\"Hem\",\"item\":\"https:\\\/\\\/wp.kristdemokraterna.se\\\/lund\\\/\"},{\"@type\":\"ListItem\",\"position\":2,\"name\":\"Kommunpolititiskt program\",\"item\":\"https:\\\/\\\/wp.kristdemokraterna.se\\\/lund\\\/kommunpolititiskt-program\\\/\"},{\"@type\":\"ListItem\",\"position\":3,\"name\":\"Stadsplanering och stadsarkitektur\"}]},{\"@type\":\"WebSite\",\"@id\":\"https:\\\/\\\/wp.kristdemokraterna.se\\\/lund\\\/#website\",\"url\":\"https:\\\/\\\/wp.kristdemokraterna.se\\\/lund\\\/\",\"name\":\"Kristdemokraterna | Lund\",\"description\":\"\",\"inLanguage\":\"sv-SE\"}]}<\/script>\n<!-- \/ Yoast SEO plugin. -->","yoast_head_json":{"title":"Stadsplanering och stadsarkitektur - Kristdemokraterna | Lund","robots":{"index":"index","follow":"follow","max-snippet":"max-snippet:-1","max-image-preview":"max-image-preview:large","max-video-preview":"max-video-preview:-1"},"canonical":"https:\/\/wp.kristdemokraterna.se\/lund\/kommunpolititiskt-program\/stadsplanering\/","og_locale":"sv_SE","og_type":"article","og_title":"Stadsplanering och stadsarkitektur - Kristdemokraterna | Lund","og_description":"Stadsplanering &nbsp; Lund\u00a0 fanns redan p\u00e5 medeltiden. Staden var b\u00e5de ett centrum f\u00f6r handel och ett religi\u00f6st centrum runt Domkyrkan. Mycket av den gamla staden finns kvar idag. Lunds stadsk\u00e4rna ger staden dess speciella atmosf\u00e4r som vi kristdemokrater \u00e4r mycket m\u00e5na om att bevara. Vill man ha kvar den speciella Lundaatmosf\u00e4ren f\u00e5r man vara mycket L\u00e4s mer","og_url":"https:\/\/wp.kristdemokraterna.se\/lund\/kommunpolititiskt-program\/stadsplanering\/","og_site_name":"Kristdemokraterna | Lund","article_modified_time":"2025-04-26T22:18:20+00:00","og_image":[{"width":2048,"height":1152,"url":"https:\/\/wp.kristdemokraterna.se\/lund\/files\/2022\/07\/bostadsplanering1.jpeg","type":"image\/jpeg"}],"twitter_card":"summary_large_image","twitter_misc":{"Ber\u00e4knad l\u00e4stid":"3 minuter"},"schema":{"@context":"https:\/\/schema.org","@graph":[{"@type":"WebPage","@id":"https:\/\/wp.kristdemokraterna.se\/lund\/kommunpolititiskt-program\/stadsplanering\/","url":"https:\/\/wp.kristdemokraterna.se\/lund\/kommunpolititiskt-program\/stadsplanering\/","name":"Stadsplanering och stadsarkitektur - Kristdemokraterna | Lund","isPartOf":{"@id":"https:\/\/wp.kristdemokraterna.se\/lund\/#website"},"primaryImageOfPage":{"@id":"https:\/\/wp.kristdemokraterna.se\/lund\/kommunpolititiskt-program\/stadsplanering\/#primaryimage"},"image":{"@id":"https:\/\/wp.kristdemokraterna.se\/lund\/kommunpolititiskt-program\/stadsplanering\/#primaryimage"},"thumbnailUrl":"http:\/\/wp.kristdemokraterna.se\/lund\/files\/2022\/07\/bostadsplanering1-1024x576.jpeg","datePublished":"2022-07-05T18:05:51+00:00","dateModified":"2025-04-26T22:18:20+00:00","breadcrumb":{"@id":"https:\/\/wp.kristdemokraterna.se\/lund\/kommunpolititiskt-program\/stadsplanering\/#breadcrumb"},"inLanguage":"sv-SE","potentialAction":[{"@type":"ReadAction","target":["https:\/\/wp.kristdemokraterna.se\/lund\/kommunpolititiskt-program\/stadsplanering\/"]}]},{"@type":"ImageObject","inLanguage":"sv-SE","@id":"https:\/\/wp.kristdemokraterna.se\/lund\/kommunpolititiskt-program\/stadsplanering\/#primaryimage","url":"http:\/\/wp.kristdemokraterna.se\/lund\/files\/2022\/07\/bostadsplanering1-1024x576.jpeg","contentUrl":"http:\/\/wp.kristdemokraterna.se\/lund\/files\/2022\/07\/bostadsplanering1-1024x576.jpeg"},{"@type":"BreadcrumbList","@id":"https:\/\/wp.kristdemokraterna.se\/lund\/kommunpolititiskt-program\/stadsplanering\/#breadcrumb","itemListElement":[{"@type":"ListItem","position":1,"name":"Hem","item":"https:\/\/wp.kristdemokraterna.se\/lund\/"},{"@type":"ListItem","position":2,"name":"Kommunpolititiskt program","item":"https:\/\/wp.kristdemokraterna.se\/lund\/kommunpolititiskt-program\/"},{"@type":"ListItem","position":3,"name":"Stadsplanering och stadsarkitektur"}]},{"@type":"WebSite","@id":"https:\/\/wp.kristdemokraterna.se\/lund\/#website","url":"https:\/\/wp.kristdemokraterna.se\/lund\/","name":"Kristdemokraterna | Lund","description":"","inLanguage":"sv-SE"}]}},"_links":{"self":[{"href":"https:\/\/wp.kristdemokraterna.se\/lund\/wp-json\/wp\/v2\/pages\/2987","targetHints":{"allow":["GET"]}}],"collection":[{"href":"https:\/\/wp.kristdemokraterna.se\/lund\/wp-json\/wp\/v2\/pages"}],"about":[{"href":"https:\/\/wp.kristdemokraterna.se\/lund\/wp-json\/wp\/v2\/types\/page"}],"author":[{"embeddable":true,"href":"https:\/\/wp.kristdemokraterna.se\/lund\/wp-json\/wp\/v2\/users\/444"}],"replies":[{"embeddable":true,"href":"https:\/\/wp.kristdemokraterna.se\/lund\/wp-json\/wp\/v2\/comments?post=2987"}],"version-history":[{"count":3,"href":"https:\/\/wp.kristdemokraterna.se\/lund\/wp-json\/wp\/v2\/pages\/2987\/revisions"}],"predecessor-version":[{"id":4553,"href":"https:\/\/wp.kristdemokraterna.se\/lund\/wp-json\/wp\/v2\/pages\/2987\/revisions\/4553"}],"up":[{"embeddable":true,"href":"https:\/\/wp.kristdemokraterna.se\/lund\/wp-json\/wp\/v2\/pages\/4572"}],"wp:attachment":[{"href":"https:\/\/wp.kristdemokraterna.se\/lund\/wp-json\/wp\/v2\/media?parent=2987"}],"curies":[{"name":"wp","href":"https:\/\/api.w.org\/{rel}","templated":true}]}}