{"id":2990,"date":"2022-07-05T20:05:21","date_gmt":"2022-07-05T18:05:21","guid":{"rendered":"https:\/\/wp.kristdemokraterna.se\/lund\/?page_id=2990"},"modified":"2025-04-24T09:56:06","modified_gmt":"2025-04-24T07:56:06","slug":"ekonomi","status":"publish","type":"page","link":"https:\/\/wp.kristdemokraterna.se\/lund\/ekonomi\/","title":{"rendered":"Ekonomi"},"content":{"rendered":"<h3>Kommunens ekonomi<\/h3>\n<p><span style=\"font-weight: 400\">Ett v\u00e4lm\u00e5ende n\u00e4ringsliv och fler personer i arbete skapar de skatteint\u00e4kter som kr\u00e4vs f\u00f6r en fungerande v\u00e4lf\u00e4rd. Men ett gott samh\u00e4lle beh\u00f6ver \u00e4ven en v\u00e4lfungerande offentlig sektor. Kommunen har f\u00e5tt ett allt st\u00f6rre \u00e5tagande, vilket inneb\u00e4r att arbetsgivaransvaret omfattar fler anst\u00e4llda och fler yrkeskompetenser. De st\u00e4ller st\u00f6rre krav p\u00e5 styrning och uppf\u00f6ljning av sambandet mellan resurser, prestationer, resultat och effekter i verksamheterna. Det st\u00e4ller ocks\u00e5 krav p\u00e5 st\u00e4ndiga prioriteringar, effektivisering och f\u00f6rnyelse av verksamheterna.\u00a0<\/span><\/p>\n<p><span style=\"font-weight: 400\">Kommunens ekonomi ska vara i god balans, och vi ska inte s\u00e4tta oss i mer skuld \u00e4n n\u00f6dv\u00e4ndigt.\u00a0 Kommande generationer ska inte beh\u00f6va ta \u00f6ver en massa skulder som vi l\u00e4mnat efter oss, utan varje generation ska hantera sina egna kostnader \u2013\u00a0 det \u00e4r helt\u00a0 i linje med v\u00e5r f\u00f6rvaltarskapstanke.<\/span><\/p>\n<p><span style=\"font-weight: 400\">Kristdemokraterna i Lund har under mandatperioden verkat f\u00f6r att det lagstiftade 2%-m\u00e5let ska uppn\u00e5s. Riksdagen antog m\u00e5let \u00e5r 2000. M\u00e5let inneb\u00e4r att\u00a0 kommunerna alltid ska budgetera f\u00f6r\u00a0 en reserv p\u00e5 2% . Det \u00e4r f\u00f6r m\u00e5nga kommuner sv\u00e5rt att uppn\u00e5, det finns mycket man hellre vill l\u00e4gga pengarna p\u00e5. Men f\u00f6r oss kristdemokrater \u00e4r det ett viktigt m\u00e5l, och kommunen har redan haft nytta av att det fanns pengar i reserv, exempelvis n\u00e4r pandemin drabbade oss.<\/span><\/p>\n<ul>\n<li style=\"font-weight: 400\"><strong>Kommunen ska drivas med h\u00f6g effektivitet och ett gott f\u00f6rvaltarskap d\u00e4r k\u00e4rnverksamheterna prioriteras.\u00a0<\/strong><\/li>\n<li style=\"font-weight: 400\"><strong>V\u00e4lf\u00e4rdstj\u00e4nsterna ska kunna levereras av en m\u00e5ngfald av utf\u00f6rare, bland annat genom att anv\u00e4nda Lagen och valfrihetssystem, LOV, utmaningsr\u00e4tt och Lagen om offentlig upphandling, LOU.\u00a0<\/strong><\/li>\n<li style=\"font-weight: 400\"><strong>Kommunen ska inte \u00f6verta f\u00f6reningars och familjers ansvar eller uppgifter, utan ist\u00e4llet vara ett st\u00f6d om s\u00e5 beh\u00f6vs.<\/strong><\/li>\n<li style=\"font-weight: 400\"><strong>Lunds kommun ska ha som riktm\u00e4rke att spara 2% av skatteint\u00e4kterna.<\/strong><\/li>\n<\/ul>\n<p>&nbsp;<\/p>\n<p><!--more--><\/p>\n<ul class=\"o-bare-list o-bare-list--spaced\">\n<li><em><strong class=\"u-txt-brand\">Ekonomisk politik<\/strong>\u00a0Kristdemokraternas ekonomiska politik bygger p\u00e5 det som vi kallar <strong>social marknadsekonomi.<\/strong> Det inneb\u00e4r att marknadsekonomin m\u00e5ste kombineras med en socialt ansvarsfull politik f\u00f6r att bidra med v\u00e4lf\u00e4rd och en rimlig levnadsniv\u00e5 f\u00f6r alla. Skatte- och bidragssystem ska utformas s\u00e5 att m\u00e4nniskors egen kraft och engagemang uppmuntras och bidragsberoende motverkas.<\/em><\/li>\n<\/ul>\n","protected":false},"excerpt":{"rendered":"<p>Kommunens ekonomi Ett v\u00e4lm\u00e5ende n\u00e4ringsliv och fler personer i arbete skapar de skatteint\u00e4kter som kr\u00e4vs f\u00f6r en fungerande v\u00e4lf\u00e4rd. Men ett gott samh\u00e4lle beh\u00f6ver \u00e4ven en v\u00e4lfungerande offentlig sektor. Kommunen har f\u00e5tt ett allt st\u00f6rre \u00e5tagande, vilket inneb\u00e4r att arbetsgivaransvaret omfattar fler anst\u00e4llda och fler yrkeskompetenser. De st\u00e4ller st\u00f6rre krav p\u00e5 styrning och uppf\u00f6ljning av <a class=\"read-more-link\" href=\"https:\/\/wp.kristdemokraterna.se\/lund\/ekonomi\/\">L\u00e4s mer<\/a><\/p>\n","protected":false},"author":444,"featured_media":0,"parent":0,"menu_order":0,"comment_status":"closed","ping_status":"closed","template":"","meta":{"_acf_changed":false,"footnotes":""},"class_list":["post-2990","page","type-page","status-publish","hentry"],"acf":[],"yoast_head":"<!-- This site is optimized with the Yoast SEO plugin v27.4 - https:\/\/yoast.com\/product\/yoast-seo-wordpress\/ -->\n<title>Ekonomi - Kristdemokraterna | Lund<\/title>\n<meta name=\"robots\" content=\"index, follow, max-snippet:-1, max-image-preview:large, max-video-preview:-1\" \/>\n<link rel=\"canonical\" href=\"https:\/\/wp.kristdemokraterna.se\/lund\/ekonomi\/\" \/>\n<meta property=\"og:locale\" content=\"sv_SE\" \/>\n<meta property=\"og:type\" content=\"article\" \/>\n<meta property=\"og:title\" content=\"Ekonomi - Kristdemokraterna | Lund\" \/>\n<meta property=\"og:description\" content=\"Kommunens ekonomi Ett v\u00e4lm\u00e5ende n\u00e4ringsliv och fler personer i arbete skapar de skatteint\u00e4kter som kr\u00e4vs f\u00f6r en fungerande v\u00e4lf\u00e4rd. Men ett gott samh\u00e4lle beh\u00f6ver \u00e4ven en v\u00e4lfungerande offentlig sektor. Kommunen har f\u00e5tt ett allt st\u00f6rre \u00e5tagande, vilket inneb\u00e4r att arbetsgivaransvaret omfattar fler anst\u00e4llda och fler yrkeskompetenser. De st\u00e4ller st\u00f6rre krav p\u00e5 styrning och uppf\u00f6ljning av L\u00e4s mer\" \/>\n<meta property=\"og:url\" content=\"https:\/\/wp.kristdemokraterna.se\/lund\/ekonomi\/\" \/>\n<meta property=\"og:site_name\" content=\"Kristdemokraterna | Lund\" \/>\n<meta property=\"article:modified_time\" content=\"2025-04-24T07:56:06+00:00\" \/>\n<meta name=\"twitter:card\" content=\"summary_large_image\" \/>\n<meta name=\"twitter:label1\" content=\"Ber\u00e4knad l\u00e4stid\" \/>\n\t<meta name=\"twitter:data1\" content=\"2 minuter\" \/>\n<script type=\"application\/ld+json\" class=\"yoast-schema-graph\">{\"@context\":\"https:\\\/\\\/schema.org\",\"@graph\":[{\"@type\":\"WebPage\",\"@id\":\"https:\\\/\\\/wp.kristdemokraterna.se\\\/lund\\\/ekonomi\\\/\",\"url\":\"https:\\\/\\\/wp.kristdemokraterna.se\\\/lund\\\/ekonomi\\\/\",\"name\":\"Ekonomi - Kristdemokraterna | Lund\",\"isPartOf\":{\"@id\":\"https:\\\/\\\/wp.kristdemokraterna.se\\\/lund\\\/#website\"},\"datePublished\":\"2022-07-05T18:05:21+00:00\",\"dateModified\":\"2025-04-24T07:56:06+00:00\",\"breadcrumb\":{\"@id\":\"https:\\\/\\\/wp.kristdemokraterna.se\\\/lund\\\/ekonomi\\\/#breadcrumb\"},\"inLanguage\":\"sv-SE\",\"potentialAction\":[{\"@type\":\"ReadAction\",\"target\":[\"https:\\\/\\\/wp.kristdemokraterna.se\\\/lund\\\/ekonomi\\\/\"]}]},{\"@type\":\"BreadcrumbList\",\"@id\":\"https:\\\/\\\/wp.kristdemokraterna.se\\\/lund\\\/ekonomi\\\/#breadcrumb\",\"itemListElement\":[{\"@type\":\"ListItem\",\"position\":1,\"name\":\"Hem\",\"item\":\"https:\\\/\\\/wp.kristdemokraterna.se\\\/lund\\\/\"},{\"@type\":\"ListItem\",\"position\":2,\"name\":\"Ekonomi\"}]},{\"@type\":\"WebSite\",\"@id\":\"https:\\\/\\\/wp.kristdemokraterna.se\\\/lund\\\/#website\",\"url\":\"https:\\\/\\\/wp.kristdemokraterna.se\\\/lund\\\/\",\"name\":\"Kristdemokraterna | Lund\",\"description\":\"\",\"inLanguage\":\"sv-SE\"}]}<\/script>\n<!-- \/ Yoast SEO plugin. -->","yoast_head_json":{"title":"Ekonomi - Kristdemokraterna | Lund","robots":{"index":"index","follow":"follow","max-snippet":"max-snippet:-1","max-image-preview":"max-image-preview:large","max-video-preview":"max-video-preview:-1"},"canonical":"https:\/\/wp.kristdemokraterna.se\/lund\/ekonomi\/","og_locale":"sv_SE","og_type":"article","og_title":"Ekonomi - Kristdemokraterna | Lund","og_description":"Kommunens ekonomi Ett v\u00e4lm\u00e5ende n\u00e4ringsliv och fler personer i arbete skapar de skatteint\u00e4kter som kr\u00e4vs f\u00f6r en fungerande v\u00e4lf\u00e4rd. Men ett gott samh\u00e4lle beh\u00f6ver \u00e4ven en v\u00e4lfungerande offentlig sektor. Kommunen har f\u00e5tt ett allt st\u00f6rre \u00e5tagande, vilket inneb\u00e4r att arbetsgivaransvaret omfattar fler anst\u00e4llda och fler yrkeskompetenser. De st\u00e4ller st\u00f6rre krav p\u00e5 styrning och uppf\u00f6ljning av L\u00e4s mer","og_url":"https:\/\/wp.kristdemokraterna.se\/lund\/ekonomi\/","og_site_name":"Kristdemokraterna | Lund","article_modified_time":"2025-04-24T07:56:06+00:00","twitter_card":"summary_large_image","twitter_misc":{"Ber\u00e4knad l\u00e4stid":"2 minuter"},"schema":{"@context":"https:\/\/schema.org","@graph":[{"@type":"WebPage","@id":"https:\/\/wp.kristdemokraterna.se\/lund\/ekonomi\/","url":"https:\/\/wp.kristdemokraterna.se\/lund\/ekonomi\/","name":"Ekonomi - Kristdemokraterna | Lund","isPartOf":{"@id":"https:\/\/wp.kristdemokraterna.se\/lund\/#website"},"datePublished":"2022-07-05T18:05:21+00:00","dateModified":"2025-04-24T07:56:06+00:00","breadcrumb":{"@id":"https:\/\/wp.kristdemokraterna.se\/lund\/ekonomi\/#breadcrumb"},"inLanguage":"sv-SE","potentialAction":[{"@type":"ReadAction","target":["https:\/\/wp.kristdemokraterna.se\/lund\/ekonomi\/"]}]},{"@type":"BreadcrumbList","@id":"https:\/\/wp.kristdemokraterna.se\/lund\/ekonomi\/#breadcrumb","itemListElement":[{"@type":"ListItem","position":1,"name":"Hem","item":"https:\/\/wp.kristdemokraterna.se\/lund\/"},{"@type":"ListItem","position":2,"name":"Ekonomi"}]},{"@type":"WebSite","@id":"https:\/\/wp.kristdemokraterna.se\/lund\/#website","url":"https:\/\/wp.kristdemokraterna.se\/lund\/","name":"Kristdemokraterna | Lund","description":"","inLanguage":"sv-SE"}]}},"_links":{"self":[{"href":"https:\/\/wp.kristdemokraterna.se\/lund\/wp-json\/wp\/v2\/pages\/2990","targetHints":{"allow":["GET"]}}],"collection":[{"href":"https:\/\/wp.kristdemokraterna.se\/lund\/wp-json\/wp\/v2\/pages"}],"about":[{"href":"https:\/\/wp.kristdemokraterna.se\/lund\/wp-json\/wp\/v2\/types\/page"}],"author":[{"embeddable":true,"href":"https:\/\/wp.kristdemokraterna.se\/lund\/wp-json\/wp\/v2\/users\/444"}],"replies":[{"embeddable":true,"href":"https:\/\/wp.kristdemokraterna.se\/lund\/wp-json\/wp\/v2\/comments?post=2990"}],"version-history":[{"count":2,"href":"https:\/\/wp.kristdemokraterna.se\/lund\/wp-json\/wp\/v2\/pages\/2990\/revisions"}],"predecessor-version":[{"id":4550,"href":"https:\/\/wp.kristdemokraterna.se\/lund\/wp-json\/wp\/v2\/pages\/2990\/revisions\/4550"}],"wp:attachment":[{"href":"https:\/\/wp.kristdemokraterna.se\/lund\/wp-json\/wp\/v2\/media?parent=2990"}],"curies":[{"name":"wp","href":"https:\/\/api.w.org\/{rel}","templated":true}]}}