{"id":3107,"date":"2022-08-20T10:18:48","date_gmt":"2022-08-20T08:18:48","guid":{"rendered":"https:\/\/wp.kristdemokraterna.se\/lund\/?page_id=3107"},"modified":"2022-08-20T10:18:48","modified_gmt":"2022-08-20T08:18:48","slug":"folkhogskolor","status":"publish","type":"page","link":"https:\/\/wp.kristdemokraterna.se\/lund\/folkhogskolor\/","title":{"rendered":"Folkh\u00f6gskolor"},"content":{"rendered":"<div id=\"svid12_5f5685e31817fdfeceb5ac\" class=\"sv-text-portlet sv-use-margins sv-skip-spacer\">\n<div class=\"sv-text-portlet-content\">\n<h1 id=\"h-Folkhogskolor\" class=\"font-heading-1\">Folkh\u00f6gskolor<\/h1>\n<\/div>\n<\/div>\n<div id=\"svid12_5f5685e31817fdfeceb5ae\" class=\"sv-text-portlet sv-use-margins\">\n<div id=\"Innehall\"><\/div>\n<div class=\"sv-text-portlet-content\">\n<p class=\"font-normal\"><em>Folkh\u00f6gskolornas unika roll ligger framf\u00f6rallt i dess pedagogik, dess demokratiska roll och dess kunskapssyn. Folkh\u00f6gskolorna ska sj\u00e4lva best\u00e4mma \u00f6ver sin verksamhet och det finns stort utrymme att anpassa studierna efter olika m\u00e5lgrupper.<\/em><\/p>\n<p>Folkh\u00f6gskolor \u00e4r allt viktigare i det st\u00e4ndiga l\u00e4randet som ett modernt samh\u00e4lle m\u00e5ste bygga p\u00e5.<\/p>\n<\/div>\n<\/div>\n","protected":false},"excerpt":{"rendered":"<p>Folkh\u00f6gskolor Folkh\u00f6gskolornas unika roll ligger framf\u00f6rallt i dess pedagogik, dess demokratiska roll och dess kunskapssyn. Folkh\u00f6gskolorna ska sj\u00e4lva best\u00e4mma \u00f6ver sin verksamhet och det finns stort utrymme att anpassa studierna efter olika m\u00e5lgrupper. Folkh\u00f6gskolor \u00e4r allt viktigare i det st\u00e4ndiga l\u00e4randet som ett modernt samh\u00e4lle m\u00e5ste bygga p\u00e5.<\/p>\n","protected":false},"author":444,"featured_media":0,"parent":0,"menu_order":0,"comment_status":"closed","ping_status":"closed","template":"","meta":{"_acf_changed":false,"footnotes":""},"class_list":["post-3107","page","type-page","status-publish","hentry"],"acf":[],"yoast_head":"<!-- This site is optimized with the Yoast SEO plugin v27.5 - https:\/\/yoast.com\/product\/yoast-seo-wordpress\/ -->\n<title>Folkh\u00f6gskolor - Kristdemokraterna | Lund<\/title>\n<meta name=\"robots\" content=\"index, follow, max-snippet:-1, max-image-preview:large, max-video-preview:-1\" \/>\n<link rel=\"canonical\" href=\"https:\/\/wp.kristdemokraterna.se\/lund\/folkhogskolor\/\" \/>\n<meta property=\"og:locale\" content=\"sv_SE\" \/>\n<meta property=\"og:type\" content=\"article\" \/>\n<meta property=\"og:title\" content=\"Folkh\u00f6gskolor - Kristdemokraterna | Lund\" \/>\n<meta property=\"og:description\" content=\"Folkh\u00f6gskolor Folkh\u00f6gskolornas unika roll ligger framf\u00f6rallt i dess pedagogik, dess demokratiska roll och dess kunskapssyn. Folkh\u00f6gskolorna ska sj\u00e4lva best\u00e4mma \u00f6ver sin verksamhet och det finns stort utrymme att anpassa studierna efter olika m\u00e5lgrupper. Folkh\u00f6gskolor \u00e4r allt viktigare i det st\u00e4ndiga l\u00e4randet som ett modernt samh\u00e4lle m\u00e5ste bygga p\u00e5.\" \/>\n<meta property=\"og:url\" content=\"https:\/\/wp.kristdemokraterna.se\/lund\/folkhogskolor\/\" \/>\n<meta property=\"og:site_name\" content=\"Kristdemokraterna | Lund\" \/>\n<meta name=\"twitter:card\" content=\"summary_large_image\" \/>\n<meta name=\"twitter:label1\" content=\"Ber\u00e4knad l\u00e4stid\" \/>\n\t<meta name=\"twitter:data1\" content=\"1 minut\" \/>\n<script type=\"application\/ld+json\" class=\"yoast-schema-graph\">{\"@context\":\"https:\\\/\\\/schema.org\",\"@graph\":[{\"@type\":\"WebPage\",\"@id\":\"https:\\\/\\\/wp.kristdemokraterna.se\\\/lund\\\/folkhogskolor\\\/\",\"url\":\"https:\\\/\\\/wp.kristdemokraterna.se\\\/lund\\\/folkhogskolor\\\/\",\"name\":\"Folkh\u00f6gskolor - Kristdemokraterna | Lund\",\"isPartOf\":{\"@id\":\"https:\\\/\\\/wp.kristdemokraterna.se\\\/lund\\\/#website\"},\"datePublished\":\"2022-08-20T08:18:48+00:00\",\"breadcrumb\":{\"@id\":\"https:\\\/\\\/wp.kristdemokraterna.se\\\/lund\\\/folkhogskolor\\\/#breadcrumb\"},\"inLanguage\":\"sv-SE\",\"potentialAction\":[{\"@type\":\"ReadAction\",\"target\":[\"https:\\\/\\\/wp.kristdemokraterna.se\\\/lund\\\/folkhogskolor\\\/\"]}]},{\"@type\":\"BreadcrumbList\",\"@id\":\"https:\\\/\\\/wp.kristdemokraterna.se\\\/lund\\\/folkhogskolor\\\/#breadcrumb\",\"itemListElement\":[{\"@type\":\"ListItem\",\"position\":1,\"name\":\"Hem\",\"item\":\"https:\\\/\\\/wp.kristdemokraterna.se\\\/lund\\\/\"},{\"@type\":\"ListItem\",\"position\":2,\"name\":\"Folkh\u00f6gskolor\"}]},{\"@type\":\"WebSite\",\"@id\":\"https:\\\/\\\/wp.kristdemokraterna.se\\\/lund\\\/#website\",\"url\":\"https:\\\/\\\/wp.kristdemokraterna.se\\\/lund\\\/\",\"name\":\"Kristdemokraterna | Lund\",\"description\":\"\",\"inLanguage\":\"sv-SE\"}]}<\/script>\n<!-- \/ Yoast SEO plugin. -->","yoast_head_json":{"title":"Folkh\u00f6gskolor - Kristdemokraterna | Lund","robots":{"index":"index","follow":"follow","max-snippet":"max-snippet:-1","max-image-preview":"max-image-preview:large","max-video-preview":"max-video-preview:-1"},"canonical":"https:\/\/wp.kristdemokraterna.se\/lund\/folkhogskolor\/","og_locale":"sv_SE","og_type":"article","og_title":"Folkh\u00f6gskolor - Kristdemokraterna | Lund","og_description":"Folkh\u00f6gskolor Folkh\u00f6gskolornas unika roll ligger framf\u00f6rallt i dess pedagogik, dess demokratiska roll och dess kunskapssyn. Folkh\u00f6gskolorna ska sj\u00e4lva best\u00e4mma \u00f6ver sin verksamhet och det finns stort utrymme att anpassa studierna efter olika m\u00e5lgrupper. Folkh\u00f6gskolor \u00e4r allt viktigare i det st\u00e4ndiga l\u00e4randet som ett modernt samh\u00e4lle m\u00e5ste bygga p\u00e5.","og_url":"https:\/\/wp.kristdemokraterna.se\/lund\/folkhogskolor\/","og_site_name":"Kristdemokraterna | Lund","twitter_card":"summary_large_image","twitter_misc":{"Ber\u00e4knad l\u00e4stid":"1 minut"},"schema":{"@context":"https:\/\/schema.org","@graph":[{"@type":"WebPage","@id":"https:\/\/wp.kristdemokraterna.se\/lund\/folkhogskolor\/","url":"https:\/\/wp.kristdemokraterna.se\/lund\/folkhogskolor\/","name":"Folkh\u00f6gskolor - Kristdemokraterna | Lund","isPartOf":{"@id":"https:\/\/wp.kristdemokraterna.se\/lund\/#website"},"datePublished":"2022-08-20T08:18:48+00:00","breadcrumb":{"@id":"https:\/\/wp.kristdemokraterna.se\/lund\/folkhogskolor\/#breadcrumb"},"inLanguage":"sv-SE","potentialAction":[{"@type":"ReadAction","target":["https:\/\/wp.kristdemokraterna.se\/lund\/folkhogskolor\/"]}]},{"@type":"BreadcrumbList","@id":"https:\/\/wp.kristdemokraterna.se\/lund\/folkhogskolor\/#breadcrumb","itemListElement":[{"@type":"ListItem","position":1,"name":"Hem","item":"https:\/\/wp.kristdemokraterna.se\/lund\/"},{"@type":"ListItem","position":2,"name":"Folkh\u00f6gskolor"}]},{"@type":"WebSite","@id":"https:\/\/wp.kristdemokraterna.se\/lund\/#website","url":"https:\/\/wp.kristdemokraterna.se\/lund\/","name":"Kristdemokraterna | Lund","description":"","inLanguage":"sv-SE"}]}},"_links":{"self":[{"href":"https:\/\/wp.kristdemokraterna.se\/lund\/wp-json\/wp\/v2\/pages\/3107","targetHints":{"allow":["GET"]}}],"collection":[{"href":"https:\/\/wp.kristdemokraterna.se\/lund\/wp-json\/wp\/v2\/pages"}],"about":[{"href":"https:\/\/wp.kristdemokraterna.se\/lund\/wp-json\/wp\/v2\/types\/page"}],"author":[{"embeddable":true,"href":"https:\/\/wp.kristdemokraterna.se\/lund\/wp-json\/wp\/v2\/users\/444"}],"replies":[{"embeddable":true,"href":"https:\/\/wp.kristdemokraterna.se\/lund\/wp-json\/wp\/v2\/comments?post=3107"}],"version-history":[{"count":0,"href":"https:\/\/wp.kristdemokraterna.se\/lund\/wp-json\/wp\/v2\/pages\/3107\/revisions"}],"wp:attachment":[{"href":"https:\/\/wp.kristdemokraterna.se\/lund\/wp-json\/wp\/v2\/media?parent=3107"}],"curies":[{"name":"wp","href":"https:\/\/api.w.org\/{rel}","templated":true}]}}