{"id":3222,"date":"2023-03-01T02:48:50","date_gmt":"2023-03-01T01:48:50","guid":{"rendered":"https:\/\/wp.kristdemokraterna.se\/lund\/?page_id=3222"},"modified":"2023-03-01T02:48:50","modified_gmt":"2023-03-01T01:48:50","slug":"elias-b-johansson-2","status":"publish","type":"page","link":"https:\/\/wp.kristdemokraterna.se\/lund\/elias-b-johansson-2\/","title":{"rendered":"Elias B.Johansson"},"content":{"rendered":"<p><a href=\"http:\/\/wp.kristdemokraterna.se\/lund2\/files\/2023\/03\/20220818_182813-2-scaled-2.jpg\"><img loading=\"lazy\" decoding=\"async\" class=\"alignnone size-medium wp-image-3229\" src=\"http:\/\/wp.kristdemokraterna.se\/lund\/files\/2023\/03\/20220818_182813-2-208x300.jpg\" alt=\"\" width=\"208\" height=\"300\" \/><\/a><\/p>\n<p><strong>Elias B- Johansson<\/strong> heter jag och blev vald till ordf\u00f6rande i styrelsen 2024.\u00a0 Jag har varit aktiv i partiet i fem \u00e5r, och har en bakgrund i ungdomsf\u00f6rbundet. Studerar till statsvetare och \u00e4r sedan \u00e5rsskiftet\u00a0<strong> ledamot i barn och skoln\u00e4mnden<\/strong>. Jag \u00e4r ocks\u00e5<strong> ers\u00e4ttare i Kommunfullm\u00e4ktige.<\/strong>\u00a0 Lund \u00e4r en fantastisk stad men vi arbetar f\u00f6r att det ska bli en \u00e4nnu b\u00e4ttre stad. Tillsammans med socialdemokraterna och moderaterna tar vi ansvar f\u00f6r Lund och forts\u00e4tter att utveckla v\u00e5r stad. S\u00e4rskilt engagerad \u00e4r jag i skolfr\u00e5gor, \u00e4ldrefr\u00e5gor och trygghet.<\/p>\n","protected":false},"excerpt":{"rendered":"<p>Elias B- Johansson heter jag och blev vald till ordf\u00f6rande i styrelsen 2024.\u00a0 Jag har varit aktiv i partiet i fem \u00e5r, och har en bakgrund i ungdomsf\u00f6rbundet. Studerar till statsvetare och \u00e4r sedan \u00e5rsskiftet\u00a0 ledamot i barn och skoln\u00e4mnden. Jag \u00e4r ocks\u00e5 ers\u00e4ttare i Kommunfullm\u00e4ktige.\u00a0 Lund \u00e4r en fantastisk stad men vi arbetar f\u00f6r <a class=\"read-more-link\" href=\"https:\/\/wp.kristdemokraterna.se\/lund\/elias-b-johansson-2\/\">L\u00e4s mer<\/a><\/p>\n","protected":false},"author":444,"featured_media":0,"parent":0,"menu_order":0,"comment_status":"closed","ping_status":"closed","template":"","meta":{"_acf_changed":false,"footnotes":""},"class_list":["post-3222","page","type-page","status-publish","hentry"],"acf":[],"yoast_head":"<!-- This site is optimized with the Yoast SEO plugin v27.4 - https:\/\/yoast.com\/product\/yoast-seo-wordpress\/ -->\n<title>Elias B.Johansson - Kristdemokraterna | Lund<\/title>\n<meta name=\"robots\" content=\"index, follow, max-snippet:-1, max-image-preview:large, max-video-preview:-1\" \/>\n<link rel=\"canonical\" href=\"https:\/\/wp.kristdemokraterna.se\/lund\/elias-b-johansson-2\/\" \/>\n<meta property=\"og:locale\" content=\"sv_SE\" \/>\n<meta property=\"og:type\" content=\"article\" \/>\n<meta property=\"og:title\" content=\"Elias B.Johansson - Kristdemokraterna | Lund\" \/>\n<meta property=\"og:description\" content=\"Elias B- Johansson heter jag och blev vald till ordf\u00f6rande i styrelsen 2024.\u00a0 Jag har varit aktiv i partiet i fem \u00e5r, och har en bakgrund i ungdomsf\u00f6rbundet. Studerar till statsvetare och \u00e4r sedan \u00e5rsskiftet\u00a0 ledamot i barn och skoln\u00e4mnden. Jag \u00e4r ocks\u00e5 ers\u00e4ttare i Kommunfullm\u00e4ktige.\u00a0 Lund \u00e4r en fantastisk stad men vi arbetar f\u00f6r L\u00e4s mer\" \/>\n<meta property=\"og:url\" content=\"https:\/\/wp.kristdemokraterna.se\/lund\/elias-b-johansson-2\/\" \/>\n<meta property=\"og:site_name\" content=\"Kristdemokraterna | Lund\" \/>\n<meta property=\"og:image\" content=\"http:\/\/wp.kristdemokraterna.se\/lund\/files\/2023\/03\/20220818_182813-2-208x300.jpg\" \/>\n<meta name=\"twitter:card\" content=\"summary_large_image\" \/>\n<meta name=\"twitter:label1\" content=\"Ber\u00e4knad l\u00e4stid\" \/>\n\t<meta name=\"twitter:data1\" content=\"1 minut\" \/>\n<script type=\"application\/ld+json\" class=\"yoast-schema-graph\">{\"@context\":\"https:\\\/\\\/schema.org\",\"@graph\":[{\"@type\":\"WebPage\",\"@id\":\"https:\\\/\\\/wp.kristdemokraterna.se\\\/lund\\\/elias-b-johansson-2\\\/\",\"url\":\"https:\\\/\\\/wp.kristdemokraterna.se\\\/lund\\\/elias-b-johansson-2\\\/\",\"name\":\"Elias B.Johansson - Kristdemokraterna | Lund\",\"isPartOf\":{\"@id\":\"https:\\\/\\\/wp.kristdemokraterna.se\\\/lund\\\/#website\"},\"primaryImageOfPage\":{\"@id\":\"https:\\\/\\\/wp.kristdemokraterna.se\\\/lund\\\/elias-b-johansson-2\\\/#primaryimage\"},\"image\":{\"@id\":\"https:\\\/\\\/wp.kristdemokraterna.se\\\/lund\\\/elias-b-johansson-2\\\/#primaryimage\"},\"thumbnailUrl\":\"http:\\\/\\\/wp.kristdemokraterna.se\\\/lund\\\/files\\\/2023\\\/03\\\/20220818_182813-2-208x300.jpg\",\"datePublished\":\"2023-03-01T01:48:50+00:00\",\"breadcrumb\":{\"@id\":\"https:\\\/\\\/wp.kristdemokraterna.se\\\/lund\\\/elias-b-johansson-2\\\/#breadcrumb\"},\"inLanguage\":\"sv-SE\",\"potentialAction\":[{\"@type\":\"ReadAction\",\"target\":[\"https:\\\/\\\/wp.kristdemokraterna.se\\\/lund\\\/elias-b-johansson-2\\\/\"]}]},{\"@type\":\"ImageObject\",\"inLanguage\":\"sv-SE\",\"@id\":\"https:\\\/\\\/wp.kristdemokraterna.se\\\/lund\\\/elias-b-johansson-2\\\/#primaryimage\",\"url\":\"http:\\\/\\\/wp.kristdemokraterna.se\\\/lund\\\/files\\\/2023\\\/03\\\/20220818_182813-2-208x300.jpg\",\"contentUrl\":\"http:\\\/\\\/wp.kristdemokraterna.se\\\/lund\\\/files\\\/2023\\\/03\\\/20220818_182813-2-208x300.jpg\"},{\"@type\":\"BreadcrumbList\",\"@id\":\"https:\\\/\\\/wp.kristdemokraterna.se\\\/lund\\\/elias-b-johansson-2\\\/#breadcrumb\",\"itemListElement\":[{\"@type\":\"ListItem\",\"position\":1,\"name\":\"Hem\",\"item\":\"https:\\\/\\\/wp.kristdemokraterna.se\\\/lund\\\/\"},{\"@type\":\"ListItem\",\"position\":2,\"name\":\"Elias B.Johansson\"}]},{\"@type\":\"WebSite\",\"@id\":\"https:\\\/\\\/wp.kristdemokraterna.se\\\/lund\\\/#website\",\"url\":\"https:\\\/\\\/wp.kristdemokraterna.se\\\/lund\\\/\",\"name\":\"Kristdemokraterna | Lund\",\"description\":\"\",\"inLanguage\":\"sv-SE\"}]}<\/script>\n<!-- \/ Yoast SEO plugin. -->","yoast_head_json":{"title":"Elias B.Johansson - Kristdemokraterna | Lund","robots":{"index":"index","follow":"follow","max-snippet":"max-snippet:-1","max-image-preview":"max-image-preview:large","max-video-preview":"max-video-preview:-1"},"canonical":"https:\/\/wp.kristdemokraterna.se\/lund\/elias-b-johansson-2\/","og_locale":"sv_SE","og_type":"article","og_title":"Elias B.Johansson - Kristdemokraterna | Lund","og_description":"Elias B- Johansson heter jag och blev vald till ordf\u00f6rande i styrelsen 2024.\u00a0 Jag har varit aktiv i partiet i fem \u00e5r, och har en bakgrund i ungdomsf\u00f6rbundet. Studerar till statsvetare och \u00e4r sedan \u00e5rsskiftet\u00a0 ledamot i barn och skoln\u00e4mnden. Jag \u00e4r ocks\u00e5 ers\u00e4ttare i Kommunfullm\u00e4ktige.\u00a0 Lund \u00e4r en fantastisk stad men vi arbetar f\u00f6r L\u00e4s mer","og_url":"https:\/\/wp.kristdemokraterna.se\/lund\/elias-b-johansson-2\/","og_site_name":"Kristdemokraterna | Lund","og_image":[{"url":"http:\/\/wp.kristdemokraterna.se\/lund\/files\/2023\/03\/20220818_182813-2-208x300.jpg","type":"","width":"","height":""}],"twitter_card":"summary_large_image","twitter_misc":{"Ber\u00e4knad l\u00e4stid":"1 minut"},"schema":{"@context":"https:\/\/schema.org","@graph":[{"@type":"WebPage","@id":"https:\/\/wp.kristdemokraterna.se\/lund\/elias-b-johansson-2\/","url":"https:\/\/wp.kristdemokraterna.se\/lund\/elias-b-johansson-2\/","name":"Elias B.Johansson - Kristdemokraterna | Lund","isPartOf":{"@id":"https:\/\/wp.kristdemokraterna.se\/lund\/#website"},"primaryImageOfPage":{"@id":"https:\/\/wp.kristdemokraterna.se\/lund\/elias-b-johansson-2\/#primaryimage"},"image":{"@id":"https:\/\/wp.kristdemokraterna.se\/lund\/elias-b-johansson-2\/#primaryimage"},"thumbnailUrl":"http:\/\/wp.kristdemokraterna.se\/lund\/files\/2023\/03\/20220818_182813-2-208x300.jpg","datePublished":"2023-03-01T01:48:50+00:00","breadcrumb":{"@id":"https:\/\/wp.kristdemokraterna.se\/lund\/elias-b-johansson-2\/#breadcrumb"},"inLanguage":"sv-SE","potentialAction":[{"@type":"ReadAction","target":["https:\/\/wp.kristdemokraterna.se\/lund\/elias-b-johansson-2\/"]}]},{"@type":"ImageObject","inLanguage":"sv-SE","@id":"https:\/\/wp.kristdemokraterna.se\/lund\/elias-b-johansson-2\/#primaryimage","url":"http:\/\/wp.kristdemokraterna.se\/lund\/files\/2023\/03\/20220818_182813-2-208x300.jpg","contentUrl":"http:\/\/wp.kristdemokraterna.se\/lund\/files\/2023\/03\/20220818_182813-2-208x300.jpg"},{"@type":"BreadcrumbList","@id":"https:\/\/wp.kristdemokraterna.se\/lund\/elias-b-johansson-2\/#breadcrumb","itemListElement":[{"@type":"ListItem","position":1,"name":"Hem","item":"https:\/\/wp.kristdemokraterna.se\/lund\/"},{"@type":"ListItem","position":2,"name":"Elias B.Johansson"}]},{"@type":"WebSite","@id":"https:\/\/wp.kristdemokraterna.se\/lund\/#website","url":"https:\/\/wp.kristdemokraterna.se\/lund\/","name":"Kristdemokraterna | Lund","description":"","inLanguage":"sv-SE"}]}},"_links":{"self":[{"href":"https:\/\/wp.kristdemokraterna.se\/lund\/wp-json\/wp\/v2\/pages\/3222","targetHints":{"allow":["GET"]}}],"collection":[{"href":"https:\/\/wp.kristdemokraterna.se\/lund\/wp-json\/wp\/v2\/pages"}],"about":[{"href":"https:\/\/wp.kristdemokraterna.se\/lund\/wp-json\/wp\/v2\/types\/page"}],"author":[{"embeddable":true,"href":"https:\/\/wp.kristdemokraterna.se\/lund\/wp-json\/wp\/v2\/users\/444"}],"replies":[{"embeddable":true,"href":"https:\/\/wp.kristdemokraterna.se\/lund\/wp-json\/wp\/v2\/comments?post=3222"}],"version-history":[{"count":0,"href":"https:\/\/wp.kristdemokraterna.se\/lund\/wp-json\/wp\/v2\/pages\/3222\/revisions"}],"wp:attachment":[{"href":"https:\/\/wp.kristdemokraterna.se\/lund\/wp-json\/wp\/v2\/media?parent=3222"}],"curies":[{"name":"wp","href":"https:\/\/api.w.org\/{rel}","templated":true}]}}