{"id":3271,"date":"2023-03-08T11:15:08","date_gmt":"2023-03-08T10:15:08","guid":{"rendered":"https:\/\/wp.kristdemokraterna.se\/lund\/?page_id=3271"},"modified":"2023-03-08T11:15:08","modified_gmt":"2023-03-08T10:15:08","slug":"gunnar-bradvik-2","status":"publish","type":"page","link":"https:\/\/wp.kristdemokraterna.se\/lund\/gunnar-bradvik-2\/","title":{"rendered":"Gunnar Br\u00e5dvik"},"content":{"rendered":"<p><a href=\"http:\/\/wp.kristdemokraterna.se\/lund\/files\/2023\/03\/dsc_9073-scaled-e1678270106290.jpg\"><img loading=\"lazy\" decoding=\"async\" class=\"alignnone size-medium wp-image-3269\" src=\"http:\/\/wp.kristdemokraterna.se\/lund\/files\/2023\/03\/dsc_9073-scaled-e1678270106290-223x300.jpg\" alt=\"\" width=\"223\" height=\"300\" \/><\/a><\/p>\n<h3><strong>Gunnar Br\u00e5dvik<\/strong><\/h3>\n<div>Mitt namn \u00e4r Gunnar Br\u00e5dvik och jag \u00e4r<strong> ledamot i Kultur- och fritidsn\u00e4mnden<\/strong><\/div>\n<div>f\u00f6r Kristdemokraterna i Lund. D\u00e4r verkar jag f\u00f6r ett rikare idrottsliv, ett levande<\/div>\n<div>kulturliv och arbetar f\u00f6r att st\u00e4rka stadens stadsdelsbibliotek. Lunds f\u00f6reningsliv<\/div>\n<div>\n<p>\u00e4r en av de saker som g\u00f6r kommunen till en s\u00e5 bra stad att bo och leva i.<\/p>\n<p>Jag \u00e4r ocks\u00e5<strong> ers\u00e4ttare i Kommunstyrelsen<\/strong><\/p>\n<p>Till vardags jobbar jag p\u00e5 Institutet f\u00f6r H\u00e4lso- och sjukv\u00e5rdsekonomi i Lund. D\u00e4r sysslar jag bl a med diabetesmodellering och forskning kring restriktionernas effekter under covid 19-pandemin<\/p>\n<p>H\u00e4r \u00e4r min <strong><a href=\"http:\/\/www.bradvik.se\/\">websida<\/a><\/strong><\/p>\n<\/div>\n<div><\/div>\n<div>Mina kontaktuppgifter \u00e4r enl nedan:<br \/>\nE-post:\u00a0<a href=\"mailto:gunnar@bradvik.se\" target=\"_blank\" rel=\"noopener\">gunnar@bradvik.se<\/a><br \/>\nTelefon: 0732-273904<\/div>\n<p>&nbsp;<\/p>\n","protected":false},"excerpt":{"rendered":"<p>Gunnar Br\u00e5dvik Mitt namn \u00e4r Gunnar Br\u00e5dvik och jag \u00e4r ledamot i Kultur- och fritidsn\u00e4mnden f\u00f6r Kristdemokraterna i Lund. D\u00e4r verkar jag f\u00f6r ett rikare idrottsliv, ett levande kulturliv och arbetar f\u00f6r att st\u00e4rka stadens stadsdelsbibliotek. Lunds f\u00f6reningsliv \u00e4r en av de saker som g\u00f6r kommunen till en s\u00e5 bra stad att bo och leva <a class=\"read-more-link\" href=\"https:\/\/wp.kristdemokraterna.se\/lund\/gunnar-bradvik-2\/\">L\u00e4s mer<\/a><\/p>\n","protected":false},"author":444,"featured_media":0,"parent":0,"menu_order":0,"comment_status":"closed","ping_status":"closed","template":"","meta":{"_acf_changed":false,"footnotes":""},"class_list":["post-3271","page","type-page","status-publish","hentry"],"acf":[],"yoast_head":"<!-- This site is optimized with the Yoast SEO plugin v27.4 - https:\/\/yoast.com\/product\/yoast-seo-wordpress\/ -->\n<title>Gunnar Br\u00e5dvik - Kristdemokraterna | Lund<\/title>\n<meta name=\"robots\" content=\"index, follow, max-snippet:-1, max-image-preview:large, max-video-preview:-1\" \/>\n<link rel=\"canonical\" href=\"https:\/\/wp.kristdemokraterna.se\/lund\/gunnar-bradvik-2\/\" \/>\n<meta property=\"og:locale\" content=\"sv_SE\" \/>\n<meta property=\"og:type\" content=\"article\" \/>\n<meta property=\"og:title\" content=\"Gunnar Br\u00e5dvik - Kristdemokraterna | Lund\" \/>\n<meta property=\"og:description\" content=\"Gunnar Br\u00e5dvik Mitt namn \u00e4r Gunnar Br\u00e5dvik och jag \u00e4r ledamot i Kultur- och fritidsn\u00e4mnden f\u00f6r Kristdemokraterna i Lund. D\u00e4r verkar jag f\u00f6r ett rikare idrottsliv, ett levande kulturliv och arbetar f\u00f6r att st\u00e4rka stadens stadsdelsbibliotek. Lunds f\u00f6reningsliv \u00e4r en av de saker som g\u00f6r kommunen till en s\u00e5 bra stad att bo och leva L\u00e4s mer\" \/>\n<meta property=\"og:url\" content=\"https:\/\/wp.kristdemokraterna.se\/lund\/gunnar-bradvik-2\/\" \/>\n<meta property=\"og:site_name\" content=\"Kristdemokraterna | Lund\" \/>\n<meta property=\"og:image\" content=\"http:\/\/wp.kristdemokraterna.se\/lund\/files\/2023\/03\/dsc_9073-scaled-e1678270106290-223x300.jpg\" \/>\n<meta name=\"twitter:card\" content=\"summary_large_image\" \/>\n<meta name=\"twitter:label1\" content=\"Ber\u00e4knad l\u00e4stid\" \/>\n\t<meta name=\"twitter:data1\" content=\"1 minut\" \/>\n<script type=\"application\/ld+json\" class=\"yoast-schema-graph\">{\"@context\":\"https:\\\/\\\/schema.org\",\"@graph\":[{\"@type\":\"WebPage\",\"@id\":\"https:\\\/\\\/wp.kristdemokraterna.se\\\/lund\\\/gunnar-bradvik-2\\\/\",\"url\":\"https:\\\/\\\/wp.kristdemokraterna.se\\\/lund\\\/gunnar-bradvik-2\\\/\",\"name\":\"Gunnar Br\u00e5dvik - Kristdemokraterna | Lund\",\"isPartOf\":{\"@id\":\"https:\\\/\\\/wp.kristdemokraterna.se\\\/lund\\\/#website\"},\"primaryImageOfPage\":{\"@id\":\"https:\\\/\\\/wp.kristdemokraterna.se\\\/lund\\\/gunnar-bradvik-2\\\/#primaryimage\"},\"image\":{\"@id\":\"https:\\\/\\\/wp.kristdemokraterna.se\\\/lund\\\/gunnar-bradvik-2\\\/#primaryimage\"},\"thumbnailUrl\":\"http:\\\/\\\/wp.kristdemokraterna.se\\\/lund\\\/files\\\/2023\\\/03\\\/dsc_9073-scaled-e1678270106290-223x300.jpg\",\"datePublished\":\"2023-03-08T10:15:08+00:00\",\"breadcrumb\":{\"@id\":\"https:\\\/\\\/wp.kristdemokraterna.se\\\/lund\\\/gunnar-bradvik-2\\\/#breadcrumb\"},\"inLanguage\":\"sv-SE\",\"potentialAction\":[{\"@type\":\"ReadAction\",\"target\":[\"https:\\\/\\\/wp.kristdemokraterna.se\\\/lund\\\/gunnar-bradvik-2\\\/\"]}]},{\"@type\":\"ImageObject\",\"inLanguage\":\"sv-SE\",\"@id\":\"https:\\\/\\\/wp.kristdemokraterna.se\\\/lund\\\/gunnar-bradvik-2\\\/#primaryimage\",\"url\":\"http:\\\/\\\/wp.kristdemokraterna.se\\\/lund\\\/files\\\/2023\\\/03\\\/dsc_9073-scaled-e1678270106290-223x300.jpg\",\"contentUrl\":\"http:\\\/\\\/wp.kristdemokraterna.se\\\/lund\\\/files\\\/2023\\\/03\\\/dsc_9073-scaled-e1678270106290-223x300.jpg\"},{\"@type\":\"BreadcrumbList\",\"@id\":\"https:\\\/\\\/wp.kristdemokraterna.se\\\/lund\\\/gunnar-bradvik-2\\\/#breadcrumb\",\"itemListElement\":[{\"@type\":\"ListItem\",\"position\":1,\"name\":\"Hem\",\"item\":\"https:\\\/\\\/wp.kristdemokraterna.se\\\/lund\\\/\"},{\"@type\":\"ListItem\",\"position\":2,\"name\":\"Gunnar Br\u00e5dvik\"}]},{\"@type\":\"WebSite\",\"@id\":\"https:\\\/\\\/wp.kristdemokraterna.se\\\/lund\\\/#website\",\"url\":\"https:\\\/\\\/wp.kristdemokraterna.se\\\/lund\\\/\",\"name\":\"Kristdemokraterna | Lund\",\"description\":\"\",\"inLanguage\":\"sv-SE\"}]}<\/script>\n<!-- \/ Yoast SEO plugin. -->","yoast_head_json":{"title":"Gunnar Br\u00e5dvik - Kristdemokraterna | Lund","robots":{"index":"index","follow":"follow","max-snippet":"max-snippet:-1","max-image-preview":"max-image-preview:large","max-video-preview":"max-video-preview:-1"},"canonical":"https:\/\/wp.kristdemokraterna.se\/lund\/gunnar-bradvik-2\/","og_locale":"sv_SE","og_type":"article","og_title":"Gunnar Br\u00e5dvik - Kristdemokraterna | Lund","og_description":"Gunnar Br\u00e5dvik Mitt namn \u00e4r Gunnar Br\u00e5dvik och jag \u00e4r ledamot i Kultur- och fritidsn\u00e4mnden f\u00f6r Kristdemokraterna i Lund. D\u00e4r verkar jag f\u00f6r ett rikare idrottsliv, ett levande kulturliv och arbetar f\u00f6r att st\u00e4rka stadens stadsdelsbibliotek. Lunds f\u00f6reningsliv \u00e4r en av de saker som g\u00f6r kommunen till en s\u00e5 bra stad att bo och leva L\u00e4s mer","og_url":"https:\/\/wp.kristdemokraterna.se\/lund\/gunnar-bradvik-2\/","og_site_name":"Kristdemokraterna | Lund","og_image":[{"url":"http:\/\/wp.kristdemokraterna.se\/lund\/files\/2023\/03\/dsc_9073-scaled-e1678270106290-223x300.jpg","type":"","width":"","height":""}],"twitter_card":"summary_large_image","twitter_misc":{"Ber\u00e4knad l\u00e4stid":"1 minut"},"schema":{"@context":"https:\/\/schema.org","@graph":[{"@type":"WebPage","@id":"https:\/\/wp.kristdemokraterna.se\/lund\/gunnar-bradvik-2\/","url":"https:\/\/wp.kristdemokraterna.se\/lund\/gunnar-bradvik-2\/","name":"Gunnar Br\u00e5dvik - Kristdemokraterna | Lund","isPartOf":{"@id":"https:\/\/wp.kristdemokraterna.se\/lund\/#website"},"primaryImageOfPage":{"@id":"https:\/\/wp.kristdemokraterna.se\/lund\/gunnar-bradvik-2\/#primaryimage"},"image":{"@id":"https:\/\/wp.kristdemokraterna.se\/lund\/gunnar-bradvik-2\/#primaryimage"},"thumbnailUrl":"http:\/\/wp.kristdemokraterna.se\/lund\/files\/2023\/03\/dsc_9073-scaled-e1678270106290-223x300.jpg","datePublished":"2023-03-08T10:15:08+00:00","breadcrumb":{"@id":"https:\/\/wp.kristdemokraterna.se\/lund\/gunnar-bradvik-2\/#breadcrumb"},"inLanguage":"sv-SE","potentialAction":[{"@type":"ReadAction","target":["https:\/\/wp.kristdemokraterna.se\/lund\/gunnar-bradvik-2\/"]}]},{"@type":"ImageObject","inLanguage":"sv-SE","@id":"https:\/\/wp.kristdemokraterna.se\/lund\/gunnar-bradvik-2\/#primaryimage","url":"http:\/\/wp.kristdemokraterna.se\/lund\/files\/2023\/03\/dsc_9073-scaled-e1678270106290-223x300.jpg","contentUrl":"http:\/\/wp.kristdemokraterna.se\/lund\/files\/2023\/03\/dsc_9073-scaled-e1678270106290-223x300.jpg"},{"@type":"BreadcrumbList","@id":"https:\/\/wp.kristdemokraterna.se\/lund\/gunnar-bradvik-2\/#breadcrumb","itemListElement":[{"@type":"ListItem","position":1,"name":"Hem","item":"https:\/\/wp.kristdemokraterna.se\/lund\/"},{"@type":"ListItem","position":2,"name":"Gunnar Br\u00e5dvik"}]},{"@type":"WebSite","@id":"https:\/\/wp.kristdemokraterna.se\/lund\/#website","url":"https:\/\/wp.kristdemokraterna.se\/lund\/","name":"Kristdemokraterna | Lund","description":"","inLanguage":"sv-SE"}]}},"_links":{"self":[{"href":"https:\/\/wp.kristdemokraterna.se\/lund\/wp-json\/wp\/v2\/pages\/3271","targetHints":{"allow":["GET"]}}],"collection":[{"href":"https:\/\/wp.kristdemokraterna.se\/lund\/wp-json\/wp\/v2\/pages"}],"about":[{"href":"https:\/\/wp.kristdemokraterna.se\/lund\/wp-json\/wp\/v2\/types\/page"}],"author":[{"embeddable":true,"href":"https:\/\/wp.kristdemokraterna.se\/lund\/wp-json\/wp\/v2\/users\/444"}],"replies":[{"embeddable":true,"href":"https:\/\/wp.kristdemokraterna.se\/lund\/wp-json\/wp\/v2\/comments?post=3271"}],"version-history":[{"count":0,"href":"https:\/\/wp.kristdemokraterna.se\/lund\/wp-json\/wp\/v2\/pages\/3271\/revisions"}],"wp:attachment":[{"href":"https:\/\/wp.kristdemokraterna.se\/lund\/wp-json\/wp\/v2\/media?parent=3271"}],"curies":[{"name":"wp","href":"https:\/\/api.w.org\/{rel}","templated":true}]}}