{"id":3425,"date":"2023-05-07T17:33:09","date_gmt":"2023-05-07T15:33:09","guid":{"rendered":"https:\/\/wp.kristdemokraterna.se\/lund\/?page_id=3425"},"modified":"2023-05-07T17:33:09","modified_gmt":"2023-05-07T15:33:09","slug":"stina-brannstrom-johansen","status":"publish","type":"page","link":"https:\/\/wp.kristdemokraterna.se\/lund\/stina-brannstrom-johansen\/","title":{"rendered":"Stina Br\u00e4nnstr\u00f6m Johansen"},"content":{"rendered":"<div id=\"attachment_3444\" style=\"width: 286px\" class=\"wp-caption alignnone\"><a href=\"http:\/\/wp.kristdemokraterna.se\/lund2\/files\/2023\/05\/stina_brannstrom_johansen_120327-e1683475570341.jpg\"><img loading=\"lazy\" decoding=\"async\" aria-describedby=\"caption-attachment-3444\" class=\"wp-image-3444 size-medium\" src=\"http:\/\/wp.kristdemokraterna.se\/lund2\/files\/2023\/05\/stina_brannstrom_johansen_120327-e1683475570341-276x300.jpg\" alt=\"\" width=\"276\" height=\"300\" srcset=\"https:\/\/wp.kristdemokraterna.se\/lund\/files\/2023\/05\/stina_brannstrom_johansen_120327-e1683475570341-276x300.jpg 276w, https:\/\/wp.kristdemokraterna.se\/lund\/files\/2023\/05\/stina_brannstrom_johansen_120327-e1683475570341-184x200.jpg 184w, https:\/\/wp.kristdemokraterna.se\/lund\/files\/2023\/05\/stina_brannstrom_johansen_120327-e1683475570341-280x305.jpg 280w, https:\/\/wp.kristdemokraterna.se\/lund\/files\/2023\/05\/stina_brannstrom_johansen_120327-e1683475570341-340x370.jpg 340w, https:\/\/wp.kristdemokraterna.se\/lund\/files\/2023\/05\/stina_brannstrom_johansen_120327-e1683475570341-239x260.jpg 239w, https:\/\/wp.kristdemokraterna.se\/lund\/files\/2023\/05\/stina_brannstrom_johansen_120327-e1683475570341-51x56.jpg 51w, https:\/\/wp.kristdemokraterna.se\/lund\/files\/2023\/05\/stina_brannstrom_johansen_120327-e1683475570341.jpg 363w\" sizes=\"auto, (max-width: 276px) 100vw, 276px\" \/><\/a><p id=\"caption-attachment-3444\" class=\"wp-caption-text\">Stina Br\u00e4nnstr\u00f6m Johansen<\/p><\/div>\n<h3><strong>Stina Br\u00e4nnstr\u00f6m\u00a0 Johansen<\/strong><\/h3>\n<p>\u00e4r vice\u00a0 ordf i KD Malm\u00f6. Hon har en omfattande mnedritlista, och arbetar nu som kurator p\u00e5 en stor skola i Malm\u00f6.\u00a0 H\u00e4r kommer n\u00e5gra stolpar fr\u00e5n hennes f\u00f6redrag\u00a0 i<\/p>\n<p><strong>FOKUS PSYKISK OH\u00c4LSA<\/strong><\/p>\n<p>M\u00e5nga barb\u00a0 m\u00e5r d\u00e5ligt. Just nu st\u00e5r 24.000 barn och unga i k\u00f6 till BUP. V\u00e4ntetiderna \u00e4r oacceptabelt l\u00e5nga<\/p>\n<p>Orsaker till psykisk oh\u00e4lsa \u00e4r inte helt l\u00e4tt att hitta, men Folkh\u00e4lsomydigheten menar att n\u00e5gra orsaker \u00e4r:<br \/>\n\u2022 Brister i skolans funktion<br \/>\n\u2022 Press p\u00e5 grund av de \u00f6kade kraven p\u00e5 arbetsmarknaden<\/p>\n<p>&nbsp;<\/p>\n<p>Skolan beh\u00f6ver st\u00e4rkas<br \/>\n<strong>En bra skola \u00e4r en av de st\u00f6rsta skyddsfaktorer ett barn har<\/strong><br \/>\nBara 80% procent av niorna fr\u00e5n Malm\u00f6 kom in p\u00e5 gymnasiet, dvs ung 700 malm\u00f6-elever hade inte godk\u00e4nda betyg Det finns l\u00e4rare som \u00e4r frestade att s\u00e4tta &#8221;sn\u00e4llbetyg&#8221; p\u00e5 eever f\u00f6r att de ska f\u00e5 en gymnasieplats de egentligen inte har betyg till. Men detta \u00e4r fel v\u00e4g: eleven kommer kanske in p\u00e5 gymnasiet, men klarar inte kraven och tvingas avbryta studierna, och upplever ett dubbelt misslyckande. <strong>Den r\u00e4tta v\u00e4gen \u00e4r att i st\u00e4llet satsa mer p\u00e5 skolan, mer p\u00e5 l\u00e4rarna.<\/strong><\/p>\n<p>J\u00e4mf\u00f6r man med Lund kommer \u00f6ver 90% av niorna i Lund in p\u00e5 gymnasiet<\/p>\n<p><strong>Sklan beh\u00f6ver st\u00e4rkas<\/strong><br \/>\n-Det fiins ett klart samband mellan l\u00e5ga skolprestationer och \u00f6kad risk f\u00f6r psykiska problem<br \/>\nAndra faktoreer som p\u00e5verkar negativt \u00e4r obbning i skolan, som \u00f6kar risken f\u00f6r d\u00e5ligt psykiskt m\u00e5ende<\/p>\n<p>Faktorer som <strong>minskar<\/strong> risken f\u00f6r psykisk oh\u00e4lsa i skolan: Kristdemokratisk politik och v\u00e4rdegrund:<br \/>\n1. L\u00e4rare som ger ett gott socialt st\u00f6d<br \/>\n2. En k\u00e4nsla av god samh\u00f6righet med skolan<\/p>\n<p>&nbsp;<\/p>\n<p><em><strong>Skolan beh\u00f6ver st\u00e4rkas:<\/strong><\/em><br \/>\n<em><strong>En god relation till en trygg vuxen som \u00e4r tydlig i sitt ledarskap i klassrummet skapar trygghet. Samverkan med hemmet \u00e4r viktigt. <\/strong><\/em><\/p>\n<p><em>Maxtak f\u00f6r hur m\u00e5nga elever som f\u00e5r finnas i en skolklass<\/em><br \/>\n<em>Maxtak f\u00f6r hur m\u00e5nga elever en kurator f\u00e5r ha ansvar f\u00f6r.<\/em><\/p>\n<p><a href=\"http:\/\/wp.kristdemokraterna.se\/lund2\/files\/2023\/05\/stina2-scaled-1.jpg\"><img loading=\"lazy\" decoding=\"async\" class=\"alignnone size-medium wp-image-3433\" src=\"http:\/\/wp.kristdemokraterna.se\/lund\/files\/2023\/05\/stina2-300x300.jpg\" alt=\"\" width=\"300\" height=\"300\" \/><\/a><\/p>\n<p><strong>MOBBNING<\/strong><br \/>\nSkiolor jobbar p\u00e5 olika s\u00e4tt: Antimobbningsprogram som Friends, Oleweus eller Farstametoden. Andra jobbar utifr\u00e5n skolans egna v\u00e4rdegrundsarbete.<br \/>\nViktigt att f\u00f6rankra antimobbningsmetoden bland l\u00e4rare och elever.<br \/>\nG\u00f6r grundliga unders\u00f6kningar om just din skolas utmaningar och problem. V\u00e4lj arbetsmetod efter denna research.<\/p>\n<p>F\u00f6r\u00e4ldrar &#8211; viktigaste skyddsfaktorn i ett barns liv<br \/>\nAnknytningsteorin<br \/>\nFlexibel f\u00f6r\u00e4ldraledighet Barnomsorgspeng<\/p>\n<p>Kvaliteten p\u00e5 f\u00f6rskolan &#8211; p\u00e5verkar barns utveckling<br \/>\n&#8211; 89% av alla tv\u00e5\u00e5ringar g\u00e5r i f\u00f6rskolan<br \/>\n&#8211;<strong> 55 procent av de allra minsta barnen g\u00e5r i grupper som \u00e4r l\u00e5ngt \u00f6ver Skolverkets rekommendationer.<\/strong><br \/>\n&#8211; max 11 barn i sm\u00e5barnsgrupperna &#8211; fokus p\u00e5 trygghet och anknytning<br \/>\n&#8211; Forskning visar att en uppv\u00e4xt med trygg anknytning g\u00f6r oss trygga som vuxna och ger b\u00e4ttre h\u00e4lsa<\/p>\n<p><a href=\"http:\/\/wp.kristdemokraterna.se\/lund2\/files\/2023\/05\/stina3.jpg\"><img loading=\"lazy\" decoding=\"async\" class=\"alignnone size-medium wp-image-3434\" src=\"http:\/\/wp.kristdemokraterna.se\/lund2\/files\/2023\/05\/stina3-265x300.jpg\" alt=\"\" width=\"265\" height=\"300\" srcset=\"https:\/\/wp.kristdemokraterna.se\/lund\/files\/2023\/05\/stina3-265x300.jpg 265w, https:\/\/wp.kristdemokraterna.se\/lund\/files\/2023\/05\/stina3-176x200.jpg 176w, https:\/\/wp.kristdemokraterna.se\/lund\/files\/2023\/05\/stina3-370x419.jpg 370w, https:\/\/wp.kristdemokraterna.se\/lund\/files\/2023\/05\/stina3-450x510.jpg 450w, https:\/\/wp.kristdemokraterna.se\/lund\/files\/2023\/05\/stina3-280x317.jpg 280w, https:\/\/wp.kristdemokraterna.se\/lund\/files\/2023\/05\/stina3-340x385.jpg 340w, https:\/\/wp.kristdemokraterna.se\/lund\/files\/2023\/05\/stina3-49x56.jpg 49w, https:\/\/wp.kristdemokraterna.se\/lund\/files\/2023\/05\/stina3.jpg 765w\" sizes=\"auto, (max-width: 265px) 100vw, 265px\" \/><\/a><\/p>\n<p><strong>L\u00e4r av Finland:\u00a0 <\/strong>Finland &#8221;kopierade&#8221; svensk skola p\u00e5 60 talet. D\u00e4refter har de inte \u00e4ndrat n\u00e5got, och d\u00e4rf\u00f6r har de idag en bra skola<\/p>\n<p><strong>L\u00e4r av Norge:\u00a0<\/strong> Norge beh\u00f6vs Masterexamen f\u00f6r att li k\u00e4rare. Kraven f\u00f6r att komma in p\u00e5 l\u00e4rarutbildnin st\u00e4rks. I Sverige g\u00f6r man tv\u00e4rtom: Kraven p\u00e5 l\u00e4rarna \u00e4r s\u00e5 l\u00e5ga att kunskaperna inte r\u00e4cker till f\u00f6r att kunna undervisa eleverna.<\/p>\n","protected":false},"excerpt":{"rendered":"<p>Stina Br\u00e4nnstr\u00f6m\u00a0 Johansen \u00e4r vice\u00a0 ordf i KD Malm\u00f6. Hon har en omfattande mnedritlista, och arbetar nu som kurator p\u00e5 en stor skola i Malm\u00f6.\u00a0 H\u00e4r kommer n\u00e5gra stolpar fr\u00e5n hennes f\u00f6redrag\u00a0 i FOKUS PSYKISK OH\u00c4LSA M\u00e5nga barb\u00a0 m\u00e5r d\u00e5ligt. Just nu st\u00e5r 24.000 barn och unga i k\u00f6 till BUP. V\u00e4ntetiderna \u00e4r oacceptabelt l\u00e5nga <a class=\"read-more-link\" href=\"https:\/\/wp.kristdemokraterna.se\/lund\/stina-brannstrom-johansen\/\">L\u00e4s mer<\/a><\/p>\n","protected":false},"author":444,"featured_media":0,"parent":0,"menu_order":0,"comment_status":"closed","ping_status":"closed","template":"","meta":{"_acf_changed":false,"footnotes":""},"class_list":["post-3425","page","type-page","status-publish","hentry"],"acf":[],"yoast_head":"<!-- This site is optimized with the Yoast SEO plugin v27.4 - https:\/\/yoast.com\/product\/yoast-seo-wordpress\/ -->\n<title>Stina Br\u00e4nnstr\u00f6m Johansen - Kristdemokraterna | Lund<\/title>\n<meta name=\"robots\" content=\"index, follow, max-snippet:-1, max-image-preview:large, max-video-preview:-1\" \/>\n<link rel=\"canonical\" href=\"https:\/\/wp.kristdemokraterna.se\/lund\/stina-brannstrom-johansen\/\" \/>\n<meta property=\"og:locale\" content=\"sv_SE\" \/>\n<meta property=\"og:type\" content=\"article\" \/>\n<meta property=\"og:title\" content=\"Stina Br\u00e4nnstr\u00f6m Johansen - Kristdemokraterna | Lund\" \/>\n<meta property=\"og:description\" content=\"Stina Br\u00e4nnstr\u00f6m\u00a0 Johansen \u00e4r vice\u00a0 ordf i KD Malm\u00f6. Hon har en omfattande mnedritlista, och arbetar nu som kurator p\u00e5 en stor skola i Malm\u00f6.\u00a0 H\u00e4r kommer n\u00e5gra stolpar fr\u00e5n hennes f\u00f6redrag\u00a0 i FOKUS PSYKISK OH\u00c4LSA M\u00e5nga barb\u00a0 m\u00e5r d\u00e5ligt. Just nu st\u00e5r 24.000 barn och unga i k\u00f6 till BUP. V\u00e4ntetiderna \u00e4r oacceptabelt l\u00e5nga L\u00e4s mer\" \/>\n<meta property=\"og:url\" content=\"https:\/\/wp.kristdemokraterna.se\/lund\/stina-brannstrom-johansen\/\" \/>\n<meta property=\"og:site_name\" content=\"Kristdemokraterna | Lund\" \/>\n<meta property=\"og:image\" content=\"http:\/\/wp.kristdemokraterna.se\/lund2\/files\/2023\/05\/stina_brannstrom_johansen_120327-e1683475570341-276x300.jpg\" \/>\n<meta name=\"twitter:card\" content=\"summary_large_image\" \/>\n<meta name=\"twitter:label1\" content=\"Ber\u00e4knad l\u00e4stid\" \/>\n\t<meta name=\"twitter:data1\" content=\"3 minuter\" \/>\n<script type=\"application\/ld+json\" class=\"yoast-schema-graph\">{\"@context\":\"https:\\\/\\\/schema.org\",\"@graph\":[{\"@type\":\"WebPage\",\"@id\":\"https:\\\/\\\/wp.kristdemokraterna.se\\\/lund\\\/stina-brannstrom-johansen\\\/\",\"url\":\"https:\\\/\\\/wp.kristdemokraterna.se\\\/lund\\\/stina-brannstrom-johansen\\\/\",\"name\":\"Stina Br\u00e4nnstr\u00f6m Johansen - Kristdemokraterna | Lund\",\"isPartOf\":{\"@id\":\"https:\\\/\\\/wp.kristdemokraterna.se\\\/lund\\\/#website\"},\"primaryImageOfPage\":{\"@id\":\"https:\\\/\\\/wp.kristdemokraterna.se\\\/lund\\\/stina-brannstrom-johansen\\\/#primaryimage\"},\"image\":{\"@id\":\"https:\\\/\\\/wp.kristdemokraterna.se\\\/lund\\\/stina-brannstrom-johansen\\\/#primaryimage\"},\"thumbnailUrl\":\"http:\\\/\\\/wp.kristdemokraterna.se\\\/lund2\\\/files\\\/2023\\\/05\\\/stina_brannstrom_johansen_120327-e1683475570341-276x300.jpg\",\"datePublished\":\"2023-05-07T15:33:09+00:00\",\"breadcrumb\":{\"@id\":\"https:\\\/\\\/wp.kristdemokraterna.se\\\/lund\\\/stina-brannstrom-johansen\\\/#breadcrumb\"},\"inLanguage\":\"sv-SE\",\"potentialAction\":[{\"@type\":\"ReadAction\",\"target\":[\"https:\\\/\\\/wp.kristdemokraterna.se\\\/lund\\\/stina-brannstrom-johansen\\\/\"]}]},{\"@type\":\"ImageObject\",\"inLanguage\":\"sv-SE\",\"@id\":\"https:\\\/\\\/wp.kristdemokraterna.se\\\/lund\\\/stina-brannstrom-johansen\\\/#primaryimage\",\"url\":\"http:\\\/\\\/wp.kristdemokraterna.se\\\/lund2\\\/files\\\/2023\\\/05\\\/stina_brannstrom_johansen_120327-e1683475570341-276x300.jpg\",\"contentUrl\":\"http:\\\/\\\/wp.kristdemokraterna.se\\\/lund2\\\/files\\\/2023\\\/05\\\/stina_brannstrom_johansen_120327-e1683475570341-276x300.jpg\"},{\"@type\":\"BreadcrumbList\",\"@id\":\"https:\\\/\\\/wp.kristdemokraterna.se\\\/lund\\\/stina-brannstrom-johansen\\\/#breadcrumb\",\"itemListElement\":[{\"@type\":\"ListItem\",\"position\":1,\"name\":\"Hem\",\"item\":\"https:\\\/\\\/wp.kristdemokraterna.se\\\/lund\\\/\"},{\"@type\":\"ListItem\",\"position\":2,\"name\":\"Stina Br\u00e4nnstr\u00f6m Johansen\"}]},{\"@type\":\"WebSite\",\"@id\":\"https:\\\/\\\/wp.kristdemokraterna.se\\\/lund\\\/#website\",\"url\":\"https:\\\/\\\/wp.kristdemokraterna.se\\\/lund\\\/\",\"name\":\"Kristdemokraterna | Lund\",\"description\":\"\",\"inLanguage\":\"sv-SE\"}]}<\/script>\n<!-- \/ Yoast SEO plugin. -->","yoast_head_json":{"title":"Stina Br\u00e4nnstr\u00f6m Johansen - Kristdemokraterna | Lund","robots":{"index":"index","follow":"follow","max-snippet":"max-snippet:-1","max-image-preview":"max-image-preview:large","max-video-preview":"max-video-preview:-1"},"canonical":"https:\/\/wp.kristdemokraterna.se\/lund\/stina-brannstrom-johansen\/","og_locale":"sv_SE","og_type":"article","og_title":"Stina Br\u00e4nnstr\u00f6m Johansen - Kristdemokraterna | Lund","og_description":"Stina Br\u00e4nnstr\u00f6m\u00a0 Johansen \u00e4r vice\u00a0 ordf i KD Malm\u00f6. Hon har en omfattande mnedritlista, och arbetar nu som kurator p\u00e5 en stor skola i Malm\u00f6.\u00a0 H\u00e4r kommer n\u00e5gra stolpar fr\u00e5n hennes f\u00f6redrag\u00a0 i FOKUS PSYKISK OH\u00c4LSA M\u00e5nga barb\u00a0 m\u00e5r d\u00e5ligt. Just nu st\u00e5r 24.000 barn och unga i k\u00f6 till BUP. V\u00e4ntetiderna \u00e4r oacceptabelt l\u00e5nga L\u00e4s mer","og_url":"https:\/\/wp.kristdemokraterna.se\/lund\/stina-brannstrom-johansen\/","og_site_name":"Kristdemokraterna | Lund","og_image":[{"url":"http:\/\/wp.kristdemokraterna.se\/lund2\/files\/2023\/05\/stina_brannstrom_johansen_120327-e1683475570341-276x300.jpg","type":"","width":"","height":""}],"twitter_card":"summary_large_image","twitter_misc":{"Ber\u00e4knad l\u00e4stid":"3 minuter"},"schema":{"@context":"https:\/\/schema.org","@graph":[{"@type":"WebPage","@id":"https:\/\/wp.kristdemokraterna.se\/lund\/stina-brannstrom-johansen\/","url":"https:\/\/wp.kristdemokraterna.se\/lund\/stina-brannstrom-johansen\/","name":"Stina Br\u00e4nnstr\u00f6m Johansen - Kristdemokraterna | Lund","isPartOf":{"@id":"https:\/\/wp.kristdemokraterna.se\/lund\/#website"},"primaryImageOfPage":{"@id":"https:\/\/wp.kristdemokraterna.se\/lund\/stina-brannstrom-johansen\/#primaryimage"},"image":{"@id":"https:\/\/wp.kristdemokraterna.se\/lund\/stina-brannstrom-johansen\/#primaryimage"},"thumbnailUrl":"http:\/\/wp.kristdemokraterna.se\/lund2\/files\/2023\/05\/stina_brannstrom_johansen_120327-e1683475570341-276x300.jpg","datePublished":"2023-05-07T15:33:09+00:00","breadcrumb":{"@id":"https:\/\/wp.kristdemokraterna.se\/lund\/stina-brannstrom-johansen\/#breadcrumb"},"inLanguage":"sv-SE","potentialAction":[{"@type":"ReadAction","target":["https:\/\/wp.kristdemokraterna.se\/lund\/stina-brannstrom-johansen\/"]}]},{"@type":"ImageObject","inLanguage":"sv-SE","@id":"https:\/\/wp.kristdemokraterna.se\/lund\/stina-brannstrom-johansen\/#primaryimage","url":"http:\/\/wp.kristdemokraterna.se\/lund2\/files\/2023\/05\/stina_brannstrom_johansen_120327-e1683475570341-276x300.jpg","contentUrl":"http:\/\/wp.kristdemokraterna.se\/lund2\/files\/2023\/05\/stina_brannstrom_johansen_120327-e1683475570341-276x300.jpg"},{"@type":"BreadcrumbList","@id":"https:\/\/wp.kristdemokraterna.se\/lund\/stina-brannstrom-johansen\/#breadcrumb","itemListElement":[{"@type":"ListItem","position":1,"name":"Hem","item":"https:\/\/wp.kristdemokraterna.se\/lund\/"},{"@type":"ListItem","position":2,"name":"Stina Br\u00e4nnstr\u00f6m Johansen"}]},{"@type":"WebSite","@id":"https:\/\/wp.kristdemokraterna.se\/lund\/#website","url":"https:\/\/wp.kristdemokraterna.se\/lund\/","name":"Kristdemokraterna | Lund","description":"","inLanguage":"sv-SE"}]}},"_links":{"self":[{"href":"https:\/\/wp.kristdemokraterna.se\/lund\/wp-json\/wp\/v2\/pages\/3425","targetHints":{"allow":["GET"]}}],"collection":[{"href":"https:\/\/wp.kristdemokraterna.se\/lund\/wp-json\/wp\/v2\/pages"}],"about":[{"href":"https:\/\/wp.kristdemokraterna.se\/lund\/wp-json\/wp\/v2\/types\/page"}],"author":[{"embeddable":true,"href":"https:\/\/wp.kristdemokraterna.se\/lund\/wp-json\/wp\/v2\/users\/444"}],"replies":[{"embeddable":true,"href":"https:\/\/wp.kristdemokraterna.se\/lund\/wp-json\/wp\/v2\/comments?post=3425"}],"version-history":[{"count":0,"href":"https:\/\/wp.kristdemokraterna.se\/lund\/wp-json\/wp\/v2\/pages\/3425\/revisions"}],"wp:attachment":[{"href":"https:\/\/wp.kristdemokraterna.se\/lund\/wp-json\/wp\/v2\/media?parent=3425"}],"curies":[{"name":"wp","href":"https:\/\/api.w.org\/{rel}","templated":true}]}}