{"id":3612,"date":"2024-01-06T15:16:32","date_gmt":"2024-01-06T14:16:32","guid":{"rendered":"https:\/\/wp.kristdemokraterna.se\/lund\/?page_id=3612"},"modified":"2024-01-06T15:16:32","modified_gmt":"2024-01-06T14:16:32","slug":"2023-en-tillbakablick","status":"publish","type":"page","link":"https:\/\/wp.kristdemokraterna.se\/lund\/2023-en-tillbakablick\/","title":{"rendered":"2023 &#8211; en ny politisk verklighet"},"content":{"rendered":"<p>N\u00e4r vi tagit oss igenom pandemin b\u00f6rjade m\u00e5nga andas ut. Sedan kom Rysslands anfallskrig mot Ukraina som f\u00e5tt stora ekonomiska konsekvenser f\u00f6r alla medlemsl\u00e4nder i EU, och har p\u00e5verkat m\u00e5nga samh\u00e4llssektorer. 2023 f\u00f6rv\u00e4rrades l\u00e4get genom terrorangreppet p\u00e5 Israel<\/p>\n<p>En ny f\u00f6rsvarspolitik har tagits fram i Sverige och vi har tvingats l\u00e4mna en mer \u00e4n 100-\u00e5rig tradition av fred och alliansfrihet f\u00f6r att s\u00f6ka medlemskap i f\u00f6rsvarsalliansen NATO. Globalt upplever vi hur demokratierna angrips av diktaturer med maktkoncentration, sj\u00e4lvf\u00f6rh\u00e4rligande och med obefintlig respekt f\u00f6r m\u00e4nniskov\u00e4rdet.<\/p>\n<p>L\u00f6gn och desinformation har alltid funnits, men har i IT-\u00e5ldern blivit ett nytt vapen som vi m\u00e5ste f\u00f6rh\u00e5lla oss till.<\/p>\n<p>I Sverige har fokus under \u00e5ret legat p\u00e5 f\u00f6rsvar, energif\u00f6rs\u00f6rjning, klimat, och bek\u00e4mpande av g\u00e4ngbrottsligheten. I kommuner och regioner har ekonomin blivit mycket anstr\u00e4ngd.<\/p>\n<p>Det \u00e4r p\u00e5 m\u00e5nga s\u00e4tt\u00a0 ett ganska m\u00f6rkt \u00e5r vi l\u00e4mnar bakom oss.<\/p>\n<p><strong>Nyorientering i politiken<\/strong><\/p>\n<p>De gamla blockgr\u00e4nserna fungerar inte alltid.\u00a0 Inget parti har l\u00e4ngre egen majoritet, och f\u00f6r att f\u00e5 igenom s\u00e5 mycket som m\u00f6jligt\u00a0 m\u00e5ste nya majoritetskonstellationer s\u00f6kas<\/p>\n<p>En orolig omv\u00e4rld och ett mycket anstr\u00e4ngt ekonomiskt l\u00e4ge gjorde att\u00a0 Kristdemokraterna i Lund tillsammans med M och S s\u00f6kte breda block\u00f6verskridande\u00a0 l\u00f6sningar.\u00a0 Med v\u00e5ra tv\u00e5 mandat fick KD representation i alla n\u00e4mnder utom 1, och vi fick v\u00e5rt f\u00f6rsta kommunalr\u00e5d.\u00a0 \u00a0De delar d\u00e4r vi inte var eniga h\u00f6lls utanf\u00f6r parti\u00f6verenskommelsen, och vi\u00a0 kunde\u00a0 d\u00e4rf\u00f6r v\u00e4cka motioner p\u00e5 dessa omr\u00e5den . F\u00f6r att f\u00e5 full majoritet valde vi v\u00e4nsterpartiet som st\u00f6d, och\u00a0 i b\u00f6rjan undrade vi , precis som de andra partierna hur allt skulle falla ut.\u00a0 Det vet vi nu. Det har fallit ut l\u00e5ngt \u00f6ver f\u00f6rv\u00e4ntan, och vi har kunnat f\u00e5 genomslag f\u00f6r v\u00e5r politik tillsammans med de andra. Kommunfullm\u00e4ktige \u00e4gnar sig nu \u00e5t sakpolitik,\u00a0 ideologierna spelar roll som tidigare, men alla \u00e4r villiga att gemensamt arbeta f\u00f6r lundabornas\u00a0 b\u00e4sta.<\/p>\n<p><a href=\"http:\/\/wp.kristdemokraterna.se\/lund2\/files\/2024\/02\/fb_img_17048140394322-1.jpg\"><img loading=\"lazy\" decoding=\"async\" class=\"alignnone size-medium wp-image-3734\" src=\"http:\/\/wp.kristdemokraterna.se\/lund2\/files\/2024\/02\/fb_img_17048140394322-1-290x300.jpg\" alt=\"\" width=\"290\" height=\"300\" srcset=\"https:\/\/wp.kristdemokraterna.se\/lund\/files\/2024\/02\/fb_img_17048140394322-1-290x300.jpg 290w, https:\/\/wp.kristdemokraterna.se\/lund\/files\/2024\/02\/fb_img_17048140394322-1-193x200.jpg 193w, https:\/\/wp.kristdemokraterna.se\/lund\/files\/2024\/02\/fb_img_17048140394322-1-370x383.jpg 370w, https:\/\/wp.kristdemokraterna.se\/lund\/files\/2024\/02\/fb_img_17048140394322-1-450x465.jpg 450w, https:\/\/wp.kristdemokraterna.se\/lund\/files\/2024\/02\/fb_img_17048140394322-1-280x290.jpg 280w, https:\/\/wp.kristdemokraterna.se\/lund\/files\/2024\/02\/fb_img_17048140394322-1-340x352.jpg 340w, https:\/\/wp.kristdemokraterna.se\/lund\/files\/2024\/02\/fb_img_17048140394322-1-54x56.jpg 54w, https:\/\/wp.kristdemokraterna.se\/lund\/files\/2024\/02\/fb_img_17048140394322-1.jpg 703w\" sizes=\"auto, (max-width: 290px) 100vw, 290px\" \/><\/a><\/p>\n<p>V\u00e5rt kommunalr\u00e5d <strong>Hedvig \u00c5kesson\u00a0\u00a0<\/strong>ryckte in som ordf\u00f6rande f\u00f6r en dag i KS<\/p>\n<p>S\u00e5 h\u00e4r tycker n\u00e5gra av v\u00e5ra f\u00f6retr\u00e4dare i n\u00e4mnderna.<\/p>\n<div id=\"attachment_3395\" style=\"width: 210px\" class=\"wp-caption alignnone\"><a href=\"http:\/\/wp.kristdemokraterna.se\/lund2\/files\/2023\/05\/339123639_1423084568434470_6238578823087879483_n.jpg\"><img loading=\"lazy\" decoding=\"async\" aria-describedby=\"caption-attachment-3395\" class=\"wp-image-3395\" src=\"http:\/\/wp.kristdemokraterna.se\/lund2\/files\/2023\/05\/339123639_1423084568434470_6238578823087879483_n-300x300.jpg\" alt=\"\" width=\"200\" height=\"200\" srcset=\"https:\/\/wp.kristdemokraterna.se\/lund\/files\/2023\/05\/339123639_1423084568434470_6238578823087879483_n-300x300.jpg 300w, https:\/\/wp.kristdemokraterna.se\/lund\/files\/2023\/05\/339123639_1423084568434470_6238578823087879483_n-1024x1024.jpg 1024w, https:\/\/wp.kristdemokraterna.se\/lund\/files\/2023\/05\/339123639_1423084568434470_6238578823087879483_n-150x150.jpg 150w, https:\/\/wp.kristdemokraterna.se\/lund\/files\/2023\/05\/339123639_1423084568434470_6238578823087879483_n-768x769.jpg 768w, https:\/\/wp.kristdemokraterna.se\/lund\/files\/2023\/05\/339123639_1423084568434470_6238578823087879483_n-200x200.jpg 200w, https:\/\/wp.kristdemokraterna.se\/lund\/files\/2023\/05\/339123639_1423084568434470_6238578823087879483_n-370x370.jpg 370w, https:\/\/wp.kristdemokraterna.se\/lund\/files\/2023\/05\/339123639_1423084568434470_6238578823087879483_n-90x90.jpg 90w, https:\/\/wp.kristdemokraterna.se\/lund\/files\/2023\/05\/339123639_1423084568434470_6238578823087879483_n-770x771.jpg 770w, https:\/\/wp.kristdemokraterna.se\/lund\/files\/2023\/05\/339123639_1423084568434470_6238578823087879483_n-450x450.jpg 450w, https:\/\/wp.kristdemokraterna.se\/lund\/files\/2023\/05\/339123639_1423084568434470_6238578823087879483_n-280x280.jpg 280w, https:\/\/wp.kristdemokraterna.se\/lund\/files\/2023\/05\/339123639_1423084568434470_6238578823087879483_n-340x340.jpg 340w, https:\/\/wp.kristdemokraterna.se\/lund\/files\/2023\/05\/339123639_1423084568434470_6238578823087879483_n-56x56.jpg 56w, https:\/\/wp.kristdemokraterna.se\/lund\/files\/2023\/05\/339123639_1423084568434470_6238578823087879483_n.jpg 1386w\" sizes=\"auto, (max-width: 200px) 100vw, 200px\" \/><\/a><p id=\"caption-attachment-3395\" class=\"wp-caption-text\"><strong>Elias B, Johansson<\/strong> Ledamot i Barn och Skoln\u00e4mnden<\/p><\/div>\n<p><em>Lund \u00e4r en fantastisk skolkommun och vi kan vara stolta \u00f6ver att ha s\u00e5 fina skolor med kompetenta medarbetare. Resultaten och trivseln \u00e4r fortsatt h\u00f6g vilket \u00e4r gl\u00e4djande. \u00a0F\u00f6r min och KD:s del har barnen alltid legat i fokus. Det \u00e4r i f\u00f6rsta hand dem vi arbetar f\u00f6r. Att se varje barn som en individ och inte bara som siffror i statistik och diverse presentationer \u00e4r otroligt viktigt. Tillsammans med styret har vi satsar mer p\u00e5 fysiska l\u00e4romedel f\u00f6r att fler elever ska f\u00e5 tillg\u00e5ng till b\u00f6cker och inte bara digitala l\u00e4romedel, en satsning p\u00e5 20 miljoner kronor till fler l\u00e4rare och en ny strategi f\u00f6r att f\u00e5 hemmasittande elever tillbaka till skolan och 10 miljoner extra pengar till bland annat skolmaten. Viktiga satsningar som kommer att g\u00f6ra skillnad f\u00f6r v\u00e5ra elever.\u00a0<\/em><\/p>\n<p><em>2023 har ocks\u00e5 varit ett \u00e5r som pr\u00e4glats av ekonomiskt ansvarstagande i en orolig ekonomisk tid. Lund och m\u00e5nga andra kommuner st\u00e5r inf\u00f6r vikande barnaf\u00f6dande och ett stort \u00f6verskott av skolplatser, vilket har lett till att vi genomf\u00f6rt en rad lokalf\u00f6r\u00e4ndringar under vintern. Jag k\u00e4nner mig trygg i att dessa lokalf\u00f6r\u00e4ndringar kommer att landa v\u00e4l, vi har som sagt fantastiska verksamheter i v\u00e5r kommun som st\u00e5r redo att ta emot elever fr\u00e5n skolor d\u00e4r intagen stoppas. Det r\u00f6r bland annat Oskarskolan, M\u00e5rtenskolan och Apelskolan.<\/em><\/p>\n<p><em>Jag tackar f\u00f6r 2023 och ser fram emot 2024 och att fortsatt f\u00e5 arbeta f\u00f6r alla Lunds barn och unga.\u00a0<\/em><\/p>\n<p style=\"text-align: center\">***<\/p>\n<div id=\"attachment_3473\" style=\"width: 210px\" class=\"wp-caption alignnone\"><a href=\"http:\/\/wp.kristdemokraterna.se\/lund\/files\/2023\/05\/johannaz-2-scaled-e1685362937947.jpg\"><img loading=\"lazy\" decoding=\"async\" aria-describedby=\"caption-attachment-3473\" class=\"wp-image-3473\" src=\"http:\/\/wp.kristdemokraterna.se\/lund\/files\/2023\/05\/johannaz-2-scaled-e1685362937947-265x300.jpg\" alt=\"\" width=\"200\" height=\"200\" \/><\/a><p id=\"caption-attachment-3473\" class=\"wp-caption-text\"><strong>Johanna Rosen\u00a0<\/strong> \u00a0 \u00a0 \u00a0 \u00a0 \u00a0 \u00a0 \u00a0 \u00a0 \u00a0 \u00a0 \u00a0 \u00a01ste vice ordf i Milj\u00f6n\u00e4mnden\u00a0 \u00a0 \u00a0ers Konnunfullm\u00e4ktige<\/p><\/div>\n<p><em>\u00c5ret i milj\u00f6n\u00e4mnden har pr\u00e4glats av milj\u00f6engagemang och samarbete fr\u00e5n alla partier. Vi har uppdaterat den viktiga kemikalieplanen, genomf\u00f6rt luftm\u00e4tningar p\u00e5 9 f\u00f6rskolor, varit\u00a0 v\u00e4rdar f\u00f6r Sveriges Milj\u00f6kommuner med Milj\u00f6dagar och program med fokus p\u00e5 h\u00e5llbarhet och energif\u00f6rs\u00f6rjning. Varje detaljplan har\u00a0 granskats med tyngdpunkt p\u00e5 dagvattenhantering, gr\u00f6na tak och buller. \u00c5ret har pr\u00e4glats av en god samarbetsvilja d\u00e4r KD, S och Moderaterna dragit \u00e5t samma h\u00e5ll.<\/em><\/p>\n<p style=\"text-align: center\">**<\/p>\n<div id=\"attachment_3354\" style=\"width: 210px\" class=\"wp-caption alignnone\"><a href=\"http:\/\/wp.kristdemokraterna.se\/lund\/files\/2023\/03\/hamilton-region-scaled.jpg\"><img loading=\"lazy\" decoding=\"async\" aria-describedby=\"caption-attachment-3354\" class=\"wp-image-3354\" src=\"http:\/\/wp.kristdemokraterna.se\/lund\/files\/2023\/03\/hamilton-region-214x300.jpg\" alt=\"\" width=\"200\" height=\"280\" \/><\/a><p id=\"caption-attachment-3354\" class=\"wp-caption-text\"><strong>Gustaf Hamilton\u00a0<\/strong> \u00a0 \u00a0 \u00a0 \u00a0 \u00a0 \u00a0 \u00a0 ledamot i Byggnadsn\u00e4mnden<\/p><\/div>\n<p><em>I Byggnadsn\u00e4mnden har KD suttit med i gruppen av S och M. Med KD:s ambition att inte planera f\u00f6r byggnation p\u00e5 \u00e5kermark har KDs r\u00f6st blivit h\u00f6rd. Dels i \u00f6versiktsplaneringen, dels i utf\u00f6randet av detaljplanerna. KD har ocks\u00e5 st\u00f6ttat S och M med att f\u00f6rt\u00e4ta d\u00e4r det g\u00e5r i byarna och i Lund. -En eloge till tj\u00e4nstem\u00e4nnen i deras f\u00f6rs\u00f6k att hitta platser att f\u00f6rt\u00e4ta p\u00e5 i Lunds kommun! I \u00f6vrigt har KD vid ett flertal tillf\u00e4llen p\u00e5pekat att byggnation\u00a0 i sig inte \u00e4r ett sj\u00e4lv\u00e4ndam\u00e5l. Stadens uttbygnadstakt b\u00f6r \u00f6verv\u00e4gas.<\/em><\/p>\n<p><em>KD:s r\u00f6st g\u00f6r sig h\u00f6rd!<\/em><\/p>\n<p>&nbsp;<\/p>\n<div id=\"attachment_3591\" style=\"width: 215px\" class=\"wp-caption alignnone\"><a href=\"http:\/\/wp.kristdemokraterna.se\/lund2\/files\/2023\/11\/45728301_10205462434678325_3281931630683357184_n-e1739872564159.jpg\"><img loading=\"lazy\" decoding=\"async\" aria-describedby=\"caption-attachment-3591\" class=\"wp-image-3591\" src=\"http:\/\/wp.kristdemokraterna.se\/lund\/files\/2023\/11\/45728301_10205462434678325_3281931630683357184_n-300x300.jpg\" alt=\"\" width=\"205\" height=\"205\" \/><\/a><p id=\"caption-attachment-3591\" class=\"wp-caption-text\"><strong>Gunnar Br\u00e5dvik\u00a0<\/strong> \u00a0ledamot\u00a0 \u00a0 \u00a0 \u00a0Kultur och Fritidsn\u00e5mnden\u00a0 \u00a0 \u00a0 \u00a0 \u00a0 \u00a0 ers Kommunstyrelsen<\/p><\/div>\n<div><em>Det har varit m\u00e5nga diskussioner om kulturarrangemang i Kultur- och fritidsn\u00e4mnden. I b\u00f6rjan av \u00e5ret avskaffade SM med st\u00f6d av L konstutskottet i n\u00e4mnden, varf\u00f6r f\u00f6rvaltningen nu har fri hand att k\u00f6pa in konst f\u00f6r miljontals skattekronor utan att politikerna eller allm\u00e4nheten kan vara med och p\u00e5verka konstink\u00f6pen.<\/em><\/div>\n<div><\/div>\n<div><em>En annan omdebatterad fr\u00e5ga har varit stadshallen. Efter renoveringen av denna visade det sig att stadsorkestern inte l\u00e4ngre kunde h\u00e5lla sina konserter d\u00e4r. KD har tillsammans med Mp och FNL drivit att man ska utreda hur man skulle kunna \u00e5terst\u00e4lla scenen i stadshallen. Tyv\u00e4rr har vi \u00e4nnu inte f\u00e5tt n\u00e5got geh\u00f6r f\u00f6r detta fr\u00e5n \u00f6vriga partier, med undantag f\u00f6r V.<\/em><\/div>\n<div><\/div>\n<div><\/div>\n<div>*<\/div>\n<div><\/div>\n<div><\/div>\n<div>\n<div id=\"attachment_3668\" style=\"width: 210px\" class=\"wp-caption alignnone\"><a href=\"http:\/\/wp.kristdemokraterna.se\/lund2\/files\/2024\/01\/gunnar-linde.jpg\"><img loading=\"lazy\" decoding=\"async\" aria-describedby=\"caption-attachment-3668\" class=\"wp-image-3668\" src=\"http:\/\/wp.kristdemokraterna.se\/lund2\/files\/2024\/01\/gunnar-linde-248x300.jpg\" alt=\"\" width=\"200\" height=\"242\" srcset=\"https:\/\/wp.kristdemokraterna.se\/lund\/files\/2024\/01\/gunnar-linde-248x300.jpg 248w, https:\/\/wp.kristdemokraterna.se\/lund\/files\/2024\/01\/gunnar-linde-846x1024.jpg 846w, https:\/\/wp.kristdemokraterna.se\/lund\/files\/2024\/01\/gunnar-linde-768x930.jpg 768w, https:\/\/wp.kristdemokraterna.se\/lund\/files\/2024\/01\/gunnar-linde-165x200.jpg 165w, https:\/\/wp.kristdemokraterna.se\/lund\/files\/2024\/01\/gunnar-linde-370x448.jpg 370w, https:\/\/wp.kristdemokraterna.se\/lund\/files\/2024\/01\/gunnar-linde-770x932.jpg 770w, https:\/\/wp.kristdemokraterna.se\/lund\/files\/2024\/01\/gunnar-linde-450x545.jpg 450w, https:\/\/wp.kristdemokraterna.se\/lund\/files\/2024\/01\/gunnar-linde-280x339.jpg 280w, https:\/\/wp.kristdemokraterna.se\/lund\/files\/2024\/01\/gunnar-linde-340x412.jpg 340w, https:\/\/wp.kristdemokraterna.se\/lund\/files\/2024\/01\/gunnar-linde-46x56.jpg 46w, https:\/\/wp.kristdemokraterna.se\/lund\/files\/2024\/01\/gunnar-linde.jpg 1212w\" sizes=\"auto, (max-width: 200px) 100vw, 200px\" \/><\/a><p id=\"caption-attachment-3668\" class=\"wp-caption-text\"><strong>Gunnar Linde<\/strong> ledamot tekn n\u00e4mnden<\/p><\/div>\n<div>\n<p>H\u00e4r \u00e4r n\u00e5gra axplock fr\u00e5n \u00e5ret:<\/p>\n<p><em>Tekniska n\u00e4mnden beslutade om en ny Trafiks\u00e4kerhetsstrategi f\u00f6r 2024-2027 med fem fokusomr\u00e5den. S\u00e4ker g\u00e5ngtrafik, s\u00e4ker cykeltrafik, s\u00e4ker motorfordonstrafik, s\u00e4ker sp\u00e5rv\u00e4g samt ungas r\u00e4tt till s\u00e4ker mobilitet.<\/em><\/p>\n<p><em>Nya resevillkor f\u00f6r f\u00e4rdtj\u00e4nsten beslutades.<\/em><\/p>\n<\/div>\n<div>\n<p><em>En del av Vildandsparken st\u00e5r \u00f6vergiven sedan en f\u00f6rskola revs. N\u00e4mnden beslutade att ytan ska iordningst\u00e4llas som parkmark under 2024.<\/em><\/p>\n<p><em>N\u00e4mnden tog beslut att ge f\u00f6rvaltningen i uppdrag att handla upp entreprenad f\u00f6r att bygga temalekplatsen Tippen p\u00e5 Sankt Hans backar.<\/em><\/p>\n<p><em>Den ombyggda amfiteatern p\u00e5 Sankt Hans backar invigdes den 17 juni.<\/em><\/p>\n<p><em>Tekn f\u00f6r fick i uppdrag att bygga tre nya utegym p\u00e5 N\u00f6bbel\u00f6v, i Per Johans park\/V\u00e4rpinge och p\u00e5 \u00d6stra torn<\/em><\/p>\n<p><em>Tekn dir har f\u00e5tt i uppdrag att f\u00f6rhandla med Trafikverket om \u00f6vertagande av v\u00e4gh\u00e5llaransvaret f\u00f6r genomfartsv\u00e4garna i S\u00f6dra Sandy att underteckna och Genarp. Detta f\u00f6r att fram\u00f6ver kunna skapa s\u00e4krare trafikmilj\u00f6 f\u00f6r oskyddade trafikanter. Vi<\/em><em>\u00a0beslutade att en dialog om hastighetsbegr\u00e4nsningar i Revinge by ska genomf\u00f6rs. Medborgarna i Revinge by har haft m\u00f6jlighet att inkomma med\u00a0 synpunkter p\u00e5 det utarbetade f\u00f6rslaget att inf\u00f6ra hastighetsbegr\u00e4nsningar 30 och 40 km\/h i Revinge by.<\/em><\/p>\n<\/div>\n<\/div>\n<p>&nbsp;<\/p>\n<div id=\"attachment_3673\" style=\"width: 209px\" class=\"wp-caption alignnone\"><a href=\"http:\/\/wp.kristdemokraterna.se\/lund2\/files\/2024\/02\/dan-backman-2-e1706786430833.jpeg\"><img loading=\"lazy\" decoding=\"async\" aria-describedby=\"caption-attachment-3673\" class=\"wp-image-3673\" src=\"http:\/\/wp.kristdemokraterna.se\/lund2\/files\/2024\/02\/dan-backman-2-e1706786430833-235x300.jpeg\" alt=\"\" width=\"199\" height=\"254\" srcset=\"https:\/\/wp.kristdemokraterna.se\/lund\/files\/2024\/02\/dan-backman-2-e1706786430833-235x300.jpeg 235w, https:\/\/wp.kristdemokraterna.se\/lund\/files\/2024\/02\/dan-backman-2-e1706786430833-156x200.jpeg 156w, https:\/\/wp.kristdemokraterna.se\/lund\/files\/2024\/02\/dan-backman-2-e1706786430833-370x473.jpeg 370w, https:\/\/wp.kristdemokraterna.se\/lund\/files\/2024\/02\/dan-backman-2-e1706786430833-450x575.jpeg 450w, https:\/\/wp.kristdemokraterna.se\/lund\/files\/2024\/02\/dan-backman-2-e1706786430833-280x358.jpeg 280w, https:\/\/wp.kristdemokraterna.se\/lund\/files\/2024\/02\/dan-backman-2-e1706786430833-340x435.jpeg 340w, https:\/\/wp.kristdemokraterna.se\/lund\/files\/2024\/02\/dan-backman-2-e1706786430833-44x56.jpeg 44w, https:\/\/wp.kristdemokraterna.se\/lund\/files\/2024\/02\/dan-backman-2-e1706786430833.jpeg 685w\" sizes=\"auto, (max-width: 199px) 100vw, 199px\" \/><\/a><p id=\"caption-attachment-3673\" class=\"wp-caption-text\"><strong>Dan Backman<\/strong> ledamot V\u00e5rd och Omsorgsn\u00e4mnden<\/p><\/div>\n<p>Samarbetet i n\u00e4mnden har varit utan problem.\u00a0 Kommunens satsning p\u00e5 arbetsmarknads\u00e5tg\u00e4rder \u00e4r v\u00e4rd att framh\u00e5lla och p\u00e5verkar n\u00e4mndens verksamhet positivt.\u00a0 Undersk\u00f6terskorna har f\u00e5tt en skyddad titel och i v\u00e5r kommun har de f\u00e5tt\u00a0 ett v\u00e4lkommet ekonomiskt extratillskott. L\u00f6s min ins\u00e4ndare om spr\u00e5kkunskaper i v\u00e5rden\u00a0 i <a href=\"https:\/\/www.sydsvenskan.se\/2023-06-17\/kd-sakerstall-kunskaper-i-svenska-i-omsorgen\">Sydsvenskan\u00a0<\/a><\/p>\n","protected":false},"excerpt":{"rendered":"<p>N\u00e4r vi tagit oss igenom pandemin b\u00f6rjade m\u00e5nga andas ut. Sedan kom Rysslands anfallskrig mot Ukraina som f\u00e5tt stora ekonomiska konsekvenser f\u00f6r alla medlemsl\u00e4nder i EU, och har p\u00e5verkat m\u00e5nga samh\u00e4llssektorer. 2023 f\u00f6rv\u00e4rrades l\u00e4get genom terrorangreppet p\u00e5 Israel En ny f\u00f6rsvarspolitik har tagits fram i Sverige och vi har tvingats l\u00e4mna en mer \u00e4n 100-\u00e5rig <a class=\"read-more-link\" href=\"https:\/\/wp.kristdemokraterna.se\/lund\/2023-en-tillbakablick\/\">L\u00e4s mer<\/a><\/p>\n","protected":false},"author":444,"featured_media":0,"parent":0,"menu_order":0,"comment_status":"closed","ping_status":"closed","template":"","meta":{"_acf_changed":false,"footnotes":""},"class_list":["post-3612","page","type-page","status-publish","hentry"],"acf":[],"yoast_head":"<!-- This site is optimized with the Yoast SEO plugin v27.4 - https:\/\/yoast.com\/product\/yoast-seo-wordpress\/ -->\n<title>2023 - en ny politisk verklighet - Kristdemokraterna | Lund<\/title>\n<meta name=\"robots\" content=\"index, follow, max-snippet:-1, max-image-preview:large, max-video-preview:-1\" \/>\n<link rel=\"canonical\" href=\"https:\/\/wp.kristdemokraterna.se\/lund\/2023-en-tillbakablick\/\" \/>\n<meta property=\"og:locale\" content=\"sv_SE\" \/>\n<meta property=\"og:type\" content=\"article\" \/>\n<meta property=\"og:title\" content=\"2023 - en ny politisk verklighet - Kristdemokraterna | Lund\" \/>\n<meta property=\"og:description\" content=\"N\u00e4r vi tagit oss igenom pandemin b\u00f6rjade m\u00e5nga andas ut. Sedan kom Rysslands anfallskrig mot Ukraina som f\u00e5tt stora ekonomiska konsekvenser f\u00f6r alla medlemsl\u00e4nder i EU, och har p\u00e5verkat m\u00e5nga samh\u00e4llssektorer. 2023 f\u00f6rv\u00e4rrades l\u00e4get genom terrorangreppet p\u00e5 Israel En ny f\u00f6rsvarspolitik har tagits fram i Sverige och vi har tvingats l\u00e4mna en mer \u00e4n 100-\u00e5rig L\u00e4s mer\" \/>\n<meta property=\"og:url\" content=\"https:\/\/wp.kristdemokraterna.se\/lund\/2023-en-tillbakablick\/\" \/>\n<meta property=\"og:site_name\" content=\"Kristdemokraterna | Lund\" \/>\n<meta property=\"og:image\" content=\"http:\/\/wp.kristdemokraterna.se\/lund2\/files\/2024\/02\/fb_img_17048140394322-1-290x300.jpg\" \/>\n<meta name=\"twitter:card\" content=\"summary_large_image\" \/>\n<meta name=\"twitter:label1\" content=\"Ber\u00e4knad l\u00e4stid\" \/>\n\t<meta name=\"twitter:data1\" content=\"7 minuter\" \/>\n<script type=\"application\/ld+json\" class=\"yoast-schema-graph\">{\"@context\":\"https:\\\/\\\/schema.org\",\"@graph\":[{\"@type\":\"WebPage\",\"@id\":\"https:\\\/\\\/wp.kristdemokraterna.se\\\/lund\\\/2023-en-tillbakablick\\\/\",\"url\":\"https:\\\/\\\/wp.kristdemokraterna.se\\\/lund\\\/2023-en-tillbakablick\\\/\",\"name\":\"2023 - en ny politisk verklighet - Kristdemokraterna | Lund\",\"isPartOf\":{\"@id\":\"https:\\\/\\\/wp.kristdemokraterna.se\\\/lund\\\/#website\"},\"primaryImageOfPage\":{\"@id\":\"https:\\\/\\\/wp.kristdemokraterna.se\\\/lund\\\/2023-en-tillbakablick\\\/#primaryimage\"},\"image\":{\"@id\":\"https:\\\/\\\/wp.kristdemokraterna.se\\\/lund\\\/2023-en-tillbakablick\\\/#primaryimage\"},\"thumbnailUrl\":\"http:\\\/\\\/wp.kristdemokraterna.se\\\/lund2\\\/files\\\/2024\\\/02\\\/fb_img_17048140394322-1-290x300.jpg\",\"datePublished\":\"2024-01-06T14:16:32+00:00\",\"breadcrumb\":{\"@id\":\"https:\\\/\\\/wp.kristdemokraterna.se\\\/lund\\\/2023-en-tillbakablick\\\/#breadcrumb\"},\"inLanguage\":\"sv-SE\",\"potentialAction\":[{\"@type\":\"ReadAction\",\"target\":[\"https:\\\/\\\/wp.kristdemokraterna.se\\\/lund\\\/2023-en-tillbakablick\\\/\"]}]},{\"@type\":\"ImageObject\",\"inLanguage\":\"sv-SE\",\"@id\":\"https:\\\/\\\/wp.kristdemokraterna.se\\\/lund\\\/2023-en-tillbakablick\\\/#primaryimage\",\"url\":\"http:\\\/\\\/wp.kristdemokraterna.se\\\/lund2\\\/files\\\/2024\\\/02\\\/fb_img_17048140394322-1-290x300.jpg\",\"contentUrl\":\"http:\\\/\\\/wp.kristdemokraterna.se\\\/lund2\\\/files\\\/2024\\\/02\\\/fb_img_17048140394322-1-290x300.jpg\"},{\"@type\":\"BreadcrumbList\",\"@id\":\"https:\\\/\\\/wp.kristdemokraterna.se\\\/lund\\\/2023-en-tillbakablick\\\/#breadcrumb\",\"itemListElement\":[{\"@type\":\"ListItem\",\"position\":1,\"name\":\"Hem\",\"item\":\"https:\\\/\\\/wp.kristdemokraterna.se\\\/lund\\\/\"},{\"@type\":\"ListItem\",\"position\":2,\"name\":\"2023 &#8211; en ny politisk verklighet\"}]},{\"@type\":\"WebSite\",\"@id\":\"https:\\\/\\\/wp.kristdemokraterna.se\\\/lund\\\/#website\",\"url\":\"https:\\\/\\\/wp.kristdemokraterna.se\\\/lund\\\/\",\"name\":\"Kristdemokraterna | Lund\",\"description\":\"\",\"inLanguage\":\"sv-SE\"}]}<\/script>\n<!-- \/ Yoast SEO plugin. -->","yoast_head_json":{"title":"2023 - en ny politisk verklighet - Kristdemokraterna | Lund","robots":{"index":"index","follow":"follow","max-snippet":"max-snippet:-1","max-image-preview":"max-image-preview:large","max-video-preview":"max-video-preview:-1"},"canonical":"https:\/\/wp.kristdemokraterna.se\/lund\/2023-en-tillbakablick\/","og_locale":"sv_SE","og_type":"article","og_title":"2023 - en ny politisk verklighet - Kristdemokraterna | Lund","og_description":"N\u00e4r vi tagit oss igenom pandemin b\u00f6rjade m\u00e5nga andas ut. Sedan kom Rysslands anfallskrig mot Ukraina som f\u00e5tt stora ekonomiska konsekvenser f\u00f6r alla medlemsl\u00e4nder i EU, och har p\u00e5verkat m\u00e5nga samh\u00e4llssektorer. 2023 f\u00f6rv\u00e4rrades l\u00e4get genom terrorangreppet p\u00e5 Israel En ny f\u00f6rsvarspolitik har tagits fram i Sverige och vi har tvingats l\u00e4mna en mer \u00e4n 100-\u00e5rig L\u00e4s mer","og_url":"https:\/\/wp.kristdemokraterna.se\/lund\/2023-en-tillbakablick\/","og_site_name":"Kristdemokraterna | Lund","og_image":[{"url":"http:\/\/wp.kristdemokraterna.se\/lund2\/files\/2024\/02\/fb_img_17048140394322-1-290x300.jpg","type":"","width":"","height":""}],"twitter_card":"summary_large_image","twitter_misc":{"Ber\u00e4knad l\u00e4stid":"7 minuter"},"schema":{"@context":"https:\/\/schema.org","@graph":[{"@type":"WebPage","@id":"https:\/\/wp.kristdemokraterna.se\/lund\/2023-en-tillbakablick\/","url":"https:\/\/wp.kristdemokraterna.se\/lund\/2023-en-tillbakablick\/","name":"2023 - en ny politisk verklighet - Kristdemokraterna | Lund","isPartOf":{"@id":"https:\/\/wp.kristdemokraterna.se\/lund\/#website"},"primaryImageOfPage":{"@id":"https:\/\/wp.kristdemokraterna.se\/lund\/2023-en-tillbakablick\/#primaryimage"},"image":{"@id":"https:\/\/wp.kristdemokraterna.se\/lund\/2023-en-tillbakablick\/#primaryimage"},"thumbnailUrl":"http:\/\/wp.kristdemokraterna.se\/lund2\/files\/2024\/02\/fb_img_17048140394322-1-290x300.jpg","datePublished":"2024-01-06T14:16:32+00:00","breadcrumb":{"@id":"https:\/\/wp.kristdemokraterna.se\/lund\/2023-en-tillbakablick\/#breadcrumb"},"inLanguage":"sv-SE","potentialAction":[{"@type":"ReadAction","target":["https:\/\/wp.kristdemokraterna.se\/lund\/2023-en-tillbakablick\/"]}]},{"@type":"ImageObject","inLanguage":"sv-SE","@id":"https:\/\/wp.kristdemokraterna.se\/lund\/2023-en-tillbakablick\/#primaryimage","url":"http:\/\/wp.kristdemokraterna.se\/lund2\/files\/2024\/02\/fb_img_17048140394322-1-290x300.jpg","contentUrl":"http:\/\/wp.kristdemokraterna.se\/lund2\/files\/2024\/02\/fb_img_17048140394322-1-290x300.jpg"},{"@type":"BreadcrumbList","@id":"https:\/\/wp.kristdemokraterna.se\/lund\/2023-en-tillbakablick\/#breadcrumb","itemListElement":[{"@type":"ListItem","position":1,"name":"Hem","item":"https:\/\/wp.kristdemokraterna.se\/lund\/"},{"@type":"ListItem","position":2,"name":"2023 &#8211; en ny politisk verklighet"}]},{"@type":"WebSite","@id":"https:\/\/wp.kristdemokraterna.se\/lund\/#website","url":"https:\/\/wp.kristdemokraterna.se\/lund\/","name":"Kristdemokraterna | Lund","description":"","inLanguage":"sv-SE"}]}},"_links":{"self":[{"href":"https:\/\/wp.kristdemokraterna.se\/lund\/wp-json\/wp\/v2\/pages\/3612","targetHints":{"allow":["GET"]}}],"collection":[{"href":"https:\/\/wp.kristdemokraterna.se\/lund\/wp-json\/wp\/v2\/pages"}],"about":[{"href":"https:\/\/wp.kristdemokraterna.se\/lund\/wp-json\/wp\/v2\/types\/page"}],"author":[{"embeddable":true,"href":"https:\/\/wp.kristdemokraterna.se\/lund\/wp-json\/wp\/v2\/users\/444"}],"replies":[{"embeddable":true,"href":"https:\/\/wp.kristdemokraterna.se\/lund\/wp-json\/wp\/v2\/comments?post=3612"}],"version-history":[{"count":1,"href":"https:\/\/wp.kristdemokraterna.se\/lund\/wp-json\/wp\/v2\/pages\/3612\/revisions"}],"predecessor-version":[{"id":4668,"href":"https:\/\/wp.kristdemokraterna.se\/lund\/wp-json\/wp\/v2\/pages\/3612\/revisions\/4668"}],"wp:attachment":[{"href":"https:\/\/wp.kristdemokraterna.se\/lund\/wp-json\/wp\/v2\/media?parent=3612"}],"curies":[{"name":"wp","href":"https:\/\/api.w.org\/{rel}","templated":true}]}}