{"id":4113,"date":"2024-10-24T17:08:03","date_gmt":"2024-10-24T15:08:03","guid":{"rendered":"https:\/\/wp.kristdemokraterna.se\/lund\/?page_id=4113"},"modified":"2024-10-24T17:08:03","modified_gmt":"2024-10-24T15:08:03","slug":"patrick-sackner-christensen","status":"publish","type":"page","link":"https:\/\/wp.kristdemokraterna.se\/lund\/patrick-sackner-christensen\/","title":{"rendered":"Patrick Sackner Christensen"},"content":{"rendered":"<h3><a href=\"http:\/\/wp.kristdemokraterna.se\/lund2\/files\/2024\/10\/patrick-e1728404756850.jpg\"><img loading=\"lazy\" decoding=\"async\" class=\"alignnone size-medium wp-image-4017\" src=\"http:\/\/wp.kristdemokraterna.se\/lund2\/files\/2024\/10\/patrick-e1728404756850-300x221.jpg\" alt=\"\" width=\"300\" height=\"221\" srcset=\"https:\/\/wp.kristdemokraterna.se\/lund\/files\/2024\/10\/patrick-e1728404756850-300x221.jpg 300w, https:\/\/wp.kristdemokraterna.se\/lund\/files\/2024\/10\/patrick-e1728404756850-1024x753.jpg 1024w, https:\/\/wp.kristdemokraterna.se\/lund\/files\/2024\/10\/patrick-e1728404756850-768x565.jpg 768w, https:\/\/wp.kristdemokraterna.se\/lund\/files\/2024\/10\/patrick-e1728404756850-272x200.jpg 272w, https:\/\/wp.kristdemokraterna.se\/lund\/files\/2024\/10\/patrick-e1728404756850-370x272.jpg 370w, https:\/\/wp.kristdemokraterna.se\/lund\/files\/2024\/10\/patrick-e1728404756850-770x566.jpg 770w, https:\/\/wp.kristdemokraterna.se\/lund\/files\/2024\/10\/patrick-e1728404756850-450x331.jpg 450w, https:\/\/wp.kristdemokraterna.se\/lund\/files\/2024\/10\/patrick-e1728404756850-280x206.jpg 280w, https:\/\/wp.kristdemokraterna.se\/lund\/files\/2024\/10\/patrick-e1728404756850-340x250.jpg 340w, https:\/\/wp.kristdemokraterna.se\/lund\/files\/2024\/10\/patrick-e1728404756850-200x147.jpg 200w, https:\/\/wp.kristdemokraterna.se\/lund\/files\/2024\/10\/patrick-e1728404756850-76x56.jpg 76w, https:\/\/wp.kristdemokraterna.se\/lund\/files\/2024\/10\/patrick-e1728404756850.jpg 1080w\" sizes=\"auto, (max-width: 300px) 100vw, 300px\" \/><\/a><\/h3>\n<h3><\/h3>\n<h3>Vem \u00e4r Patrick Sackner Christensen?<\/h3>\n<p><strong>Korta versionen:<\/strong><\/p>\n<p>1. Dansk kille gift med svenska<\/p>\n<p>2. Tidigare simmare och tr\u00e4nare f\u00f6r danska simlandslaget.<\/p>\n<p>3. Driver konsultf\u00f6retag<\/p>\n<p>4. Kristdemokrat sedan 2021. Har bland annat uppdrag i Regionala kollektivtrafikn\u00e4mnden<\/p>\n<p>&nbsp;<\/p>\n<p><strong>L\u00e5nga versionen <\/strong><a href=\"https:\/\/www.facebook.com\/patrick.christensen.583\/about_work_and_education\">klicka h\u00e4r<\/a><\/p>\n<p>eller <a href=\"https:\/\/patricksackner.se\/om-mig\/\">h\u00e4r<\/a><\/p>\n","protected":false},"excerpt":{"rendered":"<p>Vem \u00e4r Patrick Sackner Christensen? Korta versionen: 1. Dansk kille gift med svenska 2. Tidigare simmare och tr\u00e4nare f\u00f6r danska simlandslaget. 3. Driver konsultf\u00f6retag 4. Kristdemokrat sedan 2021. Har bland annat uppdrag i Regionala kollektivtrafikn\u00e4mnden &nbsp; L\u00e5nga versionen klicka h\u00e4r eller h\u00e4r<\/p>\n","protected":false},"author":444,"featured_media":0,"parent":0,"menu_order":0,"comment_status":"closed","ping_status":"closed","template":"","meta":{"_acf_changed":false,"footnotes":""},"class_list":["post-4113","page","type-page","status-publish","hentry"],"acf":[],"yoast_head":"<!-- This site is optimized with the Yoast SEO plugin v27.4 - https:\/\/yoast.com\/product\/yoast-seo-wordpress\/ -->\n<title>Patrick Sackner Christensen - Kristdemokraterna | Lund<\/title>\n<meta name=\"robots\" content=\"index, follow, max-snippet:-1, max-image-preview:large, max-video-preview:-1\" \/>\n<link rel=\"canonical\" href=\"https:\/\/wp.kristdemokraterna.se\/lund\/patrick-sackner-christensen\/\" \/>\n<meta property=\"og:locale\" content=\"sv_SE\" \/>\n<meta property=\"og:type\" content=\"article\" \/>\n<meta property=\"og:title\" content=\"Patrick Sackner Christensen - Kristdemokraterna | Lund\" \/>\n<meta property=\"og:description\" content=\"Vem \u00e4r Patrick Sackner Christensen? Korta versionen: 1. Dansk kille gift med svenska 2. Tidigare simmare och tr\u00e4nare f\u00f6r danska simlandslaget. 3. Driver konsultf\u00f6retag 4. Kristdemokrat sedan 2021. Har bland annat uppdrag i Regionala kollektivtrafikn\u00e4mnden &nbsp; L\u00e5nga versionen klicka h\u00e4r eller h\u00e4r\" \/>\n<meta property=\"og:url\" content=\"https:\/\/wp.kristdemokraterna.se\/lund\/patrick-sackner-christensen\/\" \/>\n<meta property=\"og:site_name\" content=\"Kristdemokraterna | Lund\" \/>\n<meta property=\"og:image\" content=\"http:\/\/wp.kristdemokraterna.se\/lund2\/files\/2024\/10\/patrick-e1728404756850-300x221.jpg\" \/>\n<meta name=\"twitter:card\" content=\"summary_large_image\" \/>\n<script type=\"application\/ld+json\" class=\"yoast-schema-graph\">{\"@context\":\"https:\\\/\\\/schema.org\",\"@graph\":[{\"@type\":\"WebPage\",\"@id\":\"https:\\\/\\\/wp.kristdemokraterna.se\\\/lund\\\/patrick-sackner-christensen\\\/\",\"url\":\"https:\\\/\\\/wp.kristdemokraterna.se\\\/lund\\\/patrick-sackner-christensen\\\/\",\"name\":\"Patrick Sackner Christensen - Kristdemokraterna | Lund\",\"isPartOf\":{\"@id\":\"https:\\\/\\\/wp.kristdemokraterna.se\\\/lund\\\/#website\"},\"primaryImageOfPage\":{\"@id\":\"https:\\\/\\\/wp.kristdemokraterna.se\\\/lund\\\/patrick-sackner-christensen\\\/#primaryimage\"},\"image\":{\"@id\":\"https:\\\/\\\/wp.kristdemokraterna.se\\\/lund\\\/patrick-sackner-christensen\\\/#primaryimage\"},\"thumbnailUrl\":\"http:\\\/\\\/wp.kristdemokraterna.se\\\/lund2\\\/files\\\/2024\\\/10\\\/patrick-e1728404756850-300x221.jpg\",\"datePublished\":\"2024-10-24T15:08:03+00:00\",\"breadcrumb\":{\"@id\":\"https:\\\/\\\/wp.kristdemokraterna.se\\\/lund\\\/patrick-sackner-christensen\\\/#breadcrumb\"},\"inLanguage\":\"sv-SE\",\"potentialAction\":[{\"@type\":\"ReadAction\",\"target\":[\"https:\\\/\\\/wp.kristdemokraterna.se\\\/lund\\\/patrick-sackner-christensen\\\/\"]}]},{\"@type\":\"ImageObject\",\"inLanguage\":\"sv-SE\",\"@id\":\"https:\\\/\\\/wp.kristdemokraterna.se\\\/lund\\\/patrick-sackner-christensen\\\/#primaryimage\",\"url\":\"http:\\\/\\\/wp.kristdemokraterna.se\\\/lund2\\\/files\\\/2024\\\/10\\\/patrick-e1728404756850-300x221.jpg\",\"contentUrl\":\"http:\\\/\\\/wp.kristdemokraterna.se\\\/lund2\\\/files\\\/2024\\\/10\\\/patrick-e1728404756850-300x221.jpg\"},{\"@type\":\"BreadcrumbList\",\"@id\":\"https:\\\/\\\/wp.kristdemokraterna.se\\\/lund\\\/patrick-sackner-christensen\\\/#breadcrumb\",\"itemListElement\":[{\"@type\":\"ListItem\",\"position\":1,\"name\":\"Hem\",\"item\":\"https:\\\/\\\/wp.kristdemokraterna.se\\\/lund\\\/\"},{\"@type\":\"ListItem\",\"position\":2,\"name\":\"Patrick Sackner Christensen\"}]},{\"@type\":\"WebSite\",\"@id\":\"https:\\\/\\\/wp.kristdemokraterna.se\\\/lund\\\/#website\",\"url\":\"https:\\\/\\\/wp.kristdemokraterna.se\\\/lund\\\/\",\"name\":\"Kristdemokraterna | Lund\",\"description\":\"\",\"inLanguage\":\"sv-SE\"}]}<\/script>\n<!-- \/ Yoast SEO plugin. -->","yoast_head_json":{"title":"Patrick Sackner Christensen - Kristdemokraterna | Lund","robots":{"index":"index","follow":"follow","max-snippet":"max-snippet:-1","max-image-preview":"max-image-preview:large","max-video-preview":"max-video-preview:-1"},"canonical":"https:\/\/wp.kristdemokraterna.se\/lund\/patrick-sackner-christensen\/","og_locale":"sv_SE","og_type":"article","og_title":"Patrick Sackner Christensen - Kristdemokraterna | Lund","og_description":"Vem \u00e4r Patrick Sackner Christensen? Korta versionen: 1. Dansk kille gift med svenska 2. Tidigare simmare och tr\u00e4nare f\u00f6r danska simlandslaget. 3. Driver konsultf\u00f6retag 4. Kristdemokrat sedan 2021. Har bland annat uppdrag i Regionala kollektivtrafikn\u00e4mnden &nbsp; L\u00e5nga versionen klicka h\u00e4r eller h\u00e4r","og_url":"https:\/\/wp.kristdemokraterna.se\/lund\/patrick-sackner-christensen\/","og_site_name":"Kristdemokraterna | Lund","og_image":[{"url":"http:\/\/wp.kristdemokraterna.se\/lund2\/files\/2024\/10\/patrick-e1728404756850-300x221.jpg","type":"","width":"","height":""}],"twitter_card":"summary_large_image","schema":{"@context":"https:\/\/schema.org","@graph":[{"@type":"WebPage","@id":"https:\/\/wp.kristdemokraterna.se\/lund\/patrick-sackner-christensen\/","url":"https:\/\/wp.kristdemokraterna.se\/lund\/patrick-sackner-christensen\/","name":"Patrick Sackner Christensen - Kristdemokraterna | Lund","isPartOf":{"@id":"https:\/\/wp.kristdemokraterna.se\/lund\/#website"},"primaryImageOfPage":{"@id":"https:\/\/wp.kristdemokraterna.se\/lund\/patrick-sackner-christensen\/#primaryimage"},"image":{"@id":"https:\/\/wp.kristdemokraterna.se\/lund\/patrick-sackner-christensen\/#primaryimage"},"thumbnailUrl":"http:\/\/wp.kristdemokraterna.se\/lund2\/files\/2024\/10\/patrick-e1728404756850-300x221.jpg","datePublished":"2024-10-24T15:08:03+00:00","breadcrumb":{"@id":"https:\/\/wp.kristdemokraterna.se\/lund\/patrick-sackner-christensen\/#breadcrumb"},"inLanguage":"sv-SE","potentialAction":[{"@type":"ReadAction","target":["https:\/\/wp.kristdemokraterna.se\/lund\/patrick-sackner-christensen\/"]}]},{"@type":"ImageObject","inLanguage":"sv-SE","@id":"https:\/\/wp.kristdemokraterna.se\/lund\/patrick-sackner-christensen\/#primaryimage","url":"http:\/\/wp.kristdemokraterna.se\/lund2\/files\/2024\/10\/patrick-e1728404756850-300x221.jpg","contentUrl":"http:\/\/wp.kristdemokraterna.se\/lund2\/files\/2024\/10\/patrick-e1728404756850-300x221.jpg"},{"@type":"BreadcrumbList","@id":"https:\/\/wp.kristdemokraterna.se\/lund\/patrick-sackner-christensen\/#breadcrumb","itemListElement":[{"@type":"ListItem","position":1,"name":"Hem","item":"https:\/\/wp.kristdemokraterna.se\/lund\/"},{"@type":"ListItem","position":2,"name":"Patrick Sackner Christensen"}]},{"@type":"WebSite","@id":"https:\/\/wp.kristdemokraterna.se\/lund\/#website","url":"https:\/\/wp.kristdemokraterna.se\/lund\/","name":"Kristdemokraterna | Lund","description":"","inLanguage":"sv-SE"}]}},"_links":{"self":[{"href":"https:\/\/wp.kristdemokraterna.se\/lund\/wp-json\/wp\/v2\/pages\/4113","targetHints":{"allow":["GET"]}}],"collection":[{"href":"https:\/\/wp.kristdemokraterna.se\/lund\/wp-json\/wp\/v2\/pages"}],"about":[{"href":"https:\/\/wp.kristdemokraterna.se\/lund\/wp-json\/wp\/v2\/types\/page"}],"author":[{"embeddable":true,"href":"https:\/\/wp.kristdemokraterna.se\/lund\/wp-json\/wp\/v2\/users\/444"}],"replies":[{"embeddable":true,"href":"https:\/\/wp.kristdemokraterna.se\/lund\/wp-json\/wp\/v2\/comments?post=4113"}],"version-history":[{"count":0,"href":"https:\/\/wp.kristdemokraterna.se\/lund\/wp-json\/wp\/v2\/pages\/4113\/revisions"}],"wp:attachment":[{"href":"https:\/\/wp.kristdemokraterna.se\/lund\/wp-json\/wp\/v2\/media?parent=4113"}],"curies":[{"name":"wp","href":"https:\/\/api.w.org\/{rel}","templated":true}]}}