{"id":4445,"date":"2025-03-31T11:12:29","date_gmt":"2025-03-31T09:12:29","guid":{"rendered":"https:\/\/wp.kristdemokraterna.se\/lund\/?page_id=4445"},"modified":"2025-04-27T00:15:55","modified_gmt":"2025-04-26T22:15:55","slug":"miljo","status":"publish","type":"page","link":"https:\/\/wp.kristdemokraterna.se\/lund\/kommunpolititiskt-program\/miljo\/","title":{"rendered":"MILJ\u00d6"},"content":{"rendered":"<h2 style=\"text-align: center\"><strong>\u00a0Milj\u00f6<\/strong><\/h2>\n<h4><span style=\"font-weight: 400\">F\u00f6rvaltarskapet \u00e4r b\u00e4rande del i den kristdemokratiska ideologin. P\u00e5 milj\u00f6omr\u00e5det inneb\u00e4r det att vi inte f\u00e5r f\u00f6rbruka v\u00e5r jord och dess \u00e4ndliga tillg\u00e5ngar till den grad att \u00e5terh\u00e4mtningen \u00e4r mindre \u00e4n f\u00f6rbrukningen. Alla insatser f\u00f6r att minska den globala uppv\u00e4rmningen skall noga analyseras d\u00e4r minskade utsl\u00e4pp av v\u00e4xthusgaser skall prioriteras. Ett h\u00e5llbart samh\u00e4lle skall efterstr\u00e4vas d\u00e4r skadlig milj\u00f6p\u00e5verkan minimeras, energin \u00e4r f\u00f6rnyelsebar och robust, trafiksystemen h\u00e5llbara, bostadsmilj\u00f6er\u00a0 sunda och naturresurser tas tillvara i ett kretslopp.<\/span><\/h4>\n<h4><span style=\"font-weight: 400\">Vid sidan av klimatfr\u00e5gan \u00e4r \u00f6verg\u00f6dning, utsl\u00e4pp av gifter och hormonst\u00f6rande \u00e4mnen inte minst i barns n\u00e4rmilj\u00f6 utmaningar som m\u00e5ste hanteras. I v\u00e5r n\u00e4ra omv\u00e4rld p\u00e5g\u00e5r stora p\u00e5frestningar p\u00e5 samh\u00e4llen vilket bland annat f\u00e5tt till f\u00f6ljd att tillg\u00e5ng p\u00e5 inhemskt utvunnen energi \u00e4r begr\u00e4nsat vilket medf\u00f6rt prish\u00f6jningar. En v\u00e4g fram skulle kunna vara att hitta tekniska l\u00f6sningar p\u00e5 minik\u00e4rnkraftverk, n\u00e4rodlade livsmedel och \u00f6kad sj\u00e4lvf\u00f6rs\u00f6rjning och samtidigt minska p\u00e5verkan p\u00e5 milj\u00f6n.<\/span><\/h4>\n<p>&nbsp;<\/p>\n<p><iframe loading=\"lazy\" title=\"Milj\u00f6 och transport\" width=\"500\" height=\"281\" src=\"https:\/\/www.youtube.com\/embed\/LniyCpPEEPc?feature=oembed\" frameborder=\"0\" allow=\"accelerometer; autoplay; clipboard-write; encrypted-media; gyroscope; picture-in-picture; web-share\" referrerpolicy=\"strict-origin-when-cross-origin\" allowfullscreen><\/iframe><\/p>\n<p>&nbsp;<\/p>\n","protected":false},"excerpt":{"rendered":"<p>\u00a0Milj\u00f6 F\u00f6rvaltarskapet \u00e4r b\u00e4rande del i den kristdemokratiska ideologin. P\u00e5 milj\u00f6omr\u00e5det inneb\u00e4r det att vi inte f\u00e5r f\u00f6rbruka v\u00e5r jord och dess \u00e4ndliga tillg\u00e5ngar till den grad att \u00e5terh\u00e4mtningen \u00e4r mindre \u00e4n f\u00f6rbrukningen. Alla insatser f\u00f6r att minska den globala uppv\u00e4rmningen skall noga analyseras d\u00e4r minskade utsl\u00e4pp av v\u00e4xthusgaser skall prioriteras. Ett h\u00e5llbart samh\u00e4lle skall <a class=\"read-more-link\" href=\"https:\/\/wp.kristdemokraterna.se\/lund\/kommunpolititiskt-program\/miljo\/\">L\u00e4s mer<\/a><\/p>\n","protected":false},"author":880,"featured_media":0,"parent":4572,"menu_order":0,"comment_status":"closed","ping_status":"closed","template":"page.php","meta":{"_acf_changed":false,"footnotes":""},"class_list":["post-4445","page","type-page","status-publish","hentry"],"acf":[],"yoast_head":"<!-- This site is optimized with the Yoast SEO plugin v27.4 - https:\/\/yoast.com\/product\/yoast-seo-wordpress\/ -->\n<title>MILJ\u00d6 - Kristdemokraterna | Lund<\/title>\n<meta name=\"robots\" content=\"index, follow, max-snippet:-1, max-image-preview:large, max-video-preview:-1\" \/>\n<link rel=\"canonical\" href=\"https:\/\/wp.kristdemokraterna.se\/lund\/kommunpolititiskt-program\/miljo\/\" \/>\n<meta property=\"og:locale\" content=\"sv_SE\" \/>\n<meta property=\"og:type\" content=\"article\" \/>\n<meta property=\"og:title\" content=\"MILJ\u00d6 - Kristdemokraterna | Lund\" \/>\n<meta property=\"og:description\" content=\"\u00a0Milj\u00f6 F\u00f6rvaltarskapet \u00e4r b\u00e4rande del i den kristdemokratiska ideologin. P\u00e5 milj\u00f6omr\u00e5det inneb\u00e4r det att vi inte f\u00e5r f\u00f6rbruka v\u00e5r jord och dess \u00e4ndliga tillg\u00e5ngar till den grad att \u00e5terh\u00e4mtningen \u00e4r mindre \u00e4n f\u00f6rbrukningen. Alla insatser f\u00f6r att minska den globala uppv\u00e4rmningen skall noga analyseras d\u00e4r minskade utsl\u00e4pp av v\u00e4xthusgaser skall prioriteras. Ett h\u00e5llbart samh\u00e4lle skall L\u00e4s mer\" \/>\n<meta property=\"og:url\" content=\"https:\/\/wp.kristdemokraterna.se\/lund\/kommunpolititiskt-program\/miljo\/\" \/>\n<meta property=\"og:site_name\" content=\"Kristdemokraterna | Lund\" \/>\n<meta property=\"article:modified_time\" content=\"2025-04-26T22:15:55+00:00\" \/>\n<meta name=\"twitter:card\" content=\"summary_large_image\" \/>\n<meta name=\"twitter:label1\" content=\"Ber\u00e4knad l\u00e4stid\" \/>\n\t<meta name=\"twitter:data1\" content=\"1 minut\" \/>\n<script type=\"application\/ld+json\" class=\"yoast-schema-graph\">{\"@context\":\"https:\\\/\\\/schema.org\",\"@graph\":[{\"@type\":\"WebPage\",\"@id\":\"https:\\\/\\\/wp.kristdemokraterna.se\\\/lund\\\/kommunpolititiskt-program\\\/miljo\\\/\",\"url\":\"https:\\\/\\\/wp.kristdemokraterna.se\\\/lund\\\/kommunpolititiskt-program\\\/miljo\\\/\",\"name\":\"MILJ\u00d6 - Kristdemokraterna | Lund\",\"isPartOf\":{\"@id\":\"https:\\\/\\\/wp.kristdemokraterna.se\\\/lund\\\/#website\"},\"datePublished\":\"2025-03-31T09:12:29+00:00\",\"dateModified\":\"2025-04-26T22:15:55+00:00\",\"breadcrumb\":{\"@id\":\"https:\\\/\\\/wp.kristdemokraterna.se\\\/lund\\\/kommunpolititiskt-program\\\/miljo\\\/#breadcrumb\"},\"inLanguage\":\"sv-SE\",\"potentialAction\":[{\"@type\":\"ReadAction\",\"target\":[\"https:\\\/\\\/wp.kristdemokraterna.se\\\/lund\\\/kommunpolititiskt-program\\\/miljo\\\/\"]}]},{\"@type\":\"BreadcrumbList\",\"@id\":\"https:\\\/\\\/wp.kristdemokraterna.se\\\/lund\\\/kommunpolititiskt-program\\\/miljo\\\/#breadcrumb\",\"itemListElement\":[{\"@type\":\"ListItem\",\"position\":1,\"name\":\"Hem\",\"item\":\"https:\\\/\\\/wp.kristdemokraterna.se\\\/lund\\\/\"},{\"@type\":\"ListItem\",\"position\":2,\"name\":\"Kommunpolititiskt program\",\"item\":\"https:\\\/\\\/wp.kristdemokraterna.se\\\/lund\\\/kommunpolititiskt-program\\\/\"},{\"@type\":\"ListItem\",\"position\":3,\"name\":\"MILJ\u00d6\"}]},{\"@type\":\"WebSite\",\"@id\":\"https:\\\/\\\/wp.kristdemokraterna.se\\\/lund\\\/#website\",\"url\":\"https:\\\/\\\/wp.kristdemokraterna.se\\\/lund\\\/\",\"name\":\"Kristdemokraterna | Lund\",\"description\":\"\",\"inLanguage\":\"sv-SE\"}]}<\/script>\n<!-- \/ Yoast SEO plugin. -->","yoast_head_json":{"title":"MILJ\u00d6 - Kristdemokraterna | Lund","robots":{"index":"index","follow":"follow","max-snippet":"max-snippet:-1","max-image-preview":"max-image-preview:large","max-video-preview":"max-video-preview:-1"},"canonical":"https:\/\/wp.kristdemokraterna.se\/lund\/kommunpolititiskt-program\/miljo\/","og_locale":"sv_SE","og_type":"article","og_title":"MILJ\u00d6 - Kristdemokraterna | Lund","og_description":"\u00a0Milj\u00f6 F\u00f6rvaltarskapet \u00e4r b\u00e4rande del i den kristdemokratiska ideologin. P\u00e5 milj\u00f6omr\u00e5det inneb\u00e4r det att vi inte f\u00e5r f\u00f6rbruka v\u00e5r jord och dess \u00e4ndliga tillg\u00e5ngar till den grad att \u00e5terh\u00e4mtningen \u00e4r mindre \u00e4n f\u00f6rbrukningen. Alla insatser f\u00f6r att minska den globala uppv\u00e4rmningen skall noga analyseras d\u00e4r minskade utsl\u00e4pp av v\u00e4xthusgaser skall prioriteras. Ett h\u00e5llbart samh\u00e4lle skall L\u00e4s mer","og_url":"https:\/\/wp.kristdemokraterna.se\/lund\/kommunpolititiskt-program\/miljo\/","og_site_name":"Kristdemokraterna | Lund","article_modified_time":"2025-04-26T22:15:55+00:00","twitter_card":"summary_large_image","twitter_misc":{"Ber\u00e4knad l\u00e4stid":"1 minut"},"schema":{"@context":"https:\/\/schema.org","@graph":[{"@type":"WebPage","@id":"https:\/\/wp.kristdemokraterna.se\/lund\/kommunpolititiskt-program\/miljo\/","url":"https:\/\/wp.kristdemokraterna.se\/lund\/kommunpolititiskt-program\/miljo\/","name":"MILJ\u00d6 - Kristdemokraterna | Lund","isPartOf":{"@id":"https:\/\/wp.kristdemokraterna.se\/lund\/#website"},"datePublished":"2025-03-31T09:12:29+00:00","dateModified":"2025-04-26T22:15:55+00:00","breadcrumb":{"@id":"https:\/\/wp.kristdemokraterna.se\/lund\/kommunpolititiskt-program\/miljo\/#breadcrumb"},"inLanguage":"sv-SE","potentialAction":[{"@type":"ReadAction","target":["https:\/\/wp.kristdemokraterna.se\/lund\/kommunpolititiskt-program\/miljo\/"]}]},{"@type":"BreadcrumbList","@id":"https:\/\/wp.kristdemokraterna.se\/lund\/kommunpolititiskt-program\/miljo\/#breadcrumb","itemListElement":[{"@type":"ListItem","position":1,"name":"Hem","item":"https:\/\/wp.kristdemokraterna.se\/lund\/"},{"@type":"ListItem","position":2,"name":"Kommunpolititiskt program","item":"https:\/\/wp.kristdemokraterna.se\/lund\/kommunpolititiskt-program\/"},{"@type":"ListItem","position":3,"name":"MILJ\u00d6"}]},{"@type":"WebSite","@id":"https:\/\/wp.kristdemokraterna.se\/lund\/#website","url":"https:\/\/wp.kristdemokraterna.se\/lund\/","name":"Kristdemokraterna | Lund","description":"","inLanguage":"sv-SE"}]}},"_links":{"self":[{"href":"https:\/\/wp.kristdemokraterna.se\/lund\/wp-json\/wp\/v2\/pages\/4445","targetHints":{"allow":["GET"]}}],"collection":[{"href":"https:\/\/wp.kristdemokraterna.se\/lund\/wp-json\/wp\/v2\/pages"}],"about":[{"href":"https:\/\/wp.kristdemokraterna.se\/lund\/wp-json\/wp\/v2\/types\/page"}],"author":[{"embeddable":true,"href":"https:\/\/wp.kristdemokraterna.se\/lund\/wp-json\/wp\/v2\/users\/880"}],"replies":[{"embeddable":true,"href":"https:\/\/wp.kristdemokraterna.se\/lund\/wp-json\/wp\/v2\/comments?post=4445"}],"version-history":[{"count":6,"href":"https:\/\/wp.kristdemokraterna.se\/lund\/wp-json\/wp\/v2\/pages\/4445\/revisions"}],"predecessor-version":[{"id":4456,"href":"https:\/\/wp.kristdemokraterna.se\/lund\/wp-json\/wp\/v2\/pages\/4445\/revisions\/4456"}],"up":[{"embeddable":true,"href":"https:\/\/wp.kristdemokraterna.se\/lund\/wp-json\/wp\/v2\/pages\/4572"}],"wp:attachment":[{"href":"https:\/\/wp.kristdemokraterna.se\/lund\/wp-json\/wp\/v2\/media?parent=4445"}],"curies":[{"name":"wp","href":"https:\/\/api.w.org\/{rel}","templated":true}]}}