{"id":4454,"date":"2025-03-31T11:31:32","date_gmt":"2025-03-31T09:31:32","guid":{"rendered":"https:\/\/wp.kristdemokraterna.se\/lund\/?page_id=4454"},"modified":"2025-04-27T00:16:36","modified_gmt":"2025-04-26T22:16:36","slug":"ekonomi-2","status":"publish","type":"page","link":"https:\/\/wp.kristdemokraterna.se\/lund\/kommunpolititiskt-program\/ekonomi-2\/","title":{"rendered":"EKONOMI"},"content":{"rendered":"<h2 style=\"text-align: center\"><strong>Ekonomi<\/strong><\/h2>\n<p>Kommunens ekonomi ska vara i god balans, och vi ska inte s\u00e4tta oss i mer skuld \u00e4n n\u00f6dv\u00e4ndigt.\u00a0 Kommande generationer ska inte beh\u00f6va ta \u00f6ver en massa skulder som vi l\u00e4mnat efter oss, utan varje generation ska hantera sina egna kostnader &#8211;\u00a0 det \u00e4r helt\u00a0 i linje med v\u00e5r f\u00f6rvaltarskapstanke.<\/p>\n<p>Kristdemokraterna i Lund verkar f\u00f6r att det lagstiftade 2% m\u00e5let ska uppn\u00e5s. Riksdagen tog m\u00e5let 2000 n\u00e4r vi gick in i ett nytt Millenium., och inneb\u00e4r att\u00a0 kommunerna alltid ska budgetera f\u00f6r\u00a0 en reserv p\u00e5 2 %.\u00a0 Det \u00e4r f\u00f6r m\u00e5nga kommuner sv\u00e5rt att uppn\u00e5, det finns s\u00e5 mycket man hellre vill l\u00e4gga pengarna p\u00e5. Men f\u00f6r oss kristdemokrater \u00e4r det ett viktigt m\u00e5l f\u00f6r of\u00f6rutsedda h\u00e4ndelser, och kommunen har redan haft nytta av att det fanns pengar i reserv , t ex n\u00e4r Pandemin drabbade oss. Vi g\u00f6r bara avsteg fr\u00e5n m\u00e5let n\u00e4r det of\u00f6rutsedda intr\u00e4ffar.<\/p>\n<p><!--more--><\/p>\n<ul class=\"o-bare-list o-bare-list--spaced\">\n<li><em><strong class=\"u-txt-brand\">Ekonomisk politik<\/strong>\u00a0Kristdemokraternas ekonomiska politik bygger p\u00e5 det som vi kallar <strong>social marknadsekonomi.<\/strong> Det inneb\u00e4r att marknadsekonomin m\u00e5ste kombineras med en socialt ansvarsfull politik f\u00f6r att bidra med v\u00e4lf\u00e4rd och en rimlig levnadsniv\u00e5 f\u00f6r alla. Skatte- och bidragssystem ska utformas s\u00e5 att m\u00e4nniskors egen kraft och engagemang uppmuntras och bidragsberoende motverkas.<\/em><\/li>\n<\/ul>\n","protected":false},"excerpt":{"rendered":"<p>Ekonomi Kommunens ekonomi ska vara i god balans, och vi ska inte s\u00e4tta oss i mer skuld \u00e4n n\u00f6dv\u00e4ndigt.\u00a0 Kommande generationer ska inte beh\u00f6va ta \u00f6ver en massa skulder som vi l\u00e4mnat efter oss, utan varje generation ska hantera sina egna kostnader &#8211;\u00a0 det \u00e4r helt\u00a0 i linje med v\u00e5r f\u00f6rvaltarskapstanke. Kristdemokraterna i Lund verkar <a class=\"read-more-link\" href=\"https:\/\/wp.kristdemokraterna.se\/lund\/kommunpolititiskt-program\/ekonomi-2\/\">L\u00e4s mer<\/a><\/p>\n","protected":false},"author":880,"featured_media":0,"parent":4572,"menu_order":0,"comment_status":"closed","ping_status":"closed","template":"page.php","meta":{"_acf_changed":false,"footnotes":""},"class_list":["post-4454","page","type-page","status-publish","hentry"],"acf":[],"yoast_head":"<!-- This site is optimized with the Yoast SEO plugin v27.4 - https:\/\/yoast.com\/product\/yoast-seo-wordpress\/ -->\n<title>EKONOMI - Kristdemokraterna | Lund<\/title>\n<meta name=\"robots\" content=\"index, follow, max-snippet:-1, max-image-preview:large, max-video-preview:-1\" \/>\n<link rel=\"canonical\" href=\"https:\/\/wp.kristdemokraterna.se\/lund\/kommunpolititiskt-program\/ekonomi-2\/\" \/>\n<meta property=\"og:locale\" content=\"sv_SE\" \/>\n<meta property=\"og:type\" content=\"article\" \/>\n<meta property=\"og:title\" content=\"EKONOMI - Kristdemokraterna | Lund\" \/>\n<meta property=\"og:description\" content=\"Ekonomi Kommunens ekonomi ska vara i god balans, och vi ska inte s\u00e4tta oss i mer skuld \u00e4n n\u00f6dv\u00e4ndigt.\u00a0 Kommande generationer ska inte beh\u00f6va ta \u00f6ver en massa skulder som vi l\u00e4mnat efter oss, utan varje generation ska hantera sina egna kostnader &#8211;\u00a0 det \u00e4r helt\u00a0 i linje med v\u00e5r f\u00f6rvaltarskapstanke. Kristdemokraterna i Lund verkar L\u00e4s mer\" \/>\n<meta property=\"og:url\" content=\"https:\/\/wp.kristdemokraterna.se\/lund\/kommunpolititiskt-program\/ekonomi-2\/\" \/>\n<meta property=\"og:site_name\" content=\"Kristdemokraterna | Lund\" \/>\n<meta property=\"article:modified_time\" content=\"2025-04-26T22:16:36+00:00\" \/>\n<meta name=\"twitter:card\" content=\"summary_large_image\" \/>\n<meta name=\"twitter:label1\" content=\"Ber\u00e4knad l\u00e4stid\" \/>\n\t<meta name=\"twitter:data1\" content=\"1 minut\" \/>\n<script type=\"application\/ld+json\" class=\"yoast-schema-graph\">{\"@context\":\"https:\\\/\\\/schema.org\",\"@graph\":[{\"@type\":\"WebPage\",\"@id\":\"https:\\\/\\\/wp.kristdemokraterna.se\\\/lund\\\/kommunpolititiskt-program\\\/ekonomi-2\\\/\",\"url\":\"https:\\\/\\\/wp.kristdemokraterna.se\\\/lund\\\/kommunpolititiskt-program\\\/ekonomi-2\\\/\",\"name\":\"EKONOMI - Kristdemokraterna | Lund\",\"isPartOf\":{\"@id\":\"https:\\\/\\\/wp.kristdemokraterna.se\\\/lund\\\/#website\"},\"datePublished\":\"2025-03-31T09:31:32+00:00\",\"dateModified\":\"2025-04-26T22:16:36+00:00\",\"breadcrumb\":{\"@id\":\"https:\\\/\\\/wp.kristdemokraterna.se\\\/lund\\\/kommunpolititiskt-program\\\/ekonomi-2\\\/#breadcrumb\"},\"inLanguage\":\"sv-SE\",\"potentialAction\":[{\"@type\":\"ReadAction\",\"target\":[\"https:\\\/\\\/wp.kristdemokraterna.se\\\/lund\\\/kommunpolititiskt-program\\\/ekonomi-2\\\/\"]}]},{\"@type\":\"BreadcrumbList\",\"@id\":\"https:\\\/\\\/wp.kristdemokraterna.se\\\/lund\\\/kommunpolititiskt-program\\\/ekonomi-2\\\/#breadcrumb\",\"itemListElement\":[{\"@type\":\"ListItem\",\"position\":1,\"name\":\"Hem\",\"item\":\"https:\\\/\\\/wp.kristdemokraterna.se\\\/lund\\\/\"},{\"@type\":\"ListItem\",\"position\":2,\"name\":\"Kommunpolititiskt program\",\"item\":\"https:\\\/\\\/wp.kristdemokraterna.se\\\/lund\\\/kommunpolititiskt-program\\\/\"},{\"@type\":\"ListItem\",\"position\":3,\"name\":\"EKONOMI\"}]},{\"@type\":\"WebSite\",\"@id\":\"https:\\\/\\\/wp.kristdemokraterna.se\\\/lund\\\/#website\",\"url\":\"https:\\\/\\\/wp.kristdemokraterna.se\\\/lund\\\/\",\"name\":\"Kristdemokraterna | Lund\",\"description\":\"\",\"inLanguage\":\"sv-SE\"}]}<\/script>\n<!-- \/ Yoast SEO plugin. -->","yoast_head_json":{"title":"EKONOMI - Kristdemokraterna | Lund","robots":{"index":"index","follow":"follow","max-snippet":"max-snippet:-1","max-image-preview":"max-image-preview:large","max-video-preview":"max-video-preview:-1"},"canonical":"https:\/\/wp.kristdemokraterna.se\/lund\/kommunpolititiskt-program\/ekonomi-2\/","og_locale":"sv_SE","og_type":"article","og_title":"EKONOMI - Kristdemokraterna | Lund","og_description":"Ekonomi Kommunens ekonomi ska vara i god balans, och vi ska inte s\u00e4tta oss i mer skuld \u00e4n n\u00f6dv\u00e4ndigt.\u00a0 Kommande generationer ska inte beh\u00f6va ta \u00f6ver en massa skulder som vi l\u00e4mnat efter oss, utan varje generation ska hantera sina egna kostnader &#8211;\u00a0 det \u00e4r helt\u00a0 i linje med v\u00e5r f\u00f6rvaltarskapstanke. Kristdemokraterna i Lund verkar L\u00e4s mer","og_url":"https:\/\/wp.kristdemokraterna.se\/lund\/kommunpolititiskt-program\/ekonomi-2\/","og_site_name":"Kristdemokraterna | Lund","article_modified_time":"2025-04-26T22:16:36+00:00","twitter_card":"summary_large_image","twitter_misc":{"Ber\u00e4knad l\u00e4stid":"1 minut"},"schema":{"@context":"https:\/\/schema.org","@graph":[{"@type":"WebPage","@id":"https:\/\/wp.kristdemokraterna.se\/lund\/kommunpolititiskt-program\/ekonomi-2\/","url":"https:\/\/wp.kristdemokraterna.se\/lund\/kommunpolititiskt-program\/ekonomi-2\/","name":"EKONOMI - Kristdemokraterna | Lund","isPartOf":{"@id":"https:\/\/wp.kristdemokraterna.se\/lund\/#website"},"datePublished":"2025-03-31T09:31:32+00:00","dateModified":"2025-04-26T22:16:36+00:00","breadcrumb":{"@id":"https:\/\/wp.kristdemokraterna.se\/lund\/kommunpolititiskt-program\/ekonomi-2\/#breadcrumb"},"inLanguage":"sv-SE","potentialAction":[{"@type":"ReadAction","target":["https:\/\/wp.kristdemokraterna.se\/lund\/kommunpolititiskt-program\/ekonomi-2\/"]}]},{"@type":"BreadcrumbList","@id":"https:\/\/wp.kristdemokraterna.se\/lund\/kommunpolititiskt-program\/ekonomi-2\/#breadcrumb","itemListElement":[{"@type":"ListItem","position":1,"name":"Hem","item":"https:\/\/wp.kristdemokraterna.se\/lund\/"},{"@type":"ListItem","position":2,"name":"Kommunpolititiskt program","item":"https:\/\/wp.kristdemokraterna.se\/lund\/kommunpolititiskt-program\/"},{"@type":"ListItem","position":3,"name":"EKONOMI"}]},{"@type":"WebSite","@id":"https:\/\/wp.kristdemokraterna.se\/lund\/#website","url":"https:\/\/wp.kristdemokraterna.se\/lund\/","name":"Kristdemokraterna | Lund","description":"","inLanguage":"sv-SE"}]}},"_links":{"self":[{"href":"https:\/\/wp.kristdemokraterna.se\/lund\/wp-json\/wp\/v2\/pages\/4454","targetHints":{"allow":["GET"]}}],"collection":[{"href":"https:\/\/wp.kristdemokraterna.se\/lund\/wp-json\/wp\/v2\/pages"}],"about":[{"href":"https:\/\/wp.kristdemokraterna.se\/lund\/wp-json\/wp\/v2\/types\/page"}],"author":[{"embeddable":true,"href":"https:\/\/wp.kristdemokraterna.se\/lund\/wp-json\/wp\/v2\/users\/880"}],"replies":[{"embeddable":true,"href":"https:\/\/wp.kristdemokraterna.se\/lund\/wp-json\/wp\/v2\/comments?post=4454"}],"version-history":[{"count":4,"href":"https:\/\/wp.kristdemokraterna.se\/lund\/wp-json\/wp\/v2\/pages\/4454\/revisions"}],"predecessor-version":[{"id":4556,"href":"https:\/\/wp.kristdemokraterna.se\/lund\/wp-json\/wp\/v2\/pages\/4454\/revisions\/4556"}],"up":[{"embeddable":true,"href":"https:\/\/wp.kristdemokraterna.se\/lund\/wp-json\/wp\/v2\/pages\/4572"}],"wp:attachment":[{"href":"https:\/\/wp.kristdemokraterna.se\/lund\/wp-json\/wp\/v2\/media?parent=4454"}],"curies":[{"name":"wp","href":"https:\/\/api.w.org\/{rel}","templated":true}]}}