{"id":4894,"date":"2022-08-08T20:11:41","date_gmt":"2022-08-08T18:11:41","guid":{"rendered":"https:\/\/wp.kristdemokraterna.se\/malmo\/?page_id=4894"},"modified":"2022-08-09T12:19:48","modified_gmt":"2022-08-09T10:19:48","slug":"integration-och-samhallsgemenskap","status":"publish","type":"page","link":"https:\/\/wp.kristdemokraterna.se\/malmo\/?page_id=4894","title":{"rendered":"Integration och samh\u00e4llsgemenskap"},"content":{"rendered":"<blockquote><p><b>\u201d<\/b><em style=\"font-weight: bold\">Det svenska kulturarvet, byggt p\u00e5 kristen etik och v\u00e4sterl\u00e4nds<\/em><em style=\"font-weight: bold\">k humanism har bidragit till skapandet av v\u00e5rt lands lagstiftning och <\/em><em style=\"font-weight: bold\">r\u00e4ttstradition. Denna etiska grund utg\u00f6r ett sammanh\u00e5llande kitt f\u00f6r ett\u00a0<\/em><em><b>m\u00e5ngkulturellt samh\u00e4lle, som inneb\u00e4r att m\u00e5nga kulturer, religioner, livsstilar, spr\u00e5k och erfarenheter lever <\/b><\/em><em style=\"font-weight: bold\">sida vid sida och berikar varandra.\u201d<\/em><\/p><\/blockquote>\n<p style=\"text-align: left\">En vital samh\u00e4llsgemenskap inneb\u00e4r att medborgarna k\u00e4nner delaktighet och tar ansvar f\u00f6r sig sj\u00e4lva och f\u00f6r hela samh\u00e4llet. Delaktighet, tillit och ansvarstagande \u00e4r avg\u00f6rande f\u00f6r en god samh\u00e4llsgemenskap. Men fr\u00e5gan om samh\u00e4llsgemenskap kan inte reduceras till ett politiskt sakomr\u00e5de, utan f\u00f6ruts\u00e4tter ett helhetsperspektiv. Hur en kommun planl\u00e4ggs \u00e4r lika viktigt som de v\u00e4rden som f\u00f6rmedlas genom undervisningen.<\/p>\n<p style=\"text-align: left\"><a href=\"http:\/\/wp.kristdemokraterna.se\/malmo\/files\/2022\/08\/bild3.png\"><img loading=\"lazy\" decoding=\"async\" class=\"size-full wp-image-4895 alignright\" src=\"http:\/\/wp.kristdemokraterna.se\/malmo\/files\/2022\/08\/bild3.png\" alt=\"\" width=\"326\" height=\"217\" srcset=\"https:\/\/wp.kristdemokraterna.se\/malmo\/files\/2022\/08\/bild3.png 326w, https:\/\/wp.kristdemokraterna.se\/malmo\/files\/2022\/08\/bild3-300x200.png 300w, https:\/\/wp.kristdemokraterna.se\/malmo\/files\/2022\/08\/bild3-280x186.png 280w, https:\/\/wp.kristdemokraterna.se\/malmo\/files\/2022\/08\/bild3-200x133.png 200w, https:\/\/wp.kristdemokraterna.se\/malmo\/files\/2022\/08\/bild3-84x56.png 84w\" sizes=\"auto, (max-width: 326px) 100vw, 326px\" \/><\/a><\/p>\n<p style=\"text-align: left\">Segregation \u00e4r ett hot mot samh\u00e4llsgemenskapen. Det betyder att en misslyckad integration \u00e4r ett misslyckande f\u00f6r hela samh\u00e4llet. Denna insikt g\u00e4ller alla, b\u00e5de f\u00f6r de som har en svensk bakgrund s\u00e5som f\u00f6r de som invandrat till Sverige. V\u00e4rdegrunden skapar f\u00f6ruts\u00e4ttningar f\u00f6r nyanl\u00e4nda att bli en del av sitt nya land. Samh\u00e4llsgemenskapen minskar risken f\u00f6r att parallellsamh\u00e4llen uppst\u00e5r. De tv\u00e5 viktigaste faktorerna f\u00f6r en god integration \u00e4r egen f\u00f6rs\u00f6rjning och egen bostad. Genom heldagsaktiviteter redan under asyltiden minskar utanf\u00f6rskapet och integrationen underl\u00e4ttas. Kommunen m\u00e5ste p\u00e5 samma s\u00e4tt fr\u00e5n dag ett arbeta f\u00f6r att nyanl\u00e4nda ska hitta ett l\u00e5ngsiktigt h\u00e5llbart boende. Malm\u00f6 brottas med v\u00e4xande utanf\u00f6rskap, integrationssv\u00e5righeter och alltmer utmanande tryck p\u00e5 v\u00e4lf\u00e4rden. Samtidigt finns det externa akt\u00f6rer som vill vara med och bidra med kapital till sociala investeringar och effektiva l\u00f6sningar p\u00e5 samh\u00e4llsproblemen. En modell med s\u00e5 kallade \u201dsociala utfallskontrakt\u201d, som pr\u00f6vats framg\u00e5ngsrikt i fr\u00e4mst Storbritannien och USA, inneb\u00e4r att en extern finansi\u00e4r investerar i ett offentligt socialt projekt f\u00f6r att uppn\u00e5 definierade m\u00e5l som motsvarar s\u00e5v\u00e4l m\u00e4nskliga som ekonomiska vinster f\u00f6r den offentliga parten.<\/p>\n<p>N\u00e4r f\u00f6rs\u00f6rjningsst\u00f6det inf\u00f6rdes var tanken att det skulle ges till personer med olika sociala problem. M\u00e5lgruppen har dock f\u00f6r\u00e4ndrats kraftigt och m\u00e5nga som idag f\u00e5r f\u00f6rs\u00f6rjningsst\u00f6d \u00e4r utrikesf\u00f6dda som st\u00e5r utanf\u00f6r arbetsmarknaden och saknar annan inkomst. F\u00f6rs\u00f6rjningsst\u00f6det har delvis blivit en kommunal a-kassa. Kristdemokraterna har d\u00e4rf\u00f6r f\u00f6reslagit att i st\u00e4llet f\u00f6r att erh\u00e5lla f\u00f6rs\u00f6rjningsst\u00f6d b\u00f6r gruppen arbetsl\u00f6sa flyttas till en statlig dagpenning som ges till de som uppfyller kriterierna f\u00f6r att vara inskriven hos Arbetsf\u00f6rmedlingen.<\/p>\n<h4>Kristdemokraterna i Malm\u00f6 anser att<\/h4>\n<h4>Arbete och f\u00f6rs\u00f6rjningsst\u00f6d<\/h4>\n<ul>\n<li>I st\u00e4llet f\u00f6r f\u00f6rs\u00f6rjningsst\u00f6d b\u00f6r gruppen arbetsl\u00f6sa flyttas till en statlig dagpenning som ges till dem som uppfyller kriterierna f\u00f6r att vara inskrivna hos Arbetsf\u00f6rmedlingen.<\/li>\n<li>En strategi ska tas fram f\u00f6r att minska antalet barn som lever i ekonomiskt svaga hush\u00e5ll i Malm\u00f6 stad.<\/li>\n<li>Det sociala arbetet ska ha fokus p\u00e5 att f\u00f6rebygga och hj\u00e4lpa personer att inte hamna i ett beroende av f\u00f6rs\u00f6rjningsst\u00f6d, prioritera att m\u00e4nniskor ska komma i f\u00f6rs\u00f6rjning fr\u00e5n dag ett.<\/li>\n<li>Malm\u00f6 Stad ska st\u00e4lla tydliga krav p\u00e5 Arbetsf\u00f6rmedlingen att, i enlighet med sitt uppdrag, bedriva en fungerande arbetsmarknadspolitisk verksamhet med lokal fysisk n\u00e4rvaro i kommunen.<\/li>\n<li>Arbetet med att motverka bidragsfusk ska st\u00e4rkas.<\/li>\n<li>Delar av bist\u00e5ndet till sp\u00e4dbarnsutrustning\/hemutrustning ers\u00e4tts med en l\u00e5nebank. L\u00e5nade artiklar l\u00e4mnas tillbaka n\u00e4r behovet upph\u00f6r. Detta sker i samarbete med civilsamh\u00e4llet.<\/li>\n<li>Ett mer aktivt samarbete mellan kommunerna i landet d\u00e4r en arbetsl\u00f6s person som uppb\u00e4r ekonomiskt bist\u00e5nd ska flytta till en ort d\u00e4r arbete erbjuds.<\/li>\n<li>Ekonomiskt bist\u00e5nd inte ska beviljas till den som f\u00e5tt avslag p\u00e5 sin asylans\u00f6kan och har f\u00e5tt ett utvisningsbeslut.<\/li>\n<li>Praktikplatser f\u00f6r nyanl\u00e4nda ska tillhandah\u00e5llas i samverkan mellan arbetsf\u00f6rmedling, kommun och n\u00e4ringsliv. F\u00f6rs\u00f6rjningsst\u00f6d ska kombineras med aktivitetskrav.<\/li>\n<li>Samverkan med F\u00f6rs\u00e4kringskassan och Arbetsf\u00f6rmedlingen ska utvecklas f\u00f6r att minska antalet personer med ekonomiskt f\u00f6rs\u00f6rjningsst\u00f6d.<\/li>\n<li>Det lokala n\u00e4ringslivet ska uppmuntras i att delta i mentorskapsprogram f\u00f6r nyanl\u00e4nda som vill starta<\/li>\n<\/ul>\n<p><strong>SFI<\/strong><\/p>\n<ul>\n<li>Den utbildning (SFI och samh\u00e4llsorientering) som nyanl\u00e4nda erbjuds ska tidigarel\u00e4ggas s\u00e5 att den p\u00e5b\u00f6rjas redan under asyltiden och inte f\u00f6rst n\u00e4r den asyls\u00f6kande f\u00e5tt uppeh\u00e5llstillst\u00e5nd (beslutas p\u00e5 riksniv\u00e5).<\/li>\n<li>Spr\u00e5ksvaghet \u00e4r ett problem bland arbetsl\u00f6sa i Malm\u00f6 idag. F\u00f6r att komma \u00e5t problemet vill vi m\u00f6jligg\u00f6ra f\u00f6r yrkes-SFI med l\u00e4rlingsanst\u00e4llning, \u00e4ven inom ramen f\u00f6r etableringen.<\/li>\n<li>Krav inf\u00f6rs p\u00e5 att asyls\u00f6kande erh\u00e5ller och ska delta i spr\u00e5kutbildning och samh\u00e4llsorientering och att undervisningen genomf\u00f6rs med st\u00f6d av individuella prestationsplaner.<\/li>\n<\/ul>\n<p><strong>St\u00f6d till barn och familjer<\/strong><\/p>\n<ul>\n<li>Myndigheter ska samverka utifr\u00e5n barnets b\u00e4sta och inte utifr\u00e5n myndigheternas organisation s\u00e5 att barn och deras f\u00f6r\u00e4ldrar som har s\u00e5dana behov ska f\u00e5 adekvat st\u00f6d.<\/li>\n<li>F\u00f6r\u00e4ldrast\u00f6dskurser i samverkan med civilsamh\u00e4llet ska erbjudas.<\/li>\n<li>Kommunen ska utveckla arbetet med att uppt\u00e4cka och f\u00f6rebygga v\u00e5ld i n\u00e4ra relationer liksom hedersrelaterat v\u00e5ld och f\u00f6rtryck.<\/li>\n<li>Det ska finnas b\u00e4ttre tillg\u00e5ng till jourer som st\u00f6ttar kvinnor och m\u00e4n som uts\u00e4tts f\u00f6r v\u00e5ld i n\u00e4ra relation och hedersf\u00f6rtryck.<\/li>\n<li>Ett lokalt integrationsteam ska finnas med fokus p\u00e5 att kartl\u00e4gga fysiska och psykiska behov hos nyanl\u00e4nda, samt ge viktig samh\u00e4llsinformation.<\/li>\n<li>Malm\u00f6 Stad ska ha v\u00e4l utarbetade planer f\u00f6r hur ensamkommande flyktingbarn snabbt ska kunna komma in i skolan, l\u00e4ra sig spr\u00e5ket och f\u00e5 grundl\u00e4ggande kunskaper\u00a0om det svenska samh\u00e4llet.<\/li>\n<li>Kommunen ska uppmuntra och st\u00f6dja ideella f\u00f6reningar som arbetar aktivt med att f\u00e5 med nyanl\u00e4nda i sina verksamheter.<\/li>\n<li>Informationskampanjer om varje medborgares fri- och r\u00e4ttigheter ska genomf\u00f6ras d\u00e4r det bland annat uppmanas att polisanm\u00e4la trakasserier fr\u00e5n s\u00e5 kallade \u201csedlighetspoliser\u201d.<\/li>\n<\/ul>\n","protected":false},"excerpt":{"rendered":"<p>\u201dDet svenska kulturarvet, byggt p\u00e5 kristen etik och v\u00e4sterl\u00e4ndsk humanism har bidragit till skapandet av v\u00e5rt lands lagstiftning och r\u00e4ttstradition. Denna etiska grund utg\u00f6r ett sammanh\u00e5llande kitt f\u00f6r ett\u00a0m\u00e5ngkulturellt samh\u00e4lle, som inneb\u00e4r att m\u00e5nga kulturer, religioner, livsstilar, spr\u00e5k och erfarenheter lever sida vid sida och berikar varandra.\u201d En vital samh\u00e4llsgemenskap inneb\u00e4r att medborgarna k\u00e4nner delaktighet <a class=\"read-more-link\" href=\"https:\/\/wp.kristdemokraterna.se\/malmo\/?page_id=4894\">L\u00e4s mer<\/a><\/p>\n","protected":false},"author":1039,"featured_media":0,"parent":342,"menu_order":0,"comment_status":"closed","ping_status":"closed","template":"page.php","meta":{"_acf_changed":false,"footnotes":""},"class_list":["post-4894","page","type-page","status-publish","hentry"],"acf":[],"yoast_head":"<!-- This site is optimized with the Yoast SEO plugin v27.6 - https:\/\/yoast.com\/product\/yoast-seo-wordpress\/ -->\n<title>Integration och samh\u00e4llsgemenskap - Kristdemokraterna | Malm\u00f6<\/title>\n<meta name=\"robots\" content=\"index, follow, max-snippet:-1, max-image-preview:large, max-video-preview:-1\" \/>\n<link rel=\"canonical\" href=\"https:\/\/wp.kristdemokraterna.se\/malmo\/?page_id=4894\" \/>\n<meta property=\"og:locale\" content=\"sv_SE\" \/>\n<meta property=\"og:type\" content=\"article\" \/>\n<meta property=\"og:title\" content=\"Integration och samh\u00e4llsgemenskap - Kristdemokraterna | Malm\u00f6\" \/>\n<meta property=\"og:description\" content=\"\u201dDet svenska kulturarvet, byggt p\u00e5 kristen etik och v\u00e4sterl\u00e4ndsk humanism har bidragit till skapandet av v\u00e5rt lands lagstiftning och r\u00e4ttstradition. Denna etiska grund utg\u00f6r ett sammanh\u00e5llande kitt f\u00f6r ett\u00a0m\u00e5ngkulturellt samh\u00e4lle, som inneb\u00e4r att m\u00e5nga kulturer, religioner, livsstilar, spr\u00e5k och erfarenheter lever sida vid sida och berikar varandra.\u201d En vital samh\u00e4llsgemenskap inneb\u00e4r att medborgarna k\u00e4nner delaktighet L\u00e4s mer\" \/>\n<meta property=\"og:url\" content=\"https:\/\/wp.kristdemokraterna.se\/malmo\/?page_id=4894\" \/>\n<meta property=\"og:site_name\" content=\"Kristdemokraterna | Malm\u00f6\" \/>\n<meta property=\"article:modified_time\" content=\"2022-08-09T10:19:48+00:00\" \/>\n<meta property=\"og:image\" content=\"http:\/\/wp.kristdemokraterna.se\/malmo\/files\/2022\/08\/bild3.png\" \/>\n<meta name=\"twitter:card\" content=\"summary_large_image\" \/>\n<meta name=\"twitter:label1\" content=\"Ber\u00e4knad l\u00e4stid\" \/>\n\t<meta name=\"twitter:data1\" content=\"5 minuter\" \/>\n<script type=\"application\/ld+json\" class=\"yoast-schema-graph\">{\"@context\":\"https:\\\/\\\/schema.org\",\"@graph\":[{\"@type\":\"WebPage\",\"@id\":\"https:\\\/\\\/wp.kristdemokraterna.se\\\/malmo\\\/?page_id=4894\",\"url\":\"https:\\\/\\\/wp.kristdemokraterna.se\\\/malmo\\\/?page_id=4894\",\"name\":\"Integration och samh\u00e4llsgemenskap - Kristdemokraterna | Malm\u00f6\",\"isPartOf\":{\"@id\":\"https:\\\/\\\/wp.kristdemokraterna.se\\\/malmo\\\/#website\"},\"primaryImageOfPage\":{\"@id\":\"https:\\\/\\\/wp.kristdemokraterna.se\\\/malmo\\\/?page_id=4894#primaryimage\"},\"image\":{\"@id\":\"https:\\\/\\\/wp.kristdemokraterna.se\\\/malmo\\\/?page_id=4894#primaryimage\"},\"thumbnailUrl\":\"http:\\\/\\\/wp.kristdemokraterna.se\\\/malmo\\\/files\\\/2022\\\/08\\\/bild3.png\",\"datePublished\":\"2022-08-08T18:11:41+00:00\",\"dateModified\":\"2022-08-09T10:19:48+00:00\",\"breadcrumb\":{\"@id\":\"https:\\\/\\\/wp.kristdemokraterna.se\\\/malmo\\\/?page_id=4894#breadcrumb\"},\"inLanguage\":\"sv-SE\",\"potentialAction\":[{\"@type\":\"ReadAction\",\"target\":[\"https:\\\/\\\/wp.kristdemokraterna.se\\\/malmo\\\/?page_id=4894\"]}]},{\"@type\":\"ImageObject\",\"inLanguage\":\"sv-SE\",\"@id\":\"https:\\\/\\\/wp.kristdemokraterna.se\\\/malmo\\\/?page_id=4894#primaryimage\",\"url\":\"http:\\\/\\\/wp.kristdemokraterna.se\\\/malmo\\\/files\\\/2022\\\/08\\\/bild3.png\",\"contentUrl\":\"http:\\\/\\\/wp.kristdemokraterna.se\\\/malmo\\\/files\\\/2022\\\/08\\\/bild3.png\"},{\"@type\":\"BreadcrumbList\",\"@id\":\"https:\\\/\\\/wp.kristdemokraterna.se\\\/malmo\\\/?page_id=4894#breadcrumb\",\"itemListElement\":[{\"@type\":\"ListItem\",\"position\":1,\"name\":\"Hem\",\"item\":\"https:\\\/\\\/wp.kristdemokraterna.se\\\/malmo\\\/\"},{\"@type\":\"ListItem\",\"position\":2,\"name\":\"Politik f\u00f6r Malm\u00f6\",\"item\":\"https:\\\/\\\/wp.kristdemokraterna.se\\\/malmo\\\/?page_id=342\"},{\"@type\":\"ListItem\",\"position\":3,\"name\":\"Integration och samh\u00e4llsgemenskap\"}]},{\"@type\":\"WebSite\",\"@id\":\"https:\\\/\\\/wp.kristdemokraterna.se\\\/malmo\\\/#website\",\"url\":\"https:\\\/\\\/wp.kristdemokraterna.se\\\/malmo\\\/\",\"name\":\"Kristdemokraterna | Malm\u00f6\",\"description\":\"\",\"inLanguage\":\"sv-SE\"}]}<\/script>\n<!-- \/ Yoast SEO plugin. -->","yoast_head_json":{"title":"Integration och samh\u00e4llsgemenskap - Kristdemokraterna | Malm\u00f6","robots":{"index":"index","follow":"follow","max-snippet":"max-snippet:-1","max-image-preview":"max-image-preview:large","max-video-preview":"max-video-preview:-1"},"canonical":"https:\/\/wp.kristdemokraterna.se\/malmo\/?page_id=4894","og_locale":"sv_SE","og_type":"article","og_title":"Integration och samh\u00e4llsgemenskap - Kristdemokraterna | Malm\u00f6","og_description":"\u201dDet svenska kulturarvet, byggt p\u00e5 kristen etik och v\u00e4sterl\u00e4ndsk humanism har bidragit till skapandet av v\u00e5rt lands lagstiftning och r\u00e4ttstradition. Denna etiska grund utg\u00f6r ett sammanh\u00e5llande kitt f\u00f6r ett\u00a0m\u00e5ngkulturellt samh\u00e4lle, som inneb\u00e4r att m\u00e5nga kulturer, religioner, livsstilar, spr\u00e5k och erfarenheter lever sida vid sida och berikar varandra.\u201d En vital samh\u00e4llsgemenskap inneb\u00e4r att medborgarna k\u00e4nner delaktighet L\u00e4s mer","og_url":"https:\/\/wp.kristdemokraterna.se\/malmo\/?page_id=4894","og_site_name":"Kristdemokraterna | Malm\u00f6","article_modified_time":"2022-08-09T10:19:48+00:00","og_image":[{"url":"http:\/\/wp.kristdemokraterna.se\/malmo\/files\/2022\/08\/bild3.png","type":"","width":"","height":""}],"twitter_card":"summary_large_image","twitter_misc":{"Ber\u00e4knad l\u00e4stid":"5 minuter"},"schema":{"@context":"https:\/\/schema.org","@graph":[{"@type":"WebPage","@id":"https:\/\/wp.kristdemokraterna.se\/malmo\/?page_id=4894","url":"https:\/\/wp.kristdemokraterna.se\/malmo\/?page_id=4894","name":"Integration och samh\u00e4llsgemenskap - Kristdemokraterna | Malm\u00f6","isPartOf":{"@id":"https:\/\/wp.kristdemokraterna.se\/malmo\/#website"},"primaryImageOfPage":{"@id":"https:\/\/wp.kristdemokraterna.se\/malmo\/?page_id=4894#primaryimage"},"image":{"@id":"https:\/\/wp.kristdemokraterna.se\/malmo\/?page_id=4894#primaryimage"},"thumbnailUrl":"http:\/\/wp.kristdemokraterna.se\/malmo\/files\/2022\/08\/bild3.png","datePublished":"2022-08-08T18:11:41+00:00","dateModified":"2022-08-09T10:19:48+00:00","breadcrumb":{"@id":"https:\/\/wp.kristdemokraterna.se\/malmo\/?page_id=4894#breadcrumb"},"inLanguage":"sv-SE","potentialAction":[{"@type":"ReadAction","target":["https:\/\/wp.kristdemokraterna.se\/malmo\/?page_id=4894"]}]},{"@type":"ImageObject","inLanguage":"sv-SE","@id":"https:\/\/wp.kristdemokraterna.se\/malmo\/?page_id=4894#primaryimage","url":"http:\/\/wp.kristdemokraterna.se\/malmo\/files\/2022\/08\/bild3.png","contentUrl":"http:\/\/wp.kristdemokraterna.se\/malmo\/files\/2022\/08\/bild3.png"},{"@type":"BreadcrumbList","@id":"https:\/\/wp.kristdemokraterna.se\/malmo\/?page_id=4894#breadcrumb","itemListElement":[{"@type":"ListItem","position":1,"name":"Hem","item":"https:\/\/wp.kristdemokraterna.se\/malmo\/"},{"@type":"ListItem","position":2,"name":"Politik f\u00f6r Malm\u00f6","item":"https:\/\/wp.kristdemokraterna.se\/malmo\/?page_id=342"},{"@type":"ListItem","position":3,"name":"Integration och samh\u00e4llsgemenskap"}]},{"@type":"WebSite","@id":"https:\/\/wp.kristdemokraterna.se\/malmo\/#website","url":"https:\/\/wp.kristdemokraterna.se\/malmo\/","name":"Kristdemokraterna | Malm\u00f6","description":"","inLanguage":"sv-SE"}]}},"_links":{"self":[{"href":"https:\/\/wp.kristdemokraterna.se\/malmo\/index.php?rest_route=\/wp\/v2\/pages\/4894","targetHints":{"allow":["GET"]}}],"collection":[{"href":"https:\/\/wp.kristdemokraterna.se\/malmo\/index.php?rest_route=\/wp\/v2\/pages"}],"about":[{"href":"https:\/\/wp.kristdemokraterna.se\/malmo\/index.php?rest_route=\/wp\/v2\/types\/page"}],"author":[{"embeddable":true,"href":"https:\/\/wp.kristdemokraterna.se\/malmo\/index.php?rest_route=\/wp\/v2\/users\/1039"}],"replies":[{"embeddable":true,"href":"https:\/\/wp.kristdemokraterna.se\/malmo\/index.php?rest_route=%2Fwp%2Fv2%2Fcomments&post=4894"}],"version-history":[{"count":4,"href":"https:\/\/wp.kristdemokraterna.se\/malmo\/index.php?rest_route=\/wp\/v2\/pages\/4894\/revisions"}],"predecessor-version":[{"id":4943,"href":"https:\/\/wp.kristdemokraterna.se\/malmo\/index.php?rest_route=\/wp\/v2\/pages\/4894\/revisions\/4943"}],"up":[{"embeddable":true,"href":"https:\/\/wp.kristdemokraterna.se\/malmo\/index.php?rest_route=\/wp\/v2\/pages\/342"}],"wp:attachment":[{"href":"https:\/\/wp.kristdemokraterna.se\/malmo\/index.php?rest_route=%2Fwp%2Fv2%2Fmedia&parent=4894"}],"curies":[{"name":"wp","href":"https:\/\/api.w.org\/{rel}","templated":true}]}}