{"id":4917,"date":"2022-08-08T21:08:20","date_gmt":"2022-08-08T19:08:20","guid":{"rendered":"https:\/\/wp.kristdemokraterna.se\/malmo\/?page_id=4917"},"modified":"2022-08-10T10:34:20","modified_gmt":"2022-08-10T08:34:20","slug":"gymnasieskolan","status":"publish","type":"page","link":"https:\/\/wp.kristdemokraterna.se\/malmo\/?page_id=4917","title":{"rendered":"Gymnasieskolan"},"content":{"rendered":"<blockquote><p><strong><em>\u201dSkolan har tv\u00e5 huvuduppgifter: dels att stimulera elevernas intellektuella och praktiska kunskapsutveckling och kritiska t\u00e4nkande, dels att tillsammans med f\u00f6r\u00e4ldrarna, fostra eleverna till ansvarsfulla samh\u00e4llsmedborgare.\u201d<\/em><\/strong><\/p><\/blockquote>\n<p><img loading=\"lazy\" decoding=\"async\" class=\"alignright wp-image-4918 size-medium\" src=\"http:\/\/wp.kristdemokraterna.se\/malmo\/files\/2022\/08\/bild7-300x225.jpg\" alt=\"\" width=\"300\" height=\"225\" srcset=\"https:\/\/wp.kristdemokraterna.se\/malmo\/files\/2022\/08\/bild7-300x225.jpg 300w, https:\/\/wp.kristdemokraterna.se\/malmo\/files\/2022\/08\/bild7-267x200.jpg 267w, https:\/\/wp.kristdemokraterna.se\/malmo\/files\/2022\/08\/bild7-370x278.jpg 370w, https:\/\/wp.kristdemokraterna.se\/malmo\/files\/2022\/08\/bild7-450x338.jpg 450w, https:\/\/wp.kristdemokraterna.se\/malmo\/files\/2022\/08\/bild7-280x210.jpg 280w, https:\/\/wp.kristdemokraterna.se\/malmo\/files\/2022\/08\/bild7-340x255.jpg 340w, https:\/\/wp.kristdemokraterna.se\/malmo\/files\/2022\/08\/bild7-200x150.jpg 200w, https:\/\/wp.kristdemokraterna.se\/malmo\/files\/2022\/08\/bild7-75x56.jpg 75w, https:\/\/wp.kristdemokraterna.se\/malmo\/files\/2022\/08\/bild7.jpg 761w\" sizes=\"auto, (max-width: 300px) 100vw, 300px\" \/>Kristdemokraterna vill betona vikten av en skola som har h\u00f6ga f\u00f6rv\u00e4ntningar p\u00e5 b\u00e5de elever och personal. En skola som m\u00f6ter varje elevs utmaningar med tro p\u00e5 elevens potential att lyckas efter sin b\u00e4sta f\u00f6rm\u00e5ga. En s\u00e5dan skola s\u00e4tter m\u00e5l som b\u00e5de elev och f\u00f6r\u00e4ldrar kan f\u00f6rst\u00e5. Eleven ska p\u00e5 f\u00f6rhand veta vad som kr\u00e4vs av honom eller henne f\u00f6r att n\u00e5 ett visst betyg. Faktakunskap ska komma f\u00f6rst och analys och diskussion d\u00e4refter. Ett s\u00e5dant uppl\u00e4gg bli mer naturligt f\u00f6r eleven.<\/p>\n<p>Mycket tyder p\u00e5 att senare decenniers resultatf\u00f6rs\u00e4mringar i den svenska skolan kan f\u00f6rklaras av att den l\u00e4rarledda undervisningen har minskat. M\u00e5nga studier har konstaterat att undervisning ledd av skickliga l\u00e4rare \u00e4r det b\u00e4sta s\u00e4ttet f\u00f6r elever att n\u00e5 m\u00e5len f\u00f6r undervisningen. Ett st\u00f6rre fokus b\u00f6r l\u00e4ggas p\u00e5 att gymnasiestudierna kopplas till arbetsmarknadens behov av utbildad arbetskraft. Det finns m\u00e5nga exempel p\u00e5 att Sverige idag \u00e4r underf\u00f6rs\u00f6rjt p\u00e5 kompetens som efterfr\u00e5gas p\u00e5 arbetsmarknaden.<\/p>\n<h4><\/h4>\n<h4>Kristdemokraterna i Malm\u00f6 anser att<strong>\u00a0<\/strong><\/h4>\n<ul>\n<li>En elevh\u00e4lsogaranti ska finnas som inneb\u00e4r att varje elev ska kunna komma i kontakt med elevh\u00e4lsan varje skoldag.<\/li>\n<li>Det ska inr\u00e4ttas ett s\u00e4rskilt arbete med pojkars och unga m\u00e4ns psykiska oh\u00e4lsa<\/li>\n<li>M\u00f6jligheten att v\u00e4lja skola ska fortsatt vara en r\u00e4ttighet. En m\u00e5ngfald av skolor, s\u00e5v\u00e4l avseende utf\u00f6rare som profil ska finnas.<\/li>\n<li>Ett n\u00e4ra samarbete ska finnas mellan skolan och det lokala n\u00e4ringslivet, exempelvis vad g\u00e4ller l\u00e4rlingsutbildningar och praktikplatser.<\/li>\n<li>Vid v\u00e4gledningssamtal hos studie- och yrkesv\u00e4gledare ska f\u00f6ruts\u00e4ttningarna f\u00f6r framtida jobb vara ett centralt perspektiv.<\/li>\n<li>Varje gymnasieskola ska aktivt, och utan dr\u00f6jsm\u00e5l, uppm\u00e4rksamma elever som har problematisk fr\u00e5nvaro och vidta de \u00e5tg\u00e4rder som kr\u00e4vs f\u00f6r att f\u00e5 tillbaka elever som har problematisk fr\u00e5nvaro.<\/li>\n<li>Gymnasies\u00e4rskolan ska verka f\u00f6r att de elever som har intresse och m\u00f6jlighet ska erbjudas praktik eller l\u00e4rlingsplatser.<\/li>\n<li>Den som medvetet f\u00f6rst\u00f6r skolmilj\u00f6n, exempelvis genom klotter, ska medverka till att \u00e5terst\u00e4lla skadan.<\/li>\n<li>L\u00e4rare och skolpersonal ska ges fortbildning f\u00f6r \u00f6kad kunskap kring psykisk oh\u00e4lsa och sj\u00e4lvmord.<\/li>\n<\/ul>\n<p>&nbsp;<\/p>\n","protected":false},"excerpt":{"rendered":"<p>\u201dSkolan har tv\u00e5 huvuduppgifter: dels att stimulera elevernas intellektuella och praktiska kunskapsutveckling och kritiska t\u00e4nkande, dels att tillsammans med f\u00f6r\u00e4ldrarna, fostra eleverna till ansvarsfulla samh\u00e4llsmedborgare.\u201d Kristdemokraterna vill betona vikten av en skola som har h\u00f6ga f\u00f6rv\u00e4ntningar p\u00e5 b\u00e5de elever och personal. En skola som m\u00f6ter varje elevs utmaningar med tro p\u00e5 elevens potential att lyckas <a class=\"read-more-link\" href=\"https:\/\/wp.kristdemokraterna.se\/malmo\/?page_id=4917\">L\u00e4s mer<\/a><\/p>\n","protected":false},"author":1039,"featured_media":0,"parent":342,"menu_order":0,"comment_status":"closed","ping_status":"closed","template":"page.php","meta":{"_acf_changed":false,"footnotes":""},"class_list":["post-4917","page","type-page","status-publish","hentry"],"acf":[],"yoast_head":"<!-- This site is optimized with the Yoast SEO plugin v27.6 - https:\/\/yoast.com\/product\/yoast-seo-wordpress\/ -->\n<title>Gymnasieskolan - Kristdemokraterna | Malm\u00f6<\/title>\n<meta name=\"robots\" content=\"index, follow, max-snippet:-1, max-image-preview:large, max-video-preview:-1\" \/>\n<link rel=\"canonical\" href=\"https:\/\/wp.kristdemokraterna.se\/malmo\/?page_id=4917\" \/>\n<meta property=\"og:locale\" content=\"sv_SE\" \/>\n<meta property=\"og:type\" content=\"article\" \/>\n<meta property=\"og:title\" content=\"Gymnasieskolan - Kristdemokraterna | Malm\u00f6\" \/>\n<meta property=\"og:description\" content=\"\u201dSkolan har tv\u00e5 huvuduppgifter: dels att stimulera elevernas intellektuella och praktiska kunskapsutveckling och kritiska t\u00e4nkande, dels att tillsammans med f\u00f6r\u00e4ldrarna, fostra eleverna till ansvarsfulla samh\u00e4llsmedborgare.\u201d Kristdemokraterna vill betona vikten av en skola som har h\u00f6ga f\u00f6rv\u00e4ntningar p\u00e5 b\u00e5de elever och personal. En skola som m\u00f6ter varje elevs utmaningar med tro p\u00e5 elevens potential att lyckas L\u00e4s mer\" \/>\n<meta property=\"og:url\" content=\"https:\/\/wp.kristdemokraterna.se\/malmo\/?page_id=4917\" \/>\n<meta property=\"og:site_name\" content=\"Kristdemokraterna | Malm\u00f6\" \/>\n<meta property=\"article:modified_time\" content=\"2022-08-10T08:34:20+00:00\" \/>\n<meta property=\"og:image\" content=\"http:\/\/wp.kristdemokraterna.se\/malmo\/files\/2022\/08\/bild7-300x225.jpg\" \/>\n<meta name=\"twitter:card\" content=\"summary_large_image\" \/>\n<meta name=\"twitter:label1\" content=\"Ber\u00e4knad l\u00e4stid\" \/>\n\t<meta name=\"twitter:data1\" content=\"2 minuter\" \/>\n<script type=\"application\/ld+json\" class=\"yoast-schema-graph\">{\"@context\":\"https:\\\/\\\/schema.org\",\"@graph\":[{\"@type\":\"WebPage\",\"@id\":\"https:\\\/\\\/wp.kristdemokraterna.se\\\/malmo\\\/?page_id=4917\",\"url\":\"https:\\\/\\\/wp.kristdemokraterna.se\\\/malmo\\\/?page_id=4917\",\"name\":\"Gymnasieskolan - Kristdemokraterna | Malm\u00f6\",\"isPartOf\":{\"@id\":\"https:\\\/\\\/wp.kristdemokraterna.se\\\/malmo\\\/#website\"},\"primaryImageOfPage\":{\"@id\":\"https:\\\/\\\/wp.kristdemokraterna.se\\\/malmo\\\/?page_id=4917#primaryimage\"},\"image\":{\"@id\":\"https:\\\/\\\/wp.kristdemokraterna.se\\\/malmo\\\/?page_id=4917#primaryimage\"},\"thumbnailUrl\":\"http:\\\/\\\/wp.kristdemokraterna.se\\\/malmo\\\/files\\\/2022\\\/08\\\/bild7-300x225.jpg\",\"datePublished\":\"2022-08-08T19:08:20+00:00\",\"dateModified\":\"2022-08-10T08:34:20+00:00\",\"breadcrumb\":{\"@id\":\"https:\\\/\\\/wp.kristdemokraterna.se\\\/malmo\\\/?page_id=4917#breadcrumb\"},\"inLanguage\":\"sv-SE\",\"potentialAction\":[{\"@type\":\"ReadAction\",\"target\":[\"https:\\\/\\\/wp.kristdemokraterna.se\\\/malmo\\\/?page_id=4917\"]}]},{\"@type\":\"ImageObject\",\"inLanguage\":\"sv-SE\",\"@id\":\"https:\\\/\\\/wp.kristdemokraterna.se\\\/malmo\\\/?page_id=4917#primaryimage\",\"url\":\"http:\\\/\\\/wp.kristdemokraterna.se\\\/malmo\\\/files\\\/2022\\\/08\\\/bild7-300x225.jpg\",\"contentUrl\":\"http:\\\/\\\/wp.kristdemokraterna.se\\\/malmo\\\/files\\\/2022\\\/08\\\/bild7-300x225.jpg\"},{\"@type\":\"BreadcrumbList\",\"@id\":\"https:\\\/\\\/wp.kristdemokraterna.se\\\/malmo\\\/?page_id=4917#breadcrumb\",\"itemListElement\":[{\"@type\":\"ListItem\",\"position\":1,\"name\":\"Hem\",\"item\":\"https:\\\/\\\/wp.kristdemokraterna.se\\\/malmo\\\/\"},{\"@type\":\"ListItem\",\"position\":2,\"name\":\"Politik f\u00f6r Malm\u00f6\",\"item\":\"https:\\\/\\\/wp.kristdemokraterna.se\\\/malmo\\\/?page_id=342\"},{\"@type\":\"ListItem\",\"position\":3,\"name\":\"Gymnasieskolan\"}]},{\"@type\":\"WebSite\",\"@id\":\"https:\\\/\\\/wp.kristdemokraterna.se\\\/malmo\\\/#website\",\"url\":\"https:\\\/\\\/wp.kristdemokraterna.se\\\/malmo\\\/\",\"name\":\"Kristdemokraterna | Malm\u00f6\",\"description\":\"\",\"inLanguage\":\"sv-SE\"}]}<\/script>\n<!-- \/ Yoast SEO plugin. -->","yoast_head_json":{"title":"Gymnasieskolan - Kristdemokraterna | Malm\u00f6","robots":{"index":"index","follow":"follow","max-snippet":"max-snippet:-1","max-image-preview":"max-image-preview:large","max-video-preview":"max-video-preview:-1"},"canonical":"https:\/\/wp.kristdemokraterna.se\/malmo\/?page_id=4917","og_locale":"sv_SE","og_type":"article","og_title":"Gymnasieskolan - Kristdemokraterna | Malm\u00f6","og_description":"\u201dSkolan har tv\u00e5 huvuduppgifter: dels att stimulera elevernas intellektuella och praktiska kunskapsutveckling och kritiska t\u00e4nkande, dels att tillsammans med f\u00f6r\u00e4ldrarna, fostra eleverna till ansvarsfulla samh\u00e4llsmedborgare.\u201d Kristdemokraterna vill betona vikten av en skola som har h\u00f6ga f\u00f6rv\u00e4ntningar p\u00e5 b\u00e5de elever och personal. En skola som m\u00f6ter varje elevs utmaningar med tro p\u00e5 elevens potential att lyckas L\u00e4s mer","og_url":"https:\/\/wp.kristdemokraterna.se\/malmo\/?page_id=4917","og_site_name":"Kristdemokraterna | Malm\u00f6","article_modified_time":"2022-08-10T08:34:20+00:00","og_image":[{"url":"http:\/\/wp.kristdemokraterna.se\/malmo\/files\/2022\/08\/bild7-300x225.jpg","type":"","width":"","height":""}],"twitter_card":"summary_large_image","twitter_misc":{"Ber\u00e4knad l\u00e4stid":"2 minuter"},"schema":{"@context":"https:\/\/schema.org","@graph":[{"@type":"WebPage","@id":"https:\/\/wp.kristdemokraterna.se\/malmo\/?page_id=4917","url":"https:\/\/wp.kristdemokraterna.se\/malmo\/?page_id=4917","name":"Gymnasieskolan - Kristdemokraterna | Malm\u00f6","isPartOf":{"@id":"https:\/\/wp.kristdemokraterna.se\/malmo\/#website"},"primaryImageOfPage":{"@id":"https:\/\/wp.kristdemokraterna.se\/malmo\/?page_id=4917#primaryimage"},"image":{"@id":"https:\/\/wp.kristdemokraterna.se\/malmo\/?page_id=4917#primaryimage"},"thumbnailUrl":"http:\/\/wp.kristdemokraterna.se\/malmo\/files\/2022\/08\/bild7-300x225.jpg","datePublished":"2022-08-08T19:08:20+00:00","dateModified":"2022-08-10T08:34:20+00:00","breadcrumb":{"@id":"https:\/\/wp.kristdemokraterna.se\/malmo\/?page_id=4917#breadcrumb"},"inLanguage":"sv-SE","potentialAction":[{"@type":"ReadAction","target":["https:\/\/wp.kristdemokraterna.se\/malmo\/?page_id=4917"]}]},{"@type":"ImageObject","inLanguage":"sv-SE","@id":"https:\/\/wp.kristdemokraterna.se\/malmo\/?page_id=4917#primaryimage","url":"http:\/\/wp.kristdemokraterna.se\/malmo\/files\/2022\/08\/bild7-300x225.jpg","contentUrl":"http:\/\/wp.kristdemokraterna.se\/malmo\/files\/2022\/08\/bild7-300x225.jpg"},{"@type":"BreadcrumbList","@id":"https:\/\/wp.kristdemokraterna.se\/malmo\/?page_id=4917#breadcrumb","itemListElement":[{"@type":"ListItem","position":1,"name":"Hem","item":"https:\/\/wp.kristdemokraterna.se\/malmo\/"},{"@type":"ListItem","position":2,"name":"Politik f\u00f6r Malm\u00f6","item":"https:\/\/wp.kristdemokraterna.se\/malmo\/?page_id=342"},{"@type":"ListItem","position":3,"name":"Gymnasieskolan"}]},{"@type":"WebSite","@id":"https:\/\/wp.kristdemokraterna.se\/malmo\/#website","url":"https:\/\/wp.kristdemokraterna.se\/malmo\/","name":"Kristdemokraterna | Malm\u00f6","description":"","inLanguage":"sv-SE"}]}},"_links":{"self":[{"href":"https:\/\/wp.kristdemokraterna.se\/malmo\/index.php?rest_route=\/wp\/v2\/pages\/4917","targetHints":{"allow":["GET"]}}],"collection":[{"href":"https:\/\/wp.kristdemokraterna.se\/malmo\/index.php?rest_route=\/wp\/v2\/pages"}],"about":[{"href":"https:\/\/wp.kristdemokraterna.se\/malmo\/index.php?rest_route=\/wp\/v2\/types\/page"}],"author":[{"embeddable":true,"href":"https:\/\/wp.kristdemokraterna.se\/malmo\/index.php?rest_route=\/wp\/v2\/users\/1039"}],"replies":[{"embeddable":true,"href":"https:\/\/wp.kristdemokraterna.se\/malmo\/index.php?rest_route=%2Fwp%2Fv2%2Fcomments&post=4917"}],"version-history":[{"count":2,"href":"https:\/\/wp.kristdemokraterna.se\/malmo\/index.php?rest_route=\/wp\/v2\/pages\/4917\/revisions"}],"predecessor-version":[{"id":5089,"href":"https:\/\/wp.kristdemokraterna.se\/malmo\/index.php?rest_route=\/wp\/v2\/pages\/4917\/revisions\/5089"}],"up":[{"embeddable":true,"href":"https:\/\/wp.kristdemokraterna.se\/malmo\/index.php?rest_route=\/wp\/v2\/pages\/342"}],"wp:attachment":[{"href":"https:\/\/wp.kristdemokraterna.se\/malmo\/index.php?rest_route=%2Fwp%2Fv2%2Fmedia&parent=4917"}],"curies":[{"name":"wp","href":"https:\/\/api.w.org\/{rel}","templated":true}]}}