{"id":4933,"date":"2022-08-08T21:58:48","date_gmt":"2022-08-08T19:58:48","guid":{"rendered":"https:\/\/wp.kristdemokraterna.se\/malmo\/?page_id=4933"},"modified":"2022-08-09T12:23:21","modified_gmt":"2022-08-09T10:23:21","slug":"aldreomsorg","status":"publish","type":"page","link":"https:\/\/wp.kristdemokraterna.se\/malmo\/?page_id=4933","title":{"rendered":"\u00c4ldreomsorg"},"content":{"rendered":"<blockquote><p><strong>\u201d<em>Alla medborgare ska kunna \u00e5ldras med v\u00e4rdighet. Det inneb\u00e4r att service, v\u00e5rd och omsorg ska vara tillg\u00e4nglig och ges utifr\u00e5n en helhetssyn p\u00e5 den enskilde med h\u00e4nsyn till sj\u00e4lsliga, andliga och materiella behov. Denna samh\u00e4lleliga skyldighet inneb\u00e4r att \u00e4ldreomsorgen m\u00e5ste vara v\u00e4l utbyggd med hemtj\u00e4nst och hemsjukv\u00e5rd, olika former av dagverksamhet samt ett varierat utbud av boendeformer<\/em>.\u201d<\/strong><\/p><\/blockquote>\n<p><a href=\"http:\/\/wp.kristdemokraterna.se\/malmo\/files\/2022\/08\/bild9.png\"><img loading=\"lazy\" decoding=\"async\" class=\"alignright size-full wp-image-4934\" src=\"http:\/\/wp.kristdemokraterna.se\/malmo\/files\/2022\/08\/bild9.png\" alt=\"\" width=\"325\" height=\"231\" srcset=\"https:\/\/wp.kristdemokraterna.se\/malmo\/files\/2022\/08\/bild9.png 325w, https:\/\/wp.kristdemokraterna.se\/malmo\/files\/2022\/08\/bild9-300x213.png 300w, https:\/\/wp.kristdemokraterna.se\/malmo\/files\/2022\/08\/bild9-281x200.png 281w, https:\/\/wp.kristdemokraterna.se\/malmo\/files\/2022\/08\/bild9-280x199.png 280w, https:\/\/wp.kristdemokraterna.se\/malmo\/files\/2022\/08\/bild9-200x142.png 200w, https:\/\/wp.kristdemokraterna.se\/malmo\/files\/2022\/08\/bild9-79x56.png 79w\" sizes=\"auto, (max-width: 325px) 100vw, 325px\" \/><\/a><\/p>\n<p>M\u00e4nniskov\u00e4rdet beror inte p\u00e5 \u00e5lder eller den \u00e4ldres egen f\u00f6rm\u00e5ga. \u00c4ldreomsorgen ska pr\u00e4glas av trygghet, v\u00e4rdighet och delaktighet. V\u00e5r utg\u00e5ngspunkt \u00e4r att varje person b\u00e4st k\u00e4nner sina egna behov och att m\u00f6jligheten till inflytande och valfrihet d\u00e4rf\u00f6r ska vara stort. Om man flyttar till ett boende f\u00f6r \u00e4ldre, exempelvis s\u00e4rskilt boende eller trygghetsboende, ska man s\u00e5 l\u00e5ngt som m\u00f6jligt f\u00e5 f\u00f6lja sina rutiner. N\u00e4rhet och gemenskap \u00e4r grundl\u00e4ggande m\u00e4nskliga behov, n\u00e5got som det offentliga inte fullt ut kan tillfredsst\u00e4lla. Av denna anledning m\u00e5ste \u00e4ldreomsorgen m\u00e5na om goda relationer med anh\u00f6riga och ett gott samarbete med civilsamh\u00e4llet exempelvis med f\u00f6reningar, kyrkor och andra ideella krafter. Tyv\u00e4rr \u00e4r ensamhet och passivitet bland \u00e4ldre ett problem. Det finns ocks\u00e5 personer som inte f\u00e5r den omsorg de beh\u00f6ver och som ett resultat av detta drabbas av exempelvis undern\u00e4ring men ocks\u00e5 oro och \u00e5ngest. D\u00e4rf\u00f6r m\u00e5ste arbetet emot ofrivillig ensamhet intensifieras i Malm\u00f6.<\/p>\n<p>Socialdemokraterna har styrt Malm\u00f6s \u00e4ldreomsorg 28 \u00e5r i rad och resultatet \u00e4r nedsl\u00e5ende. Malm\u00f6s \u00e4ldreomsorg ligger i botten i j\u00e4mf\u00f6relse med andra kommuner i Sverige. D\u00e4rf\u00f6r beh\u00f6vs ett nytt ledarskap i staden f\u00f6r att s\u00e4tta \u00e4ldreperspektivet fr\u00e4mst. Det ansvaret tar vi kristdemokrater.<\/p>\n<h4>Kristdemokraterna i Malm\u00f6 anser att<\/h4>\n<ul>\n<li>Lagen om valfrihet, LOV, eller annat valfrihetssystem ska inf\u00f6ras f\u00f6r att m\u00f6jligg\u00f6ra val av ackrediterade utf\u00f6rare inom hemtj\u00e4nst och s\u00e4rskilt boende.<\/li>\n<li>Kommunens v\u00e5rd och omsorg ska vara personcentrerad, d\u00e4r insatserna ska vara samordnade och utg\u00e5 fr\u00e5n den enskildes behov, situation, f\u00f6rm\u00e5gor och preferenser.<\/li>\n<li>Varje person som fyllt 85 \u00e5r utan bist\u00e5ndsbed\u00f6mning ska garanteras plats i anpassat boende, som exempelvis trygghetsboende. Plats p\u00e5 s\u00e4rskilt boende ska fortsatt vara kopplat till ett bist\u00e5ndsbeslut.<\/li>\n<li>Den enskilde ska kunna v\u00e4lja \u00e4ldreboende och st\u00e4lla sig i k\u00f6 d\u00e5 plats inte kan erbjudas.<\/li>\n<li>V\u00e5rdserviceteam ska utvecklas f\u00f6r att avlasta undersk\u00f6terskor med icke-medicinska uppgifter.<\/li>\n<li>De olika verksamheterna ska s\u00e5 l\u00e5ngt som m\u00f6jligt anpassas f\u00f6r att m\u00f6ta varje persons behov vad g\u00e4ller intressen, spr\u00e5k, livs\u00e5sk\u00e5dning, sexuell l\u00e4ggning och v\u00e5rdbehov exempelvis genom profileringar och anpassade boenden.<\/li>\n<li>All personal inom omsorgen som jobbar v\u00e5rdn\u00e4ra m\u00e5ste kunna kommunicera p\u00e5 god svenska.<\/li>\n<li>Personal inom hemtj\u00e4nsten ska erbjudas regelbunden reflektionstid under arbetstid.<\/li>\n<li>Kommunen ska informera den enskilde om m\u00f6jligheten att g\u00f6ra egna val av hush\u00e5llsn\u00e4ra tj\u00e4nster med hj\u00e4lp av RUT- och ROT-avdrag.<\/li>\n<li>Det beh\u00f6ver byggas fler platser i anpassade boenden s\u00e5som seniorboenden, trygghetsboenden och s\u00e4rskilda boenden.<\/li>\n<li>H\u00f6g kvalitet, stor valfrihet och n\u00e4ringsriktig kost ska garanteras inom \u00e4ldreomsorgen.<\/li>\n<li>Kommunen ska ha ett v\u00e4lutvecklat anh\u00f6rigst\u00f6d. Det ska finnas tydlig information kring vilket st\u00f6d anh\u00f6riga har r\u00e4tt till.<\/li>\n<li>Brukarunders\u00f6kningar och kvalitetsuppf\u00f6ljningar ska utf\u00f6ras regelbundet och redovisas \u00f6ppet och l\u00e4ttf\u00f6rst\u00e5eligt p\u00e5 exempelvis kommunens hemsida, som st\u00f6d f\u00f6r den \u00e4ldre eller dennes anh\u00f6riga att v\u00e4lja utf\u00f6rare.<\/li>\n<li>Det ska finnas kuratorer tillg\u00e4ngliga i \u00e4ldreomsorgen f\u00f6r samtalsst\u00f6d till boende och anh\u00f6riga.<\/li>\n<li>Den palliativa v\u00e5rden ska i samverkan med regionen utvecklas f\u00f6r att garantera alla en v\u00e4rdig v\u00e5rd i livets slutskede.<\/li>\n<li>Kommunen ska ha r\u00e4tt att anst\u00e4lla l\u00e4kare.<\/li>\n<li>Kommunen ska intensifiera arbetet med digitalisering inom \u00e4ldreomsorgen.<\/li>\n<li>Det ska finnas wifi p\u00e5 alla \u00e4ldreboenden.<\/li>\n<li>Den medicinska kompetensen ska st\u00e4rkas inom \u00e4ldreomsorgen genom fler sjuksk\u00f6terskor och \u00f6kad l\u00e4karmedverkan.<\/li>\n<li>Vaccination mot pneumokocker ska erbjudas alla \u00e4ldre som fyllt 65 \u00e5r.<\/li>\n<li>Ideellt driven och id\u00e9buren v\u00e5rd och omsorg ska ges goda f\u00f6ruts\u00e4ttningar att v\u00e4xa fram och driva verksamhet.<\/li>\n<li>Fungerande hemtagningsteam till st\u00f6d f\u00f6r \u00e4ldre vid hemkomst efter sjukhusvistelse ska finnas.<\/li>\n<li>\u00c4ldreombudsmannen i Malm\u00f6 g\u00f6rs mer oberoende.<\/li>\n<li>Avgiftsfri kollektivtrafik inf\u00f6rs oberoende av tid p\u00e5 dygnet f\u00f6r de som fyllt 70 \u00e5r.<\/li>\n<li>Demensteamen \u00e5terinf\u00f6ras.<\/li>\n<\/ul>\n","protected":false},"excerpt":{"rendered":"<p>\u201dAlla medborgare ska kunna \u00e5ldras med v\u00e4rdighet. Det inneb\u00e4r att service, v\u00e5rd och omsorg ska vara tillg\u00e4nglig och ges utifr\u00e5n en helhetssyn p\u00e5 den enskilde med h\u00e4nsyn till sj\u00e4lsliga, andliga och materiella behov. Denna samh\u00e4lleliga skyldighet inneb\u00e4r att \u00e4ldreomsorgen m\u00e5ste vara v\u00e4l utbyggd med hemtj\u00e4nst och hemsjukv\u00e5rd, olika former av dagverksamhet samt ett varierat utbud <a class=\"read-more-link\" href=\"https:\/\/wp.kristdemokraterna.se\/malmo\/?page_id=4933\">L\u00e4s mer<\/a><\/p>\n","protected":false},"author":1039,"featured_media":0,"parent":342,"menu_order":0,"comment_status":"closed","ping_status":"closed","template":"","meta":{"_acf_changed":false,"footnotes":""},"class_list":["post-4933","page","type-page","status-publish","hentry"],"acf":[],"yoast_head":"<!-- This site is optimized with the Yoast SEO plugin v27.6 - https:\/\/yoast.com\/product\/yoast-seo-wordpress\/ -->\n<title>\u00c4ldreomsorg - Kristdemokraterna | Malm\u00f6<\/title>\n<meta name=\"robots\" content=\"index, follow, max-snippet:-1, max-image-preview:large, max-video-preview:-1\" \/>\n<link rel=\"canonical\" href=\"https:\/\/wp.kristdemokraterna.se\/malmo\/?page_id=4933\" \/>\n<meta property=\"og:locale\" content=\"sv_SE\" \/>\n<meta property=\"og:type\" content=\"article\" \/>\n<meta property=\"og:title\" content=\"\u00c4ldreomsorg - Kristdemokraterna | Malm\u00f6\" \/>\n<meta property=\"og:description\" content=\"\u201dAlla medborgare ska kunna \u00e5ldras med v\u00e4rdighet. Det inneb\u00e4r att service, v\u00e5rd och omsorg ska vara tillg\u00e4nglig och ges utifr\u00e5n en helhetssyn p\u00e5 den enskilde med h\u00e4nsyn till sj\u00e4lsliga, andliga och materiella behov. Denna samh\u00e4lleliga skyldighet inneb\u00e4r att \u00e4ldreomsorgen m\u00e5ste vara v\u00e4l utbyggd med hemtj\u00e4nst och hemsjukv\u00e5rd, olika former av dagverksamhet samt ett varierat utbud L\u00e4s mer\" \/>\n<meta property=\"og:url\" content=\"https:\/\/wp.kristdemokraterna.se\/malmo\/?page_id=4933\" \/>\n<meta property=\"og:site_name\" content=\"Kristdemokraterna | Malm\u00f6\" \/>\n<meta property=\"article:modified_time\" content=\"2022-08-09T10:23:21+00:00\" \/>\n<meta property=\"og:image\" content=\"http:\/\/wp.kristdemokraterna.se\/malmo\/files\/2022\/08\/bild9.png\" \/>\n<meta name=\"twitter:card\" content=\"summary_large_image\" \/>\n<meta name=\"twitter:label1\" content=\"Ber\u00e4knad l\u00e4stid\" \/>\n\t<meta name=\"twitter:data1\" content=\"4 minuter\" \/>\n<script type=\"application\/ld+json\" class=\"yoast-schema-graph\">{\"@context\":\"https:\\\/\\\/schema.org\",\"@graph\":[{\"@type\":\"WebPage\",\"@id\":\"https:\\\/\\\/wp.kristdemokraterna.se\\\/malmo\\\/?page_id=4933\",\"url\":\"https:\\\/\\\/wp.kristdemokraterna.se\\\/malmo\\\/?page_id=4933\",\"name\":\"\u00c4ldreomsorg - Kristdemokraterna | Malm\u00f6\",\"isPartOf\":{\"@id\":\"https:\\\/\\\/wp.kristdemokraterna.se\\\/malmo\\\/#website\"},\"primaryImageOfPage\":{\"@id\":\"https:\\\/\\\/wp.kristdemokraterna.se\\\/malmo\\\/?page_id=4933#primaryimage\"},\"image\":{\"@id\":\"https:\\\/\\\/wp.kristdemokraterna.se\\\/malmo\\\/?page_id=4933#primaryimage\"},\"thumbnailUrl\":\"http:\\\/\\\/wp.kristdemokraterna.se\\\/malmo\\\/files\\\/2022\\\/08\\\/bild9.png\",\"datePublished\":\"2022-08-08T19:58:48+00:00\",\"dateModified\":\"2022-08-09T10:23:21+00:00\",\"breadcrumb\":{\"@id\":\"https:\\\/\\\/wp.kristdemokraterna.se\\\/malmo\\\/?page_id=4933#breadcrumb\"},\"inLanguage\":\"sv-SE\",\"potentialAction\":[{\"@type\":\"ReadAction\",\"target\":[\"https:\\\/\\\/wp.kristdemokraterna.se\\\/malmo\\\/?page_id=4933\"]}]},{\"@type\":\"ImageObject\",\"inLanguage\":\"sv-SE\",\"@id\":\"https:\\\/\\\/wp.kristdemokraterna.se\\\/malmo\\\/?page_id=4933#primaryimage\",\"url\":\"http:\\\/\\\/wp.kristdemokraterna.se\\\/malmo\\\/files\\\/2022\\\/08\\\/bild9.png\",\"contentUrl\":\"http:\\\/\\\/wp.kristdemokraterna.se\\\/malmo\\\/files\\\/2022\\\/08\\\/bild9.png\"},{\"@type\":\"BreadcrumbList\",\"@id\":\"https:\\\/\\\/wp.kristdemokraterna.se\\\/malmo\\\/?page_id=4933#breadcrumb\",\"itemListElement\":[{\"@type\":\"ListItem\",\"position\":1,\"name\":\"Hem\",\"item\":\"https:\\\/\\\/wp.kristdemokraterna.se\\\/malmo\\\/\"},{\"@type\":\"ListItem\",\"position\":2,\"name\":\"Politik f\u00f6r Malm\u00f6\",\"item\":\"https:\\\/\\\/wp.kristdemokraterna.se\\\/malmo\\\/?page_id=342\"},{\"@type\":\"ListItem\",\"position\":3,\"name\":\"\u00c4ldreomsorg\"}]},{\"@type\":\"WebSite\",\"@id\":\"https:\\\/\\\/wp.kristdemokraterna.se\\\/malmo\\\/#website\",\"url\":\"https:\\\/\\\/wp.kristdemokraterna.se\\\/malmo\\\/\",\"name\":\"Kristdemokraterna | Malm\u00f6\",\"description\":\"\",\"inLanguage\":\"sv-SE\"}]}<\/script>\n<!-- \/ Yoast SEO plugin. -->","yoast_head_json":{"title":"\u00c4ldreomsorg - Kristdemokraterna | Malm\u00f6","robots":{"index":"index","follow":"follow","max-snippet":"max-snippet:-1","max-image-preview":"max-image-preview:large","max-video-preview":"max-video-preview:-1"},"canonical":"https:\/\/wp.kristdemokraterna.se\/malmo\/?page_id=4933","og_locale":"sv_SE","og_type":"article","og_title":"\u00c4ldreomsorg - Kristdemokraterna | Malm\u00f6","og_description":"\u201dAlla medborgare ska kunna \u00e5ldras med v\u00e4rdighet. Det inneb\u00e4r att service, v\u00e5rd och omsorg ska vara tillg\u00e4nglig och ges utifr\u00e5n en helhetssyn p\u00e5 den enskilde med h\u00e4nsyn till sj\u00e4lsliga, andliga och materiella behov. Denna samh\u00e4lleliga skyldighet inneb\u00e4r att \u00e4ldreomsorgen m\u00e5ste vara v\u00e4l utbyggd med hemtj\u00e4nst och hemsjukv\u00e5rd, olika former av dagverksamhet samt ett varierat utbud L\u00e4s mer","og_url":"https:\/\/wp.kristdemokraterna.se\/malmo\/?page_id=4933","og_site_name":"Kristdemokraterna | Malm\u00f6","article_modified_time":"2022-08-09T10:23:21+00:00","og_image":[{"url":"http:\/\/wp.kristdemokraterna.se\/malmo\/files\/2022\/08\/bild9.png","type":"","width":"","height":""}],"twitter_card":"summary_large_image","twitter_misc":{"Ber\u00e4knad l\u00e4stid":"4 minuter"},"schema":{"@context":"https:\/\/schema.org","@graph":[{"@type":"WebPage","@id":"https:\/\/wp.kristdemokraterna.se\/malmo\/?page_id=4933","url":"https:\/\/wp.kristdemokraterna.se\/malmo\/?page_id=4933","name":"\u00c4ldreomsorg - Kristdemokraterna | Malm\u00f6","isPartOf":{"@id":"https:\/\/wp.kristdemokraterna.se\/malmo\/#website"},"primaryImageOfPage":{"@id":"https:\/\/wp.kristdemokraterna.se\/malmo\/?page_id=4933#primaryimage"},"image":{"@id":"https:\/\/wp.kristdemokraterna.se\/malmo\/?page_id=4933#primaryimage"},"thumbnailUrl":"http:\/\/wp.kristdemokraterna.se\/malmo\/files\/2022\/08\/bild9.png","datePublished":"2022-08-08T19:58:48+00:00","dateModified":"2022-08-09T10:23:21+00:00","breadcrumb":{"@id":"https:\/\/wp.kristdemokraterna.se\/malmo\/?page_id=4933#breadcrumb"},"inLanguage":"sv-SE","potentialAction":[{"@type":"ReadAction","target":["https:\/\/wp.kristdemokraterna.se\/malmo\/?page_id=4933"]}]},{"@type":"ImageObject","inLanguage":"sv-SE","@id":"https:\/\/wp.kristdemokraterna.se\/malmo\/?page_id=4933#primaryimage","url":"http:\/\/wp.kristdemokraterna.se\/malmo\/files\/2022\/08\/bild9.png","contentUrl":"http:\/\/wp.kristdemokraterna.se\/malmo\/files\/2022\/08\/bild9.png"},{"@type":"BreadcrumbList","@id":"https:\/\/wp.kristdemokraterna.se\/malmo\/?page_id=4933#breadcrumb","itemListElement":[{"@type":"ListItem","position":1,"name":"Hem","item":"https:\/\/wp.kristdemokraterna.se\/malmo\/"},{"@type":"ListItem","position":2,"name":"Politik f\u00f6r Malm\u00f6","item":"https:\/\/wp.kristdemokraterna.se\/malmo\/?page_id=342"},{"@type":"ListItem","position":3,"name":"\u00c4ldreomsorg"}]},{"@type":"WebSite","@id":"https:\/\/wp.kristdemokraterna.se\/malmo\/#website","url":"https:\/\/wp.kristdemokraterna.se\/malmo\/","name":"Kristdemokraterna | Malm\u00f6","description":"","inLanguage":"sv-SE"}]}},"_links":{"self":[{"href":"https:\/\/wp.kristdemokraterna.se\/malmo\/index.php?rest_route=\/wp\/v2\/pages\/4933","targetHints":{"allow":["GET"]}}],"collection":[{"href":"https:\/\/wp.kristdemokraterna.se\/malmo\/index.php?rest_route=\/wp\/v2\/pages"}],"about":[{"href":"https:\/\/wp.kristdemokraterna.se\/malmo\/index.php?rest_route=\/wp\/v2\/types\/page"}],"author":[{"embeddable":true,"href":"https:\/\/wp.kristdemokraterna.se\/malmo\/index.php?rest_route=\/wp\/v2\/users\/1039"}],"replies":[{"embeddable":true,"href":"https:\/\/wp.kristdemokraterna.se\/malmo\/index.php?rest_route=%2Fwp%2Fv2%2Fcomments&post=4933"}],"version-history":[{"count":1,"href":"https:\/\/wp.kristdemokraterna.se\/malmo\/index.php?rest_route=\/wp\/v2\/pages\/4933\/revisions"}],"predecessor-version":[{"id":4935,"href":"https:\/\/wp.kristdemokraterna.se\/malmo\/index.php?rest_route=\/wp\/v2\/pages\/4933\/revisions\/4935"}],"up":[{"embeddable":true,"href":"https:\/\/wp.kristdemokraterna.se\/malmo\/index.php?rest_route=\/wp\/v2\/pages\/342"}],"wp:attachment":[{"href":"https:\/\/wp.kristdemokraterna.se\/malmo\/index.php?rest_route=%2Fwp%2Fv2%2Fmedia&parent=4933"}],"curies":[{"name":"wp","href":"https:\/\/api.w.org\/{rel}","templated":true}]}}