{"id":4936,"date":"2022-08-08T22:05:43","date_gmt":"2022-08-08T20:05:43","guid":{"rendered":"https:\/\/wp.kristdemokraterna.se\/malmo\/?page_id=4936"},"modified":"2022-08-09T12:24:08","modified_gmt":"2022-08-09T10:24:08","slug":"ett-tillgangligt-samhalle-for-alla","status":"publish","type":"page","link":"https:\/\/wp.kristdemokraterna.se\/malmo\/?page_id=4936","title":{"rendered":"Ett tillg\u00e4ngligt samh\u00e4lle f\u00f6r alla"},"content":{"rendered":"<blockquote><p><em><strong>\u201dMyten om den perfekta m\u00e4nniskan som ideal och norm riskerar att bli ett hot mot viktiga v\u00e4rden som delaktighet och solidaritet. Politiken m\u00e5ste f\u00f6rankras i en m\u00e4nniskosyn som b\u00e5de tillm\u00e4ter m\u00e4nniskan ett absolut och okr\u00e4nkbart v\u00e4rde och erk\u00e4nner att alla m\u00e4nniskor \u00e4r olika med olika beg\u00e5vning, intressen och f\u00f6ruts\u00e4ttningar.\u201d<\/strong><\/em><\/p><\/blockquote>\n<p><a href=\"http:\/\/wp.kristdemokraterna.se\/malmo\/files\/2022\/08\/bild10.jpg\"><img loading=\"lazy\" decoding=\"async\" class=\"alignright wp-image-4937 size-medium\" src=\"http:\/\/wp.kristdemokraterna.se\/malmo\/files\/2022\/08\/bild10-300x240.jpg\" alt=\"\" width=\"300\" height=\"240\" srcset=\"https:\/\/wp.kristdemokraterna.se\/malmo\/files\/2022\/08\/bild10-300x240.jpg 300w, https:\/\/wp.kristdemokraterna.se\/malmo\/files\/2022\/08\/bild10-250x200.jpg 250w, https:\/\/wp.kristdemokraterna.se\/malmo\/files\/2022\/08\/bild10-370x296.jpg 370w, https:\/\/wp.kristdemokraterna.se\/malmo\/files\/2022\/08\/bild10-450x360.jpg 450w, https:\/\/wp.kristdemokraterna.se\/malmo\/files\/2022\/08\/bild10-280x224.jpg 280w, https:\/\/wp.kristdemokraterna.se\/malmo\/files\/2022\/08\/bild10-340x272.jpg 340w, https:\/\/wp.kristdemokraterna.se\/malmo\/files\/2022\/08\/bild10-200x160.jpg 200w, https:\/\/wp.kristdemokraterna.se\/malmo\/files\/2022\/08\/bild10-70x56.jpg 70w, https:\/\/wp.kristdemokraterna.se\/malmo\/files\/2022\/08\/bild10.jpg 636w\" sizes=\"auto, (max-width: 300px) 100vw, 300px\" \/><\/a><\/p>\n<p>Detta \u00e4r en utg\u00e5ngspunkt f\u00f6r v\u00e5r politik n\u00e4r det g\u00e4ller personer med olika typer av funktionshinder men \u00e4ven personer som p\u00e5 olika s\u00e4tt hamnat i ett utanf\u00f6rskap eller en social utsatthet. Gemensamt f\u00f6r oss m\u00e4nniskor \u00e4r att vi \u00e4r sociala varelser med behov av sm\u00e5 och naturliga gemenskaper. D\u00e4rf\u00f6r b\u00f6r i normalfallet familjen och andra anh\u00f6riga ges en central plats i det st\u00f6d som ges.<\/p>\n<p>Den egna familjen \u00e4r alltid n\u00f6dv\u00e4ndig, men ofta inte tillr\u00e4cklig, f\u00f6r att klara av alla utmaningar. Insatserna ska st\u00f6dja n\u00e4r det brister och stimulera de positiva krafter som finns hos varje person &#8211; det personliga ansvaret ska alltid vara en utg\u00e5ngspunkt.<\/p>\n<p>Risken f\u00f6r diskriminering och negativ s\u00e4rbehandling \u00e4r n\u00e5got som m\u00e5ste beaktas. Idag finns det tyv\u00e4rr m\u00e5nga som lever i olika typer av utsatthet. S\u00e4rskilt s\u00e5rbara \u00e4r barn i otrygga hem. M\u00e5nga barn lever i f\u00f6rh\u00e5llanden d\u00e4r b\u00e5da eller n\u00e5gon f\u00f6r\u00e4lder har ett riskbruk eller missbruk av alkohol. Alltf\u00f6r m\u00e5nga ungdomar har \u00e4ven sj\u00e4lva destruktiva dryckes- och drogvanor.<\/p>\n<p>&nbsp;<\/p>\n<h4>Kristdemokraterna i Malm\u00f6 anser att<\/h4>\n<ul>\n<li>Malm\u00f6 ska vara ett f\u00f6red\u00f6me i att anst\u00e4lla fler personer som av olika sk\u00e4l st\u00e5r l\u00e5ngt ifr\u00e5n arbetsmarknaden.<\/li>\n<li>En \u00f6versyn av hur f\u00e4rdtj\u00e4nsten fungerar i Malm\u00f6 genomf\u00f6rs.<\/li>\n<li>Malm\u00f6 stads tj\u00e4nster inom LSS, daglig verksamhet och assistans ska pr\u00f6vas enligt Lagen om valfrihetssystem (LOV).<\/li>\n<li>Kommunen ska i sin bostadsf\u00f6rs\u00f6rjningsplan s\u00e4kerst\u00e4lla att det finns \u00e4ndam\u00e5lsenliga bost\u00e4der f\u00f6r personer med funktionsvariation.<\/li>\n<li>N\u00e4r personer inom LSS erbjuds boende ska stor vikt l\u00e4ggas vid personliga \u00f6nskem\u00e5l.<\/li>\n<li>Utifr\u00e5n f\u00f6rm\u00e5ga och f\u00f6ruts\u00e4ttningar ska praktik, l\u00e4rlingsplats eller ordinarie arbete kunna pr\u00f6vas som alternativ till daglig verksamhet.<\/li>\n<li>Det ska finnas en st\u00f6rre variation inom daglig verksamhet.<\/li>\n<li>Hela resekedjan inom Sk\u00e5netrafiken ska tillg\u00e4nglighetsanpassas.<\/li>\n<\/ul>\n<p>&nbsp;<\/p>\n<p>&nbsp;<\/p>\n<p>&nbsp;<\/p>\n","protected":false},"excerpt":{"rendered":"<p>\u201dMyten om den perfekta m\u00e4nniskan som ideal och norm riskerar att bli ett hot mot viktiga v\u00e4rden som delaktighet och solidaritet. Politiken m\u00e5ste f\u00f6rankras i en m\u00e4nniskosyn som b\u00e5de tillm\u00e4ter m\u00e4nniskan ett absolut och okr\u00e4nkbart v\u00e4rde och erk\u00e4nner att alla m\u00e4nniskor \u00e4r olika med olika beg\u00e5vning, intressen och f\u00f6ruts\u00e4ttningar.\u201d Detta \u00e4r en utg\u00e5ngspunkt f\u00f6r v\u00e5r <a class=\"read-more-link\" href=\"https:\/\/wp.kristdemokraterna.se\/malmo\/?page_id=4936\">L\u00e4s mer<\/a><\/p>\n","protected":false},"author":1039,"featured_media":0,"parent":342,"menu_order":0,"comment_status":"closed","ping_status":"closed","template":"page.php","meta":{"_acf_changed":false,"footnotes":""},"class_list":["post-4936","page","type-page","status-publish","hentry"],"acf":[],"yoast_head":"<!-- This site is optimized with the Yoast SEO plugin v27.3 - https:\/\/yoast.com\/product\/yoast-seo-wordpress\/ -->\n<title>Ett tillg\u00e4ngligt samh\u00e4lle f\u00f6r alla - Kristdemokraterna | Malm\u00f6<\/title>\n<meta name=\"robots\" content=\"index, follow, max-snippet:-1, max-image-preview:large, max-video-preview:-1\" \/>\n<link rel=\"canonical\" href=\"https:\/\/wp.kristdemokraterna.se\/malmo\/?page_id=4936\" \/>\n<meta property=\"og:locale\" content=\"sv_SE\" \/>\n<meta property=\"og:type\" content=\"article\" \/>\n<meta property=\"og:title\" content=\"Ett tillg\u00e4ngligt samh\u00e4lle f\u00f6r alla - Kristdemokraterna | Malm\u00f6\" \/>\n<meta property=\"og:description\" content=\"\u201dMyten om den perfekta m\u00e4nniskan som ideal och norm riskerar att bli ett hot mot viktiga v\u00e4rden som delaktighet och solidaritet. Politiken m\u00e5ste f\u00f6rankras i en m\u00e4nniskosyn som b\u00e5de tillm\u00e4ter m\u00e4nniskan ett absolut och okr\u00e4nkbart v\u00e4rde och erk\u00e4nner att alla m\u00e4nniskor \u00e4r olika med olika beg\u00e5vning, intressen och f\u00f6ruts\u00e4ttningar.\u201d Detta \u00e4r en utg\u00e5ngspunkt f\u00f6r v\u00e5r L\u00e4s mer\" \/>\n<meta property=\"og:url\" content=\"https:\/\/wp.kristdemokraterna.se\/malmo\/?page_id=4936\" \/>\n<meta property=\"og:site_name\" content=\"Kristdemokraterna | Malm\u00f6\" \/>\n<meta property=\"article:modified_time\" content=\"2022-08-09T10:24:08+00:00\" \/>\n<meta property=\"og:image\" content=\"http:\/\/wp.kristdemokraterna.se\/malmo\/files\/2022\/08\/bild10-300x240.jpg\" \/>\n<meta name=\"twitter:card\" content=\"summary_large_image\" \/>\n<meta name=\"twitter:label1\" content=\"Ber\u00e4knad l\u00e4stid\" \/>\n\t<meta name=\"twitter:data1\" content=\"2 minuter\" \/>\n<script type=\"application\/ld+json\" class=\"yoast-schema-graph\">{\"@context\":\"https:\\\/\\\/schema.org\",\"@graph\":[{\"@type\":\"WebPage\",\"@id\":\"https:\\\/\\\/wp.kristdemokraterna.se\\\/malmo\\\/?page_id=4936\",\"url\":\"https:\\\/\\\/wp.kristdemokraterna.se\\\/malmo\\\/?page_id=4936\",\"name\":\"Ett tillg\u00e4ngligt samh\u00e4lle f\u00f6r alla - Kristdemokraterna | Malm\u00f6\",\"isPartOf\":{\"@id\":\"https:\\\/\\\/wp.kristdemokraterna.se\\\/malmo\\\/#website\"},\"primaryImageOfPage\":{\"@id\":\"https:\\\/\\\/wp.kristdemokraterna.se\\\/malmo\\\/?page_id=4936#primaryimage\"},\"image\":{\"@id\":\"https:\\\/\\\/wp.kristdemokraterna.se\\\/malmo\\\/?page_id=4936#primaryimage\"},\"thumbnailUrl\":\"http:\\\/\\\/wp.kristdemokraterna.se\\\/malmo\\\/files\\\/2022\\\/08\\\/bild10-300x240.jpg\",\"datePublished\":\"2022-08-08T20:05:43+00:00\",\"dateModified\":\"2022-08-09T10:24:08+00:00\",\"breadcrumb\":{\"@id\":\"https:\\\/\\\/wp.kristdemokraterna.se\\\/malmo\\\/?page_id=4936#breadcrumb\"},\"inLanguage\":\"sv-SE\",\"potentialAction\":[{\"@type\":\"ReadAction\",\"target\":[\"https:\\\/\\\/wp.kristdemokraterna.se\\\/malmo\\\/?page_id=4936\"]}]},{\"@type\":\"ImageObject\",\"inLanguage\":\"sv-SE\",\"@id\":\"https:\\\/\\\/wp.kristdemokraterna.se\\\/malmo\\\/?page_id=4936#primaryimage\",\"url\":\"http:\\\/\\\/wp.kristdemokraterna.se\\\/malmo\\\/files\\\/2022\\\/08\\\/bild10-300x240.jpg\",\"contentUrl\":\"http:\\\/\\\/wp.kristdemokraterna.se\\\/malmo\\\/files\\\/2022\\\/08\\\/bild10-300x240.jpg\"},{\"@type\":\"BreadcrumbList\",\"@id\":\"https:\\\/\\\/wp.kristdemokraterna.se\\\/malmo\\\/?page_id=4936#breadcrumb\",\"itemListElement\":[{\"@type\":\"ListItem\",\"position\":1,\"name\":\"Hem\",\"item\":\"https:\\\/\\\/wp.kristdemokraterna.se\\\/malmo\\\/\"},{\"@type\":\"ListItem\",\"position\":2,\"name\":\"Politik f\u00f6r Malm\u00f6\",\"item\":\"https:\\\/\\\/wp.kristdemokraterna.se\\\/malmo\\\/?page_id=342\"},{\"@type\":\"ListItem\",\"position\":3,\"name\":\"Ett tillg\u00e4ngligt samh\u00e4lle f\u00f6r alla\"}]},{\"@type\":\"WebSite\",\"@id\":\"https:\\\/\\\/wp.kristdemokraterna.se\\\/malmo\\\/#website\",\"url\":\"https:\\\/\\\/wp.kristdemokraterna.se\\\/malmo\\\/\",\"name\":\"Kristdemokraterna | Malm\u00f6\",\"description\":\"\",\"inLanguage\":\"sv-SE\"}]}<\/script>\n<!-- \/ Yoast SEO plugin. -->","yoast_head_json":{"title":"Ett tillg\u00e4ngligt samh\u00e4lle f\u00f6r alla - Kristdemokraterna | Malm\u00f6","robots":{"index":"index","follow":"follow","max-snippet":"max-snippet:-1","max-image-preview":"max-image-preview:large","max-video-preview":"max-video-preview:-1"},"canonical":"https:\/\/wp.kristdemokraterna.se\/malmo\/?page_id=4936","og_locale":"sv_SE","og_type":"article","og_title":"Ett tillg\u00e4ngligt samh\u00e4lle f\u00f6r alla - Kristdemokraterna | Malm\u00f6","og_description":"\u201dMyten om den perfekta m\u00e4nniskan som ideal och norm riskerar att bli ett hot mot viktiga v\u00e4rden som delaktighet och solidaritet. Politiken m\u00e5ste f\u00f6rankras i en m\u00e4nniskosyn som b\u00e5de tillm\u00e4ter m\u00e4nniskan ett absolut och okr\u00e4nkbart v\u00e4rde och erk\u00e4nner att alla m\u00e4nniskor \u00e4r olika med olika beg\u00e5vning, intressen och f\u00f6ruts\u00e4ttningar.\u201d Detta \u00e4r en utg\u00e5ngspunkt f\u00f6r v\u00e5r L\u00e4s mer","og_url":"https:\/\/wp.kristdemokraterna.se\/malmo\/?page_id=4936","og_site_name":"Kristdemokraterna | Malm\u00f6","article_modified_time":"2022-08-09T10:24:08+00:00","og_image":[{"url":"http:\/\/wp.kristdemokraterna.se\/malmo\/files\/2022\/08\/bild10-300x240.jpg","type":"","width":"","height":""}],"twitter_card":"summary_large_image","twitter_misc":{"Ber\u00e4knad l\u00e4stid":"2 minuter"},"schema":{"@context":"https:\/\/schema.org","@graph":[{"@type":"WebPage","@id":"https:\/\/wp.kristdemokraterna.se\/malmo\/?page_id=4936","url":"https:\/\/wp.kristdemokraterna.se\/malmo\/?page_id=4936","name":"Ett tillg\u00e4ngligt samh\u00e4lle f\u00f6r alla - Kristdemokraterna | Malm\u00f6","isPartOf":{"@id":"https:\/\/wp.kristdemokraterna.se\/malmo\/#website"},"primaryImageOfPage":{"@id":"https:\/\/wp.kristdemokraterna.se\/malmo\/?page_id=4936#primaryimage"},"image":{"@id":"https:\/\/wp.kristdemokraterna.se\/malmo\/?page_id=4936#primaryimage"},"thumbnailUrl":"http:\/\/wp.kristdemokraterna.se\/malmo\/files\/2022\/08\/bild10-300x240.jpg","datePublished":"2022-08-08T20:05:43+00:00","dateModified":"2022-08-09T10:24:08+00:00","breadcrumb":{"@id":"https:\/\/wp.kristdemokraterna.se\/malmo\/?page_id=4936#breadcrumb"},"inLanguage":"sv-SE","potentialAction":[{"@type":"ReadAction","target":["https:\/\/wp.kristdemokraterna.se\/malmo\/?page_id=4936"]}]},{"@type":"ImageObject","inLanguage":"sv-SE","@id":"https:\/\/wp.kristdemokraterna.se\/malmo\/?page_id=4936#primaryimage","url":"http:\/\/wp.kristdemokraterna.se\/malmo\/files\/2022\/08\/bild10-300x240.jpg","contentUrl":"http:\/\/wp.kristdemokraterna.se\/malmo\/files\/2022\/08\/bild10-300x240.jpg"},{"@type":"BreadcrumbList","@id":"https:\/\/wp.kristdemokraterna.se\/malmo\/?page_id=4936#breadcrumb","itemListElement":[{"@type":"ListItem","position":1,"name":"Hem","item":"https:\/\/wp.kristdemokraterna.se\/malmo\/"},{"@type":"ListItem","position":2,"name":"Politik f\u00f6r Malm\u00f6","item":"https:\/\/wp.kristdemokraterna.se\/malmo\/?page_id=342"},{"@type":"ListItem","position":3,"name":"Ett tillg\u00e4ngligt samh\u00e4lle f\u00f6r alla"}]},{"@type":"WebSite","@id":"https:\/\/wp.kristdemokraterna.se\/malmo\/#website","url":"https:\/\/wp.kristdemokraterna.se\/malmo\/","name":"Kristdemokraterna | Malm\u00f6","description":"","inLanguage":"sv-SE"}]}},"_links":{"self":[{"href":"https:\/\/wp.kristdemokraterna.se\/malmo\/index.php?rest_route=\/wp\/v2\/pages\/4936","targetHints":{"allow":["GET"]}}],"collection":[{"href":"https:\/\/wp.kristdemokraterna.se\/malmo\/index.php?rest_route=\/wp\/v2\/pages"}],"about":[{"href":"https:\/\/wp.kristdemokraterna.se\/malmo\/index.php?rest_route=\/wp\/v2\/types\/page"}],"author":[{"embeddable":true,"href":"https:\/\/wp.kristdemokraterna.se\/malmo\/index.php?rest_route=\/wp\/v2\/users\/1039"}],"replies":[{"embeddable":true,"href":"https:\/\/wp.kristdemokraterna.se\/malmo\/index.php?rest_route=%2Fwp%2Fv2%2Fcomments&post=4936"}],"version-history":[{"count":2,"href":"https:\/\/wp.kristdemokraterna.se\/malmo\/index.php?rest_route=\/wp\/v2\/pages\/4936\/revisions"}],"predecessor-version":[{"id":5082,"href":"https:\/\/wp.kristdemokraterna.se\/malmo\/index.php?rest_route=\/wp\/v2\/pages\/4936\/revisions\/5082"}],"up":[{"embeddable":true,"href":"https:\/\/wp.kristdemokraterna.se\/malmo\/index.php?rest_route=\/wp\/v2\/pages\/342"}],"wp:attachment":[{"href":"https:\/\/wp.kristdemokraterna.se\/malmo\/index.php?rest_route=%2Fwp%2Fv2%2Fmedia&parent=4936"}],"curies":[{"name":"wp","href":"https:\/\/api.w.org\/{rel}","templated":true}]}}