{"id":4945,"date":"2022-08-08T22:28:25","date_gmt":"2022-08-08T20:28:25","guid":{"rendered":"https:\/\/wp.kristdemokraterna.se\/malmo\/?page_id=4945"},"modified":"2022-08-09T12:25:04","modified_gmt":"2022-08-09T10:25:04","slug":"kultur-och-fritid","status":"publish","type":"page","link":"https:\/\/wp.kristdemokraterna.se\/malmo\/?page_id=4945","title":{"rendered":"Kultur och fritid"},"content":{"rendered":"<blockquote><p><strong><em>Inv\u00e5narna i Malm\u00f6 stad ska inte bara vilja bo h\u00e4r, de ska ocks\u00e5 vilja leva h\u00e4r &#8211; d\u00e4rf\u00f6r ska kulturpolitiken st\u00f6dja kulturen, inte utforma den. Kultur \u00e4r en betydelsefull faktor f\u00f6r tillv\u00e4xt och utveckling. Ett rikt kulturliv och en levande kulturmilj\u00f6 skapar attraktivitet och st\u00e4rker en kommuns destinationskraft. Genom ett rikt f\u00f6renings- och f\u00f6rsamlingsliv motverkas ensamheten i alla \u00e5ldrar och samh\u00e4llsgemenskapen fr\u00e4mjas.<\/em><\/strong><\/p><\/blockquote>\n<p><a href=\"http:\/\/wp.kristdemokraterna.se\/malmo\/files\/2022\/08\/bild12.png\"><img loading=\"lazy\" decoding=\"async\" class=\"alignright wp-image-4946 size-full\" src=\"http:\/\/wp.kristdemokraterna.se\/malmo\/files\/2022\/08\/bild12.png\" alt=\"\" width=\"288\" height=\"192\" srcset=\"https:\/\/wp.kristdemokraterna.se\/malmo\/files\/2022\/08\/bild12.png 288w, https:\/\/wp.kristdemokraterna.se\/malmo\/files\/2022\/08\/bild12-280x187.png 280w, https:\/\/wp.kristdemokraterna.se\/malmo\/files\/2022\/08\/bild12-200x133.png 200w, https:\/\/wp.kristdemokraterna.se\/malmo\/files\/2022\/08\/bild12-84x56.png 84w\" sizes=\"auto, (max-width: 288px) 100vw, 288px\" \/><\/a><\/p>\n<p>Kulturst\u00f6d ska riktas till olika former av verksamhet, exempelvis dans, konst, teater, idrott och musik. Ett kulturellt och vitalt civilsamh\u00e4lle \u00e4r av stor betydelse eftersom ett engagemang inneb\u00e4r demokratisk fostran och norm\u00f6verf\u00f6ring. Det fr\u00e4mjar ocks\u00e5 det personliga ansvarstagandet.\u00a0Barn som l\u00e4ser och deltar i kulturella verksamheter genom livet \u00e4r mer ben\u00e4gna att engagera sig f\u00f6r samh\u00e4llet och i l\u00e4gre grad hamna i utanf\u00f6rskap. Barns r\u00e4tt till kultur \u00e4r dessutom lagstadgad enligt Barnkonventionen.<\/p>\n<p>Med offentlig finansiering f\u00f6ljer skyldigheten att h\u00e5lla utbudet tillg\u00e4ngligt f\u00f6r en s\u00e5 stor del av befolkningen som m\u00f6jligt. En tunn pl\u00e5nbok ska inte vara n\u00e5got o\u00f6verstigligt hinder, och \u00e4ven om st\u00f6rre kulturinstitutioner av uppenbara sk\u00e4l m\u00e5ste placeras i st\u00f6rre befolkningscentra, s\u00e5 ska dessa med l\u00e4tthet kunna n\u00e5s av s\u00e5v\u00e4l fotg\u00e4ngare och kollektivtrafikanter som privatbilister. Kultur i olika former betyder mycket f\u00f6r v\u00e5r livskvalit\u00e9. Vi vill \u00f6ka satsningen och utsmyckningen exempelvis p\u00e5 \u00e4ldreboenden, skolor samt kommunala verksamheter i \u00f6vrigt. Det \u00e4r ocks\u00e5 viktigt att kommunen uppmuntrar engagemang i civilsamh\u00e4llet. Denna samverkan kan skapa ett bredare utbud, men ocks\u00e5 mer tillg\u00e4nglighet f\u00f6r alla stadens medborgare, oavsett var man bor eller storleken p\u00e5 pl\u00e5nboken.<\/p>\n<p>N\u00e4r man talar om kultur \u00e4r det ofta konst, dans, teater, film och musik det f\u00f6rsta som kommer upp. Allt f\u00f6r ofta gl\u00f6ms stadens arkitektur och byggnader bort i kulturpolitiken. Arkitektur \u00e4r kanske en stads mest synliga kulturella identitet och som pr\u00e4glar en stad \u00f6ver generationer och \u00e5rhundraden. Malm\u00f6 \u00e4r en stad som har drabbats h\u00e5rt av rivningar och byggnation av kortsiktiga och ideologiskt felt\u00e4nkta j\u00e4tteprojekt. Vi kristdemokrater vill att Malm\u00f6s kulturpolitik ska ha ett stort demokratiskt inflytande p\u00e5 hur v\u00e5r stad ska se ut. B\u00e5de n\u00e4r det g\u00e4ller utsmyckning och nybyggnation.<\/p>\n<h4>Kristdemokraterna i Malm\u00f6 anser att<\/h4>\n<ul>\n<li>Det ska ske en \u00f6kad samverkan mellan bibliotek, skolor, teater, MSO, balett och ungdomsorganisationer f\u00f6r att f\u00f6rmedla konstupplevelser till barn och ungdom.<\/li>\n<li>Det ska satsas p\u00e5 konst- och kulturinslag f\u00f6r b\u00e5de \u00e4ldreboenden och skolor.<\/li>\n<li>Det ska utlysas minst ett st\u00f6rre kulturevent per \u00e5r, exempelvis klassisk balettfestival, orgelmusikfestival eller annan klassisk musikfestival.<\/li>\n<li>Villkoren f\u00f6r bidrag till f\u00f6reningar och studief\u00f6rbund i Malm\u00f6 ses \u00f6ver<\/li>\n<li>Det ska vara mer av grundst\u00f6d och mindre av detaljstyrning vid bidragsgivning.<\/li>\n<li>Kommunen ska sammanst\u00e4lla information och aktivt informera om de m\u00f6jligheter till kultur, fritidsaktiviteter och friluftsliv som finns.<\/li>\n<li>Personer med funktionsneds\u00e4ttning ska ha en sj\u00e4lvklar tillg\u00e5ng till kultur- och fritidsutbud. D\u00e4rut\u00f6ver ska det finnas ett riktat utbud till dessa personer.<\/li>\n<li>Kommunen ska inf\u00f6ra ett fritidskort till alla barn mellan \u00e5rskurs 2 och 9, laddat med ett ekonomiskt st\u00f6d f\u00f6r deltagaravgifter i f\u00f6reningslivet respektive kulturskolan.<\/li>\n<li>Ett konstmuseum, med lokaler som \u00e4r anpassade efter stadens enorma konstskatt, som d\u00e4r kan visas upp och bli tillg\u00e4ngligt f\u00f6r malm\u00f6borna. Malm\u00f6 Konstmuseum ska ligga kustn\u00e4ra, exempelvis i Nyhamnen eller vid Luftkastellet f\u00f6r att lyfta fram stadens l\u00e4ge vid sundet.<\/li>\n<li>Det utlyses en arkitektt\u00e4vling med flera inbjudna internationella arkitektbyr\u00e5er f\u00f6r ett nytt konstmuseum.<\/li>\n<li>Malm\u00f6bornas demokratiska inflytande \u00f6ver arkitektur, nybyggnation och v\u00e5ra gemensamma stadsmilj\u00f6er ska \u00f6ka.<\/li>\n<li>Malm\u00f6s historiska bakgrund och inte minst de historiska band vi har till Danmark ges en mer framtr\u00e4dande roll.<\/li>\n<li>Ett st\u00f6rre engagemang och b\u00e4ttre f\u00f6ruts\u00e4ttningar f\u00f6r idrottslivet i Malm\u00f6 f\u00f6r flera idrotter ska prioriteras.<\/li>\n<li>Det skapas m\u00f6jligheter f\u00f6r l\u00e4ngre projektst\u00f6d till f\u00f6reningar i Malm\u00f6.<\/li>\n<\/ul>\n","protected":false},"excerpt":{"rendered":"<p>Inv\u00e5narna i Malm\u00f6 stad ska inte bara vilja bo h\u00e4r, de ska ocks\u00e5 vilja leva h\u00e4r &#8211; d\u00e4rf\u00f6r ska kulturpolitiken st\u00f6dja kulturen, inte utforma den. Kultur \u00e4r en betydelsefull faktor f\u00f6r tillv\u00e4xt och utveckling. Ett rikt kulturliv och en levande kulturmilj\u00f6 skapar attraktivitet och st\u00e4rker en kommuns destinationskraft. Genom ett rikt f\u00f6renings- och f\u00f6rsamlingsliv motverkas <a class=\"read-more-link\" href=\"https:\/\/wp.kristdemokraterna.se\/malmo\/?page_id=4945\">L\u00e4s mer<\/a><\/p>\n","protected":false},"author":1039,"featured_media":0,"parent":342,"menu_order":0,"comment_status":"closed","ping_status":"closed","template":"page.php","meta":{"_acf_changed":false,"footnotes":""},"class_list":["post-4945","page","type-page","status-publish","hentry"],"acf":[],"yoast_head":"<!-- This site is optimized with the Yoast SEO plugin v27.5 - https:\/\/yoast.com\/product\/yoast-seo-wordpress\/ -->\n<title>Kultur och fritid - Kristdemokraterna | Malm\u00f6<\/title>\n<meta name=\"robots\" content=\"index, follow, max-snippet:-1, max-image-preview:large, max-video-preview:-1\" \/>\n<link rel=\"canonical\" href=\"https:\/\/wp.kristdemokraterna.se\/malmo\/?page_id=4945\" \/>\n<meta property=\"og:locale\" content=\"sv_SE\" \/>\n<meta property=\"og:type\" content=\"article\" \/>\n<meta property=\"og:title\" content=\"Kultur och fritid - Kristdemokraterna | Malm\u00f6\" \/>\n<meta property=\"og:description\" content=\"Inv\u00e5narna i Malm\u00f6 stad ska inte bara vilja bo h\u00e4r, de ska ocks\u00e5 vilja leva h\u00e4r &#8211; d\u00e4rf\u00f6r ska kulturpolitiken st\u00f6dja kulturen, inte utforma den. Kultur \u00e4r en betydelsefull faktor f\u00f6r tillv\u00e4xt och utveckling. Ett rikt kulturliv och en levande kulturmilj\u00f6 skapar attraktivitet och st\u00e4rker en kommuns destinationskraft. Genom ett rikt f\u00f6renings- och f\u00f6rsamlingsliv motverkas L\u00e4s mer\" \/>\n<meta property=\"og:url\" content=\"https:\/\/wp.kristdemokraterna.se\/malmo\/?page_id=4945\" \/>\n<meta property=\"og:site_name\" content=\"Kristdemokraterna | Malm\u00f6\" \/>\n<meta property=\"article:modified_time\" content=\"2022-08-09T10:25:04+00:00\" \/>\n<meta property=\"og:image\" content=\"http:\/\/wp.kristdemokraterna.se\/malmo\/files\/2022\/08\/bild12.png\" \/>\n<meta name=\"twitter:card\" content=\"summary_large_image\" \/>\n<meta name=\"twitter:label1\" content=\"Ber\u00e4knad l\u00e4stid\" \/>\n\t<meta name=\"twitter:data1\" content=\"3 minuter\" \/>\n<script type=\"application\/ld+json\" class=\"yoast-schema-graph\">{\"@context\":\"https:\\\/\\\/schema.org\",\"@graph\":[{\"@type\":\"WebPage\",\"@id\":\"https:\\\/\\\/wp.kristdemokraterna.se\\\/malmo\\\/?page_id=4945\",\"url\":\"https:\\\/\\\/wp.kristdemokraterna.se\\\/malmo\\\/?page_id=4945\",\"name\":\"Kultur och fritid - Kristdemokraterna | Malm\u00f6\",\"isPartOf\":{\"@id\":\"https:\\\/\\\/wp.kristdemokraterna.se\\\/malmo\\\/#website\"},\"primaryImageOfPage\":{\"@id\":\"https:\\\/\\\/wp.kristdemokraterna.se\\\/malmo\\\/?page_id=4945#primaryimage\"},\"image\":{\"@id\":\"https:\\\/\\\/wp.kristdemokraterna.se\\\/malmo\\\/?page_id=4945#primaryimage\"},\"thumbnailUrl\":\"http:\\\/\\\/wp.kristdemokraterna.se\\\/malmo\\\/files\\\/2022\\\/08\\\/bild12.png\",\"datePublished\":\"2022-08-08T20:28:25+00:00\",\"dateModified\":\"2022-08-09T10:25:04+00:00\",\"breadcrumb\":{\"@id\":\"https:\\\/\\\/wp.kristdemokraterna.se\\\/malmo\\\/?page_id=4945#breadcrumb\"},\"inLanguage\":\"sv-SE\",\"potentialAction\":[{\"@type\":\"ReadAction\",\"target\":[\"https:\\\/\\\/wp.kristdemokraterna.se\\\/malmo\\\/?page_id=4945\"]}]},{\"@type\":\"ImageObject\",\"inLanguage\":\"sv-SE\",\"@id\":\"https:\\\/\\\/wp.kristdemokraterna.se\\\/malmo\\\/?page_id=4945#primaryimage\",\"url\":\"http:\\\/\\\/wp.kristdemokraterna.se\\\/malmo\\\/files\\\/2022\\\/08\\\/bild12.png\",\"contentUrl\":\"http:\\\/\\\/wp.kristdemokraterna.se\\\/malmo\\\/files\\\/2022\\\/08\\\/bild12.png\"},{\"@type\":\"BreadcrumbList\",\"@id\":\"https:\\\/\\\/wp.kristdemokraterna.se\\\/malmo\\\/?page_id=4945#breadcrumb\",\"itemListElement\":[{\"@type\":\"ListItem\",\"position\":1,\"name\":\"Hem\",\"item\":\"https:\\\/\\\/wp.kristdemokraterna.se\\\/malmo\\\/\"},{\"@type\":\"ListItem\",\"position\":2,\"name\":\"Politik f\u00f6r Malm\u00f6\",\"item\":\"https:\\\/\\\/wp.kristdemokraterna.se\\\/malmo\\\/?page_id=342\"},{\"@type\":\"ListItem\",\"position\":3,\"name\":\"Kultur och fritid\"}]},{\"@type\":\"WebSite\",\"@id\":\"https:\\\/\\\/wp.kristdemokraterna.se\\\/malmo\\\/#website\",\"url\":\"https:\\\/\\\/wp.kristdemokraterna.se\\\/malmo\\\/\",\"name\":\"Kristdemokraterna | Malm\u00f6\",\"description\":\"\",\"inLanguage\":\"sv-SE\"}]}<\/script>\n<!-- \/ Yoast SEO plugin. -->","yoast_head_json":{"title":"Kultur och fritid - Kristdemokraterna | Malm\u00f6","robots":{"index":"index","follow":"follow","max-snippet":"max-snippet:-1","max-image-preview":"max-image-preview:large","max-video-preview":"max-video-preview:-1"},"canonical":"https:\/\/wp.kristdemokraterna.se\/malmo\/?page_id=4945","og_locale":"sv_SE","og_type":"article","og_title":"Kultur och fritid - Kristdemokraterna | Malm\u00f6","og_description":"Inv\u00e5narna i Malm\u00f6 stad ska inte bara vilja bo h\u00e4r, de ska ocks\u00e5 vilja leva h\u00e4r &#8211; d\u00e4rf\u00f6r ska kulturpolitiken st\u00f6dja kulturen, inte utforma den. Kultur \u00e4r en betydelsefull faktor f\u00f6r tillv\u00e4xt och utveckling. Ett rikt kulturliv och en levande kulturmilj\u00f6 skapar attraktivitet och st\u00e4rker en kommuns destinationskraft. Genom ett rikt f\u00f6renings- och f\u00f6rsamlingsliv motverkas L\u00e4s mer","og_url":"https:\/\/wp.kristdemokraterna.se\/malmo\/?page_id=4945","og_site_name":"Kristdemokraterna | Malm\u00f6","article_modified_time":"2022-08-09T10:25:04+00:00","og_image":[{"url":"http:\/\/wp.kristdemokraterna.se\/malmo\/files\/2022\/08\/bild12.png","type":"","width":"","height":""}],"twitter_card":"summary_large_image","twitter_misc":{"Ber\u00e4knad l\u00e4stid":"3 minuter"},"schema":{"@context":"https:\/\/schema.org","@graph":[{"@type":"WebPage","@id":"https:\/\/wp.kristdemokraterna.se\/malmo\/?page_id=4945","url":"https:\/\/wp.kristdemokraterna.se\/malmo\/?page_id=4945","name":"Kultur och fritid - Kristdemokraterna | Malm\u00f6","isPartOf":{"@id":"https:\/\/wp.kristdemokraterna.se\/malmo\/#website"},"primaryImageOfPage":{"@id":"https:\/\/wp.kristdemokraterna.se\/malmo\/?page_id=4945#primaryimage"},"image":{"@id":"https:\/\/wp.kristdemokraterna.se\/malmo\/?page_id=4945#primaryimage"},"thumbnailUrl":"http:\/\/wp.kristdemokraterna.se\/malmo\/files\/2022\/08\/bild12.png","datePublished":"2022-08-08T20:28:25+00:00","dateModified":"2022-08-09T10:25:04+00:00","breadcrumb":{"@id":"https:\/\/wp.kristdemokraterna.se\/malmo\/?page_id=4945#breadcrumb"},"inLanguage":"sv-SE","potentialAction":[{"@type":"ReadAction","target":["https:\/\/wp.kristdemokraterna.se\/malmo\/?page_id=4945"]}]},{"@type":"ImageObject","inLanguage":"sv-SE","@id":"https:\/\/wp.kristdemokraterna.se\/malmo\/?page_id=4945#primaryimage","url":"http:\/\/wp.kristdemokraterna.se\/malmo\/files\/2022\/08\/bild12.png","contentUrl":"http:\/\/wp.kristdemokraterna.se\/malmo\/files\/2022\/08\/bild12.png"},{"@type":"BreadcrumbList","@id":"https:\/\/wp.kristdemokraterna.se\/malmo\/?page_id=4945#breadcrumb","itemListElement":[{"@type":"ListItem","position":1,"name":"Hem","item":"https:\/\/wp.kristdemokraterna.se\/malmo\/"},{"@type":"ListItem","position":2,"name":"Politik f\u00f6r Malm\u00f6","item":"https:\/\/wp.kristdemokraterna.se\/malmo\/?page_id=342"},{"@type":"ListItem","position":3,"name":"Kultur och fritid"}]},{"@type":"WebSite","@id":"https:\/\/wp.kristdemokraterna.se\/malmo\/#website","url":"https:\/\/wp.kristdemokraterna.se\/malmo\/","name":"Kristdemokraterna | Malm\u00f6","description":"","inLanguage":"sv-SE"}]}},"_links":{"self":[{"href":"https:\/\/wp.kristdemokraterna.se\/malmo\/index.php?rest_route=\/wp\/v2\/pages\/4945","targetHints":{"allow":["GET"]}}],"collection":[{"href":"https:\/\/wp.kristdemokraterna.se\/malmo\/index.php?rest_route=\/wp\/v2\/pages"}],"about":[{"href":"https:\/\/wp.kristdemokraterna.se\/malmo\/index.php?rest_route=\/wp\/v2\/types\/page"}],"author":[{"embeddable":true,"href":"https:\/\/wp.kristdemokraterna.se\/malmo\/index.php?rest_route=\/wp\/v2\/users\/1039"}],"replies":[{"embeddable":true,"href":"https:\/\/wp.kristdemokraterna.se\/malmo\/index.php?rest_route=%2Fwp%2Fv2%2Fcomments&post=4945"}],"version-history":[{"count":1,"href":"https:\/\/wp.kristdemokraterna.se\/malmo\/index.php?rest_route=\/wp\/v2\/pages\/4945\/revisions"}],"predecessor-version":[{"id":4947,"href":"https:\/\/wp.kristdemokraterna.se\/malmo\/index.php?rest_route=\/wp\/v2\/pages\/4945\/revisions\/4947"}],"up":[{"embeddable":true,"href":"https:\/\/wp.kristdemokraterna.se\/malmo\/index.php?rest_route=\/wp\/v2\/pages\/342"}],"wp:attachment":[{"href":"https:\/\/wp.kristdemokraterna.se\/malmo\/index.php?rest_route=%2Fwp%2Fv2%2Fmedia&parent=4945"}],"curies":[{"name":"wp","href":"https:\/\/api.w.org\/{rel}","templated":true}]}}