{"id":4948,"date":"2022-08-08T22:34:00","date_gmt":"2022-08-08T20:34:00","guid":{"rendered":"https:\/\/wp.kristdemokraterna.se\/malmo\/?page_id=4948"},"modified":"2022-08-09T12:25:30","modified_gmt":"2022-08-09T10:25:30","slug":"miljo-och-klimat","status":"publish","type":"page","link":"https:\/\/wp.kristdemokraterna.se\/malmo\/?page_id=4948","title":{"rendered":"Milj\u00f6 och klimat"},"content":{"rendered":"<blockquote><p><strong>\u201d<em>Vi ska agera med en l\u00e5ngsiktig helhetssyn med respekt f\u00f6r v\u00e5r samtida omgivning och kommande generationer. F\u00f6rvaltarskapet g\u00e4ller b\u00e5de de egna personliga tillg\u00e5ngarna och de materiella v\u00e4rdena; milj\u00f6 och naturresurser. Vi ska agera p\u00e5 ett s\u00e5dant s\u00e4tt att vi med stolthet kan \u00f6verl\u00e4mna frukterna av v\u00e5rt arbete<\/em>.\u201d<\/strong><\/p><\/blockquote>\n<p><a href=\"http:\/\/wp.kristdemokraterna.se\/malmo\/files\/2022\/08\/bild13.png\"><img loading=\"lazy\" decoding=\"async\" class=\"alignright size-full wp-image-4949\" src=\"http:\/\/wp.kristdemokraterna.se\/malmo\/files\/2022\/08\/bild13.png\" alt=\"\" width=\"330\" height=\"219\" srcset=\"https:\/\/wp.kristdemokraterna.se\/malmo\/files\/2022\/08\/bild13.png 330w, https:\/\/wp.kristdemokraterna.se\/malmo\/files\/2022\/08\/bild13-300x199.png 300w, https:\/\/wp.kristdemokraterna.se\/malmo\/files\/2022\/08\/bild13-301x200.png 301w, https:\/\/wp.kristdemokraterna.se\/malmo\/files\/2022\/08\/bild13-280x186.png 280w, https:\/\/wp.kristdemokraterna.se\/malmo\/files\/2022\/08\/bild13-200x133.png 200w, https:\/\/wp.kristdemokraterna.se\/malmo\/files\/2022\/08\/bild13-84x56.png 84w\" sizes=\"auto, (max-width: 330px) 100vw, 330px\" \/><\/a><\/p>\n<p>F\u00f6rvaltarskapstanken \u00e4r b\u00e4rande del i den kristdemokratiska ideologin. P\u00e5 milj\u00f6omr\u00e5det inneb\u00e4r det att vi inte f\u00e5r f\u00f6rbruka v\u00e5r jord och dess tillg\u00e5ngar. Den kanske viktigaste milj\u00f6fr\u00e5gan att arbeta med idag \u00e4r att motverka uppv\u00e4rmningen av jorden.<\/p>\n<p>Kommunen har en s\u00e4rskild nyckelroll i arbetet att bygga ett samh\u00e4lle d\u00e4r skadlig milj\u00f6p\u00e5verkan minimeras, energin \u00e4r fossilfri, trafiksystemen h\u00e5llbara, bostadsmilj\u00f6er sunda och d\u00e4r naturresurser tas tillvara i ett kretslopp.<\/p>\n<p>Vid sidan av klimatfr\u00e5gan \u00e4r \u00f6verg\u00f6dning, utsl\u00e4pp av gifter och hormonst\u00f6rande \u00e4mnen, inte minst i barns n\u00e4rmilj\u00f6, utmaningar som m\u00e5ste hanteras. I m\u00e5nga av v\u00e5ra t\u00e4torter \u00e4r bristen p\u00e5 tysta milj\u00f6er ett problem att f\u00f6rh\u00e5lla sig till.<\/p>\n<p>&nbsp;<\/p>\n<h4>Kristdemokraterna i Malm\u00f6 anser att<\/h4>\n<ul>\n<li>Trafikregleringen ska ses \u00f6ver f\u00f6r att minska tomg\u00e5ngsk\u00f6rning.<\/li>\n<li>Malm\u00f6 stad ska prioritera att upphandla svenskproducerade livsmedel.<\/li>\n<li>Bidrag till solceller p\u00e5 tak ska ges.<\/li>\n<li>V\u00e4rme\u00e5tervinning ska uppmuntras.<\/li>\n<li>Den lokala handeln ska stimuleras med m\u00e5l att minska e-handel.<\/li>\n<li>Bevara gr\u00f6nomr\u00e5den i Malm\u00f6.<\/li>\n<li>Malm\u00f6 ska s\u00f6ka medlemskap i Sveriges ekokommuner.<\/li>\n<li>Fler och f\u00f6rb\u00e4ttrade cykelv\u00e4gar ska komma till.<\/li>\n<li>Det ska finnas sopkorgar vid varje gatuh\u00f6rn.<\/li>\n<li>Mer gr\u00f6nska och fler tr\u00e4d ska planteras i staden.<\/li>\n<li>Kommunala fastigheter ska bli gr\u00f6na genom solceller eller takvegetation.<\/li>\n<li>Gr\u00f6na tak och v\u00e4ggar ska premieras vid byggnadsproduktion.<\/li>\n<li>\u00c5tervinningscentral i \u00f6stra Malm\u00f6 ska byggas.<\/li>\n<\/ul>\n","protected":false},"excerpt":{"rendered":"<p>\u201dVi ska agera med en l\u00e5ngsiktig helhetssyn med respekt f\u00f6r v\u00e5r samtida omgivning och kommande generationer. F\u00f6rvaltarskapet g\u00e4ller b\u00e5de de egna personliga tillg\u00e5ngarna och de materiella v\u00e4rdena; milj\u00f6 och naturresurser. Vi ska agera p\u00e5 ett s\u00e5dant s\u00e4tt att vi med stolthet kan \u00f6verl\u00e4mna frukterna av v\u00e5rt arbete.\u201d F\u00f6rvaltarskapstanken \u00e4r b\u00e4rande del i den kristdemokratiska ideologin. <a class=\"read-more-link\" href=\"https:\/\/wp.kristdemokraterna.se\/malmo\/?page_id=4948\">L\u00e4s mer<\/a><\/p>\n","protected":false},"author":1039,"featured_media":0,"parent":342,"menu_order":0,"comment_status":"closed","ping_status":"closed","template":"page.php","meta":{"_acf_changed":false,"footnotes":""},"class_list":["post-4948","page","type-page","status-publish","hentry"],"acf":[],"yoast_head":"<!-- This site is optimized with the Yoast SEO plugin v27.6 - https:\/\/yoast.com\/product\/yoast-seo-wordpress\/ -->\n<title>Milj\u00f6 och klimat - Kristdemokraterna | Malm\u00f6<\/title>\n<meta name=\"robots\" content=\"index, follow, max-snippet:-1, max-image-preview:large, max-video-preview:-1\" \/>\n<link rel=\"canonical\" href=\"https:\/\/wp.kristdemokraterna.se\/malmo\/?page_id=4948\" \/>\n<meta property=\"og:locale\" content=\"sv_SE\" \/>\n<meta property=\"og:type\" content=\"article\" \/>\n<meta property=\"og:title\" content=\"Milj\u00f6 och klimat - Kristdemokraterna | Malm\u00f6\" \/>\n<meta property=\"og:description\" content=\"\u201dVi ska agera med en l\u00e5ngsiktig helhetssyn med respekt f\u00f6r v\u00e5r samtida omgivning och kommande generationer. F\u00f6rvaltarskapet g\u00e4ller b\u00e5de de egna personliga tillg\u00e5ngarna och de materiella v\u00e4rdena; milj\u00f6 och naturresurser. Vi ska agera p\u00e5 ett s\u00e5dant s\u00e4tt att vi med stolthet kan \u00f6verl\u00e4mna frukterna av v\u00e5rt arbete.\u201d F\u00f6rvaltarskapstanken \u00e4r b\u00e4rande del i den kristdemokratiska ideologin. L\u00e4s mer\" \/>\n<meta property=\"og:url\" content=\"https:\/\/wp.kristdemokraterna.se\/malmo\/?page_id=4948\" \/>\n<meta property=\"og:site_name\" content=\"Kristdemokraterna | Malm\u00f6\" \/>\n<meta property=\"article:modified_time\" content=\"2022-08-09T10:25:30+00:00\" \/>\n<meta property=\"og:image\" content=\"http:\/\/wp.kristdemokraterna.se\/malmo\/files\/2022\/08\/bild13.png\" \/>\n<meta name=\"twitter:card\" content=\"summary_large_image\" \/>\n<meta name=\"twitter:label1\" content=\"Ber\u00e4knad l\u00e4stid\" \/>\n\t<meta name=\"twitter:data1\" content=\"2 minuter\" \/>\n<script type=\"application\/ld+json\" class=\"yoast-schema-graph\">{\"@context\":\"https:\\\/\\\/schema.org\",\"@graph\":[{\"@type\":\"WebPage\",\"@id\":\"https:\\\/\\\/wp.kristdemokraterna.se\\\/malmo\\\/?page_id=4948\",\"url\":\"https:\\\/\\\/wp.kristdemokraterna.se\\\/malmo\\\/?page_id=4948\",\"name\":\"Milj\u00f6 och klimat - Kristdemokraterna | Malm\u00f6\",\"isPartOf\":{\"@id\":\"https:\\\/\\\/wp.kristdemokraterna.se\\\/malmo\\\/#website\"},\"primaryImageOfPage\":{\"@id\":\"https:\\\/\\\/wp.kristdemokraterna.se\\\/malmo\\\/?page_id=4948#primaryimage\"},\"image\":{\"@id\":\"https:\\\/\\\/wp.kristdemokraterna.se\\\/malmo\\\/?page_id=4948#primaryimage\"},\"thumbnailUrl\":\"http:\\\/\\\/wp.kristdemokraterna.se\\\/malmo\\\/files\\\/2022\\\/08\\\/bild13.png\",\"datePublished\":\"2022-08-08T20:34:00+00:00\",\"dateModified\":\"2022-08-09T10:25:30+00:00\",\"breadcrumb\":{\"@id\":\"https:\\\/\\\/wp.kristdemokraterna.se\\\/malmo\\\/?page_id=4948#breadcrumb\"},\"inLanguage\":\"sv-SE\",\"potentialAction\":[{\"@type\":\"ReadAction\",\"target\":[\"https:\\\/\\\/wp.kristdemokraterna.se\\\/malmo\\\/?page_id=4948\"]}]},{\"@type\":\"ImageObject\",\"inLanguage\":\"sv-SE\",\"@id\":\"https:\\\/\\\/wp.kristdemokraterna.se\\\/malmo\\\/?page_id=4948#primaryimage\",\"url\":\"http:\\\/\\\/wp.kristdemokraterna.se\\\/malmo\\\/files\\\/2022\\\/08\\\/bild13.png\",\"contentUrl\":\"http:\\\/\\\/wp.kristdemokraterna.se\\\/malmo\\\/files\\\/2022\\\/08\\\/bild13.png\"},{\"@type\":\"BreadcrumbList\",\"@id\":\"https:\\\/\\\/wp.kristdemokraterna.se\\\/malmo\\\/?page_id=4948#breadcrumb\",\"itemListElement\":[{\"@type\":\"ListItem\",\"position\":1,\"name\":\"Hem\",\"item\":\"https:\\\/\\\/wp.kristdemokraterna.se\\\/malmo\\\/\"},{\"@type\":\"ListItem\",\"position\":2,\"name\":\"Politik f\u00f6r Malm\u00f6\",\"item\":\"https:\\\/\\\/wp.kristdemokraterna.se\\\/malmo\\\/?page_id=342\"},{\"@type\":\"ListItem\",\"position\":3,\"name\":\"Milj\u00f6 och klimat\"}]},{\"@type\":\"WebSite\",\"@id\":\"https:\\\/\\\/wp.kristdemokraterna.se\\\/malmo\\\/#website\",\"url\":\"https:\\\/\\\/wp.kristdemokraterna.se\\\/malmo\\\/\",\"name\":\"Kristdemokraterna | Malm\u00f6\",\"description\":\"\",\"inLanguage\":\"sv-SE\"}]}<\/script>\n<!-- \/ Yoast SEO plugin. -->","yoast_head_json":{"title":"Milj\u00f6 och klimat - Kristdemokraterna | Malm\u00f6","robots":{"index":"index","follow":"follow","max-snippet":"max-snippet:-1","max-image-preview":"max-image-preview:large","max-video-preview":"max-video-preview:-1"},"canonical":"https:\/\/wp.kristdemokraterna.se\/malmo\/?page_id=4948","og_locale":"sv_SE","og_type":"article","og_title":"Milj\u00f6 och klimat - Kristdemokraterna | Malm\u00f6","og_description":"\u201dVi ska agera med en l\u00e5ngsiktig helhetssyn med respekt f\u00f6r v\u00e5r samtida omgivning och kommande generationer. F\u00f6rvaltarskapet g\u00e4ller b\u00e5de de egna personliga tillg\u00e5ngarna och de materiella v\u00e4rdena; milj\u00f6 och naturresurser. Vi ska agera p\u00e5 ett s\u00e5dant s\u00e4tt att vi med stolthet kan \u00f6verl\u00e4mna frukterna av v\u00e5rt arbete.\u201d F\u00f6rvaltarskapstanken \u00e4r b\u00e4rande del i den kristdemokratiska ideologin. L\u00e4s mer","og_url":"https:\/\/wp.kristdemokraterna.se\/malmo\/?page_id=4948","og_site_name":"Kristdemokraterna | Malm\u00f6","article_modified_time":"2022-08-09T10:25:30+00:00","og_image":[{"url":"http:\/\/wp.kristdemokraterna.se\/malmo\/files\/2022\/08\/bild13.png","type":"","width":"","height":""}],"twitter_card":"summary_large_image","twitter_misc":{"Ber\u00e4knad l\u00e4stid":"2 minuter"},"schema":{"@context":"https:\/\/schema.org","@graph":[{"@type":"WebPage","@id":"https:\/\/wp.kristdemokraterna.se\/malmo\/?page_id=4948","url":"https:\/\/wp.kristdemokraterna.se\/malmo\/?page_id=4948","name":"Milj\u00f6 och klimat - Kristdemokraterna | Malm\u00f6","isPartOf":{"@id":"https:\/\/wp.kristdemokraterna.se\/malmo\/#website"},"primaryImageOfPage":{"@id":"https:\/\/wp.kristdemokraterna.se\/malmo\/?page_id=4948#primaryimage"},"image":{"@id":"https:\/\/wp.kristdemokraterna.se\/malmo\/?page_id=4948#primaryimage"},"thumbnailUrl":"http:\/\/wp.kristdemokraterna.se\/malmo\/files\/2022\/08\/bild13.png","datePublished":"2022-08-08T20:34:00+00:00","dateModified":"2022-08-09T10:25:30+00:00","breadcrumb":{"@id":"https:\/\/wp.kristdemokraterna.se\/malmo\/?page_id=4948#breadcrumb"},"inLanguage":"sv-SE","potentialAction":[{"@type":"ReadAction","target":["https:\/\/wp.kristdemokraterna.se\/malmo\/?page_id=4948"]}]},{"@type":"ImageObject","inLanguage":"sv-SE","@id":"https:\/\/wp.kristdemokraterna.se\/malmo\/?page_id=4948#primaryimage","url":"http:\/\/wp.kristdemokraterna.se\/malmo\/files\/2022\/08\/bild13.png","contentUrl":"http:\/\/wp.kristdemokraterna.se\/malmo\/files\/2022\/08\/bild13.png"},{"@type":"BreadcrumbList","@id":"https:\/\/wp.kristdemokraterna.se\/malmo\/?page_id=4948#breadcrumb","itemListElement":[{"@type":"ListItem","position":1,"name":"Hem","item":"https:\/\/wp.kristdemokraterna.se\/malmo\/"},{"@type":"ListItem","position":2,"name":"Politik f\u00f6r Malm\u00f6","item":"https:\/\/wp.kristdemokraterna.se\/malmo\/?page_id=342"},{"@type":"ListItem","position":3,"name":"Milj\u00f6 och klimat"}]},{"@type":"WebSite","@id":"https:\/\/wp.kristdemokraterna.se\/malmo\/#website","url":"https:\/\/wp.kristdemokraterna.se\/malmo\/","name":"Kristdemokraterna | Malm\u00f6","description":"","inLanguage":"sv-SE"}]}},"_links":{"self":[{"href":"https:\/\/wp.kristdemokraterna.se\/malmo\/index.php?rest_route=\/wp\/v2\/pages\/4948","targetHints":{"allow":["GET"]}}],"collection":[{"href":"https:\/\/wp.kristdemokraterna.se\/malmo\/index.php?rest_route=\/wp\/v2\/pages"}],"about":[{"href":"https:\/\/wp.kristdemokraterna.se\/malmo\/index.php?rest_route=\/wp\/v2\/types\/page"}],"author":[{"embeddable":true,"href":"https:\/\/wp.kristdemokraterna.se\/malmo\/index.php?rest_route=\/wp\/v2\/users\/1039"}],"replies":[{"embeddable":true,"href":"https:\/\/wp.kristdemokraterna.se\/malmo\/index.php?rest_route=%2Fwp%2Fv2%2Fcomments&post=4948"}],"version-history":[{"count":1,"href":"https:\/\/wp.kristdemokraterna.se\/malmo\/index.php?rest_route=\/wp\/v2\/pages\/4948\/revisions"}],"predecessor-version":[{"id":4950,"href":"https:\/\/wp.kristdemokraterna.se\/malmo\/index.php?rest_route=\/wp\/v2\/pages\/4948\/revisions\/4950"}],"up":[{"embeddable":true,"href":"https:\/\/wp.kristdemokraterna.se\/malmo\/index.php?rest_route=\/wp\/v2\/pages\/342"}],"wp:attachment":[{"href":"https:\/\/wp.kristdemokraterna.se\/malmo\/index.php?rest_route=%2Fwp%2Fv2%2Fmedia&parent=4948"}],"curies":[{"name":"wp","href":"https:\/\/api.w.org\/{rel}","templated":true}]}}