{"id":5284,"date":"2025-09-23T12:18:27","date_gmt":"2025-09-23T10:18:27","guid":{"rendered":"https:\/\/wp.kristdemokraterna.se\/malmo\/?page_id=5284"},"modified":"2025-09-23T12:18:27","modified_gmt":"2025-09-23T10:18:27","slug":"malmo-och-bilen","status":"publish","type":"page","link":"https:\/\/wp.kristdemokraterna.se\/malmo\/?page_id=5284","title":{"rendered":"Malm\u00f6 och bilen"},"content":{"rendered":"<p>Upplever du att det \u00e4r en jakt p\u00e5 bilister i Malm\u00f6?<\/p>\n<p>Du \u00e4r inte ensam med den k\u00e4nslan. H\u00f6jda parkeringsavgifter, indragna parkeringar, bilv\u00e4gar som \u00e4r avst\u00e4ngda, o\u00e4ndligt med v\u00e4garbeten som aldrig verkar ta slut.<\/p>\n<p>Vi tycker att m\u00f6jligheten att anv\u00e4nda bilen i v\u00e5ra storst\u00e4der m\u00e5ste vara kvar, f\u00f6r barnfamiljerna, f\u00f6r handikappade, f\u00f6r \u00e4ldre, f\u00f6r alla verklighetens m\u00e4nniskor som inte har ett inrutat liv som alltid passar f\u00f6r kollektivtrafiken.<\/p>\n<p>Vi har belyst detta i ett antal ins\u00e4ndare och debattartiklar. Ta g\u00e4rna del av dem h\u00e4r nedan.<\/p>\n<p>&nbsp;<\/p>\n<p>Malm\u00f6 kommun styr \u00f6ver systemet f\u00f6r boendeparkering, dess regler och priser. Det \u00e4r de r\u00f6d\/gr\u00f6na politikerna p\u00e5 Stadshuset som tycker att just du ska f\u00e5 betala mer f\u00f6r att kunna parkera din bil i n\u00e4rheten av ditt hem. 25 kronor per dygn kommer fr\u00e5n den 1 april 2025 att bli 600 kronor \u2013 ingen rim och reson helt enkelt. J\u00e4mf\u00f6r (7 dygn \u00e4r 7&#215;25=175kr \u2013 efter 1 april blir det ist\u00e4llet 600 kronor!). Malm\u00f6 \u00e4r v\u00e5rt hem och vi \u00e4r tydliga med att KD Malm\u00f6 g\u00e5r till val 2026 p\u00e5 att kraftigt s\u00e4nka och normalisera kostnaderna f\u00f6r boendeparkering och samtidigt se \u00f6ver g\u00e4llande parkeringsregler. L\u00e4s mer h\u00e4r:\u00a0<a href=\"https:\/\/wp.kristdemokraterna.se\/malmo\/?p=5204\">https:\/\/wp.kristdemokraterna.se\/malmo\/?p=5204<\/a><\/p>\n<p>&nbsp;<\/p>\n<p>Det finns ingen mots\u00e4ttning mellan ett levande och gr\u00f6nt Davidhallstorg med en parkering, om vi placerar den under markniv\u00e5. Speciellt som det visar sig att parkeringen med tiden betalar sig sj\u00e4lv med kommunens krav p\u00e5 avkastning. L\u00e4s mer h\u00e4r:\u00a0<a href=\"https:\/\/wp.kristdemokraterna.se\/malmo\/?p=5229\">https:\/\/wp.kristdemokraterna.se\/malmo\/?p=5229<\/a><\/p>\n<p>&nbsp;<\/p>\n<p>Att ha bil \u00e4r f\u00f6r de flesta inte lyx utan en f\u00f6ruts\u00e4ttning f\u00f6r frihet och flexibilitet i vardagslivet. F\u00f6r m\u00e5nga barnfamiljer inneb\u00e4r bilen att man kan bo mer prisv\u00e4rt, f\u00e5 ihop jobb och familjeliv, och ha tillg\u00e5ng till service som inte alltid finns runt h\u00f6rnet. I glesbygd \u00e4r den ett m\u00e5ste. I storstaden \u00e4r den en livlina n\u00e4r kollektivtrafiken inte r\u00e4cker till, s\u00e4rskilt f\u00f6r den som inte jobbar kontorstider eller m\u00e5ste skjutsa flera barn till olika h\u00e5ll.<\/p>\n<p>Bilen ger m\u00f6jlighet till frihet f\u00f6r m\u00e5nga grupper, p\u00e5 ett s\u00e4tt som inget alternativ ger. Kristdemokraterna har partifullm\u00e4ktigebeslut p\u00e5 att vara det mest bilv\u00e4nliga partiet. Det \u00e4r inte f\u00f6r bilen i sig, utan f\u00f6r de frihetsm\u00f6jligheter som bilen ger nutidsm\u00e4nniskan. L\u00e4s mer h\u00e4r:\u00a0<a href=\"https:\/\/wp.kristdemokraterna.se\/malmo\/?p=5269\">https:\/\/wp.kristdemokraterna.se\/malmo\/?p=5269<\/a><\/p>\n<p>&nbsp;<\/p>\n<p>Vill du engagera dig? Bli medlem i KD h\u00e4r:\u00a0<a href=\"https:\/\/kristdemokraterna.se\/engagera-dig\/ansok-om-medlemskap-i-kristdemokraterna\">https:\/\/kristdemokraterna.se\/engagera-dig\/ansok-om-medlemskap-i-kristdemokraterna<\/a><\/p>\n","protected":false},"excerpt":{"rendered":"<p>Upplever du att det \u00e4r en jakt p\u00e5 bilister i Malm\u00f6? Du \u00e4r inte ensam med den k\u00e4nslan. H\u00f6jda parkeringsavgifter, indragna parkeringar, bilv\u00e4gar som \u00e4r avst\u00e4ngda, o\u00e4ndligt med v\u00e4garbeten som aldrig verkar ta slut. Vi tycker att m\u00f6jligheten att anv\u00e4nda bilen i v\u00e5ra storst\u00e4der m\u00e5ste vara kvar, f\u00f6r barnfamiljerna, f\u00f6r handikappade, f\u00f6r \u00e4ldre, f\u00f6r alla <a class=\"read-more-link\" href=\"https:\/\/wp.kristdemokraterna.se\/malmo\/?page_id=5284\">L\u00e4s mer<\/a><\/p>\n","protected":false},"author":1097,"featured_media":0,"parent":272,"menu_order":20,"comment_status":"closed","ping_status":"closed","template":"page.php","meta":{"_acf_changed":false,"footnotes":""},"class_list":["post-5284","page","type-page","status-publish","hentry"],"acf":[],"yoast_head":"<!-- This site is optimized with the Yoast SEO plugin v27.4 - https:\/\/yoast.com\/product\/yoast-seo-wordpress\/ -->\n<title>Malm\u00f6 och bilen - Kristdemokraterna | Malm\u00f6<\/title>\n<meta name=\"robots\" content=\"index, follow, max-snippet:-1, max-image-preview:large, max-video-preview:-1\" \/>\n<link rel=\"canonical\" href=\"https:\/\/wp.kristdemokraterna.se\/malmo\/?page_id=5284\" \/>\n<meta property=\"og:locale\" content=\"sv_SE\" \/>\n<meta property=\"og:type\" content=\"article\" \/>\n<meta property=\"og:title\" content=\"Malm\u00f6 och bilen - Kristdemokraterna | Malm\u00f6\" \/>\n<meta property=\"og:description\" content=\"Upplever du att det \u00e4r en jakt p\u00e5 bilister i Malm\u00f6? Du \u00e4r inte ensam med den k\u00e4nslan. H\u00f6jda parkeringsavgifter, indragna parkeringar, bilv\u00e4gar som \u00e4r avst\u00e4ngda, o\u00e4ndligt med v\u00e4garbeten som aldrig verkar ta slut. Vi tycker att m\u00f6jligheten att anv\u00e4nda bilen i v\u00e5ra storst\u00e4der m\u00e5ste vara kvar, f\u00f6r barnfamiljerna, f\u00f6r handikappade, f\u00f6r \u00e4ldre, f\u00f6r alla L\u00e4s mer\" \/>\n<meta property=\"og:url\" content=\"https:\/\/wp.kristdemokraterna.se\/malmo\/?page_id=5284\" \/>\n<meta property=\"og:site_name\" content=\"Kristdemokraterna | Malm\u00f6\" \/>\n<meta name=\"twitter:card\" content=\"summary_large_image\" \/>\n<meta name=\"twitter:label1\" content=\"Ber\u00e4knad l\u00e4stid\" \/>\n\t<meta name=\"twitter:data1\" content=\"2 minuter\" \/>\n<script type=\"application\/ld+json\" class=\"yoast-schema-graph\">{\"@context\":\"https:\\\/\\\/schema.org\",\"@graph\":[{\"@type\":\"WebPage\",\"@id\":\"https:\\\/\\\/wp.kristdemokraterna.se\\\/malmo\\\/?page_id=5284\",\"url\":\"https:\\\/\\\/wp.kristdemokraterna.se\\\/malmo\\\/?page_id=5284\",\"name\":\"Malm\u00f6 och bilen - Kristdemokraterna | Malm\u00f6\",\"isPartOf\":{\"@id\":\"https:\\\/\\\/wp.kristdemokraterna.se\\\/malmo\\\/#website\"},\"datePublished\":\"2025-09-23T10:18:27+00:00\",\"breadcrumb\":{\"@id\":\"https:\\\/\\\/wp.kristdemokraterna.se\\\/malmo\\\/?page_id=5284#breadcrumb\"},\"inLanguage\":\"sv-SE\",\"potentialAction\":[{\"@type\":\"ReadAction\",\"target\":[\"https:\\\/\\\/wp.kristdemokraterna.se\\\/malmo\\\/?page_id=5284\"]}]},{\"@type\":\"BreadcrumbList\",\"@id\":\"https:\\\/\\\/wp.kristdemokraterna.se\\\/malmo\\\/?page_id=5284#breadcrumb\",\"itemListElement\":[{\"@type\":\"ListItem\",\"position\":1,\"name\":\"Hem\",\"item\":\"https:\\\/\\\/wp.kristdemokraterna.se\\\/malmo\\\/\"},{\"@type\":\"ListItem\",\"position\":2,\"name\":\"Vad vi st\u00e5r f\u00f6r\",\"item\":\"https:\\\/\\\/wp.kristdemokraterna.se\\\/malmo\\\/?page_id=272\"},{\"@type\":\"ListItem\",\"position\":3,\"name\":\"Malm\u00f6 och bilen\"}]},{\"@type\":\"WebSite\",\"@id\":\"https:\\\/\\\/wp.kristdemokraterna.se\\\/malmo\\\/#website\",\"url\":\"https:\\\/\\\/wp.kristdemokraterna.se\\\/malmo\\\/\",\"name\":\"Kristdemokraterna | Malm\u00f6\",\"description\":\"\",\"inLanguage\":\"sv-SE\"}]}<\/script>\n<!-- \/ Yoast SEO plugin. -->","yoast_head_json":{"title":"Malm\u00f6 och bilen - Kristdemokraterna | Malm\u00f6","robots":{"index":"index","follow":"follow","max-snippet":"max-snippet:-1","max-image-preview":"max-image-preview:large","max-video-preview":"max-video-preview:-1"},"canonical":"https:\/\/wp.kristdemokraterna.se\/malmo\/?page_id=5284","og_locale":"sv_SE","og_type":"article","og_title":"Malm\u00f6 och bilen - Kristdemokraterna | Malm\u00f6","og_description":"Upplever du att det \u00e4r en jakt p\u00e5 bilister i Malm\u00f6? Du \u00e4r inte ensam med den k\u00e4nslan. H\u00f6jda parkeringsavgifter, indragna parkeringar, bilv\u00e4gar som \u00e4r avst\u00e4ngda, o\u00e4ndligt med v\u00e4garbeten som aldrig verkar ta slut. Vi tycker att m\u00f6jligheten att anv\u00e4nda bilen i v\u00e5ra storst\u00e4der m\u00e5ste vara kvar, f\u00f6r barnfamiljerna, f\u00f6r handikappade, f\u00f6r \u00e4ldre, f\u00f6r alla L\u00e4s mer","og_url":"https:\/\/wp.kristdemokraterna.se\/malmo\/?page_id=5284","og_site_name":"Kristdemokraterna | Malm\u00f6","twitter_card":"summary_large_image","twitter_misc":{"Ber\u00e4knad l\u00e4stid":"2 minuter"},"schema":{"@context":"https:\/\/schema.org","@graph":[{"@type":"WebPage","@id":"https:\/\/wp.kristdemokraterna.se\/malmo\/?page_id=5284","url":"https:\/\/wp.kristdemokraterna.se\/malmo\/?page_id=5284","name":"Malm\u00f6 och bilen - Kristdemokraterna | Malm\u00f6","isPartOf":{"@id":"https:\/\/wp.kristdemokraterna.se\/malmo\/#website"},"datePublished":"2025-09-23T10:18:27+00:00","breadcrumb":{"@id":"https:\/\/wp.kristdemokraterna.se\/malmo\/?page_id=5284#breadcrumb"},"inLanguage":"sv-SE","potentialAction":[{"@type":"ReadAction","target":["https:\/\/wp.kristdemokraterna.se\/malmo\/?page_id=5284"]}]},{"@type":"BreadcrumbList","@id":"https:\/\/wp.kristdemokraterna.se\/malmo\/?page_id=5284#breadcrumb","itemListElement":[{"@type":"ListItem","position":1,"name":"Hem","item":"https:\/\/wp.kristdemokraterna.se\/malmo\/"},{"@type":"ListItem","position":2,"name":"Vad vi st\u00e5r f\u00f6r","item":"https:\/\/wp.kristdemokraterna.se\/malmo\/?page_id=272"},{"@type":"ListItem","position":3,"name":"Malm\u00f6 och bilen"}]},{"@type":"WebSite","@id":"https:\/\/wp.kristdemokraterna.se\/malmo\/#website","url":"https:\/\/wp.kristdemokraterna.se\/malmo\/","name":"Kristdemokraterna | Malm\u00f6","description":"","inLanguage":"sv-SE"}]}},"_links":{"self":[{"href":"https:\/\/wp.kristdemokraterna.se\/malmo\/index.php?rest_route=\/wp\/v2\/pages\/5284","targetHints":{"allow":["GET"]}}],"collection":[{"href":"https:\/\/wp.kristdemokraterna.se\/malmo\/index.php?rest_route=\/wp\/v2\/pages"}],"about":[{"href":"https:\/\/wp.kristdemokraterna.se\/malmo\/index.php?rest_route=\/wp\/v2\/types\/page"}],"author":[{"embeddable":true,"href":"https:\/\/wp.kristdemokraterna.se\/malmo\/index.php?rest_route=\/wp\/v2\/users\/1097"}],"replies":[{"embeddable":true,"href":"https:\/\/wp.kristdemokraterna.se\/malmo\/index.php?rest_route=%2Fwp%2Fv2%2Fcomments&post=5284"}],"version-history":[{"count":1,"href":"https:\/\/wp.kristdemokraterna.se\/malmo\/index.php?rest_route=\/wp\/v2\/pages\/5284\/revisions"}],"predecessor-version":[{"id":5285,"href":"https:\/\/wp.kristdemokraterna.se\/malmo\/index.php?rest_route=\/wp\/v2\/pages\/5284\/revisions\/5285"}],"up":[{"embeddable":true,"href":"https:\/\/wp.kristdemokraterna.se\/malmo\/index.php?rest_route=\/wp\/v2\/pages\/272"}],"wp:attachment":[{"href":"https:\/\/wp.kristdemokraterna.se\/malmo\/index.php?rest_route=%2Fwp%2Fv2%2Fmedia&parent=5284"}],"curies":[{"name":"wp","href":"https:\/\/api.w.org\/{rel}","templated":true}]}}