{"id":5314,"date":"2025-09-27T15:28:09","date_gmt":"2025-09-27T13:28:09","guid":{"rendered":"https:\/\/wp.kristdemokraterna.se\/malmo\/?page_id=5314"},"modified":"2025-09-27T15:28:09","modified_gmt":"2025-09-27T13:28:09","slug":"vagar-du-bli-gammal-i-malmo","status":"publish","type":"page","link":"https:\/\/wp.kristdemokraterna.se\/malmo\/?page_id=5314","title":{"rendered":"V\u00e5gar du bli gammal i Malm\u00f6?"},"content":{"rendered":"<p>Vi har under en rad ins\u00e4ndare och debattartiklar pekat p\u00e5 olika problem inom v\u00e5rd och omsorg samt ber\u00e4ttat hur vi vill f\u00f6r\u00e4ndra f\u00f6r att det ska bli b\u00e4ttre f\u00f6r alla som beh\u00f6ver samh\u00e4llets st\u00f6d. N\u00e5gra exempel ser du h\u00e4r nedan, med l\u00e4nkar till hela artiklarna.<\/p>\n<p>&nbsp;<\/p>\n<p>\u00c4ven om Malm\u00f6 har en ung befolkning kommer antalet \u00e4ldre v\u00e5rdtagare med stora och mycket komplexa h\u00e4lsoproblem att utg\u00f6ra en allt st\u00f6rre utmaning inom \u00e4ldreomsorgen. Kristdemokraterna st\u00e5r f\u00f6r en politik som ser varje m\u00e4nniska som en unik person.<\/p>\n<p>De minutscheman som anv\u00e4nds i de flesta av Sveriges kommuner bygger p\u00e5 en f\u00f6rlegad m\u00e4nniskosyn s\u00e5v\u00e4l n\u00e4r det g\u00e4ller de anst\u00e4llda som p\u00e5 dem som beh\u00f6ver v\u00e5rd och omsorg. Systemet baseras p\u00e5 en tro d\u00e4r alla m\u00e4nniskors behov kan r\u00e4knas i minuter per insats, n\u00e5got som ocks\u00e5 ger ansvariga politiker och chefer en falsk bild av att behov och resurser \u00e4r l\u00e4tta att planera. L\u00e4s mer h\u00e4r:\u00a0<a href=\"https:\/\/wp.kristdemokraterna.se\/malmo\/?p=5112\">https:\/\/wp.kristdemokraterna.se\/malmo\/?p=5112<\/a><\/p>\n<p>&nbsp;<\/p>\n<p>KD i Malm\u00f6 har l\u00e4nge\u00a0pekat p\u00e5 vikten av att involvera personalen i en oml\u00e4ggning av arbetss\u00e4ttet inom v\u00e5rd- och omsorg. Men stadens politiska styre verkar inte vara intresserat av att titta p\u00e5 andra organisationsformer och arbetss\u00e4tt, ist\u00e4llet sk\u00e4rs omsorgen ned.<\/p>\n<p>Att \u00f6verl\u00e5ta allt st\u00f6rre del av v\u00e5rden till anh\u00f6riga och frivilligorganisationer \u00e4r inte bara inhumant utan riskerar ocks\u00e5 att bryta mot socialtj\u00e4nstlagen. L\u00e4s mer h\u00e4r:\u00a0<a href=\"https:\/\/wp.kristdemokraterna.se\/malmo\/?p=5178\">https:\/\/wp.kristdemokraterna.se\/malmo\/?p=5178<\/a><\/p>\n<p>&nbsp;<\/p>\n<p>Hemtj\u00e4nsten f\u00e5r under inga omst\u00e4ndigheter fr\u00e5ns\u00e4ga sig sitt ansvar f\u00f6r att s\u00e4kerst\u00e4lla att m\u00e4nniskor som \u00e4r beroende av hemtj\u00e4nst f\u00e5r en v\u00e4rdig omsorg. Det inbegriper sj\u00e4lvklart en portion v\u00e4llagad, varm mat per dag. De partier som styr Malm\u00f6 \u2013 Socialdemokraterna, Liberalerna och Milj\u00f6partiet \u2013 har nu proklamerat att de som f\u00e5r hemtj\u00e4nst ska ta ett st\u00f6rre ansvar f\u00f6r sitt eget v\u00e4lbefinnande. Men det \u00e4r att bortse fr\u00e5n den verklighet som sjuka \u00e4ldre befinner sig i.<\/p>\n<p>Tyv\u00e4rr har inte heller den borgerliga oppositionen i Malm\u00f6 kommunfullm\u00e4ktige \u2013 Moderaterna och Centerpartiet \u2013 motsatt sig de f\u00f6r\u00e4ndringar av hemtj\u00e4nsten som klubbades igenom 2024, ej heller Sverigedemokraterna. Beslutet inneb\u00e4r att \u00e4ldre och svaga i st\u00f6rre utstr\u00e4ckning ska ta ansvar \u2013 l\u00e4s: betala sj\u00e4lva eller utnyttja anh\u00f6riga \u2013 f\u00f6r den hj\u00e4lp de beh\u00f6ver. L\u00e4s mer h\u00e4r:\u00a0<a href=\"https:\/\/wp.kristdemokraterna.se\/malmo\/?p=5222\">https:\/\/wp.kristdemokraterna.se\/malmo\/?p=5222<\/a><\/p>\n<p>&nbsp;<\/p>\n<p>Efter att hemtj\u00e4nstanv\u00e4ndare, anh\u00f6riga och KD Malm\u00f6 p\u00e5pekat det orimliga hanterandet av Malm\u00f6s styre inser nu Anders Rubin (S), Malm\u00f6s kommunalr\u00e5d f\u00f6r \u00e4ldrefr\u00e5gor, att &#8221;vi kanske skulle ha funderat p\u00e5 om det fanns n\u00e5got alternativ&#8221;.<\/p>\n<p>Ett h\u00e4pnadsv\u00e4ckande uttalande, som visar of\u00f6rst\u00e5else i vad som h\u00e4nder n\u00e4r man pl\u00f6tsligt tar bort n\u00e5got som m\u00e4nniskor v\u00e4rdes\u00e4tter h\u00f6gt. Uttalandet visar ocks\u00e5 att styret har inga ambitioner om att ha b\u00e4sta m\u00f6jliga, eller ens en bra, \u00e4ldreomsorg. L\u00e4s mer h\u00e4r:\u00a0<a href=\"https:\/\/wp.kristdemokraterna.se\/malmo\/?p=5225\">https:\/\/wp.kristdemokraterna.se\/malmo\/?p=5225<\/a><\/p>\n<p>&nbsp;<\/p>\n<p>L\u00e5t oss tala klarspr\u00e5k om vad som h\u00e4nt i Malm\u00f6 under S-ledning:<\/p>\n<ul>\n<li>Egenavgiften p\u00e5 s\u00e4rskilt boende har h\u00f6jts med 678 kronor sedan januari 2024<\/li>\n<li>Avgifterna f\u00f6r f\u00e4rdtj\u00e4nst har justerats f\u00f6r att, enligt kommunen, bromsa kostnads\u00f6kningarna<\/li>\n<li>M\u00e5nga \u00e4ldre riskerar att betala h\u00f6gsta avgift om de inte sj\u00e4lva anm\u00e4ler sin inkomst, n\u00e5got som ofta sl\u00e5r mot dem med minst marginaler.<\/li>\n<\/ul>\n<p>L\u00e4s mer h\u00e4r:\u00a0<a href=\"https:\/\/wp.kristdemokraterna.se\/malmo\/?p=5236\">https:\/\/wp.kristdemokraterna.se\/malmo\/?p=5236<\/a><\/p>\n<p>&nbsp;<\/p>\n<p>P\u00e5 m\u00e5nga \u00e4ldreboenden och inom hemtj\u00e4nsten saknar personalen tillr\u00e4ckliga kunskaper i svenska spr\u00e5ket. Liknande problem finns p\u00e5 sjukhusens avdelningar, d\u00e4r till och med l\u00e4kare ibland har bristande spr\u00e5kkunskaper. Konsekvensen blir att b\u00e5de utredningar och behandlingar f\u00f6rsv\u00e5ras, f\u00f6rdyras och i v\u00e4rsta fall \u00e4ventyras. L\u00e4s mer h\u00e4r:\u00a0<a href=\"https:\/\/wp.kristdemokraterna.se\/malmo\/?p=5302\">https:\/\/wp.kristdemokraterna.se\/malmo\/?p=5302<\/a><\/p>\n<p>&nbsp;<\/p>\n<p>L\u00e4s och f\u00f6rundras \u00f6ver kr\u00e5nglet n\u00e4r man ska ans\u00f6ka om att f\u00e5 beviljad f\u00e4rdtj\u00e4nst i Malm\u00f6. Det \u00e4r sv\u00e5rt att f\u00f6rst\u00e5 alla on\u00f6diga valm\u00f6jligheter n\u00e4r man nu ska byta system.<\/p>\n<p>Vi i Kristdemokraterna tolkar det som on\u00f6digt kr\u00e5ngel. En skrivbordsprodukt som \u00e4r allt annat \u00e4n tillg\u00e4nglig och framf\u00f6r allt inte skapad f\u00f6r att underl\u00e4tta f\u00f6r kunden. L\u00e4s mer h\u00e4r:\u00a0<a href=\"https:\/\/wp.kristdemokraterna.se\/malmo\/?p=5310\">https:\/\/wp.kristdemokraterna.se\/malmo\/?p=5310<\/a><\/p>\n<p>&nbsp;<\/p>\n<p>Vill du engagera dig? Bli medlem i KD h\u00e4r:\u00a0<a href=\"https:\/\/kristdemokraterna.se\/engagera-dig\/ansok-om-medlemskap-i-kristdemokraterna\">https:\/\/kristdemokraterna.se\/engagera-dig\/ansok-om-medlemskap-i-kristdemokraterna<\/a><\/p>\n<p>&nbsp;<\/p>\n","protected":false},"excerpt":{"rendered":"<p>Vi har under en rad ins\u00e4ndare och debattartiklar pekat p\u00e5 olika problem inom v\u00e5rd och omsorg samt ber\u00e4ttat hur vi vill f\u00f6r\u00e4ndra f\u00f6r att det ska bli b\u00e4ttre f\u00f6r alla som beh\u00f6ver samh\u00e4llets st\u00f6d. N\u00e5gra exempel ser du h\u00e4r nedan, med l\u00e4nkar till hela artiklarna. &nbsp; \u00c4ven om Malm\u00f6 har en ung befolkning kommer antalet <a class=\"read-more-link\" href=\"https:\/\/wp.kristdemokraterna.se\/malmo\/?page_id=5314\">L\u00e4s mer<\/a><\/p>\n","protected":false},"author":1097,"featured_media":0,"parent":272,"menu_order":40,"comment_status":"closed","ping_status":"closed","template":"page.php","meta":{"_acf_changed":false,"footnotes":""},"class_list":["post-5314","page","type-page","status-publish","hentry"],"acf":[],"yoast_head":"<!-- This site is optimized with the Yoast SEO plugin v27.4 - https:\/\/yoast.com\/product\/yoast-seo-wordpress\/ -->\n<title>V\u00e5gar du bli gammal i Malm\u00f6? - Kristdemokraterna | Malm\u00f6<\/title>\n<meta name=\"robots\" content=\"index, follow, max-snippet:-1, max-image-preview:large, max-video-preview:-1\" \/>\n<link rel=\"canonical\" href=\"https:\/\/wp.kristdemokraterna.se\/malmo\/?page_id=5314\" \/>\n<meta property=\"og:locale\" content=\"sv_SE\" \/>\n<meta property=\"og:type\" content=\"article\" \/>\n<meta property=\"og:title\" content=\"V\u00e5gar du bli gammal i Malm\u00f6? - Kristdemokraterna | Malm\u00f6\" \/>\n<meta property=\"og:description\" content=\"Vi har under en rad ins\u00e4ndare och debattartiklar pekat p\u00e5 olika problem inom v\u00e5rd och omsorg samt ber\u00e4ttat hur vi vill f\u00f6r\u00e4ndra f\u00f6r att det ska bli b\u00e4ttre f\u00f6r alla som beh\u00f6ver samh\u00e4llets st\u00f6d. N\u00e5gra exempel ser du h\u00e4r nedan, med l\u00e4nkar till hela artiklarna. &nbsp; \u00c4ven om Malm\u00f6 har en ung befolkning kommer antalet L\u00e4s mer\" \/>\n<meta property=\"og:url\" content=\"https:\/\/wp.kristdemokraterna.se\/malmo\/?page_id=5314\" \/>\n<meta property=\"og:site_name\" content=\"Kristdemokraterna | Malm\u00f6\" \/>\n<meta name=\"twitter:card\" content=\"summary_large_image\" \/>\n<meta name=\"twitter:label1\" content=\"Ber\u00e4knad l\u00e4stid\" \/>\n\t<meta name=\"twitter:data1\" content=\"4 minuter\" \/>\n<script type=\"application\/ld+json\" class=\"yoast-schema-graph\">{\"@context\":\"https:\\\/\\\/schema.org\",\"@graph\":[{\"@type\":\"WebPage\",\"@id\":\"https:\\\/\\\/wp.kristdemokraterna.se\\\/malmo\\\/?page_id=5314\",\"url\":\"https:\\\/\\\/wp.kristdemokraterna.se\\\/malmo\\\/?page_id=5314\",\"name\":\"V\u00e5gar du bli gammal i Malm\u00f6? - Kristdemokraterna | Malm\u00f6\",\"isPartOf\":{\"@id\":\"https:\\\/\\\/wp.kristdemokraterna.se\\\/malmo\\\/#website\"},\"datePublished\":\"2025-09-27T13:28:09+00:00\",\"breadcrumb\":{\"@id\":\"https:\\\/\\\/wp.kristdemokraterna.se\\\/malmo\\\/?page_id=5314#breadcrumb\"},\"inLanguage\":\"sv-SE\",\"potentialAction\":[{\"@type\":\"ReadAction\",\"target\":[\"https:\\\/\\\/wp.kristdemokraterna.se\\\/malmo\\\/?page_id=5314\"]}]},{\"@type\":\"BreadcrumbList\",\"@id\":\"https:\\\/\\\/wp.kristdemokraterna.se\\\/malmo\\\/?page_id=5314#breadcrumb\",\"itemListElement\":[{\"@type\":\"ListItem\",\"position\":1,\"name\":\"Hem\",\"item\":\"https:\\\/\\\/wp.kristdemokraterna.se\\\/malmo\\\/\"},{\"@type\":\"ListItem\",\"position\":2,\"name\":\"Vad vi st\u00e5r f\u00f6r\",\"item\":\"https:\\\/\\\/wp.kristdemokraterna.se\\\/malmo\\\/?page_id=272\"},{\"@type\":\"ListItem\",\"position\":3,\"name\":\"V\u00e5gar du bli gammal i Malm\u00f6?\"}]},{\"@type\":\"WebSite\",\"@id\":\"https:\\\/\\\/wp.kristdemokraterna.se\\\/malmo\\\/#website\",\"url\":\"https:\\\/\\\/wp.kristdemokraterna.se\\\/malmo\\\/\",\"name\":\"Kristdemokraterna | Malm\u00f6\",\"description\":\"\",\"inLanguage\":\"sv-SE\"}]}<\/script>\n<!-- \/ Yoast SEO plugin. -->","yoast_head_json":{"title":"V\u00e5gar du bli gammal i Malm\u00f6? - Kristdemokraterna | Malm\u00f6","robots":{"index":"index","follow":"follow","max-snippet":"max-snippet:-1","max-image-preview":"max-image-preview:large","max-video-preview":"max-video-preview:-1"},"canonical":"https:\/\/wp.kristdemokraterna.se\/malmo\/?page_id=5314","og_locale":"sv_SE","og_type":"article","og_title":"V\u00e5gar du bli gammal i Malm\u00f6? - Kristdemokraterna | Malm\u00f6","og_description":"Vi har under en rad ins\u00e4ndare och debattartiklar pekat p\u00e5 olika problem inom v\u00e5rd och omsorg samt ber\u00e4ttat hur vi vill f\u00f6r\u00e4ndra f\u00f6r att det ska bli b\u00e4ttre f\u00f6r alla som beh\u00f6ver samh\u00e4llets st\u00f6d. N\u00e5gra exempel ser du h\u00e4r nedan, med l\u00e4nkar till hela artiklarna. &nbsp; \u00c4ven om Malm\u00f6 har en ung befolkning kommer antalet L\u00e4s mer","og_url":"https:\/\/wp.kristdemokraterna.se\/malmo\/?page_id=5314","og_site_name":"Kristdemokraterna | Malm\u00f6","twitter_card":"summary_large_image","twitter_misc":{"Ber\u00e4knad l\u00e4stid":"4 minuter"},"schema":{"@context":"https:\/\/schema.org","@graph":[{"@type":"WebPage","@id":"https:\/\/wp.kristdemokraterna.se\/malmo\/?page_id=5314","url":"https:\/\/wp.kristdemokraterna.se\/malmo\/?page_id=5314","name":"V\u00e5gar du bli gammal i Malm\u00f6? - Kristdemokraterna | Malm\u00f6","isPartOf":{"@id":"https:\/\/wp.kristdemokraterna.se\/malmo\/#website"},"datePublished":"2025-09-27T13:28:09+00:00","breadcrumb":{"@id":"https:\/\/wp.kristdemokraterna.se\/malmo\/?page_id=5314#breadcrumb"},"inLanguage":"sv-SE","potentialAction":[{"@type":"ReadAction","target":["https:\/\/wp.kristdemokraterna.se\/malmo\/?page_id=5314"]}]},{"@type":"BreadcrumbList","@id":"https:\/\/wp.kristdemokraterna.se\/malmo\/?page_id=5314#breadcrumb","itemListElement":[{"@type":"ListItem","position":1,"name":"Hem","item":"https:\/\/wp.kristdemokraterna.se\/malmo\/"},{"@type":"ListItem","position":2,"name":"Vad vi st\u00e5r f\u00f6r","item":"https:\/\/wp.kristdemokraterna.se\/malmo\/?page_id=272"},{"@type":"ListItem","position":3,"name":"V\u00e5gar du bli gammal i Malm\u00f6?"}]},{"@type":"WebSite","@id":"https:\/\/wp.kristdemokraterna.se\/malmo\/#website","url":"https:\/\/wp.kristdemokraterna.se\/malmo\/","name":"Kristdemokraterna | Malm\u00f6","description":"","inLanguage":"sv-SE"}]}},"_links":{"self":[{"href":"https:\/\/wp.kristdemokraterna.se\/malmo\/index.php?rest_route=\/wp\/v2\/pages\/5314","targetHints":{"allow":["GET"]}}],"collection":[{"href":"https:\/\/wp.kristdemokraterna.se\/malmo\/index.php?rest_route=\/wp\/v2\/pages"}],"about":[{"href":"https:\/\/wp.kristdemokraterna.se\/malmo\/index.php?rest_route=\/wp\/v2\/types\/page"}],"author":[{"embeddable":true,"href":"https:\/\/wp.kristdemokraterna.se\/malmo\/index.php?rest_route=\/wp\/v2\/users\/1097"}],"replies":[{"embeddable":true,"href":"https:\/\/wp.kristdemokraterna.se\/malmo\/index.php?rest_route=%2Fwp%2Fv2%2Fcomments&post=5314"}],"version-history":[{"count":3,"href":"https:\/\/wp.kristdemokraterna.se\/malmo\/index.php?rest_route=\/wp\/v2\/pages\/5314\/revisions"}],"predecessor-version":[{"id":5317,"href":"https:\/\/wp.kristdemokraterna.se\/malmo\/index.php?rest_route=\/wp\/v2\/pages\/5314\/revisions\/5317"}],"up":[{"embeddable":true,"href":"https:\/\/wp.kristdemokraterna.se\/malmo\/index.php?rest_route=\/wp\/v2\/pages\/272"}],"wp:attachment":[{"href":"https:\/\/wp.kristdemokraterna.se\/malmo\/index.php?rest_route=%2Fwp%2Fv2%2Fmedia&parent=5314"}],"curies":[{"name":"wp","href":"https:\/\/api.w.org\/{rel}","templated":true}]}}