{"id":269,"date":"2017-11-29T16:48:28","date_gmt":"2017-11-29T15:48:28","guid":{"rendered":"http:\/\/wp.kristdemokraterna.se\/mariestad\/?page_id=269"},"modified":"2025-10-23T18:48:02","modified_gmt":"2025-10-23T16:48:02","slug":"textsida-med-vanster-sidebar","status":"publish","type":"page","link":"https:\/\/wp.kristdemokraterna.se\/mariestad\/textsida-med-vanster-sidebar\/","title":{"rendered":"DINA POLITIKER"},"content":{"rendered":"<p><strong>Alexander Svensson <\/strong><\/p>\n<p>Ordf\u00f6rande<\/p>\n<p><a href=\"http:\/\/wp.kristdemokraterna.se\/mariestad\/files\/2025\/09\/alex-scaled.jpg\"><img loading=\"lazy\" decoding=\"async\" class=\"alignnone size-medium wp-image-571\" src=\"http:\/\/wp.kristdemokraterna.se\/mariestad\/files\/2025\/09\/alex-200x300.jpg\" alt=\"\" width=\"200\" height=\"300\" srcset=\"https:\/\/wp.kristdemokraterna.se\/mariestad\/files\/2025\/09\/alex-200x300.jpg 200w, https:\/\/wp.kristdemokraterna.se\/mariestad\/files\/2025\/09\/alex-683x1024.jpg 683w, https:\/\/wp.kristdemokraterna.se\/mariestad\/files\/2025\/09\/alex-768x1152.jpg 768w, https:\/\/wp.kristdemokraterna.se\/mariestad\/files\/2025\/09\/alex-1024x1536.jpg 1024w, https:\/\/wp.kristdemokraterna.se\/mariestad\/files\/2025\/09\/alex-1365x2048.jpg 1365w, https:\/\/wp.kristdemokraterna.se\/mariestad\/files\/2025\/09\/alex-133x200.jpg 133w, https:\/\/wp.kristdemokraterna.se\/mariestad\/files\/2025\/09\/alex-370x555.jpg 370w, https:\/\/wp.kristdemokraterna.se\/mariestad\/files\/2025\/09\/alex-770x1155.jpg 770w, https:\/\/wp.kristdemokraterna.se\/mariestad\/files\/2025\/09\/alex-450x675.jpg 450w, https:\/\/wp.kristdemokraterna.se\/mariestad\/files\/2025\/09\/alex-268x402.jpg 268w, https:\/\/wp.kristdemokraterna.se\/mariestad\/files\/2025\/09\/alex-340x510.jpg 340w, https:\/\/wp.kristdemokraterna.se\/mariestad\/files\/2025\/09\/alex-37x56.jpg 37w, https:\/\/wp.kristdemokraterna.se\/mariestad\/files\/2025\/09\/alex-scaled.jpg 1707w\" sizes=\"auto, (max-width: 200px) 100vw, 200px\" \/><\/a><\/p>\n<p>Ers\u00e4ttare: Kommunstyrelsen<\/p>\n<p>Ers\u00e4ttare: Tekniska omst\u00e4llningsn\u00e4mnden<\/p>\n<p>Ers\u00e4ttare: Teknisk n\u00e4mnd Mariestad<\/p>\n<p>Ers\u00e4ttare: Milj\u00f6- och byggnadsn\u00e4mnden<\/p>\n<p>Ers\u00e4ttare: V\u00e4nerEnergi AB<\/p>\n<p>Kontakt: alexander.svensson@mariestad.se<\/p>\n<p>&nbsp;<\/p>\n<p>&nbsp;<\/p>\n<p>&nbsp;<\/p>\n<p><strong>Kristina Gr\u00f6nvalls <\/strong><\/p>\n<p>Vice ordf\u00f6rande<\/p>\n<p><a href=\"http:\/\/wp.kristdemokraterna.se\/mariestad\/files\/2025\/09\/kristina-scaled.jpg\"><img loading=\"lazy\" decoding=\"async\" class=\"alignnone size-medium wp-image-567\" src=\"http:\/\/wp.kristdemokraterna.se\/mariestad\/files\/2025\/09\/kristina-300x200.jpg\" alt=\"\" width=\"300\" height=\"200\" srcset=\"https:\/\/wp.kristdemokraterna.se\/mariestad\/files\/2025\/09\/kristina-300x200.jpg 300w, https:\/\/wp.kristdemokraterna.se\/mariestad\/files\/2025\/09\/kristina-1024x683.jpg 1024w, https:\/\/wp.kristdemokraterna.se\/mariestad\/files\/2025\/09\/kristina-768x512.jpg 768w, https:\/\/wp.kristdemokraterna.se\/mariestad\/files\/2025\/09\/kristina-1536x1024.jpg 1536w, https:\/\/wp.kristdemokraterna.se\/mariestad\/files\/2025\/09\/kristina-2048x1365.jpg 2048w, https:\/\/wp.kristdemokraterna.se\/mariestad\/files\/2025\/09\/kristina-370x247.jpg 370w, https:\/\/wp.kristdemokraterna.se\/mariestad\/files\/2025\/09\/kristina-770x513.jpg 770w, https:\/\/wp.kristdemokraterna.se\/mariestad\/files\/2025\/09\/kristina-450x300.jpg 450w, https:\/\/wp.kristdemokraterna.se\/mariestad\/files\/2025\/09\/kristina-280x187.jpg 280w, https:\/\/wp.kristdemokraterna.se\/mariestad\/files\/2025\/09\/kristina-340x227.jpg 340w, https:\/\/wp.kristdemokraterna.se\/mariestad\/files\/2025\/09\/kristina-200x133.jpg 200w, https:\/\/wp.kristdemokraterna.se\/mariestad\/files\/2025\/09\/kristina-84x56.jpg 84w\" sizes=\"auto, (max-width: 300px) 100vw, 300px\" \/><\/a><\/p>\n<p>Ledamot: Kommunfullm\u00e4ktige<\/p>\n<p>Ledamot: Kommunstyrelsen<\/p>\n<p>1:e vice ordf\u00f6rande: V\u00e5rd- och omsorgsn\u00e4mnden<\/p>\n<p>Kontakt: kristina.gronvalls@gullspang.se<\/p>\n<p>&nbsp;<\/p>\n<p>&nbsp;<\/p>\n<p><strong>Sven-Inge Eriksson\u00a0<\/strong><\/p>\n<p>Gruppledare<\/p>\n<p><a href=\"http:\/\/wp.kristdemokraterna.se\/mariestad\/files\/2025\/09\/sie-scaled.jpg\"><img loading=\"lazy\" decoding=\"async\" class=\"alignnone size-medium wp-image-568\" src=\"http:\/\/wp.kristdemokraterna.se\/mariestad\/files\/2025\/09\/sie-200x300.jpg\" alt=\"\" width=\"200\" height=\"300\" srcset=\"https:\/\/wp.kristdemokraterna.se\/mariestad\/files\/2025\/09\/sie-200x300.jpg 200w, https:\/\/wp.kristdemokraterna.se\/mariestad\/files\/2025\/09\/sie-683x1024.jpg 683w, https:\/\/wp.kristdemokraterna.se\/mariestad\/files\/2025\/09\/sie-768x1152.jpg 768w, https:\/\/wp.kristdemokraterna.se\/mariestad\/files\/2025\/09\/sie-1024x1536.jpg 1024w, https:\/\/wp.kristdemokraterna.se\/mariestad\/files\/2025\/09\/sie-1365x2048.jpg 1365w, https:\/\/wp.kristdemokraterna.se\/mariestad\/files\/2025\/09\/sie-133x200.jpg 133w, https:\/\/wp.kristdemokraterna.se\/mariestad\/files\/2025\/09\/sie-370x555.jpg 370w, https:\/\/wp.kristdemokraterna.se\/mariestad\/files\/2025\/09\/sie-770x1155.jpg 770w, https:\/\/wp.kristdemokraterna.se\/mariestad\/files\/2025\/09\/sie-450x675.jpg 450w, https:\/\/wp.kristdemokraterna.se\/mariestad\/files\/2025\/09\/sie-268x402.jpg 268w, https:\/\/wp.kristdemokraterna.se\/mariestad\/files\/2025\/09\/sie-340x510.jpg 340w, https:\/\/wp.kristdemokraterna.se\/mariestad\/files\/2025\/09\/sie-37x56.jpg 37w, https:\/\/wp.kristdemokraterna.se\/mariestad\/files\/2025\/09\/sie-scaled.jpg 1707w\" sizes=\"auto, (max-width: 200px) 100vw, 200px\" \/><\/a><\/p>\n<p>Ledamot: Kommunfullm\u00e4ktige<\/p>\n<p>Ledamot: Kommunstyrelsen<\/p>\n<p>Ordf\u00f6rande: Teknisk n\u00e4mnd Mariestad<\/p>\n<p>2:e vice ordf\u00f6rande: Tekniska omst\u00e4llningsn\u00e4mnden<\/p>\n<p>Ledamot: Kultur- och fritidsberedning<\/p>\n<p>Ledamot: V\u00e4nerEnergi AB<\/p>\n<p>&nbsp;<\/p>\n<p>Kontakt: sven-inge.eriksson@mariestad.se<\/p>\n<p>&nbsp;<\/p>\n<p>&nbsp;<\/p>\n<p><strong>Irmeli Ring\u00f6 <\/strong><\/p>\n<p>Styrelsesuppleant<\/p>\n<p><a href=\"http:\/\/wp.kristdemokraterna.se\/mariestad\/files\/2025\/09\/irmeli--scaled.jpg\"><img loading=\"lazy\" decoding=\"async\" class=\"alignnone size-medium wp-image-569\" src=\"http:\/\/wp.kristdemokraterna.se\/mariestad\/files\/2025\/09\/irmeli--300x200.jpg\" alt=\"\" width=\"300\" height=\"200\" srcset=\"https:\/\/wp.kristdemokraterna.se\/mariestad\/files\/2025\/09\/irmeli--300x200.jpg 300w, https:\/\/wp.kristdemokraterna.se\/mariestad\/files\/2025\/09\/irmeli--1024x683.jpg 1024w, https:\/\/wp.kristdemokraterna.se\/mariestad\/files\/2025\/09\/irmeli--768x512.jpg 768w, https:\/\/wp.kristdemokraterna.se\/mariestad\/files\/2025\/09\/irmeli--1536x1024.jpg 1536w, https:\/\/wp.kristdemokraterna.se\/mariestad\/files\/2025\/09\/irmeli--2048x1365.jpg 2048w, https:\/\/wp.kristdemokraterna.se\/mariestad\/files\/2025\/09\/irmeli--370x247.jpg 370w, https:\/\/wp.kristdemokraterna.se\/mariestad\/files\/2025\/09\/irmeli--770x513.jpg 770w, https:\/\/wp.kristdemokraterna.se\/mariestad\/files\/2025\/09\/irmeli--450x300.jpg 450w, https:\/\/wp.kristdemokraterna.se\/mariestad\/files\/2025\/09\/irmeli--280x187.jpg 280w, https:\/\/wp.kristdemokraterna.se\/mariestad\/files\/2025\/09\/irmeli--340x227.jpg 340w, https:\/\/wp.kristdemokraterna.se\/mariestad\/files\/2025\/09\/irmeli--200x133.jpg 200w, https:\/\/wp.kristdemokraterna.se\/mariestad\/files\/2025\/09\/irmeli--84x56.jpg 84w\" sizes=\"auto, (max-width: 300px) 100vw, 300px\" \/><\/a><\/p>\n<p>&nbsp;<\/p>\n<p>&nbsp;<\/p>\n<p><strong>Elenor Kastenman<\/strong><\/p>\n<p>&nbsp;<\/p>\n<p><a href=\"http:\/\/wp.kristdemokraterna.se\/mariestad\/files\/2025\/09\/e30689d7-42dd-4a8e-b4d5-4d2619e28cf0.jpg\"><img loading=\"lazy\" decoding=\"async\" class=\"alignnone size-medium wp-image-573\" src=\"http:\/\/wp.kristdemokraterna.se\/mariestad\/files\/2025\/09\/e30689d7-42dd-4a8e-b4d5-4d2619e28cf0-225x300.jpg\" alt=\"\" width=\"225\" height=\"300\" srcset=\"https:\/\/wp.kristdemokraterna.se\/mariestad\/files\/2025\/09\/e30689d7-42dd-4a8e-b4d5-4d2619e28cf0-225x300.jpg 225w, https:\/\/wp.kristdemokraterna.se\/mariestad\/files\/2025\/09\/e30689d7-42dd-4a8e-b4d5-4d2619e28cf0-768x1024.jpg 768w, https:\/\/wp.kristdemokraterna.se\/mariestad\/files\/2025\/09\/e30689d7-42dd-4a8e-b4d5-4d2619e28cf0-1152x1536.jpg 1152w, https:\/\/wp.kristdemokraterna.se\/mariestad\/files\/2025\/09\/e30689d7-42dd-4a8e-b4d5-4d2619e28cf0-150x200.jpg 150w, https:\/\/wp.kristdemokraterna.se\/mariestad\/files\/2025\/09\/e30689d7-42dd-4a8e-b4d5-4d2619e28cf0-370x493.jpg 370w, https:\/\/wp.kristdemokraterna.se\/mariestad\/files\/2025\/09\/e30689d7-42dd-4a8e-b4d5-4d2619e28cf0-770x1026.jpg 770w, https:\/\/wp.kristdemokraterna.se\/mariestad\/files\/2025\/09\/e30689d7-42dd-4a8e-b4d5-4d2619e28cf0-450x600.jpg 450w, https:\/\/wp.kristdemokraterna.se\/mariestad\/files\/2025\/09\/e30689d7-42dd-4a8e-b4d5-4d2619e28cf0-280x373.jpg 280w, https:\/\/wp.kristdemokraterna.se\/mariestad\/files\/2025\/09\/e30689d7-42dd-4a8e-b4d5-4d2619e28cf0-340x453.jpg 340w, https:\/\/wp.kristdemokraterna.se\/mariestad\/files\/2025\/09\/e30689d7-42dd-4a8e-b4d5-4d2619e28cf0-42x56.jpg 42w, https:\/\/wp.kristdemokraterna.se\/mariestad\/files\/2025\/09\/e30689d7-42dd-4a8e-b4d5-4d2619e28cf0.jpg 1396w\" sizes=\"auto, (max-width: 225px) 100vw, 225px\" \/><\/a><\/p>\n<p>Ledamot: Utbildningsn\u00e4mnden<\/p>\n<p>Kontakt: elenor.kastenman@mariestad.se<\/p>\n","protected":false},"excerpt":{"rendered":"<p>Alexander Svensson Ordf\u00f6rande Ers\u00e4ttare: Kommunstyrelsen Ers\u00e4ttare: Tekniska omst\u00e4llningsn\u00e4mnden Ers\u00e4ttare: Teknisk n\u00e4mnd Mariestad Ers\u00e4ttare: Milj\u00f6- och byggnadsn\u00e4mnden Ers\u00e4ttare: V\u00e4nerEnergi AB Kontakt: alexander.svensson@mariestad.se &nbsp; &nbsp; &nbsp; Kristina Gr\u00f6nvalls Vice ordf\u00f6rande Ledamot: Kommunfullm\u00e4ktige Ledamot: Kommunstyrelsen 1:e vice ordf\u00f6rande: V\u00e5rd- och omsorgsn\u00e4mnden Kontakt: kristina.gronvalls@gullspang.se &nbsp; &nbsp; Sven-Inge Eriksson\u00a0 Gruppledare Ledamot: Kommunfullm\u00e4ktige Ledamot: Kommunstyrelsen Ordf\u00f6rande: Teknisk n\u00e4mnd Mariestad 2:e vice <a class=\"read-more-link\" href=\"https:\/\/wp.kristdemokraterna.se\/mariestad\/textsida-med-vanster-sidebar\/\">L\u00e4s mer<\/a><\/p>\n","protected":false},"author":848,"featured_media":0,"parent":0,"menu_order":0,"comment_status":"closed","ping_status":"closed","template":"page.php","meta":{"_acf_changed":false,"footnotes":""},"class_list":["post-269","page","type-page","status-publish","hentry"],"acf":[],"yoast_head":"<!-- This site is optimized with the Yoast SEO plugin v27.3 - https:\/\/yoast.com\/product\/yoast-seo-wordpress\/ -->\n<title>DINA POLITIKER - Kristdemokraterna | Mariestad<\/title>\n<meta name=\"robots\" content=\"index, follow, max-snippet:-1, max-image-preview:large, max-video-preview:-1\" \/>\n<link rel=\"canonical\" href=\"https:\/\/wp.kristdemokraterna.se\/mariestad\/textsida-med-vanster-sidebar\/\" \/>\n<meta property=\"og:locale\" content=\"sv_SE\" \/>\n<meta property=\"og:type\" content=\"article\" \/>\n<meta property=\"og:title\" content=\"DINA POLITIKER - Kristdemokraterna | Mariestad\" \/>\n<meta property=\"og:description\" content=\"Alexander Svensson Ordf\u00f6rande Ers\u00e4ttare: Kommunstyrelsen Ers\u00e4ttare: Tekniska omst\u00e4llningsn\u00e4mnden Ers\u00e4ttare: Teknisk n\u00e4mnd Mariestad Ers\u00e4ttare: Milj\u00f6- och byggnadsn\u00e4mnden Ers\u00e4ttare: V\u00e4nerEnergi AB Kontakt: alexander.svensson@mariestad.se &nbsp; &nbsp; &nbsp; Kristina Gr\u00f6nvalls Vice ordf\u00f6rande Ledamot: Kommunfullm\u00e4ktige Ledamot: Kommunstyrelsen 1:e vice ordf\u00f6rande: V\u00e5rd- och omsorgsn\u00e4mnden Kontakt: kristina.gronvalls@gullspang.se &nbsp; &nbsp; Sven-Inge Eriksson\u00a0 Gruppledare Ledamot: Kommunfullm\u00e4ktige Ledamot: Kommunstyrelsen Ordf\u00f6rande: Teknisk n\u00e4mnd Mariestad 2:e vice L\u00e4s mer\" \/>\n<meta property=\"og:url\" content=\"https:\/\/wp.kristdemokraterna.se\/mariestad\/textsida-med-vanster-sidebar\/\" \/>\n<meta property=\"og:site_name\" content=\"Kristdemokraterna | Mariestad\" \/>\n<meta property=\"article:modified_time\" content=\"2025-10-23T16:48:02+00:00\" \/>\n<meta property=\"og:image\" content=\"https:\/\/wp.kristdemokraterna.se\/mariestad\/files\/2025\/09\/alex-683x1024.jpg\" \/>\n\t<meta property=\"og:image:width\" content=\"683\" \/>\n\t<meta property=\"og:image:height\" content=\"1024\" \/>\n\t<meta property=\"og:image:type\" content=\"image\/jpeg\" \/>\n<meta name=\"twitter:card\" content=\"summary_large_image\" \/>\n<meta name=\"twitter:label1\" content=\"Ber\u00e4knad l\u00e4stid\" \/>\n\t<meta name=\"twitter:data1\" content=\"2 minuter\" \/>\n<script type=\"application\/ld+json\" class=\"yoast-schema-graph\">{\"@context\":\"https:\\\/\\\/schema.org\",\"@graph\":[{\"@type\":\"WebPage\",\"@id\":\"https:\\\/\\\/wp.kristdemokraterna.se\\\/mariestad\\\/textsida-med-vanster-sidebar\\\/\",\"url\":\"https:\\\/\\\/wp.kristdemokraterna.se\\\/mariestad\\\/textsida-med-vanster-sidebar\\\/\",\"name\":\"DINA POLITIKER - Kristdemokraterna | Mariestad\",\"isPartOf\":{\"@id\":\"https:\\\/\\\/wp.kristdemokraterna.se\\\/mariestad\\\/#website\"},\"primaryImageOfPage\":{\"@id\":\"https:\\\/\\\/wp.kristdemokraterna.se\\\/mariestad\\\/textsida-med-vanster-sidebar\\\/#primaryimage\"},\"image\":{\"@id\":\"https:\\\/\\\/wp.kristdemokraterna.se\\\/mariestad\\\/textsida-med-vanster-sidebar\\\/#primaryimage\"},\"thumbnailUrl\":\"http:\\\/\\\/wp.kristdemokraterna.se\\\/mariestad\\\/files\\\/2025\\\/09\\\/alex-200x300.jpg\",\"datePublished\":\"2017-11-29T15:48:28+00:00\",\"dateModified\":\"2025-10-23T16:48:02+00:00\",\"breadcrumb\":{\"@id\":\"https:\\\/\\\/wp.kristdemokraterna.se\\\/mariestad\\\/textsida-med-vanster-sidebar\\\/#breadcrumb\"},\"inLanguage\":\"sv-SE\",\"potentialAction\":[{\"@type\":\"ReadAction\",\"target\":[\"https:\\\/\\\/wp.kristdemokraterna.se\\\/mariestad\\\/textsida-med-vanster-sidebar\\\/\"]}]},{\"@type\":\"ImageObject\",\"inLanguage\":\"sv-SE\",\"@id\":\"https:\\\/\\\/wp.kristdemokraterna.se\\\/mariestad\\\/textsida-med-vanster-sidebar\\\/#primaryimage\",\"url\":\"https:\\\/\\\/wp.kristdemokraterna.se\\\/mariestad\\\/files\\\/2025\\\/09\\\/alex-scaled.jpg\",\"contentUrl\":\"https:\\\/\\\/wp.kristdemokraterna.se\\\/mariestad\\\/files\\\/2025\\\/09\\\/alex-scaled.jpg\",\"width\":1707,\"height\":2560},{\"@type\":\"BreadcrumbList\",\"@id\":\"https:\\\/\\\/wp.kristdemokraterna.se\\\/mariestad\\\/textsida-med-vanster-sidebar\\\/#breadcrumb\",\"itemListElement\":[{\"@type\":\"ListItem\",\"position\":1,\"name\":\"Hem\",\"item\":\"https:\\\/\\\/wp.kristdemokraterna.se\\\/mariestad\\\/\"},{\"@type\":\"ListItem\",\"position\":2,\"name\":\"DINA POLITIKER\"}]},{\"@type\":\"WebSite\",\"@id\":\"https:\\\/\\\/wp.kristdemokraterna.se\\\/mariestad\\\/#website\",\"url\":\"https:\\\/\\\/wp.kristdemokraterna.se\\\/mariestad\\\/\",\"name\":\"Kristdemokraterna | Mariestad\",\"description\":\"En till Kristdemokraterna webbplats\",\"inLanguage\":\"sv-SE\"}]}<\/script>\n<!-- \/ Yoast SEO plugin. -->","yoast_head_json":{"title":"DINA POLITIKER - Kristdemokraterna | Mariestad","robots":{"index":"index","follow":"follow","max-snippet":"max-snippet:-1","max-image-preview":"max-image-preview:large","max-video-preview":"max-video-preview:-1"},"canonical":"https:\/\/wp.kristdemokraterna.se\/mariestad\/textsida-med-vanster-sidebar\/","og_locale":"sv_SE","og_type":"article","og_title":"DINA POLITIKER - Kristdemokraterna | Mariestad","og_description":"Alexander Svensson Ordf\u00f6rande Ers\u00e4ttare: Kommunstyrelsen Ers\u00e4ttare: Tekniska omst\u00e4llningsn\u00e4mnden Ers\u00e4ttare: Teknisk n\u00e4mnd Mariestad Ers\u00e4ttare: Milj\u00f6- och byggnadsn\u00e4mnden Ers\u00e4ttare: V\u00e4nerEnergi AB Kontakt: alexander.svensson@mariestad.se &nbsp; &nbsp; &nbsp; Kristina Gr\u00f6nvalls Vice ordf\u00f6rande Ledamot: Kommunfullm\u00e4ktige Ledamot: Kommunstyrelsen 1:e vice ordf\u00f6rande: V\u00e5rd- och omsorgsn\u00e4mnden Kontakt: kristina.gronvalls@gullspang.se &nbsp; &nbsp; Sven-Inge Eriksson\u00a0 Gruppledare Ledamot: Kommunfullm\u00e4ktige Ledamot: Kommunstyrelsen Ordf\u00f6rande: Teknisk n\u00e4mnd Mariestad 2:e vice L\u00e4s mer","og_url":"https:\/\/wp.kristdemokraterna.se\/mariestad\/textsida-med-vanster-sidebar\/","og_site_name":"Kristdemokraterna | Mariestad","article_modified_time":"2025-10-23T16:48:02+00:00","og_image":[{"width":683,"height":1024,"url":"https:\/\/wp.kristdemokraterna.se\/mariestad\/files\/2025\/09\/alex-683x1024.jpg","type":"image\/jpeg"}],"twitter_card":"summary_large_image","twitter_misc":{"Ber\u00e4knad l\u00e4stid":"2 minuter"},"schema":{"@context":"https:\/\/schema.org","@graph":[{"@type":"WebPage","@id":"https:\/\/wp.kristdemokraterna.se\/mariestad\/textsida-med-vanster-sidebar\/","url":"https:\/\/wp.kristdemokraterna.se\/mariestad\/textsida-med-vanster-sidebar\/","name":"DINA POLITIKER - Kristdemokraterna | Mariestad","isPartOf":{"@id":"https:\/\/wp.kristdemokraterna.se\/mariestad\/#website"},"primaryImageOfPage":{"@id":"https:\/\/wp.kristdemokraterna.se\/mariestad\/textsida-med-vanster-sidebar\/#primaryimage"},"image":{"@id":"https:\/\/wp.kristdemokraterna.se\/mariestad\/textsida-med-vanster-sidebar\/#primaryimage"},"thumbnailUrl":"http:\/\/wp.kristdemokraterna.se\/mariestad\/files\/2025\/09\/alex-200x300.jpg","datePublished":"2017-11-29T15:48:28+00:00","dateModified":"2025-10-23T16:48:02+00:00","breadcrumb":{"@id":"https:\/\/wp.kristdemokraterna.se\/mariestad\/textsida-med-vanster-sidebar\/#breadcrumb"},"inLanguage":"sv-SE","potentialAction":[{"@type":"ReadAction","target":["https:\/\/wp.kristdemokraterna.se\/mariestad\/textsida-med-vanster-sidebar\/"]}]},{"@type":"ImageObject","inLanguage":"sv-SE","@id":"https:\/\/wp.kristdemokraterna.se\/mariestad\/textsida-med-vanster-sidebar\/#primaryimage","url":"https:\/\/wp.kristdemokraterna.se\/mariestad\/files\/2025\/09\/alex-scaled.jpg","contentUrl":"https:\/\/wp.kristdemokraterna.se\/mariestad\/files\/2025\/09\/alex-scaled.jpg","width":1707,"height":2560},{"@type":"BreadcrumbList","@id":"https:\/\/wp.kristdemokraterna.se\/mariestad\/textsida-med-vanster-sidebar\/#breadcrumb","itemListElement":[{"@type":"ListItem","position":1,"name":"Hem","item":"https:\/\/wp.kristdemokraterna.se\/mariestad\/"},{"@type":"ListItem","position":2,"name":"DINA POLITIKER"}]},{"@type":"WebSite","@id":"https:\/\/wp.kristdemokraterna.se\/mariestad\/#website","url":"https:\/\/wp.kristdemokraterna.se\/mariestad\/","name":"Kristdemokraterna | Mariestad","description":"En till Kristdemokraterna webbplats","inLanguage":"sv-SE"}]}},"_links":{"self":[{"href":"https:\/\/wp.kristdemokraterna.se\/mariestad\/wp-json\/wp\/v2\/pages\/269","targetHints":{"allow":["GET"]}}],"collection":[{"href":"https:\/\/wp.kristdemokraterna.se\/mariestad\/wp-json\/wp\/v2\/pages"}],"about":[{"href":"https:\/\/wp.kristdemokraterna.se\/mariestad\/wp-json\/wp\/v2\/types\/page"}],"author":[{"embeddable":true,"href":"https:\/\/wp.kristdemokraterna.se\/mariestad\/wp-json\/wp\/v2\/users\/848"}],"replies":[{"embeddable":true,"href":"https:\/\/wp.kristdemokraterna.se\/mariestad\/wp-json\/wp\/v2\/comments?post=269"}],"version-history":[{"count":26,"href":"https:\/\/wp.kristdemokraterna.se\/mariestad\/wp-json\/wp\/v2\/pages\/269\/revisions"}],"predecessor-version":[{"id":577,"href":"https:\/\/wp.kristdemokraterna.se\/mariestad\/wp-json\/wp\/v2\/pages\/269\/revisions\/577"}],"wp:attachment":[{"href":"https:\/\/wp.kristdemokraterna.se\/mariestad\/wp-json\/wp\/v2\/media?parent=269"}],"curies":[{"name":"wp","href":"https:\/\/api.w.org\/{rel}","templated":true}]}}