{"id":342,"date":"2017-11-30T15:21:10","date_gmt":"2017-11-30T14:21:10","guid":{"rendered":"http:\/\/wp.kristdemokraterna.se\/mark\/?page_id=342"},"modified":"2022-09-01T21:12:26","modified_gmt":"2022-09-01T19:12:26","slug":"i-var-kommun","status":"publish","type":"page","link":"https:\/\/wp.kristdemokraterna.se\/mark\/i-var-kommun\/","title":{"rendered":"Vad vill vi i Mark"},"content":{"rendered":"<p>Kristdemokraterna i Mark g\u00e5r till val p\u00e5 att vi vill prioritera v\u00e4lf\u00e4rden i Mark. Detta \u00e4r v\u00e5ra viktigaste fr\u00e5gor:<\/p>\n<ul>\n<li>Mark ska ha bra <strong>\u00e4ldrev\u00e5rd<\/strong> i hela kommunen. Vi vill bygga flera platser p\u00e5 v\u00e5ra boenden och undvika centraliserade l\u00f6sningar.<\/li>\n<li>Det ska vara <strong>ordning<\/strong> i skolan. Skolan i Mark\u00a0 m\u00e5ste bli b\u00e4ttre. L\u00e4rarna ska backas upp s\u00e5 att de f\u00e5r kontroll i klassrummet. Vi vill ha tydliga och gemensamma ordningsregler. Studiero \u00e4r viktigt f\u00f6r att klara skolan.<\/li>\n<li><strong>Familjerna<\/strong> \u00e4r viktiga! Familjen \u00e4r den viktigaste platsen f\u00f6r barnen. D\u00e4rf\u00f6r beh\u00f6ver vi st\u00f6tta familjerna och vara en familjev\u00e4nlig kommun.<\/li>\n<li><strong>Hela Mark<\/strong> ska fungera. Vi vill att v\u00e4gar, skolor, omsorg och service ska vara bra i hela kommunen. Vi gillar inte den centralisering som vi ser i v\u00e5r kommun nu.<\/li>\n<li>St\u00f6tta <strong>f\u00f6reningslivet.<\/strong> F\u00f6reningarna i Mark g\u00f6r ett enormt jobb och det vill vi uppm\u00e4rksamma. Det \u00e4r viktigt att f\u00f6reningsbidragen blir r\u00e4ttvisa.<\/li>\n<li>B\u00e4ttre <strong>f\u00e4rdtj\u00e4nst.<\/strong> F\u00e4rdtj\u00e4nsten \u00e4r till f\u00f6r de som verkligen beh\u00f6ver samh\u00e4llets hj\u00e4lp. D\u00e4rf\u00f6r \u00e4r det viktigt att den fungerar och vi vill hitta b\u00e4ttre l\u00f6sningar \u00e4r de vi har idag.<\/li>\n<\/ul>\n<p>Detta \u00e4r v\u00e5ra valfr\u00e5gor i korthet. Tveka inte att h\u00f6ra av dig om du vill veta mer om v\u00e5r politik.<\/p>\n","protected":false},"excerpt":{"rendered":"<p>Kristdemokraterna i Mark g\u00e5r till val p\u00e5 att vi vill prioritera v\u00e4lf\u00e4rden i Mark. Detta \u00e4r v\u00e5ra viktigaste fr\u00e5gor: Mark ska ha bra \u00e4ldrev\u00e5rd i hela kommunen. Vi vill bygga flera platser p\u00e5 v\u00e5ra boenden och undvika centraliserade l\u00f6sningar. Det ska vara ordning i skolan. Skolan i Mark\u00a0 m\u00e5ste bli b\u00e4ttre. L\u00e4rarna ska backas upp <a class=\"read-more-link\" href=\"https:\/\/wp.kristdemokraterna.se\/mark\/i-var-kommun\/\">L\u00e4s mer<\/a><\/p>\n","protected":false},"author":35,"featured_media":0,"parent":0,"menu_order":0,"comment_status":"closed","ping_status":"closed","template":"page.php","meta":{"_acf_changed":false,"footnotes":""},"class_list":["post-342","page","type-page","status-publish","hentry"],"acf":[],"yoast_head":"<!-- This site is optimized with the Yoast SEO plugin v27.3 - https:\/\/yoast.com\/product\/yoast-seo-wordpress\/ -->\n<title>Vad vill vi i Mark - Kristdemokraterna i Mark<\/title>\n<meta name=\"robots\" content=\"index, follow, max-snippet:-1, max-image-preview:large, max-video-preview:-1\" \/>\n<link rel=\"canonical\" href=\"https:\/\/wp.kristdemokraterna.se\/mark\/i-var-kommun\/\" \/>\n<meta property=\"og:locale\" content=\"sv_SE\" \/>\n<meta property=\"og:type\" content=\"article\" \/>\n<meta property=\"og:title\" content=\"Vad vill vi i Mark - Kristdemokraterna i Mark\" \/>\n<meta property=\"og:description\" content=\"Kristdemokraterna i Mark g\u00e5r till val p\u00e5 att vi vill prioritera v\u00e4lf\u00e4rden i Mark. Detta \u00e4r v\u00e5ra viktigaste fr\u00e5gor: Mark ska ha bra \u00e4ldrev\u00e5rd i hela kommunen. Vi vill bygga flera platser p\u00e5 v\u00e5ra boenden och undvika centraliserade l\u00f6sningar. Det ska vara ordning i skolan. Skolan i Mark\u00a0 m\u00e5ste bli b\u00e4ttre. L\u00e4rarna ska backas upp L\u00e4s mer\" \/>\n<meta property=\"og:url\" content=\"https:\/\/wp.kristdemokraterna.se\/mark\/i-var-kommun\/\" \/>\n<meta property=\"og:site_name\" content=\"Kristdemokraterna i Mark\" \/>\n<meta property=\"article:modified_time\" content=\"2022-09-01T19:12:26+00:00\" \/>\n<meta name=\"twitter:card\" content=\"summary_large_image\" \/>\n<meta name=\"twitter:label1\" content=\"Ber\u00e4knad l\u00e4stid\" \/>\n\t<meta name=\"twitter:data1\" content=\"1 minut\" \/>\n<script type=\"application\/ld+json\" class=\"yoast-schema-graph\">{\"@context\":\"https:\\\/\\\/schema.org\",\"@graph\":[{\"@type\":\"WebPage\",\"@id\":\"https:\\\/\\\/wp.kristdemokraterna.se\\\/mark\\\/i-var-kommun\\\/\",\"url\":\"https:\\\/\\\/wp.kristdemokraterna.se\\\/mark\\\/i-var-kommun\\\/\",\"name\":\"Vad vill vi i Mark - Kristdemokraterna i Mark\",\"isPartOf\":{\"@id\":\"https:\\\/\\\/wp.kristdemokraterna.se\\\/mark\\\/#website\"},\"datePublished\":\"2017-11-30T14:21:10+00:00\",\"dateModified\":\"2022-09-01T19:12:26+00:00\",\"breadcrumb\":{\"@id\":\"https:\\\/\\\/wp.kristdemokraterna.se\\\/mark\\\/i-var-kommun\\\/#breadcrumb\"},\"inLanguage\":\"sv-SE\",\"potentialAction\":[{\"@type\":\"ReadAction\",\"target\":[\"https:\\\/\\\/wp.kristdemokraterna.se\\\/mark\\\/i-var-kommun\\\/\"]}]},{\"@type\":\"BreadcrumbList\",\"@id\":\"https:\\\/\\\/wp.kristdemokraterna.se\\\/mark\\\/i-var-kommun\\\/#breadcrumb\",\"itemListElement\":[{\"@type\":\"ListItem\",\"position\":1,\"name\":\"Hem\",\"item\":\"https:\\\/\\\/wp.kristdemokraterna.se\\\/mark\\\/\"},{\"@type\":\"ListItem\",\"position\":2,\"name\":\"Vad vill vi i Mark\"}]},{\"@type\":\"WebSite\",\"@id\":\"https:\\\/\\\/wp.kristdemokraterna.se\\\/mark\\\/#website\",\"url\":\"https:\\\/\\\/wp.kristdemokraterna.se\\\/mark\\\/\",\"name\":\"Kristdemokraterna i Mark\",\"description\":\"En till Kristdemokraterna webbplats\",\"inLanguage\":\"sv-SE\"}]}<\/script>\n<!-- \/ Yoast SEO plugin. -->","yoast_head_json":{"title":"Vad vill vi i Mark - Kristdemokraterna i Mark","robots":{"index":"index","follow":"follow","max-snippet":"max-snippet:-1","max-image-preview":"max-image-preview:large","max-video-preview":"max-video-preview:-1"},"canonical":"https:\/\/wp.kristdemokraterna.se\/mark\/i-var-kommun\/","og_locale":"sv_SE","og_type":"article","og_title":"Vad vill vi i Mark - Kristdemokraterna i Mark","og_description":"Kristdemokraterna i Mark g\u00e5r till val p\u00e5 att vi vill prioritera v\u00e4lf\u00e4rden i Mark. Detta \u00e4r v\u00e5ra viktigaste fr\u00e5gor: Mark ska ha bra \u00e4ldrev\u00e5rd i hela kommunen. Vi vill bygga flera platser p\u00e5 v\u00e5ra boenden och undvika centraliserade l\u00f6sningar. Det ska vara ordning i skolan. Skolan i Mark\u00a0 m\u00e5ste bli b\u00e4ttre. L\u00e4rarna ska backas upp L\u00e4s mer","og_url":"https:\/\/wp.kristdemokraterna.se\/mark\/i-var-kommun\/","og_site_name":"Kristdemokraterna i Mark","article_modified_time":"2022-09-01T19:12:26+00:00","twitter_card":"summary_large_image","twitter_misc":{"Ber\u00e4knad l\u00e4stid":"1 minut"},"schema":{"@context":"https:\/\/schema.org","@graph":[{"@type":"WebPage","@id":"https:\/\/wp.kristdemokraterna.se\/mark\/i-var-kommun\/","url":"https:\/\/wp.kristdemokraterna.se\/mark\/i-var-kommun\/","name":"Vad vill vi i Mark - Kristdemokraterna i Mark","isPartOf":{"@id":"https:\/\/wp.kristdemokraterna.se\/mark\/#website"},"datePublished":"2017-11-30T14:21:10+00:00","dateModified":"2022-09-01T19:12:26+00:00","breadcrumb":{"@id":"https:\/\/wp.kristdemokraterna.se\/mark\/i-var-kommun\/#breadcrumb"},"inLanguage":"sv-SE","potentialAction":[{"@type":"ReadAction","target":["https:\/\/wp.kristdemokraterna.se\/mark\/i-var-kommun\/"]}]},{"@type":"BreadcrumbList","@id":"https:\/\/wp.kristdemokraterna.se\/mark\/i-var-kommun\/#breadcrumb","itemListElement":[{"@type":"ListItem","position":1,"name":"Hem","item":"https:\/\/wp.kristdemokraterna.se\/mark\/"},{"@type":"ListItem","position":2,"name":"Vad vill vi i Mark"}]},{"@type":"WebSite","@id":"https:\/\/wp.kristdemokraterna.se\/mark\/#website","url":"https:\/\/wp.kristdemokraterna.se\/mark\/","name":"Kristdemokraterna i Mark","description":"En till Kristdemokraterna webbplats","inLanguage":"sv-SE"}]}},"_links":{"self":[{"href":"https:\/\/wp.kristdemokraterna.se\/mark\/wp-json\/wp\/v2\/pages\/342","targetHints":{"allow":["GET"]}}],"collection":[{"href":"https:\/\/wp.kristdemokraterna.se\/mark\/wp-json\/wp\/v2\/pages"}],"about":[{"href":"https:\/\/wp.kristdemokraterna.se\/mark\/wp-json\/wp\/v2\/types\/page"}],"author":[{"embeddable":true,"href":"https:\/\/wp.kristdemokraterna.se\/mark\/wp-json\/wp\/v2\/users\/35"}],"replies":[{"embeddable":true,"href":"https:\/\/wp.kristdemokraterna.se\/mark\/wp-json\/wp\/v2\/comments?post=342"}],"version-history":[{"count":6,"href":"https:\/\/wp.kristdemokraterna.se\/mark\/wp-json\/wp\/v2\/pages\/342\/revisions"}],"predecessor-version":[{"id":492,"href":"https:\/\/wp.kristdemokraterna.se\/mark\/wp-json\/wp\/v2\/pages\/342\/revisions\/492"}],"wp:attachment":[{"href":"https:\/\/wp.kristdemokraterna.se\/mark\/wp-json\/wp\/v2\/media?parent=342"}],"curies":[{"name":"wp","href":"https:\/\/api.w.org\/{rel}","templated":true}]}}