{"id":373,"date":"2017-12-04T16:47:18","date_gmt":"2017-12-04T15:47:18","guid":{"rendered":"http:\/\/wp.kristdemokraterna.se\/mark\/?page_id=373"},"modified":"2022-09-01T21:09:06","modified_gmt":"2022-09-01T19:09:06","slug":"var-politik-i-kommunen","status":"publish","type":"page","link":"https:\/\/wp.kristdemokraterna.se\/mark\/textsida-fullbredd\/var-politik-i-kommunen\/","title":{"rendered":"V\u00e5r politik i Marks kommun"},"content":{"rendered":"<p>Kristdemokraterna i Mark g\u00e5r till val p\u00e5 att vi vill prioritera v\u00e4lf\u00e4rden i Mark. Detta \u00e4r v\u00e5ra viktigaste fr\u00e5gor:<\/p>\n<ul>\n<li>Mark ska ha bra <strong>\u00e4ldrev\u00e5rd<\/strong> i hela kommunen. Vi vill bygga flera platser p\u00e5 v\u00e5ra boenden och undvika centraliserade l\u00f6sningar.<\/li>\n<li>Det ska vara <strong>ordning<\/strong> i skolan. Skolan i Mark\u00a0 m\u00e5ste bli b\u00e4ttre. L\u00e4rarna ska backas upp s\u00e5 att de f\u00e5r kontroll i klassrummet. Vi vill ha tydliga och gemensamma ordningsregler. Studiero \u00e4r viktigt f\u00f6r att klara skolan.<\/li>\n<li><strong>Familjerna<\/strong> \u00e4r viktiga! Familjen \u00e4r den viktigaste platsen f\u00f6r barnen. D\u00e4rf\u00f6r beh\u00f6ver vi st\u00f6tta familjerna och vara en familjev\u00e4nlig kommun.<\/li>\n<li><strong>Hela Mark<\/strong> ska fungera. Vi vill att v\u00e4gar, skolor, omsorg och service ska vara bra i hela kommunen. Vi gillar inte den centralisering som vi ser i v\u00e5r kommun nu.<\/li>\n<li>St\u00f6tta <strong>f\u00f6reningslivet.<\/strong> F\u00f6reningarna i Mark g\u00f6r ett enormt jobb och det vill vi uppm\u00e4rksamma. Det \u00e4r viktigt att f\u00f6reningsbidragen blir r\u00e4ttvisa.<\/li>\n<li>B\u00e4ttre <strong>f\u00e4rdtj\u00e4nst.<\/strong> F\u00e4rdtj\u00e4nsten \u00e4r till f\u00f6r de som verkligen beh\u00f6ver samh\u00e4llets hj\u00e4lp. D\u00e4rf\u00f6r \u00e4r det viktigt att den fungerar och vi vill hitta b\u00e4ttre l\u00f6sningar \u00e4r de vi har idag.<\/li>\n<\/ul>\n<p>Detta \u00e4r v\u00e5ra valfr\u00e5gor i korthet. Tveka inte att h\u00f6ra av dig om du vill veta mer om v\u00e5r politik.<\/p>\n<p>&nbsp;<\/p>\n<p><a href=\"http:\/\/wp.kristdemokraterna.se\/mark\/files\/2022\/09\/dsc03564-scaled.jpg\"><img loading=\"lazy\" decoding=\"async\" class=\"alignnone size-medium wp-image-487\" src=\"http:\/\/wp.kristdemokraterna.se\/mark\/files\/2022\/09\/dsc03564-300x200.jpg\" alt=\"\" width=\"300\" height=\"200\" srcset=\"https:\/\/wp.kristdemokraterna.se\/mark\/files\/2022\/09\/dsc03564-300x200.jpg 300w, https:\/\/wp.kristdemokraterna.se\/mark\/files\/2022\/09\/dsc03564-1024x683.jpg 1024w, https:\/\/wp.kristdemokraterna.se\/mark\/files\/2022\/09\/dsc03564-768x512.jpg 768w, https:\/\/wp.kristdemokraterna.se\/mark\/files\/2022\/09\/dsc03564-1536x1024.jpg 1536w, https:\/\/wp.kristdemokraterna.se\/mark\/files\/2022\/09\/dsc03564-2048x1365.jpg 2048w, https:\/\/wp.kristdemokraterna.se\/mark\/files\/2022\/09\/dsc03564-370x247.jpg 370w, https:\/\/wp.kristdemokraterna.se\/mark\/files\/2022\/09\/dsc03564-770x513.jpg 770w, https:\/\/wp.kristdemokraterna.se\/mark\/files\/2022\/09\/dsc03564-450x300.jpg 450w, https:\/\/wp.kristdemokraterna.se\/mark\/files\/2022\/09\/dsc03564-280x187.jpg 280w, https:\/\/wp.kristdemokraterna.se\/mark\/files\/2022\/09\/dsc03564-340x227.jpg 340w, https:\/\/wp.kristdemokraterna.se\/mark\/files\/2022\/09\/dsc03564-200x133.jpg 200w, https:\/\/wp.kristdemokraterna.se\/mark\/files\/2022\/09\/dsc03564-84x56.jpg 84w\" sizes=\"auto, (max-width: 300px) 100vw, 300px\" \/><\/a><\/p>\n","protected":false},"excerpt":{"rendered":"<p>Kristdemokraterna i Mark g\u00e5r till val p\u00e5 att vi vill prioritera v\u00e4lf\u00e4rden i Mark. Detta \u00e4r v\u00e5ra viktigaste fr\u00e5gor: Mark ska ha bra \u00e4ldrev\u00e5rd i hela kommunen. Vi vill bygga flera platser p\u00e5 v\u00e5ra boenden och undvika centraliserade l\u00f6sningar. Det ska vara ordning i skolan. Skolan i Mark\u00a0 m\u00e5ste bli b\u00e4ttre. L\u00e4rarna ska backas upp <a class=\"read-more-link\" href=\"https:\/\/wp.kristdemokraterna.se\/mark\/textsida-fullbredd\/var-politik-i-kommunen\/\">L\u00e4s mer<\/a><\/p>\n","protected":false},"author":35,"featured_media":0,"parent":272,"menu_order":0,"comment_status":"closed","ping_status":"closed","template":"page.php","meta":{"_acf_changed":false,"footnotes":""},"class_list":["post-373","page","type-page","status-publish","hentry"],"acf":[],"yoast_head":"<!-- This site is optimized with the Yoast SEO plugin v27.4 - https:\/\/yoast.com\/product\/yoast-seo-wordpress\/ -->\n<title>V\u00e5r politik i Marks kommun - Kristdemokraterna i Mark<\/title>\n<meta name=\"robots\" content=\"index, follow, max-snippet:-1, max-image-preview:large, max-video-preview:-1\" \/>\n<link rel=\"canonical\" href=\"https:\/\/wp.kristdemokraterna.se\/mark\/textsida-fullbredd\/var-politik-i-kommunen\/\" \/>\n<meta property=\"og:locale\" content=\"sv_SE\" \/>\n<meta property=\"og:type\" content=\"article\" \/>\n<meta property=\"og:title\" content=\"V\u00e5r politik i Marks kommun - Kristdemokraterna i Mark\" \/>\n<meta property=\"og:description\" content=\"Kristdemokraterna i Mark g\u00e5r till val p\u00e5 att vi vill prioritera v\u00e4lf\u00e4rden i Mark. Detta \u00e4r v\u00e5ra viktigaste fr\u00e5gor: Mark ska ha bra \u00e4ldrev\u00e5rd i hela kommunen. Vi vill bygga flera platser p\u00e5 v\u00e5ra boenden och undvika centraliserade l\u00f6sningar. Det ska vara ordning i skolan. Skolan i Mark\u00a0 m\u00e5ste bli b\u00e4ttre. L\u00e4rarna ska backas upp L\u00e4s mer\" \/>\n<meta property=\"og:url\" content=\"https:\/\/wp.kristdemokraterna.se\/mark\/textsida-fullbredd\/var-politik-i-kommunen\/\" \/>\n<meta property=\"og:site_name\" content=\"Kristdemokraterna i Mark\" \/>\n<meta property=\"article:modified_time\" content=\"2022-09-01T19:09:06+00:00\" \/>\n<meta property=\"og:image\" content=\"http:\/\/wp.kristdemokraterna.se\/mark\/files\/2022\/09\/dsc03564-300x200.jpg\" \/>\n<meta name=\"twitter:card\" content=\"summary_large_image\" \/>\n<meta name=\"twitter:label1\" content=\"Ber\u00e4knad l\u00e4stid\" \/>\n\t<meta name=\"twitter:data1\" content=\"2 minuter\" \/>\n<script type=\"application\/ld+json\" class=\"yoast-schema-graph\">{\"@context\":\"https:\\\/\\\/schema.org\",\"@graph\":[{\"@type\":\"WebPage\",\"@id\":\"https:\\\/\\\/wp.kristdemokraterna.se\\\/mark\\\/textsida-fullbredd\\\/var-politik-i-kommunen\\\/\",\"url\":\"https:\\\/\\\/wp.kristdemokraterna.se\\\/mark\\\/textsida-fullbredd\\\/var-politik-i-kommunen\\\/\",\"name\":\"V\u00e5r politik i Marks kommun - Kristdemokraterna i Mark\",\"isPartOf\":{\"@id\":\"https:\\\/\\\/wp.kristdemokraterna.se\\\/mark\\\/#website\"},\"primaryImageOfPage\":{\"@id\":\"https:\\\/\\\/wp.kristdemokraterna.se\\\/mark\\\/textsida-fullbredd\\\/var-politik-i-kommunen\\\/#primaryimage\"},\"image\":{\"@id\":\"https:\\\/\\\/wp.kristdemokraterna.se\\\/mark\\\/textsida-fullbredd\\\/var-politik-i-kommunen\\\/#primaryimage\"},\"thumbnailUrl\":\"http:\\\/\\\/wp.kristdemokraterna.se\\\/mark\\\/files\\\/2022\\\/09\\\/dsc03564-300x200.jpg\",\"datePublished\":\"2017-12-04T15:47:18+00:00\",\"dateModified\":\"2022-09-01T19:09:06+00:00\",\"breadcrumb\":{\"@id\":\"https:\\\/\\\/wp.kristdemokraterna.se\\\/mark\\\/textsida-fullbredd\\\/var-politik-i-kommunen\\\/#breadcrumb\"},\"inLanguage\":\"sv-SE\",\"potentialAction\":[{\"@type\":\"ReadAction\",\"target\":[\"https:\\\/\\\/wp.kristdemokraterna.se\\\/mark\\\/textsida-fullbredd\\\/var-politik-i-kommunen\\\/\"]}]},{\"@type\":\"ImageObject\",\"inLanguage\":\"sv-SE\",\"@id\":\"https:\\\/\\\/wp.kristdemokraterna.se\\\/mark\\\/textsida-fullbredd\\\/var-politik-i-kommunen\\\/#primaryimage\",\"url\":\"http:\\\/\\\/wp.kristdemokraterna.se\\\/mark\\\/files\\\/2022\\\/09\\\/dsc03564-300x200.jpg\",\"contentUrl\":\"http:\\\/\\\/wp.kristdemokraterna.se\\\/mark\\\/files\\\/2022\\\/09\\\/dsc03564-300x200.jpg\"},{\"@type\":\"BreadcrumbList\",\"@id\":\"https:\\\/\\\/wp.kristdemokraterna.se\\\/mark\\\/textsida-fullbredd\\\/var-politik-i-kommunen\\\/#breadcrumb\",\"itemListElement\":[{\"@type\":\"ListItem\",\"position\":1,\"name\":\"Hem\",\"item\":\"https:\\\/\\\/wp.kristdemokraterna.se\\\/mark\\\/\"},{\"@type\":\"ListItem\",\"position\":2,\"name\":\"Vad vi st\u00e5r f\u00f6r!\",\"item\":\"https:\\\/\\\/wp.kristdemokraterna.se\\\/mark\\\/textsida-fullbredd\\\/\"},{\"@type\":\"ListItem\",\"position\":3,\"name\":\"V\u00e5r politik i Marks kommun\"}]},{\"@type\":\"WebSite\",\"@id\":\"https:\\\/\\\/wp.kristdemokraterna.se\\\/mark\\\/#website\",\"url\":\"https:\\\/\\\/wp.kristdemokraterna.se\\\/mark\\\/\",\"name\":\"Kristdemokraterna i Mark\",\"description\":\"En till Kristdemokraterna webbplats\",\"inLanguage\":\"sv-SE\"}]}<\/script>\n<!-- \/ Yoast SEO plugin. -->","yoast_head_json":{"title":"V\u00e5r politik i Marks kommun - Kristdemokraterna i Mark","robots":{"index":"index","follow":"follow","max-snippet":"max-snippet:-1","max-image-preview":"max-image-preview:large","max-video-preview":"max-video-preview:-1"},"canonical":"https:\/\/wp.kristdemokraterna.se\/mark\/textsida-fullbredd\/var-politik-i-kommunen\/","og_locale":"sv_SE","og_type":"article","og_title":"V\u00e5r politik i Marks kommun - Kristdemokraterna i Mark","og_description":"Kristdemokraterna i Mark g\u00e5r till val p\u00e5 att vi vill prioritera v\u00e4lf\u00e4rden i Mark. Detta \u00e4r v\u00e5ra viktigaste fr\u00e5gor: Mark ska ha bra \u00e4ldrev\u00e5rd i hela kommunen. Vi vill bygga flera platser p\u00e5 v\u00e5ra boenden och undvika centraliserade l\u00f6sningar. Det ska vara ordning i skolan. Skolan i Mark\u00a0 m\u00e5ste bli b\u00e4ttre. L\u00e4rarna ska backas upp L\u00e4s mer","og_url":"https:\/\/wp.kristdemokraterna.se\/mark\/textsida-fullbredd\/var-politik-i-kommunen\/","og_site_name":"Kristdemokraterna i Mark","article_modified_time":"2022-09-01T19:09:06+00:00","og_image":[{"url":"http:\/\/wp.kristdemokraterna.se\/mark\/files\/2022\/09\/dsc03564-300x200.jpg","type":"","width":"","height":""}],"twitter_card":"summary_large_image","twitter_misc":{"Ber\u00e4knad l\u00e4stid":"2 minuter"},"schema":{"@context":"https:\/\/schema.org","@graph":[{"@type":"WebPage","@id":"https:\/\/wp.kristdemokraterna.se\/mark\/textsida-fullbredd\/var-politik-i-kommunen\/","url":"https:\/\/wp.kristdemokraterna.se\/mark\/textsida-fullbredd\/var-politik-i-kommunen\/","name":"V\u00e5r politik i Marks kommun - Kristdemokraterna i Mark","isPartOf":{"@id":"https:\/\/wp.kristdemokraterna.se\/mark\/#website"},"primaryImageOfPage":{"@id":"https:\/\/wp.kristdemokraterna.se\/mark\/textsida-fullbredd\/var-politik-i-kommunen\/#primaryimage"},"image":{"@id":"https:\/\/wp.kristdemokraterna.se\/mark\/textsida-fullbredd\/var-politik-i-kommunen\/#primaryimage"},"thumbnailUrl":"http:\/\/wp.kristdemokraterna.se\/mark\/files\/2022\/09\/dsc03564-300x200.jpg","datePublished":"2017-12-04T15:47:18+00:00","dateModified":"2022-09-01T19:09:06+00:00","breadcrumb":{"@id":"https:\/\/wp.kristdemokraterna.se\/mark\/textsida-fullbredd\/var-politik-i-kommunen\/#breadcrumb"},"inLanguage":"sv-SE","potentialAction":[{"@type":"ReadAction","target":["https:\/\/wp.kristdemokraterna.se\/mark\/textsida-fullbredd\/var-politik-i-kommunen\/"]}]},{"@type":"ImageObject","inLanguage":"sv-SE","@id":"https:\/\/wp.kristdemokraterna.se\/mark\/textsida-fullbredd\/var-politik-i-kommunen\/#primaryimage","url":"http:\/\/wp.kristdemokraterna.se\/mark\/files\/2022\/09\/dsc03564-300x200.jpg","contentUrl":"http:\/\/wp.kristdemokraterna.se\/mark\/files\/2022\/09\/dsc03564-300x200.jpg"},{"@type":"BreadcrumbList","@id":"https:\/\/wp.kristdemokraterna.se\/mark\/textsida-fullbredd\/var-politik-i-kommunen\/#breadcrumb","itemListElement":[{"@type":"ListItem","position":1,"name":"Hem","item":"https:\/\/wp.kristdemokraterna.se\/mark\/"},{"@type":"ListItem","position":2,"name":"Vad vi st\u00e5r f\u00f6r!","item":"https:\/\/wp.kristdemokraterna.se\/mark\/textsida-fullbredd\/"},{"@type":"ListItem","position":3,"name":"V\u00e5r politik i Marks kommun"}]},{"@type":"WebSite","@id":"https:\/\/wp.kristdemokraterna.se\/mark\/#website","url":"https:\/\/wp.kristdemokraterna.se\/mark\/","name":"Kristdemokraterna i Mark","description":"En till Kristdemokraterna webbplats","inLanguage":"sv-SE"}]}},"_links":{"self":[{"href":"https:\/\/wp.kristdemokraterna.se\/mark\/wp-json\/wp\/v2\/pages\/373","targetHints":{"allow":["GET"]}}],"collection":[{"href":"https:\/\/wp.kristdemokraterna.se\/mark\/wp-json\/wp\/v2\/pages"}],"about":[{"href":"https:\/\/wp.kristdemokraterna.se\/mark\/wp-json\/wp\/v2\/types\/page"}],"author":[{"embeddable":true,"href":"https:\/\/wp.kristdemokraterna.se\/mark\/wp-json\/wp\/v2\/users\/35"}],"replies":[{"embeddable":true,"href":"https:\/\/wp.kristdemokraterna.se\/mark\/wp-json\/wp\/v2\/comments?post=373"}],"version-history":[{"count":4,"href":"https:\/\/wp.kristdemokraterna.se\/mark\/wp-json\/wp\/v2\/pages\/373\/revisions"}],"predecessor-version":[{"id":490,"href":"https:\/\/wp.kristdemokraterna.se\/mark\/wp-json\/wp\/v2\/pages\/373\/revisions\/490"}],"up":[{"embeddable":true,"href":"https:\/\/wp.kristdemokraterna.se\/mark\/wp-json\/wp\/v2\/pages\/272"}],"wp:attachment":[{"href":"https:\/\/wp.kristdemokraterna.se\/mark\/wp-json\/wp\/v2\/media?parent=373"}],"curies":[{"name":"wp","href":"https:\/\/api.w.org\/{rel}","templated":true}]}}