{"id":133,"date":"2014-04-18T17:11:14","date_gmt":"2014-04-18T15:11:14","guid":{"rendered":"http:\/\/wp.kristdemokraterna.se\/markaryd\/?page_id=133"},"modified":"2022-09-02T21:15:07","modified_gmt":"2022-09-02T19:15:07","slug":"pa-gang-i-markaryd","status":"publish","type":"page","link":"https:\/\/wp.kristdemokraterna.se\/markaryd\/pa-gang-i-markaryd\/","title":{"rendered":"P\u00e5 g\u00e5ng"},"content":{"rendered":"<p><b>10 september<\/b><\/p>\n<p>Idag finns vi hela dagen p\u00e5 Markaryds marknad.<\/p>\n<p><b>11 september<\/b><\/p>\n<p><strong>VALDAGEN!<\/strong><\/p>\n<p>L\u00e4gg din r\u00f6st idag p\u00e5 Kristdemokraterna!<\/p>\n<p><b>12 september<\/b><\/p>\n<p>KD-gruppen sammantr\u00e4der kl. 18.30.<\/p>\n<p>&nbsp;<\/p>\n<p>&nbsp;<\/p>\n<p>&nbsp;<\/p>\n<p>&nbsp;<\/p>\n","protected":false},"excerpt":{"rendered":"<p>10 september Idag finns vi hela dagen p\u00e5 Markaryds marknad. 11 september VALDAGEN! L\u00e4gg din r\u00f6st idag p\u00e5 Kristdemokraterna! 12 september KD-gruppen sammantr\u00e4der kl. 18.30. &nbsp; &nbsp; &nbsp; &nbsp;<\/p>\n","protected":false},"author":474,"featured_media":0,"parent":0,"menu_order":0,"comment_status":"closed","ping_status":"closed","template":"","meta":{"_acf_changed":false,"footnotes":""},"class_list":["post-133","page","type-page","status-publish","hentry"],"acf":[],"yoast_head":"<!-- This site is optimized with the Yoast SEO plugin v27.3 - https:\/\/yoast.com\/product\/yoast-seo-wordpress\/ -->\n<title>P\u00e5 g\u00e5ng - Markaryd<\/title>\n<meta name=\"robots\" content=\"index, follow, max-snippet:-1, max-image-preview:large, max-video-preview:-1\" \/>\n<link rel=\"canonical\" href=\"https:\/\/wp.kristdemokraterna.se\/markaryd\/pa-gang-i-markaryd\/\" \/>\n<meta property=\"og:locale\" content=\"sv_SE\" \/>\n<meta property=\"og:type\" content=\"article\" \/>\n<meta property=\"og:title\" content=\"P\u00e5 g\u00e5ng - Markaryd\" \/>\n<meta property=\"og:description\" content=\"10 september Idag finns vi hela dagen p\u00e5 Markaryds marknad. 11 september VALDAGEN! L\u00e4gg din r\u00f6st idag p\u00e5 Kristdemokraterna! 12 september KD-gruppen sammantr\u00e4der kl. 18.30. &nbsp; &nbsp; &nbsp; &nbsp;\" \/>\n<meta property=\"og:url\" content=\"https:\/\/wp.kristdemokraterna.se\/markaryd\/pa-gang-i-markaryd\/\" \/>\n<meta property=\"og:site_name\" content=\"Markaryd\" \/>\n<meta property=\"article:modified_time\" content=\"2022-09-02T19:15:07+00:00\" \/>\n<meta name=\"twitter:card\" content=\"summary_large_image\" \/>\n<meta name=\"twitter:label1\" content=\"Ber\u00e4knad l\u00e4stid\" \/>\n\t<meta name=\"twitter:data1\" content=\"1 minut\" \/>\n<script type=\"application\/ld+json\" class=\"yoast-schema-graph\">{\"@context\":\"https:\\\/\\\/schema.org\",\"@graph\":[{\"@type\":\"WebPage\",\"@id\":\"https:\\\/\\\/wp.kristdemokraterna.se\\\/markaryd\\\/pa-gang-i-markaryd\\\/\",\"url\":\"https:\\\/\\\/wp.kristdemokraterna.se\\\/markaryd\\\/pa-gang-i-markaryd\\\/\",\"name\":\"P\u00e5 g\u00e5ng - Markaryd\",\"isPartOf\":{\"@id\":\"https:\\\/\\\/wp.kristdemokraterna.se\\\/markaryd\\\/#website\"},\"datePublished\":\"2014-04-18T15:11:14+00:00\",\"dateModified\":\"2022-09-02T19:15:07+00:00\",\"breadcrumb\":{\"@id\":\"https:\\\/\\\/wp.kristdemokraterna.se\\\/markaryd\\\/pa-gang-i-markaryd\\\/#breadcrumb\"},\"inLanguage\":\"sv-SE\",\"potentialAction\":[{\"@type\":\"ReadAction\",\"target\":[\"https:\\\/\\\/wp.kristdemokraterna.se\\\/markaryd\\\/pa-gang-i-markaryd\\\/\"]}]},{\"@type\":\"BreadcrumbList\",\"@id\":\"https:\\\/\\\/wp.kristdemokraterna.se\\\/markaryd\\\/pa-gang-i-markaryd\\\/#breadcrumb\",\"itemListElement\":[{\"@type\":\"ListItem\",\"position\":1,\"name\":\"Hem\",\"item\":\"https:\\\/\\\/wp.kristdemokraterna.se\\\/markaryd\\\/\"},{\"@type\":\"ListItem\",\"position\":2,\"name\":\"P\u00e5 g\u00e5ng\"}]},{\"@type\":\"WebSite\",\"@id\":\"https:\\\/\\\/wp.kristdemokraterna.se\\\/markaryd\\\/#website\",\"url\":\"https:\\\/\\\/wp.kristdemokraterna.se\\\/markaryd\\\/\",\"name\":\"Markaryd\",\"description\":\"En till Kristdemokraterna webbplats\",\"inLanguage\":\"sv-SE\"}]}<\/script>\n<!-- \/ Yoast SEO plugin. -->","yoast_head_json":{"title":"P\u00e5 g\u00e5ng - Markaryd","robots":{"index":"index","follow":"follow","max-snippet":"max-snippet:-1","max-image-preview":"max-image-preview:large","max-video-preview":"max-video-preview:-1"},"canonical":"https:\/\/wp.kristdemokraterna.se\/markaryd\/pa-gang-i-markaryd\/","og_locale":"sv_SE","og_type":"article","og_title":"P\u00e5 g\u00e5ng - Markaryd","og_description":"10 september Idag finns vi hela dagen p\u00e5 Markaryds marknad. 11 september VALDAGEN! L\u00e4gg din r\u00f6st idag p\u00e5 Kristdemokraterna! 12 september KD-gruppen sammantr\u00e4der kl. 18.30. &nbsp; &nbsp; &nbsp; &nbsp;","og_url":"https:\/\/wp.kristdemokraterna.se\/markaryd\/pa-gang-i-markaryd\/","og_site_name":"Markaryd","article_modified_time":"2022-09-02T19:15:07+00:00","twitter_card":"summary_large_image","twitter_misc":{"Ber\u00e4knad l\u00e4stid":"1 minut"},"schema":{"@context":"https:\/\/schema.org","@graph":[{"@type":"WebPage","@id":"https:\/\/wp.kristdemokraterna.se\/markaryd\/pa-gang-i-markaryd\/","url":"https:\/\/wp.kristdemokraterna.se\/markaryd\/pa-gang-i-markaryd\/","name":"P\u00e5 g\u00e5ng - Markaryd","isPartOf":{"@id":"https:\/\/wp.kristdemokraterna.se\/markaryd\/#website"},"datePublished":"2014-04-18T15:11:14+00:00","dateModified":"2022-09-02T19:15:07+00:00","breadcrumb":{"@id":"https:\/\/wp.kristdemokraterna.se\/markaryd\/pa-gang-i-markaryd\/#breadcrumb"},"inLanguage":"sv-SE","potentialAction":[{"@type":"ReadAction","target":["https:\/\/wp.kristdemokraterna.se\/markaryd\/pa-gang-i-markaryd\/"]}]},{"@type":"BreadcrumbList","@id":"https:\/\/wp.kristdemokraterna.se\/markaryd\/pa-gang-i-markaryd\/#breadcrumb","itemListElement":[{"@type":"ListItem","position":1,"name":"Hem","item":"https:\/\/wp.kristdemokraterna.se\/markaryd\/"},{"@type":"ListItem","position":2,"name":"P\u00e5 g\u00e5ng"}]},{"@type":"WebSite","@id":"https:\/\/wp.kristdemokraterna.se\/markaryd\/#website","url":"https:\/\/wp.kristdemokraterna.se\/markaryd\/","name":"Markaryd","description":"En till Kristdemokraterna webbplats","inLanguage":"sv-SE"}]}},"_links":{"self":[{"href":"https:\/\/wp.kristdemokraterna.se\/markaryd\/wp-json\/wp\/v2\/pages\/133","targetHints":{"allow":["GET"]}}],"collection":[{"href":"https:\/\/wp.kristdemokraterna.se\/markaryd\/wp-json\/wp\/v2\/pages"}],"about":[{"href":"https:\/\/wp.kristdemokraterna.se\/markaryd\/wp-json\/wp\/v2\/types\/page"}],"author":[{"embeddable":true,"href":"https:\/\/wp.kristdemokraterna.se\/markaryd\/wp-json\/wp\/v2\/users\/474"}],"replies":[{"embeddable":true,"href":"https:\/\/wp.kristdemokraterna.se\/markaryd\/wp-json\/wp\/v2\/comments?post=133"}],"version-history":[{"count":57,"href":"https:\/\/wp.kristdemokraterna.se\/markaryd\/wp-json\/wp\/v2\/pages\/133\/revisions"}],"predecessor-version":[{"id":869,"href":"https:\/\/wp.kristdemokraterna.se\/markaryd\/wp-json\/wp\/v2\/pages\/133\/revisions\/869"}],"wp:attachment":[{"href":"https:\/\/wp.kristdemokraterna.se\/markaryd\/wp-json\/wp\/v2\/media?parent=133"}],"curies":[{"name":"wp","href":"https:\/\/api.w.org\/{rel}","templated":true}]}}