{"id":153,"date":"2014-04-18T17:37:55","date_gmt":"2014-04-18T15:37:55","guid":{"rendered":"http:\/\/wp.kristdemokraterna.se\/markaryd\/?page_id=153"},"modified":"2022-08-12T13:04:17","modified_gmt":"2022-08-12T11:04:17","slug":"val2018","status":"publish","type":"page","link":"https:\/\/wp.kristdemokraterna.se\/markaryd\/val2018\/","title":{"rendered":"Val 2022"},"content":{"rendered":"<p><strong>Val till kommunfullm\u00e4ktige &#8211; Kristdemokraterna Markaryds kommun<\/strong><\/p>\n<ol>\n<li>Bengt Germundsson, Kommunalr\u00e5d, Str\u00f6msn\u00e4sbruk<\/li>\n<li>Maria Svensson-Lundin, Designer, Markaryd<\/li>\n<li>Svend Erik Dahlstr\u00f6m, F\u00f6retagare Markaryd<\/li>\n<li>Caroline Lindbergh, Markaryd<\/li>\n<li>Jane Holmstr\u00f6m Bj\u00f6rkman, Markaryd<\/li>\n<li>Bo Johanneryd, Markaryd<\/li>\n<li>Anna Johansson, Socionom, Hinneryd<\/li>\n<li>Marie Nijimbere, Undersk\u00f6terska, Str\u00f6msn\u00e4sbruk<\/li>\n<li>Jan &#8221;Frille&#8221; Fritiofsson, Senior, Markaryd<\/li>\n<li>Ingegerd Lenander, Markaryd<\/li>\n<li>Gege Blank, V\u00e4ktare, Hualtet<\/li>\n<li>Berit Larsson, R\u00e5storp<\/li>\n<li>Ann-Marie Cedergren, Timsfors<\/li>\n<li>Sylvia Nilsson, Hinneryd<\/li>\n<li>Niels af Trolle, Pension\u00e4r, Str\u00f6msn\u00e4sbruk<\/li>\n<li>Britt-Marie \u201dBitte\u201d Stridh, Markaryd<\/li>\n<li>Ebba Svens\u00e4ter, Markaryd<\/li>\n<li>Michaela Johansson, Markaryd<\/li>\n<li>Lars Bl\u00e4nning, Pension\u00e4r, Markaryd<\/li>\n<li>Sara Malmgren, Rektor, Markaryd<\/li>\n<li>Yvonne Takvam, Markaryd<\/li>\n<li>J\u00f6rgen Johansson, Markaryd<\/li>\n<li>Hel\u00e9n Alex, Markaryd<\/li>\n<li>Jenny Lif, Markaryd<\/li>\n<li>Erland Engqvist, Markaryd<\/li>\n<li>Natalie Takvam, F\u00f6retagare, Timsfors<\/li>\n<li>David Risell, Enhetschef, S\u00e5nna<\/li>\n<li>Lars Ingmar Bj\u00f6rkman, Markaryd<\/li>\n<li>Emilia Hamilton, Markaryd<\/li>\n<li>Fredrik Eriksson, Holma<\/li>\n<li>Mona Gustafsson, Markaryd<\/li>\n<li>Lars Lindberg, Markaryd<\/li>\n<li>\u00c5ke Arnesson, Markaryd<\/li>\n<li>Linda Risell, L\u00e4rare, S\u00e5nna<\/li>\n<li>Carl Eric Svens\u00e4ter, Markaryd<\/li>\n<li>Ann-Charlotte Kock, Markaryd<\/li>\n<li>David Borg, Vivljunga<\/li>\n<li>Eva Madestam, Pension\u00e4r, Timsfors<\/li>\n<li>Rolf Bengtsson, Pension\u00e4r, Str\u00f6msn\u00e4sbruk<\/li>\n<li>Harals Takvam, Markaryd<\/li>\n<li>Ruth Dahlstr\u00f6m, Markaryd<\/li>\n<li>Lars Henningsson, Markaryd<\/li>\n<\/ol>\n<p>&nbsp;<\/p>\n<p><strong>Val till regionfullm\u00e4ktige\u00a0<\/strong><\/p>\n<ol>\n<li class=\"\">Anna Zelvin, 37, Ordf Patientn\u00e4mnden , V\u00c4XJ\u00d6<\/li>\n<li class=\"\">Emil Torstensson, 43, Ambulanssjuksk\u00f6terska, LAGAN<\/li>\n<li class=\"\">Eva Johnsson, 64, Regionr\u00e5d, VEDERSL\u00d6V<\/li>\n<li class=\"\">Patrik \u00c5kesson, 56, F\u00f6retagare, V\u00c4XJ\u00d6<\/li>\n<li class=\"\">Rut Bj\u00f6rkstr\u00f6m, 55, Undersk\u00f6terska , LJUNGBY<\/li>\n<li class=\"\">Malin Stadig Lundgren, 36, Diakon, V\u00c4XJ\u00d6<\/li>\n<li class=\"\">Bengt Germundsson, 65, Kommunstyrelsens ordf, STR\u00d6MSN\u00c4SBRUK<\/li>\n<li class=\"\">Christina Lindqvist, 56, \u00c5SEDA<\/li>\n<li class=\"\">Kaj-Mikael Petersson, 54, F\u00f6retagare, V\u00c4XJ\u00d6<\/li>\n<li class=\"\">Ricardo Chavez, 35, Partiombudsman , V\u00c4XJ\u00d6<\/li>\n<li class=\"\">Maria Svensson Lundin, 50, Designer , MARKARYD<\/li>\n<li class=\"\">Jessica Johansson, 50, Butiksbitr\u00e4de, ALVESTA<\/li>\n<li class=\"\">Stanley K\u00e4llner, 69, Pastor, V\u00c4XJ\u00d6<\/li>\n<li class=\"\">Jan Popovski, 63, F\u00f6retagare, TINGSRYD<\/li>\n<li class=\"\">Martin Anderberg, 36, F\u00f6retagare, LAGAN<\/li>\n<li class=\"\">Mikaela Lindau, 34, Undersk\u00f6terska, V\u00c4XJ\u00d6<\/li>\n<li class=\"\">Bodil Jonsson, 67, Pension\u00e4r, SKRUV<\/li>\n<li class=\"\">Hilda Aramayes Ardash, 44, Tolk, \u00c4LMHULT<\/li>\n<li class=\"\">Linus Ottosson, 28, Sjuksk\u00f6terska, RYSSBY<\/li>\n<li class=\"\">Julia Evans, 34, Ungdomsbehandlare , HOVMANTORP<\/li>\n<li class=\"\">Jon Malmqvist, 49, Kommunpolitiker, V\u00c4XJ\u00d6<\/li>\n<li class=\"\">Catarina Claesson, 51, Ekonomichef , \u00c4LMHULT<\/li>\n<li class=\"\">Per-Olof Hj\u00e4lmefjord, 67, Volont\u00e4r , V\u00c4XJ\u00d6<\/li>\n<li class=\"\">Gustaf Bergstr\u00f6m, 55, Ingenj\u00f6r , V\u00c4XJ\u00d6<\/li>\n<li class=\"\">G\u00f6ran Kannerby, 60, J\u00e4rnv\u00e4gskonsult, V\u00c4XJ\u00d6<\/li>\n<\/ol>\n<p>&nbsp;<\/p>\n<p><strong>Val till Riksdagen<\/strong><\/p>\n<ol>\n<li class=\"\">Ebba Busch, 35, Partiledare, UPPSALA<\/li>\n<li class=\"\">Patrik \u00c5kesson, 56, F\u00f6retagare, V\u00c4XJ\u00d6<\/li>\n<li class=\"\">Anna Zelvin, 37, Gymnasiel\u00e4rare, V\u00c4XJ\u00d6<\/li>\n<li class=\"\">Emil Torstensson, 43, Ambulanssjuksk\u00f6terska, LAGAN<\/li>\n<li class=\"\">Jakob Forssmed, 47, Riksdagsledamot, SOLLENTUNA<\/li>\n<li class=\"\">Acko Ankarberg Johansson, 57, Riksdagsledamot, HUSKVARNA<\/li>\n<li class=\"\">Andreas Carlson, 35, Riksdagsledamot, SOLNA<\/li>\n<li class=\"\">Liza-Maria Norlin, 42, Processledare, SUNDSVALL<\/li>\n<li class=\"\">Peter Kullgren, 41, Partisekreterare, KARLSTAD<\/li>\n<li class=\"\">Nike \u00d6rbrink, 25, Ordf\u00f6rande KDU, STOCKHOLM<\/li>\n<li class=\"\">Yusuf Aydin, 40, Gruppchef Riskmanagement, NORSBORG<\/li>\n<li class=\"\">Camilla Brodin, 43, Riksdagsledamot, T\u00c4BY<\/li>\n<li class=\"\">Hans Eklind, 55, Riksdagsledamot, \u00d6REBRO<\/li>\n<li class=\"\">Magnus Oscarsson, 52, Riksdagsledamot, \u00d6DESH\u00d6G<\/li>\n<li class=\"\">Rut Bj\u00f6rkstr\u00f6m, 55, Undersk\u00f6terska, LJUNGBY<\/li>\n<li class=\"\">Ricardo Chavez, 35, Partiombudsman, V\u00c4XJ\u00d6<\/li>\n<li class=\"\">Jon Malmqvist, 49, Kommunpolitiker, V\u00c4XJ\u00d6<\/li>\n<li class=\"\">Mikaela Lindau, 34, Undersk\u00f6terska, V\u00c4XJ\u00d6<\/li>\n<li class=\"\">Gustaf Bergstr\u00f6m, 55, Ingenj\u00f6r, V\u00c4XJ\u00d6<\/li>\n<li class=\"\">Christer Brinkner, 56, Godman, ALVESTA<\/li>\n<li class=\"\">Malin Stadig Lundgren, 36, Diakon, V\u00c4XJ\u00d6<\/li>\n<li class=\"\">Lennart Johnsson, 67, Teolog, VEDERSL\u00d6V<\/li>\n<li class=\"\">Vincent Hammarstedt, 53, Systemtekniker, V\u00c4XJ\u00d6<\/li>\n<li class=\"\">Gege Blank, 60, V\u00e4ktare, MARKARYD<\/li>\n<li class=\"\">Jessica Johansson, 50, Butiksbitr\u00e4de, ALVESTA<\/li>\n<\/ol>\n","protected":false},"excerpt":{"rendered":"<p>Val till kommunfullm\u00e4ktige &#8211; Kristdemokraterna Markaryds kommun Bengt Germundsson, Kommunalr\u00e5d, Str\u00f6msn\u00e4sbruk Maria Svensson-Lundin, Designer, Markaryd Svend Erik Dahlstr\u00f6m, F\u00f6retagare Markaryd Caroline Lindbergh, Markaryd Jane Holmstr\u00f6m Bj\u00f6rkman, Markaryd Bo Johanneryd, Markaryd Anna Johansson, Socionom, Hinneryd Marie Nijimbere, Undersk\u00f6terska, Str\u00f6msn\u00e4sbruk Jan &#8221;Frille&#8221; Fritiofsson, Senior, Markaryd Ingegerd Lenander, Markaryd Gege Blank, V\u00e4ktare, Hualtet Berit Larsson, R\u00e5storp Ann-Marie Cedergren, <a class=\"read-more-link\" href=\"https:\/\/wp.kristdemokraterna.se\/markaryd\/val2018\/\">Read More<\/a><\/p>\n","protected":false},"author":474,"featured_media":0,"parent":0,"menu_order":0,"comment_status":"closed","ping_status":"closed","template":"","meta":{"_acf_changed":false,"footnotes":""},"class_list":["post-153","page","type-page","status-publish","hentry"],"acf":[],"yoast_head":"<!-- This site is optimized with the Yoast SEO plugin v27.4 - https:\/\/yoast.com\/product\/yoast-seo-wordpress\/ -->\n<title>Val 2022 - Markaryd<\/title>\n<meta name=\"robots\" content=\"index, follow, max-snippet:-1, max-image-preview:large, max-video-preview:-1\" \/>\n<link rel=\"canonical\" href=\"https:\/\/wp.kristdemokraterna.se\/markaryd\/val2018\/\" \/>\n<meta property=\"og:locale\" content=\"sv_SE\" \/>\n<meta property=\"og:type\" content=\"article\" \/>\n<meta property=\"og:title\" content=\"Val 2022 - Markaryd\" \/>\n<meta property=\"og:description\" content=\"Val till kommunfullm\u00e4ktige &#8211; Kristdemokraterna Markaryds kommun Bengt Germundsson, Kommunalr\u00e5d, Str\u00f6msn\u00e4sbruk Maria Svensson-Lundin, Designer, Markaryd Svend Erik Dahlstr\u00f6m, F\u00f6retagare Markaryd Caroline Lindbergh, Markaryd Jane Holmstr\u00f6m Bj\u00f6rkman, Markaryd Bo Johanneryd, Markaryd Anna Johansson, Socionom, Hinneryd Marie Nijimbere, Undersk\u00f6terska, Str\u00f6msn\u00e4sbruk Jan &#8221;Frille&#8221; Fritiofsson, Senior, Markaryd Ingegerd Lenander, Markaryd Gege Blank, V\u00e4ktare, Hualtet Berit Larsson, R\u00e5storp Ann-Marie Cedergren, Read More\" \/>\n<meta property=\"og:url\" content=\"https:\/\/wp.kristdemokraterna.se\/markaryd\/val2018\/\" \/>\n<meta property=\"og:site_name\" content=\"Markaryd\" \/>\n<meta property=\"article:modified_time\" content=\"2022-08-12T11:04:17+00:00\" \/>\n<meta name=\"twitter:card\" content=\"summary_large_image\" \/>\n<meta name=\"twitter:label1\" content=\"Ber\u00e4knad l\u00e4stid\" \/>\n\t<meta name=\"twitter:data1\" content=\"3 minuter\" \/>\n<script type=\"application\/ld+json\" class=\"yoast-schema-graph\">{\"@context\":\"https:\\\/\\\/schema.org\",\"@graph\":[{\"@type\":\"WebPage\",\"@id\":\"https:\\\/\\\/wp.kristdemokraterna.se\\\/markaryd\\\/val2018\\\/\",\"url\":\"https:\\\/\\\/wp.kristdemokraterna.se\\\/markaryd\\\/val2018\\\/\",\"name\":\"Val 2022 - Markaryd\",\"isPartOf\":{\"@id\":\"https:\\\/\\\/wp.kristdemokraterna.se\\\/markaryd\\\/#website\"},\"datePublished\":\"2014-04-18T15:37:55+00:00\",\"dateModified\":\"2022-08-12T11:04:17+00:00\",\"breadcrumb\":{\"@id\":\"https:\\\/\\\/wp.kristdemokraterna.se\\\/markaryd\\\/val2018\\\/#breadcrumb\"},\"inLanguage\":\"sv-SE\",\"potentialAction\":[{\"@type\":\"ReadAction\",\"target\":[\"https:\\\/\\\/wp.kristdemokraterna.se\\\/markaryd\\\/val2018\\\/\"]}]},{\"@type\":\"BreadcrumbList\",\"@id\":\"https:\\\/\\\/wp.kristdemokraterna.se\\\/markaryd\\\/val2018\\\/#breadcrumb\",\"itemListElement\":[{\"@type\":\"ListItem\",\"position\":1,\"name\":\"Hem\",\"item\":\"https:\\\/\\\/wp.kristdemokraterna.se\\\/markaryd\\\/\"},{\"@type\":\"ListItem\",\"position\":2,\"name\":\"Val 2022\"}]},{\"@type\":\"WebSite\",\"@id\":\"https:\\\/\\\/wp.kristdemokraterna.se\\\/markaryd\\\/#website\",\"url\":\"https:\\\/\\\/wp.kristdemokraterna.se\\\/markaryd\\\/\",\"name\":\"Markaryd\",\"description\":\"En till Kristdemokraterna webbplats\",\"inLanguage\":\"sv-SE\"}]}<\/script>\n<!-- \/ Yoast SEO plugin. -->","yoast_head_json":{"title":"Val 2022 - Markaryd","robots":{"index":"index","follow":"follow","max-snippet":"max-snippet:-1","max-image-preview":"max-image-preview:large","max-video-preview":"max-video-preview:-1"},"canonical":"https:\/\/wp.kristdemokraterna.se\/markaryd\/val2018\/","og_locale":"sv_SE","og_type":"article","og_title":"Val 2022 - Markaryd","og_description":"Val till kommunfullm\u00e4ktige &#8211; Kristdemokraterna Markaryds kommun Bengt Germundsson, Kommunalr\u00e5d, Str\u00f6msn\u00e4sbruk Maria Svensson-Lundin, Designer, Markaryd Svend Erik Dahlstr\u00f6m, F\u00f6retagare Markaryd Caroline Lindbergh, Markaryd Jane Holmstr\u00f6m Bj\u00f6rkman, Markaryd Bo Johanneryd, Markaryd Anna Johansson, Socionom, Hinneryd Marie Nijimbere, Undersk\u00f6terska, Str\u00f6msn\u00e4sbruk Jan &#8221;Frille&#8221; Fritiofsson, Senior, Markaryd Ingegerd Lenander, Markaryd Gege Blank, V\u00e4ktare, Hualtet Berit Larsson, R\u00e5storp Ann-Marie Cedergren, Read More","og_url":"https:\/\/wp.kristdemokraterna.se\/markaryd\/val2018\/","og_site_name":"Markaryd","article_modified_time":"2022-08-12T11:04:17+00:00","twitter_card":"summary_large_image","twitter_misc":{"Ber\u00e4knad l\u00e4stid":"3 minuter"},"schema":{"@context":"https:\/\/schema.org","@graph":[{"@type":"WebPage","@id":"https:\/\/wp.kristdemokraterna.se\/markaryd\/val2018\/","url":"https:\/\/wp.kristdemokraterna.se\/markaryd\/val2018\/","name":"Val 2022 - Markaryd","isPartOf":{"@id":"https:\/\/wp.kristdemokraterna.se\/markaryd\/#website"},"datePublished":"2014-04-18T15:37:55+00:00","dateModified":"2022-08-12T11:04:17+00:00","breadcrumb":{"@id":"https:\/\/wp.kristdemokraterna.se\/markaryd\/val2018\/#breadcrumb"},"inLanguage":"sv-SE","potentialAction":[{"@type":"ReadAction","target":["https:\/\/wp.kristdemokraterna.se\/markaryd\/val2018\/"]}]},{"@type":"BreadcrumbList","@id":"https:\/\/wp.kristdemokraterna.se\/markaryd\/val2018\/#breadcrumb","itemListElement":[{"@type":"ListItem","position":1,"name":"Hem","item":"https:\/\/wp.kristdemokraterna.se\/markaryd\/"},{"@type":"ListItem","position":2,"name":"Val 2022"}]},{"@type":"WebSite","@id":"https:\/\/wp.kristdemokraterna.se\/markaryd\/#website","url":"https:\/\/wp.kristdemokraterna.se\/markaryd\/","name":"Markaryd","description":"En till Kristdemokraterna webbplats","inLanguage":"sv-SE"}]}},"_links":{"self":[{"href":"https:\/\/wp.kristdemokraterna.se\/markaryd\/wp-json\/wp\/v2\/pages\/153","targetHints":{"allow":["GET"]}}],"collection":[{"href":"https:\/\/wp.kristdemokraterna.se\/markaryd\/wp-json\/wp\/v2\/pages"}],"about":[{"href":"https:\/\/wp.kristdemokraterna.se\/markaryd\/wp-json\/wp\/v2\/types\/page"}],"author":[{"embeddable":true,"href":"https:\/\/wp.kristdemokraterna.se\/markaryd\/wp-json\/wp\/v2\/users\/474"}],"replies":[{"embeddable":true,"href":"https:\/\/wp.kristdemokraterna.se\/markaryd\/wp-json\/wp\/v2\/comments?post=153"}],"version-history":[{"count":10,"href":"https:\/\/wp.kristdemokraterna.se\/markaryd\/wp-json\/wp\/v2\/pages\/153\/revisions"}],"predecessor-version":[{"id":799,"href":"https:\/\/wp.kristdemokraterna.se\/markaryd\/wp-json\/wp\/v2\/pages\/153\/revisions\/799"}],"wp:attachment":[{"href":"https:\/\/wp.kristdemokraterna.se\/markaryd\/wp-json\/wp\/v2\/media?parent=153"}],"curies":[{"name":"wp","href":"https:\/\/api.w.org\/{rel}","templated":true}]}}