{"id":203,"date":"2014-08-09T21:00:53","date_gmt":"2014-08-09T19:00:53","guid":{"rendered":"http:\/\/wp.kristdemokraterna.se\/markaryd\/?page_id=203"},"modified":"2014-08-09T21:30:47","modified_gmt":"2014-08-09T19:30:47","slug":"var-politik","status":"publish","type":"page","link":"https:\/\/wp.kristdemokraterna.se\/markaryd\/var-politik\/","title":{"rendered":"V\u00e5r politik"},"content":{"rendered":"<p><em><ins datetime=\"2014-08-09T19:23:26+00:00\"><strong>Markaryd &#8211; en bra kommun att v\u00e4xa upp i!<\/strong><\/ins><\/em><br \/>\nGoda villkor f\u00f6r familjerna ger v\u00e5ra barn en bra start i livet. Genom att satsa p\u00e5 de minsta bygger vi ett gott samh\u00e4lle och en b\u00e4ttre framtid f\u00f6r oss alla.<\/p>\n<p>F\u00f6r\u00e4ldrar och barn beh\u00f6ver mer tid med varandra. Familjerna ska sj\u00e4lva f\u00e5 v\u00e4lja det liv som passar dem b\u00e4st. F\u00f6rskolan \u00e4r viktig, men vi vill ocks\u00e5 st\u00e4rka familjedaghemmen och skapa \u00f6kade valm\u00f6jligheter med barnomsorgspeng och v\u00e5rdnadsbidrag.<\/p>\n<p>Vi n\u00f6jer oss inte med mindre \u00e4n riktigt bra barnomsorg och skola. Varje barn ska f\u00e5 utvecklas utifr\u00e5n sina egna f\u00f6ruts\u00e4ttningar. Ingen ska h\u00e5llas tillbaka och ingen ska l\u00e4mnas efter.<\/p>\n<p>Skolan ska ge kunskap f\u00f6r arbetslivet, men ocks\u00e5 bildning f\u00f6r hela livet. Duktiga l\u00e4rare ska ges goda utvecklingsm\u00f6jligheter och bra l\u00f6n.<\/p>\n<p>Mobbing, kr\u00e4nkande behandling, klotter och d\u00e5lig skolmilj\u00f6 \u00e4r inte acceptabelt. D\u00e4rf\u00f6r satsar vi p\u00e5 renoverade och nybyggda skollokaler. Detta ger f\u00f6ruts\u00e4ttningar f\u00f6r goda resultat!<\/p>\n<p>Men kommunen kan inte g\u00f6ra allt. Vi kristdemokrater vill forts\u00e4tta arbeta tillsammans med f\u00f6reningar och andra delar av det civila samh\u00e4llet f\u00f6r ett \u00e4nnu rikare kulturliv och fler fritidsaktiviteter f\u00f6r alla \u00e5ldrar.<\/p>\n<p>Det \u00e4r v\u00e5rt gemensamma ansvar att v\u00e4rna om en god milj\u00f6. Vi vill forts\u00e4tta arbeta f\u00f6r inbjudande och vackra milj\u00f6er och f\u00f6r att det ska vara tryggt att bo i hela kommunen.<\/p>\n<p>S\u00e5 g\u00f6r vi tillsammans Markaryds kommun till en riktigt bra kommun att v\u00e4xa upp i!<\/p>\n<p><em><ins datetime=\"2014-08-09T19:23:26+00:00\"><strong>Ett bra liv &#8211; hela livet!<\/strong><\/ins><\/em><br \/>\nN\u00e4r vi blir \u00e4ldre blir kr\u00e4mporna fler. Kroppen s\u00e4ger ifr\u00e5n och vi beh\u00f6ver kanske hj\u00e4lp med det vi tidigare klarade sj\u00e4lv. Men vi \u00e4r fortfarande de vi \u00e4r, oavsett \u00e5lder, och med r\u00e4tt att best\u00e4mma \u00f6ver v\u00e5ra egna liv.<\/p>\n<p>Vi vill att alla ska kunna leva ett v\u00e4rdigt liv utifr\u00e5n sina egna f\u00f6ruts\u00e4ttningar och med inflytande \u00f6ver den egna vardagen. Man ska sj\u00e4lv f\u00e5 best\u00e4mma vad man beh\u00f6ver hj\u00e4lp med och kunna p\u00e5verka b\u00e5de vilka tider man f\u00e5r hj\u00e4lp och vem som kommer. Vi st\u00e4ller h\u00f6ga krav p\u00e5 en trygg och v\u00e4rdig \u00e4ldreomsorg, inte minst i livets slutskede. Personalen ska ha kompetens och kunna ge den hj\u00e4lp som beh\u00f6vs. Man ska f\u00e5 bra mat och det ska<br \/>\nfinnas tid f\u00f6r s\u00e5v\u00e4l gemenskap kring matbordet som andra aktiviteter.<\/p>\n<p>\u00c4ven insatser som g\u00f6rs av familj, v\u00e4nner, kyrkor och andra ideella krafter \u00e4r viktiga. D\u00e4rf\u00f6r vill vi f\u00f6rb\u00e4ttra st\u00f6det till dem som v\u00e5rdar sina anh\u00f6riga. Kristdemokraterna lovar att arbeta f\u00f6r att vi ska kunna leva ett v\u00e4rdigt och bra liv &#8211; hela livet.<\/p>\n<p><ins datetime=\"2014-08-09T19:23:26+00:00\"><em><strong>Livskraftiga f\u00f6retag ger jobb!<\/strong><\/em><\/ins><br \/>\nEtt bra n\u00e4ringslivsklimat ger jobb, tillv\u00e4xt och framtidstro. Livskraftiga f\u00f6retag skapar f\u00f6ruts\u00e4ttningar f\u00f6r de resurser vi politiker f\u00e5r f\u00f6rtroende att f\u00f6rdela till v\u00e4lf\u00e4rden.<\/p>\n<p>Efter tolv \u00e5r med Kristdemokraterna \u00e4r n\u00e4ringslivsklimatet i Markaryds kommun b\u00e4ttre \u00e4n n\u00e5gonsin. Vi kommer aldrig att sl\u00e5 oss till ro, utan forts\u00e4tta arbeta f\u00f6r att f\u00f6rb\u00e4ttra villkoren f\u00f6r b\u00e5de sm\u00e5 och stora f\u00f6retag.<\/p>\n<p>Vi ska skapa f\u00f6ruts\u00e4ttningar f\u00f6r en st\u00e4rkt entrepren\u00f6rsanda och uppmuntra id\u00e9er som skapar nya jobb. Vi vill utveckla gymnasieutbildningen, inr\u00e4tta fler l\u00e4rlingsprogram och \u00f6ka samverkan mellan skolan och n\u00e4ringslivet. Det \u00e4r viktigt f\u00f6r att tillgodose f\u00f6retagens behov av kompetent arbetskraft och f\u00f6r att underl\u00e4tta f\u00f6r unga m\u00e4nniskor att f\u00e5 jobb.<\/p>\n<p>Vi \u00e4r \u00f6vertygade om att en attraktiv boendemilj\u00f6 och en god kommunal service \u00e4r avg\u00f6rande f\u00f6r att f\u00f6retag ska etablera sig och kunna v\u00e4xa. S\u00e5 f\u00e5r vi fler jobb &#8211; och fler inv\u00e5nare &#8211; i Markaryds kommun!<\/p>\n<p><em><ins datetime=\"2014-08-09T19:23:26+00:00\"><strong>Det h\u00e4r, och mycket mer, vill Kristdemokraterna g\u00f6ra i Markaryd:<\/strong><\/ins><\/em><br \/>\n\u2022 Garantera valfrihet genom v\u00e5rdnadsbidrag, barnomsorgspeng och dagbarnv\u00e5rdare.<br \/>\n\u2022 Satsa p\u00e5 kvalitet i f\u00f6rskola och p\u00e5 fritids.<br \/>\n\u2022 Elevernas resultat i skolan ska f\u00f6rb\u00e4ttras.<br \/>\n\u2022 Erbjuda \u00e4ldre att sj\u00e4lva f\u00e5 v\u00e4lja ur ett rikt utbud av service.<br \/>\n\u2022 Utveckla social samvaro f\u00f6r \u00e4ldre.<br \/>\n\u2022 Samverka med polis m.fl.f\u00f6r att minska brottsligheten.<br \/>\n\u2022 Utveckla samarbetet f\u00f6r att arbetsl\u00f6sa l\u00e4ttare ska f\u00e5 jobb.<br \/>\n\u2022 Ge f\u00f6retagen b\u00e4ttre villkor med bra service och snabb handl\u00e4ggning.<br \/>\n\u2022 Det ska g\u00e5 att \u00e5ka t\u00e5g till Halmstad.<br \/>\n\u2022 Alltid arbeta engagerat f\u00f6r kommunens b\u00e4sta.<\/p>\n","protected":false},"excerpt":{"rendered":"<p>Markaryd &#8211; en bra kommun att v\u00e4xa upp i! Goda villkor f\u00f6r familjerna ger v\u00e5ra barn en bra start i livet. Genom att satsa p\u00e5 de minsta bygger vi ett gott samh\u00e4lle och en b\u00e4ttre framtid f\u00f6r oss alla. F\u00f6r\u00e4ldrar och barn beh\u00f6ver mer tid med varandra. Familjerna ska sj\u00e4lva f\u00e5 v\u00e4lja det liv som <a class=\"read-more-link\" href=\"https:\/\/wp.kristdemokraterna.se\/markaryd\/var-politik\/\">Read More<\/a><\/p>\n","protected":false},"author":474,"featured_media":0,"parent":0,"menu_order":0,"comment_status":"closed","ping_status":"closed","template":"","meta":{"_acf_changed":false,"footnotes":""},"class_list":["post-203","page","type-page","status-publish","hentry"],"acf":[],"yoast_head":"<!-- This site is optimized with the Yoast SEO plugin v27.4 - https:\/\/yoast.com\/product\/yoast-seo-wordpress\/ -->\n<title>V\u00e5r politik - Markaryd<\/title>\n<meta name=\"robots\" content=\"index, follow, max-snippet:-1, max-image-preview:large, max-video-preview:-1\" \/>\n<link rel=\"canonical\" href=\"https:\/\/wp.kristdemokraterna.se\/markaryd\/var-politik\/\" \/>\n<meta property=\"og:locale\" content=\"sv_SE\" \/>\n<meta property=\"og:type\" content=\"article\" \/>\n<meta property=\"og:title\" content=\"V\u00e5r politik - Markaryd\" \/>\n<meta property=\"og:description\" content=\"Markaryd &#8211; en bra kommun att v\u00e4xa upp i! Goda villkor f\u00f6r familjerna ger v\u00e5ra barn en bra start i livet. Genom att satsa p\u00e5 de minsta bygger vi ett gott samh\u00e4lle och en b\u00e4ttre framtid f\u00f6r oss alla. F\u00f6r\u00e4ldrar och barn beh\u00f6ver mer tid med varandra. Familjerna ska sj\u00e4lva f\u00e5 v\u00e4lja det liv som Read More\" \/>\n<meta property=\"og:url\" content=\"https:\/\/wp.kristdemokraterna.se\/markaryd\/var-politik\/\" \/>\n<meta property=\"og:site_name\" content=\"Markaryd\" \/>\n<meta property=\"article:modified_time\" content=\"2014-08-09T19:30:47+00:00\" \/>\n<meta name=\"twitter:card\" content=\"summary_large_image\" \/>\n<meta name=\"twitter:label1\" content=\"Ber\u00e4knad l\u00e4stid\" \/>\n\t<meta name=\"twitter:data1\" content=\"4 minuter\" \/>\n<script type=\"application\/ld+json\" class=\"yoast-schema-graph\">{\"@context\":\"https:\\\/\\\/schema.org\",\"@graph\":[{\"@type\":\"WebPage\",\"@id\":\"https:\\\/\\\/wp.kristdemokraterna.se\\\/markaryd\\\/var-politik\\\/\",\"url\":\"https:\\\/\\\/wp.kristdemokraterna.se\\\/markaryd\\\/var-politik\\\/\",\"name\":\"V\u00e5r politik - Markaryd\",\"isPartOf\":{\"@id\":\"https:\\\/\\\/wp.kristdemokraterna.se\\\/markaryd\\\/#website\"},\"datePublished\":\"2014-08-09T19:00:53+00:00\",\"dateModified\":\"2014-08-09T19:30:47+00:00\",\"breadcrumb\":{\"@id\":\"https:\\\/\\\/wp.kristdemokraterna.se\\\/markaryd\\\/var-politik\\\/#breadcrumb\"},\"inLanguage\":\"sv-SE\",\"potentialAction\":[{\"@type\":\"ReadAction\",\"target\":[\"https:\\\/\\\/wp.kristdemokraterna.se\\\/markaryd\\\/var-politik\\\/\"]}]},{\"@type\":\"BreadcrumbList\",\"@id\":\"https:\\\/\\\/wp.kristdemokraterna.se\\\/markaryd\\\/var-politik\\\/#breadcrumb\",\"itemListElement\":[{\"@type\":\"ListItem\",\"position\":1,\"name\":\"Hem\",\"item\":\"https:\\\/\\\/wp.kristdemokraterna.se\\\/markaryd\\\/\"},{\"@type\":\"ListItem\",\"position\":2,\"name\":\"V\u00e5r politik\"}]},{\"@type\":\"WebSite\",\"@id\":\"https:\\\/\\\/wp.kristdemokraterna.se\\\/markaryd\\\/#website\",\"url\":\"https:\\\/\\\/wp.kristdemokraterna.se\\\/markaryd\\\/\",\"name\":\"Markaryd\",\"description\":\"En till Kristdemokraterna webbplats\",\"inLanguage\":\"sv-SE\"}]}<\/script>\n<!-- \/ Yoast SEO plugin. -->","yoast_head_json":{"title":"V\u00e5r politik - Markaryd","robots":{"index":"index","follow":"follow","max-snippet":"max-snippet:-1","max-image-preview":"max-image-preview:large","max-video-preview":"max-video-preview:-1"},"canonical":"https:\/\/wp.kristdemokraterna.se\/markaryd\/var-politik\/","og_locale":"sv_SE","og_type":"article","og_title":"V\u00e5r politik - Markaryd","og_description":"Markaryd &#8211; en bra kommun att v\u00e4xa upp i! Goda villkor f\u00f6r familjerna ger v\u00e5ra barn en bra start i livet. Genom att satsa p\u00e5 de minsta bygger vi ett gott samh\u00e4lle och en b\u00e4ttre framtid f\u00f6r oss alla. F\u00f6r\u00e4ldrar och barn beh\u00f6ver mer tid med varandra. Familjerna ska sj\u00e4lva f\u00e5 v\u00e4lja det liv som Read More","og_url":"https:\/\/wp.kristdemokraterna.se\/markaryd\/var-politik\/","og_site_name":"Markaryd","article_modified_time":"2014-08-09T19:30:47+00:00","twitter_card":"summary_large_image","twitter_misc":{"Ber\u00e4knad l\u00e4stid":"4 minuter"},"schema":{"@context":"https:\/\/schema.org","@graph":[{"@type":"WebPage","@id":"https:\/\/wp.kristdemokraterna.se\/markaryd\/var-politik\/","url":"https:\/\/wp.kristdemokraterna.se\/markaryd\/var-politik\/","name":"V\u00e5r politik - Markaryd","isPartOf":{"@id":"https:\/\/wp.kristdemokraterna.se\/markaryd\/#website"},"datePublished":"2014-08-09T19:00:53+00:00","dateModified":"2014-08-09T19:30:47+00:00","breadcrumb":{"@id":"https:\/\/wp.kristdemokraterna.se\/markaryd\/var-politik\/#breadcrumb"},"inLanguage":"sv-SE","potentialAction":[{"@type":"ReadAction","target":["https:\/\/wp.kristdemokraterna.se\/markaryd\/var-politik\/"]}]},{"@type":"BreadcrumbList","@id":"https:\/\/wp.kristdemokraterna.se\/markaryd\/var-politik\/#breadcrumb","itemListElement":[{"@type":"ListItem","position":1,"name":"Hem","item":"https:\/\/wp.kristdemokraterna.se\/markaryd\/"},{"@type":"ListItem","position":2,"name":"V\u00e5r politik"}]},{"@type":"WebSite","@id":"https:\/\/wp.kristdemokraterna.se\/markaryd\/#website","url":"https:\/\/wp.kristdemokraterna.se\/markaryd\/","name":"Markaryd","description":"En till Kristdemokraterna webbplats","inLanguage":"sv-SE"}]}},"_links":{"self":[{"href":"https:\/\/wp.kristdemokraterna.se\/markaryd\/wp-json\/wp\/v2\/pages\/203","targetHints":{"allow":["GET"]}}],"collection":[{"href":"https:\/\/wp.kristdemokraterna.se\/markaryd\/wp-json\/wp\/v2\/pages"}],"about":[{"href":"https:\/\/wp.kristdemokraterna.se\/markaryd\/wp-json\/wp\/v2\/types\/page"}],"author":[{"embeddable":true,"href":"https:\/\/wp.kristdemokraterna.se\/markaryd\/wp-json\/wp\/v2\/users\/474"}],"replies":[{"embeddable":true,"href":"https:\/\/wp.kristdemokraterna.se\/markaryd\/wp-json\/wp\/v2\/comments?post=203"}],"version-history":[{"count":7,"href":"https:\/\/wp.kristdemokraterna.se\/markaryd\/wp-json\/wp\/v2\/pages\/203\/revisions"}],"predecessor-version":[{"id":302,"href":"https:\/\/wp.kristdemokraterna.se\/markaryd\/wp-json\/wp\/v2\/pages\/203\/revisions\/302"}],"wp:attachment":[{"href":"https:\/\/wp.kristdemokraterna.se\/markaryd\/wp-json\/wp\/v2\/media?parent=203"}],"curies":[{"name":"wp","href":"https:\/\/api.w.org\/{rel}","templated":true}]}}