{"id":107,"date":"2013-02-06T15:50:41","date_gmt":"2013-02-06T14:50:41","guid":{"rendered":"http:\/\/wp.kristdemokraterna.se\/mjolby\/?page_id=107"},"modified":"2014-06-17T12:19:07","modified_gmt":"2014-06-17T10:19:07","slug":"birger-hagstrom","status":"publish","type":"page","link":"https:\/\/wp.kristdemokraterna.se\/mjolby\/personligt\/birger-hagstrom\/","title":{"rendered":"Birger Hagstr\u00f6m"},"content":{"rendered":"<p><img loading=\"lazy\" decoding=\"async\" class=\"alignleft wp-image-1064 size-medium\" src=\"http:\/\/wp.kristdemokraterna.se\/mjolby\/files\/2014\/05\/20140518-171830-200x300.jpg\" alt=\"20140518-171830.jpg\" width=\"200\" height=\"300\" srcset=\"https:\/\/wp.kristdemokraterna.se\/mjolby\/files\/2014\/05\/20140518-171830-200x300.jpg 200w, https:\/\/wp.kristdemokraterna.se\/mjolby\/files\/2014\/05\/20140518-171830-231x346.jpg 231w, https:\/\/wp.kristdemokraterna.se\/mjolby\/files\/2014\/05\/20140518-171830-74x112.jpg 74w, https:\/\/wp.kristdemokraterna.se\/mjolby\/files\/2014\/05\/20140518-171830.jpg 361w\" sizes=\"auto, (max-width: 200px) 100vw, 200px\" \/><\/p>\n<p>Birger Hagstr\u00f6m<br \/>\nTel: 0142-213 32 (hem), 0768-969 328 (mobil)<br \/>\nE-post: birger.hagstrom@kristdemokraterna.se<br \/>\n<em>E-post: birgerhm@gmail.com<\/em><\/p>\n","protected":false},"excerpt":{"rendered":"<p>Birger Hagstr\u00f6m Tel: 0142-213 32 (hem), 0768-969 328 (mobil) E-post: birger.hagstrom@kristdemokraterna.se E-post: birgerhm@gmail.com<\/p>\n","protected":false},"author":433,"featured_media":0,"parent":84,"menu_order":0,"comment_status":"closed","ping_status":"closed","template":"","meta":{"_acf_changed":false,"footnotes":""},"class_list":["post-107","page","type-page","status-publish","hentry"],"acf":[],"yoast_head":"<!-- This site is optimized with the Yoast SEO plugin v27.4 - https:\/\/yoast.com\/product\/yoast-seo-wordpress\/ -->\n<title>Birger Hagstr\u00f6m - Mj\u00f6lby<\/title>\n<meta name=\"robots\" content=\"index, follow, max-snippet:-1, max-image-preview:large, max-video-preview:-1\" \/>\n<link rel=\"canonical\" href=\"https:\/\/wp.kristdemokraterna.se\/mjolby\/personligt\/birger-hagstrom\/\" \/>\n<meta property=\"og:locale\" content=\"sv_SE\" \/>\n<meta property=\"og:type\" content=\"article\" \/>\n<meta property=\"og:title\" content=\"Birger Hagstr\u00f6m - Mj\u00f6lby\" \/>\n<meta property=\"og:description\" content=\"Birger Hagstr\u00f6m Tel: 0142-213 32 (hem), 0768-969 328 (mobil) E-post: birger.hagstrom@kristdemokraterna.se E-post: birgerhm@gmail.com\" \/>\n<meta property=\"og:url\" content=\"https:\/\/wp.kristdemokraterna.se\/mjolby\/personligt\/birger-hagstrom\/\" \/>\n<meta property=\"og:site_name\" content=\"Mj\u00f6lby\" \/>\n<meta property=\"article:modified_time\" content=\"2014-06-17T10:19:07+00:00\" \/>\n<meta property=\"og:image\" content=\"http:\/\/wp.kristdemokraterna.se\/mjolby\/files\/2014\/05\/20140518-171830-200x300.jpg\" \/>\n<meta name=\"twitter:card\" content=\"summary_large_image\" \/>\n<script type=\"application\/ld+json\" class=\"yoast-schema-graph\">{\"@context\":\"https:\\\/\\\/schema.org\",\"@graph\":[{\"@type\":\"WebPage\",\"@id\":\"https:\\\/\\\/wp.kristdemokraterna.se\\\/mjolby\\\/personligt\\\/birger-hagstrom\\\/\",\"url\":\"https:\\\/\\\/wp.kristdemokraterna.se\\\/mjolby\\\/personligt\\\/birger-hagstrom\\\/\",\"name\":\"Birger Hagstr\u00f6m - Mj\u00f6lby\",\"isPartOf\":{\"@id\":\"https:\\\/\\\/wp.kristdemokraterna.se\\\/mjolby\\\/#website\"},\"primaryImageOfPage\":{\"@id\":\"https:\\\/\\\/wp.kristdemokraterna.se\\\/mjolby\\\/personligt\\\/birger-hagstrom\\\/#primaryimage\"},\"image\":{\"@id\":\"https:\\\/\\\/wp.kristdemokraterna.se\\\/mjolby\\\/personligt\\\/birger-hagstrom\\\/#primaryimage\"},\"thumbnailUrl\":\"http:\\\/\\\/wp.kristdemokraterna.se\\\/mjolby\\\/files\\\/2014\\\/05\\\/20140518-171830-200x300.jpg\",\"datePublished\":\"2013-02-06T14:50:41+00:00\",\"dateModified\":\"2014-06-17T10:19:07+00:00\",\"breadcrumb\":{\"@id\":\"https:\\\/\\\/wp.kristdemokraterna.se\\\/mjolby\\\/personligt\\\/birger-hagstrom\\\/#breadcrumb\"},\"inLanguage\":\"sv-SE\",\"potentialAction\":[{\"@type\":\"ReadAction\",\"target\":[\"https:\\\/\\\/wp.kristdemokraterna.se\\\/mjolby\\\/personligt\\\/birger-hagstrom\\\/\"]}]},{\"@type\":\"ImageObject\",\"inLanguage\":\"sv-SE\",\"@id\":\"https:\\\/\\\/wp.kristdemokraterna.se\\\/mjolby\\\/personligt\\\/birger-hagstrom\\\/#primaryimage\",\"url\":\"https:\\\/\\\/wp.kristdemokraterna.se\\\/mjolby\\\/files\\\/2014\\\/05\\\/20140518-171830.jpg\",\"contentUrl\":\"https:\\\/\\\/wp.kristdemokraterna.se\\\/mjolby\\\/files\\\/2014\\\/05\\\/20140518-171830.jpg\",\"width\":361,\"height\":540},{\"@type\":\"BreadcrumbList\",\"@id\":\"https:\\\/\\\/wp.kristdemokraterna.se\\\/mjolby\\\/personligt\\\/birger-hagstrom\\\/#breadcrumb\",\"itemListElement\":[{\"@type\":\"ListItem\",\"position\":1,\"name\":\"Hem\",\"item\":\"https:\\\/\\\/wp.kristdemokraterna.se\\\/mjolby\\\/\"},{\"@type\":\"ListItem\",\"position\":2,\"name\":\"Personligt\",\"item\":\"https:\\\/\\\/wp.kristdemokraterna.se\\\/mjolby\\\/personligt\\\/\"},{\"@type\":\"ListItem\",\"position\":3,\"name\":\"Birger Hagstr\u00f6m\"}]},{\"@type\":\"WebSite\",\"@id\":\"https:\\\/\\\/wp.kristdemokraterna.se\\\/mjolby\\\/#website\",\"url\":\"https:\\\/\\\/wp.kristdemokraterna.se\\\/mjolby\\\/\",\"name\":\"Mj\u00f6lby\",\"description\":\"Kristdemokraterna\",\"inLanguage\":\"sv-SE\"}]}<\/script>\n<!-- \/ Yoast SEO plugin. -->","yoast_head_json":{"title":"Birger Hagstr\u00f6m - Mj\u00f6lby","robots":{"index":"index","follow":"follow","max-snippet":"max-snippet:-1","max-image-preview":"max-image-preview:large","max-video-preview":"max-video-preview:-1"},"canonical":"https:\/\/wp.kristdemokraterna.se\/mjolby\/personligt\/birger-hagstrom\/","og_locale":"sv_SE","og_type":"article","og_title":"Birger Hagstr\u00f6m - Mj\u00f6lby","og_description":"Birger Hagstr\u00f6m Tel: 0142-213 32 (hem), 0768-969 328 (mobil) E-post: birger.hagstrom@kristdemokraterna.se E-post: birgerhm@gmail.com","og_url":"https:\/\/wp.kristdemokraterna.se\/mjolby\/personligt\/birger-hagstrom\/","og_site_name":"Mj\u00f6lby","article_modified_time":"2014-06-17T10:19:07+00:00","og_image":[{"url":"http:\/\/wp.kristdemokraterna.se\/mjolby\/files\/2014\/05\/20140518-171830-200x300.jpg","type":"","width":"","height":""}],"twitter_card":"summary_large_image","schema":{"@context":"https:\/\/schema.org","@graph":[{"@type":"WebPage","@id":"https:\/\/wp.kristdemokraterna.se\/mjolby\/personligt\/birger-hagstrom\/","url":"https:\/\/wp.kristdemokraterna.se\/mjolby\/personligt\/birger-hagstrom\/","name":"Birger Hagstr\u00f6m - Mj\u00f6lby","isPartOf":{"@id":"https:\/\/wp.kristdemokraterna.se\/mjolby\/#website"},"primaryImageOfPage":{"@id":"https:\/\/wp.kristdemokraterna.se\/mjolby\/personligt\/birger-hagstrom\/#primaryimage"},"image":{"@id":"https:\/\/wp.kristdemokraterna.se\/mjolby\/personligt\/birger-hagstrom\/#primaryimage"},"thumbnailUrl":"http:\/\/wp.kristdemokraterna.se\/mjolby\/files\/2014\/05\/20140518-171830-200x300.jpg","datePublished":"2013-02-06T14:50:41+00:00","dateModified":"2014-06-17T10:19:07+00:00","breadcrumb":{"@id":"https:\/\/wp.kristdemokraterna.se\/mjolby\/personligt\/birger-hagstrom\/#breadcrumb"},"inLanguage":"sv-SE","potentialAction":[{"@type":"ReadAction","target":["https:\/\/wp.kristdemokraterna.se\/mjolby\/personligt\/birger-hagstrom\/"]}]},{"@type":"ImageObject","inLanguage":"sv-SE","@id":"https:\/\/wp.kristdemokraterna.se\/mjolby\/personligt\/birger-hagstrom\/#primaryimage","url":"https:\/\/wp.kristdemokraterna.se\/mjolby\/files\/2014\/05\/20140518-171830.jpg","contentUrl":"https:\/\/wp.kristdemokraterna.se\/mjolby\/files\/2014\/05\/20140518-171830.jpg","width":361,"height":540},{"@type":"BreadcrumbList","@id":"https:\/\/wp.kristdemokraterna.se\/mjolby\/personligt\/birger-hagstrom\/#breadcrumb","itemListElement":[{"@type":"ListItem","position":1,"name":"Hem","item":"https:\/\/wp.kristdemokraterna.se\/mjolby\/"},{"@type":"ListItem","position":2,"name":"Personligt","item":"https:\/\/wp.kristdemokraterna.se\/mjolby\/personligt\/"},{"@type":"ListItem","position":3,"name":"Birger Hagstr\u00f6m"}]},{"@type":"WebSite","@id":"https:\/\/wp.kristdemokraterna.se\/mjolby\/#website","url":"https:\/\/wp.kristdemokraterna.se\/mjolby\/","name":"Mj\u00f6lby","description":"Kristdemokraterna","inLanguage":"sv-SE"}]}},"_links":{"self":[{"href":"https:\/\/wp.kristdemokraterna.se\/mjolby\/wp-json\/wp\/v2\/pages\/107","targetHints":{"allow":["GET"]}}],"collection":[{"href":"https:\/\/wp.kristdemokraterna.se\/mjolby\/wp-json\/wp\/v2\/pages"}],"about":[{"href":"https:\/\/wp.kristdemokraterna.se\/mjolby\/wp-json\/wp\/v2\/types\/page"}],"author":[{"embeddable":true,"href":"https:\/\/wp.kristdemokraterna.se\/mjolby\/wp-json\/wp\/v2\/users\/433"}],"replies":[{"embeddable":true,"href":"https:\/\/wp.kristdemokraterna.se\/mjolby\/wp-json\/wp\/v2\/comments?post=107"}],"version-history":[{"count":17,"href":"https:\/\/wp.kristdemokraterna.se\/mjolby\/wp-json\/wp\/v2\/pages\/107\/revisions"}],"predecessor-version":[{"id":138,"href":"https:\/\/wp.kristdemokraterna.se\/mjolby\/wp-json\/wp\/v2\/pages\/107\/revisions\/138"}],"up":[{"embeddable":true,"href":"https:\/\/wp.kristdemokraterna.se\/mjolby\/wp-json\/wp\/v2\/pages\/84"}],"wp:attachment":[{"href":"https:\/\/wp.kristdemokraterna.se\/mjolby\/wp-json\/wp\/v2\/media?parent=107"}],"curies":[{"name":"wp","href":"https:\/\/api.w.org\/{rel}","templated":true}]}}