{"id":1240,"date":"2014-09-25T12:13:46","date_gmt":"2014-09-25T10:13:46","guid":{"rendered":"http:\/\/wp.kristdemokraterna.se\/mjolby\/?page_id=1240"},"modified":"2018-07-23T19:28:04","modified_gmt":"2018-07-23T17:28:04","slug":"fortroendevalda-2014-2018","status":"publish","type":"page","link":"https:\/\/wp.kristdemokraterna.se\/mjolby\/kontakta-oss\/fortroendevalda-2014-2018\/","title":{"rendered":"F\u00f6rtroendevalda 2014-2018"},"content":{"rendered":"<p style=\"text-align: center\"><em>Mj\u00f6lby kommun 2014-2018 <\/em><\/p>\n<p><img loading=\"lazy\" decoding=\"async\" class=\"details-image alignnone\" src=\"http:\/\/wp.kristdemokraterna.se\/mjolby\/files\/2014\/05\/20140518-170916.jpg\" alt=\"\" width=\"540\" height=\"361\" \/><br \/>\nI valet till kommunfullm\u00e4ktige i Mj\u00f6lby 2014 fick Kristdemokraterna 4,31 % av r\u00f6sterna. Det gav oss f\u00f6ljande representation i n\u00e4mnder och styrelser i Mj\u00f6lby kommun f\u00f6r mandatperioden 2014-2018.<\/p>\n<p><strong>Kommunfullm\u00e4ktige<\/strong> (<span style=\"color: #ff0000\">t.o.m 14 okt 2018<\/span>)<br \/>\nTommy Engback, gruppledare, ledamot<br \/>\nTherese Gustafsson, ledamot<br \/>\nBirger Hagstr\u00f6m, 1:e ers\u00e4ttare<br \/>\nGunvor Grans\u00f6, 2:e ers\u00e4ttare<\/p>\n<p><strong>Valberedning<\/strong> (<span style=\"color: #ff0000\">t.o.m 14 okt 2018<\/span>)<br \/>\nBirger Hagstr\u00f6m, ledamot<\/p>\n<p><strong>Kommunstyrelsen<\/strong><br \/>\nTommy Engback, ledamot<br \/>\nBirger Hagstr\u00f6m, ers\u00e4ttare<\/p>\n<p><strong>Byggnads- och r\u00e4ddningsn\u00e4mnden<\/strong><br \/>\nIsac Gustafsson, ledamot<\/p>\n<p><strong>Utbildningsn\u00e4mnden<\/strong><br \/>\nTherese Gustafsson, ers\u00e4ttare<\/p>\n<p><strong>Omsorgs- och socialn\u00e4mnden<\/strong><br \/>\nGunvor Grans\u00f6, ledamot<\/p>\n<p><strong>Kultur- och fritidsn\u00e4mnden<\/strong><br \/>\nAnn Albrektsson, ers\u00e4ttare<\/p>\n<p><strong>Milj\u00f6n\u00e4mnden<\/strong> (Mj\u00f6lby-Boxholm)<br \/>\nLena Hultman Bergquist, ers\u00e4ttare<\/p>\n<p><strong>Tekniska n\u00e4mnden<\/strong><br \/>\nBirger Hagstr\u00f6m, 1:e vice ordf\u00f6rande, ledamot<\/p>\n<p><strong>Valn\u00e4mnden<\/strong><br \/>\nBengt-Olof Idmyr, ledamot<\/p>\n<p><strong>N\u00e4mndenman vid Link\u00f6pings tingsr\u00e4tt<\/strong> <b> <\/b>(<span style=\"color: #ff0000\">t.o.m 31 dec 2015<\/span>) (<a title=\"Link\u00f6pings tingsr\u00e4tt\" href=\"http:\/\/www.linkopingstingsratt.domstol.se\/\" target=\"_blank\" rel=\"noopener\">&gt;&gt;<\/a>)<br \/>\nTorgil Slatte, ledamot<\/p>\n<p><strong>Styrelsen f\u00f6r Bostadsbolaget i Mj\u00f6lby AB<\/strong> (<a title=\"Bostadsbolaget i Mj\u00f6lby AB - Bostadsbolaget\" href=\"http:\/\/www.mjolbybostad.se\/\" target=\"_blank\" rel=\"noopener\">&gt;&gt;<\/a>)<br \/>\nTorgil Slatte, ers\u00e4ttare<\/p>\n<p><strong>Styrelsen f\u00f6r Fastighets AB Mj\u00f6lby Industribyggnader<\/strong> &#8221;FAMI&#8221;<br \/>\nTommy Engback, ledamot<br \/>\nBirger Hagstr\u00f6m, ers\u00e4ttare<\/p>\n<p><strong>Styrelsen f\u00f6r Mj\u00f6lby-Svart\u00e5dalen Energi AB<\/strong> &#8221;MSE&#8221; (<a title=\"Mj\u00f6lby-Svart\u00e5dalen Energi AB - MSE\" href=\"http:\/\/www.mse.se\/\" target=\"_blank\" rel=\"noopener\">&gt;&gt;<\/a>)<br \/>\nBengt-Olof Idmyr, ledamot<\/p>\n<hr \/>\n<p style=\"text-align: right\"><em>Region \u00d6sterg\u00f6tland 2014-2018<\/em><br \/>\n<em>Valkrets 4 \u00d6desh\u00f6g-Ydre-Boxholm-Mj\u00f6lby-Vadstena<\/em><\/p>\n<p style=\"text-align: left\"><strong>Regionfullm\u00e4ktige<\/strong> (<span style=\"color: #ff0000\">tom 14 okt 2018<\/span>)<br \/>\nTorgil Slatte, ledamot<br \/>\nKarin Starkhammar, 2:e ers\u00e4ttare<\/p>\n<p><strong>Regionstyrelsens beredning f\u00f6r strategiska \u00e4garfr\u00e5gor<\/strong><br \/>\nTorgil Slatte, ledamot<\/p>\n","protected":false},"excerpt":{"rendered":"<p>Mj\u00f6lby kommun 2014-2018 I valet till kommunfullm\u00e4ktige i Mj\u00f6lby 2014 fick Kristdemokraterna 4,31 % av r\u00f6sterna. Det gav oss f\u00f6ljande representation i n\u00e4mnder och styrelser i Mj\u00f6lby kommun f\u00f6r mandatperioden 2014-2018. Kommunfullm\u00e4ktige (t.o.m 14 okt 2018) Tommy Engback, gruppledare, ledamot Therese Gustafsson, ledamot Birger Hagstr\u00f6m, 1:e ers\u00e4ttare Gunvor Grans\u00f6, 2:e ers\u00e4ttare Valberedning (t.o.m 14 okt <a class=\"read-more-link\" href=\"https:\/\/wp.kristdemokraterna.se\/mjolby\/kontakta-oss\/fortroendevalda-2014-2018\/\">Read More<\/a><\/p>\n","protected":false},"author":433,"featured_media":0,"parent":8,"menu_order":0,"comment_status":"closed","ping_status":"closed","template":"page-full.php","meta":{"_acf_changed":false,"footnotes":""},"class_list":["post-1240","page","type-page","status-publish","hentry"],"acf":[],"yoast_head":"<!-- This site is optimized with the Yoast SEO plugin v27.4 - https:\/\/yoast.com\/product\/yoast-seo-wordpress\/ -->\n<title>F\u00f6rtroendevalda 2014-2018 - Mj\u00f6lby<\/title>\n<meta name=\"robots\" content=\"index, follow, max-snippet:-1, max-image-preview:large, max-video-preview:-1\" \/>\n<link rel=\"canonical\" href=\"https:\/\/wp.kristdemokraterna.se\/mjolby\/kontakta-oss\/fortroendevalda-2014-2018\/\" \/>\n<meta property=\"og:locale\" content=\"sv_SE\" \/>\n<meta property=\"og:type\" content=\"article\" \/>\n<meta property=\"og:title\" content=\"F\u00f6rtroendevalda 2014-2018 - Mj\u00f6lby\" \/>\n<meta property=\"og:description\" content=\"Mj\u00f6lby kommun 2014-2018 I valet till kommunfullm\u00e4ktige i Mj\u00f6lby 2014 fick Kristdemokraterna 4,31 % av r\u00f6sterna. Det gav oss f\u00f6ljande representation i n\u00e4mnder och styrelser i Mj\u00f6lby kommun f\u00f6r mandatperioden 2014-2018. Kommunfullm\u00e4ktige (t.o.m 14 okt 2018) Tommy Engback, gruppledare, ledamot Therese Gustafsson, ledamot Birger Hagstr\u00f6m, 1:e ers\u00e4ttare Gunvor Grans\u00f6, 2:e ers\u00e4ttare Valberedning (t.o.m 14 okt Read More\" \/>\n<meta property=\"og:url\" content=\"https:\/\/wp.kristdemokraterna.se\/mjolby\/kontakta-oss\/fortroendevalda-2014-2018\/\" \/>\n<meta property=\"og:site_name\" content=\"Mj\u00f6lby\" \/>\n<meta property=\"article:modified_time\" content=\"2018-07-23T17:28:04+00:00\" \/>\n<meta property=\"og:image\" content=\"http:\/\/wp.kristdemokraterna.se\/mjolby\/files\/2014\/05\/20140518-170916.jpg\" \/>\n<meta name=\"twitter:card\" content=\"summary_large_image\" \/>\n<meta name=\"twitter:label1\" content=\"Ber\u00e4knad l\u00e4stid\" \/>\n\t<meta name=\"twitter:data1\" content=\"1 minut\" \/>\n<script type=\"application\/ld+json\" class=\"yoast-schema-graph\">{\"@context\":\"https:\\\/\\\/schema.org\",\"@graph\":[{\"@type\":\"WebPage\",\"@id\":\"https:\\\/\\\/wp.kristdemokraterna.se\\\/mjolby\\\/kontakta-oss\\\/fortroendevalda-2014-2018\\\/\",\"url\":\"https:\\\/\\\/wp.kristdemokraterna.se\\\/mjolby\\\/kontakta-oss\\\/fortroendevalda-2014-2018\\\/\",\"name\":\"F\u00f6rtroendevalda 2014-2018 - Mj\u00f6lby\",\"isPartOf\":{\"@id\":\"https:\\\/\\\/wp.kristdemokraterna.se\\\/mjolby\\\/#website\"},\"primaryImageOfPage\":{\"@id\":\"https:\\\/\\\/wp.kristdemokraterna.se\\\/mjolby\\\/kontakta-oss\\\/fortroendevalda-2014-2018\\\/#primaryimage\"},\"image\":{\"@id\":\"https:\\\/\\\/wp.kristdemokraterna.se\\\/mjolby\\\/kontakta-oss\\\/fortroendevalda-2014-2018\\\/#primaryimage\"},\"thumbnailUrl\":\"http:\\\/\\\/wp.kristdemokraterna.se\\\/mjolby\\\/files\\\/2014\\\/05\\\/20140518-170916.jpg\",\"datePublished\":\"2014-09-25T10:13:46+00:00\",\"dateModified\":\"2018-07-23T17:28:04+00:00\",\"breadcrumb\":{\"@id\":\"https:\\\/\\\/wp.kristdemokraterna.se\\\/mjolby\\\/kontakta-oss\\\/fortroendevalda-2014-2018\\\/#breadcrumb\"},\"inLanguage\":\"sv-SE\",\"potentialAction\":[{\"@type\":\"ReadAction\",\"target\":[\"https:\\\/\\\/wp.kristdemokraterna.se\\\/mjolby\\\/kontakta-oss\\\/fortroendevalda-2014-2018\\\/\"]}]},{\"@type\":\"ImageObject\",\"inLanguage\":\"sv-SE\",\"@id\":\"https:\\\/\\\/wp.kristdemokraterna.se\\\/mjolby\\\/kontakta-oss\\\/fortroendevalda-2014-2018\\\/#primaryimage\",\"url\":\"https:\\\/\\\/wp.kristdemokraterna.se\\\/mjolby\\\/files\\\/2014\\\/05\\\/20140518-170916.jpg\",\"contentUrl\":\"https:\\\/\\\/wp.kristdemokraterna.se\\\/mjolby\\\/files\\\/2014\\\/05\\\/20140518-170916.jpg\",\"width\":540,\"height\":361},{\"@type\":\"BreadcrumbList\",\"@id\":\"https:\\\/\\\/wp.kristdemokraterna.se\\\/mjolby\\\/kontakta-oss\\\/fortroendevalda-2014-2018\\\/#breadcrumb\",\"itemListElement\":[{\"@type\":\"ListItem\",\"position\":1,\"name\":\"Hem\",\"item\":\"https:\\\/\\\/wp.kristdemokraterna.se\\\/mjolby\\\/\"},{\"@type\":\"ListItem\",\"position\":2,\"name\":\"Privat: Kontakta oss (2)\",\"item\":\"https:\\\/\\\/wp.kristdemokraterna.se\\\/mjolby\\\/?page_id=8\"},{\"@type\":\"ListItem\",\"position\":3,\"name\":\"F\u00f6rtroendevalda 2014-2018\"}]},{\"@type\":\"WebSite\",\"@id\":\"https:\\\/\\\/wp.kristdemokraterna.se\\\/mjolby\\\/#website\",\"url\":\"https:\\\/\\\/wp.kristdemokraterna.se\\\/mjolby\\\/\",\"name\":\"Mj\u00f6lby\",\"description\":\"Kristdemokraterna\",\"inLanguage\":\"sv-SE\"}]}<\/script>\n<!-- \/ Yoast SEO plugin. -->","yoast_head_json":{"title":"F\u00f6rtroendevalda 2014-2018 - Mj\u00f6lby","robots":{"index":"index","follow":"follow","max-snippet":"max-snippet:-1","max-image-preview":"max-image-preview:large","max-video-preview":"max-video-preview:-1"},"canonical":"https:\/\/wp.kristdemokraterna.se\/mjolby\/kontakta-oss\/fortroendevalda-2014-2018\/","og_locale":"sv_SE","og_type":"article","og_title":"F\u00f6rtroendevalda 2014-2018 - Mj\u00f6lby","og_description":"Mj\u00f6lby kommun 2014-2018 I valet till kommunfullm\u00e4ktige i Mj\u00f6lby 2014 fick Kristdemokraterna 4,31 % av r\u00f6sterna. Det gav oss f\u00f6ljande representation i n\u00e4mnder och styrelser i Mj\u00f6lby kommun f\u00f6r mandatperioden 2014-2018. Kommunfullm\u00e4ktige (t.o.m 14 okt 2018) Tommy Engback, gruppledare, ledamot Therese Gustafsson, ledamot Birger Hagstr\u00f6m, 1:e ers\u00e4ttare Gunvor Grans\u00f6, 2:e ers\u00e4ttare Valberedning (t.o.m 14 okt Read More","og_url":"https:\/\/wp.kristdemokraterna.se\/mjolby\/kontakta-oss\/fortroendevalda-2014-2018\/","og_site_name":"Mj\u00f6lby","article_modified_time":"2018-07-23T17:28:04+00:00","og_image":[{"url":"http:\/\/wp.kristdemokraterna.se\/mjolby\/files\/2014\/05\/20140518-170916.jpg","type":"","width":"","height":""}],"twitter_card":"summary_large_image","twitter_misc":{"Ber\u00e4knad l\u00e4stid":"1 minut"},"schema":{"@context":"https:\/\/schema.org","@graph":[{"@type":"WebPage","@id":"https:\/\/wp.kristdemokraterna.se\/mjolby\/kontakta-oss\/fortroendevalda-2014-2018\/","url":"https:\/\/wp.kristdemokraterna.se\/mjolby\/kontakta-oss\/fortroendevalda-2014-2018\/","name":"F\u00f6rtroendevalda 2014-2018 - Mj\u00f6lby","isPartOf":{"@id":"https:\/\/wp.kristdemokraterna.se\/mjolby\/#website"},"primaryImageOfPage":{"@id":"https:\/\/wp.kristdemokraterna.se\/mjolby\/kontakta-oss\/fortroendevalda-2014-2018\/#primaryimage"},"image":{"@id":"https:\/\/wp.kristdemokraterna.se\/mjolby\/kontakta-oss\/fortroendevalda-2014-2018\/#primaryimage"},"thumbnailUrl":"http:\/\/wp.kristdemokraterna.se\/mjolby\/files\/2014\/05\/20140518-170916.jpg","datePublished":"2014-09-25T10:13:46+00:00","dateModified":"2018-07-23T17:28:04+00:00","breadcrumb":{"@id":"https:\/\/wp.kristdemokraterna.se\/mjolby\/kontakta-oss\/fortroendevalda-2014-2018\/#breadcrumb"},"inLanguage":"sv-SE","potentialAction":[{"@type":"ReadAction","target":["https:\/\/wp.kristdemokraterna.se\/mjolby\/kontakta-oss\/fortroendevalda-2014-2018\/"]}]},{"@type":"ImageObject","inLanguage":"sv-SE","@id":"https:\/\/wp.kristdemokraterna.se\/mjolby\/kontakta-oss\/fortroendevalda-2014-2018\/#primaryimage","url":"https:\/\/wp.kristdemokraterna.se\/mjolby\/files\/2014\/05\/20140518-170916.jpg","contentUrl":"https:\/\/wp.kristdemokraterna.se\/mjolby\/files\/2014\/05\/20140518-170916.jpg","width":540,"height":361},{"@type":"BreadcrumbList","@id":"https:\/\/wp.kristdemokraterna.se\/mjolby\/kontakta-oss\/fortroendevalda-2014-2018\/#breadcrumb","itemListElement":[{"@type":"ListItem","position":1,"name":"Hem","item":"https:\/\/wp.kristdemokraterna.se\/mjolby\/"},{"@type":"ListItem","position":2,"name":"Privat: Kontakta oss (2)","item":"https:\/\/wp.kristdemokraterna.se\/mjolby\/?page_id=8"},{"@type":"ListItem","position":3,"name":"F\u00f6rtroendevalda 2014-2018"}]},{"@type":"WebSite","@id":"https:\/\/wp.kristdemokraterna.se\/mjolby\/#website","url":"https:\/\/wp.kristdemokraterna.se\/mjolby\/","name":"Mj\u00f6lby","description":"Kristdemokraterna","inLanguage":"sv-SE"}]}},"_links":{"self":[{"href":"https:\/\/wp.kristdemokraterna.se\/mjolby\/wp-json\/wp\/v2\/pages\/1240","targetHints":{"allow":["GET"]}}],"collection":[{"href":"https:\/\/wp.kristdemokraterna.se\/mjolby\/wp-json\/wp\/v2\/pages"}],"about":[{"href":"https:\/\/wp.kristdemokraterna.se\/mjolby\/wp-json\/wp\/v2\/types\/page"}],"author":[{"embeddable":true,"href":"https:\/\/wp.kristdemokraterna.se\/mjolby\/wp-json\/wp\/v2\/users\/433"}],"replies":[{"embeddable":true,"href":"https:\/\/wp.kristdemokraterna.se\/mjolby\/wp-json\/wp\/v2\/comments?post=1240"}],"version-history":[{"count":19,"href":"https:\/\/wp.kristdemokraterna.se\/mjolby\/wp-json\/wp\/v2\/pages\/1240\/revisions"}],"predecessor-version":[{"id":1575,"href":"https:\/\/wp.kristdemokraterna.se\/mjolby\/wp-json\/wp\/v2\/pages\/1240\/revisions\/1575"}],"up":[{"embeddable":true,"href":"https:\/\/wp.kristdemokraterna.se\/mjolby\/wp-json\/wp\/v2\/pages\/8"}],"wp:attachment":[{"href":"https:\/\/wp.kristdemokraterna.se\/mjolby\/wp-json\/wp\/v2\/media?parent=1240"}],"curies":[{"name":"wp","href":"https:\/\/api.w.org\/{rel}","templated":true}]}}