{"id":1297,"date":"2014-12-19T17:07:23","date_gmt":"2014-12-19T16:07:23","guid":{"rendered":"http:\/\/wp.kristdemokraterna.se\/mjolby\/?page_id=1297"},"modified":"2016-02-08T11:51:35","modified_gmt":"2016-02-08T10:51:35","slug":"kalendarium-2015","status":"publish","type":"page","link":"https:\/\/wp.kristdemokraterna.se\/mjolby\/kalendarium-2015\/","title":{"rendered":"Kalendarium 2015"},"content":{"rendered":"<div><\/div>\n<div>\n<table>\n<tbody>\n<tr>\n<td>\n<div><strong>Januari<\/strong><\/div>\n<\/td>\n<\/tr>\n<tr>\n<td>\n<div>??:e &#8211; Styrelsem\u00f6te<\/div>\n<\/td>\n<\/tr>\n<\/tbody>\n<\/table>\n<\/div>\n<div>\n<table>\n<tbody>\n<tr>\n<td>\n<div><strong>Februari<\/strong><\/div>\n<\/td>\n<\/tr>\n<tr>\n<td>\n<div>7:e &#8211; 15:00 \u00c5rsm\u00f6te f\u00f6r Kristdemokraterna i Mj\u00f6lby (<em>Bondegatan 13 B, Mj\u00f6lby<\/em>)<br \/>\n10:e &#8211; 19:00 Kommunfullm\u00e4ktige, Stadshuset, Mj\u00f6lby<br \/>\n21-22:e &#8211; Kommun- och landstingsdagar i \u00d6rebro (<a href=\"http:\/\/www.kommundagarna.kristdemokraterna.se\/\" target=\"_blank\">&gt;&gt;<\/a>)\u00a0 <span style=\"color: #ff0000\">OBS!<\/span><em> \u00e4ndrat datum<\/em><\/div>\n<\/td>\n<\/tr>\n<\/tbody>\n<\/table>\n<\/div>\n<div>\n<table>\n<tbody>\n<tr>\n<td>\n<div><strong>Mars<\/strong><\/div>\n<\/td>\n<\/tr>\n<tr>\n<td>12:e &#8211; 18:00 \u00c5rsm\u00f6te f\u00f6r Studieorg. Framtidsbildarna, Link\u00f6ping<br \/>\n21:e \u2013 09:30-16:00 V\u00e5rst\u00e4mma f\u00f6r KD \u00d6sterg\u00f6tland<br \/>\n24:e &#8211; 19:00 Kommunfullm\u00e4ktige, Stadshuset, Mj\u00f6lby<\/td>\n<\/tr>\n<\/tbody>\n<\/table>\n<\/div>\n<div>\n<table>\n<tbody>\n<tr>\n<td><strong>April<\/strong><\/td>\n<\/tr>\n<tr>\n<td>\n<div>28:e &#8211; 19:00 Kommunfullm\u00e4ktige, Stadshuset, Mj\u00f6lby<\/div>\n<\/td>\n<\/tr>\n<\/tbody>\n<\/table>\n<\/div>\n<div>\n<table>\n<tbody>\n<tr>\n<td>\n<div><strong>Maj<\/strong><\/div>\n<\/td>\n<\/tr>\n<tr>\n<td>\n<div>26:e &#8211; 19:00 Kommunfullm\u00e4ktige, Stadshuset, Mj\u00f6lby<\/div>\n<\/td>\n<\/tr>\n<\/tbody>\n<\/table>\n<\/div>\n<table>\n<tbody>\n<tr>\n<td>\n<div><strong>Juni<\/strong><\/div>\n<\/td>\n<\/tr>\n<tr>\n<td>16:e &#8211; 13:30 Kommunfullm\u00e4ktige, Stadshuset, Mj\u00f6lby<\/td>\n<\/tr>\n<\/tbody>\n<\/table>\n<table>\n<tbody>\n<tr>\n<td>\n<div><strong>Juli<\/strong><\/div>\n<\/td>\n<\/tr>\n<tr>\n<td>??:e &#8211; Broarnas dag, Mj\u00f6lby<\/td>\n<\/tr>\n<\/tbody>\n<\/table>\n<table>\n<tbody>\n<tr>\n<td><strong>Augusti<\/strong><\/td>\n<\/tr>\n<tr>\n<td>\n<div>25:e &#8211; 19:00 Kommunfullm\u00e4ktige, Stadshuset, Mj\u00f6lby<\/div>\n<\/td>\n<\/tr>\n<\/tbody>\n<\/table>\n<table>\n<tbody>\n<tr>\n<td><strong>September<\/strong><\/td>\n<\/tr>\n<tr>\n<td>\n<div>\n<div id=\"ctl00_MainBodyRegion_ctl00_StreetAddressDiv\">22:e &#8211; 19:00 Kommunfullm\u00e4ktige, Stadshuset, Mj\u00f6lby<\/div>\n<\/div>\n<\/td>\n<\/tr>\n<\/tbody>\n<\/table>\n<table>\n<tbody>\n<tr>\n<td><strong>Oktober<\/strong><\/td>\n<\/tr>\n<tr>\n<td>\n<div>20:e &#8211; 19:00 Kommunfullm\u00e4ktige, Stadshuset, Mj\u00f6lby<\/div>\n<\/td>\n<\/tr>\n<\/tbody>\n<\/table>\n<div>\n<table>\n<tbody>\n<tr>\n<td><strong>November<\/strong><\/td>\n<\/tr>\n<tr>\n<td>\n<div>17:e &#8211; 19:00 Kommunfullm\u00e4ktige, Stadshuset, Mj\u00f6lby<br \/>\n21:e &#8211; 12:00-21:00 Regional kommun- o landstingsdag med h\u00f6stfest o h\u00f6stst\u00e4mma\u00a0f\u00f6r KD \u00d6sterg\u00f6tland<\/div>\n<\/td>\n<\/tr>\n<\/tbody>\n<\/table>\n<\/div>\n<table>\n<tbody>\n<tr>\n<td><strong>December<\/strong><\/td>\n<\/tr>\n<tr>\n<td>15:e &#8211; 19:00 Kommunfullm\u00e4ktige, Stadshuset, Mj\u00f6lby<br \/>\n&#8212;&#8212;&#8212;&#8212;<br \/>\n<strong>Februari 2016<\/strong><br \/>\n6:e &#8211; \u00c5rsm\u00f6te f\u00f6r Kristdemokraterna i Mj\u00f6lby<\/td>\n<\/tr>\n<\/tbody>\n<\/table>\n<div align=\"center\">\n<div>\n<table>\n<tbody>\n<tr>\n<td>\n<p align=\"center\"><em><span style=\"color: #ff0000\">Reservation f\u00f6r \u00e4ndringar och dyl<\/span>.<\/em><\/p>\n<\/td>\n<\/tr>\n<\/tbody>\n<\/table>\n<\/div>\n<div>| <a href=\"http:\/\/wp.kristdemokraterna.se\/mjolby\/kalendarium-2016\/\">2016<\/a> &lt;&lt; <strong>2015<\/strong> &gt;&gt; <a title=\"Kalendarium 2014\" href=\"http:\/\/wp.kristdemokraterna.se\/mjolby\/kalendarium-2014\/\">2014<\/a> |<\/div>\n<\/div>\n","protected":false},"excerpt":{"rendered":"<p>Januari ??:e &#8211; Styrelsem\u00f6te Februari 7:e &#8211; 15:00 \u00c5rsm\u00f6te f\u00f6r Kristdemokraterna i Mj\u00f6lby (Bondegatan 13 B, Mj\u00f6lby) 10:e &#8211; 19:00 Kommunfullm\u00e4ktige, Stadshuset, Mj\u00f6lby 21-22:e &#8211; Kommun- och landstingsdagar i \u00d6rebro (&gt;&gt;)\u00a0 OBS! \u00e4ndrat datum Mars 12:e &#8211; 18:00 \u00c5rsm\u00f6te f\u00f6r Studieorg. Framtidsbildarna, Link\u00f6ping 21:e \u2013 09:30-16:00 V\u00e5rst\u00e4mma f\u00f6r KD \u00d6sterg\u00f6tland 24:e &#8211; 19:00 Kommunfullm\u00e4ktige, Stadshuset, <a class=\"read-more-link\" href=\"https:\/\/wp.kristdemokraterna.se\/mjolby\/kalendarium-2015\/\">Read More<\/a><\/p>\n","protected":false},"author":433,"featured_media":0,"parent":0,"menu_order":0,"comment_status":"closed","ping_status":"closed","template":"","meta":{"_acf_changed":false,"footnotes":""},"class_list":["post-1297","page","type-page","status-publish","hentry"],"acf":[],"yoast_head":"<!-- This site is optimized with the Yoast SEO plugin v27.3 - https:\/\/yoast.com\/product\/yoast-seo-wordpress\/ -->\n<title>Kalendarium 2015 - Mj\u00f6lby<\/title>\n<meta name=\"robots\" content=\"index, follow, max-snippet:-1, max-image-preview:large, max-video-preview:-1\" \/>\n<link rel=\"canonical\" href=\"https:\/\/wp.kristdemokraterna.se\/mjolby\/kalendarium-2015\/\" \/>\n<meta property=\"og:locale\" content=\"sv_SE\" \/>\n<meta property=\"og:type\" content=\"article\" \/>\n<meta property=\"og:title\" content=\"Kalendarium 2015 - Mj\u00f6lby\" \/>\n<meta property=\"og:description\" content=\"Januari ??:e &#8211; Styrelsem\u00f6te Februari 7:e &#8211; 15:00 \u00c5rsm\u00f6te f\u00f6r Kristdemokraterna i Mj\u00f6lby (Bondegatan 13 B, Mj\u00f6lby) 10:e &#8211; 19:00 Kommunfullm\u00e4ktige, Stadshuset, Mj\u00f6lby 21-22:e &#8211; Kommun- och landstingsdagar i \u00d6rebro (&gt;&gt;)\u00a0 OBS! \u00e4ndrat datum Mars 12:e &#8211; 18:00 \u00c5rsm\u00f6te f\u00f6r Studieorg. Framtidsbildarna, Link\u00f6ping 21:e \u2013 09:30-16:00 V\u00e5rst\u00e4mma f\u00f6r KD \u00d6sterg\u00f6tland 24:e &#8211; 19:00 Kommunfullm\u00e4ktige, Stadshuset, Read More\" \/>\n<meta property=\"og:url\" content=\"https:\/\/wp.kristdemokraterna.se\/mjolby\/kalendarium-2015\/\" \/>\n<meta property=\"og:site_name\" content=\"Mj\u00f6lby\" \/>\n<meta property=\"article:modified_time\" content=\"2016-02-08T10:51:35+00:00\" \/>\n<meta name=\"twitter:card\" content=\"summary_large_image\" \/>\n<meta name=\"twitter:label1\" content=\"Ber\u00e4knad l\u00e4stid\" \/>\n\t<meta name=\"twitter:data1\" content=\"1 minut\" \/>\n<script type=\"application\/ld+json\" class=\"yoast-schema-graph\">{\"@context\":\"https:\\\/\\\/schema.org\",\"@graph\":[{\"@type\":\"WebPage\",\"@id\":\"https:\\\/\\\/wp.kristdemokraterna.se\\\/mjolby\\\/kalendarium-2015\\\/\",\"url\":\"https:\\\/\\\/wp.kristdemokraterna.se\\\/mjolby\\\/kalendarium-2015\\\/\",\"name\":\"Kalendarium 2015 - Mj\u00f6lby\",\"isPartOf\":{\"@id\":\"https:\\\/\\\/wp.kristdemokraterna.se\\\/mjolby\\\/#website\"},\"datePublished\":\"2014-12-19T16:07:23+00:00\",\"dateModified\":\"2016-02-08T10:51:35+00:00\",\"breadcrumb\":{\"@id\":\"https:\\\/\\\/wp.kristdemokraterna.se\\\/mjolby\\\/kalendarium-2015\\\/#breadcrumb\"},\"inLanguage\":\"sv-SE\",\"potentialAction\":[{\"@type\":\"ReadAction\",\"target\":[\"https:\\\/\\\/wp.kristdemokraterna.se\\\/mjolby\\\/kalendarium-2015\\\/\"]}]},{\"@type\":\"BreadcrumbList\",\"@id\":\"https:\\\/\\\/wp.kristdemokraterna.se\\\/mjolby\\\/kalendarium-2015\\\/#breadcrumb\",\"itemListElement\":[{\"@type\":\"ListItem\",\"position\":1,\"name\":\"Hem\",\"item\":\"https:\\\/\\\/wp.kristdemokraterna.se\\\/mjolby\\\/\"},{\"@type\":\"ListItem\",\"position\":2,\"name\":\"Kalendarium 2015\"}]},{\"@type\":\"WebSite\",\"@id\":\"https:\\\/\\\/wp.kristdemokraterna.se\\\/mjolby\\\/#website\",\"url\":\"https:\\\/\\\/wp.kristdemokraterna.se\\\/mjolby\\\/\",\"name\":\"Mj\u00f6lby\",\"description\":\"Kristdemokraterna\",\"inLanguage\":\"sv-SE\"}]}<\/script>\n<!-- \/ Yoast SEO plugin. -->","yoast_head_json":{"title":"Kalendarium 2015 - Mj\u00f6lby","robots":{"index":"index","follow":"follow","max-snippet":"max-snippet:-1","max-image-preview":"max-image-preview:large","max-video-preview":"max-video-preview:-1"},"canonical":"https:\/\/wp.kristdemokraterna.se\/mjolby\/kalendarium-2015\/","og_locale":"sv_SE","og_type":"article","og_title":"Kalendarium 2015 - Mj\u00f6lby","og_description":"Januari ??:e &#8211; Styrelsem\u00f6te Februari 7:e &#8211; 15:00 \u00c5rsm\u00f6te f\u00f6r Kristdemokraterna i Mj\u00f6lby (Bondegatan 13 B, Mj\u00f6lby) 10:e &#8211; 19:00 Kommunfullm\u00e4ktige, Stadshuset, Mj\u00f6lby 21-22:e &#8211; Kommun- och landstingsdagar i \u00d6rebro (&gt;&gt;)\u00a0 OBS! \u00e4ndrat datum Mars 12:e &#8211; 18:00 \u00c5rsm\u00f6te f\u00f6r Studieorg. Framtidsbildarna, Link\u00f6ping 21:e \u2013 09:30-16:00 V\u00e5rst\u00e4mma f\u00f6r KD \u00d6sterg\u00f6tland 24:e &#8211; 19:00 Kommunfullm\u00e4ktige, Stadshuset, Read More","og_url":"https:\/\/wp.kristdemokraterna.se\/mjolby\/kalendarium-2015\/","og_site_name":"Mj\u00f6lby","article_modified_time":"2016-02-08T10:51:35+00:00","twitter_card":"summary_large_image","twitter_misc":{"Ber\u00e4knad l\u00e4stid":"1 minut"},"schema":{"@context":"https:\/\/schema.org","@graph":[{"@type":"WebPage","@id":"https:\/\/wp.kristdemokraterna.se\/mjolby\/kalendarium-2015\/","url":"https:\/\/wp.kristdemokraterna.se\/mjolby\/kalendarium-2015\/","name":"Kalendarium 2015 - Mj\u00f6lby","isPartOf":{"@id":"https:\/\/wp.kristdemokraterna.se\/mjolby\/#website"},"datePublished":"2014-12-19T16:07:23+00:00","dateModified":"2016-02-08T10:51:35+00:00","breadcrumb":{"@id":"https:\/\/wp.kristdemokraterna.se\/mjolby\/kalendarium-2015\/#breadcrumb"},"inLanguage":"sv-SE","potentialAction":[{"@type":"ReadAction","target":["https:\/\/wp.kristdemokraterna.se\/mjolby\/kalendarium-2015\/"]}]},{"@type":"BreadcrumbList","@id":"https:\/\/wp.kristdemokraterna.se\/mjolby\/kalendarium-2015\/#breadcrumb","itemListElement":[{"@type":"ListItem","position":1,"name":"Hem","item":"https:\/\/wp.kristdemokraterna.se\/mjolby\/"},{"@type":"ListItem","position":2,"name":"Kalendarium 2015"}]},{"@type":"WebSite","@id":"https:\/\/wp.kristdemokraterna.se\/mjolby\/#website","url":"https:\/\/wp.kristdemokraterna.se\/mjolby\/","name":"Mj\u00f6lby","description":"Kristdemokraterna","inLanguage":"sv-SE"}]}},"_links":{"self":[{"href":"https:\/\/wp.kristdemokraterna.se\/mjolby\/wp-json\/wp\/v2\/pages\/1297","targetHints":{"allow":["GET"]}}],"collection":[{"href":"https:\/\/wp.kristdemokraterna.se\/mjolby\/wp-json\/wp\/v2\/pages"}],"about":[{"href":"https:\/\/wp.kristdemokraterna.se\/mjolby\/wp-json\/wp\/v2\/types\/page"}],"author":[{"embeddable":true,"href":"https:\/\/wp.kristdemokraterna.se\/mjolby\/wp-json\/wp\/v2\/users\/433"}],"replies":[{"embeddable":true,"href":"https:\/\/wp.kristdemokraterna.se\/mjolby\/wp-json\/wp\/v2\/comments?post=1297"}],"version-history":[{"count":9,"href":"https:\/\/wp.kristdemokraterna.se\/mjolby\/wp-json\/wp\/v2\/pages\/1297\/revisions"}],"predecessor-version":[{"id":1366,"href":"https:\/\/wp.kristdemokraterna.se\/mjolby\/wp-json\/wp\/v2\/pages\/1297\/revisions\/1366"}],"wp:attachment":[{"href":"https:\/\/wp.kristdemokraterna.se\/mjolby\/wp-json\/wp\/v2\/media?parent=1297"}],"curies":[{"name":"wp","href":"https:\/\/api.w.org\/{rel}","templated":true}]}}