{"id":1347,"date":"2016-02-06T22:00:27","date_gmt":"2016-02-06T21:00:27","guid":{"rendered":"http:\/\/wp.kristdemokraterna.se\/mjolby\/?page_id=1347"},"modified":"2016-02-08T11:52:22","modified_gmt":"2016-02-08T10:52:22","slug":"kalendarium-2016","status":"publish","type":"page","link":"https:\/\/wp.kristdemokraterna.se\/mjolby\/kalendarium-2016\/","title":{"rendered":"Kalendarium 2016"},"content":{"rendered":"<div><\/div>\n<div>\n<table>\n<tbody>\n<tr>\n<td>\n<div><strong>Januari<\/strong><\/div>\n<\/td>\n<\/tr>\n<tr>\n<td>\n<div>11:e &#8211; Styrelsem\u00f6te, Mantorp<br \/>\n30:e &#8211; 09:30-16:00 KD Riks Regional utbildning, \u00d6rebro<\/div>\n<\/td>\n<\/tr>\n<\/tbody>\n<\/table>\n<\/div>\n<div>\n<table>\n<tbody>\n<tr>\n<td>\n<div><strong>Februari<\/strong><\/div>\n<\/td>\n<\/tr>\n<tr>\n<td>\n<div>4:e &#8211; Fullm\u00e4ktigegruppen, Stadshuset, Mj\u00f6lby<br \/>\n6:e &#8211; 15:00 \u00c5rsm\u00f6te f\u00f6r Kristdemokraterna i Mj\u00f6lby (<em>Bondegatan 13 B, Mj\u00f6lby<\/em>)<br \/>\n9:e &#8211; <span style=\"color: #000000\">19:00 <\/span>Kommunfullm\u00e4ktige, Stadshuset, Mj\u00f6lby\u00a0(<a href=\"http:\/\/mjolby.se\/25639.html\" target=\"_blank\"><u><span style=\"color: #0066cc\">&gt;&gt;<\/span><\/u><\/a>)<br \/>\n20:e &#8211; Medlemsm\u00f6te, Himmelsby G\u00e5rdshotell, Mantorp<\/div>\n<\/td>\n<\/tr>\n<\/tbody>\n<\/table>\n<\/div>\n<div>\n<table>\n<tbody>\n<tr>\n<td>\n<div><strong>Mars<\/strong><\/div>\n<\/td>\n<\/tr>\n<tr>\n<td>4:e &#8211; 18:00-21:00 Studieorg. Framtidsbildarnas utbildning, Link\u00f6ping<br \/>\n5:e &#8211; 09:00-15:00 Studieorg. Framtidsbildarnas utbildning, Link\u00f6ping<br \/>\n10:e &#8211; 18:00 \u00c5rsm\u00f6te f\u00f6r Studieorg. Framtidsbildarna, Link\u00f6ping<br \/>\n17:e &#8211; Fullm\u00e4ktigegruppen, Stadshuset, Mj\u00f6lby<br \/>\n17:e &#8211; 17:00 Partidistrikts\u00e5rsm\u00f6te \u201d<em>f.d v\u00e5rst\u00e4mman<\/em>\u201d f\u00f6r KD \u00d6sterg\u00f6tland, Norrk\u00f6ping\u00a0(Plats:\u00a0Kv Rosen, Tr\u00e4dg\u00e5rdsg. 21, Norrk\u00f6ping)<br \/>\n21:e &#8211; Styrelsem\u00f6te och gruppm\u00f6te<br \/>\n22:e &#8211; 19:00 Kommunfullm\u00e4ktige, Stadshuset, Mj\u00f6lby (<a href=\"http:\/\/mjolby.se\/25639.html\" target=\"_blank\">&gt;&gt;<\/a>)<\/td>\n<\/tr>\n<\/tbody>\n<\/table>\n<\/div>\n<div>\n<table>\n<tbody>\n<tr>\n<td><strong>April<\/strong><\/td>\n<\/tr>\n<tr>\n<td>\n<div>8-9:e &#8211; Kommun- och landstingsdagar i\u00a0V\u00e4ster\u00e5s (<a href=\"http:\/\/www.kommundagarna.kristdemokraterna.se\/\" target=\"_blank\"><u><span style=\"color: #0066cc\">&gt;&gt;<\/span><\/u><\/a>)<br \/>\n13:e &#8211; 18:00 Studieorg. Framtidsbildarnas NAVET utbildning, Link\u00f6ping<br \/>\n18:e &#8211; Styrelsem\u00f6te och gruppm\u00f6te<br \/>\n21:e &#8211; Fullm\u00e4ktigegruppen, Stadshuset, Mj\u00f6lby<br \/>\n25:e &#8211; Gemensamt medlemsm\u00f6te, Motala<br \/>\n26:e &#8211; 19:00 Kommunfullm\u00e4ktige, Stadshuset, Mj\u00f6lby\u00a0(<a href=\"http:\/\/mjolby.se\/25639.html\" target=\"_blank\"><u><span style=\"color: #0066cc\">&gt;&gt;<\/span><\/u><\/a>)<\/div>\n<\/td>\n<\/tr>\n<\/tbody>\n<\/table>\n<\/div>\n<div>\n<table>\n<tbody>\n<tr>\n<td>\n<div><strong>Maj<\/strong><\/div>\n<\/td>\n<\/tr>\n<tr>\n<td>\n<div>14-15:e &#8211; Studieorg. Framtidsbildarnas Kulturhelg i J\u00f6nk\u00f6ping<br \/>\n18:e &#8211; Styrelsem\u00f6te och gruppm\u00f6te<br \/>\n19:e &#8211; Fullm\u00e4ktigegruppen, Stadshuset, Mj\u00f6lby<br \/>\n19:e &#8211; 19:00 KD \u00d6sterg\u00f6tland M\u00f6te med partiavdelningsordf\u00f6randena, Link\u00f6ping<br \/>\n24:e &#8211; 19:00 Kommunfullm\u00e4ktige, Stadshuset, Mj\u00f6lby\u00a0(<a href=\"http:\/\/mjolby.se\/25639.html\" target=\"_blank\"><u><span style=\"color: #0066cc\">&gt;&gt;<\/span><\/u><\/a>)<\/div>\n<\/td>\n<\/tr>\n<\/tbody>\n<\/table>\n<\/div>\n<table>\n<tbody>\n<tr>\n<td>\n<div><strong>Juni<\/strong><\/div>\n<\/td>\n<\/tr>\n<tr>\n<td>9:e &#8211; Fullm\u00e4ktigegruppen, Stadshuset, Mj\u00f6lby<br \/>\n14:e &#8211; Kommunfullm\u00e4ktige, Stadshuset, Mj\u00f6lby\u00a0(<a href=\"http:\/\/mjolby.se\/25639.html\" target=\"_blank\"><u><span style=\"color: #0066cc\">&gt;&gt;<\/span><\/u><\/a>)<br \/>\n20:e &#8211; Styrelsem\u00f6te och gruppm\u00f6te<br \/>\n??:e &#8211; Broarnas dag, Mj\u00f6lby<\/td>\n<\/tr>\n<\/tbody>\n<\/table>\n<table>\n<tbody>\n<tr>\n<td>\n<div><strong>Juli<\/strong><\/div>\n<\/td>\n<\/tr>\n<tr>\n<td>6:e \u2013 Kristdemokraterna\u2019s dag p\u00e5 Almedalsveckan, Visby (<a href=\"http:\/\/www.kristdemokraterna.se\/almedalen\" target=\"_blank\"><u>L\u00e4s mer<\/u><\/a>) (<a href=\"http:\/\/www.almedalsveckan.info\/\" target=\"_blank\"><u>&gt;&gt;<\/u><\/a>)<\/td>\n<\/tr>\n<\/tbody>\n<\/table>\n<table>\n<tbody>\n<tr>\n<td><strong>Augusti<\/strong><\/td>\n<\/tr>\n<tr>\n<td>\n<div>25:e &#8211; Fullm\u00e4ktigegruppen, Stadshuset, Mj\u00f6lby<br \/>\n29:e &#8211; Styrelsem\u00f6te och gruppm\u00f6te<br \/>\n30:e &#8211; 19:00 Kommunfullm\u00e4ktige, Stadshuset, Mj\u00f6lby\u00a0(<a href=\"http:\/\/mjolby.se\/25639.html\" target=\"_blank\"><u><span style=\"color: #0066cc\">&gt;&gt;<\/span><\/u><\/a>)<\/div>\n<\/td>\n<\/tr>\n<\/tbody>\n<\/table>\n<table>\n<tbody>\n<tr>\n<td><strong>September<\/strong><\/td>\n<\/tr>\n<tr>\n<td>\n<div>\n<div id=\"ctl00_MainBodyRegion_ctl00_StreetAddressDiv\">15:e &#8211; Fullm\u00e4ktigegruppen, Stadshuset, Mj\u00f6lby<br \/>\n17:e &#8211; Studieorg. Framtidsbildarnas Ideologidag, Link\u00f6ping<br \/>\n19:e &#8211; Styrelsem\u00f6te och gruppm\u00f6te<br \/>\n20:e &#8211; 19:00 Kommunfullm\u00e4ktige, Stadshuset, Mj\u00f6lby\u00a0(<a href=\"http:\/\/mjolby.se\/25639.html\" target=\"_blank\"><u><span style=\"color: #0066cc\">&gt;&gt;<\/span><\/u><\/a>)<\/div>\n<\/div>\n<\/td>\n<\/tr>\n<\/tbody>\n<\/table>\n<table>\n<tbody>\n<tr>\n<td><strong>Oktober<\/strong><\/td>\n<\/tr>\n<tr>\n<td>\n<div>13:e &#8211; Fullm\u00e4ktigegruppen, Stadshuset, Mj\u00f6lby<br \/>\n18:e &#8211; 19:00 Kommunfullm\u00e4ktige, Stadshuset, Mj\u00f6lby\u00a0(<a href=\"http:\/\/mjolby.se\/25639.html\" target=\"_blank\"><u><span style=\"color: #0066cc\">&gt;&gt;<\/span><\/u><\/a>)<br \/>\n24:e &#8211; Styrelsem\u00f6te och gruppm\u00f6te<\/div>\n<\/td>\n<\/tr>\n<\/tbody>\n<\/table>\n<div>\n<table>\n<tbody>\n<tr>\n<td><strong>November<\/strong><\/td>\n<\/tr>\n<tr>\n<td>\n<div>10:e &#8211; Fullm\u00e4ktigegruppen, Stadshuset, Mj\u00f6lby<br \/>\n15:e &#8211; 19:00 Kommunfullm\u00e4ktige, Stadshuset, Mj\u00f6lby\u00a0(<a href=\"http:\/\/mjolby.se\/25639.html\" target=\"_blank\"><u><span style=\"color: #0066cc\">&gt;&gt;<\/span><\/u><\/a>)<br \/>\n19:e &#8211; 12:00-21:00 Regiondag med extra \u00e5rsm\u00f6te \u201df.d h\u00f6stst\u00e4mma\u201d o fest f\u00f6r KD \u00d6sterg\u00f6tland<br \/>\n21:e &#8211; Styrelsem\u00f6te och gruppm\u00f6te<\/div>\n<\/td>\n<\/tr>\n<\/tbody>\n<\/table>\n<\/div>\n<table>\n<tbody>\n<tr>\n<td><strong>December<\/strong><\/td>\n<\/tr>\n<tr>\n<td>15:e &#8211; Fullm\u00e4ktigegruppen, Stadshuset, Mj\u00f6lby<br \/>\n19:e &#8211; Styrelsem\u00f6te och gruppm\u00f6te<br \/>\n20:e &#8211; Kommunfullm\u00e4ktige, Stadshuset, Mj\u00f6lby\u00a0(<a href=\"http:\/\/mjolby.se\/25639.html\" target=\"_blank\"><u><span style=\"color: #0066cc\">&gt;&gt;<\/span><\/u><\/a>)<br \/>\n&#8212;&#8212;&#8212;&#8212;<br \/>\n<strong>Februari 2017<\/strong><br \/>\n4:e &#8211; \u00c5rsm\u00f6te f\u00f6r Kristdemokraterna i Mj\u00f6lby<\/td>\n<\/tr>\n<\/tbody>\n<\/table>\n<div align=\"center\">\n<div>\n<table>\n<tbody>\n<tr>\n<td>\n<p align=\"center\"><em><span style=\"color: #ff0000\">Reservation f\u00f6r \u00e4ndringar och dyl<\/span>.<\/em><\/p>\n<\/td>\n<\/tr>\n<\/tbody>\n<\/table>\n<\/div>\n<div>| 2017 &lt;&lt; <strong>2016<\/strong> &gt;&gt; <a href=\"http:\/\/wp.kristdemokraterna.se\/mjolby\/kalendarium-2015\/\">2015<\/a>\u00a0|<\/div>\n<\/div>\n","protected":false},"excerpt":{"rendered":"<p>Januari 11:e &#8211; Styrelsem\u00f6te, Mantorp 30:e &#8211; 09:30-16:00 KD Riks Regional utbildning, \u00d6rebro Februari 4:e &#8211; Fullm\u00e4ktigegruppen, Stadshuset, Mj\u00f6lby 6:e &#8211; 15:00 \u00c5rsm\u00f6te f\u00f6r Kristdemokraterna i Mj\u00f6lby (Bondegatan 13 B, Mj\u00f6lby) 9:e &#8211; 19:00 Kommunfullm\u00e4ktige, Stadshuset, Mj\u00f6lby\u00a0(&gt;&gt;) 20:e &#8211; Medlemsm\u00f6te, Himmelsby G\u00e5rdshotell, Mantorp Mars 4:e &#8211; 18:00-21:00 Studieorg. Framtidsbildarnas utbildning, Link\u00f6ping 5:e &#8211; 09:00-15:00 Studieorg. <a class=\"read-more-link\" href=\"https:\/\/wp.kristdemokraterna.se\/mjolby\/kalendarium-2016\/\">Read More<\/a><\/p>\n","protected":false},"author":433,"featured_media":0,"parent":0,"menu_order":0,"comment_status":"closed","ping_status":"closed","template":"","meta":{"_acf_changed":false,"footnotes":""},"class_list":["post-1347","page","type-page","status-publish","hentry"],"acf":[],"yoast_head":"<!-- This site is optimized with the Yoast SEO plugin v27.3 - https:\/\/yoast.com\/product\/yoast-seo-wordpress\/ -->\n<title>Kalendarium 2016 - Mj\u00f6lby<\/title>\n<meta name=\"robots\" content=\"index, follow, max-snippet:-1, max-image-preview:large, max-video-preview:-1\" \/>\n<link rel=\"canonical\" href=\"https:\/\/wp.kristdemokraterna.se\/mjolby\/kalendarium-2016\/\" \/>\n<meta property=\"og:locale\" content=\"sv_SE\" \/>\n<meta property=\"og:type\" content=\"article\" \/>\n<meta property=\"og:title\" content=\"Kalendarium 2016 - Mj\u00f6lby\" \/>\n<meta property=\"og:description\" content=\"Januari 11:e &#8211; Styrelsem\u00f6te, Mantorp 30:e &#8211; 09:30-16:00 KD Riks Regional utbildning, \u00d6rebro Februari 4:e &#8211; Fullm\u00e4ktigegruppen, Stadshuset, Mj\u00f6lby 6:e &#8211; 15:00 \u00c5rsm\u00f6te f\u00f6r Kristdemokraterna i Mj\u00f6lby (Bondegatan 13 B, Mj\u00f6lby) 9:e &#8211; 19:00 Kommunfullm\u00e4ktige, Stadshuset, Mj\u00f6lby\u00a0(&gt;&gt;) 20:e &#8211; Medlemsm\u00f6te, Himmelsby G\u00e5rdshotell, Mantorp Mars 4:e &#8211; 18:00-21:00 Studieorg. Framtidsbildarnas utbildning, Link\u00f6ping 5:e &#8211; 09:00-15:00 Studieorg. Read More\" \/>\n<meta property=\"og:url\" content=\"https:\/\/wp.kristdemokraterna.se\/mjolby\/kalendarium-2016\/\" \/>\n<meta property=\"og:site_name\" content=\"Mj\u00f6lby\" \/>\n<meta property=\"article:modified_time\" content=\"2016-02-08T10:52:22+00:00\" \/>\n<meta name=\"twitter:card\" content=\"summary_large_image\" \/>\n<meta name=\"twitter:label1\" content=\"Ber\u00e4knad l\u00e4stid\" \/>\n\t<meta name=\"twitter:data1\" content=\"2 minuter\" \/>\n<script type=\"application\/ld+json\" class=\"yoast-schema-graph\">{\"@context\":\"https:\\\/\\\/schema.org\",\"@graph\":[{\"@type\":\"WebPage\",\"@id\":\"https:\\\/\\\/wp.kristdemokraterna.se\\\/mjolby\\\/kalendarium-2016\\\/\",\"url\":\"https:\\\/\\\/wp.kristdemokraterna.se\\\/mjolby\\\/kalendarium-2016\\\/\",\"name\":\"Kalendarium 2016 - Mj\u00f6lby\",\"isPartOf\":{\"@id\":\"https:\\\/\\\/wp.kristdemokraterna.se\\\/mjolby\\\/#website\"},\"datePublished\":\"2016-02-06T21:00:27+00:00\",\"dateModified\":\"2016-02-08T10:52:22+00:00\",\"breadcrumb\":{\"@id\":\"https:\\\/\\\/wp.kristdemokraterna.se\\\/mjolby\\\/kalendarium-2016\\\/#breadcrumb\"},\"inLanguage\":\"sv-SE\",\"potentialAction\":[{\"@type\":\"ReadAction\",\"target\":[\"https:\\\/\\\/wp.kristdemokraterna.se\\\/mjolby\\\/kalendarium-2016\\\/\"]}]},{\"@type\":\"BreadcrumbList\",\"@id\":\"https:\\\/\\\/wp.kristdemokraterna.se\\\/mjolby\\\/kalendarium-2016\\\/#breadcrumb\",\"itemListElement\":[{\"@type\":\"ListItem\",\"position\":1,\"name\":\"Hem\",\"item\":\"https:\\\/\\\/wp.kristdemokraterna.se\\\/mjolby\\\/\"},{\"@type\":\"ListItem\",\"position\":2,\"name\":\"Kalendarium 2016\"}]},{\"@type\":\"WebSite\",\"@id\":\"https:\\\/\\\/wp.kristdemokraterna.se\\\/mjolby\\\/#website\",\"url\":\"https:\\\/\\\/wp.kristdemokraterna.se\\\/mjolby\\\/\",\"name\":\"Mj\u00f6lby\",\"description\":\"Kristdemokraterna\",\"inLanguage\":\"sv-SE\"}]}<\/script>\n<!-- \/ Yoast SEO plugin. -->","yoast_head_json":{"title":"Kalendarium 2016 - Mj\u00f6lby","robots":{"index":"index","follow":"follow","max-snippet":"max-snippet:-1","max-image-preview":"max-image-preview:large","max-video-preview":"max-video-preview:-1"},"canonical":"https:\/\/wp.kristdemokraterna.se\/mjolby\/kalendarium-2016\/","og_locale":"sv_SE","og_type":"article","og_title":"Kalendarium 2016 - Mj\u00f6lby","og_description":"Januari 11:e &#8211; Styrelsem\u00f6te, Mantorp 30:e &#8211; 09:30-16:00 KD Riks Regional utbildning, \u00d6rebro Februari 4:e &#8211; Fullm\u00e4ktigegruppen, Stadshuset, Mj\u00f6lby 6:e &#8211; 15:00 \u00c5rsm\u00f6te f\u00f6r Kristdemokraterna i Mj\u00f6lby (Bondegatan 13 B, Mj\u00f6lby) 9:e &#8211; 19:00 Kommunfullm\u00e4ktige, Stadshuset, Mj\u00f6lby\u00a0(&gt;&gt;) 20:e &#8211; Medlemsm\u00f6te, Himmelsby G\u00e5rdshotell, Mantorp Mars 4:e &#8211; 18:00-21:00 Studieorg. Framtidsbildarnas utbildning, Link\u00f6ping 5:e &#8211; 09:00-15:00 Studieorg. Read More","og_url":"https:\/\/wp.kristdemokraterna.se\/mjolby\/kalendarium-2016\/","og_site_name":"Mj\u00f6lby","article_modified_time":"2016-02-08T10:52:22+00:00","twitter_card":"summary_large_image","twitter_misc":{"Ber\u00e4knad l\u00e4stid":"2 minuter"},"schema":{"@context":"https:\/\/schema.org","@graph":[{"@type":"WebPage","@id":"https:\/\/wp.kristdemokraterna.se\/mjolby\/kalendarium-2016\/","url":"https:\/\/wp.kristdemokraterna.se\/mjolby\/kalendarium-2016\/","name":"Kalendarium 2016 - Mj\u00f6lby","isPartOf":{"@id":"https:\/\/wp.kristdemokraterna.se\/mjolby\/#website"},"datePublished":"2016-02-06T21:00:27+00:00","dateModified":"2016-02-08T10:52:22+00:00","breadcrumb":{"@id":"https:\/\/wp.kristdemokraterna.se\/mjolby\/kalendarium-2016\/#breadcrumb"},"inLanguage":"sv-SE","potentialAction":[{"@type":"ReadAction","target":["https:\/\/wp.kristdemokraterna.se\/mjolby\/kalendarium-2016\/"]}]},{"@type":"BreadcrumbList","@id":"https:\/\/wp.kristdemokraterna.se\/mjolby\/kalendarium-2016\/#breadcrumb","itemListElement":[{"@type":"ListItem","position":1,"name":"Hem","item":"https:\/\/wp.kristdemokraterna.se\/mjolby\/"},{"@type":"ListItem","position":2,"name":"Kalendarium 2016"}]},{"@type":"WebSite","@id":"https:\/\/wp.kristdemokraterna.se\/mjolby\/#website","url":"https:\/\/wp.kristdemokraterna.se\/mjolby\/","name":"Mj\u00f6lby","description":"Kristdemokraterna","inLanguage":"sv-SE"}]}},"_links":{"self":[{"href":"https:\/\/wp.kristdemokraterna.se\/mjolby\/wp-json\/wp\/v2\/pages\/1347","targetHints":{"allow":["GET"]}}],"collection":[{"href":"https:\/\/wp.kristdemokraterna.se\/mjolby\/wp-json\/wp\/v2\/pages"}],"about":[{"href":"https:\/\/wp.kristdemokraterna.se\/mjolby\/wp-json\/wp\/v2\/types\/page"}],"author":[{"embeddable":true,"href":"https:\/\/wp.kristdemokraterna.se\/mjolby\/wp-json\/wp\/v2\/users\/433"}],"replies":[{"embeddable":true,"href":"https:\/\/wp.kristdemokraterna.se\/mjolby\/wp-json\/wp\/v2\/comments?post=1347"}],"version-history":[{"count":17,"href":"https:\/\/wp.kristdemokraterna.se\/mjolby\/wp-json\/wp\/v2\/pages\/1347\/revisions"}],"predecessor-version":[{"id":1349,"href":"https:\/\/wp.kristdemokraterna.se\/mjolby\/wp-json\/wp\/v2\/pages\/1347\/revisions\/1349"}],"wp:attachment":[{"href":"https:\/\/wp.kristdemokraterna.se\/mjolby\/wp-json\/wp\/v2\/media?parent=1347"}],"curies":[{"name":"wp","href":"https:\/\/api.w.org\/{rel}","templated":true}]}}