{"id":1494,"date":"2020-07-09T17:30:59","date_gmt":"2020-07-09T15:30:59","guid":{"rendered":"http:\/\/wp.kristdemokraterna.se\/mjolby\/?page_id=1494"},"modified":"2020-07-09T17:51:25","modified_gmt":"2020-07-09T15:51:25","slug":"stadgar","status":"publish","type":"page","link":"https:\/\/wp.kristdemokraterna.se\/mjolby\/om-oss\/stadgar\/","title":{"rendered":"V\u00e5ra stadgar"},"content":{"rendered":"<p>Stadgar \u00e4r beteckningen p\u00e5 de interna regler som g\u00e4ller f\u00f6r en f\u00f6rening eller en organisation. Stadgarna har framf\u00f6r allt betydelse f\u00f6r det praktiska arbetet i organisationen och f\u00f6r att ge riktlinjer f\u00f6r verksamheten.<\/p>\n<p>Kristdemokraternas stadgar antogs av Kristdemokraternas h\u00f6gsta beslutande organ, rikstinget, \u00e5r 2015 och 2017 och blev sedan reviderade p\u00e5 rikstinget, \u00e5r 2019.<\/p>\n<p>&gt;\u00a0<a href=\"http:\/\/wp.kristdemokraterna.se\/mjolby\/files\/2020\/07\/stadgar_kristdemokraterna_2019.pdf\" target=\"_blank\" rel=\"noopener noreferrer\">stadgar_kristdemokraterna_2019<\/a>\u00a0(pdf)<\/p>\n","protected":false},"excerpt":{"rendered":"<p>Stadgar \u00e4r beteckningen p\u00e5 de interna regler som g\u00e4ller f\u00f6r en f\u00f6rening eller en organisation. Stadgarna har framf\u00f6r allt betydelse f\u00f6r det praktiska arbetet i organisationen och f\u00f6r att ge riktlinjer f\u00f6r verksamheten. Kristdemokraternas stadgar antogs av Kristdemokraternas h\u00f6gsta beslutande organ, rikstinget, \u00e5r 2015 och 2017 och blev sedan reviderade p\u00e5 rikstinget, \u00e5r 2019. &gt;\u00a0stadgar_kristdemokraterna_2019\u00a0(pdf)<\/p>\n","protected":false},"author":433,"featured_media":0,"parent":1485,"menu_order":2,"comment_status":"closed","ping_status":"closed","template":"","meta":{"_acf_changed":false,"footnotes":""},"class_list":["post-1494","page","type-page","status-publish","hentry"],"acf":[],"yoast_head":"<!-- This site is optimized with the Yoast SEO plugin v27.4 - https:\/\/yoast.com\/product\/yoast-seo-wordpress\/ -->\n<title>V\u00e5ra stadgar - Mj\u00f6lby<\/title>\n<meta name=\"robots\" content=\"index, follow, max-snippet:-1, max-image-preview:large, max-video-preview:-1\" \/>\n<link rel=\"canonical\" href=\"https:\/\/wp.kristdemokraterna.se\/mjolby\/om-oss\/stadgar\/\" \/>\n<meta property=\"og:locale\" content=\"sv_SE\" \/>\n<meta property=\"og:type\" content=\"article\" \/>\n<meta property=\"og:title\" content=\"V\u00e5ra stadgar - Mj\u00f6lby\" \/>\n<meta property=\"og:description\" content=\"Stadgar \u00e4r beteckningen p\u00e5 de interna regler som g\u00e4ller f\u00f6r en f\u00f6rening eller en organisation. Stadgarna har framf\u00f6r allt betydelse f\u00f6r det praktiska arbetet i organisationen och f\u00f6r att ge riktlinjer f\u00f6r verksamheten. Kristdemokraternas stadgar antogs av Kristdemokraternas h\u00f6gsta beslutande organ, rikstinget, \u00e5r 2015 och 2017 och blev sedan reviderade p\u00e5 rikstinget, \u00e5r 2019. &gt;\u00a0stadgar_kristdemokraterna_2019\u00a0(pdf)\" \/>\n<meta property=\"og:url\" content=\"https:\/\/wp.kristdemokraterna.se\/mjolby\/om-oss\/stadgar\/\" \/>\n<meta property=\"og:site_name\" content=\"Mj\u00f6lby\" \/>\n<meta property=\"article:modified_time\" content=\"2020-07-09T15:51:25+00:00\" \/>\n<meta name=\"twitter:card\" content=\"summary_large_image\" \/>\n<script type=\"application\/ld+json\" class=\"yoast-schema-graph\">{\"@context\":\"https:\\\/\\\/schema.org\",\"@graph\":[{\"@type\":\"WebPage\",\"@id\":\"https:\\\/\\\/wp.kristdemokraterna.se\\\/mjolby\\\/om-oss\\\/stadgar\\\/\",\"url\":\"https:\\\/\\\/wp.kristdemokraterna.se\\\/mjolby\\\/om-oss\\\/stadgar\\\/\",\"name\":\"V\u00e5ra stadgar - Mj\u00f6lby\",\"isPartOf\":{\"@id\":\"https:\\\/\\\/wp.kristdemokraterna.se\\\/mjolby\\\/#website\"},\"datePublished\":\"2020-07-09T15:30:59+00:00\",\"dateModified\":\"2020-07-09T15:51:25+00:00\",\"breadcrumb\":{\"@id\":\"https:\\\/\\\/wp.kristdemokraterna.se\\\/mjolby\\\/om-oss\\\/stadgar\\\/#breadcrumb\"},\"inLanguage\":\"sv-SE\",\"potentialAction\":[{\"@type\":\"ReadAction\",\"target\":[\"https:\\\/\\\/wp.kristdemokraterna.se\\\/mjolby\\\/om-oss\\\/stadgar\\\/\"]}]},{\"@type\":\"BreadcrumbList\",\"@id\":\"https:\\\/\\\/wp.kristdemokraterna.se\\\/mjolby\\\/om-oss\\\/stadgar\\\/#breadcrumb\",\"itemListElement\":[{\"@type\":\"ListItem\",\"position\":1,\"name\":\"Hem\",\"item\":\"https:\\\/\\\/wp.kristdemokraterna.se\\\/mjolby\\\/\"},{\"@type\":\"ListItem\",\"position\":2,\"name\":\"V\u00e5r Partiavdelning\",\"item\":\"https:\\\/\\\/wp.kristdemokraterna.se\\\/mjolby\\\/om-oss\\\/\"},{\"@type\":\"ListItem\",\"position\":3,\"name\":\"V\u00e5ra stadgar\"}]},{\"@type\":\"WebSite\",\"@id\":\"https:\\\/\\\/wp.kristdemokraterna.se\\\/mjolby\\\/#website\",\"url\":\"https:\\\/\\\/wp.kristdemokraterna.se\\\/mjolby\\\/\",\"name\":\"Mj\u00f6lby\",\"description\":\"Kristdemokraterna\",\"inLanguage\":\"sv-SE\"}]}<\/script>\n<!-- \/ Yoast SEO plugin. -->","yoast_head_json":{"title":"V\u00e5ra stadgar - Mj\u00f6lby","robots":{"index":"index","follow":"follow","max-snippet":"max-snippet:-1","max-image-preview":"max-image-preview:large","max-video-preview":"max-video-preview:-1"},"canonical":"https:\/\/wp.kristdemokraterna.se\/mjolby\/om-oss\/stadgar\/","og_locale":"sv_SE","og_type":"article","og_title":"V\u00e5ra stadgar - Mj\u00f6lby","og_description":"Stadgar \u00e4r beteckningen p\u00e5 de interna regler som g\u00e4ller f\u00f6r en f\u00f6rening eller en organisation. Stadgarna har framf\u00f6r allt betydelse f\u00f6r det praktiska arbetet i organisationen och f\u00f6r att ge riktlinjer f\u00f6r verksamheten. Kristdemokraternas stadgar antogs av Kristdemokraternas h\u00f6gsta beslutande organ, rikstinget, \u00e5r 2015 och 2017 och blev sedan reviderade p\u00e5 rikstinget, \u00e5r 2019. &gt;\u00a0stadgar_kristdemokraterna_2019\u00a0(pdf)","og_url":"https:\/\/wp.kristdemokraterna.se\/mjolby\/om-oss\/stadgar\/","og_site_name":"Mj\u00f6lby","article_modified_time":"2020-07-09T15:51:25+00:00","twitter_card":"summary_large_image","schema":{"@context":"https:\/\/schema.org","@graph":[{"@type":"WebPage","@id":"https:\/\/wp.kristdemokraterna.se\/mjolby\/om-oss\/stadgar\/","url":"https:\/\/wp.kristdemokraterna.se\/mjolby\/om-oss\/stadgar\/","name":"V\u00e5ra stadgar - Mj\u00f6lby","isPartOf":{"@id":"https:\/\/wp.kristdemokraterna.se\/mjolby\/#website"},"datePublished":"2020-07-09T15:30:59+00:00","dateModified":"2020-07-09T15:51:25+00:00","breadcrumb":{"@id":"https:\/\/wp.kristdemokraterna.se\/mjolby\/om-oss\/stadgar\/#breadcrumb"},"inLanguage":"sv-SE","potentialAction":[{"@type":"ReadAction","target":["https:\/\/wp.kristdemokraterna.se\/mjolby\/om-oss\/stadgar\/"]}]},{"@type":"BreadcrumbList","@id":"https:\/\/wp.kristdemokraterna.se\/mjolby\/om-oss\/stadgar\/#breadcrumb","itemListElement":[{"@type":"ListItem","position":1,"name":"Hem","item":"https:\/\/wp.kristdemokraterna.se\/mjolby\/"},{"@type":"ListItem","position":2,"name":"V\u00e5r Partiavdelning","item":"https:\/\/wp.kristdemokraterna.se\/mjolby\/om-oss\/"},{"@type":"ListItem","position":3,"name":"V\u00e5ra stadgar"}]},{"@type":"WebSite","@id":"https:\/\/wp.kristdemokraterna.se\/mjolby\/#website","url":"https:\/\/wp.kristdemokraterna.se\/mjolby\/","name":"Mj\u00f6lby","description":"Kristdemokraterna","inLanguage":"sv-SE"}]}},"_links":{"self":[{"href":"https:\/\/wp.kristdemokraterna.se\/mjolby\/wp-json\/wp\/v2\/pages\/1494","targetHints":{"allow":["GET"]}}],"collection":[{"href":"https:\/\/wp.kristdemokraterna.se\/mjolby\/wp-json\/wp\/v2\/pages"}],"about":[{"href":"https:\/\/wp.kristdemokraterna.se\/mjolby\/wp-json\/wp\/v2\/types\/page"}],"author":[{"embeddable":true,"href":"https:\/\/wp.kristdemokraterna.se\/mjolby\/wp-json\/wp\/v2\/users\/433"}],"replies":[{"embeddable":true,"href":"https:\/\/wp.kristdemokraterna.se\/mjolby\/wp-json\/wp\/v2\/comments?post=1494"}],"version-history":[{"count":6,"href":"https:\/\/wp.kristdemokraterna.se\/mjolby\/wp-json\/wp\/v2\/pages\/1494\/revisions"}],"predecessor-version":[{"id":1768,"href":"https:\/\/wp.kristdemokraterna.se\/mjolby\/wp-json\/wp\/v2\/pages\/1494\/revisions\/1768"}],"up":[{"embeddable":true,"href":"https:\/\/wp.kristdemokraterna.se\/mjolby\/wp-json\/wp\/v2\/pages\/1485"}],"wp:attachment":[{"href":"https:\/\/wp.kristdemokraterna.se\/mjolby\/wp-json\/wp\/v2\/media?parent=1494"}],"curies":[{"name":"wp","href":"https:\/\/api.w.org\/{rel}","templated":true}]}}