{"id":1501,"date":"2018-07-19T15:13:09","date_gmt":"2018-07-19T13:13:09","guid":{"rendered":"http:\/\/wp.kristdemokraterna.se\/mjolby\/?page_id=1501"},"modified":"2022-10-01T22:40:49","modified_gmt":"2022-10-01T20:40:49","slug":"kontaktaoss","status":"publish","type":"page","link":"https:\/\/wp.kristdemokraterna.se\/mjolby\/om-oss\/kontaktaoss\/","title":{"rendered":"Kontakta oss"},"content":{"rendered":"<p><strong>Postadress<\/strong> (<em>Ordf\u00f6rande<\/em>)<strong>:<\/strong><br \/>\nKristdemokraterna Mj\u00f6lby<br \/>\n<em>c\/o Magnus Sj\u00f6berg<\/em><br \/>\nRosenlundsstigen 4A<br \/>\n596 34 Sk\u00e4nninge<\/p>\n<p><strong>Tel<span style=\"color: #000000\">:\u00a0<\/span><\/strong><span style=\"color: #000000\">070-366 75 59<\/span><span style=\"color: #000000\">\u00a0(<em>mobil<\/em>)<\/span><br \/>\n<strong>E-post:<\/strong>\u00a0mjolby@kristdemokraterna.se<br \/>\n<span style=\"color: #000000\"><strong><br \/>\n<span style=\"color: #000000\">Sociala medier<\/span><br \/>\n<\/strong><a href=\"https:\/\/www.facebook.com\/kdmjolby\" target=\"_blank\" rel=\"noopener noreferrer\">facebook<\/a><br \/>\n<a href=\"https:\/\/www.instagram.com\/kdmjolby\/\" target=\"_blank\" rel=\"noopener\">instagram<\/a><\/span><\/p>\n<p><b>Webb<\/b><br \/>\n<i>https:\/\/mjolby.kristdemokraterna.se<\/i><\/p>\n<p><strong>Bankgiro:<\/strong> 250-4280 \u00a0 (<em><span style=\"color: #ff0000\"><strong>OBS!<\/strong><\/span>\u00a0ej f\u00f6r medlemsavgift<\/em>)<br \/>\n<strong>Betalningsmottagare:<\/strong> <em>Kristdemokraterna Mj\u00f6lby<\/em><\/p>\n<p><strong>Org. nr:<\/strong> 823000-6622<\/p>\n<hr \/>\n<p style=\"padding-left: 40px\"><strong>Medlemsavgiften<\/strong><em><strong><br \/>\n<\/strong><\/em>Bankgiro:\u00a0<em>414-9274<br \/>\nBetalningsmottagare: Kristdemokraterna<br \/>\n<strong>OBS!<\/strong>\u00a0ange \u00e4ven ditt personliga OCR-nummer \u201dreferens\u201d<\/em><\/p>\n<p style=\"padding-left: 40px\">Swish: 123 069 84 98<br \/>\n<em><strong>OBS!<\/strong>\u00a0ange \u00e4ven ditt personliga OCR-nummer \u201dreferens\u201d i meddelande<\/em><\/p>\n<p style=\"padding-left: 40px\"><em>\u2013 fr\u00e5gor om ditt medlemskap, OCR-nummer eller avgiften,\u00a0e-posta:\u00a0<\/em>medlem@kristdemokraterna.se<\/p>\n<hr \/>\n<p style=\"text-align: center\">&gt; <a href=\"https:\/\/wp.kristdemokraterna.se\/mjolby\/om-oss\/fortroendevalda-2022-2026\/\">V\u00e5ra politiker<\/a> &gt; <em><span style=\"color: #999999\">L\u00e4nk<\/span><\/em><\/p>\n<hr \/>\n<p><b>Ordf\u00f6rande<\/b><strong><br \/>\n<\/strong><img loading=\"lazy\" decoding=\"async\" class=\"alignnone size-full wp-image-1810\" src=\"http:\/\/wp.kristdemokraterna.se\/mjolby\/files\/2021\/02\/149692501_1163960940725175_6383460771570634810_n.jpg\" alt=\"\" width=\"300\" height=\"250\" srcset=\"https:\/\/wp.kristdemokraterna.se\/mjolby\/files\/2021\/02\/149692501_1163960940725175_6383460771570634810_n.jpg 300w, https:\/\/wp.kristdemokraterna.se\/mjolby\/files\/2021\/02\/149692501_1163960940725175_6383460771570634810_n-240x200.jpg 240w, https:\/\/wp.kristdemokraterna.se\/mjolby\/files\/2021\/02\/149692501_1163960940725175_6383460771570634810_n-280x233.jpg 280w, https:\/\/wp.kristdemokraterna.se\/mjolby\/files\/2021\/02\/149692501_1163960940725175_6383460771570634810_n-200x167.jpg 200w, https:\/\/wp.kristdemokraterna.se\/mjolby\/files\/2021\/02\/149692501_1163960940725175_6383460771570634810_n-67x56.jpg 67w\" sizes=\"auto, (max-width: 300px) 100vw, 300px\" \/><br \/>\nMagnus Sj\u00f6berg (&gt;&gt;)<br \/>\nTel: 070-366 75 59 (mobil)<br \/>\nmagnus.sjoberg@kristdemokraterna.se<\/p>\n<p><strong>Gruppledare<br \/>\n<\/strong><img loading=\"lazy\" decoding=\"async\" class=\"alignnone wp-image-1581\" src=\"http:\/\/wp.kristdemokraterna.se\/mjolby\/files\/2018\/07\/kd_birgerhagstrom.jpg\" alt=\"\" width=\"233\" height=\"233\" srcset=\"https:\/\/wp.kristdemokraterna.se\/mjolby\/files\/2018\/07\/kd_birgerhagstrom.jpg 2362w, https:\/\/wp.kristdemokraterna.se\/mjolby\/files\/2018\/07\/kd_birgerhagstrom-150x150.jpg 150w, https:\/\/wp.kristdemokraterna.se\/mjolby\/files\/2018\/07\/kd_birgerhagstrom-300x300.jpg 300w, https:\/\/wp.kristdemokraterna.se\/mjolby\/files\/2018\/07\/kd_birgerhagstrom-768x768.jpg 768w, https:\/\/wp.kristdemokraterna.se\/mjolby\/files\/2018\/07\/kd_birgerhagstrom-540x540.jpg 540w, https:\/\/wp.kristdemokraterna.se\/mjolby\/files\/2018\/07\/kd_birgerhagstrom-200x200.jpg 200w, https:\/\/wp.kristdemokraterna.se\/mjolby\/files\/2018\/07\/kd_birgerhagstrom-370x370.jpg 370w, https:\/\/wp.kristdemokraterna.se\/mjolby\/files\/2018\/07\/kd_birgerhagstrom-90x90.jpg 90w, https:\/\/wp.kristdemokraterna.se\/mjolby\/files\/2018\/07\/kd_birgerhagstrom-770x770.jpg 770w, https:\/\/wp.kristdemokraterna.se\/mjolby\/files\/2018\/07\/kd_birgerhagstrom-450x450.jpg 450w, https:\/\/wp.kristdemokraterna.se\/mjolby\/files\/2018\/07\/kd_birgerhagstrom-280x280.jpg 280w, https:\/\/wp.kristdemokraterna.se\/mjolby\/files\/2018\/07\/kd_birgerhagstrom-340x340.jpg 340w, https:\/\/wp.kristdemokraterna.se\/mjolby\/files\/2018\/07\/kd_birgerhagstrom-56x56.jpg 56w\" sizes=\"auto, (max-width: 233px) 100vw, 233px\" \/><br \/>\nBirger Hagstr\u00f6m (<a href=\"https:\/\/kristdemokraterna.se\/om-oss\/foretradare\/?pid=534\" target=\"_blank\" rel=\"noopener noreferrer\">&gt;&gt;<\/a>)<br \/>\nTel: 0768-969 328 (mobil)<br \/>\nbirger.hagstrom@kristdemokraterna.se<\/p>\n<hr \/>\n<p><strong>\u00d6VRIGA<\/strong><br \/>\n<strong>Partiregion Sydost\u00a0<\/strong><em>(\u00d6sterg\u00f6tlands, J\u00f6nk\u00f6pings, Kalmar l\u00e4n)<\/em><strong><br \/>\n<\/strong><img loading=\"lazy\" decoding=\"async\" class=\"alignnone wp-image-3793 size-thumbnail\" src=\"http:\/\/wp.kristdemokraterna.se\/soderkoping\/files\/2020\/02\/evenils-e1582914432343.jpg\" alt=\"\" width=\"150\" height=\"150\" \/><br \/>\nEvelina Nilsson, organisationsutvecklare<br \/>\nTel. <a href=\"tel:08-723 25 74\">08-723 25 74<\/a> (arbete), <a href=\"tel:0765-27 25 74\">0765-27 25 74<\/a> (mobil)<br \/>\nevelina.nilsson@kristdemokraterna.se<\/p>\n<p><strong>Partidistrikt \u00d6sterg\u00f6tland<\/strong>\u00a0(<a href=\"https:\/\/wp.kristdemokraterna.se\/e\/\" target=\"_blank\" rel=\"noopener noreferrer\">&gt;&gt;<\/a>)<br \/>\nTel. 0703-18 33 88 (mobil)<br \/>\nostergotland@kristdemokraterna.se<\/p>\n<p>Elvira Wibeck, ombudsman<br \/>\nTel. 0725-39 61 13 (mobil)<br \/>\nelvira.wibeck@kristdemokraterna.se<\/p>\n<p><strong>Region \u00d6sterg\u00f6tland<\/strong>\u00a0(<a href=\"https:\/\/wp.kristdemokraterna.se\/regionostergotland\/\" target=\"_blank\" rel=\"noopener noreferrer\">&gt;&gt;<\/a>)<br \/>\nTel. 010-103 00 00 (v\u00e4xeln)<br \/>\nregionostergotland@kristdemokraterna.se<\/p>\n<p>Per Larsson, gruppledare\/oppositionsr\u00e5d<br \/>\ntfn 010-103 72 84 (arbete)<br \/>\ntfn 0702-88 21 34 (mobil)<br \/>\nper.larsson@kristdemokraterna.se<\/p>\n<p>Fredrik Toppplund, politisk sekreterare<br \/>\ntfn 010-103 62 61 (arbete)<br \/>\ntfn 0703-38 52 70 (mobil)<br \/>\nfredrik.topplund@kristdemokraterna.se<\/p>\n","protected":false},"excerpt":{"rendered":"<p>Postadress (Ordf\u00f6rande): Kristdemokraterna Mj\u00f6lby c\/o Magnus Sj\u00f6berg Rosenlundsstigen 4A 596 34 Sk\u00e4nninge Tel:\u00a0070-366 75 59\u00a0(mobil) E-post:\u00a0mjolby@kristdemokraterna.se Sociala medier facebook instagram Webb https:\/\/mjolby.kristdemokraterna.se Bankgiro: 250-4280 \u00a0 (OBS!\u00a0ej f\u00f6r medlemsavgift) Betalningsmottagare: Kristdemokraterna Mj\u00f6lby Org. nr: 823000-6622 Medlemsavgiften Bankgiro:\u00a0414-9274 Betalningsmottagare: Kristdemokraterna OBS!\u00a0ange \u00e4ven ditt personliga OCR-nummer \u201dreferens\u201d Swish: 123 069 84 98 OBS!\u00a0ange \u00e4ven ditt personliga OCR-nummer \u201dreferens\u201d <a class=\"read-more-link\" href=\"https:\/\/wp.kristdemokraterna.se\/mjolby\/om-oss\/kontaktaoss\/\">Read More<\/a><\/p>\n","protected":false},"author":433,"featured_media":0,"parent":1485,"menu_order":4,"comment_status":"closed","ping_status":"closed","template":"","meta":{"_acf_changed":false,"footnotes":""},"class_list":["post-1501","page","type-page","status-publish","hentry"],"acf":[],"yoast_head":"<!-- This site is optimized with the Yoast SEO plugin v27.3 - https:\/\/yoast.com\/product\/yoast-seo-wordpress\/ -->\n<title>Kontakta oss - Mj\u00f6lby<\/title>\n<meta name=\"robots\" content=\"index, follow, max-snippet:-1, max-image-preview:large, max-video-preview:-1\" \/>\n<link rel=\"canonical\" href=\"https:\/\/wp.kristdemokraterna.se\/mjolby\/om-oss\/kontaktaoss\/\" \/>\n<meta property=\"og:locale\" content=\"sv_SE\" \/>\n<meta property=\"og:type\" content=\"article\" \/>\n<meta property=\"og:title\" content=\"Kontakta oss - Mj\u00f6lby\" \/>\n<meta property=\"og:description\" content=\"Postadress (Ordf\u00f6rande): Kristdemokraterna Mj\u00f6lby c\/o Magnus Sj\u00f6berg Rosenlundsstigen 4A 596 34 Sk\u00e4nninge Tel:\u00a0070-366 75 59\u00a0(mobil) E-post:\u00a0mjolby@kristdemokraterna.se Sociala medier facebook instagram Webb https:\/\/mjolby.kristdemokraterna.se Bankgiro: 250-4280 \u00a0 (OBS!\u00a0ej f\u00f6r medlemsavgift) Betalningsmottagare: Kristdemokraterna Mj\u00f6lby Org. nr: 823000-6622 Medlemsavgiften Bankgiro:\u00a0414-9274 Betalningsmottagare: Kristdemokraterna OBS!\u00a0ange \u00e4ven ditt personliga OCR-nummer \u201dreferens\u201d Swish: 123 069 84 98 OBS!\u00a0ange \u00e4ven ditt personliga OCR-nummer \u201dreferens\u201d Read More\" \/>\n<meta property=\"og:url\" content=\"https:\/\/wp.kristdemokraterna.se\/mjolby\/om-oss\/kontaktaoss\/\" \/>\n<meta property=\"og:site_name\" content=\"Mj\u00f6lby\" \/>\n<meta property=\"article:modified_time\" content=\"2022-10-01T20:40:49+00:00\" \/>\n<meta property=\"og:image\" content=\"http:\/\/wp.kristdemokraterna.se\/mjolby\/files\/2021\/02\/149692501_1163960940725175_6383460771570634810_n.jpg\" \/>\n<meta name=\"twitter:card\" content=\"summary_large_image\" \/>\n<meta name=\"twitter:label1\" content=\"Ber\u00e4knad l\u00e4stid\" \/>\n\t<meta name=\"twitter:data1\" content=\"2 minuter\" \/>\n<script type=\"application\/ld+json\" class=\"yoast-schema-graph\">{\"@context\":\"https:\\\/\\\/schema.org\",\"@graph\":[{\"@type\":\"WebPage\",\"@id\":\"https:\\\/\\\/wp.kristdemokraterna.se\\\/mjolby\\\/om-oss\\\/kontaktaoss\\\/\",\"url\":\"https:\\\/\\\/wp.kristdemokraterna.se\\\/mjolby\\\/om-oss\\\/kontaktaoss\\\/\",\"name\":\"Kontakta oss - Mj\u00f6lby\",\"isPartOf\":{\"@id\":\"https:\\\/\\\/wp.kristdemokraterna.se\\\/mjolby\\\/#website\"},\"primaryImageOfPage\":{\"@id\":\"https:\\\/\\\/wp.kristdemokraterna.se\\\/mjolby\\\/om-oss\\\/kontaktaoss\\\/#primaryimage\"},\"image\":{\"@id\":\"https:\\\/\\\/wp.kristdemokraterna.se\\\/mjolby\\\/om-oss\\\/kontaktaoss\\\/#primaryimage\"},\"thumbnailUrl\":\"http:\\\/\\\/wp.kristdemokraterna.se\\\/mjolby\\\/files\\\/2021\\\/02\\\/149692501_1163960940725175_6383460771570634810_n.jpg\",\"datePublished\":\"2018-07-19T13:13:09+00:00\",\"dateModified\":\"2022-10-01T20:40:49+00:00\",\"breadcrumb\":{\"@id\":\"https:\\\/\\\/wp.kristdemokraterna.se\\\/mjolby\\\/om-oss\\\/kontaktaoss\\\/#breadcrumb\"},\"inLanguage\":\"sv-SE\",\"potentialAction\":[{\"@type\":\"ReadAction\",\"target\":[\"https:\\\/\\\/wp.kristdemokraterna.se\\\/mjolby\\\/om-oss\\\/kontaktaoss\\\/\"]}]},{\"@type\":\"ImageObject\",\"inLanguage\":\"sv-SE\",\"@id\":\"https:\\\/\\\/wp.kristdemokraterna.se\\\/mjolby\\\/om-oss\\\/kontaktaoss\\\/#primaryimage\",\"url\":\"https:\\\/\\\/wp.kristdemokraterna.se\\\/mjolby\\\/files\\\/2021\\\/02\\\/149692501_1163960940725175_6383460771570634810_n.jpg\",\"contentUrl\":\"https:\\\/\\\/wp.kristdemokraterna.se\\\/mjolby\\\/files\\\/2021\\\/02\\\/149692501_1163960940725175_6383460771570634810_n.jpg\",\"width\":300,\"height\":250},{\"@type\":\"BreadcrumbList\",\"@id\":\"https:\\\/\\\/wp.kristdemokraterna.se\\\/mjolby\\\/om-oss\\\/kontaktaoss\\\/#breadcrumb\",\"itemListElement\":[{\"@type\":\"ListItem\",\"position\":1,\"name\":\"Hem\",\"item\":\"https:\\\/\\\/wp.kristdemokraterna.se\\\/mjolby\\\/\"},{\"@type\":\"ListItem\",\"position\":2,\"name\":\"V\u00e5r Partiavdelning\",\"item\":\"https:\\\/\\\/wp.kristdemokraterna.se\\\/mjolby\\\/om-oss\\\/\"},{\"@type\":\"ListItem\",\"position\":3,\"name\":\"Kontakta oss\"}]},{\"@type\":\"WebSite\",\"@id\":\"https:\\\/\\\/wp.kristdemokraterna.se\\\/mjolby\\\/#website\",\"url\":\"https:\\\/\\\/wp.kristdemokraterna.se\\\/mjolby\\\/\",\"name\":\"Mj\u00f6lby\",\"description\":\"Kristdemokraterna\",\"inLanguage\":\"sv-SE\"}]}<\/script>\n<!-- \/ Yoast SEO plugin. -->","yoast_head_json":{"title":"Kontakta oss - Mj\u00f6lby","robots":{"index":"index","follow":"follow","max-snippet":"max-snippet:-1","max-image-preview":"max-image-preview:large","max-video-preview":"max-video-preview:-1"},"canonical":"https:\/\/wp.kristdemokraterna.se\/mjolby\/om-oss\/kontaktaoss\/","og_locale":"sv_SE","og_type":"article","og_title":"Kontakta oss - Mj\u00f6lby","og_description":"Postadress (Ordf\u00f6rande): Kristdemokraterna Mj\u00f6lby c\/o Magnus Sj\u00f6berg Rosenlundsstigen 4A 596 34 Sk\u00e4nninge Tel:\u00a0070-366 75 59\u00a0(mobil) E-post:\u00a0mjolby@kristdemokraterna.se Sociala medier facebook instagram Webb https:\/\/mjolby.kristdemokraterna.se Bankgiro: 250-4280 \u00a0 (OBS!\u00a0ej f\u00f6r medlemsavgift) Betalningsmottagare: Kristdemokraterna Mj\u00f6lby Org. nr: 823000-6622 Medlemsavgiften Bankgiro:\u00a0414-9274 Betalningsmottagare: Kristdemokraterna OBS!\u00a0ange \u00e4ven ditt personliga OCR-nummer \u201dreferens\u201d Swish: 123 069 84 98 OBS!\u00a0ange \u00e4ven ditt personliga OCR-nummer \u201dreferens\u201d Read More","og_url":"https:\/\/wp.kristdemokraterna.se\/mjolby\/om-oss\/kontaktaoss\/","og_site_name":"Mj\u00f6lby","article_modified_time":"2022-10-01T20:40:49+00:00","og_image":[{"url":"http:\/\/wp.kristdemokraterna.se\/mjolby\/files\/2021\/02\/149692501_1163960940725175_6383460771570634810_n.jpg","type":"","width":"","height":""}],"twitter_card":"summary_large_image","twitter_misc":{"Ber\u00e4knad l\u00e4stid":"2 minuter"},"schema":{"@context":"https:\/\/schema.org","@graph":[{"@type":"WebPage","@id":"https:\/\/wp.kristdemokraterna.se\/mjolby\/om-oss\/kontaktaoss\/","url":"https:\/\/wp.kristdemokraterna.se\/mjolby\/om-oss\/kontaktaoss\/","name":"Kontakta oss - Mj\u00f6lby","isPartOf":{"@id":"https:\/\/wp.kristdemokraterna.se\/mjolby\/#website"},"primaryImageOfPage":{"@id":"https:\/\/wp.kristdemokraterna.se\/mjolby\/om-oss\/kontaktaoss\/#primaryimage"},"image":{"@id":"https:\/\/wp.kristdemokraterna.se\/mjolby\/om-oss\/kontaktaoss\/#primaryimage"},"thumbnailUrl":"http:\/\/wp.kristdemokraterna.se\/mjolby\/files\/2021\/02\/149692501_1163960940725175_6383460771570634810_n.jpg","datePublished":"2018-07-19T13:13:09+00:00","dateModified":"2022-10-01T20:40:49+00:00","breadcrumb":{"@id":"https:\/\/wp.kristdemokraterna.se\/mjolby\/om-oss\/kontaktaoss\/#breadcrumb"},"inLanguage":"sv-SE","potentialAction":[{"@type":"ReadAction","target":["https:\/\/wp.kristdemokraterna.se\/mjolby\/om-oss\/kontaktaoss\/"]}]},{"@type":"ImageObject","inLanguage":"sv-SE","@id":"https:\/\/wp.kristdemokraterna.se\/mjolby\/om-oss\/kontaktaoss\/#primaryimage","url":"https:\/\/wp.kristdemokraterna.se\/mjolby\/files\/2021\/02\/149692501_1163960940725175_6383460771570634810_n.jpg","contentUrl":"https:\/\/wp.kristdemokraterna.se\/mjolby\/files\/2021\/02\/149692501_1163960940725175_6383460771570634810_n.jpg","width":300,"height":250},{"@type":"BreadcrumbList","@id":"https:\/\/wp.kristdemokraterna.se\/mjolby\/om-oss\/kontaktaoss\/#breadcrumb","itemListElement":[{"@type":"ListItem","position":1,"name":"Hem","item":"https:\/\/wp.kristdemokraterna.se\/mjolby\/"},{"@type":"ListItem","position":2,"name":"V\u00e5r Partiavdelning","item":"https:\/\/wp.kristdemokraterna.se\/mjolby\/om-oss\/"},{"@type":"ListItem","position":3,"name":"Kontakta oss"}]},{"@type":"WebSite","@id":"https:\/\/wp.kristdemokraterna.se\/mjolby\/#website","url":"https:\/\/wp.kristdemokraterna.se\/mjolby\/","name":"Mj\u00f6lby","description":"Kristdemokraterna","inLanguage":"sv-SE"}]}},"_links":{"self":[{"href":"https:\/\/wp.kristdemokraterna.se\/mjolby\/wp-json\/wp\/v2\/pages\/1501","targetHints":{"allow":["GET"]}}],"collection":[{"href":"https:\/\/wp.kristdemokraterna.se\/mjolby\/wp-json\/wp\/v2\/pages"}],"about":[{"href":"https:\/\/wp.kristdemokraterna.se\/mjolby\/wp-json\/wp\/v2\/types\/page"}],"author":[{"embeddable":true,"href":"https:\/\/wp.kristdemokraterna.se\/mjolby\/wp-json\/wp\/v2\/users\/433"}],"replies":[{"embeddable":true,"href":"https:\/\/wp.kristdemokraterna.se\/mjolby\/wp-json\/wp\/v2\/comments?post=1501"}],"version-history":[{"count":29,"href":"https:\/\/wp.kristdemokraterna.se\/mjolby\/wp-json\/wp\/v2\/pages\/1501\/revisions"}],"predecessor-version":[{"id":1848,"href":"https:\/\/wp.kristdemokraterna.se\/mjolby\/wp-json\/wp\/v2\/pages\/1501\/revisions\/1848"}],"up":[{"embeddable":true,"href":"https:\/\/wp.kristdemokraterna.se\/mjolby\/wp-json\/wp\/v2\/pages\/1485"}],"wp:attachment":[{"href":"https:\/\/wp.kristdemokraterna.se\/mjolby\/wp-json\/wp\/v2\/media?parent=1501"}],"curies":[{"name":"wp","href":"https:\/\/api.w.org\/{rel}","templated":true}]}}